{"id":446,"date":"2016-06-21T20:49:19","date_gmt":"2016-06-21T20:49:19","guid":{"rendered":"http:\/\/moverdb.com\/?page_id=446"},"modified":"2026-01-08T15:20:34","modified_gmt":"2026-01-08T15:20:34","slug":"rios","status":"publish","type":"page","link":"https:\/\/moverdb.com\/pl\/rios\/","title":{"rendered":"System Rzecznika Praw Obywatelskich Bran\u017cy Przeprowadzkowej (RIOS) - obja\u015bnienia"},"content":{"rendered":"<p>System Rzecznika Praw Obywatelskich Bran\u017cy Przeprowadzkowej (Removal Industry Ombudsman Scheme, RIOS) rozpatruje skargi dotycz\u0105ce firm z bran\u017cy przeprowadzkowej. Oferuje niezale\u017cne us\u0142ugi w zakresie rozwi\u0105zywania spor\u00f3w mi\u0119dzy firmami cz\u0142onkowskimi a ich klientami.<\/p>\n<p><strong>Najwa\u017cniejsze fakty dotycz\u0105ce systemu RIOS:<\/strong><\/p>\n<ul>\n<li>  Wszystkie skargi rozpatrywane w ramach RIOS s\u0105 bezp\u0142atne.<\/li>\n<li>  RIOS jest dost\u0119pny dla <a href=\"https:\/\/moverdb.com\/pl\/moving-to-the-uk\/\" data-internallinksmanager029f6b8e52c=\"93\" title=\"Przeprowadzasz si\u0119 do Wielkiej Brytanii? 2026 Koszty \u017cycia i wskaz\u00f3wki dotycz\u0105ce przeprowadzki\">UK<\/a> mieszka\u0144cy.<\/li>\n<li>  Obywatele Wielkiej Brytanii mog\u0105 skorzysta\u0107 z bezp\u0142atnej us\u0142ugi, aby z\u0142o\u017cy\u0107 skarg\u0119 dotycz\u0105c\u0105 bie\u017c\u0105cych problem\u00f3w z firmami zajmuj\u0105cymi si\u0119 przeprowadzkami i magazynowaniem na terenie kraju lub w celach komercyjnych, kt\u00f3re s\u0105 cz\u0142onkami systemu Rzecznika.<\/li>\n<li>  Ustalenia Rzecznika s\u0105 wi\u0105\u017c\u0105ce dla <a href=\"https:\/\/moverdb.com\/pl\/przeprowadzki-miedzynarodowe\/\" target=\"_blank\" rel=\"noopener\">przedsi\u0119biorstwo przeprowadzkowe<\/a>ale nie na konsumenta.<\/li>\n<li>  Obecnym rzecznikiem jest Tony Kaye, kt\u00f3ry zosta\u0142 mianowany w czerwcu 2015 roku. Jest on niezale\u017cny od <a href=\"https:\/\/moverdb.com\/pl\/international-removals\/\" data-internallinksmanager029f6b8e52c=\"27\" title=\"36 najlepszych firm zajmuj\u0105cych si\u0119 przeprowadzkami mi\u0119dzynarodowymi w Wielkiej Brytanii\">przedsi\u0119biorstwo przeprowadzkowe<\/a> lub organizacji.<\/li>\n<li> Strona <a href=\"https:\/\/moverdb.com\/pl\/ngrs\/\">Krajowy Cech Przedsi\u0119biorc\u00f3w Przeprowadzkowych i Magazynier\u00f3w<\/a> jest obecnie g\u0142\u00f3wnym cz\u0142onkiem.<\/li>\n<\/ul>\n<p><strong>Profil Systemu Rzecznika Praw Obywatelskich Bran\u017cy Przeprowadzkowej:<\/strong><\/p>\n<p>System RIOS umo\u017cliwia rozstrzyganie spor\u00f3w w bran\u017cy przez niezale\u017cny organ. Spory te mog\u0105 dotyczy\u0107 zar\u00f3wno konsument\u00f3w domowych, jak i organizacji komercyjnych. System dzia\u0142a jako niezale\u017cny organ rozstrzygaj\u0105cy, zajmuj\u0105cy si\u0119 sporami, kt\u00f3rych nie mo\u017cna rozwi\u0105za\u0107 mi\u0119dzy samymi stronami lub za po\u015brednictwem innego organu bran\u017cowego.<\/p>\n<p>Istniej\u0105 stosunkowo \u015bcis\u0142e zasady dotycz\u0105ce rodzaj\u00f3w skarg, kt\u00f3re RIOS mo\u017ce rozpatrywa\u0107, a kt\u00f3rych nie mo\u017ce - na przyk\u0142ad skargi, kt\u00f3re s\u0105 ju\u017c przedmiotem post\u0119powania s\u0105dowego, nie b\u0119d\u0105 rozpatrywane. <\/p>\n<p>Problemy dotycz\u0105ce takich kwestii, jak op\u00f3\u017anienia, niewykonanie obiecanej us\u0142ugi, nadmierne op\u0142aty przekraczaj\u0105ce uzgodnione kwoty lub zarzuty dotycz\u0105ce nieprofesjonalnego zachowania, nale\u017c\u0105 do kompetencji RIOS. <\/p>\n<p>Je\u015bli konsumenci chc\u0105 z\u0142o\u017cy\u0107 skarg\u0119, musz\u0105 j\u0105 najpierw z\u0142o\u017cy\u0107 w danym przedsi\u0119biorstwie - je\u015bli nie uda si\u0119 jej rozwi\u0105za\u0107, mo\u017cna j\u0105 przekaza\u0107 do RIOS.<\/p>\n<p><strong>Kryteria cz\u0142onkostwa:<\/strong><\/p>\n<p>Nie s\u0105 one wymienione na stronie internetowej, ale opisane w umowie, kt\u00f3r\u0105 cz\u0142onkowie programu musz\u0105 podpisa\u0107 i kt\u00f3ra okre\u015bla wszystkie kryteria. Najwa\u017cniejsze jest jednak to, \u017ce cz\u0142onkowie podlegaj\u0105 kodeksowi post\u0119powania przyjaznemu dla klienta, niezale\u017cnym corocznym inspekcjom, sta\u0142emu monitorowaniu jako\u015bci oraz zgadzaj\u0105 si\u0119 przestrzega\u0107 orzecze\u0144 Rzecznika Praw Obywatelskich w sporach z klientem.<\/p>\n<p><strong>Przyk\u0142adowe firmy cz\u0142onkowskie<\/strong><\/p>\n<ul>\n<li> <a href=\"https:\/\/moverdb.com\/pl\/movecorp\/\">Movecorp<\/a><\/li>\n<\/ul>\n<p><strong>Opinie o RIOS:<\/strong><\/p>\n<p>Niezale\u017cno\u015b\u0107 RIOS jest jednym z element\u00f3w, kt\u00f3ry najbardziej rzuca si\u0119 w oczy, gdy pojawia si\u0119 na stronach internetowych cz\u0142onk\u00f3w organizacji. Ci, kt\u00f3rzy o tym wspominaj\u0105, robi\u0105 to, aby zapewni\u0107 klient\u00f3w, \u017ce maj\u0105 mo\u017cliwo\u015b\u0107 z\u0142o\u017cenia skargi, kt\u00f3ra nie musi dotyczy\u0107 wy\u0142\u0105cznie firmy lub bran\u017cy. <\/p>\n<p>Cz\u0142onkostwo w programie RIOS jest wymieniane jako akredytacja i spos\u00f3b na wyr\u00f3\u017cnienie si\u0119 na tle konkurencji. Cz\u0142onkostwo w RIOS jest tak\u017ce wska\u017anikiem, \u017ce przedsi\u0119biorstwo spe\u0142nia wysokie standardy ochrony konsument\u00f3w.<\/p>\n<blockquote><p>System Rzecznika Przeprowadzek zosta\u0142 utworzony, aby zapewni\u0107 bran\u017cy przeprowadzkowej niezale\u017cn\u0105 us\u0142ug\u0119 rozwi\u0105zywania spor\u00f3w mi\u0119dzy firmami cz\u0142onkowskimi a ich klientami, zar\u00f3wno konsumentami domowymi, jak i organizacjami komercyjnymi, je\u015bli post\u0119powanie pojednawcze prowadzone przez National Guild of Removals &amp; Storers nie przynios\u0142o zadowalaj\u0105cego rozstrzygni\u0119cia.\n<\/p><\/blockquote>\n<p>- <a href=\"http:\/\/www.ngrs.co.uk\/ombudsman-scheme\/\" target=\"_blank\" rel=\"noopener\">National Guild of Removers &amp; Storers<\/a><\/p>\n<blockquote><p>W Wielkiej Brytanii nie ma przepis\u00f3w okre\u015blaj\u0105cych, kto mo\u017ce za\u0142o\u017cy\u0107 firm\u0119 przeprowadzkow\u0105. Musisz jednak wiedzie\u0107, \u017ce powierzasz sw\u00f3j dom i cenny dobytek firmie przeprowadzkowej, kt\u00f3ra spe\u0142nia wysokie standardy ochrony konsumenta. Najlepszym tego wska\u017anikiem jest szukanie firmy, kt\u00f3ra jest cz\u0142onkiem The Removals Industry Ombudsman Scheme (RIOS) i tylko GUILD nalega, aby wszyscy jego cz\u0142onkowie przestrzegali zasad Ombudsman Scheme.<\/p><\/blockquote>\n<p>- <a href=\"http:\/\/www.moveit-essex.co.uk\/news\/yjpleijb5i.html\" target=\"_blank\" rel=\"noopener\">Przeprowadzki<\/a> <\/p>\n<blockquote><p>Systemy Ombudsman\u00f3w zosta\u0142y utworzone, aby zapewni\u0107 klientom niezale\u017cn\u0105 i bezstronn\u0105 procedur\u0119 sk\u0142adania skarg. System Ombudsman\u00f3w Bran\u017cy Przeprowadzkowej jest pe\u0142noprawnym cz\u0142onkiem Brytyjskiego i Irlandzkiego Stowarzyszenia Ombudsman\u00f3w, obok dobrze znanych Financial Ombudsman Service, Parliamentary and Health Service Ombudsman i 17 innych system\u00f3w w samej Wielkiej Brytanii.<\/p><\/blockquote>\n<p>- <a href=\"http:\/\/www.uptonsremovals.com\/moving-you\/local-domestic-moves\/\" target=\"_blank\" rel=\"noopener\">Glyn Upton Przeprowadzki<\/a><\/p>\n<p><strong>Strona internetowa:<\/strong> <a href=\"http:\/\/removalsombudsman.co.uk\/\" target=\"_blank\" rel=\"noopener\">http:\/\/removalsombudsman.co.uk\/<\/a><\/p>","protected":false},"excerpt":{"rendered":"<p>The Removal Industry Ombudsman Scheme (RIOS) deals with complaints that are made about removals industry businesses. It offers an independent service to resolve disputes between member companies and their clients. Key facts about RIOS: All complaints investigated through RIOS are done so free of charge. RIOS is available to UK citizens. UK citizens can use [&hellip;]<\/p>\n","protected":false},"author":1,"featured_media":0,"parent":0,"menu_order":0,"comment_status":"closed","ping_status":"closed","template":"","meta":{"_genesis_hide_title":false,"_genesis_hide_breadcrumbs":false,"_genesis_hide_singular_image":false,"_genesis_hide_footer_widgets":false,"_genesis_custom_body_class":"","_genesis_custom_post_class":"","_genesis_layout":"","footnotes":""},"class_list":{"0":"post-446","1":"page","2":"type-page","3":"status-publish","5":"entry"},"_links":{"self":[{"href":"https:\/\/moverdb.com\/pl\/wp-json\/wp\/v2\/pages\/446","targetHints":{"allow":["GET"]}}],"collection":[{"href":"https:\/\/moverdb.com\/pl\/wp-json\/wp\/v2\/pages"}],"about":[{"href":"https:\/\/moverdb.com\/pl\/wp-json\/wp\/v2\/types\/page"}],"author":[{"embeddable":true,"href":"https:\/\/moverdb.com\/pl\/wp-json\/wp\/v2\/users\/1"}],"replies":[{"embeddable":true,"href":"https:\/\/moverdb.com\/pl\/wp-json\/wp\/v2\/comments?post=446"}],"version-history":[{"count":9,"href":"https:\/\/moverdb.com\/pl\/wp-json\/wp\/v2\/pages\/446\/revisions"}],"predecessor-version":[{"id":6231,"href":"https:\/\/moverdb.com\/pl\/wp-json\/wp\/v2\/pages\/446\/revisions\/6231"}],"wp:attachment":[{"href":"https:\/\/moverdb.com\/pl\/wp-json\/wp\/v2\/media?parent=446"}],"curies":[{"name":"wp","href":"https:\/\/api.w.org\/{rel}","templated":true}]}}