{"id":445,"date":"2016-06-21T20:35:30","date_gmt":"2016-06-21T20:35:30","guid":{"rendered":"http:\/\/moverdb.com\/?page_id=445"},"modified":"2026-01-08T14:47:36","modified_gmt":"2026-01-08T14:47:36","slug":"stowarzyszenie-relocation-professionals","status":"publish","type":"page","link":"https:\/\/moverdb.com\/pl\/association-relocation-professionals\/","title":{"rendered":"Stowarzyszenie Profesjonalist\u00f3w w Dziedzinie Relokacji (ARP) - obja\u015bnienia"},"content":{"rendered":"<p>Association of Relocation Professionals (ARP) jest organizacj\u0105 zawodow\u0105 dla bran\u017cy relokacyjnej w <a href=\"https:\/\/moverdb.com\/pl\/moving-to-the-uk\/\" data-internallinksmanager029f6b8e52c=\"93\" title=\"Przeprowadzasz si\u0119 do Wielkiej Brytanii? 2026 Koszty \u017cycia i wskaz\u00f3wki dotycz\u0105ce przeprowadzki\">UK<\/a>. Jego misj\u0105 jest nie tylko reprezentowanie swoich cz\u0142onk\u00f3w, ale tak\u017ce pomoc w ich marketingu i rozwoju.<\/p>\n<p><strong>Najwa\u017cniejsze fakty o ARP:<\/strong><\/p>\n<ul>\n<li>  ARP jest organizacj\u0105 zrzeszaj\u0105c\u0105 specjalist\u00f3w ds. relokacji w Wielkiej Brytanii.<\/li>\n<li>  Stowarzyszenie Profesjonalist\u00f3w ds. Relokacji powsta\u0142o w 1986 roku.<\/li>\n<li>  Cz\u0142onkowie ARP posiadaj\u0105 pe\u0142ne ubezpieczenie od odpowiedzialno\u015bci cywilnej z tytu\u0142u wykonywania zawodu, odpowiedzialno\u015bci cywilnej w \u017cyciu publicznym i odpowiedzialno\u015bci cywilnej pracownik\u00f3w, aby chroni\u0107 klient\u00f3w i us\u0142ugodawc\u00f3w.<\/li>\n<li>  ARP posiada zbi\u00f3r zasad post\u0119powania, kt\u00f3rych cz\u0142onkowie musz\u0105 przestrzega\u0107, w tym zasad dotycz\u0105cych post\u0119powania z pieni\u0119dzmi klient\u00f3w oraz unikania wprowadzania w b\u0142\u0105d.<\/li>\n<li>  Wszyscy Cz\u0142onkowie oferuj\u0105cy us\u0142ugi relokacyjne musz\u0105 wykaza\u0107, \u017ce przyst\u0105pili do Programu Rekompensat Maj\u0105tkowych oraz wpisali si\u0119 do Rejestru Przeciwdzia\u0142ania Praniu Pieni\u0119dzy HMRC, je\u015bli s\u0105 zaanga\u017cowani w zakup nieruchomo\u015bci.<\/li>\n<li>  ARP jest cz\u0142onkiem za\u0142o\u017cycielem i sponsorem European Academy of Relocation Professionals (EARP), pierwszej organizacji oferuj\u0105cej europejskie kwalifikacje szkoleniowe w zakresie relokacji.<\/li>\n<\/ul>\n<p><strong>Profil Stowarzyszenia Profesjonalist\u00f3w ds. Relokacji:<\/strong><\/p>\n<p>ARP jest okre\u015blana jako organizacja zawodowa zrzeszaj\u0105ca firmy zajmuj\u0105ce si\u0119 relokacjami w Wielkiej Brytanii i reprezentuje wielu cz\u0142onk\u00f3w, pocz\u0105wszy od specjalist\u00f3w ds. relokacji korporacyjnych, po firmy zajmuj\u0105ce si\u0119 wyszukiwaniem nieruchomo\u015bci i inne osoby \u015bwiadcz\u0105ce specjalistyczne us\u0142ugi relokacyjne. <\/p>\n<p>ARP prowadzi akredytowane szkolenia dla swoich cz\u0142onk\u00f3w - jako cz\u0119\u015b\u0107 European Academy of Relocation Professionals (EARP) oferuje kwalifikacje Managing International Mobility (MIM) oraz European Relocation Qualification (ERQ). <\/p>\n<p>ARP wydaje katalog cz\u0142onk\u00f3w, kt\u00f3ry jest rozsy\u0142any do 6000 mened\u017cer\u00f3w, dyrektor\u00f3w i kierownik\u00f3w dzia\u0142\u00f3w kadr w Wielkiej Brytanii, a jego celem jest promowanie cz\u0142onk\u00f3w i pomaganie im w lepszym promowaniu siebie. <\/p>\n<p>ARP ma by\u0107 zar\u00f3wno zobowi\u0105zaniem do stosowania najlepszych praktyk, dbania o zadowolenie klienta i profesjonalizm, jak i forum wymiany pomys\u0142\u00f3w, kt\u00f3re pomo\u017ce utrzyma\u0107 bran\u017c\u0119 w ruchu.<\/p>\n<p><strong>Kryteria cz\u0142onkostwa:<\/strong><\/p>\n<p><u>Cz\u0142onkostwo stowarzyszone<\/u><\/p>\n<p>Cz\u0142onkostwo stowarzyszone ARP dotyczy os\u00f3b, kt\u00f3re nie kwalifikuj\u0105 si\u0119 do cz\u0142onkostwa zwyczajnego i jest otwarte dla firm, kt\u00f3rych dzia\u0142alno\u015b\u0107 komercyjna jest zwi\u0105zana z us\u0142ugami relokacyjnymi i kt\u00f3re uzyskuj\u0105 dochody od os\u00f3b prywatnych lub prawnych.<\/p>\n<p>A <a href=\"https:\/\/moverdb.com\/pl\/firmy-przeprowadzkowe\/\">firma przeprowadzkowa<\/a> jest to ka\u017cda organizacja oferuj\u0105ca szereg us\u0142ug maj\u0105cych na celu u\u0142atwienie mobilno\u015bci os\u00f3b indywidualnych lub grup os\u00f3b indywidualnych i ich rodzin.<\/p>\n<p>Us\u0142ugi takie mog\u0105 by\u0107 \u015bwiadczone w strefie odlotu lub przeznaczenia, lub w obu tych strefach. Cz\u0142onkostwo stowarzyszone w ARP ma by\u0107 wst\u0119pem do cz\u0142onkostwa pe\u0142nego i w jego uzyskaniu zostanie udzielona wszelka pomoc.<\/p>\n<p><u>Cz\u0142onkostwo afiliowane<\/u><\/p>\n<p>Dla firm, kt\u00f3re \u015bwiadcz\u0105 us\u0142ugi wykorzystywane przez specjalist\u00f3w ds. relokacji, ale kt\u00f3rych podstawowa dzia\u0142alno\u015b\u0107 obejmuje szersz\u0105 baz\u0119 klient\u00f3w.<\/p>\n<p><u>Pe\u0142ne cz\u0142onkostwo<\/u><\/p>\n<p>Dla sp\u00f3\u0142ek, kt\u00f3re prowadz\u0105 dzia\u0142alno\u015b\u0107 d\u0142u\u017cej ni\u017c dwa lata.<\/p>\n<p>Cz\u0142onkowie stowarzyszeni s\u0105 zobowi\u0105zani do przedstawienia referencji, kt\u00f3re s\u0105 nast\u0119pnie sprawdzane i przekazywane Komisji Cz\u0142onkowskiej ARP do ostatecznej weryfikacji. Cz\u0142onkowie stowarzyszeni s\u0105 zobowi\u0105zani do odbycia szkolenia na poziomie pierwszym programu EARP, zanim b\u0119d\u0105 mogli ubiega\u0107 si\u0119 o pe\u0142ne cz\u0142onkostwo.<\/p>\n<p>Cz\u0142onkowie pe\u0142noprawni musz\u0105 prowadzi\u0107 dzia\u0142alno\u015b\u0107 gospodarcz\u0105 od ponad dw\u00f3ch lat i z\u0142o\u017cy\u0107 wniosek zawieraj\u0105cy referencje od trzech klient\u00f3w.<\/p>\n<p><strong>Przyk\u0142adowe firmy cz\u0142onkowskie<\/strong><\/p>\n<ul>\n<li> <a href=\"https:\/\/moverdb.com\/pl\/sterling-relocation\/\">Sterling Relocation<\/a><\/li>\n<li> <a href=\"https:\/\/moverdb.com\/pl\/dt-moving\/\">DT Moving<\/a><\/li>\n<li> <a href=\"https:\/\/moverdb.com\/pl\/btr-international\/\">BTR International<\/a><\/li>\n<\/ul>\n<p><strong>Opinie o ARP:<\/strong><\/p>\n<p>ARP pojawia si\u0119 na wielu brytyjskich stronach internetowych i jest okre\u015blana jako organizacja zawodowa zrzeszaj\u0105ca firmy \u015bwiadcz\u0105ce us\u0142ugi relokacyjne za granic\u0105 w Wielkiej Brytanii. <\/p>\n<p>Przynale\u017cno\u015b\u0107 do ARP jest postrzegana jako dow\u00f3d na to, \u017ce firma relokacyjna spe\u0142nia i przekracza uznane standardy bran\u017cowe. Wed\u0142ug <a href=\"http:\/\/www.bloomberg.com\/profiles\/companies\/1519530Z:LN-association-of-relocation-professionals\/\" target=\"_blank\" rel=\"noopener\">Bloomberg<\/a> podstawowa dzia\u0142alno\u015b\u0107 ARP <em>\"ma na celu promowanie i ochron\u0119 dzia\u0142alno\u015bci gospodarczej i zawodu agent\u00f3w ds. relokacji\".<\/em> Wiele podmiot\u00f3w powo\u0142uj\u0105cych si\u0119 na ARP na swoich stronach internetowych podkre\u015bla, \u017ce wyznacza ona standardy dla bran\u017cy pod wzgl\u0119dem najlepszych praktyk, obs\u0142ugi klienta i profesjonalizmu.<\/p>\n<blockquote><p>Zach\u0119caj\u0105c do stosowania najlepszych praktyk w bran\u017cy i dbaj\u0105c o to, by cz\u0142onkowie byli na bie\u017c\u0105co z najnowszymi zmianami legislacyjnymi, od prania brudnych pieni\u0119dzy po domy wielorodzinne, nasze cz\u0142onkostwo jest dla Pa\u0144stwa zobowi\u0105zaniem, \u017ce jeste\u015bmy w czo\u0142\u00f3wce, i to ju\u017c od ponad 25 lat, bran\u017cy relokacyjnej.<\/p><\/blockquote>\n<p>- <a href=\"http:\/\/scottsrelocation.co.uk\/association-of-relocation-professionals\" target=\"_blank\" rel=\"noopener\">Przeprowadzki Scotta<\/a><\/p>\n<blockquote><p>Jako cz\u0142onek Association of Relocation Professionals (ARP) klienci Source mog\u0105 by\u0107 pewni, \u017ce \u015bwiadczone us\u0142ugi spe\u0142niaj\u0105 i przewy\u017cszaj\u0105 uznane standardy bran\u017cowe.<\/p><\/blockquote>\n<p>-  <a href=\"http:\/\/www.source-relocation.co.uk\/index.aspx\" target=\"_blank\" rel=\"noopener\">Przeniesienie \u017ar\u00f3d\u0142a<\/a><\/p>\n<blockquote><p>Rada, sk\u0142adaj\u0105ca si\u0119 z przedstawicieli wszystkich sektor\u00f3w bran\u017cy, kieruje prac\u0105 Stowarzyszenia od podstaw, zapewniaj\u0105c w ten spos\u00f3b, \u017ce Stowarzyszenie pozostanie w centrum uwagi zmian w zakresie relokacji.<\/p>\n<p>Cz\u0142onkowie ARP posiadaj\u0105 pe\u0142ne ubezpieczenie od odpowiedzialno\u015bci cywilnej z tytu\u0142u wykonywania zawodu, odpowiedzialno\u015bci cywilnej w \u017cyciu publicznym i odpowiedzialno\u015bci cywilnej pracownik\u00f3w, aby chroni\u0107 klient\u00f3w i us\u0142ugodawc\u00f3w.<\/p>\n<p>Cz\u0142onkostwo w ARP jest dowodem zaanga\u017cowania na rzecz najlepszych praktyk, zadowolenia klienta i profesjonalizmu.<\/p><\/blockquote>\n<p>- <a href=\"http:\/\/www.relocatecambridge.co.uk\/index.php\/arp\/\" target=\"_blank\" rel=\"noopener\">Przenie\u015b si\u0119 do Cambridge<\/a><\/p>\n<p><strong>Strona internetowa:<\/strong> <a href=\"http:\/\/www.arp-relocation.com\/\" target=\"_blank\" rel=\"noopener\">http:\/\/www.arp-relocation.com\/<\/a><\/p>","protected":false},"excerpt":{"rendered":"<p>The Association of Relocation Professionals (ARP) is a professional body for the relocation industry in the UK. Its mission is not just to represent its members but to help them market themselves and grow too. Key facts about the ARP: The ARP is the body for relocation professionals in the UK. The Association of Relocation [&hellip;]<\/p>\n","protected":false},"author":1,"featured_media":0,"parent":0,"menu_order":0,"comment_status":"closed","ping_status":"closed","template":"","meta":{"_genesis_hide_title":false,"_genesis_hide_breadcrumbs":false,"_genesis_hide_singular_image":false,"_genesis_hide_footer_widgets":false,"_genesis_custom_body_class":"","_genesis_custom_post_class":"","_genesis_layout":"","footnotes":""},"class_list":{"0":"post-445","1":"page","2":"type-page","3":"status-publish","5":"entry"},"_links":{"self":[{"href":"https:\/\/moverdb.com\/pl\/wp-json\/wp\/v2\/pages\/445","targetHints":{"allow":["GET"]}}],"collection":[{"href":"https:\/\/moverdb.com\/pl\/wp-json\/wp\/v2\/pages"}],"about":[{"href":"https:\/\/moverdb.com\/pl\/wp-json\/wp\/v2\/types\/page"}],"author":[{"embeddable":true,"href":"https:\/\/moverdb.com\/pl\/wp-json\/wp\/v2\/users\/1"}],"replies":[{"embeddable":true,"href":"https:\/\/moverdb.com\/pl\/wp-json\/wp\/v2\/comments?post=445"}],"version-history":[{"count":7,"href":"https:\/\/moverdb.com\/pl\/wp-json\/wp\/v2\/pages\/445\/revisions"}],"predecessor-version":[{"id":6177,"href":"https:\/\/moverdb.com\/pl\/wp-json\/wp\/v2\/pages\/445\/revisions\/6177"}],"wp:attachment":[{"href":"https:\/\/moverdb.com\/pl\/wp-json\/wp\/v2\/media?parent=445"}],"curies":[{"name":"wp","href":"https:\/\/api.w.org\/{rel}","templated":true}]}}