{"id":444,"date":"2016-06-18T20:35:52","date_gmt":"2016-06-18T20:35:52","guid":{"rendered":"http:\/\/moverdb.com\/?page_id=444"},"modified":"2026-01-08T14:48:15","modified_gmt":"2026-01-08T14:48:15","slug":"eura","status":"publish","type":"page","link":"https:\/\/moverdb.com\/pl\/eura\/","title":{"rendered":"Europejskie Stowarzyszenie Relokacji (EuRA) - obja\u015bnienia"},"content":{"rendered":"<p>Europejskie Stowarzyszenie Relokacji (EuRA) promuje korzy\u015bci p\u0142yn\u0105ce z profesjonalnie zarz\u0105dzanych us\u0142ug relokacji i mobilno\u015bci dla firm, kt\u00f3rych pracownicy s\u0105 mobilni na ca\u0142ym \u015bwiecie. Jego cele obejmuj\u0105 ustanowienie si\u0119 g\u0142\u00f3wn\u0105 organizacj\u0105 zajmuj\u0105c\u0105 si\u0119 relokacjami w Europie oraz wyznaczanie standard\u00f3w dla innowacji i najlepszych praktyk.<\/p>\n<p><strong>Najwa\u017cniejsze fakty o EuRA:<\/strong><\/p>\n<ol>\n<li>  Cz\u0142onkami EuRA s\u0105 firmy \u015bwiadcz\u0105ce us\u0142ugi relokacyjne, a tak\u017ce oferuj\u0105ce us\u0142ugi powi\u0105zane, takie jak wynajem mebli i wysy\u0142ka artyku\u0142\u00f3w gospodarstwa domowego.<\/li>\n<li>  Globalny Znak Jako\u015bci EuRA to pierwszy na \u015bwiecie program akredytacji dla firm \u015bwiadcz\u0105cych us\u0142ugi relokacyjne.<\/li>\n<li>  EuRA zosta\u0142a za\u0142o\u017cona w 1998 roku.<\/li>\n<li>  Celem EuRA jest przede wszystkim edukacja - dostarczanie zar\u00f3wno cz\u0142onkom EuRA, jak i og\u00f3\u0142owi spo\u0142ecze\u0144stwa informacji na temat mobilno\u015bci korporacyjnej i zwi\u0105zanych z ni\u0105 zagadnie\u0144.<\/li>\n<li>  EuRA ma ponad 350 cz\u0142onk\u00f3w.<\/li>\n<li>  Cz\u0142onkowie EuRA pochodz\u0105 z ponad 50 kraj\u00f3w.<\/li>\n<\/ol>\n<p><strong>Profil Europejskiego Stowarzyszenia Relokacji:<\/strong><\/p>\n<p>EuRA pe\u0142ni szereg funkcji dla swoich cz\u0142onk\u00f3w, w tym oferuje szkolenia i porady oraz zapewnia wsparcie dla profesjonalist\u00f3w zajmuj\u0105cych si\u0119 relokacjami. Stowarzyszenie prowadzi r\u00f3wnie\u017c lobbing w imieniu swoich cz\u0142onk\u00f3w, forsuj\u0105c zmiany i rozw\u00f3j, kt\u00f3re mog\u0105 pom\u00f3c w rozwoju bran\u017cy relokacyjnej. <\/p>\n<p>Jest r\u00f3wnie\u017c \u017ar\u00f3d\u0142em informacji, regularnie publikuj\u0105c zar\u00f3wno na zewn\u0105trz, jak i wewn\u0105trz organizacji, a tak\u017ce pe\u0142ni rol\u0119 o\u015brodka analitycznego, kt\u00f3ry zajmuje si\u0119 planowaniem i rozwojem bran\u017cy w przysz\u0142o\u015bci. <\/p>\n<p>Jednym z g\u0142\u00f3wnych cel\u00f3w EuRA jest zapewnienie punkt\u00f3w odniesienia dla najlepszych praktyk. W ten spos\u00f3b powsta\u0142a Globalna Piecz\u0119\u0107 Jako\u015bci EuRA, program akredytacji dla os\u00f3b zajmuj\u0105cych si\u0119 relokacjami. <\/p>\n<p>Globalna Piecz\u0119\u0107 Jako\u015bci to system audytu maj\u0105cy na celu zapewnienie, \u017ce jego posiadacze spe\u0142niaj\u0105 okre\u015blone standardy w zakresie \u015bwiadczenia us\u0142ug i zarz\u0105dzania procesami. Jest on dost\u0119pny dla pe\u0142noprawnych, stowarzyszonych i \u015bwiatowych cz\u0142onk\u00f3w EuRA. <\/p>\n<p>EuRA powsta\u0142a w odpowiedzi na rosn\u0105ce zapotrzebowanie na transgraniczny organ bran\u017cowy w Europie, a obecnie ma ogromny zasi\u0119g.<\/p>\n<p><strong>Kryteria cz\u0142onkostwa <\/strong><\/p>\n<p><u>Pe\u0142ne cz\u0142onkostwo<\/u><\/p>\n<p>Pe\u0142ne cz\u0142onkostwo w Europejskim Stowarzyszeniu Relokacji jest otwarte dla firm, kt\u00f3rych dzia\u0142alno\u015b\u0107 komercyjna jest zwi\u0105zana z us\u0142ugami relokacyjnymi \u015bwiadczonymi przez osoby prywatne lub osoby prawne i kt\u00f3re uzyskuj\u0105 z tego tytu\u0142u dochody.<\/p>\n<p>Za firm\u0119 relokacyjn\u0105 uwa\u017ca si\u0119 ka\u017cd\u0105 organizacj\u0119 oferuj\u0105c\u0105 szereg us\u0142ug maj\u0105cych na celu u\u0142atwienie mobilno\u015bci os\u00f3b lub grup os\u00f3b i ich rodzin. Us\u0142ugi takie mog\u0105 by\u0107 \u015bwiadczone w miejscu wyjazdu lub przeznaczenia lub w obu tych miejscach.<\/p>\n<p>Kryteria:<\/p>\n<ul>\n<li> Handlowa\u0107 jako <a href=\"https:\/\/moverdb.com\/pl\/relocation-agents\/\" data-internallinksmanager029f6b8e52c=\"1\" title=\"7 powod\u00f3w, dla kt\u00f3rych warto skorzysta\u0107 z us\u0142ug agenta ds. przeprowadzek?\">Agent ds. przeprowadzek<\/a> przez co najmniej dwa lata, nale\u017cy przedstawi\u0107 dow\u00f3d rejestracji firmy.<\/li>\n<li> Wype\u0142nienie kwestionariusza, w kt\u00f3rym nale\u017cy poda\u0107 nazwiska i adresy trzech klient\u00f3w, dla kt\u00f3rych wykonano prace w ci\u0105gu ostatnich 12 miesi\u0119cy. Z klientami tymi EuRA skontaktuje si\u0119 w celu uzyskania referencji.<\/li>\n<li> Dostarczenie kopii wszystkich materia\u0142\u00f3w drukowanych, a tak\u017ce wszelkich innych informacji, kt\u00f3re mog\u0105 pom\u00f3c Komisji Cz\u0142onkowskiej przy rozpatrywaniu wniosku.<\/li>\n<li> Dostarczenie dowodu, \u017ce firma jest odpowiednio ubezpieczona (w kraju macierzystym).<\/li>\n<li> Nale\u017cy poda\u0107 kr\u00f3tkie informacje o karierze zawodowej wszystkich dyrektor\u00f3w i partner\u00f3w firmy.<\/li>\n<li> By\u0107 dyspozycyjnym na rozmow\u0119 kwalifikacyjn\u0105 (w kraju ojczystym).<\/li>\n<\/ul>\n<p><u>Cz\u0142onkostwo stowarzyszone<\/u><\/p>\n<p>Cz\u0142onkostwo stowarzyszone w Europejskim Stowarzyszeniu Relokacji jest otwarte dla firm, kt\u00f3re dzia\u0142aj\u0105 na rynku kr\u00f3cej ni\u017c dwa lata. Cz\u0142onkostwo stowarzyszone w Europejskim Stowarzyszeniu Relokacji jest przeznaczone dla tych, kt\u00f3rzy nie kwalifikuj\u0105 si\u0119 do pe\u0142nego cz\u0142onkostwa i jest otwarte dla firm, kt\u00f3rych dzia\u0142alno\u015b\u0107 komercyjna jest zwi\u0105zana z us\u0142ugami relokacyjnymi i kt\u00f3re uzyskuj\u0105 dochody od os\u00f3b prywatnych lub prawnych.<\/p>\n<p>Kryteria:<\/p>\n<ul>\n<li> Prowadzenie dzia\u0142alno\u015bci lub zamiar prowadzenia dzia\u0142alno\u015bci jako agent ds. przeprowadzek. Prosimy o podpisanie za\u0142\u0105czonego egzemplarza i odes\u0142anie go wraz ze zg\u0142oszeniem.<\/li>\n<li> Wype\u0142ni\u0107 kwestionariusz, podaj\u0105c nazwiska i adresy dw\u00f3ch recenzent\u00f3w (aktualnych pe\u0142noprawnych cz\u0142onk\u00f3w EuRA, SNPRM, ARA, ABRA lub lokalnie uznanych specjalist\u00f3w lub kombinacji tych dw\u00f3ch), je\u015bli jest to wskazane.<\/li>\n<li> Dostarczenie kopii wszystkich materia\u0142\u00f3w drukowanych, a tak\u017ce wszelkich innych informacji, kt\u00f3re mog\u0105 pom\u00f3c Komisji Cz\u0142onkowskiej przy rozpatrywaniu wniosku.<\/li>\n<li> Dostarczenie dowodu, \u017ce firma jest odpowiednio ubezpieczona (w kraju macierzystym).<\/li>\n<li> Przedstawienie kr\u00f3tkich informacji o karierze zawodowej wszystkich dyrektor\u00f3w i partner\u00f3w firmy<\/li>\n<\/ul>\n<p><u>Cz\u0142onkostwo afiliowane<\/u><\/p>\n<p>Cz\u0142onkostwo afiliowane w EuRA jest otwarte dla firm, kt\u00f3rych dzia\u0142alno\u015b\u0107 komercyjna jest zwi\u0105zana z us\u0142ugami relokacyjnymi i jest przez nie wykorzystywana.<\/p>\n<p>Kryteria:<\/p>\n<ul>\n<li> Zosta\u0107 nominowanym na Cz\u0142onka Afiliowanego przez Cz\u0142onka Pe\u0142noprawnego Europejskiego Stowarzyszenia Relokacji.<\/li>\n<li> W przypadku, gdy kandydat nie zna \u017cadnego cz\u0142onka Stowarzyszenia, nadal mo\u017ce ubiega\u0107 si\u0119 o cz\u0142onkostwo. W takim przypadku nale\u017cy poda\u0107 nazwiska i adresy dw\u00f3ch os\u00f3b polecaj\u0105cych. Nast\u0119pnie wniosek zostanie rozpatrzony przez Rad\u0119 Stowarzyszenia.<\/li>\n<\/ul>\n<p><u>Cz\u0142onkostwo na ca\u0142ym \u015bwiecie<\/u><\/p>\n<p>\u015awiatowe cz\u0142onkostwo w EuRA jest otwarte dla firm \u015bwiadcz\u0105cych us\u0142ugi relokacyjne w dowolnym obszarze poza Europ\u0105 kontynentaln\u0105.<\/p>\n<p>\u015awiatowe cz\u0142onkostwo w Europejskim Stowarzyszeniu Relokacji jest otwarte dla firm, kt\u00f3rych dzia\u0142alno\u015b\u0107 komercyjna jest zwi\u0105zana z us\u0142ugami relokacyjnymi i kt\u00f3re uzyskuj\u0105 dochody od os\u00f3b prywatnych lub prawnych.<\/p>\n<p>Za firm\u0119 relokacyjn\u0105 uwa\u017ca si\u0119 ka\u017cd\u0105 organizacj\u0119 oferuj\u0105c\u0105 szereg us\u0142ug maj\u0105cych na celu u\u0142atwienie mobilno\u015bci os\u00f3b lub grup os\u00f3b i ich rodzin. Us\u0142ugi takie mog\u0105 by\u0107 \u015bwiadczone w miejscu wyjazdu lub przeznaczenia lub w obu tych miejscach.<\/p>\n<p>Kryteria:<\/p>\n<ul>\n<li> Aby prowadzi\u0107 dzia\u0142alno\u015b\u0107 handlow\u0105 przez co najmniej dwa lata, nale\u017cy przedstawi\u0107 dow\u00f3d uko\u0144czenia jednego zlecenia, tj. dow\u00f3d rejestracji.<\/li>\n<li> Wype\u0142nienie kwestionariusza, w kt\u00f3rym nale\u017cy poda\u0107 nazwiska i adresy dw\u00f3ch os\u00f3b polecaj\u0105cych (klient\u00f3w, dla kt\u00f3rych wykonywano prace w ci\u0105gu ostatnich 12 miesi\u0119cy) oraz jednego cz\u0142onka EuRA. Z referentami tymi skontaktuje si\u0119 EuRA<\/li>\n<li> Dostarczenie kopii wszystkich materia\u0142\u00f3w drukowanych, a tak\u017ce wszelkich innych informacji, kt\u00f3re mog\u0105 pom\u00f3c Komisji Cz\u0142onkowskiej przy rozpatrywaniu wniosku.<\/li>\n<li> Dostarczenie dowodu, \u017ce firma jest odpowiednio ubezpieczona (w kraju macierzystym).<\/li>\n<li> Nale\u017cy poda\u0107 kr\u00f3tkie informacje o karierze zawodowej wszystkich dyrektor\u00f3w i partner\u00f3w firmy.<\/li>\n<li> By\u0107 dost\u0119pnym na rozmow\u0119 kwalifikacyjn\u0105 (w kraju ojczystym)<\/li>\n<\/ul>\n<p><strong>Przyk\u0142adowe firmy cz\u0142onkowskie<\/strong><\/p>\n<ul>\n<li> <a href=\"https:\/\/moverdb.com\/pl\/santa-fe-relocation\/\">Us\u0142ugi relokacyjne w Santa Fe<\/a> <\/li>\n<li> <a href=\"https:\/\/moverdb.com\/pl\/aires\/\">Aires<\/a><\/li>\n<li> <a href=\"https:\/\/moverdb.com\/pl\/sterling-relocation\/\">Sterling Relocation<\/a><\/li>\n<li> <a href=\"https:\/\/moverdb.com\/pl\/robinsons\/\">Robinsons Relocation<\/a><\/li>\n<li> <a href=\"https:\/\/moverdb.com\/pl\/dt-moving\/\">DT Moving<\/a><\/li>\n<li> <a href=\"https:\/\/moverdb.com\/pl\/bournes\/\">Bournes<\/a><\/li>\n<li> <a href=\"https:\/\/moverdb.com\/pl\/btr-international\/\">BTR International<\/a><\/li>\n<li> <a href=\"https:\/\/moverdb.com\/pl\/packimpex\/\">Packimpex<\/a><\/li>\n<\/ul>\n<p><strong>Opinie na temat EuRA<\/strong><\/p>\n<p>EuRA jest wymieniana na stronach internetowych r\u00f3\u017cnych firm (na przyk\u0142ad firm przeprowadzkowych i apartament\u00f3w z obs\u0142ug\u0105), cz\u0119sto w kontek\u015bcie pokazania, w jaki spos\u00f3b dana firma mo\u017ce przynie\u015b\u0107 dodatkowe korzy\u015bci w procesie relokacji. <\/p>\n<p>Cz\u0119sto podkre\u015bla si\u0119 globalny zasi\u0119g stowarzyszenia, a tak\u017ce fakt, \u017ce bra\u0142o ono udzia\u0142 w ustanawianiu standard\u00f3w jako\u015bci dla bran\u017cy. Na stronach internetowych stowarzyszenie jest opisywane jako \"organ bran\u017cowy\" z dzia\u0142em edukacyjnym i kodeksem post\u0119powania, kt\u00f3rego musz\u0105 przestrzega\u0107 wszyscy cz\u0142onkowie.<\/p>\n<blockquote><p>EURA jest doskona\u0142ym partnerem, kt\u00f3ry pomo\u017ce nam osi\u0105gn\u0105\u0107 nasz cel, jakim jest edukowanie rynku i pokazanie, w jaki spos\u00f3b apartamenty z obs\u0142ug\u0105 mog\u0105 przynie\u015b\u0107 prawdziwe korzy\u015bci w procesie relokacji.<\/p><\/blockquote>\n<p>- <a href=\"http:\/\/www.chevalresidences.com\/partners-eura.html\" target=\"_blank\" rel=\"noopener\">Rezydencje Cheval<\/a><\/p>\n<blockquote><p>\nRola i podstawowe cele stowarzyszenia EuRA obejmuj\u0105: podnoszenie i utrzymywanie standard\u00f3w jako\u015bci w bran\u017cy, promowanie bran\u017cy oraz umo\u017cliwianie ci\u0105g\u0142ego kszta\u0142cenia zawodowego w\u015br\u00f3d cz\u0142onk\u00f3w stowarzyszenia. Wszystko to przyniesie korzy\u015bci pracownikowi mobilnemu i jego rodzinie, a kiedy to nast\u0105pi, skorzystamy na tym my jako grupa.<\/p><\/blockquote>\n<p>- <a href=\"http:\/\/www.globalbusinessnews.net\/\" target=\"_blank\" rel=\"noopener\">Wiadomo\u015bci gospodarcze z ca\u0142ego \u015bwiata<\/a><\/p>\n<blockquote><p>\nEuRA jest organizacj\u0105 bran\u017cow\u0105 zrzeszaj\u0105c\u0105 specjalist\u00f3w ds. relokacji w Europie i na \u015bwiecie. Od Dostawc\u00f3w Us\u0142ug Relokacyjnych wymaga si\u0119 przestrzegania Zasad Post\u0119powania EuRA. <\/p><\/blockquote>\n<p>-  <a href=\"http:\/\/info.bournesmoves.com\/relocation-solutions\/blog\/relocation-moves\/bournes-removals-uk-join-eura\" target=\"_blank\" rel=\"noopener\">Wybory w Bournes<\/a><\/p>\n<p><strong>Strona internetowa:<\/strong> <a href=\"http:\/\/www.eura-relocation.com\/\" target=\"_blank\" rel=\"noopener\">http:\/\/www.eura-relocation.com\/<\/a><\/p>","protected":false},"excerpt":{"rendered":"<p>The European Relocation Association (EuRA) promotes the benefits of professionally managed relocation and mobility services to companies with globally mobile employees. Its aims include establishing itself as the premier relocation organisation in Europe and setting benchmarks for innovation and best practice. Key facts about EuRA: EuRA members include Relocation Service Providers, as well as those [&hellip;]<\/p>\n","protected":false},"author":1,"featured_media":0,"parent":0,"menu_order":0,"comment_status":"closed","ping_status":"closed","template":"","meta":{"_genesis_hide_title":false,"_genesis_hide_breadcrumbs":false,"_genesis_hide_singular_image":false,"_genesis_hide_footer_widgets":false,"_genesis_custom_body_class":"","_genesis_custom_post_class":"","_genesis_layout":"","footnotes":""},"class_list":{"0":"post-444","1":"page","2":"type-page","3":"status-publish","5":"entry"},"_links":{"self":[{"href":"https:\/\/moverdb.com\/pl\/wp-json\/wp\/v2\/pages\/444","targetHints":{"allow":["GET"]}}],"collection":[{"href":"https:\/\/moverdb.com\/pl\/wp-json\/wp\/v2\/pages"}],"about":[{"href":"https:\/\/moverdb.com\/pl\/wp-json\/wp\/v2\/types\/page"}],"author":[{"embeddable":true,"href":"https:\/\/moverdb.com\/pl\/wp-json\/wp\/v2\/users\/1"}],"replies":[{"embeddable":true,"href":"https:\/\/moverdb.com\/pl\/wp-json\/wp\/v2\/comments?post=444"}],"version-history":[{"count":17,"href":"https:\/\/moverdb.com\/pl\/wp-json\/wp\/v2\/pages\/444\/revisions"}],"predecessor-version":[{"id":6204,"href":"https:\/\/moverdb.com\/pl\/wp-json\/wp\/v2\/pages\/444\/revisions\/6204"}],"wp:attachment":[{"href":"https:\/\/moverdb.com\/pl\/wp-json\/wp\/v2\/media?parent=444"}],"curies":[{"name":"wp","href":"https:\/\/api.w.org\/{rel}","templated":true}]}}