{"id":443,"date":"2016-06-18T21:12:56","date_gmt":"2016-06-18T21:12:56","guid":{"rendered":"http:\/\/moverdb.com\/?page_id=443"},"modified":"2026-01-08T13:18:29","modified_gmt":"2026-01-08T13:18:29","slug":"harmony-relocation-network","status":"publish","type":"page","link":"https:\/\/moverdb.com\/pl\/harmony-relocation-network\/","title":{"rendered":"Sie\u0107 Harmony Relocation (HRN) - obja\u015bnienia"},"content":{"rendered":"<p>Harmony Relocation Network (HRN) to grupa firm partnerskich, kt\u00f3ra zosta\u0142a utworzona w celu stworzenia og\u00f3lnoeuropejskiej sieci globalnej relokacji. Integracja infrastruktury, technologii, jako\u015bci i zr\u00f3wnowa\u017conego rozwoju ma na celu zapewnienie sta\u0142ej, wysokiej jako\u015bci us\u0142ug.<\/p>\n<p><strong>Najwa\u017cniejsze fakty dotycz\u0105ce HRH:<\/strong><\/p>\n<ol>\n<li>  W sk\u0142ad stowarzyszenia wchodzi 140 cz\u0142onk\u00f3w z 60 kraj\u00f3w.<\/li>\n<li>  HRN dzia\u0142a w 180 krajach na 6 kontynentach.<\/li>\n<li>  HRN zosta\u0142a za\u0142o\u017cona w 1992 r., a 140 cz\u0142onk\u00f3w jest wsp\u00f3\u0142w\u0142a\u015bcicielami firmy.<\/li>\n<li>  HRN zosta\u0142 za\u0142o\u017cony przez firmy niemieckie i holenderskie, po czym rozszerzy\u0142 swoj\u0105 dzia\u0142alno\u015b\u0107 na <a href=\"https:\/\/moverdb.com\/pl\/moving-to-australia\/living-in-australia\/\" data-internallinksmanager029f6b8e52c=\"240\" title=\"21 sekret\u00f3w o \u017cyciu w Australii, kt\u00f3re warto pozna\u0107 przed przeprowadzk\u0105\">Australia<\/a> i Azji, a nast\u0119pnie Bliskiego Wschodu, Ameryki \u0141aci\u0144skiej i Afryki.<\/li>\n<li>  W latach 2002-2015 HRN by\u0142 cz\u0119\u015bci\u0105 UniGroup Worldwide UTS z. <a href=\"https:\/\/moverdb.com\/pl\/moving-to-the-united-states\/\" data-internallinksmanager029f6b8e52c=\"94\" title=\"Przeprowadzasz si\u0119 do Stan\u00f3w Zjednoczonych? 2026 Koszty \u017cycia i wskaz\u00f3wki dotycz\u0105ce przeprowadzki\">USA<\/a> z siedzib\u0105 w Van Line.<\/li>\n<li>  HRN to najwi\u0119ksza globalna sie\u0107 firm zajmuj\u0105cych si\u0119 relokacj\u0105, posiadaj\u0105ca wsp\u00f3ln\u0105 mark\u0119.<\/li>\n<\/ol>\n<p><strong>Profil sieci Harmony Relocation Network:<\/strong><\/p>\n<p>Ide\u0105 HRN jest po\u0142\u0105czenie najlepszych cech lokalnego dziedzictwa z globaln\u0105 skal\u0105, zapewniaj\u0105c korporacjom i osobom prywatnym us\u0142ug\u0119 relokacji, kt\u00f3ra ma charakter lokalny, ale jednocze\u015bnie ma zasi\u0119g og\u00f3lno\u015bwiatowy. <\/p>\n<p>Oferowane us\u0142ugi obejmuj\u0105 us\u0142ugi zarz\u0105dzania przeprowadzk\u0105, operacje przeprowadzkowe oraz us\u0142ugi w miejscu przeznaczenia. HRN opracowa\u0142a w\u0142asny sieciowy system informatyczny, kt\u00f3rego zadaniem jest informowanie klient\u00f3w oraz zapewnienie jak najbardziej kompleksowego i sp\u00f3jnego procesu - obejmuje on m.in. funkcje raportowania i \u015bledzenia. <\/p>\n<p>Integracja zr\u00f3wnowa\u017conego rozwoju gospodarczego, \u015brodowiskowego i spo\u0142ecznego jest wa\u017cna dla HRN, kt\u00f3ra wymienia j\u0105 jako jeden z g\u0142\u00f3wnych filar\u00f3w r\u00f3wnowagi mi\u0119dzy lud\u017ami, technologi\u0105 i \u015brodowiskiem.<\/p>\n<p><strong>Kryteria cz\u0142onkostwa <\/strong><\/p>\n<p>Na stronie internetowej nie podano \u017cadnych kryteri\u00f3w cz\u0142onkostwa - jest tylko strona kontaktowa.<\/p>\n<p><strong>Przyk\u0142adowe firmy cz\u0142onkowskie<\/strong><\/p>\n<ul>\n<li> <a href=\"https:\/\/moverdb.com\/pl\/bournes\/\">Bournes<\/a><\/li>\n<li> <a href=\"https:\/\/moverdb.com\/pl\/cadogan-tate\/\">Cadogan Tate<\/a><\/li>\n<li> <a href=\"https:\/\/moverdb.com\/pl\/gerson-relocation\/\">Gerson Przeprowadzki<\/a><\/li>\n<li> <a href=\"https:\/\/moverdb.com\/pl\/pearson\/\">Pearson Home Moving<\/a><\/li>\n<\/ul>\n<p><strong>Opinie o HRN<\/strong><\/p>\n<p>HRN pojawia si\u0119 na wielu stronach internetowych os\u00f3b przemieszczaj\u0105cych si\u0119, gdzie jest wymieniana jako organizacja z <em>\"nowa nazwa, ale sprawdzone osi\u0105gni\u0119cia\".<\/em> Silne warto\u015bci rodzinne i podej\u015bcie globalne oparte na wsp\u00f3\u0142pracy s\u0105 zawsze widoczne. <\/p>\n<p>Panuje powszechna zgoda co do tego, \u017ce wsp\u00f3\u0142praca z firm\u0105 relokacyjn\u0105, kt\u00f3ra jest cz\u0119\u015bci\u0105 HRN, daje klientowi dost\u0119p do korzy\u015bci p\u0142yn\u0105cych z ca\u0142ej sieci. Podkre\u015bla si\u0119, \u017ce cz\u0142onkowie musz\u0105 trzyma\u0107 si\u0119 globalnej umowy o poziomie \u015bwiadczonych us\u0142ug, a rezultatem tego jest sp\u00f3jno\u015b\u0107. <em>\"Chocia\u017c zwyczaje i kultura mog\u0105 si\u0119 r\u00f3\u017cni\u0107 w zale\u017cno\u015bci od kraju, wysoka jako\u015b\u0107 us\u0142ug, kt\u00f3rych mo\u017cesz oczekiwa\u0107, nie zmieni si\u0119. Na ca\u0142ym \u015bwiecie - te same procedury, obs\u0142uga i wysoka jako\u015b\u0107\".<\/em> <\/p>\n<p>Ponadto wiele os\u00f3b podaj\u0105cych na swoich stronach internetowych informacje o cz\u0142onkostwie w sieci podkre\u015bla, \u017ce jest to jedna z najwi\u0119kszych sieci tego typu na \u015bwiecie.<\/p>\n<blockquote><p>Harmony to globalna sie\u0107 lokalnych firm relokacyjnych, kt\u00f3re od pokole\u0144 piel\u0119gnuj\u0105 silne warto\u015bci rodzinne.<\/p><\/blockquote>\n<p>- <a href=\"http:\/\/www.abels.co.uk\/harmony-relocation-network\/\" target=\"_blank\" rel=\"noopener\">Abels<\/a><\/p>\n<blockquote><p>Harmony \u0142\u0105czy w sobie to, co najlepsze w lokalnym dziedzictwie z globaln\u0105 skal\u0105, dok\u0142adaj\u0105c wszelkich stara\u0144 i spe\u0142niaj\u0105c nasze obietnice. Naprawd\u0119 bierzemy sobie do serca znaczenie ludzi i \u015brodowiska lokalnego.<\/p><\/blockquote>\n<p>- <a href=\"https:\/\/theresforum.com\/partners\/harmony\/\" target=\"_blank\" rel=\"noopener\">Forum OZE<\/a><\/p>\n<blockquote><p>Sie\u0107 oferuje szeroki zakres us\u0142ug zwi\u0105zanych z przygotowaniem do podr\u00f3\u017cy, transportem i miejscem docelowym, kt\u00f3re pomagaj\u0105 osobom prywatnym, kierownikom dzia\u0142\u00f3w HR oraz osobom delegowanym w trakcie ca\u0142ej podr\u00f3\u017cy, od pocz\u0105tku do ko\u0144ca.<\/p><\/blockquote>\n<p>- <a href=\"http:\/\/bournesmoves.com\/relocation\/harmony-relocation-network.htm\" target=\"_blank\" rel=\"noopener\">Bournes<\/a> <\/p>\n<p><a href=\"http:\/\/www.harmonyrelo.com\/\" target=\"_blank\" rel=\"noopener\">http:\/\/www.harmonyrelo.com\/<\/a><\/p>","protected":false},"excerpt":{"rendered":"<p>The Harmony Relocation Network (HRN) is a group of partner companies that was created to build a pan-European network for global relocation. Integration of infrastructure, technology, quality and sustainability is designed to produce a consistently high quality service. Key facts about HRH: The membership is made up of 140 members in 60 countries. The HRN [&hellip;]<\/p>\n","protected":false},"author":1,"featured_media":0,"parent":0,"menu_order":0,"comment_status":"closed","ping_status":"closed","template":"","meta":{"_genesis_hide_title":false,"_genesis_hide_breadcrumbs":false,"_genesis_hide_singular_image":false,"_genesis_hide_footer_widgets":false,"_genesis_custom_body_class":"","_genesis_custom_post_class":"","_genesis_layout":"","footnotes":""},"class_list":{"0":"post-443","1":"page","2":"type-page","3":"status-publish","5":"entry"},"_links":{"self":[{"href":"https:\/\/moverdb.com\/pl\/wp-json\/wp\/v2\/pages\/443","targetHints":{"allow":["GET"]}}],"collection":[{"href":"https:\/\/moverdb.com\/pl\/wp-json\/wp\/v2\/pages"}],"about":[{"href":"https:\/\/moverdb.com\/pl\/wp-json\/wp\/v2\/types\/page"}],"author":[{"embeddable":true,"href":"https:\/\/moverdb.com\/pl\/wp-json\/wp\/v2\/users\/1"}],"replies":[{"embeddable":true,"href":"https:\/\/moverdb.com\/pl\/wp-json\/wp\/v2\/comments?post=443"}],"version-history":[{"count":6,"href":"https:\/\/moverdb.com\/pl\/wp-json\/wp\/v2\/pages\/443\/revisions"}],"predecessor-version":[{"id":6219,"href":"https:\/\/moverdb.com\/pl\/wp-json\/wp\/v2\/pages\/443\/revisions\/6219"}],"wp:attachment":[{"href":"https:\/\/moverdb.com\/pl\/wp-json\/wp\/v2\/media?parent=443"}],"curies":[{"name":"wp","href":"https:\/\/api.w.org\/{rel}","templated":true}]}}