{"id":442,"date":"2016-06-12T20:08:54","date_gmt":"2016-06-12T20:08:54","guid":{"rendered":"http:\/\/moverdb.com\/?page_id=442"},"modified":"2026-01-08T14:48:14","modified_gmt":"2026-01-08T14:48:14","slug":"euromovers","status":"publish","type":"page","link":"https:\/\/moverdb.com\/pl\/euromovers\/","title":{"rendered":"Europejskie partnerstwo przewo\u017anik\u00f3w (EUROMOVERS International) - obja\u015bnienia"},"content":{"rendered":"<p>Euromovers ma siedzib\u0119 w <a href=\"https:\/\/moverdb.com\/pl\/moving-to-luxembourg\/\" data-internallinksmanager029f6b8e52c=\"349\" title=\"Przeprowadzka do Luksemburga? 2026 Koszty \u017cycia i wskaz\u00f3wki dotycz\u0105ce przeprowadzki\">Luksemburg<\/a> i sk\u0142ada si\u0119 z wielu wiod\u0105cych <a href=\"https:\/\/moverdb.com\/pl\/firmy-przeprowadzkowe\/\">firmy zajmuj\u0105ce si\u0119 przeprowadzkami mi\u0119dzynarodowymi<\/a> kt\u00f3rzy utworzyli sie\u0107 na podstawie wsp\u00f3lnych standard\u00f3w, wizji i kierunku dzia\u0142ania. <\/p>\n<p>Grupa oferuje us\u0142ugi w zakresie przeprowadzek, kt\u00f3re s\u0105 lepiej \u015bwiadczone dzi\u0119ki sieci powi\u0105zanych ze sob\u0105 firm.<\/p>\n<p><strong>Najwa\u017cniejsze fakty o Euromovers:<\/strong><\/p>\n<ol>\n<li>  Euromovers to sie\u0107 ponad 70 firm zajmuj\u0105cych si\u0119 przeprowadzkami.<\/li>\n<li>  Organizacje cz\u0142onkowskie pochodz\u0105 z r\u00f3\u017cnych kraj\u00f3w, m.in. <a href=\"https:\/\/moverdb.com\/pl\/moving-to-austria\/\" data-internallinksmanager029f6b8e52c=\"343\" title=\"Przeprowadzka do Austrii? Koszty \u017cycia i wskaz\u00f3wki dotycz\u0105ce przeprowadzki w 2023 r.\">Austria<\/a>, <a href=\"https:\/\/moverdb.com\/pl\/moving-to-belgium\/\" data-internallinksmanager029f6b8e52c=\"323\" title=\"Przeprowadzka do Belgii? Koszty \u017cycia i wskaz\u00f3wki dotycz\u0105ce przeprowadzki w 2023 r.\">Belgia<\/a>, <a href=\"https:\/\/moverdb.com\/pl\/moving-to-the-czech-republic\/\" data-internallinksmanager029f6b8e52c=\"391\" title=\"Przeprowadzka do Czech? 2024 Koszty \u017cycia i wskaz\u00f3wki dotycz\u0105ce przeprowadzki\">Republika Czeska<\/a>, <a href=\"https:\/\/moverdb.com\/pl\/moving-to-denmark\/\" data-internallinksmanager029f6b8e52c=\"335\" title=\"Przeprowadzka do Danii? Koszty \u017cycia i wskaz\u00f3wki dotycz\u0105ce przeprowadzki w 2023 r.\">Dania<\/a>, <a href=\"https:\/\/moverdb.com\/pl\/moving-to-finland\/\" data-internallinksmanager029f6b8e52c=\"345\" title=\"Przeprowadzka do Finlandii? Koszty \u017cycia i wskaz\u00f3wki dotycz\u0105ce przeprowadzki w 2023 r.\">Finlandia<\/a>, <a href=\"https:\/\/moverdb.com\/pl\/moving-to-france\/\" data-internallinksmanager029f6b8e52c=\"315\" title=\"Przeprowadzka do Francji? Koszty \u017cycia i wskaz\u00f3wki dotycz\u0105ce przeprowadzki w 2023 r.\">Francja<\/a>, <a href=\"https:\/\/moverdb.com\/pl\/moving-to-germany\/\" data-internallinksmanager029f6b8e52c=\"321\" title=\"Przeprowadzka do Niemiec? Koszty \u017cycia i wskaz\u00f3wki dotycz\u0105ce przeprowadzki w 2023 r.\">Niemcy<\/a>, <a href=\"https:\/\/moverdb.com\/pl\/moving-to-greece\/\" data-internallinksmanager029f6b8e52c=\"353\" title=\"Przeprowadzka do Grecji? Koszty \u017cycia i wskaz\u00f3wki dotycz\u0105ce relokacji w 2023 r.\">Grecja<\/a>, <a href=\"https:\/\/moverdb.com\/pl\/moving-to-italy\/\" data-internallinksmanager029f6b8e52c=\"346\" title=\"Przeprowadzka do W\u0142och? Koszty \u017cycia i wskaz\u00f3wki dotycz\u0105ce relokacji w 2023 r.\">W\u0142ochy<\/a>, Luksemburg, <a href=\"https:\/\/moverdb.com\/pl\/moving-to-the-netherlands\/\" data-internallinksmanager029f6b8e52c=\"328\" title=\"Przeprowadzka do Holandii? Koszty \u017cycia i wskaz\u00f3wki dotycz\u0105ce relokacji w 2023 r.\">Holandia<\/a>, <a href=\"https:\/\/moverdb.com\/pl\/moving-to-slovakia\/\" data-internallinksmanager029f6b8e52c=\"338\" title=\"Przeprowadzka na S\u0142owacj\u0119? 2026 Koszty \u017cycia i wskaz\u00f3wki dotycz\u0105ce przeprowadzki\">S\u0142owacja<\/a>, <a href=\"https:\/\/moverdb.com\/pl\/moving-to-spain\/\" data-internallinksmanager029f6b8e52c=\"266\" title=\"Przeprowadzasz si\u0119 do Hiszpanii? 2026 Koszty \u017cycia i wskaz\u00f3wki dotycz\u0105ce przeprowadzki\">Hiszpania<\/a>, <a href=\"https:\/\/moverdb.com\/pl\/moving-to-switzerland\/\" data-internallinksmanager029f6b8e52c=\"327\" title=\"Przeprowadzka do Szwajcarii? Koszty \u017cycia i wskaz\u00f3wki dotycz\u0105ce relokacji w 2023 r.\">Szwajcaria<\/a> i <a href=\"https:\/\/moverdb.com\/pl\/przeprowadzki-miedzynarodowe\/\">Zjednoczone Kr\u00f3lestwo<\/a>, a poza Europ\u0105 w. <a href=\"https:\/\/moverdb.com\/pl\/moving-to-the-united-states\/\" data-internallinksmanager029f6b8e52c=\"94\" title=\"Przeprowadzasz si\u0119 do Stan\u00f3w Zjednoczonych? 2026 Koszty \u017cycia i wskaz\u00f3wki dotycz\u0105ce przeprowadzki\">Stany Zjednoczone<\/a>, <a href=\"https:\/\/moverdb.com\/pl\/moving-to-australia\/living-in-australia\/\" data-internallinksmanager029f6b8e52c=\"240\" title=\"21 sekret\u00f3w o \u017cyciu w Australii, kt\u00f3re warto pozna\u0107 przed przeprowadzk\u0105\">Australia<\/a>Federacja Rosyjska i <a href=\"https:\/\/moverdb.com\/pl\/moving-to-china\/\" data-internallinksmanager029f6b8e52c=\"357\" title=\"Przeprowadzka do Chin? Koszty \u017cycia i wskaz\u00f3wki dotycz\u0105ce relokacji w 2023 r.\">Chiny<\/a>.<\/li>\n<li>  Euromovers \u015bwiadczy us\u0142ugi przeprowadzkowe, nie jest stowarzyszeniem bran\u017cowym.<\/li>\n<li>  Ka\u017cdy partner stowarzyszony w sieci Euromovers bierze udzia\u0142 w okresowych audytach i przegl\u0105dach, aby zapewni\u0107 zgodno\u015b\u0107 z ustalonymi standardami.<\/li>\n<li>  Euromovers jest cz\u0142onkiem, je\u015bli <a href=\"https:\/\/moverdb.com\/pl\/jestem\/\">Mi\u0119dzynarodowe Stowarzyszenie Przewo\u017anik\u00f3w<\/a> i posiada certyfikaty jako\u015bci ISO 9001 (us\u0142ugi zarz\u0105dzania jako\u015bci\u0105), ISO 14001 (systemy zarz\u0105dzania \u015brodowiskowego), ISO 27001 (systemy bezpiecze\u0144stwa informacji).<\/li>\n<\/ol>\n<p><strong>Profil partnerstwa europejskich przewo\u017anik\u00f3w:<\/strong><\/p>\n<p>Euromovers oferuje <a href=\"https:\/\/moverdb.com\/pl\/przeprowadzki-miedzynarodowe\/\">Przeprowadzki europejskie i przeprowadzki zagraniczne<\/a> za po\u015brednictwem 70 cz\u0142onk\u00f3w, kt\u00f3rzy s\u0105 rozmieszczeni w r\u00f3\u017cnych krajach Europy oraz w innych miejscach, takich jak Chiny i Rosja. <\/p>\n<p>\u015awiadczy us\u0142ugi w zakresie przeprowadzek i relokacji od drzwi do drzwi dla firm i os\u00f3b prywatnych, rozwi\u0105zania w zakresie magazynowania, rozwi\u0105zania dla firm oraz wysy\u0142ki dzie\u0142 sztuki. Wzajemne partnerstwo, na kt\u00f3rym opiera si\u0119 dzia\u0142alno\u015b\u0107 Euromovers, pomaga firmie realizowa\u0107 wizj\u0119 zintegrowanej relokacji do dowolnego miejsca na \u015bwiecie.<\/p>\n<p><strong>Kryteria cz\u0142onkostwa:<\/strong><\/p>\n<p>W Internecie nie podano \u017cadnych szczeg\u00f3\u0142\u00f3w dotycz\u0105cych kryteri\u00f3w cz\u0142onkostwa.<\/p>\n<p><strong>Przyk\u0142adowe firmy cz\u0142onkowskie<\/strong><\/p>\n<ul>\n<li> <a href=\"https:\/\/moverdb.com\/pl\/atlas-van-lines-international\/\">Atlas Van Lines<\/a><\/li>\n<\/ul>\n<p><strong>Opinie na temat Europejskiego partnerstwa przewo\u017anik\u00f3w<\/strong><\/p>\n<p>Poza w\u0142asn\u0105 stron\u0105 internetow\u0105, European Mover Partnership nie wydaje si\u0119 by\u0107 wymieniana gdzie indziej w sieci. Istnieje inna organizacja o podobnej nazwie - Euro Movers International LLC, kt\u00f3ra ma siedzib\u0119 w <a href=\"https:\/\/moverdb.com\/pl\/moving-to-dubai\/\" data-internallinksmanager029f6b8e52c=\"246\" title=\"Przeprowadzka do Dubaju? 2026 Koszty utrzymania i porady dotycz\u0105ce relokacji\">Dubaj<\/a>, ale nie jest cz\u0119\u015bci\u0105 grupy. <\/p>\n<p>Euromovers w Dubaju otrzymuje <a href=\"http:\/\/www.complaintsboard.com\/complaints\/euro-movers-dubai-c431198.html\" target=\"_blank\" rel=\"noopener\">bardzo negatywne opinie<\/a>.<\/p>\n<p><strong>Strona internetowa:<\/strong> <a href=\"http:\/\/www.euromovers.com\/\" target=\"_blank\" rel=\"noopener\">http:\/\/www.euromovers.com\/<\/a><\/p>","protected":false},"excerpt":{"rendered":"<p>Euromovers is based in Luxembourg and is made up of a number of leading international moving companies who have formed a network on the basis of shared standards, vision and direction. The group offers moving services that are better provided because of its network of connected companies. Key facts about Euromovers: Euromovers is a network [&hellip;]<\/p>\n","protected":false},"author":1,"featured_media":0,"parent":0,"menu_order":0,"comment_status":"closed","ping_status":"closed","template":"","meta":{"_genesis_hide_title":false,"_genesis_hide_breadcrumbs":false,"_genesis_hide_singular_image":false,"_genesis_hide_footer_widgets":false,"_genesis_custom_body_class":"","_genesis_custom_post_class":"","_genesis_layout":"","footnotes":""},"class_list":{"0":"post-442","1":"page","2":"type-page","3":"status-publish","5":"entry"},"_links":{"self":[{"href":"https:\/\/moverdb.com\/pl\/wp-json\/wp\/v2\/pages\/442","targetHints":{"allow":["GET"]}}],"collection":[{"href":"https:\/\/moverdb.com\/pl\/wp-json\/wp\/v2\/pages"}],"about":[{"href":"https:\/\/moverdb.com\/pl\/wp-json\/wp\/v2\/types\/page"}],"author":[{"embeddable":true,"href":"https:\/\/moverdb.com\/pl\/wp-json\/wp\/v2\/users\/1"}],"replies":[{"embeddable":true,"href":"https:\/\/moverdb.com\/pl\/wp-json\/wp\/v2\/comments?post=442"}],"version-history":[{"count":5,"href":"https:\/\/moverdb.com\/pl\/wp-json\/wp\/v2\/pages\/442\/revisions"}],"predecessor-version":[{"id":6203,"href":"https:\/\/moverdb.com\/pl\/wp-json\/wp\/v2\/pages\/442\/revisions\/6203"}],"wp:attachment":[{"href":"https:\/\/moverdb.com\/pl\/wp-json\/wp\/v2\/media?parent=442"}],"curies":[{"name":"wp","href":"https:\/\/api.w.org\/{rel}","templated":true}]}}