{"id":441,"date":"2016-06-18T21:28:02","date_gmt":"2016-06-18T21:28:02","guid":{"rendered":"http:\/\/moverdb.com\/?page_id=441"},"modified":"2026-01-08T15:30:43","modified_gmt":"2026-01-08T15:30:43","slug":"rada-ds-relokacji-pracownikow","status":"publish","type":"page","link":"https:\/\/moverdb.com\/pl\/employee-relocation-council\/","title":{"rendered":"Og\u00f3lno\u015bwiatowa Rada ds. Relokacji Pracownik\u00f3w (ERC) - obja\u015bnienia"},"content":{"rendered":"<p>Worldwide Employee Relocation Council (ERC) okre\u015bla siebie jako stowarzyszenie na rzecz mobilno\u015bci pracownik\u00f3w, zrzeszaj\u0105ce specjalist\u00f3w, kt\u00f3rzy nadzoruj\u0105, zarz\u0105dzaj\u0105 lub wspieraj\u0105 krajowe i mi\u0119dzynarodowe transfery pracownik\u00f3w w USA. <\/p>\n<p>Jej celem jest pomoc cz\u0142onkom - reprezentuj\u0105cym r\u00f3\u017cne zawody, w tym dzia\u0142y kadr, nieruchomo\u015bci i wojsko - w radzeniu sobie z wyzwaniami zwi\u0105zanymi z mobilno\u015bci\u0105 pracownik\u00f3w.<\/p>\n<p><strong>Najwa\u017cniejsze fakty o ERC:<\/strong><\/p>\n<ol>\n<li>  Cz\u0142onkowie ERC wywodz\u0105 si\u0119 z r\u00f3\u017cnych zawod\u00f3w, m.in. z bran\u017cy HR, rekrutacyjnej, rz\u0105dowej, wojskowej, nieruchomo\u015bci, us\u0142ug finansowych, przeprowadzek, doradztwa i konsultingu.<\/li>\n<li>  Kompetencje ERC obejmuj\u0105 zagadnienia i praktyki zarz\u0105dzania dla specjalist\u00f3w ds. relokacji w ramach <a href=\"https:\/\/moverdb.com\/pl\/moving-to-the-united-states\/\" data-internallinksmanager029f6b8e52c=\"94\" title=\"Przeprowadzasz si\u0119 do Stan\u00f3w Zjednoczonych? 2026 Koszty \u017cycia i wskaz\u00f3wki dotycz\u0105ce przeprowadzki\">Stany Zjednoczone<\/a> i mi\u0119dzy wszystkimi innymi krajami.<\/li>\n<li>  Siedziba ERB znajduje si\u0119 w <a href=\"https:\/\/moverdb.com\/pl\/przeprowadzka-do-waszyngtonu-dc\/\">Waszyngton, DC,<\/a> z europejskim biurem w Brukseli, <a href=\"https:\/\/moverdb.com\/pl\/moving-to-belgium\/\" data-internallinksmanager029f6b8e52c=\"323\" title=\"Przeprowadzka do Belgii? Koszty \u017cycia i wskaz\u00f3wki dotycz\u0105ce przeprowadzki w 2023 r.\">Belgia<\/a>.<\/li>\n<li>  ERC oferuje akredytacje takie jak Certified Relocation Professional i Global Mobility Specialist.<\/li>\n<li>  Dost\u0119pne s\u0105 r\u00f3\u017cne kategorie cz\u0142onkostwa, w tym cz\u0142onkostwo korporacyjne (g\u0142\u00f3wnie profesjonali\u015bci pracuj\u0105cy w domu), cz\u0142onkostwo s\u0142u\u017cb mobilno\u015bci (dla firm zajmuj\u0105cych si\u0119 mobilno\u015bci\u0105 si\u0142y roboczej), cz\u0142onkostwo osobiste\/profesjonalne (PERC\u2122) (dla os\u00f3b poszukuj\u0105cych informacji, takich jak naukowcy i osoby poszukuj\u0105ce pracy), rzeczoznawcy ds. relokacji, po\u015brednicy w obrocie nieruchomo\u015bciami i firmy zarz\u0105dzaj\u0105ce relokacjami.<\/li>\n<li>  W 2005 r. ERB liczy\u0142a ponad 12 000 cz\u0142onk\u00f3w (najbardziej aktualne dost\u0119pne dane statystyczne).<\/li>\n<\/ol>\n<p><strong>Profil \u015awiatowej Rady ds. Relokacji Pracownik\u00f3w:<\/strong><\/p>\n<p>ERC pe\u0142ni wiele funkcji, w tym lobbowanie w imieniu cz\u0142onk\u00f3w, zapewnianie szkole\u0144 i edukacji oraz mo\u017cliwo\u015bci nawi\u0105zywania kontakt\u00f3w. Anga\u017cuje si\u0119 r\u00f3wnie\u017c w pomoc w opracowywaniu normalizacji bran\u017cowej i budowaniu konsensusu oraz w rozw\u00f3j nowych praktyk roboczych i rozwi\u0105za\u0144 elektronicznych. <\/p>\n<p>ERB nie tylko dzia\u0142a w imieniu swoich cz\u0142onk\u00f3w, ale tak\u017ce jest znana z gromadzenia szeregu danych za pomoc\u0105 ankiet, w tym analizowania przydatno\u015bci miast dla nowo przeniesionych rodzin. ERB sta\u0142a si\u0119 autorytetem w dziedzinie mobilno\u015bci si\u0142y roboczej.<\/p>\n<p><strong>Kryteria cz\u0142onkostwa:<\/strong><\/p>\n<p>Kryteria cz\u0142onkostwa nie s\u0105 wymienione na stronie internetowej.<\/p>\n<p><strong>Lista cz\u0142onk\u00f3w ERBN na \u015bwiecie <a href=\"https:\/\/moverdb.com\/pl\/moving-companies\/\" data-internallinksmanager029f6b8e52c=\"79\" title=\"25 najlepszych firm przeprowadzek mi\u0119dzynarodowych online\">Firmy przeprowadzkowe<\/a><\/strong><\/p>\n<ul>\n<li> <a href=\"https:\/\/moverdb.com\/pl\/aires\/\">Aires<\/a><\/li>\n<li> <a href=\"https:\/\/moverdb.com\/pl\/armstrong-relokacja\/\">Armstrong Relokacja<\/a><\/li>\n<li> <a href=\"https:\/\/moverdb.com\/pl\/arpin-international\/\">Arpin International<\/a><\/li>\n<li> <a href=\"https:\/\/moverdb.com\/pl\/atlas-van-lines-international\/\">Atlas Van Lines<\/a><\/li>\n<li> <a href=\"https:\/\/moverdb.com\/pl\/santa-fe-relocation\/\">Us\u0142ugi relokacyjne w Santa Fe<\/a><\/li>\n<li> <a href=\"https:\/\/moverdb.com\/pl\/sterling-relocation\/\">Sterling Relocation<\/a><\/li>\n<li> <a href=\"https:\/\/moverdb.com\/pl\/arpin-van-lines\/\">Arpin Van Lines<\/a><\/li>\n<li> <a href=\"https:\/\/moverdb.com\/pl\/suddath\/\">Suddath<\/a><\/li>\n<li> <a href=\"https:\/\/moverdb.com\/pl\/dt-moving\/\">DT Moving<\/a><\/li>\n<li> <a href=\"https:\/\/moverdb.com\/pl\/btr-international\/\">BTR International<\/a><\/li>\n<p><a href=\"https:\/\/moverdb.com\/pl\/packimpex\/\">Packimpex<\/a>\n<\/ul>\n<p><strong>Opinie o ERB<\/strong><\/p>\n<p>ERB nie pojawia si\u0119 na zbyt wielu stronach internetowych. Je\u015bli si\u0119 o niej wspomina, to cz\u0119sto w kontek\u015bcie powi\u0105zanych z ni\u0105 organizacji, takich jak Rada Relokacyjna Wielkich Jezior.<\/p>\n<blockquote><p>Aby zaspokoi\u0107 potrzeby rynku relokacji, a tym samym pom\u00f3c pracownikom w bezproblemowym rozpocz\u0119ciu nowego okresu \u017cycia, sze\u015b\u0107 os\u00f3b za\u0142o\u017cy\u0142o w 1964 r. prekursora \u015awiatowej Rady Relokacji Pracownik\u00f3w (ERC). <a href=\"https:\/\/moverdb.com\/pl\/przeprowadzka-do-chicago\/\">Chicago (Inf. w\u0142.)<\/a>.<\/p><\/blockquote>\n<p>- <a href=\"http:\/\/start-up-services.de\/en\/company-profile-relocation-service\/relocation-associations\/worldwide-employee-relocation-council\/\" target=\"_blank\" rel=\"noopener\">Us\u0142ugi zwi\u0105zane z rozpoczynaniem dzia\u0142alno\u015bci<\/a><\/p>\n<p><strong>Strona internetowa:<\/strong> <a href=\"http:\/\/www.worldwideerc.org\/Pages\/index.aspx\" target=\"_blank\" rel=\"noopener\">http:\/\/www.worldwideerc.org\/Pages\/index.aspx<\/a><\/p>","protected":false},"excerpt":{"rendered":"<p>The Worldwide Employee Relocation Council (ERC) describes itself as the workforce mobility association for professionals who oversee, manage, or support U.S. domestic and international employee transfer. Its purpose is to help members &#8211; who come from a range of professions, including HR, real estate and military &#8211; to deal with the challenges of workforce mobility. [&hellip;]<\/p>\n","protected":false},"author":1,"featured_media":0,"parent":0,"menu_order":0,"comment_status":"closed","ping_status":"closed","template":"","meta":{"_genesis_hide_title":false,"_genesis_hide_breadcrumbs":false,"_genesis_hide_singular_image":false,"_genesis_hide_footer_widgets":false,"_genesis_custom_body_class":"","_genesis_custom_post_class":"","_genesis_layout":"","footnotes":""},"class_list":{"0":"post-441","1":"page","2":"type-page","3":"status-publish","5":"entry"},"_links":{"self":[{"href":"https:\/\/moverdb.com\/pl\/wp-json\/wp\/v2\/pages\/441","targetHints":{"allow":["GET"]}}],"collection":[{"href":"https:\/\/moverdb.com\/pl\/wp-json\/wp\/v2\/pages"}],"about":[{"href":"https:\/\/moverdb.com\/pl\/wp-json\/wp\/v2\/types\/page"}],"author":[{"embeddable":true,"href":"https:\/\/moverdb.com\/pl\/wp-json\/wp\/v2\/users\/1"}],"replies":[{"embeddable":true,"href":"https:\/\/moverdb.com\/pl\/wp-json\/wp\/v2\/comments?post=441"}],"version-history":[{"count":15,"href":"https:\/\/moverdb.com\/pl\/wp-json\/wp\/v2\/pages\/441\/revisions"}],"predecessor-version":[{"id":6255,"href":"https:\/\/moverdb.com\/pl\/wp-json\/wp\/v2\/pages\/441\/revisions\/6255"}],"wp:attachment":[{"href":"https:\/\/moverdb.com\/pl\/wp-json\/wp\/v2\/media?parent=441"}],"curies":[{"name":"wp","href":"https:\/\/api.w.org\/{rel}","templated":true}]}}