{"id":440,"date":"2016-06-12T19:59:07","date_gmt":"2016-06-12T19:59:07","guid":{"rendered":"http:\/\/moverdb.com\/?page_id=440"},"modified":"2026-01-08T13:19:01","modified_gmt":"2026-01-08T13:19:01","slug":"iata","status":"publish","type":"page","link":"https:\/\/moverdb.com\/pl\/iata\/","title":{"rendered":"Zrzeszenie Mi\u0119dzynarodowego Transportu Lotniczego (IATA) - obja\u015bnienia"},"content":{"rendered":"<p>Zrzeszenie Mi\u0119dzynarodowego Transportu Lotniczego (IATA) jest globalnym stowarzyszeniem handlowym zrzeszaj\u0105cym \u015bwiatowe linie lotnicze. <\/p>\n<p>Misj\u0105 stowarzyszenia jest przewodzenie i s\u0142u\u017cenie swoim cz\u0142onkom oraz reprezentowanie ich interes\u00f3w w spos\u00f3b, kt\u00f3ry przyczynia si\u0119 do rozwoju bran\u017cy transportu lotniczego.<\/p>\n<p><strong>Najwa\u017cniejsze fakty o IATA:<\/strong><\/p>\n<ol>\n<li>  Reprezentuje ona oko\u0142o 260 linii lotniczych lub 83% ca\u0142kowitego ruchu lotniczego.<\/li>\n<li>  Ma zasi\u0119g globalny.<\/li>\n<li>  Loty cz\u0142onk\u00f3w IATA stanowi\u0105 83% ca\u0142ego ruchu lotniczego.<\/li>\n<li>  Zosta\u0142a za\u0142o\u017cona w Hawanie na Kubie w kwietniu 1945 roku.<\/li>\n<li>  W momencie powstania w 1945 r. liczy\u0142o 57 cz\u0142onk\u00f3w z 31 kraj\u00f3w, g\u0142\u00f3wnie z Europy i Ameryki P\u00f3\u0142nocnej. Obecnie liczy oko\u0142o 260 cz\u0142onk\u00f3w ze 117 kraj\u00f3w we wszystkich zak\u0105tkach \u015bwiata.<\/li>\n<li>  Priorytetami organizacji s\u0105: bezpiecze\u0144stwo, ochrona, \u015brodowisko, us\u0142ugi, uproszczenie dzia\u0142alno\u015bci oraz pomoc w budowaniu relacji w bran\u017cy.<\/li>\n<li>  Plan rozlicze\u0144 i rozrachunk\u00f3w IATA s\u0142u\u017cy jako finansowy kr\u0119gos\u0142up bran\u017cy, zarz\u0105dzaj\u0105c przep\u0142ywem ponad $270 miliard\u00f3w euro rocznie generowanych przez biura podr\u00f3\u017cy ze sprzeda\u017cy bilet\u00f3w liniom lotniczym.<\/li>\n<\/ol>\n<p><strong>Profil Zrzeszenia Mi\u0119dzynarodowego Transportu Lotniczego:<\/strong><\/p>\n<p>IATA jest uznanym na ca\u0142ym \u015bwiecie stowarzyszeniem handlowym linii lotniczych, dzia\u0142aj\u0105cym od ponad 50 lat. Do jej cz\u0142onk\u00f3w nale\u017c\u0105 zar\u00f3wno <a href=\"https:\/\/moverdb.com\/pl\/spedytor\/\">fracht<\/a> i przewo\u017anik\u00f3w pasa\u017cerskich, a swoje biura ma w 53 krajach na ca\u0142ym \u015bwiecie. <\/p>\n<p>Rozwija\u0142a si\u0119 ona wraz z bran\u017c\u0105 lotnicz\u0105, wsp\u00f3\u0142pracuj\u0105c z ni\u0105 w celu opracowania standard\u00f3w, praktyk i procedur reguluj\u0105cych t\u0119 bran\u017c\u0119 i zapewniaj\u0105cych klientom sta\u0142y poziom us\u0142ug. IATA jest organizacj\u0105 prawdziwie globaln\u0105, a jej 260 cz\u0142onk\u00f3w pochodzi z ponad 117 kraj\u00f3w.<\/p>\n<p>Opr\u00f3cz ochrony konsument\u00f3w IATA anga\u017cuje si\u0119 w dzia\u0142ania na rzecz zr\u00f3wnowa\u017conego rozwoju bran\u017cy lotniczej. Organizacja ta oferuje informacje o liniach lotniczych, szereg publikacji oraz programy szkoleniowe i akredytacje dla os\u00f3b pracuj\u0105cych w bran\u017cy turystycznej. <\/p>\n<p>Ponadto \u015bwiadczy szereg us\u0142ug finansowych, takich jak us\u0142ugi windykacyjne dla linii lotniczych.<\/p>\n<p><strong>Kryteria cz\u0142onkostwa<\/strong><\/p>\n<p>Cz\u0142onkostwo IATA z pe\u0142nymi prawami i przywilejami mo\u017cna uzyska\u0107 dopiero po: Rejestracji w IATA Operational Safety Audit (IOSA), Przegl\u0105dzie administracyjnym przeprowadzonym przez Dzia\u0142 Cz\u0142onkostwa, Uiszczeniu wszystkich op\u0142at za wniosek i sk\u0142adek cz\u0142onkowskich.<\/p>\n<p>Pomy\u015blne uko\u0144czenie IOSA skutkuje wpisaniem do rejestru IOSA. Linia lotnicza musi figurowa\u0107 w rejestrze IOSA, zanim zostanie zatwierdzone jej cz\u0142onkostwo w IATA.<\/p>\n<p>Nast\u0119pnie nale\u017cy z\u0142o\u017cy\u0107 formularz zg\u0142oszeniowy wraz z nast\u0119puj\u0105cymi dokumentami uzupe\u0142niaj\u0105cymi:<\/p>\n<ul>\n<li> Po\u015bwiadczon\u0105 kopi\u0119 certyfikatu przewo\u017anika lotniczego (AOC), wa\u017cn\u0105 przez co najmniej sze\u015b\u0107 miesi\u0119cy, z ORYGINALN\u0104 piecz\u0119ci\u0105, dat\u0105 i podpisem organu wydaj\u0105cego (nie notariusza), wraz ze specyfikacjami operacyjnymi wydanymi przez pa\u0144stwo rejestracji, je\u017celi ma to zastosowanie.<\/li>\n<li> Uwierzytelniona kopia Za\u015bwiadczenia o rejestracji w odpowiednim urz\u0119dzie, np. w Izbie Handlowej lub innym r\u00f3wnowa\u017cnym urz\u0119dzie. Dopuszczalne jest po\u015bwiadczenie notarialne.<\/li>\n<li> Zbadane przez bieg\u0142ego rewidenta sprawozdania finansowe wnioskuj\u0105cej linii lotniczej, a w przypadku posiadania wi\u0119kszo\u015bci udzia\u0142\u00f3w przez inn\u0105 firm\u0119 (w tym w\u0142asno\u015b\u0107 pa\u0144stwow\u0105) - sprawozdania finansowe firmy b\u0119d\u0105cej w\u0142a\u015bcicielem. Sprawozdania te musz\u0105 by\u0107 po\u015bwiadczone przez bieg\u0142ego rewidenta lub ksi\u0119gowego. W przypadku nowych linii lotniczych dopuszczalny jest biznesplan przygotowany przez bieg\u0142ego rewidenta lub bieg\u0142ego rewidenta.<\/li>\n<li> Raport roczny wnioskuj\u0105cej linii lotniczej lub statut sp\u00f3\u0142ki pokazuj\u0105cy, jak zosta\u0142a ona utworzona, lub profil linii lotniczej.<\/li>\n<li> Wa\u017cne za\u015bwiadczenia o ubezpieczeniu, zawieraj\u0105ce typ statku powietrznego, numer rejestracyjny ka\u017cdego statku powietrznego i odpowiednie dane organu rejestruj\u0105cego, wa\u017cne przez co najmniej sze\u015b\u0107 miesi\u0119cy.<\/li>\n<li> Statystyki ruchu lotniczego za poprzednie dwa lata. Wym\u00f3g ten nie dotyczy nowych linii lotniczych.<\/li>\n<li> Opublikowany rozk\u0142ad lot\u00f3w\/rozk\u0142ad lot\u00f3w, je\u015bli linia lotnicza prowadzi dzia\u0142alno\u015b\u0107 regularn\u0105. W przypadku operacji nieregularnych wymagana jest lista miejsc docelowych.<\/li>\n<\/ul>\n<p><strong>Lista cz\u0142onk\u00f3w IATA <a href=\"https:\/\/moverdb.com\/pl\/moving-companies\/\" data-internallinksmanager029f6b8e52c=\"79\" title=\"25 najlepszych firm przeprowadzek mi\u0119dzynarodowych online\">Firmy przeprowadzkowe<\/a><\/strong><\/p>\n<ul>\n<li> <a href=\"https:\/\/moverdb.com\/pl\/armstrong-relokacja\/\">Armstrong Relokacja<\/a><\/li>\n<li> <a href=\"https:\/\/moverdb.com\/pl\/atlas-van-lines-international\/\">Atlas Van Lines<\/a><\/li>\n<li> <a href=\"https:\/\/moverdb.com\/pl\/suddath\/\">Suddath<\/a><\/li>\n<li> <a href=\"https:\/\/moverdb.com\/pl\/nippon-express\/\">Nippon Express<\/a><\/li>\n<li> <a href=\"https:\/\/moverdb.com\/pl\/bolliger\/\">Bolliger<\/a><\/li>\n<\/ul>\n<p><strong>Opinie o Stowarzyszeniu Mi\u0119dzynarodowego Transportu Lotniczego<\/strong><\/p>\n<p>IATA pojawia si\u0119 na stronach internetowych wi\u0119kszo\u015bci du\u017cych linii lotniczych (cz\u0119sto za pomoc\u0105 kodu IATA), ma te\u017c swoj\u0105 w\u0142asn\u0105 stron\u0119 w Wikipedii. <\/p>\n<p>Jego znaczenie jako stowarzyszenia handlowego jest oczywiste, podobnie jak udzia\u0142 w opracowywaniu pewnych standard\u00f3w bran\u017cowych dla sektora linii lotniczych. Cz\u0119sto podkre\u015bla si\u0119 fakt, \u017ce jego cz\u0142onkowie odpowiadaj\u0105 za ponad 90% \u015bwiatowego regularnego ruchu lotniczego. <\/p>\n<p>W artyku\u0142ach internetowych dotycz\u0105cych bran\u017cy lotniczej cz\u0119sto wspomina si\u0119 o IATA i jej udziale w podejmowaniu decyzji w kluczowych kwestiach i przedstawianiu wa\u017cnych sugestii, takich jak uregulowanie rozmiaru baga\u017cu przeznaczonego do pojemnik\u00f3w nad g\u0142ow\u0105. <\/p>\n<p>IATA jest wymieniana w wielu kontekstach, od partnerstwa w zarz\u0105dzaniu projektami po regulacje UE. Bior\u0105c pod uwag\u0119 cz\u0119stotliwo\u015b\u0107 i zakres doniesie\u0144 prasowych dotycz\u0105cych IATA, mo\u017cna stwierdzi\u0107, \u017ce jest to aktywne i znacz\u0105ce stowarzyszenie bran\u017cowe.<\/p>\n<p><strong>Strona internetowa:<\/strong> <a href=\"http:\/\/www.iata.org\/Pages\/default.aspx\" target=\"_blank\" rel=\"noopener\">http:\/\/www.iata.org\/Pages\/default.aspx<\/a><\/p>","protected":false},"excerpt":{"rendered":"<p>The International Air Transport Association (IATA) is the global trade association for the world&#8217;s airlines. Its mission is to lead and serve its members, as well as to represent their interests in a way that boosts the airport transport industry. Key facts about IATA: It represents around 260 airlines or 83% of total air traffic. [&hellip;]<\/p>\n","protected":false},"author":1,"featured_media":0,"parent":0,"menu_order":0,"comment_status":"closed","ping_status":"closed","template":"","meta":{"_genesis_hide_title":false,"_genesis_hide_breadcrumbs":false,"_genesis_hide_singular_image":false,"_genesis_hide_footer_widgets":false,"_genesis_custom_body_class":"","_genesis_custom_post_class":"","_genesis_layout":"","footnotes":""},"class_list":{"0":"post-440","1":"page","2":"type-page","3":"status-publish","5":"entry"},"_links":{"self":[{"href":"https:\/\/moverdb.com\/pl\/wp-json\/wp\/v2\/pages\/440","targetHints":{"allow":["GET"]}}],"collection":[{"href":"https:\/\/moverdb.com\/pl\/wp-json\/wp\/v2\/pages"}],"about":[{"href":"https:\/\/moverdb.com\/pl\/wp-json\/wp\/v2\/types\/page"}],"author":[{"embeddable":true,"href":"https:\/\/moverdb.com\/pl\/wp-json\/wp\/v2\/users\/1"}],"replies":[{"embeddable":true,"href":"https:\/\/moverdb.com\/pl\/wp-json\/wp\/v2\/comments?post=440"}],"version-history":[{"count":10,"href":"https:\/\/moverdb.com\/pl\/wp-json\/wp\/v2\/pages\/440\/revisions"}],"predecessor-version":[{"id":13161,"href":"https:\/\/moverdb.com\/pl\/wp-json\/wp\/v2\/pages\/440\/revisions\/13161"}],"wp:attachment":[{"href":"https:\/\/moverdb.com\/pl\/wp-json\/wp\/v2\/media?parent=440"}],"curies":[{"name":"wp","href":"https:\/\/api.w.org\/{rel}","templated":true}]}}