{"id":439,"date":"2016-06-12T19:46:10","date_gmt":"2016-06-12T19:46:10","guid":{"rendered":"http:\/\/moverdb.com\/?page_id=439"},"modified":"2026-01-08T14:40:02","modified_gmt":"2026-01-08T14:40:02","slug":"lacma","status":"publish","type":"page","link":"https:\/\/moverdb.com\/pl\/lacma\/","title":{"rendered":"Stowarzyszenie Przewo\u017anik\u00f3w Mi\u0119dzynarodowych Ameryki \u0141aci\u0144skiej i Karaib\u00f3w (LACMA)"},"content":{"rendered":"<p>Stowarzyszenie Mi\u0119dzynarodowych Przewo\u017anik\u00f3w Latynoameryka\u0144skich i Karaibskich (LACIMA) reprezentuje firmy zajmuj\u0105ce si\u0119 przeprowadzkami i relokacj\u0105, kt\u00f3rych celem jest wspieranie integracji firm lokalnych oraz innych firm z ca\u0142ego \u015bwiata.<\/p>\n<p><strong>Najwa\u017cniejsze fakty o LACMA:<\/strong><\/p>\n<ol>a<\/p>\n<li>  Cz\u0142onkostwo w LACMA jest otwarte dla firm przeprowadzkowych i relokacyjnych z Ameryki \u0141aci\u0144skiej i ca\u0142ego \u015bwiata.<\/li>\n<li>  Jest to stowarzyszenie latynoameryka\u0144skie reprezentowane w <a href=\"https:\/\/moverdb.com\/pl\/fidi-faim\/\">FIDI<\/a>.<\/li>\n<li>  Jego siedziba mie\u015bci si\u0119 w <a href=\"https:\/\/moverdb.com\/pl\/moving-to-panama\/\" data-internallinksmanager029f6b8e52c=\"432\" title=\"Przeprowadzka do Panamy? Koszty \u017cycia i wskaz\u00f3wki dotycz\u0105ce relokacji w 2023 r.\">Panama<\/a>.<\/li>\n<li>  Stowarzyszenie pe\u0142ni rol\u0119 mediatora w konfliktach, kt\u00f3re mog\u0105 powsta\u0107 mi\u0119dzy jego cz\u0142onkami lub mi\u0119dzy cz\u0142onkiem a innymi osobami niezwi\u0105zanymi ze stowarzyszeniem.<\/li>\n<li>  Nie wymaga, by ich cz\u0142onkowie byli <a href=\"https:\/\/moverdb.com\/pl\/fidi-faim\/\" data-internallinksmanager029f6b8e52c=\"16\" title=\"FIDI i FAIM (FIDI Accredited International Mover) - obja\u015bnienia\">FIDI<\/a> stowarzyszonych, poniewa\u017c LACMA zachowuje niezale\u017cne kryteria przynale\u017cno\u015bci.<\/li>\n<li>  LACMA posiada w\u0142asny instytut szkoleniowy, kt\u00f3ry organizuje seminaria stacjonarne i wirtualne, w tym kurs szkoleniowy dla instruktor\u00f3w Packers.<\/li>\n<li>  Oferuje program gwarancji p\u0142atno\u015bci, kt\u00f3ry stanowi \u017ar\u00f3d\u0142o informacji dla cz\u0142onk\u00f3w pragn\u0105cych odzyska\u0107 zaleg\u0142e kwoty od innych cz\u0142onk\u00f3w stowarzyszenia.<\/li>\n<li>  Cz\u0142onkami LACMA mog\u0105 by\u0107 firmy aktywne (firmy z Ameryki \u0141aci\u0144skiej lub Karaib\u00f3w, kt\u00f3re aktywnie zajmuj\u0105 si\u0119 przeprowadzkami mi\u0119dzynarodowymi i pakowaniem, dysponuj\u0105ce w\u0142asnym personelem, transportem i zapleczem magazynowym), stowarzyszone (firmy spoza Ameryki \u0141aci\u0144skiej i Karaib\u00f3w, kt\u00f3re zajmuj\u0105 si\u0119 przeprowadzkami mi\u0119dzynarodowymi i pakowaniem) lub stowarzyszone (firmy, kt\u00f3re dostarczaj\u0105 cz\u0142onkom przydatne towary i us\u0142ugi).<\/li>\n<li>  Organizacja stwierdza: \"FIDI Latin America reprezentuje 53 firmy (FIDI-LACMA i FIDI-Non LACMA) w naszym regionie\".<\/li>\n<\/ol>\n<p><strong>Stowarzyszenie Mi\u0119dzynarodowych Przewo\u017anik\u00f3w Latynoameryka\u0144skich i Karaibskich profil<\/strong><\/p>\n<p>LACMA zosta\u0142a powo\u0142ana do reprezentowania interes\u00f3w swoich cz\u0142onk\u00f3w oraz do wyznaczania i utrzymywania standard\u00f3w us\u0142ug w bran\u017cy. <\/p>\n<p>Jest to organizacja FIDI w Ameryce \u0141aci\u0144skiej, co nadaje jej pewn\u0105 wiarygodno\u015b\u0107, poniewa\u017c jest uznawana przez FIDI za reprezentanta interes\u00f3w firm stowarzyszonych w tym regionie. <\/p>\n<p>LACMA oferuje kilka rodzaj\u00f3w cz\u0142onkostwa, w tym cz\u0142onkostwo czynne i stowarzyszone. Zapewnia tak\u017ce cz\u0142onkom szeroki wachlarz szkole\u0144 elektronicznych, informacji i seminari\u00f3w, kt\u00f3re pomagaj\u0105 zwi\u0119kszy\u0107 wiedz\u0119 i efektywno\u015b\u0107 biznesow\u0105 - Instytut Szkoleniowy LACMA zosta\u0142 za\u0142o\u017cony w 1992 roku w celu lepszego kszta\u0142cenia cz\u0142onk\u00f3w. <\/p>\n<p>Cz\u0142onkowie korzystaj\u0105 r\u00f3wnie\u017c z pewnych zabezpiecze\u0144, takich jak program gwarancji p\u0142atno\u015bci - maj\u0105cy na celu pomoc w odzyskaniu kwot nale\u017cnych od innych cz\u0142onk\u00f3w - oraz program LACMA S.O.S., kt\u00f3ry zapewnia pomoc humanitarn\u0105 cz\u0142onkom dotkni\u0119tym kl\u0119skami \u017cywio\u0142owymi, kt\u00f3re cz\u0119sto dotykaj\u0105 t\u0119 cz\u0119\u015b\u0107 \u015bwiata.<\/p>\n<p><strong>Kryteria cz\u0142onkostwa:<\/strong><\/p>\n<p><u>Aktywni cz\u0142onkowie<\/u><\/p>\n<ul>\n<li> Wype\u0142nienie wniosku o cz\u0142onkostwo na oficjalnym formularzu LACMA i dostarczenie wymaganych informacji, wyra\u017cenie zgody na przestrzeganie Regulaminu LACMA, Kodeksu Etycznego oraz uchwa\u0142 Zarz\u0105du LACMA.<\/li>\n<li> Zapewnienie sponsoringu pi\u0119ciu (5) Aktywnym Cz\u0142onkom LACMA.<\/li>\n<li> Nale\u017cy przedstawi\u0107 sprawozdania finansowe z ostatnich dw\u00f3ch lat wraz z odpowiednimi notami.<\/li>\n<li> Dostarczy\u0107 Kart\u0119 Korporacyjn\u0105 firmy (wymagana co najmniej czteroletnia dzia\u0142alno\u015b\u0107 w <a href=\"https:\/\/moverdb.com\/pl\/firmy-przeprowadzkowe\/\">przeprowadzki mi\u0119dzynarodowe<\/a> przemys\u0142).<\/li>\n<li> Po zako\u0144czeniu procesu aplikacyjnego i zatwierdzeniu wniosku nale\u017cy ui\u015bci\u0107 op\u0142at\u0119 wst\u0119pn\u0105, op\u0142at\u0119 inicjacyjn\u0105 PGP, roczne sk\u0142adki cz\u0142onkowskie PGP i LACMA.<\/li>\n<\/ul>\n<p><u>Cz\u0142onkowie stowarzyszeni<\/u><\/p>\n<ul>\n<li> Wype\u0142nienie wniosku o cz\u0142onkostwo na oficjalnym formularzu LACMA i dostarczenie wymaganych informacji, wyra\u017cenie zgody na przestrzeganie Regulaminu LACMA, Kodeksu Etycznego oraz uchwa\u0142 Zarz\u0105du LACMA.<\/li>\n<li> Zapewnienie sponsoringu pi\u0119ciu (5) Cz\u0142onk\u00f3w Czynnych i\/lub Stowarzyszonych LACMA, w tym co najmniej dw\u00f3ch Cz\u0142onk\u00f3w Stowarzyszonych.<\/li>\n<li> Nale\u017cy przedstawi\u0107 sprawozdania finansowe z ostatnich dw\u00f3ch lat wraz z odpowiednimi notami.<\/li>\n<li> Dostarczenie Karty Korporacyjnej firmy (wymagane minimum cztery lata dzia\u0142alno\u015bci w bran\u017cy przeprowadzek wewn\u0119trznych).<\/li>\n<li> Op\u0142aci\u0107 op\u0142at\u0119 wst\u0119pn\u0105, op\u0142at\u0119 inicjacyjn\u0105 PGP, roczn\u0105 sk\u0142adk\u0119 cz\u0142onkowsk\u0105 PGP i LACMA po zako\u0144czeniu procesu sk\u0142adania wniosku i jego zatwierdzeniu.<\/li>\n<\/ul>\n<p><u>Cz\u0142onkowie adiunkt\u00f3w<\/u><\/p>\n<ul>\n<li> Wype\u0142nienie wniosku o cz\u0142onkostwo na oficjalnym formularzu LACMA i dostarczenie wymaganych informacji, wyra\u017cenie zgody na przestrzeganie Regulaminu LACMA, Kodeksu Etycznego i uchwa\u0142 Zarz\u0105du LACMA.<\/li>\n<li> Zapewnienie sponsoringu dla (2) aktywnych i\/lub stowarzyszonych cz\u0142onk\u00f3w LACMA.<\/li>\n<li> Po zako\u0144czeniu procesu sk\u0142adania wniosku i jego zatwierdzeniu nale\u017cy ui\u015bci\u0107 op\u0142at\u0119 wst\u0119pn\u0105 i roczn\u0105 op\u0142at\u0119 cz\u0142onkowsk\u0105 LACMA. Informacje na temat cytowanych op\u0142at mo\u017cna uzyska\u0107 w sekretariacie LACMA.<\/li>\n<li> Nale\u017cy przedstawi\u0107 dow\u00f3d, \u017ce oferowany produkt lub us\u0142uga s\u0105 komercjalizowane od co najmniej jednego roku.<\/li>\n<\/ul>\n<p><strong>Przyk\u0142adowe firmy cz\u0142onkowskie<\/strong><\/p>\n<ul>\n<li> <a href=\"https:\/\/moverdb.com\/pl\/aires\/\">Aires<\/a><\/li>\n<li> <a href=\"https:\/\/moverdb.com\/pl\/arpin-international\/\">Arpin International<\/a><\/li>\n<li> <a href=\"https:\/\/moverdb.com\/pl\/atlas-van-lines-international\/\">Atlas Van Lines<\/a><\/li>\n<li> <a href=\"https:\/\/moverdb.com\/pl\/santa-fe-relocation\/\">Us\u0142ugi relokacyjne w Santa Fe<\/a><\/li>\n<li> <a href=\"https:\/\/moverdb.com\/pl\/sterling-relocation\/\">Sterling Relocation<\/a><\/li>\n<li> <a href=\"https:\/\/moverdb.com\/pl\/stevens-worldwide-van-lines\/\">Stevens Worldwide Van Lines<\/a><\/li>\n<li> <a href=\"https:\/\/moverdb.com\/pl\/amj-campbell-van-lines\/\">AMJ Campbell Van Lines<\/a><\/li>\n<li> <a href=\"https:\/\/moverdb.com\/pl\/suddath\/\">Suddath<\/a><\/li>\n<li> <a href=\"https:\/\/moverdb.com\/pl\/dt-moving\/\">DT Moving<\/a><\/li>\n<li> <a href=\"https:\/\/moverdb.com\/pl\/john-mason\/\">John Mason Przeprowadzki mi\u0119dzynarodowe<\/a><\/li>\n<li> <a href=\"https:\/\/moverdb.com\/pl\/mudanzas-gou\/\">Mudanzas Gou<\/a><\/li>\n<li> <a href=\"https:\/\/moverdb.com\/pl\/gil-stauffer\/\">Gil Stauffer<\/a><\/li>\n<\/ul>\n<p><strong>Opinie o LACMA:<\/strong><\/p>\n<p>Z informacji dost\u0119pnych w Internecie wynika, \u017ce cz\u0142onkowie LACMA odpowiadaj\u0105 za 90% przeprowadzek do i z regionu Ameryki \u0141aci\u0144skiej i Karaib\u00f3w. Uwa\u017ca si\u0119, \u017ce jest to jeden z najwa\u017cniejszych <a href=\"https:\/\/moverdb.com\/pl\/organizacje-stowarzyszenia\/\">organizacje zajmuj\u0105ce si\u0119 przeprowadzkami i spedycj\u0105 mi\u0119dzynarodow\u0105<\/a>.<\/p>\n<p>Firmy przeprowadzkowe wspominaj\u0105 o LACMA w kontek\u015bcie zapewniania klient\u00f3w o standardach profesjonalizmu i zasi\u0119gu geograficznym. Jej cz\u0142onkowie s\u0105 wymieniani jako jedni z najlepszych firm przeprowadzkowych na \u015bwiecie, a informacje dost\u0119pne w Internecie wskazuj\u0105, \u017ce reprezentuj\u0105 oni nast\u0119puj\u0105ce obszary: <em>\"Europa 31%, The <a href=\"https:\/\/moverdb.com\/pl\/moving-to-the-united-states\/\" data-internallinksmanager029f6b8e52c=\"94\" title=\"Przeprowadzasz si\u0119 do Stan\u00f3w Zjednoczonych? 2026 Koszty \u017cycia i wskaz\u00f3wki dotycz\u0105ce przeprowadzki\">Stany Zjednoczone<\/a> &amp; <a href=\"https:\/\/moverdb.com\/pl\/moving-to-canada\/\" data-internallinksmanager029f6b8e52c=\"265\" title=\"Przeprowadzka do Kanady? 2026 Koszty utrzymania i wskaz\u00f3wki dotycz\u0105ce przeprowadzki\">Kanada<\/a> 26%, Ameryka \u0141aci\u0144ska i Karaiby 28% oraz <a href=\"https:\/\/moverdb.com\/pl\/moving-to-australia\/living-in-australia\/\" data-internallinksmanager029f6b8e52c=\"240\" title=\"21 sekret\u00f3w o \u017cyciu w Australii, kt\u00f3re warto pozna\u0107 przed przeprowadzk\u0105\">Australia<\/a>, Bliski Wsch\u00f3d i Daleki Wsch\u00f3d 15%.\"<\/em> <\/p>\n<p>Ci, kt\u00f3rzy umieszczaj\u0105 LACMA na swoich stronach internetowych, cz\u0119sto pochodz\u0105 spoza regionu, ale demonstruj\u0105 sw\u00f3j globalny zasi\u0119g poprzez cz\u0142onkostwo w tej organizacji.<\/p>\n<blockquote><p>LACMA to stowarzyszenie zrzeszaj\u0105ce najlepszych pracownik\u00f3w przeprowadzek mi\u0119dzynarodowych z Ameryki \u0141aci\u0144skiej i Karaib\u00f3w, kt\u00f3rzy odpowiadaj\u0105 za ponad 90 procent przeprowadzek do i z tego regionu.<\/p><\/blockquote>\n<p>- <a href=\"http:\/\/www.brytor.ca\/memberships.php\" target=\"_blank\" rel=\"noopener\">Brytor International Moving<\/a><\/p>\n<blockquote><p>LACMA to stowarzyszenie, do kt\u00f3rego nale\u017c\u0105 najlepsi 260 <a href=\"https:\/\/moverdb.com\/pl\/moving-companies\/\" data-internallinksmanager029f6b8e52c=\"79\" title=\"25 najlepszych firm przeprowadzek mi\u0119dzynarodowych online\">firmy przeprowadzkowe<\/a> \u015bwiata, g\u0142\u00f3wnie z Ameryki \u0141aci\u0144skiej i Karaib\u00f3w. Ze wzgl\u0119du na sw\u00f3j presti\u017c generuj\u0105 one 90% importu i eksportu realizowanego w Ameryce \u0141aci\u0144skiej.<\/p><\/blockquote>\n<p>- <a href=\"http:\/\/miglobal.com\/miglobal.com\/httpdocs\/affiliations.html\" target=\"_blank\" rel=\"noopener\">Zagro\u017cenia mi\u0119dzynarodowe na \u015bwiecie<\/a><\/p>\n<p><strong>Strona internetowa:<\/strong> <a href=\"http:\/\/www.lacmassoc.org\/\" target=\"_blank\" rel=\"noopener\">http:\/\/www.lacmassoc.org\/<\/a><\/p>","protected":false},"excerpt":{"rendered":"<p>The Latin American and Caribbean International Movers Association (LACIMA) represents a collection of moving and relocation companies with a view to encouraging integration of locally based businesses, as well as others across the world. Key facts about LACMA: a Membership of LACMA is open to moving and relocation companies from Latin America and the rest [&hellip;]<\/p>\n","protected":false},"author":1,"featured_media":0,"parent":0,"menu_order":0,"comment_status":"closed","ping_status":"closed","template":"","meta":{"_genesis_hide_title":false,"_genesis_hide_breadcrumbs":false,"_genesis_hide_singular_image":false,"_genesis_hide_footer_widgets":false,"_genesis_custom_body_class":"","_genesis_custom_post_class":"","_genesis_layout":"","footnotes":""},"class_list":{"0":"post-439","1":"page","2":"type-page","3":"status-publish","5":"entry"},"_links":{"self":[{"href":"https:\/\/moverdb.com\/pl\/wp-json\/wp\/v2\/pages\/439","targetHints":{"allow":["GET"]}}],"collection":[{"href":"https:\/\/moverdb.com\/pl\/wp-json\/wp\/v2\/pages"}],"about":[{"href":"https:\/\/moverdb.com\/pl\/wp-json\/wp\/v2\/types\/page"}],"author":[{"embeddable":true,"href":"https:\/\/moverdb.com\/pl\/wp-json\/wp\/v2\/users\/1"}],"replies":[{"embeddable":true,"href":"https:\/\/moverdb.com\/pl\/wp-json\/wp\/v2\/comments?post=439"}],"version-history":[{"count":21,"href":"https:\/\/moverdb.com\/pl\/wp-json\/wp\/v2\/pages\/439\/revisions"}],"predecessor-version":[{"id":13169,"href":"https:\/\/moverdb.com\/pl\/wp-json\/wp\/v2\/pages\/439\/revisions\/13169"}],"wp:attachment":[{"href":"https:\/\/moverdb.com\/pl\/wp-json\/wp\/v2\/media?parent=439"}],"curies":[{"name":"wp","href":"https:\/\/api.w.org\/{rel}","templated":true}]}}