{"id":437,"date":"2016-06-12T15:02:39","date_gmt":"2016-06-12T15:02:39","guid":{"rendered":"http:\/\/moverdb.com\/?page_id=437"},"modified":"2026-01-08T13:18:34","modified_gmt":"2026-01-08T13:18:34","slug":"hgfaa","status":"publish","type":"page","link":"https:\/\/moverdb.com\/pl\/hgfaa\/","title":{"rendered":"Ameryka\u0144skie Stowarzyszenie Spedytor\u00f3w Gospodarstw Domowych (HGFAA) - obja\u015bnienia"},"content":{"rendered":"<p>Household Goods Forwarders Association of America (HGFAA) okre\u015bla siebie jako globalne stowarzyszenie firm przeprowadzkowych, kt\u00f3re d\u0105\u017c\u0105 do zapewnienia klientom jak najlepszej obs\u0142ugi podczas przeprowadzki. Obecnie zosta\u0142o ono zast\u0105pione przez <a href=\"https:\/\/moverdb.com\/pl\/jestem\/\">Mi\u0119dzynarodowe Stowarzyszenie Przewo\u017anik\u00f3w<\/a> (<a href=\"https:\/\/moverdb.com\/pl\/iam\/\" data-internallinksmanager029f6b8e52c=\"23\" title=\"Mi\u0119dzynarodowe Stowarzyszenie Przewo\u017anik\u00f3w (IAM) - obja\u015bnienia\">IAM<\/a>), cho\u0107 niekt\u00f3rzy przewo\u017anicy nadal zamieszczaj\u0105 je na swoich stronach internetowych. <\/p>\n<p><strong>Najwa\u017cniejsze fakty o HGFAA:<\/strong><\/p>\n<ol>\n<li>  HGFAA zrzesza na ca\u0142ym \u015bwiecie ponad 1800 firm.<\/li>\n<li>  HGFAA jest organizacj\u0105 globaln\u0105, kt\u00f3rej cz\u0142onkowie pochodz\u0105 z ponad 160 kraj\u00f3w i terytori\u00f3w.<\/li>\n<li>  Portal jest czasopismem bran\u017cowym stowarzyszenia.<\/li>\n<li>  Stowarzyszenie reprezentuje bran\u017c\u0119 ruchomo\u015bci w <a href=\"https:\/\/moverdb.com\/pl\/moving-to-the-united-states\/\" data-internallinksmanager029f6b8e52c=\"94\" title=\"Przeprowadzasz si\u0119 do Stan\u00f3w Zjednoczonych? 2026 Koszty \u017cycia i wskaz\u00f3wki dotycz\u0105ce przeprowadzki\">Stany Zjednoczone<\/a>.<\/li>\n<li>  HGFAA jest znana ze swojej sieci \u0142\u0105czno\u015bci i o\u015brodka szkoleniowego.<\/li>\n<\/ol>\n<p><strong>Profil Ameryka\u0144skiego Stowarzyszenia Spedytor\u00f3w Artyku\u0142\u00f3w Gospodarstwa Domowego:<\/strong><\/p>\n<p>HGFAA skupia si\u0119 na konsumentach, udost\u0119pniaj\u0105c baz\u0119 danych rzetelnych firm przeprowadzkowych, kt\u00f3re mog\u0105 pom\u00f3c w przeprowadzce w dowolnym miejscu na \u015bwiecie. Jej celem jest zapewnienie wysokiego standardu us\u0142ug i zagwarantowanie konsumentom wszelkich informacji potrzebnych do przeprowadzenia si\u0119, od organizacji dnia przeprowadzki po przeprowadzk\u0119 i opiek\u0119 zdrowotn\u0105. <\/p>\n<p>HGFAA wydaje sw\u00f3j w\u0142asny magazyn bran\u017cowy Portal, kt\u00f3ry ukazuje si\u0119 sze\u015b\u0107 razy w roku. Strona internetowa HGFAA zawiera wiele link\u00f3w zar\u00f3wno dla bran\u017cy, jak i dla konsument\u00f3w, dotycz\u0105cych interesuj\u0105cych ich temat\u00f3w, takich jak diety, podr\u00f3\u017ce i transport oraz przeprowadzki ze zwierz\u0119tami domowymi.<\/p>\n<p><strong>Kryteria cz\u0142onkostwa:<\/strong><\/p>\n<p>HGFAA oferuje formularz cz\u0142onkowski do pobrania, ale obecnie nie jest on dost\u0119pny na stronie internetowej. Na stronie internetowej nie s\u0105 wymienione \u017cadne warunki cz\u0142onkostwa.<\/p>\n<p><strong>Przyk\u0142adowe firmy cz\u0142onkowskie<\/strong><\/p>\n<ul>\n<li> <a href=\"https:\/\/moverdb.com\/pl\/atlas-van-lines-international\/\">Atlas Van Lines<\/a><\/li>\n<li> <a href=\"https:\/\/moverdb.com\/pl\/orzel-relokacje\/\">Przeprowadzki Or\u0142\u00f3w<\/a><\/li>\n<li> <a href=\"https:\/\/moverdb.com\/pl\/nadmiar-miedzynarodowe-przeprowadzki\/\">Nadwy\u017cka mi\u0119dzynarodowych przeprowadzek<\/a><\/li>\n<li> <a href=\"https:\/\/moverdb.com\/pl\/fn-removals\/\">F&amp;N Przeprowadzki na ca\u0142ym \u015bwiecie<\/a><\/li>\n<li> <a href=\"https:\/\/moverdb.com\/pl\/mudanzas-gou\/\">Mudanzas Gou<\/a><\/li>\n<\/ul>\n<p><strong>Opinie na temat HGFAA:<\/strong><\/p>\n<p>Stowarzyszenie HGFAA nie ma du\u017cego profilu w Internecie i nie jest wymieniane na wielu stronach internetowych firm przeprowadzkowych. Opinie online o HGFAA, pochodz\u0105ce od tych firm przeprowadzkowych, kt\u00f3re umie\u015bci\u0142y j\u0105 na swoich stronach internetowych, koncentruj\u0105 si\u0119 na globalnym charakterze stowarzyszenia i jego zaanga\u017cowaniu w wysokie standardy us\u0142ug.<\/p>\n<p><a href=\"http:\/\/www.bloomberg.com\/profiles\/companies\/0774891D:US-household-goods-forwarders-association-of-america\" target=\"_blank\" rel=\"noopener\">Bloomberg koncentruje si\u0119<\/a> na reprezentacj\u0119 bran\u017cy, fakt, \u017ce dzia\u0142a jako sie\u0107 komunikacyjna i plac\u00f3wka szkoleniowa oraz bogactwo szkole\u0144, zasob\u00f3w, publikacji i us\u0142ug referencyjnych.<\/p>\n<blockquote><p>HHGFAA to globalne stowarzyszenie spedytor\u00f3w i przewo\u017anik\u00f3w, kt\u00f3rych celem jest zapewnienie klientom najwy\u017cszego poziomu us\u0142ug.<\/p><\/blockquote>\n<p>- <a href=\"http:\/\/www.amjbc.ca\/international-moving-services\/\" target=\"_blank\" rel=\"noopener\">AMJ Campbell Relokacje na \u015bwiecie<\/a><\/p>\n<p><strong>Strona internetowa:<\/strong> <a href=\"http:\/\/www.hhgfaa.org\/\" target=\"_blank\" rel=\"noopener\">http:\/\/www.hhgfaa.org\/<\/a><\/p>","protected":false},"excerpt":{"rendered":"<p>The Household Goods Forwarders Association of America (HGFAA) describes itself as a global association of movers who are committed to ensuring that customers receive the best possible service during their move. It has now been replaced by the International Association of Movers (IAM), although several movers still list it on their websites. Key facts about [&hellip;]<\/p>\n","protected":false},"author":1,"featured_media":0,"parent":0,"menu_order":0,"comment_status":"closed","ping_status":"closed","template":"","meta":{"_genesis_hide_title":false,"_genesis_hide_breadcrumbs":false,"_genesis_hide_singular_image":false,"_genesis_hide_footer_widgets":false,"_genesis_custom_body_class":"","_genesis_custom_post_class":"","_genesis_layout":"","footnotes":""},"class_list":{"0":"post-437","1":"page","2":"type-page","3":"status-publish","5":"entry"},"_links":{"self":[{"href":"https:\/\/moverdb.com\/pl\/wp-json\/wp\/v2\/pages\/437","targetHints":{"allow":["GET"]}}],"collection":[{"href":"https:\/\/moverdb.com\/pl\/wp-json\/wp\/v2\/pages"}],"about":[{"href":"https:\/\/moverdb.com\/pl\/wp-json\/wp\/v2\/types\/page"}],"author":[{"embeddable":true,"href":"https:\/\/moverdb.com\/pl\/wp-json\/wp\/v2\/users\/1"}],"replies":[{"embeddable":true,"href":"https:\/\/moverdb.com\/pl\/wp-json\/wp\/v2\/comments?post=437"}],"version-history":[{"count":12,"href":"https:\/\/moverdb.com\/pl\/wp-json\/wp\/v2\/pages\/437\/revisions"}],"predecessor-version":[{"id":6221,"href":"https:\/\/moverdb.com\/pl\/wp-json\/wp\/v2\/pages\/437\/revisions\/6221"}],"wp:attachment":[{"href":"https:\/\/moverdb.com\/pl\/wp-json\/wp\/v2\/media?parent=437"}],"curies":[{"name":"wp","href":"https:\/\/api.w.org\/{rel}","templated":true}]}}