{"id":436,"date":"2016-06-12T14:04:20","date_gmt":"2016-06-12T14:04:20","guid":{"rendered":"http:\/\/moverdb.com\/?page_id=436"},"modified":"2026-01-08T14:47:42","modified_gmt":"2026-01-08T14:47:42","slug":"aima","status":"publish","type":"page","link":"https:\/\/moverdb.com\/pl\/aima\/","title":{"rendered":"Australijskie Stowarzyszenie Przewo\u017anik\u00f3w Mi\u0119dzynarodowych (AIMA) - obja\u015bnienia"},"content":{"rendered":"<p>Australijskie Stowarzyszenie Przeprowadzek Mi\u0119dzynarodowych (AIMA) okre\u015bla siebie jako profesjonalne forum dla <a href=\"https:\/\/moverdb.com\/pl\/international-removals\/\" data-internallinksmanager029f6b8e52c=\"27\" title=\"36 najlepszych firm zajmuj\u0105cych si\u0119 przeprowadzkami mi\u0119dzynarodowymi w Wielkiej Brytanii\">przeprowadzki mi\u0119dzynarodowe<\/a> przemys\u0142. Cz\u0142onkowie musz\u0105 posiada\u0107 <a href=\"https:\/\/moverdb.com\/pl\/fidi-faim\/\">FIDI\/FAIM<\/a> lub spe\u0142niaj\u0105 surowe kryteria cz\u0142onkostwa, w tym wymagania dotycz\u0105ce uczciwo\u015bci finansowej.<\/p>\n<p><strong>Najwa\u017cniejsze fakty o AIMA:<\/strong><\/p>\n<ol>\n<li>  Zosta\u0142a za\u0142o\u017cona w 1975 roku.<\/li>\n<li>  Liczy oko\u0142o 60 cz\u0142onk\u00f3w w <a href=\"https:\/\/moverdb.com\/pl\/moving-to-australia\/living-in-australia\/\" data-internallinksmanager029f6b8e52c=\"240\" title=\"21 sekret\u00f3w o \u017cyciu w Australii, kt\u00f3re warto pozna\u0107 przed przeprowadzk\u0105\">Australia<\/a>.<\/li>\n<li>  AIMA reprezentuje bran\u017c\u0119 przeprowadzkow\u0105 w Australii i nie przyci\u0105ga cz\u0142onk\u00f3w spoza kraju. Obejmuje ona jednak firmy australijskie, kt\u00f3re wykonuj\u0105 <a href=\"https:\/\/moverdb.com\/pl\/firmy-przeprowadzkowe\/\">przeprowadzki mi\u0119dzynarodowe<\/a>.<\/li>\n<li>  Jest ona uznawana za <a href=\"https:\/\/moverdb.com\/pl\/fidi-faim\/\" data-internallinksmanager029f6b8e52c=\"16\" title=\"FIDI i FAIM (FIDI Accredited International Mover) - obja\u015bnienia\">FIDI<\/a> Stowarzyszenie w Australii.<\/li>\n<li>  Cz\u0142onkowie nie musz\u0105 posiada\u0107 certyfikat\u00f3w FIDI\/FAIM, aby do nich przyst\u0105pi\u0107.<\/li>\n<li>  AIMA reprezentuje podmioty stowarzyszone z FIDI <a href=\"https:\/\/moverdb.com\/pl\/moving-companies\/australia-moving-companies\/\" data-internallinksmanager029f6b8e52c=\"176\" title=\"17 Najlepszych firm zajmuj\u0105cych si\u0119 przeprowadzkami mi\u0119dzynarodowymi w Australii\">przeprowadzki w Australii<\/a> jako \"Stowarzyszenie FIDI\" i wysy\u0142a delegat\u00f3w na Kongres FIDI i Walne Zgromadzenie odbywaj\u0105ce si\u0119 corocznie.<\/li>\n<\/ol>\n<p><strong>Profil Australijskiego Stowarzyszenia Przewo\u017anik\u00f3w Mi\u0119dzynarodowych:<\/strong><\/p>\n<p>Misj\u0105 AIMA jest umo\u017cliwienie australijskiemu sektorowi przeprowadzek rz\u0105dzenia si\u0119 w\u0142asnymi prawami, doskonalenia swoich us\u0142ug, zapewnienia klientom lepszych us\u0142ug, ochrony interes\u00f3w publicznych oraz umo\u017cliwienia sektorowi wsp\u00f3lnego post\u0119powania z rz\u0105dem. <\/p>\n<p>AIMA zapewnia r\u00f3wnie\u017c niezale\u017cny trybuna\u0142 ds. spor\u00f3w. Jest uznanym stowarzyszeniem FIDI w Australii, co oznacza, \u017ce osoby przeprowadzaj\u0105ce si\u0119 z FIDI\/FAIM s\u0105 automatycznie uprawnione do przyst\u0105pienia do AIMA. Australian <a href=\"https:\/\/moverdb.com\/pl\/moving-companies\/\" data-internallinksmanager029f6b8e52c=\"79\" title=\"25 najlepszych firm przeprowadzek mi\u0119dzynarodowych online\">firmy przeprowadzkowe<\/a> bez FAIM nadal kwalifikuj\u0105 si\u0119 do cz\u0142onkostwa w AIMA, ale musz\u0105 spe\u0142ni\u0107 kryteria, kt\u00f3re okre\u015blaj\u0105 ich wiedz\u0119 specjalistyczn\u0105, zasoby, do\u015bwiadczenie i sytuacj\u0119 finansow\u0105. <\/p>\n<p>Jedynie cz\u0142onkowie AIMA s\u0105 zwi\u0105zani procedur\u0105 trybuna\u0142u arbitra\u017cowego AIMA.<\/p>\n<p><strong>Kryteria cz\u0142onkostwa:<\/strong><\/p>\n<p>Surowe kryteria cz\u0142onkostwa w AIMA obejmuj\u0105 weryfikacj\u0119 zdolno\u015bci operacyjnych i uczciwo\u015bci finansowej. Szczeg\u00f3\u0142owe informacje na temat tych kryteri\u00f3w nie s\u0105 udost\u0119pniane na stronie internetowej.<\/p>\n<p>Firmy, kt\u00f3re ju\u017c posiadaj\u0105 FIDI\/FAIM, s\u0105 automatycznie uprawnione do cz\u0142onkostwa.<\/p>\n<p><strong>Firmy cz\u0142onkowskie<\/strong><\/p>\n<ul>\n<li> <a href=\"https:\/\/moverdb.com\/pl\/conroy-removals\/\">Przeprowadzki Conroy<\/a><\/li>\n<\/ul>\n<p><strong>Opinie o AIMA:<\/strong><\/p>\n<p>AIMA jest postrzegana jako jedna z wielu organizacji zajmuj\u0105cych si\u0119 przeprowadzkami mi\u0119dzynarodowymi, kt\u00f3ra daje pewno\u015b\u0107, \u017ce przeprowadzka zostanie przeprowadzona z zachowaniem najwy\u017cszych mo\u017cliwych standard\u00f3w. Jest to zapewnienie, \u017ce firma przeprowadzkowa posiada odpowiednie kwalifikacje i jest na bie\u017c\u0105co z tym, co jest postrzegane jako najlepsze praktyki lokalne. <\/p>\n<p>Wiele firm wymienia AIMA na swoich stronach internetowych jako mi\u0119dzynarodow\u0105 akredytacj\u0119, b\u0119d\u0105c\u0105 znakiem jako\u015bci obok innych organizacji, takich jak FIDI. Jednak zasi\u0119g AIMA jest do\u015b\u0107 ograniczony, poniewa\u017c nie ma ona tak wielu cz\u0142onk\u00f3w, jak niekt\u00f3re podobne organizacje w innych krajach.<\/p>\n<p>Jest <a href=\"http:\/\/vandijktrack.com\/mim\/\" target=\"_blank\" rel=\"noopener\">jedna negatywna strona internetowa<\/a> kt\u00f3ry wskazuje, \u017ce klient jest w sporze z jednym z cz\u0142onk\u00f3w AIMA i \u017ce uzyskanie wyniku tego sporu zaj\u0119\u0142o sporo czasu. <\/p>\n<p>Osoba ta wskazuje, \u017ce nie traktowa\u0142aby akredytacji AIMA zbyt powa\u017cnie jako wyznacznika jako\u015bci. Jednak na stronie internetowej znajduje si\u0119 r\u00f3wnie\u017c informacja, \u017ce AIMA udzieli\u0142a im pomocy, a sp\u00f3r nie by\u0142 aktualizowany od 2010 r., co wskazuje, \u017ce zosta\u0142 rozwi\u0105zany.<\/p>\n<blockquote><p>Obywatele, kt\u00f3rzy wybieraj\u0105 cz\u0142onka AIMA do przeprowadzenia przeprowadzki mi\u0119dzynarodowej, mog\u0105 zatem zrobi\u0107 to z pe\u0142nym zaufaniem.<\/p><\/blockquote>\n<p>- <a href=\"http:\/\/www.ossworldwidemovers.com\/australian-international-movers-association\" target=\"_blank\" rel=\"noopener\">OSS World Wide Movers<\/a><\/p>\n<blockquote><p>Australijskie Stowarzyszenie Przeprowadzek Mi\u0119dzynarodowych (AIMA) - zapewnia, \u017ce cz\u0142onkowie stowarzyszenia s\u0105 odpowiednio wykwalifikowani i stosuj\u0105 aktualne najlepsze praktyki bran\u017cowe.<\/p><\/blockquote>\n<p>- <a href=\"http:\/\/www.internationalremovalsaustralia.com.au\/why-choose-us\" target=\"_blank\" rel=\"noopener\">KeysBros Moving Solutions<\/a><\/p>\n<p><strong>Strona internetowa:<\/strong> <a href=\"http:\/\/aima.com.au\/\" target=\"_blank\" rel=\"noopener\">http:\/\/aima.com.au\/<\/a><\/p>\n<h2>Inne przydatne przewodniki po Australii<\/h2>\n<ul>\n<li> <a href=\"https:\/\/moverdb.com\/pl\/przeladunek-w-kontenerach\/australia\/\">2024 Stawki frachtu morskiego kontenerowego do iz Australii<\/a><\/li>\n<li> <a href=\"https:\/\/moverdb.com\/pl\/firmy-przeprowadzkowe\/australia-2\/\">17 Najlepszych firm zajmuj\u0105cych si\u0119 przeprowadzkami mi\u0119dzynarodowymi w Australii<\/a><\/li>\n<li> <a href=\"https:\/\/moverdb.com\/pl\/best-international-money-transfer-services\/money-transfer-companies-australia\/\">10 najlepszych firm oferuj\u0105cych przelewy pieni\u0119\u017cne w Australii<\/a><\/li>\n<li> <a href=\"https:\/\/moverdb.com\/pl\/przeprowadzka-do-australii\/\">Przeprowadzka do Australii? 2024 Koszty \u017cycia i wskaz\u00f3wki dotycz\u0105ce przeprowadzki<\/a><\/li>\n<li> <a href=\"https:\/\/moverdb.com\/pl\/przeprowadzka-do-australii\/best-places-to-live-australia\/\">13 najlepszych miejsc do \u017cycia w Australii<\/a><\/li>\n<li> <a href=\"https:\/\/moverdb.com\/pl\/przeprowadzka-do-australii\/living-in-australia\/\">21 sekret\u00f3w o \u017cyciu w Australii, kt\u00f3re warto pozna\u0107 przed przeprowadzk\u0105<\/a><\/li>\n<li> <a href=\"https:\/\/moverdb.com\/pl\/przeprowadzka-do-australii\/moving-to-perth\/\">Przeprowadzka do Perth? 2024 Koszty \u017cycia i wskaz\u00f3wki dotycz\u0105ce przeprowadzki<\/a><\/li>\n<li> <a href=\"https:\/\/moverdb.com\/pl\/przeprowadzka-do-australii\/moving-to-australia-from-the-us\/\">Przeprowadzka do Australii ze Stan\u00f3w Zjednoczonych<\/a><\/li>\n<li> <a href=\"https:\/\/moverdb.com\/pl\/przeladunek-w-kontenerach\/to-australia-from-the-united-states\/\">Koszty transportu kontenerowego do Australii ze Stan\u00f3w Zjednoczonych<\/a><\/li>\n<li> <a href=\"https:\/\/moverdb.com\/pl\/przeprowadzka-do-australii\/moving-to-australia-from-the-uk\/\">Przeprowadzka do Australii z Wielkiej Brytanii<\/a><\/li>\n<li> <a href=\"https:\/\/moverdb.com\/pl\/przeladunek-w-kontenerach\/to-australia-from-the-uk\/\">Koszty i czas transportu kontenerowego do Australii z Wielkiej Brytanii<\/a><\/li>\n<li> <a href=\"https:\/\/moverdb.com\/pl\/przeprowadzka-do-australii\/moving-to-australia-from-bahrain\/\">Przeprowadzka do Australii z Bahrajnu<\/a><\/li>\n<li> <a href=\"https:\/\/moverdb.com\/pl\/przeprowadzka-do-australii\/moving-to-australia-from-the-uae\/\">Przeprowadzka do Australii z Dubaju i Zjednoczonych Emirat\u00f3w Arabskich<\/a><\/li>\n<li> <a href=\"https:\/\/moverdb.com\/pl\/przeladunek-w-kontenerach\/to-australia-from-dubai\/\">Koszty i terminy wysy\u0142ki kontener\u00f3w do Australii z Dubaju<\/a><\/li>\n<li> <a href=\"https:\/\/moverdb.com\/pl\/przeladunek-w-kontenerach\/to-australia-from-uae\/\">Koszty i terminy wysy\u0142ki kontener\u00f3w do Australii ze Zjednoczonych Emirat\u00f3w Arabskich<\/a><\/li>\n<li> <a href=\"https:\/\/moverdb.com\/pl\/przeprowadzka-do-australii\/moving-to-australia-from-kuwait\/\">Przeprowadzka do Australii z Kuwejtu<\/a><\/li>\n<li> <a href=\"https:\/\/moverdb.com\/pl\/przeprowadzka-do-australii\/moving-to-australia-from-qatar\/\">Przeprowadzka do Australii z Kataru<\/a><\/li>\n<li> <a href=\"https:\/\/moverdb.com\/pl\/przeladunek-w-kontenerach\/to-australia-from-qatar\/\">Koszty i terminy wysy\u0142ki kontener\u00f3w do Australii z Kataru<\/a><\/li>\n<li> <a href=\"https:\/\/moverdb.com\/pl\/przeprowadzka-do-australii\/moving-to-australia-from-singapore\/\">Przeprowadzka do Australii z Singapuru<\/a><\/li>\n<li> <a href=\"https:\/\/moverdb.com\/pl\/przeladunek-w-kontenerach\/to-australia-from-singapore\/\">Koszty i czas wysy\u0142ki kontener\u00f3w do Australii z Singapuru<\/a><\/li>\n<li> <a href=\"https:\/\/moverdb.com\/pl\/przeprowadzka-do-australii\/moving-to-australia-from-south-africa\/\">Przeprowadzka do Australii z Republiki Po\u0142udniowej Afryki<\/a><\/li>\n<li> <a href=\"https:\/\/moverdb.com\/pl\/przeladunek-w-kontenerach\/to-australia-from-canada\/\">Koszty wysy\u0142ki kontener\u00f3w do Australii z Kanady<\/a><\/li>\n<li> <a href=\"https:\/\/moverdb.com\/pl\/przeladunek-w-kontenerach\/to-australia-from-new-zealand\/\">Koszty wysy\u0142ki kontener\u00f3w do Australii z Nowej Zelandii<\/a><\/li>\n<li> <a href=\"https:\/\/moverdb.com\/pl\/przeprowadzka-do-australii\/moving-to-hobart\/\">Przeprowadzka do Hobart? 2024 Koszty utrzymania i wskaz\u00f3wki dotycz\u0105ce przeprowadzki<\/a><\/li>\n<li> <a href=\"https:\/\/moverdb.com\/pl\/przeprowadzka-do-australii\/moving-to-gold-coast\/\">Przeprowadzka do Gold Coast? 2024 Koszty \u017cycia i wskaz\u00f3wki dotycz\u0105ce przeprowadzki<\/a><\/li>\n<li> <a href=\"https:\/\/moverdb.com\/pl\/przeprowadzka-do-australii\/moving-to-melbourne\/\">Przeprowadzka do Melbourne? 2024 Koszty \u017cycia i wskaz\u00f3wki dotycz\u0105ce przeprowadzki<\/a><\/li>\n<\/ul>","protected":false},"excerpt":{"rendered":"<p>The Australian International Movers Association (AIMA) describes itself as a professional forum for the international removals industry. Members must hold FIDI\/FAIM or meet strict membership criteria, including requirements for financial integrity. Key facts about AIMA: It was established in 1975. It has around 60 members in Australia. AIMA represents the moving industry in Australia and [&hellip;]<\/p>\n","protected":false},"author":1,"featured_media":0,"parent":0,"menu_order":0,"comment_status":"closed","ping_status":"closed","template":"","meta":{"_genesis_hide_title":false,"_genesis_hide_breadcrumbs":false,"_genesis_hide_singular_image":false,"_genesis_hide_footer_widgets":false,"_genesis_custom_body_class":"","_genesis_custom_post_class":"","_genesis_layout":"","footnotes":""},"class_list":{"0":"post-436","1":"page","2":"type-page","3":"status-publish","5":"entry"},"_links":{"self":[{"href":"https:\/\/moverdb.com\/pl\/wp-json\/wp\/v2\/pages\/436","targetHints":{"allow":["GET"]}}],"collection":[{"href":"https:\/\/moverdb.com\/pl\/wp-json\/wp\/v2\/pages"}],"about":[{"href":"https:\/\/moverdb.com\/pl\/wp-json\/wp\/v2\/types\/page"}],"author":[{"embeddable":true,"href":"https:\/\/moverdb.com\/pl\/wp-json\/wp\/v2\/users\/1"}],"replies":[{"embeddable":true,"href":"https:\/\/moverdb.com\/pl\/wp-json\/wp\/v2\/comments?post=436"}],"version-history":[{"count":9,"href":"https:\/\/moverdb.com\/pl\/wp-json\/wp\/v2\/pages\/436\/revisions"}],"predecessor-version":[{"id":17998,"href":"https:\/\/moverdb.com\/pl\/wp-json\/wp\/v2\/pages\/436\/revisions\/17998"}],"wp:attachment":[{"href":"https:\/\/moverdb.com\/pl\/wp-json\/wp\/v2\/media?parent=436"}],"curies":[{"name":"wp","href":"https:\/\/api.w.org\/{rel}","templated":true}]}}