{"id":435,"date":"2016-06-12T14:17:13","date_gmt":"2016-06-12T14:17:13","guid":{"rendered":"http:\/\/moverdb.com\/?page_id=435"},"modified":"2026-01-08T14:47:40","modified_gmt":"2026-01-08T14:47:40","slug":"afra","status":"publish","type":"page","link":"https:\/\/moverdb.com\/pl\/afra\/","title":{"rendered":"Australijskie Stowarzyszenie Przewo\u017anik\u00f3w Meblowych (AFRA) - obja\u015bnienia"},"content":{"rendered":"<p>Australijskie Stowarzyszenie Przeprowadzek Meblowych (AFRA) okre\u015bla si\u0119 zar\u00f3wno jako przedstawiciel i regulator bran\u017cy przeprowadzek w <a href=\"https:\/\/moverdb.com\/pl\/moving-to-australia\/living-in-australia\/\" data-internallinksmanager029f6b8e52c=\"240\" title=\"21 sekret\u00f3w o \u017cyciu w Australii, kt\u00f3re warto pozna\u0107 przed przeprowadzk\u0105\">Australia<\/a>. <\/p>\n<p>Ma on szeroki zasi\u0119g geograficzny w Australii i jest cz\u0119sto wymieniany jako znak jako\u015bci.<\/p>\n<p><strong>Najwa\u017cniejsze fakty o AFRA:<\/strong><\/p>\n<ol>\n<li>  Obecnie do AFRA nale\u017cy oko\u0142o 350 firm zajmuj\u0105cych si\u0119 demonta\u017cem mebli i firm stowarzyszonych.<\/li>\n<li>  Cz\u0142onkostwo w AFRA obejmuje praktycznie ka\u017cdy region Australii - ale nie obejmuje lokalizacji mi\u0119dzynarodowych.<\/li>\n<li>  Audyt to co\u015b, co cz\u0142onkowie AFRA musz\u0105 przechodzi\u0107 regularnie. Wst\u0119pny audyt odbywa si\u0119 przy sk\u0142adaniu wniosku o cz\u0142onkostwo, nast\u0119pnie audyt po 12 miesi\u0105cach od przyj\u0119cia w poczet cz\u0142onk\u00f3w, a potem audyt co cztery lata. Je\u015bli audyt wyka\u017ce, \u017ce cz\u0142onkowie nie spe\u0142niaj\u0105 podstawowych wymog\u00f3w, maj\u0105 21 dni na ich poprawienie, zanim AFRA podejmie dzia\u0142ania dyscyplinarne wobec swoich cz\u0142onk\u00f3w.<\/li>\n<li>  Cz\u0142onkowie AFRA s\u0105 zr\u00f3\u017cnicowani, od ma\u0142ych firm z jedn\u0105 ci\u0119\u017car\u00f3wk\u0105 prowadzonych przez w\u0142a\u015bciciela, do du\u017cych firm mi\u0119dzynarodowych z wieloma oddzia\u0142ami zar\u00f3wno w Australii, jak i w innych krajach. <a href=\"https:\/\/moverdb.com\/pl\/firmy-przeprowadzkowe\/\">za granic\u0105<\/a>.<\/li>\n<li>  AFRA ma pewne podstawowe wymagania, kt\u00f3re musz\u0105 spe\u0142nia\u0107 jej cz\u0142onkowie, a s\u0105 one kompleksowe i dotycz\u0105 wszystkiego, od lokali po personel, pojazdy, sprz\u0119t i ubezpieczenie.<\/li>\n<li>  Je\u015bli skargi lub roszczenia nie zostan\u0105 rozwi\u0105zane przez cz\u0142onk\u00f3w, klient mo\u017ce skierowa\u0107 je do AFRA.<\/li>\n<li>  Wszyscy cz\u0142onkowie AFRA posiadaj\u0105 ubezpieczenie od odpowiedzialno\u015bci cywilnej i s\u0105 upowa\u017cnieni do zapewniania ubezpieczenia tranzytowego dla wszystkich przewo\u017conych towar\u00f3w i rzeczy.<\/li>\n<\/ol>\n<p><strong>Profil Australijskiego Stowarzyszenia Przewo\u017anik\u00f3w Meblowych:<\/strong><\/p>\n<p>AFRA jest oficjaln\u0105 organizacj\u0105 zrzeszaj\u0105c\u0105 ekspert\u00f3w w dziedzinie przeprowadzek, kt\u00f3ra udziela akredytacji cz\u0142onkom poszukuj\u0105cym wiarygodnego znaku jako\u015bci, kt\u00f3rym mogliby si\u0119 pochwali\u0107 przed konsumentami. <\/p>\n<p>Akredytacj\u0119 cz\u0142onkowsk\u0105 AFRA otrzymuj\u0105 tylko te firmy przeprowadzkowe, kt\u00f3re posiadaj\u0105 odpowiedni sprz\u0119t, pojazdy, pomieszczenia i przeszkolony personel, aby wykona\u0107 profesjonaln\u0105 przeprowadzk\u0119. Po otrzymaniu akredytacji organizacja kontynuuje ocen\u0119 swoich cz\u0142onk\u00f3w, aby upewni\u0107 si\u0119, \u017ce standardy nie uleg\u0142y obni\u017ceniu. <\/p>\n<p>Wymagania, jakie AFRA stawia swoim cz\u0142onkom, maj\u0105 na celu uczynienie bran\u017cy przeprowadzkowej lepszym miejscem dla konsument\u00f3w pod wzgl\u0119dem takich czynnik\u00f3w, jak ochrona finansowa i dobra obs\u0142uga. AFRA oferuje cz\u0142onkostwo wy\u0142\u0105cznie firmom australijskim, ale mog\u0105 one obs\u0142ugiwa\u0107 klient\u00f3w przeprowadzaj\u0105cych si\u0119 na terenie Australii lub innych kraj\u00f3w. <a href=\"https:\/\/moverdb.com\/pl\/przeprowadzki-miedzynarodowe\/\">za granic\u0105<\/a>. <\/p>\n<p>W ramach korzy\u015bci wynikaj\u0105cych z cz\u0142onkostwa AFRA oferuje szkolenia, informacje i wskaz\u00f3wki dla cz\u0142onk\u00f3w, a tak\u017ce zapewnia dost\u0119p do najnowszych wiadomo\u015bci i zmian maj\u0105cych wp\u0142yw na bran\u017c\u0119.<\/p>\n<p><strong>Kryteria cz\u0142onkostwa:<\/strong><\/p>\n<p>Kryteria cz\u0142onkostwa nie s\u0105 wymienione na stronie internetowej, lecz w formularzu zg\u0142oszeniowym (kt\u00f3ry r\u00f3wnie\u017c nie jest dost\u0119pny na stronie internetowej). Pakiet cz\u0142onkowski mo\u017cna otrzyma\u0107 od <a href=\"mailto:admin@afra.com.au\">admin@afra.com.au<\/a>.<\/p>\n<p>Ka\u017cda firma, przed uzyskaniem cz\u0142onkostwa, zostanie poddana audytowi.<\/p>\n<p><strong>Firmy cz\u0142onkowskie<\/strong><\/p>\n<ul>\n<li> <a href=\"https:\/\/moverdb.com\/pl\/conroy-removals\/\">Przeprowadzki Conroy<\/a><\/li>\n<\/ul>\n<p><strong>Opinie o AFRA:<\/strong><\/p>\n<p>AFRA jest postrzegana jako wska\u017anik jako\u015bci przedsi\u0119biorstwa i sugerowana na stronach rz\u0105dowych jako spos\u00f3b na zapewnienie, \u017ce firma przeprowadzkowa posiada odpowiednie zasoby, standardy i umiej\u0119tno\u015bci do przeprowadzenia przeprowadzki. <\/p>\n<p>Fakt, \u017ce AFRA zatwierdza tylko tych, kt\u00f3rzy s\u0105 w stanie profesjonalnie przeprowadzi\u0107 przeprowadzk\u0119, jest postrzegany jako wa\u017cny, podobnie jak wymagania stawiane cz\u0142onkom AFRA w zakresie posiadania ochrony, takiej jak r\u00f3\u017cne ubezpieczenia. <\/p>\n<p>Podkre\u015bla si\u0119, \u017ce je\u015bli firma jest cz\u0142onkiem AFRA, daje to swoim klientom mo\u017cliwo\u015b\u0107 dost\u0119pu do informacji AFRA i pewno\u015b\u0107, \u017ce us\u0142uga rozwi\u0105zywania spor\u00f3w jest skuteczna. Opinie internetowe podkre\u015blaj\u0105, \u017ce \"wszystkie g\u0142\u00f3wne krajowe <a href=\"https:\/\/moverdb.com\/pl\/international-removals\/\" data-internallinksmanager029f6b8e52c=\"27\" title=\"36 najlepszych firm zajmuj\u0105cych si\u0119 przeprowadzkami mi\u0119dzynarodowymi w Wielkiej Brytanii\">przedsi\u0119biorstwa przeprowadzkowe<\/a> s\u0105 oddani idea\u0142owi AFRA\". <\/p>\n<p>Korzystanie z us\u0142ug zmywacza cz\u0142onk\u00f3w AFRA jest jedn\u0105 z porad dotycz\u0105cych przeprowadzki podanych przez <a href=\"https:\/\/www.allianz.com.au\/home-insurance\/news\/6-tips-on-how-to-hire-the-best-removalists\" target=\"_blank\" rel=\"noopener\">du\u017ca firma \u015bwiadcz\u0105ca us\u0142ugi finansowe<\/a>w kt\u00f3rym podkre\u015bla si\u0119, \u017ce prawo australijskie nie wymaga od przewo\u017anik\u00f3w posiadania ubezpieczenia, ale AFRA tak. Docenia r\u00f3wnie\u017c fakt, \u017ce cz\u0142onkowie AFRA b\u0119d\u0105 na bie\u017c\u0105co z najnowszymi rozwi\u0105zaniami i b\u0119d\u0105 przestrzega\u0107 minimalnych standard\u00f3w.<\/p>\n<blockquote><p>Firmy przeprowadzkowe akredytowane przez AFRA musz\u0105 spe\u0142nia\u0107 okre\u015blone standardy w zakresie sprz\u0119tu, pojazd\u00f3w, pomieszcze\u0144 i szkolenia personelu, kt\u00f3re s\u0105 niezb\u0119dne do wykonania profesjonalnej przeprowadzki.<\/p><\/blockquote>\n<p>- <a href=\"http:\/\/www.fairtrading.nsw.gov.au\/ftw\/Consumers\/Buying_services\/Hiring_a_removalist.page\" target=\"_blank\" rel=\"noopener\">Rz\u0105d NSW<\/a><\/p>\n<blockquote><p>AFRA jest oficjalnym organem zrzeszaj\u0105cym ekspert\u00f3w przeprowadzkowych w Australii, kt\u00f3ry pomaga regulowa\u0107 przemys\u0142 przeprowadzkowy. AFRA udziela akredytacji tylko tym firmom przeprowadzkowym, kt\u00f3re posiadaj\u0105 niezb\u0119dny sprz\u0119t, pojazdy, pomieszczenia i przeszkolenie personelu potrzebne do wykonania profesjonalnej przeprowadzki.<\/p><\/blockquote>\n<p>- <a href=\"http:\/\/www.ashtons.com.au\/afra-accreditation.html\" target=\"_blank\" rel=\"noopener\">Popiel\u00f3w Przeprowadzki<\/a><\/p>\n<p><strong>Strona internetowa:<\/strong> <a href=\"http:\/\/www.afra.com.au\/\" target=\"_blank\" rel=\"noopener\">http:\/\/www.afra.com.au\/<\/a><\/p>\n<h2>Inne przydatne przewodniki po Australii<\/h2>\n<ul>\n<li> <a href=\"https:\/\/moverdb.com\/pl\/przeladunek-w-kontenerach\/australia\/\">2024 Stawki frachtu morskiego kontenerowego do iz Australii<\/a><\/li>\n<li> <a href=\"https:\/\/moverdb.com\/pl\/firmy-przeprowadzkowe\/australia-2\/\">17 Najlepszych firm zajmuj\u0105cych si\u0119 przeprowadzkami mi\u0119dzynarodowymi w Australii<\/a><\/li>\n<li> <a href=\"https:\/\/moverdb.com\/pl\/best-international-money-transfer-services\/money-transfer-companies-australia\/\">10 najlepszych firm oferuj\u0105cych przelewy pieni\u0119\u017cne w Australii<\/a><\/li>\n<li> <a href=\"https:\/\/moverdb.com\/pl\/przeprowadzka-do-australii\/\">Przeprowadzka do Australii? 2024 Koszty \u017cycia i wskaz\u00f3wki dotycz\u0105ce przeprowadzki<\/a><\/li>\n<li> <a href=\"https:\/\/moverdb.com\/pl\/przeprowadzka-do-australii\/best-places-to-live-australia\/\">13 najlepszych miejsc do \u017cycia w Australii<\/a><\/li>\n<li> <a href=\"https:\/\/moverdb.com\/pl\/przeprowadzka-do-australii\/living-in-australia\/\">21 sekret\u00f3w o \u017cyciu w Australii, kt\u00f3re warto pozna\u0107 przed przeprowadzk\u0105<\/a><\/li>\n<li> <a href=\"https:\/\/moverdb.com\/pl\/przeprowadzka-do-australii\/moving-to-australia-from-the-us\/\">Przeprowadzka do Australii ze Stan\u00f3w Zjednoczonych<\/a><\/li>\n<li> <a href=\"https:\/\/moverdb.com\/pl\/przeladunek-w-kontenerach\/to-australia-from-the-united-states\/\">Koszty transportu kontenerowego do Australii ze Stan\u00f3w Zjednoczonych<\/a><\/li>\n<li> <a href=\"https:\/\/moverdb.com\/pl\/przeprowadzka-do-australii\/moving-to-australia-from-the-uk\/\">Przeprowadzka do Australii z Wielkiej Brytanii<\/a><\/li>\n<li> <a href=\"https:\/\/moverdb.com\/pl\/przeladunek-w-kontenerach\/to-australia-from-the-uk\/\">Koszty i czas transportu kontenerowego do Australii z Wielkiej Brytanii<\/a><\/li>\n<li> <a href=\"https:\/\/moverdb.com\/pl\/przeprowadzka-do-australii\/moving-to-australia-from-bahrain\/\">Przeprowadzka do Australii z Bahrajnu<\/a><\/li>\n<li> <a href=\"https:\/\/moverdb.com\/pl\/przeprowadzka-do-australii\/moving-to-australia-from-the-uae\/\">Przeprowadzka do Australii z Dubaju i Zjednoczonych Emirat\u00f3w Arabskich<\/a><\/li>\n<li> <a href=\"https:\/\/moverdb.com\/pl\/przeladunek-w-kontenerach\/to-australia-from-dubai\/\">Koszty i terminy wysy\u0142ki kontener\u00f3w do Australii z Dubaju<\/a><\/li>\n<li> <a href=\"https:\/\/moverdb.com\/pl\/przeladunek-w-kontenerach\/to-australia-from-uae\/\">Koszty i terminy wysy\u0142ki kontener\u00f3w do Australii ze Zjednoczonych Emirat\u00f3w Arabskich<\/a><\/li>\n<li> <a href=\"https:\/\/moverdb.com\/pl\/przeprowadzka-do-australii\/moving-to-australia-from-kuwait\/\">Przeprowadzka do Australii z Kuwejtu<\/a><\/li>\n<li> <a href=\"https:\/\/moverdb.com\/pl\/przeprowadzka-do-australii\/moving-to-australia-from-qatar\/\">Przeprowadzka do Australii z Kataru<\/a><\/li>\n<li> <a href=\"https:\/\/moverdb.com\/pl\/przeladunek-w-kontenerach\/to-australia-from-qatar\/\">Koszty i terminy wysy\u0142ki kontener\u00f3w do Australii z Kataru<\/a><\/li>\n<li> <a href=\"https:\/\/moverdb.com\/pl\/przeprowadzka-do-australii\/moving-to-perth\/\">Przeprowadzka do Perth? 2024 Koszty \u017cycia i wskaz\u00f3wki dotycz\u0105ce przeprowadzki<\/a><\/li>\n<li> <a href=\"https:\/\/moverdb.com\/pl\/przeprowadzka-do-australii\/moving-to-australia-from-singapore\/\">Przeprowadzka do Australii z Singapuru<\/a><\/li>\n<li> <a href=\"https:\/\/moverdb.com\/pl\/przeladunek-w-kontenerach\/to-australia-from-singapore\/\">Koszty i czas wysy\u0142ki kontener\u00f3w do Australii z Singapuru<\/a><\/li>\n<li> <a href=\"https:\/\/moverdb.com\/pl\/przeprowadzka-do-australii\/moving-to-australia-from-south-africa\/\">Przeprowadzka do Australii z Republiki Po\u0142udniowej Afryki<\/a><\/li>\n<li> <a href=\"https:\/\/moverdb.com\/pl\/przeladunek-w-kontenerach\/to-australia-from-canada\/\">Koszty wysy\u0142ki kontener\u00f3w do Australii z Kanady<\/a><\/li>\n<li> <a href=\"https:\/\/moverdb.com\/pl\/przeladunek-w-kontenerach\/to-australia-from-new-zealand\/\">Koszty wysy\u0142ki kontener\u00f3w do Australii z Nowej Zelandii<\/a><\/li>\n<li> <a href=\"https:\/\/moverdb.com\/pl\/przeprowadzka-do-australii\/moving-to-hobart\/\">Przeprowadzka do Hobart? 2024 Koszty utrzymania i wskaz\u00f3wki dotycz\u0105ce przeprowadzki<\/a><\/li>\n<li> <a href=\"https:\/\/moverdb.com\/pl\/przeprowadzka-do-australii\/moving-to-gold-coast\/\">Przeprowadzka do Gold Coast? 2024 Koszty \u017cycia i wskaz\u00f3wki dotycz\u0105ce przeprowadzki<\/a><\/li>\n<li> <a href=\"https:\/\/moverdb.com\/pl\/przeprowadzka-do-australii\/moving-to-melbourne\/\">Przeprowadzka do Melbourne? 2024 Koszty \u017cycia i wskaz\u00f3wki dotycz\u0105ce przeprowadzki<\/a><\/li>\n<\/ul>","protected":false},"excerpt":{"rendered":"<p>The Australian Furniture Removers Association (AFRA) describes itself both as a representative of, and regulator of, the removals industry in Australia. It has broad geographic reach within Australia and is often cited as a mark of quality. Key facts about the AFRA: Currently, around 350 furniture removal and associated companies are members of AFRA. The [&hellip;]<\/p>\n","protected":false},"author":1,"featured_media":0,"parent":0,"menu_order":0,"comment_status":"closed","ping_status":"closed","template":"","meta":{"_genesis_hide_title":false,"_genesis_hide_breadcrumbs":false,"_genesis_hide_singular_image":false,"_genesis_hide_footer_widgets":false,"_genesis_custom_body_class":"","_genesis_custom_post_class":"","_genesis_layout":"","footnotes":""},"class_list":{"0":"post-435","1":"page","2":"type-page","3":"status-publish","5":"entry"},"_links":{"self":[{"href":"https:\/\/moverdb.com\/pl\/wp-json\/wp\/v2\/pages\/435","targetHints":{"allow":["GET"]}}],"collection":[{"href":"https:\/\/moverdb.com\/pl\/wp-json\/wp\/v2\/pages"}],"about":[{"href":"https:\/\/moverdb.com\/pl\/wp-json\/wp\/v2\/types\/page"}],"author":[{"embeddable":true,"href":"https:\/\/moverdb.com\/pl\/wp-json\/wp\/v2\/users\/1"}],"replies":[{"embeddable":true,"href":"https:\/\/moverdb.com\/pl\/wp-json\/wp\/v2\/comments?post=435"}],"version-history":[{"count":11,"href":"https:\/\/moverdb.com\/pl\/wp-json\/wp\/v2\/pages\/435\/revisions"}],"predecessor-version":[{"id":17997,"href":"https:\/\/moverdb.com\/pl\/wp-json\/wp\/v2\/pages\/435\/revisions\/17997"}],"wp:attachment":[{"href":"https:\/\/moverdb.com\/pl\/wp-json\/wp\/v2\/media?parent=435"}],"curies":[{"name":"wp","href":"https:\/\/api.w.org\/{rel}","templated":true}]}}