{"id":434,"date":"2016-06-05T06:20:47","date_gmt":"2016-06-05T06:20:47","guid":{"rendered":"http:\/\/moverdb.com\/?page_id=434"},"modified":"2026-01-08T14:48:22","modified_gmt":"2026-01-08T14:48:22","slug":"fidi-faim","status":"publish","type":"page","link":"https:\/\/moverdb.com\/pl\/fidi-faim\/","title":{"rendered":"FIDI i FAIM (FIDI Accredited International Mover) - obja\u015bnienia"},"content":{"rendered":"<p>FIDI (F\u00e9d\u00e9ration Internationale des D\u00e9m\u00e9nageurs Internationaux; The Federation of International Movers) jest globaln\u0105 organizacj\u0105 zrzeszaj\u0105c\u0105 firmy zajmuj\u0105ce si\u0119 przeprowadzkami mi\u0119dzynarodowymi i relokacj\u0105. <\/p>\n<p>Okre\u015bla si\u0119 jako \u015bwiatowy standard bran\u017cowy dla najwy\u017cszej jako\u015bci us\u0142ug przeprowadzkowych i jest pionierem programu zarz\u0105dzania jako\u015bci\u0105 FIDI Accredited International Mover (FAIM), programu certyfikacji jako\u015bci przeznaczonego wy\u0142\u0105cznie dla bran\u017cy przeprowadzek mi\u0119dzynarodowych.<\/p>\n<p><strong>Najwa\u017cniejsze fakty o organizacji:<\/strong><\/p>\n<ol>\n<li>  FIDI reprezentuje ponad <strong>600 niezale\u017cnych <a href=\"https:\/\/moverdb.com\/pl\/firmy-przeprowadzkowe\/\">firmy<\/a><\/strong> w wi\u0119cej ni\u017c <strong>100 kraj\u00f3w<\/strong>.<\/li>\n<li>  FIDI jest najwi\u0119ksz\u0105 organizacj\u0105 parasolow\u0105 zrzeszaj\u0105c\u0105 <a href=\"https:\/\/moverdb.com\/pl\/przeprowadzki-miedzynarodowe\/\">przeprowadzki mi\u0119dzynarodowe<\/a> i firm zajmuj\u0105cych si\u0119 relokacj\u0105.<\/li>\n<li>  FIDI oferuje zar\u00f3wno relokacj\u0119 os\u00f3b, jak i relokacj\u0119 firm.<\/li>\n<li>  Wszystkie podmioty stowarzyszone FIDI musz\u0105 spe\u0142nia\u0107 rygorystyczne standardy jako\u015bci FIDI-FAIM.<\/li>\n<li>  FIDI oferuje Program Zarz\u0105dzania Jako\u015bci\u0105 FAIM, kt\u00f3ry jest uwa\u017cany za jeden z najbardziej rygorystycznych standard\u00f3w w bran\u017cy, z ponad <strong>200 wymaga\u0144 jako\u015bciowych<\/strong> zar\u00f3wno w zakresie operacji, jak i obs\u0142ugi klienta.<\/li>\n<li>  Ka\u017cdy podmiot stowarzyszony FIDI musi przej\u015b\u0107 okresow\u0105, niezale\u017cn\u0105 ocen\u0119 swojej dzia\u0142alno\u015bci w zakresie przeprowadzek mi\u0119dzynarodowych. Je\u015bli nie przejdzie oceny, zostaje usuni\u0119ty z FIDI.<\/li>\n<li>  Wszystkie podmioty stowarzyszone FIDI musz\u0105 podpisa\u0107 i przestrzega\u0107 obowi\u0105zkowej Karty Antymobbingowej i Antykorupcyjnej.<\/li>\n<li>  Wszyscy cz\u0142onkowie FIDI musz\u0105 r\u00f3wnie\u017c posiada\u0107 certyfikat FAIM - o jego przyznanie ubiega si\u0119 w tym samym czasie, co o cz\u0142onkostwo.<\/li>\n<li>  FAIM Plus jest dost\u0119pny dla os\u00f3b posiadaj\u0105cych certyfikat ISO 9001.<\/li>\n<\/ol>\n<p><strong>Profil organizacji FIDI<\/strong><\/p>\n<p>FIDI jest globalnym stowarzyszeniem przewo\u017anik\u00f3w, kt\u00f3re oferuje swoim partnerom silny, uznany znak jako\u015bci us\u0142ug, zwi\u0119kszone mo\u017cliwo\u015bci nawi\u0105zywania kontakt\u00f3w oraz mo\u017cliwo\u015b\u0107 rozwoju dzia\u0142alno\u015bci. <\/p>\n<p>Organizuje regularne konferencje i prowadzi sesje szkoleniowe dla cz\u0142onk\u00f3w z ca\u0142ego \u015bwiata oraz oferuje cz\u0142onkom plan ochrony p\u0142atno\u015bci, kt\u00f3ry pomaga im chroni\u0107 do 90% warto\u015bci ich faktur. FIDI pozycjonuje si\u0119 r\u00f3wnie\u017c w taki spos\u00f3b, aby na bie\u017c\u0105co informowa\u0107 swoich cz\u0142onk\u00f3w o najnowszych wiadomo\u015bciach z bran\u017cy, a tak\u017ce posiada panel bran\u017cowy, kt\u00f3ry oferuje porady ekspert\u00f3w i rozpatruje spory mi\u0119dzy cz\u0142onkami. <\/p>\n<p>Program Zarz\u0105dzania Jako\u015bci\u0105 FIDI Accredited International Mover (FAIM) jest cz\u0119\u015bci\u0105 oferty FIDI, certyfikatu jako\u015bci dla bran\u017cy przeprowadzkowej, kt\u00f3ry zosta\u0142 opracowany w drodze konsultacji i najlepszych praktyk od najlepszych z du\u017cych, ma\u0142ych, prywatnych i publicznych firm. <a href=\"https:\/\/moverdb.com\/pl\/moving-companies\/\" data-internallinksmanager029f6b8e52c=\"79\" title=\"25 najlepszych firm przeprowadzek mi\u0119dzynarodowych online\">firmy zajmuj\u0105ce si\u0119 przeprowadzkami mi\u0119dzynarodowymi<\/a> z ca\u0142ego \u015bwiata.<\/p>\n<p><strong>Kryteria cz\u0142onkostwa:<\/strong><\/p>\n<p>Aby przyst\u0105pi\u0107 do FIDI Global Alliance nale\u017cy spe\u0142ni\u0107 nast\u0119puj\u0105ce wymagania obowi\u0105zkowe:<\/p>\n<ul>\n<li> Przestrzeganie przepis\u00f3w FIDI<\/li>\n<li> Prowadzenie dzia\u0142alno\u015bci w zakresie us\u0142ug przeprowadzek mi\u0119dzykontynentalnych przez co najmniej 2 lata przed z\u0142o\u017ceniem wniosku.<\/li>\n<li> Przeprowadzenie co najmniej 10 przeprowadzek mi\u0119dzykontynentalnych rocznie*.<\/li>\n<li> posiada\u0107 odpowiedni\u0105 i wystarczaj\u0105c\u0105 ochron\u0119 ubezpieczeniow\u0105<\/li>\n<li> Podpisz Kart\u0119 FIDI w sprawie przeciwdzia\u0142ania \u0142ap\u00f3wkarstwu i korupcji (Karta FIDI ABC)<\/li>\n<li> by\u0107 w dobrej kondycji finansowej (kondycja finansowa zostanie sprawdzona przez niezale\u017cnego audytora na etapie sk\u0142adania wniosku)<\/li>\n<li> posiada\u0107 certyfikat FIDI-FAIM (o certyfikat FAIM nale\u017cy ubiega\u0107 si\u0119 w tym samym czasie, co o cz\u0142onkostwo w FIDI)<\/li>\n<\/ul>\n<p><strong>Certyfikat FAIM:<\/strong><\/p>\n<p>Program certyfikacji FIDI-FAIM wymaga od firm zajmuj\u0105cych si\u0119 przeprowadzkami mi\u0119dzynarodowymi okresowej, niezale\u017cnej oceny ich dzia\u0142alno\u015bci w zakresie przeprowadzek mi\u0119dzykontynentalnych w drodze niezale\u017cnego audytu, kt\u00f3ry przeprowadzany jest co trzy lata.<\/p>\n<p>Gwarantuje to, \u017ce firmy FIDI pracuj\u0105 wed\u0142ug og\u00f3lno\u015bwiatowego wsp\u00f3lnego standardu zarz\u0105dzania i wykonywania us\u0142ug w zakresie przeprowadzek mi\u0119dzynarodowych w spos\u00f3b jednolity, zorientowany na jako\u015b\u0107 i skuteczny. Zapewnia r\u00f3wnie\u017c przejrzysty mechanizm, kt\u00f3ry gwarantuje utrzymanie wysokich standard\u00f3w.<\/p>\n<p>Z punktu widzenia klienta ko\u0144cowego firma posiadaj\u0105ca certyfikat FAIM daje osobie przeprowadzaj\u0105cej si\u0119 oraz dzia\u0142owi kadr, kt\u00f3ry organizuje jej przeprowadzk\u0119, pewno\u015b\u0107, \u017ce firma zna si\u0119 na rzeczy oraz dysponuje zasobami i know-how pozwalaj\u0105cymi na prawid\u0142owe wykonanie zadania.<\/p>\n<p>Ocena na miejscu jest przeprowadzana niezale\u017cnie przez mi\u0119dzynarodowych rzeczoznawc\u00f3w Ernst &amp; Young.<\/p>\n<p><strong>Niekt\u00f3re firmy cz\u0142onkowskie<\/strong><\/p>\n<ul>\n<li> <a href=\"https:\/\/moverdb.com\/pl\/aires\/\">Aires<\/a><\/li>\n<li> <a href=\"https:\/\/moverdb.com\/pl\/cadogan-tate\/\">Cadogan Tate<\/a><\/li>\n<li> <a href=\"https:\/\/moverdb.com\/pl\/harrow-green\/\">Harrow Green<\/a><\/li>\n<li> <a href=\"https:\/\/moverdb.com\/pl\/santa-fe-relocation\/\">Przeprowadzka Santa Fe<\/a><\/li>\n<li> <a href=\"https:\/\/moverdb.com\/pl\/team-relocations\/\">Relokacje zespo\u0142\u00f3w<\/a><\/li>\n<li> <a href=\"https:\/\/moverdb.com\/pl\/nippon-express\/\">Nippon Express<\/a><\/li>\n<li> <a href=\"https:\/\/moverdb.com\/pl\/settelen\/\">Settelen<\/a><\/li>\n<li> <a href=\"https:\/\/moverdb.com\/pl\/conroy-removals\/\">Przeprowadzki Conroy<\/a><\/li>\n<li> <a href=\"https:\/\/moverdb.com\/pl\/bolliger\/\">Bolliger<\/a><\/li>\n<li> <a href=\"https:\/\/moverdb.com\/pl\/mudanzas-gou\/\">Mudanzas Gou<\/a><\/li>\n<li> <a href=\"https:\/\/moverdb.com\/pl\/gil-stauffer\/\">Gil Stauffer<\/a><\/li>\n<li> <a href=\"https:\/\/moverdb.com\/pl\/packimpex\/\">Packimpex<\/a><\/li>\n<\/ul>\n<p><strong>Opinie o organizacji<\/strong><\/p>\n<p>FIDI jest wysoko ceniona przez tych organizator\u00f3w ruchu, kt\u00f3rzy wspominaj\u0105 o niej na swoich stronach internetowych, zar\u00f3wno ze wzgl\u0119du na znaczne zasoby, jakimi dysponuje, jak i na fakt, \u017ce audyt jest w toku. <\/p>\n<p>Niezale\u017cno\u015b\u0107 jest kolejnym kluczowym czynnikiem wp\u0142ywaj\u0105cym na reputacj\u0119, jak\u0105 zbudowa\u0142a FIDI - ka\u017cda firma przeprowadzaj\u0105ca si\u0119 ma na miejscu przeprowadzan\u0105 procedur\u0119 zgodno\u015bci przez konsultanta spoza swojego kraju. <\/p>\n<blockquote><p>Dla firm przeprowadzkowych, kt\u00f3re d\u0105\u017c\u0105 do osi\u0105gni\u0119cia maksymalnego poziomu jako\u015bci, FAIM\/ISO stanowi najwy\u017cszy standard certyfikacji dost\u0119pny na \u015bwiecie.<\/p><\/blockquote>\n<p> - <a href=\"http:\/\/www.ossworldwidemovers.com\/fidi-accredited-international-mover\" target=\"_blank\" rel=\"noopener\">OSS World Wide Movers<\/a><\/p>\n<blockquote><p>Na ca\u0142ym \u015bwiecie istnieje wiele firm przeprowadzkowych. Jak oddzieli\u0107 te dobre od z\u0142ych? Zacznij od FIDI\/FAIM, z\u0142otego standardu w dziedzinie przeprowadzek mi\u0119dzynarodowych.<\/p><\/blockquote>\n<p>- <a href=\"http:\/\/www.jkmoving.com\/International\/International_Network-_FIDI\/FAIM\/\" target=\"_blank\" rel=\"noopener\">JK Moving Services<\/a><\/p>\n<p><a href=\"http:\/\/www.jkmoving.com\/International\/International_Network-_FIDI\/FAIM\/\" target=\"_blank\" rel=\"noopener\"><\/a><\/p>\n<blockquote><p>Jest to najbardziej rygorystyczny, kompleksowy program jako\u015bci dla bran\u017cy przeprowadzek mi\u0119dzynarodowych, obejmuj\u0105cy ponad 200 wymog\u00f3w jako\u015bciowych dotycz\u0105cych dzia\u0142alno\u015bci organizacji i us\u0142ug \u015bwiadczonych na rzecz klient\u00f3w. FIDI oferuje obecnie akredytacj\u0119 o nazwie FAIM.<\/p><\/blockquote>\n<p>- <a href=\"http:\/\/www.suddathinternational.com\/news\/2013\/8\/1\/faim-plus.aspx\" target=\"_blank\" rel=\"noopener\">Suddath<\/a><\/p>\n<p><strong>Strona internetowa:<\/strong> <a href=\"https:\/\/www.fidi.org\" target=\"_blank\" rel=\"noopener\">https:\/\/www.fidi.org<\/a><\/p>","protected":false},"excerpt":{"rendered":"<p>FIDI (F\u00e9d\u00e9ration Internationale des D\u00e9m\u00e9nageurs Internationaux; The Federation of International Movers) is a global umbrella organisation of international moving and relocation businesses. It describes itself as a worldwide industry standard for top quality movers and has pioneered the FIDI Accredited International Mover (FAIM) Quality Management Programme, a quality certification programme dedicated exclusively to the international [&hellip;]<\/p>\n","protected":false},"author":1,"featured_media":0,"parent":0,"menu_order":0,"comment_status":"closed","ping_status":"closed","template":"","meta":{"_genesis_hide_title":false,"_genesis_hide_breadcrumbs":false,"_genesis_hide_singular_image":false,"_genesis_hide_footer_widgets":false,"_genesis_custom_body_class":"","_genesis_custom_post_class":"","_genesis_layout":"","footnotes":""},"class_list":{"0":"post-434","1":"page","2":"type-page","3":"status-publish","5":"entry"},"_links":{"self":[{"href":"https:\/\/moverdb.com\/pl\/wp-json\/wp\/v2\/pages\/434","targetHints":{"allow":["GET"]}}],"collection":[{"href":"https:\/\/moverdb.com\/pl\/wp-json\/wp\/v2\/pages"}],"about":[{"href":"https:\/\/moverdb.com\/pl\/wp-json\/wp\/v2\/types\/page"}],"author":[{"embeddable":true,"href":"https:\/\/moverdb.com\/pl\/wp-json\/wp\/v2\/users\/1"}],"replies":[{"embeddable":true,"href":"https:\/\/moverdb.com\/pl\/wp-json\/wp\/v2\/comments?post=434"}],"version-history":[{"count":28,"href":"https:\/\/moverdb.com\/pl\/wp-json\/wp\/v2\/pages\/434\/revisions"}],"predecessor-version":[{"id":6210,"href":"https:\/\/moverdb.com\/pl\/wp-json\/wp\/v2\/pages\/434\/revisions\/6210"}],"wp:attachment":[{"href":"https:\/\/moverdb.com\/pl\/wp-json\/wp\/v2\/media?parent=434"}],"curies":[{"name":"wp","href":"https:\/\/api.w.org\/{rel}","templated":true}]}}