{"id":4333,"date":"2022-07-23T02:03:57","date_gmt":"2022-07-23T02:03:57","guid":{"rendered":"https:\/\/moverdb.com\/?page_id=4333"},"modified":"2026-01-08T13:20:02","modified_gmt":"2026-01-08T13:20:02","slug":"kraina-lodu","status":"publish","type":"page","link":"https:\/\/moverdb.com\/pl\/container-shipping\/iceland\/","title":{"rendered":"2026 Stawki za fracht morski w kontenerze do i z Islandii"},"content":{"rendered":"<div class=\"wp-block-image\">\r\n<figure class=\"aligncenter size-full\"><img loading=\"lazy\" decoding=\"async\" width=\"1000\" height=\"664\" src=\"https:\/\/moverdb.com\/wp-content\/uploads\/iceland.jpg\" alt=\"Widok z powietrza na Reykjavik, Islandia zim\u0105\" class=\"wp-image-4328\" srcset=\"https:\/\/moverdb.com\/wp-content\/uploads\/iceland.jpg 1000w, https:\/\/moverdb.com\/wp-content\/uploads\/iceland-300x200.jpg 300w, https:\/\/moverdb.com\/wp-content\/uploads\/iceland-18x12.jpg 18w, https:\/\/moverdb.com\/wp-content\/uploads\/iceland-600x398.jpg 600w\" sizes=\"auto, (max-width: 1000px) 100vw, 1000px\" \/><\/figure>\r\n<\/div>\r\n\r\n\r\n<p><strong><a href=\"https:\/\/moverdb.com\/pl\/moving-to-iceland\/\" data-internallinksmanager029f6b8e52c=\"434\" title=\"Przeprowadzka na Islandi\u0119? Koszty \u017cycia i wskaz\u00f3wki dotycz\u0105ce relokacji w 2023 r.\">Islandia<\/a><\/strong> sprawia, \u017ce wi\u0119kszo\u015b\u0107 ludzi, kt\u00f3rzy nigdy tam nie byli, my\u015bli o zimnie i lodzie, ale zapytaj ka\u017cdego ekspata, kt\u00f3ry tam mieszka, a powie ci, \u017ce jest to w rzeczywisto\u015bci jedno z najpi\u0119kniejszych miejsc na Ziemi.<\/p>\r\n\r\n\r\n\r\n<p>Ten nordycki kraj s\u0142ynie z naturalnych widok\u00f3w wype\u0142nionych lodowcami, gejzerami, wulkanami i gor\u0105cymi \u017ar\u00f3d\u0142ami. Jako\u015b\u0107 \u017cycia w Islandii jest r\u00f3wnie\u017c oceniana wyj\u0105tkowo wysoko na ka\u017cdej li\u015bcie. Kraj ten oferuje wspania\u0142e mo\u017cliwo\u015bci pracy, wysokie zarobki, doskona\u0142e \u015bwiadczenia socjalne, du\u017ce bezpiecze\u0144stwo i wiele innych.<\/p>\r\n\r\n\r\n\r\n<p>Nie trzeba dodawa\u0107, \u017ce transport rzeczy domowych na t\u0119 p\u00f3\u0142nocnoeuropejsk\u0105 wysp\u0119 mo\u017ce by\u0107 nieco kosztowny.<\/p>\r\n\r\n\r\n\r\n<p>W tym artykule, wy\u015bwietlili\u015bmy wszystkie najni\u017csze Islandii <a href=\"https:\/\/moverdb.com\/pl\/container-shipping\/\" data-internallinksmanager029f6b8e52c=\"3\" title=\"Wykres stawek mi\u0119dzynarodowego transportu kontenerowego: Kwiecie\u0144 2026 r.\">stawki za przew\u00f3z kontener\u00f3w<\/a> kt\u00f3re mogli\u015bmy znale\u017a\u0107 do i z Reykjav\u00ed, Islandia.<\/p>\r\n\r\n\r\n\r\n<p>Mo\u017cesz r\u00f3wnie\u017c sprawdzi\u0107 dok\u0142adn\u0105 wycen\u0119 wysy\u0142ki do lub z Twojej lokalizacji, korzystaj\u0105c z naszego narz\u0119dzia bezp\u0142atnej wyceny, znajduj\u0105cego si\u0119 na g\u00f3rze tej strony.<\/p>\r\n\r\n\r\n\r\n<div id=\"ez-toc-container\" class=\"ez-toc-v2_0_82_2 ez-toc-wrap-left counter-hierarchy ez-toc-counter ez-toc-transparent ez-toc-container-direction\">\n<div class=\"ez-toc-title-container\">\n<p class=\"ez-toc-title\" style=\"cursor:inherit\">Sekcje<\/p>\n<span class=\"ez-toc-title-toggle\"><a href=\"#\" class=\"ez-toc-pull-right ez-toc-btn ez-toc-btn-xs ez-toc-btn-default ez-toc-toggle\" aria-label=\"Prze\u0142\u0105cznik Spisu Tre\u015bci\"><span class=\"ez-toc-js-icon-con\"><span class=\"\"><span class=\"eztoc-hide\" style=\"display:none;\">Toggle<\/span><span class=\"ez-toc-icon-toggle-span\"><svg style=\"fill: #999;color:#999\" xmlns=\"http:\/\/www.w3.org\/2000\/svg\" class=\"list-377408\" width=\"20px\" height=\"20px\" viewbox=\"0 0 24 24\" fill=\"none\"><path d=\"M6 6H4v2h2V6zm14 0H8v2h12V6zM4 11h2v2H4v-2zm16 0H8v2h12v-2zM4 16h2v2H4v-2zm16 0H8v2h12v-2z\" fill=\"currentColor\"><\/path><\/svg><svg style=\"fill: #999;color:#999\" class=\"arrow-unsorted-368013\" xmlns=\"http:\/\/www.w3.org\/2000\/svg\" width=\"10px\" height=\"10px\" viewbox=\"0 0 24 24\" version=\"1.2\" baseprofile=\"tiny\"><path d=\"M18.2 9.3l-6.2-6.3-6.2 6.3c-.2.2-.3.4-.3.7s.1.5.3.7c.2.2.4.3.7.3h11c.3 0 .5-.1.7-.3.2-.2.3-.5.3-.7s-.1-.5-.3-.7zM5.8 14.7l6.2 6.3 6.2-6.3c.2-.2.3-.5.3-.7s-.1-.5-.3-.7c-.2-.2-.4-.3-.7-.3h-11c-.3 0-.5.1-.7.3-.2.2-.3.5-.3.7s.1.5.3.7z\"\/><\/svg><\/span><\/span><\/span><\/a><\/span><\/div>\n<nav><ul class='ez-toc-list ez-toc-list-level-1 eztoc-toggle-hide-by-default' ><li class='ez-toc-page-1 ez-toc-heading-level-2'><a class=\"ez-toc-link ez-toc-heading-1\" href=\"https:\/\/moverdb.com\/pl\/container-shipping\/iceland\/#Shipping_Container_Costs_to_Iceland_Reykjavik\" >Koszty wysy\u0142ki kontenera do Islandii (Reykjav\u00edk)<\/a><\/li><li class='ez-toc-page-1 ez-toc-heading-level-2'><a class=\"ez-toc-link ez-toc-heading-2\" href=\"https:\/\/moverdb.com\/pl\/container-shipping\/iceland\/#Shipping_Container_Costs_from_Iceland_Reykjavik\" >Koszty wysy\u0142ki kontenera z Islandii (Reykjav\u00edk)<\/a><ul class='ez-toc-list-level-3' ><li class='ez-toc-heading-level-3'><a class=\"ez-toc-link ez-toc-heading-3\" href=\"https:\/\/moverdb.com\/pl\/container-shipping\/iceland\/#Notes_about_data\" >Uwagi dotycz\u0105ce danych:<\/a><\/li><\/ul><\/li><li class='ez-toc-page-1 ez-toc-heading-level-2'><a class=\"ez-toc-link ez-toc-heading-4\" href=\"https:\/\/moverdb.com\/pl\/container-shipping\/iceland\/#Other_Useful_Guides_to_Iceland\" >Inne przydatne przewodniki po Islandii<\/a><\/li><\/ul><\/nav><\/div>\n<h2 class=\"wp-block-heading\"><span class=\"ez-toc-section\" id=\"Shipping_Container_Costs_to_Iceland_Reykjavik\"><\/span>Koszty wysy\u0142ki kontenera do Islandii (Reykjav\u00edk)<span class=\"ez-toc-section-end\"><\/span><\/h2>\r\n\r\n\r\n<div class=\"wp-block-image\">\r\n<figure class=\"aligncenter size-large\"><img loading=\"lazy\" decoding=\"async\" width=\"1024\" height=\"539\" src=\"https:\/\/moverdb.com\/wp-content\/uploads\/Shipping-Container-Costs-to-Iceland-1024x539.png\" alt=\"Koszty wysy\u0142ki kontenera do Islandii (Reykjav\u00edk)\" class=\"wp-image-4335\" srcset=\"https:\/\/moverdb.com\/wp-content\/uploads\/Shipping-Container-Costs-to-Iceland-1024x539.png 1024w, https:\/\/moverdb.com\/wp-content\/uploads\/Shipping-Container-Costs-to-Iceland-300x158.png 300w, https:\/\/moverdb.com\/wp-content\/uploads\/Shipping-Container-Costs-to-Iceland-1536x809.png 1536w, https:\/\/moverdb.com\/wp-content\/uploads\/Shipping-Container-Costs-to-Iceland-18x9.png 18w, https:\/\/moverdb.com\/wp-content\/uploads\/Shipping-Container-Costs-to-Iceland-600x316.png 600w, https:\/\/moverdb.com\/wp-content\/uploads\/Shipping-Container-Costs-to-Iceland.png 2000w\" sizes=\"auto, (max-width: 1024px) 100vw, 1024px\" \/><\/figure>\r\n<\/div>\r\n\r\n\n<table id=\"tablepress-119\" class=\"tablepress tablepress-id-119\">\n<thead>\n<tr class=\"row-1\">\n\t<th class=\"column-1\">Kraj docelowy (<a href=\"https:\/\/moverdb.com\/pl\/top-49-container-ports\/\" data-internallinksmanager029f6b8e52c=\"80\" title=\"49 najwi\u0119kszych i najbardziej ruchliwych port\u00f3w kontenerowych w 2025 r.\">Port<\/a>\/miasto).<\/th><th class=\"column-2\">20FT<\/th><th class=\"column-3\">40FT<\/th>\n<\/tr>\n<\/thead>\n<tbody class=\"row-striping row-hover\">\n<tr class=\"row-2\">\n\t<td class=\"column-1\"><a href=\"https:\/\/moverdb.com\/pl\/container-shipping\/andorra\/\" data-internallinksmanager029f6b8e52c=\"88\" title=\"2026 Stawki za wysy\u0142k\u0119 kontener\u00f3w frachtem morskim do i z Andory\">Andora (Andorra la Vella)<\/a><\/td><td class=\"column-2\">$990<\/td><td class=\"column-3\">$1.662<\/td>\n<\/tr>\n<tr class=\"row-3\">\n\t<td class=\"column-1\"><a href=\"https:\/\/moverdb.com\/pl\/container-shipping\/australia\/\" data-internallinksmanager029f6b8e52c=\"89\" title=\"Stawki transportu kontenerowego do i z Australii w 2026 r.\">Australia (Sydney)<\/a><\/td><td class=\"column-2\">$1,511<\/td><td class=\"column-3\">$2,464<\/td>\n<\/tr>\n<tr class=\"row-4\">\n\t<td class=\"column-1\"><a href=\"https:\/\/moverdb.com\/pl\/container-shipping\/bangladesh\/\" data-internallinksmanager029f6b8e52c=\"97\" title=\"2026 Stawki za wysy\u0142k\u0119 kontener\u00f3w frachtu morskiego do i z Bangladeszu\">Bangladesz (Chittagong)<\/a><\/td><td class=\"column-2\">$1.463<\/td><td class=\"column-3\">$2.016<\/td>\n<\/tr>\n<tr class=\"row-5\">\n\t<td class=\"column-1\"><a href=\"https:\/\/moverdb.com\/pl\/container-shipping\/belgium\/\" data-internallinksmanager029f6b8e52c=\"86\" title=\"2023 Ceny wysy\u0142ki kontener\u00f3w frachtem morskim do i z Belgii\">Belgia (Antwerpia)<\/a><\/td><td class=\"column-2\">$2.794<\/td><td class=\"column-3\">$4,274<\/td>\n<\/tr>\n<tr class=\"row-6\">\n\t<td class=\"column-1\"><a href=\"https:\/\/moverdb.com\/pl\/moving-to-canada\/\" data-internallinksmanager029f6b8e52c=\"265\" title=\"Przeprowadzka do Kanady? 2026 Koszty utrzymania i wskaz\u00f3wki dotycz\u0105ce przeprowadzki\">Kanada<\/a> (<a href=\"https:\/\/moverdb.com\/pl\/moving-to-canada\/moving-to-vancouver\/\" data-internallinksmanager029f6b8e52c=\"438\" title=\"Przeprowadzka do Vancouver? Koszty \u017cycia i wskaz\u00f3wki dotycz\u0105ce przeprowadzki w 2023 roku\">Vancouver<\/a>)<\/td><td class=\"column-2\">$5.789<\/td><td class=\"column-3\">$7,145<\/td>\n<\/tr>\n<tr class=\"row-7\">\n\t<td class=\"column-1\"><a href=\"https:\/\/moverdb.com\/pl\/container-shipping\/china\/\" data-internallinksmanager029f6b8e52c=\"105\" title=\"2026 Stawki za fracht morski w kontenerach do i z Chin\">Chiny (Szanghaj)<\/a><\/td><td class=\"column-2\">$3.960<\/td><td class=\"column-3\">$7,350<\/td>\n<\/tr>\n<tr class=\"row-8\">\n\t<td class=\"column-1\"><a href=\"https:\/\/moverdb.com\/pl\/container-shipping\/croatia\/\" data-internallinksmanager029f6b8e52c=\"107\" title=\"2026 Stawki za fracht morski w transporcie kontenerowym do i z Chorwacji\">Chorwacja (Rijeka)<\/a><\/td><td class=\"column-2\">$3.883<\/td><td class=\"column-3\">$5,513<\/td>\n<\/tr>\n<tr class=\"row-9\">\n\t<td class=\"column-1\"><a href=\"https:\/\/moverdb.com\/pl\/container-shipping\/germany\/\" data-internallinksmanager029f6b8e52c=\"118\" title=\"2026 Stawki za fracht morski w kontenerach do i z Niemiec\">Niemcy (Hamburg)<\/a><\/td><td class=\"column-2\">$2.915<\/td><td class=\"column-3\">$4,326<\/td>\n<\/tr>\n<tr class=\"row-10\">\n\t<td class=\"column-1\"><a href=\"https:\/\/moverdb.com\/pl\/container-shipping\/guernsey\/\" data-internallinksmanager029f6b8e52c=\"121\" title=\"2026 Stawki za fracht morski w transporcie kontenerowym do i z Guernsey\">Guernsey (St Peter Port)<\/a><\/td><td class=\"column-2\">$3,188<\/td><td class=\"column-3\">$4,628<\/td>\n<\/tr>\n<tr class=\"row-11\">\n\t<td class=\"column-1\"><a href=\"https:\/\/moverdb.com\/pl\/container-shipping\/hong-kong\/\" data-internallinksmanager029f6b8e52c=\"123\" title=\"2022 Fracht morski w kontenerach do i z Hongkongu\">Hongkong (Hongkong)<\/a><\/td><td class=\"column-2\">$1,155<\/td><td class=\"column-3\">$2,111<\/td>\n<\/tr>\n<tr class=\"row-12\">\n\t<td class=\"column-1\"><a href=\"https:\/\/moverdb.com\/pl\/container-shipping\/india\/\" data-internallinksmanager029f6b8e52c=\"125\" title=\"2026 Stawki za fracht morski w kontenerze do i z Indii\">Indie (Mumbai)<\/a><\/td><td class=\"column-2\">$5,335<\/td><td class=\"column-3\">$6,720<\/td>\n<\/tr>\n<tr class=\"row-13\">\n\t<td class=\"column-1\"><a href=\"https:\/\/moverdb.com\/pl\/container-shipping\/italy\/\" data-internallinksmanager029f6b8e52c=\"130\" title=\"2026 Stawki za fracht morski w kontenerze do i z W\u0142och\">W\u0142ochy (Triest)<\/a><\/td><td class=\"column-2\">$3.883<\/td><td class=\"column-3\">$5,513<\/td>\n<\/tr>\n<tr class=\"row-14\">\n\t<td class=\"column-1\"><a href=\"https:\/\/moverdb.com\/pl\/container-shipping\/jersey\/\" data-internallinksmanager029f6b8e52c=\"132\" title=\"2026 Stawki za fracht morski w transporcie kontenerowym do i z Jersey\">Jersey (St Helier)<\/a><\/td><td class=\"column-2\">$3,188<\/td><td class=\"column-3\">$4,628<\/td>\n<\/tr>\n<tr class=\"row-15\">\n\t<td class=\"column-1\"><a href=\"https:\/\/moverdb.com\/pl\/container-shipping\/lithuania\/\" data-internallinksmanager029f6b8e52c=\"145\" title=\"2026 Stawki za fracht morski w transporcie kontenerowym do i z Litwy\">Litwa (K\u0142ajpeda)<\/a><\/td><td class=\"column-2\">$3.289<\/td><td class=\"column-3\">$4,757<\/td>\n<\/tr>\n<tr class=\"row-16\">\n\t<td class=\"column-1\"><a href=\"https:\/\/moverdb.com\/pl\/moving-to-luxembourg\/\" data-internallinksmanager029f6b8e52c=\"349\" title=\"Przeprowadzka do Luksemburga? 2026 Koszty \u017cycia i wskaz\u00f3wki dotycz\u0105ce przeprowadzki\">Luksemburg<\/a><\/td><td class=\"column-2\">$2.882<\/td><td class=\"column-3\">$4,274<\/td>\n<\/tr>\n<tr class=\"row-17\">\n\t<td class=\"column-1\"><a href=\"https:\/\/moverdb.com\/pl\/container-shipping\/netherlands\/\" data-internallinksmanager029f6b8e52c=\"151\" title=\"2026 Stawki za fracht morski w kontenerze do i z Holandii\">Holandia (Rotterdam)<\/a><\/td><td class=\"column-2\">$2.794<\/td><td class=\"column-3\">$4,274<\/td>\n<\/tr>\n<tr class=\"row-18\">\n\t<td class=\"column-1\"><a href=\"https:\/\/moverdb.com\/pl\/container-shipping\/pakistan\/\" data-internallinksmanager029f6b8e52c=\"155\" title=\"2022 Fracht morski w kontenerze Rates To &amp; From Pakistan\">Pakistan (Karaczi)<\/a><\/td><td class=\"column-2\">$2,233<\/td><td class=\"column-3\">$2.793<\/td>\n<\/tr>\n<tr class=\"row-19\">\n\t<td class=\"column-1\"><a href=\"https:\/\/moverdb.com\/pl\/container-shipping\/poland\/\" data-internallinksmanager029f6b8e52c=\"157\" title=\"2022 Fracht morski w kontenerach do i z Polski\">Polska (Gda\u0144sk)<\/a><\/td><td class=\"column-2\">$3.289<\/td><td class=\"column-3\">$4,757<\/td>\n<\/tr>\n<tr class=\"row-20\">\n\t<td class=\"column-1\"><a href=\"https:\/\/moverdb.com\/pl\/container-shipping\/russia\/\" data-internallinksmanager029f6b8e52c=\"160\" title=\"2026 Stawki za fracht morski w kontenerze do i z Rosji\">Rosja (Sankt Petersburg)<\/a><\/td><td class=\"column-2\">$2.805<\/td><td class=\"column-3\">$4,200<\/td>\n<\/tr>\n<tr class=\"row-21\">\n\t<td class=\"column-1\"><a href=\"https:\/\/moverdb.com\/pl\/container-shipping\/slovenia\/\" data-internallinksmanager029f6b8e52c=\"181\" title=\"2026 Stawki za fracht morski w transporcie kontenerowym do i ze S\u0142owenii\">S\u0142owenia (Koper)<\/a><\/td><td class=\"column-2\">$3.883<\/td><td class=\"column-3\">$5,513<\/td>\n<\/tr>\n<tr class=\"row-22\">\n\t<td class=\"column-1\"><a href=\"https:\/\/moverdb.com\/pl\/container-shipping\/south-korea\/\" data-internallinksmanager029f6b8e52c=\"180\" title=\"2026 Stawki za fracht morski w kontenerze do i z Korei Po\u0142udniowej\">Korea Po\u0142udniowa (Pusan)<\/a><\/td><td class=\"column-2\">$7,306<\/td><td class=\"column-3\">$13,737<\/td>\n<\/tr>\n<tr class=\"row-23\">\n\t<td class=\"column-1\"><a href=\"https:\/\/moverdb.com\/pl\/container-shipping\/spain\/\" data-internallinksmanager029f6b8e52c=\"182\" title=\"2026 Stawki za fracht morski w transporcie kontenerowym do i z Hiszpanii\">Hiszpania (Walencja)<\/a><\/td><td class=\"column-2\">$1.067<\/td><td class=\"column-3\">$1.596<\/td>\n<\/tr>\n<tr class=\"row-24\">\n\t<td class=\"column-1\"><a href=\"https:\/\/moverdb.com\/pl\/container-shipping\/thailand\/\" data-internallinksmanager029f6b8e52c=\"189\" title=\"2026 Stawki za fracht morski w kontenerze do i z Tajlandii\">Tajlandia (Laem Chabang)<\/a><\/td><td class=\"column-2\">$4,246<\/td><td class=\"column-3\">$7.886<\/td>\n<\/tr>\n<tr class=\"row-25\">\n\t<td class=\"column-1\"><a href=\"https:\/\/moverdb.com\/pl\/moving-to-the-united-states\/\" data-internallinksmanager029f6b8e52c=\"94\" title=\"Przeprowadzasz si\u0119 do Stan\u00f3w Zjednoczonych? 2026 Koszty \u017cycia i wskaz\u00f3wki dotycz\u0105ce przeprowadzki\">USA<\/a> (<a href=\"https:\/\/moverdb.com\/pl\/moving-to-los-angeles\/\" data-internallinksmanager029f6b8e52c=\"51\" title=\"Przeprowadzka do Los Angeles? Koszty utrzymania i wskaz\u00f3wki dotycz\u0105ce relokacji w Los Angeles w 2026 roku\">Los Angeles<\/a>)<\/td><td class=\"column-2\">$1,625<\/td><td class=\"column-3\">$1.855<\/td>\n<\/tr>\n<tr class=\"row-26\">\n\t<td class=\"column-1\"><a href=\"https:\/\/moverdb.com\/pl\/container-shipping\/united-states\/\" data-internallinksmanager029f6b8e52c=\"87\" title=\"2026 Stawki za wysy\u0142k\u0119 kontener\u00f3w frachtem morskim do i z USA\">USA (Nowy Jork)<\/a><\/td><td class=\"column-2\">$2.452<\/td><td class=\"column-3\">$2,398<\/td>\n<\/tr>\n<tr class=\"row-27\">\n\t<td class=\"column-1\"><a href=\"https:\/\/moverdb.com\/pl\/container-shipping\/vietnam\/\" data-internallinksmanager029f6b8e52c=\"245\" title=\"2023 Fracht morski kontenerowy stawki wysy\u0142ki do i z Wietnamu\">Wietnam (Sajgon)<\/a><\/td><td class=\"column-2\">$4,378<\/td><td class=\"column-3\">$8,148<\/td>\n<\/tr>\n<\/tbody>\n<\/table>\n<!-- #tablepress-119 from cache -->\n\r\n\r\n\r\n<h2 class=\"wp-block-heading\"><span class=\"ez-toc-section\" id=\"Shipping_Container_Costs_from_Iceland_Reykjavik\"><\/span>Koszty wysy\u0142ki kontenera z Islandii (Reykjav\u00edk)<span class=\"ez-toc-section-end\"><\/span><\/h2>\r\n\r\n\r\n<div class=\"wp-block-image\">\r\n<figure class=\"aligncenter size-large\"><img loading=\"lazy\" decoding=\"async\" width=\"1024\" height=\"539\" src=\"https:\/\/moverdb.com\/wp-content\/uploads\/Shipping-Container-Costs-from-Iceland-1024x539.png\" alt=\"Koszty wysy\u0142ki kontenera z Islandii (Reykjav\u00edk)\" class=\"wp-image-4336\" srcset=\"https:\/\/moverdb.com\/wp-content\/uploads\/Shipping-Container-Costs-from-Iceland-1024x539.png 1024w, https:\/\/moverdb.com\/wp-content\/uploads\/Shipping-Container-Costs-from-Iceland-300x158.png 300w, https:\/\/moverdb.com\/wp-content\/uploads\/Shipping-Container-Costs-from-Iceland-1536x809.png 1536w, https:\/\/moverdb.com\/wp-content\/uploads\/Shipping-Container-Costs-from-Iceland-18x9.png 18w, https:\/\/moverdb.com\/wp-content\/uploads\/Shipping-Container-Costs-from-Iceland-600x316.png 600w, https:\/\/moverdb.com\/wp-content\/uploads\/Shipping-Container-Costs-from-Iceland.png 2000w\" sizes=\"auto, (max-width: 1024px) 100vw, 1024px\" \/><\/figure>\r\n<\/div>\r\n\r\n\n<table id=\"tablepress-120\" class=\"tablepress tablepress-id-120\">\n<thead>\n<tr class=\"row-1\">\n\t<th class=\"column-1\">Kraj docelowy (port\/miasto)<\/th><th class=\"column-2\">20FT<\/th><th class=\"column-3\">40FT<\/th>\n<\/tr>\n<\/thead>\n<tbody class=\"row-striping row-hover\">\n<tr class=\"row-2\">\n\t<td class=\"column-1\">Andora (Andorra la Vella)<\/td><td class=\"column-2\">$949<\/td><td class=\"column-3\">$1,220<\/td>\n<\/tr>\n<tr class=\"row-3\">\n\t<td class=\"column-1\"><a href=\"https:\/\/moverdb.com\/pl\/container-shipping\/antigua-and-barbuda\/\" data-internallinksmanager029f6b8e52c=\"92\" title=\"2026 Stawki za wysy\u0142k\u0119 kontener\u00f3w frachtem morskim do i z Antigui i Barbudy\">Antigua i Barbuda (St John's)<\/a><\/td><td class=\"column-2\">$3.058<\/td><td class=\"column-3\">$5.300<\/td>\n<\/tr>\n<tr class=\"row-4\">\n\t<td class=\"column-1\"><a href=\"https:\/\/moverdb.com\/pl\/container-shipping\/argentina\/\" data-internallinksmanager029f6b8e52c=\"91\" title=\"2026 Stawki za wysy\u0142k\u0119 kontener\u00f3w frachtem morskim do i z Argentyny\">Argentyna (Buenos Aires)<\/a><\/td><td class=\"column-2\">$2.045<\/td><td class=\"column-3\">$3.617<\/td>\n<\/tr>\n<tr class=\"row-5\">\n\t<td class=\"column-1\"><a href=\"https:\/\/moverdb.com\/pl\/container-shipping\/aruba\/\" data-internallinksmanager029f6b8e52c=\"90\" title=\"2026 Stawki za wysy\u0142k\u0119 kontener\u00f3w frachtem morskim na Arub\u0119 i z powrotem\">Aruba (Oranjestad)<\/a><\/td><td class=\"column-2\">$2.045<\/td><td class=\"column-3\">$0<\/td>\n<\/tr>\n<tr class=\"row-6\">\n\t<td class=\"column-1\">Australia (Sydney)<\/td><td class=\"column-2\">$2.669<\/td><td class=\"column-3\">$4,859<\/td>\n<\/tr>\n<tr class=\"row-7\">\n\t<td class=\"column-1\"><a href=\"https:\/\/moverdb.com\/pl\/container-shipping\/austria\/\" data-internallinksmanager029f6b8e52c=\"95\" title=\"2023 Ceny wysy\u0142ki kontener\u00f3w frachtem morskim do i z Austrii\">Austria (Wiede\u0144)<\/a><\/td><td class=\"column-2\">$300<\/td><td class=\"column-3\">$450<\/td>\n<\/tr>\n<tr class=\"row-8\">\n\t<td class=\"column-1\"><a href=\"https:\/\/moverdb.com\/pl\/container-shipping\/brazil\/\" data-internallinksmanager029f6b8e52c=\"98\" title=\"2023 Ceny frachtu morskiego kontener\u00f3w do i z Brazylii\">Brazylia (Santos)<\/a><\/td><td class=\"column-2\">$1.936<\/td><td class=\"column-3\">$2,384<\/td>\n<\/tr>\n<tr class=\"row-9\">\n\t<td class=\"column-1\"><a href=\"https:\/\/moverdb.com\/pl\/container-shipping\/canada\/\" data-internallinksmanager029f6b8e52c=\"102\" title=\"2026 Stawki za fracht morski do i z Kanady\">Kanada (Toronto)<\/a><\/td><td class=\"column-2\">$2.356<\/td><td class=\"column-3\">$2.959<\/td>\n<\/tr>\n<tr class=\"row-10\">\n\t<td class=\"column-1\">Chiny (Szanghaj)<\/td><td class=\"column-2\">$1.705<\/td><td class=\"column-3\">$1.914<\/td>\n<\/tr>\n<tr class=\"row-11\">\n\t<td class=\"column-1\"><a href=\"https:\/\/moverdb.com\/pl\/container-shipping\/france\/\" data-internallinksmanager029f6b8e52c=\"116\" title=\"2026 Stawki za fracht morski w kontenerze do i z Francji\">Francja (Marsylia)<\/a><\/td><td class=\"column-2\">$1.096<\/td><td class=\"column-3\">$1.200<\/td>\n<\/tr>\n<tr class=\"row-12\">\n\t<td class=\"column-1\">Niemcy (Hamburg)<\/td><td class=\"column-2\">$360<\/td><td class=\"column-3\">$600<\/td>\n<\/tr>\n<tr class=\"row-13\">\n\t<td class=\"column-1\">Hongkong (Hongkong)<\/td><td class=\"column-2\">$1,470<\/td><td class=\"column-3\">$1.265<\/td>\n<\/tr>\n<tr class=\"row-14\">\n\t<td class=\"column-1\">Indie (Mumbai)<\/td><td class=\"column-2\">$1,210<\/td><td class=\"column-3\">$1,287<\/td>\n<\/tr>\n<tr class=\"row-15\">\n\t<td class=\"column-1\">USA (Los Angeles)<\/td><td class=\"column-2\">$5.979<\/td><td class=\"column-3\">$9,080<\/td>\n<\/tr>\n<tr class=\"row-16\">\n\t<td class=\"column-1\">USA (Nowy Jork)<\/td><td class=\"column-2\">$4,514<\/td><td class=\"column-3\">$7.028<\/td>\n<\/tr>\n<\/tbody>\n<\/table>\n<!-- #tablepress-120 from cache -->\n\r\n\r\n\r\n<h3 class=\"wp-block-heading\"><span class=\"ez-toc-section\" id=\"Notes_about_data\"><\/span>Uwagi dotycz\u0105ce danych:<span class=\"ez-toc-section-end\"><\/span><\/h3>\r\n\r\n\r\n\r\n<ul class=\"wp-block-list\"><li>Wszystkie warto\u015bci $ podano w dolarach ameryka\u0144skich (USD);<\/li><li>Stawki s\u0105 aktualne na po\u0142ow\u0119 2022 r;<\/li><li>Mapy przedstawione w tym artykule zosta\u0142y utworzone przy u\u017cyciu <a href=\"https:\/\/www.mapchart.net\" target=\"_blank\" rel=\"noreferrer noopener\">https:\/\/www.mapchart.net<\/a>. Mapy mo\u017cna dowolnie udost\u0119pnia\u0107, pod warunkiem zamieszczenia odno\u015bnika do strony <a href=\"https:\/\/moverdb.com\/pl\/\" target=\"_blank\" rel=\"noreferrer noopener\">MoverDB<\/a>;<\/li><li>Powy\u017csze stawki s\u0105 jedynie szacunkowe i mog\u0105 ulec zmianie od czasu opublikowania tego artyku\u0142u (kwiecie\u0144 2022). Opieraj\u0105 si\u0119 one na najni\u017cszej szacunkowej stawce z <a href=\"https:\/\/www.icontainers.com\" target=\"_blank\" rel=\"noreferrer noopener\">https:\/\/www.icontainers.com<\/a> lub . <a href=\"https:\/\/www.freightos.com\" target=\"_blank\" rel=\"noreferrer noopener\">https:\/\/www.freightos.com<\/a>;<\/li><li>Aby uzyska\u0107 dok\u0142adniejsze informacje na temat koszt\u00f3w, nale\u017cy skorzysta\u0107 z formularza wyceny znajduj\u0105cego si\u0119 na g\u00f3rze tej strony;<\/li><li>Zapoznaj si\u0119 r\u00f3wnie\u017c z naszym przewodnikiem po <a href=\"https:\/\/moverdb.com\/pl\/przeladunek-w-kontenerach\/\" target=\"_blank\" rel=\"noreferrer noopener\">mi\u0119dzynarodowa \u017cegluga kontenerowa<\/a>.<\/li><\/ul>\r\n\r\n\r\n<h2><span class=\"ez-toc-section\" id=\"Other_Useful_Guides_to_Iceland\"><\/span>Inne przydatne przewodniki po Islandii<span class=\"ez-toc-section-end\"><\/span><\/h2>\r\n\r\n<ul>\r\n<li> <a href=\"https:\/\/moverdb.com\/pl\/moving-to-iceland\/moving-to-iceland-from-the-uk\/\">Przeprowadzka do Islandii z Wielkiej Brytanii<\/a><\/li>\r\n<li> <a href=\"https:\/\/moverdb.com\/pl\/moving-to-iceland\/\">Przeprowadzka na Islandi\u0119? Koszty \u017cycia i wskaz\u00f3wki dotycz\u0105ce relokacji w 2024 r.<\/a><\/li>\r\n<\/ul>","protected":false},"excerpt":{"rendered":"<p>Iceland makes most people who\u2019ve never been there think of cold and ice, but ask any expat who lives there and they\u2019ll tell you it\u2019s actually one of the most beautiful places on Earth. This Nordic country is famous for its natural vistas filled with glaciers, geysers, flowing volcanoes, and hot springs. Life quality in [&hellip;]<\/p>\n","protected":false},"author":2,"featured_media":4328,"parent":44,"menu_order":0,"comment_status":"open","ping_status":"closed","template":"","meta":{"_genesis_hide_title":false,"_genesis_hide_breadcrumbs":false,"_genesis_hide_singular_image":false,"_genesis_hide_footer_widgets":false,"_genesis_custom_body_class":"","_genesis_custom_post_class":"","_genesis_layout":"","footnotes":""},"class_list":{"0":"post-4333","1":"page","2":"type-page","3":"status-publish","4":"has-post-thumbnail","6":"entry"},"_links":{"self":[{"href":"https:\/\/moverdb.com\/pl\/wp-json\/wp\/v2\/pages\/4333","targetHints":{"allow":["GET"]}}],"collection":[{"href":"https:\/\/moverdb.com\/pl\/wp-json\/wp\/v2\/pages"}],"about":[{"href":"https:\/\/moverdb.com\/pl\/wp-json\/wp\/v2\/types\/page"}],"author":[{"embeddable":true,"href":"https:\/\/moverdb.com\/pl\/wp-json\/wp\/v2\/users\/2"}],"replies":[{"embeddable":true,"href":"https:\/\/moverdb.com\/pl\/wp-json\/wp\/v2\/comments?post=4333"}],"version-history":[{"count":5,"href":"https:\/\/moverdb.com\/pl\/wp-json\/wp\/v2\/pages\/4333\/revisions"}],"predecessor-version":[{"id":17860,"href":"https:\/\/moverdb.com\/pl\/wp-json\/wp\/v2\/pages\/4333\/revisions\/17860"}],"up":[{"embeddable":true,"href":"https:\/\/moverdb.com\/pl\/wp-json\/wp\/v2\/pages\/44"}],"wp:featuredmedia":[{"embeddable":true,"href":"https:\/\/moverdb.com\/pl\/wp-json\/wp\/v2\/media\/4328"}],"wp:attachment":[{"href":"https:\/\/moverdb.com\/pl\/wp-json\/wp\/v2\/media?parent=4333"}],"curies":[{"name":"wp","href":"https:\/\/api.w.org\/{rel}","templated":true}]}}