{"id":432,"date":"2016-06-12T09:28:19","date_gmt":"2016-06-12T09:28:19","guid":{"rendered":"http:\/\/moverdb.com\/?page_id=432"},"modified":"2026-01-08T14:47:56","modified_gmt":"2026-01-08T14:47:56","slug":"canadian-association-of-movers","status":"publish","type":"page","link":"https:\/\/moverdb.com\/pl\/canadian-association-of-movers\/","title":{"rendered":"Kanadyjskie Stowarzyszenie Przewo\u017anik\u00f3w (CAM) - obja\u015bnienia"},"content":{"rendered":"<p>Kanadyjskie Stowarzyszenie Przeprowadzek to <a href=\"https:\/\/moverdb.com\/pl\/moving-to-canada\/\" data-internallinksmanager029f6b8e52c=\"265\" title=\"Przeprowadzka do Kanady? 2026 Koszty utrzymania i wskaz\u00f3wki dotycz\u0105ce przeprowadzki\">Kanada<\/a>Stowarzyszenie reprezentuj\u0105ce firmy przeprowadzkowe i magazynowe. Zosta\u0142o ono za\u0142o\u017cone w celu ochrony i rozwoju firm cz\u0142onkowskich, a tak\u017ce w celu zaoferowania konsumentom sposobu na znalezienie renomowanych, profesjonalnych i niezawodnych us\u0142ug przeprowadzkowych.<\/p>\n<p><strong>Najwa\u017cniejsze fakty o CAM:<\/strong><\/p>\n<ol>\n<li>  Cz\u0142onkami stowarzyszenia s\u0105 osoby przeprowadzaj\u0105ce si\u0119 zar\u00f3wno w Kanadzie, jak i za granic\u0119.<\/li>\n<li>  Cz\u0142onkostwo obejmuje firmy przeprowadzkowe i relokacyjne, linie przewozowe, dostawc\u00f3w dla bran\u017cy, przedsi\u0119biorstwa \u015bwiadcz\u0105ce us\u0142ugi zwi\u0105zane z przeprowadzkami, takie jak pakowanie.<\/li>\n<li>  Kodeks etyczny wymaga od cz\u0142onk\u00f3w przestrzegania takich zasad, jak uczciwo\u015b\u0107 i rzetelno\u015b\u0107 wobec klient\u00f3w oraz dba\u0142o\u015b\u0107 o bezpiecze\u0144stwo w ka\u017cdym momencie.<\/li>\n<li>  Kanadyjskie Stowarzyszenie Przedsi\u0119biorc\u00f3w Przeprowadzkowych oferuje konsumentom procedur\u0119 rozpatrywania skarg.<\/li>\n<li>  CAM oferuje program Certified Canadian Mover Program, kt\u00f3ry daje konsumentom pewno\u015b\u0107, \u017ce otrzymuj\u0105 us\u0142ugi oparte na etycznym post\u0119powaniu, profesjonalnych kompetencjach i skutecznym rozpatrywaniu skarg.<\/li>\n<li>  CAM jest jedynym stowarzyszeniem firm przewozowych w Kanadzie, kt\u00f3re reguluje i prowadzi rejestr renomowanych i nierzetelnych firm przewozowych.<\/li>\n<\/ol>\n<p><strong>Profil Kanadyjskiego Stowarzyszenia Przedsi\u0119biorc\u00f3w Przeprowadzkowych:<\/strong><\/p>\n<p>Canadian Association of Movers jest kanadyjskim stowarzyszeniem handlowym zrzeszaj\u0105cym firmy przeprowadzkowe. W jego sk\u0142ad wchodz\u0105 firmy kanadyjskie, a tak\u017ce organizacje zagraniczne. <\/p>\n<p>CAM ma wiele cel\u00f3w, kt\u00f3re obejmuj\u0105 poszerzanie wiedzy fachowej i kompetencji operacyjnych oraz budowanie powi\u0105za\u0144 pomi\u0119dzy firmami przeprowadzkowymi i liniami furgonetkowymi w celu wymiany informacji i wzmocnienia ca\u0142ej bran\u017cy przeprowadzek towar\u00f3w gospodarstwa domowego.<\/p>\n<p>Cz\u0142onkowie CAM s\u0105 uwa\u017cani za najlepszych w kraju. <a href=\"https:\/\/moverdb.com\/pl\/moving-companies\/\" data-internallinksmanager029f6b8e52c=\"79\" title=\"25 najlepszych firm przeprowadzek mi\u0119dzynarodowych online\">firmy przeprowadzkowe<\/a>. Dla cz\u0142onk\u00f3w CAM dost\u0119pne s\u0105 dwa certyfikaty - Certyfikowany Przewo\u017anik Zagraniczny (Certified Overseas Mover) i Certyfikowany Przewo\u017anik Kanadyjski (Certified Canadian Mover). <\/p>\n<p>Oba te programy maj\u0105 na celu zaoferowanie konsumentom wyboru spo\u015br\u00f3d renomowanych firm przeprowadzkowych, kt\u00f3re posiadaj\u0105 aktualn\u0105 dokumentacj\u0119, przestrzegaj\u0105 kodeksu etycznego, wiedz\u0105, jak rozpatrywa\u0107 skargi klient\u00f3w i stosuj\u0105 si\u0119 do wytycznych dotycz\u0105cych dobrych praktyk.<\/p>\n<p><strong>Kryteria cz\u0142onkostwa:<\/strong><\/p>\n<p>Od wnioskodawc\u00f3w mo\u017ce by\u0107 wymagane z\u0142o\u017cenie r\u00f3\u017cnych dokument\u00f3w w celu zako\u0144czenia procesu zatwierdzania cz\u0142onkostwa. Wszystkie wnioski o cz\u0142onkostwo podlegaj\u0105 zatwierdzeniu przez Rad\u0119 Dyrektor\u00f3w.<\/p>\n<p><strong>Przeprowadzki<\/strong><\/p>\n<p>CAM wymaga, aby wnioskodawcy prowadzili dzia\u0142alno\u015b\u0107 gospodarcz\u0105 jako przewo\u017anicy przez co najmniej dwa lata.<\/p>\n<p>Osoby ubiegaj\u0105ce si\u0119 o cz\u0142onkostwo przewo\u017anika musz\u0105 wype\u0142ni\u0107 formularz zg\u0142oszeniowy i dostarczy\u0107 do CAM nast\u0119puj\u0105c\u0105 dokumentacj\u0119 (tylko kserokopie):<\/p>\n<ul>\n<li> Licencja na prowadzenie dzia\u0142alno\u015bci gospodarczej<\/li>\n<li> Zdj\u0119cia pomieszcze\u0144 i pojazd\u00f3w<\/li>\n<li> Rejestracja i numer GST\/HST<\/li>\n<li> Za\u015bwiadczenie o odszkodowaniu pracowniczym<\/li>\n<li> Certyfikat ubezpieczeniowy potwierdzaj\u0105cy odpowiedzialno\u015b\u0107 cywiln\u0105 na kwot\u0119 co najmniej $1 mln oraz limit \u0142adunku na kwot\u0119 co najmniej $250 000.<\/li>\n<li> Akt za\u0142o\u017cycielski<\/li>\n<li> Dwie referencje handlowe z podaniem d\u0142ugo\u015bci relacji (np. bank, dostawca sprz\u0119tu do przeprowadzek itp.)<\/li>\n<li> Reklama na \u017c\u00f3\u0142tych stronach lub materia\u0142y promocyjne (opcjonalnie)<\/li>\n<li> Podpisany formularz Kodeksu Etycznego<\/li>\n<\/ul>\n<p><strong>Partnerzy<\/strong><\/p>\n<p>Firma, kt\u00f3ra nie przewozi samochodami ci\u0119\u017carowymi artyku\u0142\u00f3w gospodarstwa domowego, ale \u015bwiadczy us\u0142ugi zwi\u0105zane z przemieszczaniem, takie jak pakowanie, przeprowadzki, wyw\u00f3z \u015bmieci itp. mo\u017ce zosta\u0107 cz\u0142onkiem stowarzyszonym. <\/p>\n<p>Osoby ubiegaj\u0105ce si\u0119 o cz\u0142onkostwo afiliowane musz\u0105 wype\u0142ni\u0107 formularz zg\u0142oszeniowy i mog\u0105 zosta\u0107 poproszone o dostarczenie CAM nast\u0119puj\u0105cych dokument\u00f3w zwi\u0105zanych z ich dzia\u0142alno\u015bci\u0105, takich jak (wy\u0142\u0105cznie kserokopie):<\/p>\n<ul>\n<li> Licencja na prowadzenie dzia\u0142alno\u015bci gospodarczej<\/li>\n<li> Zdj\u0119cia pomieszcze\u0144 i pojazd\u00f3w<\/li>\n<li> Rejestracja i numer GST\/HST<\/li>\n<li> Za\u015bwiadczenie o odszkodowaniu pracowniczym<\/li>\n<li> Za\u015bwiadczenie o ubezpieczeniu od odpowiedzialno\u015bci cywilnej na kwot\u0119 co najmniej $1 mln.<\/li>\n<li> Akt za\u0142o\u017cycielski<\/li>\n<li> Dwie referencje handlowe z podaniem czasu trwania wsp\u00f3\u0142pracy (np. bank, firma przeprowadzkowa itp.)<\/li>\n<li> Reklama na \u017c\u00f3\u0142tych stronach lub materia\u0142y promocyjne (opcjonalnie)<\/li>\n<li> Podpisany formularz Kodeksu Etycznego<\/li>\n<\/ul>\n<p><strong>Przeprowadzki mi\u0119dzynarodowe<\/strong><\/p>\n<ul>\n<li> Listy polecaj\u0105ce od dw\u00f3ch os\u00f3b przeprowadzaj\u0105cych si\u0119 za granic\u0119, kt\u00f3re s\u0105 CAM, <a href=\"https:\/\/moverdb.com\/pl\/fidi-faim\/\">FIDI<\/a> lub . <a href=\"https:\/\/moverdb.com\/pl\/jestem\/\">IAM<\/a> cz\u0142onkowie<\/li>\n<li> Podpisany formularz Kanadyjskiego Kodeksu Etycznego dla Przewo\u017anik\u00f3w Mi\u0119dzynarodowych<\/li>\n<\/ul>\n<p><strong>10 najlepszych firm przeprowadzkowych<\/strong> (wed\u0142ug wielko\u015bci)<\/p>\n<ol>\n<li> <a href=\"https:\/\/moverdb.com\/pl\/united-van-lines\/\">Zjednoczone Linie Van Lines<\/a><\/li>\n<li> <a href=\"https:\/\/moverdb.com\/pl\/north-american-van-lines\/\">P\u00f3\u0142nocnoameryka\u0144skie Linie Van Lines<\/a><\/li>\n<li> <a href=\"https:\/\/moverdb.com\/pl\/amj-campbell-van-lines\/\">AMJ Campbell Van Lines<\/a><\/li>\n<\/ol>\n<p><strong>Ruchome opinie o CAM:<\/strong><\/p>\n<p>CAM jest uwa\u017cany za u\u017cyteczne \u017ar\u00f3d\u0142o informacji pomagaj\u0105ce konsumentom unikn\u0105\u0107 oszustw i operator\u00f3w oferuj\u0105cych nierealne ceny, kt\u00f3re s\u0105 nast\u0119pnie zawy\u017cane w dniu przeprowadzki. <\/p>\n<p>Ci, kt\u00f3rzy s\u0105 cz\u0142onkami CAM, s\u0105 uwa\u017cani za zdolnych do oferowania pewnego poziomu us\u0142ug, kt\u00f3rego nie maj\u0105 inni przewo\u017anicy - bez certyfikatu. <\/p>\n<p>Opinia w Internecie postrzega CAM jako spos\u00f3b na sprawdzenie wiarygodno\u015bci firmy przeprowadzkowej, zw\u0142aszcza \u017ce CAM oddziela <em>\"od dobrych, od z\u0142ych, od brzydkich\".<\/em> Organizacja ta jest wysoko ceniona za d\u0105\u017cenie do promowania wysokich standard\u00f3w etycznych oraz za rygorystyczny proces sk\u0142adania wniosk\u00f3w. <\/p>\n<p>Ci, kt\u00f3rzy wspominaj\u0105 o tej organizacji w Internecie, podkre\u015blaj\u0105, \u017ce jest to spos\u00f3b na upewnienie si\u0119, \u017ce firma przeprowadzkowa posiada odpowiednie ubezpieczenie i standardy us\u0142ug. Cz\u0119sto podkre\u015bla si\u0119, \u017ce CAM nie tylko prowadzi rejestr swoich cz\u0142onk\u00f3w, ale tak\u017ce tych firm przeprowadzkowych, kt\u00f3re nie ciesz\u0105 si\u0119 dobr\u0105 opini\u0105. <\/p>\n<p>Jest to wska\u017anik, \u017ce organizacja ma dobre spojrzenie na bran\u017c\u0119 transportow\u0105, a jej cz\u0142onkowie s\u0105 po w\u0142a\u015bciwej stronie linii.<\/p>\n<blockquote><p>W\u015br\u00f3d firm przeprowadzkowych i magazynowych CAM odr\u00f3\u017cnia dobrych od z\u0142ych i brzydkich. Jego celem jest promowanie wysokich standard\u00f3w etycznego post\u0119powania w bran\u017cy przeprowadzkowej, promowanie inicjatyw jako\u015bciowych, szkolenie i kszta\u0142cenie personelu oraz monitorowanie wynik\u00f3w pracy swoich cz\u0142onk\u00f3w. <\/p>\n<p>U\u0142atwia konsumentom dost\u0119p do wiarygodnych i profesjonalnych us\u0142ug przeprowadzkowych. Dzi\u0119ki rygorystycznemu procesowi aplikacyjnemu CAM wymaga od swoich cz\u0142onk\u00f3w podpisania \u015bcis\u0142ego kodeksu etycznego, posiadania odpowiedniego ubezpieczenia i utrzymania standard\u00f3w dla swoich obiekt\u00f3w.<\/p><\/blockquote>\n<p>- <a href=\"http:\/\/www.uvl.ca\/Content\/Canadian+Association+of+Movers\" target=\"_blank\" rel=\"noopener noreferrer\">Zjednoczone Linie Van Lines Kanada<\/a> <\/p>\n<blockquote><p>Kanadyjskie Stowarzyszenie Przeprowadzek (CAM) jest jedynym stowarzyszeniem przeprowadzek w Kanadzie, kt\u00f3re reguluje i prowadzi rejestr renomowanych i nierzetelnych przeprowadzek. <\/p><\/blockquote>\n<p>- <a href=\"http:\/\/www.greatcanadianvanlines.com\/how-to-choose-a-moving-company\/\" target=\"_blank\" rel=\"noopener noreferrer\">Great Canadian Van Lines<\/a><\/p>\n<blockquote><p>Z\u0142y wyb\u00f3r firmy przeprowadzkowej, kt\u00f3ra ma przewie\u017a\u0107 dobytek ca\u0142ego \u017cycia, mo\u017ce mie\u0107 katastrofalne skutki. Oszu\u015bci wykorzystuj\u0105 konsument\u00f3w, oferuj\u0105c zani\u017cone ceny, sk\u0142adaj\u0105c nierealistyczne obietnice, zawy\u017caj\u0105c ceny w dniu przeprowadzki i trzymaj\u0105c dobytek gospodarstwa domowego dla okupu. <\/p>\n<p>Firmy te nie ponosz\u0105 \u017cadnej odpowiedzialno\u015bci za poziom \u015bwiadczonych us\u0142ug. Je\u015bli oferta firmy przeprowadzkowej wygl\u0105da i brzmi zbyt dobrze, by mog\u0142a by\u0107 prawdziwa, to znaczy, \u017ce tak jest.<\/p>\n<p>Dlaczego ryzykowa\u0107? Korzystaj z us\u0142ug firmy przeprowadzkowej, kt\u00f3ra jest cz\u0142onkiem CAM. CAM jest kanadyjskim stowarzyszeniem handlowym reprezentuj\u0105cym firmy przeprowadzkowe i magazynowe.<\/p><\/blockquote>\n<p>- <a href=\"http:\/\/amjtorontomoving.com\/Partners\/ArticleID\/44\/Canadian-Association-of-Movers-CAM\" target=\"_blank\" rel=\"noopener noreferrer\">AMJ Campbell - Toronto<\/a><\/p>\n<p><strong>Strona internetowa:<\/strong> <a href=\"http:\/\/www.mover.net\/\" target=\"_blank\" rel=\"noopener noreferrer\">http:\/\/www.mover.net\/<\/a><\/p>\n<p><strong>UWAGA! Na poni\u017cszym formularzu niekt\u00f3re firmy przeprowadzkowe, kt\u00f3re skontaktuj\u0105 si\u0119 z Tob\u0105 po wys\u0142aniu formularza, mog\u0105 nie by\u0107 wsp\u00f3\u0142pracownikami CAM.<\/strong><\/p>","protected":false},"excerpt":{"rendered":"<p>The Canadian Association of Movers is Canada&#8217;s trade association representing moving and storage companies. It was established to help protect and grow its member businesses and also to offer consumers a way to find reputable, professional and reliable moving services. Key facts about CAM: Membership includes movers both in Canada and overseas. Membership covers movers [&hellip;]<\/p>\n","protected":false},"author":1,"featured_media":0,"parent":0,"menu_order":0,"comment_status":"closed","ping_status":"closed","template":"","meta":{"_genesis_hide_title":false,"_genesis_hide_breadcrumbs":false,"_genesis_hide_singular_image":false,"_genesis_hide_footer_widgets":false,"_genesis_custom_body_class":"","_genesis_custom_post_class":"","_genesis_layout":"","footnotes":""},"class_list":{"0":"post-432","1":"page","2":"type-page","3":"status-publish","5":"entry"},"_links":{"self":[{"href":"https:\/\/moverdb.com\/pl\/wp-json\/wp\/v2\/pages\/432","targetHints":{"allow":["GET"]}}],"collection":[{"href":"https:\/\/moverdb.com\/pl\/wp-json\/wp\/v2\/pages"}],"about":[{"href":"https:\/\/moverdb.com\/pl\/wp-json\/wp\/v2\/types\/page"}],"author":[{"embeddable":true,"href":"https:\/\/moverdb.com\/pl\/wp-json\/wp\/v2\/users\/1"}],"replies":[{"embeddable":true,"href":"https:\/\/moverdb.com\/pl\/wp-json\/wp\/v2\/comments?post=432"}],"version-history":[{"count":9,"href":"https:\/\/moverdb.com\/pl\/wp-json\/wp\/v2\/pages\/432\/revisions"}],"predecessor-version":[{"id":3502,"href":"https:\/\/moverdb.com\/pl\/wp-json\/wp\/v2\/pages\/432\/revisions\/3502"}],"wp:attachment":[{"href":"https:\/\/moverdb.com\/pl\/wp-json\/wp\/v2\/media?parent=432"}],"curies":[{"name":"wp","href":"https:\/\/api.w.org\/{rel}","templated":true}]}}