{"id":431,"date":"2016-06-05T20:02:57","date_gmt":"2016-06-05T20:02:57","guid":{"rendered":"http:\/\/moverdb.com\/?page_id=431"},"modified":"2026-01-08T13:19:02","modified_gmt":"2026-01-08T13:19:02","slug":"jestem","status":"publish","type":"page","link":"https:\/\/moverdb.com\/pl\/iam\/","title":{"rendered":"Mi\u0119dzynarodowe Stowarzyszenie Przewo\u017anik\u00f3w (IAM) - obja\u015bnienia"},"content":{"rendered":"<p>Mi\u0119dzynarodowe Stowarzyszenie Przewo\u017anik\u00f3w (IAM) jest globaln\u0105 organizacj\u0105 handlow\u0105 zrzeszaj\u0105c\u0105 cz\u0142onk\u00f3w \u015bwiadcz\u0105cych us\u0142ugi w zakresie przeprowadzek, spedycji, wysy\u0142ki, logistyki i pokrewne. <\/p>\n<p>Jest to najwi\u0119ksze mi\u0119dzynarodowe stowarzyszenie bran\u017cowe, za\u0142o\u017cone pierwotnie przez firmy czarterowe, kt\u00f3re prowadzi\u0142y interesy z <a href=\"https:\/\/moverdb.com\/pl\/moving-to-the-united-states\/\" data-internallinksmanager029f6b8e52c=\"94\" title=\"Przeprowadzasz si\u0119 do Stan\u00f3w Zjednoczonych? 2026 Koszty \u017cycia i wskaz\u00f3wki dotycz\u0105ce przeprowadzki\">USA<\/a> rz\u0105d.<\/p>\n<p><strong>Najwa\u017cniejsze fakty o IAM:<\/strong><\/p>\n<ol>\n<li>  Reprezentuje wi\u0119cej ni\u017c <strong>2,000 <a href=\"https:\/\/moverdb.com\/pl\/firmy-przeprowadzkowe\/\" target=\"_blank\" rel=\"noopener\">firmy<\/a><\/strong> w ci\u0105gu <strong>170 kraj\u00f3w<\/strong>.<\/li>\n<li>  IAM posiada Kodeks Etyczny, kt\u00f3ry wymaga m.in. tolerancji dla r\u00f3\u017cnic kulturowych, profesjonalnego podej\u015bcia i unikania nieuczciwej konkurencji z innymi cz\u0142onkami.<\/li>\n<li>  IAM zosta\u0142a za\u0142o\u017cona w 1962 r. i od tego czasu promuje rozw\u00f3j swoich cz\u0142onk\u00f3w.<\/li>\n<li>  Jest najwi\u0119kszym \u015bwiatowym stowarzyszeniem handlowym bran\u017cy transportowo-spedycyjnej.<\/li>\n<li>  Wyr\u00f3\u017cnienia w bran\u017cy s\u0105 uznawane poprzez Galeri\u0119 Honorow\u0105 IAM. Nominacje do Galerii Honorowej mog\u0105 by\u0107 zg\u0142aszane przez ka\u017cdego cz\u0142onka, klienta lub zleceniodawc\u0119 IAM, a o ich przyznaniu decyduj\u0105 cz\u0142onkowie IAM.<\/li>\n<li>  Wcze\u015bniej dzia\u0142a\u0142a pod nazw\u0105 Ameryka\u0144skie Stowarzyszenie Spedytor\u00f3w Gospodarstw Domowych (Household Good Forwarders Association of America) - IAM zmieni\u0142o nazw\u0119 w 2009 r.<\/li>\n<li>  IAM oferuje procedur\u0119 rozstrzygania spor\u00f3w w przypadku problem\u00f3w mi\u0119dzy cz\u0142onkami - obejmuje ona spory dotycz\u0105ce faktur.<\/li>\n<li>  Program Ochrony Nale\u017cno\u015bci IAM oferuje zabezpieczenie dla tych cz\u0142onk\u00f3w IAM, kt\u00f3rzy maj\u0105 problemy finansowe, umo\u017cliwiaj\u0105c cz\u0142onkowi z\u0142o\u017cenie roszczenia i otrzymanie zwrotu niezap\u0142aconych faktur handlowych, je\u015bli wygl\u0105da na to, \u017ce cz\u0142onek jest bliski bankructwa.<\/li>\n<\/ol>\n<p><strong>Profil Mi\u0119dzynarodowego Stowarzyszenia Przewo\u017anik\u00f3w:<\/strong><\/p>\n<p>Stowarzyszenie IAM powsta\u0142o ponad 50 lat temu i obecnie liczy ponad 2000 cz\u0142onk\u00f3w na ca\u0142ym \u015bwiecie. IAM oferuje r\u00f3\u017cnorodne programy, zasoby i zabezpieczenia cz\u0142onkostwa, a tak\u017ce regularne wydarzenia, kt\u00f3re maj\u0105 na celu zach\u0119canie do nawi\u0105zywania kontakt\u00f3w i dzielenia si\u0119 wiedz\u0105, w tym doroczne spotkania IAM. <\/p>\n<p>Wszystko, co robi IAM, ma na celu rozw\u00f3j i sukces jego cz\u0142onk\u00f3w. Ochrona cz\u0142onkostwa IAM ma na celu ochron\u0119 warto\u015bci cz\u0142onkostwa IAM w oczach bran\u017cy, klient\u00f3w i stowarzysze\u0144 koleg\u00f3w. Obejmuje ona rygorystyczne wymagania dotycz\u0105ce cz\u0142onkostwa w IAM, egzekwowanie kodeksu etycznego oraz prac\u0119 nad takimi kwestiami jak nadz\u00f3r nad znakami towarowymi. <\/p>\n<p>IAM posiada katalog cz\u0142onk\u00f3w z mo\u017cliwo\u015bci\u0105 wyszukiwania online, z kt\u00f3rego klienci mog\u0105 korzysta\u0107 w celu znalezienia przewo\u017anika b\u0119d\u0105cego cz\u0142onkiem tej organizacji.<\/p>\n<p><strong>Kryteria cz\u0142onkostwa:<\/strong><\/p>\n<ul>\n<li> minimum jeden rok do\u015bwiadczenia<\/li>\n<li> Listy sponsorskie od dw\u00f3ch obecnych cz\u0142onk\u00f3w IAM, kt\u00f3rzy rekomenduj\u0105 kandydata do cz\u0142onkostwa, na papierze firmowym firmy sponsoruj\u0105cej, podpisane przez pracownika firmy.<\/li>\n<li> Plik PDF lub JPG aktualnej licencji lub rejestracji dzia\u0142alno\u015bci gospodarczej w kraju\/stanie\/wojew\u00f3dztwie oraz, w stosownych przypadkach, numer identyfikacji podatkowej.<\/li>\n<li> PDF lub JPG dokumentu to\u017csamo\u015bci ze zdj\u0119ciem wydanego przez rz\u0105d (np. paszportu, prawa jazdy) dla ka\u017cdego dyrektora firmy, kt\u00f3ry jest w\u0142a\u015bcicielem i\/lub posiada pakiet kontrolny co najmniej 5% firmy<\/li>\n<li> Uiszczenie op\u0142aty inicjacyjnej i sk\u0142adek<\/li>\n<\/ul>\n<p>Potencjalni cz\u0142onkowie s\u0105 umieszczani na stronie internetowej IAM na okres 30 dni, aby obecni cz\u0142onkowie IAM mogli si\u0119 z nimi zapozna\u0107, po up\u0142ywie kt\u00f3rego cz\u0142onkostwo jest potwierdzane.<\/p>\n<p><strong>Niekt\u00f3re firmy cz\u0142onkowskie<\/strong><\/p>\n<ul>\n<li> <a href=\"https:\/\/moverdb.com\/pl\/aires\/\">Aires<\/a><\/li>\n<li> <a href=\"https:\/\/moverdb.com\/pl\/matthew-james\/\">Matthew James Globalne Relokacje<\/a><\/li>\n<li> <a href=\"https:\/\/moverdb.com\/pl\/santa-fe-relocation\/\">Us\u0142ugi relokacyjne w Santa Fe<\/a><\/li>\n<li> <a href=\"https:\/\/moverdb.com\/pl\/sterling-relocation\/\">Sterling Relocation<\/a><\/li>\n<li> <a href=\"https:\/\/moverdb.com\/pl\/cadogan-tate\/\">Cadogan Tate<\/a><\/li>\n<li> <a href=\"https:\/\/moverdb.com\/pl\/harrow-green\/\">Harrow Green<\/a><\/li>\n<li> <a href=\"https:\/\/moverdb.com\/pl\/team-relocations\/\">Relokacje zespo\u0142\u00f3w<\/a><\/li>\n<li> <a href=\"https:\/\/moverdb.com\/pl\/mcgimpsey-brothers-removals\/\">Bracia McGimpsey Przeprowadzki<\/a><\/li>\n<li> <a href=\"https:\/\/moverdb.com\/pl\/stowarzyszenie-sympatykow-brzegu\/\">Stowarzyszenie Portier\u00f3w Brzegowych<\/a><\/li>\n<li> <a href=\"https:\/\/moverdb.com\/pl\/nippon-express\/\">Nippon Express<\/a><\/li>\n<li> <a href=\"https:\/\/moverdb.com\/pl\/sirva\/\">Sirva<\/a><\/li>\n<li> <a href=\"https:\/\/moverdb.com\/pl\/relokacje-korony\/\">Przeprowadzki Crown<\/a><\/li>\n<li> <a href=\"https:\/\/moverdb.com\/pl\/shipco-transport\/\">Shipco Transport<\/a><\/li>\n<li> <a href=\"https:\/\/moverdb.com\/pl\/conroy-removals\/\">Przeprowadzki Conroy<\/a><\/li>\n<li> <a href=\"https:\/\/moverdb.com\/pl\/bolliger\/\">Bolliger<\/a><\/li>\n<li> <a href=\"https:\/\/moverdb.com\/pl\/island-movers\/\">Przeprowadzki na wysp\u0119<\/a><\/li>\n<li> <a href=\"https:\/\/moverdb.com\/pl\/gil-stauffer\/\">Gil Stauffer<\/a><\/li>\n<li> <a href=\"https:\/\/moverdb.com\/pl\/royal-hawaiian-movers\/\">Przeprowadzki Royal Hawaiian<\/a><\/li>\n<li> <a href=\"https:\/\/moverdb.com\/pl\/teletrans\/\">Teletrans<\/a><\/li>\n<\/ul>\n<p><strong>Opinie przeprowadzaj\u0105cych si\u0119 o Mi\u0119dzynarodowym Stowarzyszeniu Przeprowadzek:<\/strong><\/p>\n<p>IAM jest cytowany na wielu stronach internetowych, na kt\u00f3rych cz\u0119sto wspomina si\u0119 o jego globalnym charakterze i liczbie cz\u0142onk\u00f3w. <\/p>\n<p>Wiele os\u00f3b zwraca uwag\u0119 na fakt, \u017ce jest to najwi\u0119ksze stowarzyszenie bran\u017cowe, a tak\u017ce na jego zasi\u0119g - jest ono prawdziwie globalne, a jego cz\u0142onkowie znajduj\u0105 si\u0119 nawet w najbardziej odleg\u0142ych zak\u0105tkach \u015bwiata. Jedna ze stron internetowych wspomina r\u00f3wnie\u017c, \u017ce bycie cz\u0142onkiem IAM pomaga <a href=\"https:\/\/moverdb.com\/pl\/moving-companies\/\" data-internallinksmanager029f6b8e52c=\"79\" title=\"25 najlepszych firm przeprowadzek mi\u0119dzynarodowych online\">firmy przeprowadzkowe<\/a> aby zosta\u0107 znalezionym przez klient\u00f3w i \u017ce jest to wska\u017anik firmy, kt\u00f3ra jest w stanie zapewni\u0107 doskona\u0142\u0105 obs\u0142ug\u0119. <\/p>\n<p>Og\u00f3lnie rzecz bior\u0105c, Stowarzyszenie wydaje si\u0119 s\u0142u\u017cy\u0107 zar\u00f3wno jako znak jako\u015bci, jak i u\u017cyteczne narz\u0119dzie do rozwijania dzia\u0142alno\u015bci i sieci kontakt\u00f3w.<\/p>\n<blockquote><p>Cz\u0142onkowie organizacji na ca\u0142ym \u015bwiecie, kt\u00f3rzy na co dzie\u0144 zajmuj\u0105 si\u0119 transportem artyku\u0142\u00f3w gospodarstwa domowego i rzeczy osobistych, s\u0105 tak r\u00f3\u017cnorodni, jak elementy sk\u0142adowe mi\u0119dzynarodowej przeprowadzki. Transport oraz wymiana towar\u00f3w i us\u0142ug to podstawowe si\u0142y nap\u0119dowe dzisiejszego globalnego wzrostu gospodarczego.\n<\/p><\/blockquote>\n<p>- <a href=\"http:\/\/www.abels.co.uk\/articles\/international-association-of-movers-iam-what-is-this\/\" target=\"_blank\" rel=\"noopener\">Abels<\/a><\/p>\n<blockquote><p>IAM jest globalnym stowarzyszeniem przewo\u017anik\u00f3w i spedytor\u00f3w, kt\u00f3rych celem jest zapewnienie klientom najwy\u017cszego poziomu us\u0142ug.<\/p><\/blockquote>\n<p>- <a href=\"http:\/\/www.amjbc.ca\/international-moving-services\/\" target=\"_blank\" rel=\"noopener\">AMJ Campbell na ca\u0142ym \u015bwiecie<\/a><\/p>\n<blockquote><p>Cz\u0142onkostwo w IAM jest prawdziwie globalne We wszystkich cz\u0119\u015bciach \u015bwiata mo\u017cna znale\u017a\u0107 firmy przeprowadzkowe IAM. Dzi\u0119ki temu mo\u017cemy zaoferowa\u0107 naszym klientom us\u0142ug\u0119 \"od drzwi do drzwi\". Od domu do domu, jak lubimy mawia\u0107.<\/p><\/blockquote>\n<p>- <a href=\"http:\/\/hometohome.nl\/2016\/02\/12\/iam-international-association-of-movers\/\" target=\"_blank\" rel=\"noopener\">Od domu do domu<\/a><\/p>\n<p><strong>Strona internetowa:<\/strong> <a href=\"http:\/\/www.iamovers.org\/\" target=\"_blank\" rel=\"noopener\">http:\/\/www.iamovers.org<\/a><\/p>","protected":false},"excerpt":{"rendered":"<p>The International Association of Movers (IAM) is a global trade body with members who provide moving, forwarding, shipping, logistics, and related services. It is the largest international trade association for the industry, originally founded by charter businesses that were doing business with the US government. Key facts about the IAM: Represents more than 2,000 companies [&hellip;]<\/p>\n","protected":false},"author":1,"featured_media":0,"parent":0,"menu_order":0,"comment_status":"closed","ping_status":"closed","template":"","meta":{"_genesis_hide_title":false,"_genesis_hide_breadcrumbs":false,"_genesis_hide_singular_image":false,"_genesis_hide_footer_widgets":false,"_genesis_custom_body_class":"","_genesis_custom_post_class":"","_genesis_layout":"","footnotes":""},"class_list":{"0":"post-431","1":"page","2":"type-page","3":"status-publish","5":"entry"},"_links":{"self":[{"href":"https:\/\/moverdb.com\/pl\/wp-json\/wp\/v2\/pages\/431","targetHints":{"allow":["GET"]}}],"collection":[{"href":"https:\/\/moverdb.com\/pl\/wp-json\/wp\/v2\/pages"}],"about":[{"href":"https:\/\/moverdb.com\/pl\/wp-json\/wp\/v2\/types\/page"}],"author":[{"embeddable":true,"href":"https:\/\/moverdb.com\/pl\/wp-json\/wp\/v2\/users\/1"}],"replies":[{"embeddable":true,"href":"https:\/\/moverdb.com\/pl\/wp-json\/wp\/v2\/comments?post=431"}],"version-history":[{"count":24,"href":"https:\/\/moverdb.com\/pl\/wp-json\/wp\/v2\/pages\/431\/revisions"}],"predecessor-version":[{"id":13162,"href":"https:\/\/moverdb.com\/pl\/wp-json\/wp\/v2\/pages\/431\/revisions\/13162"}],"wp:attachment":[{"href":"https:\/\/moverdb.com\/pl\/wp-json\/wp\/v2\/media?parent=431"}],"curies":[{"name":"wp","href":"https:\/\/api.w.org\/{rel}","templated":true}]}}