{"id":430,"date":"2016-06-08T14:50:20","date_gmt":"2016-06-08T14:50:20","guid":{"rendered":"http:\/\/moverdb.com\/?page_id=430"},"modified":"2026-01-08T14:47:52","modified_gmt":"2026-01-08T14:47:52","slug":"bar-overseas","status":"publish","type":"page","link":"https:\/\/moverdb.com\/pl\/bar-overseas\/","title":{"rendered":"Grupa zagraniczna Brytyjskiego Stowarzyszenia Przeprowadzek (BAR) - obja\u015bnienia"},"content":{"rendered":"<p><a href=\"https:\/\/moverdb.com\/pl\/british-association-of-removers\/\" data-internallinksmanager029f6b8e52c=\"9\" title=\"Brytyjskie Stowarzyszenie Przeprowadzek (BAR) - obja\u015bnienia\">BAR<\/a> Overseas Group jest cz\u0119\u015bci\u0105 <a href=\"https:\/\/moverdb.com\/pl\/british-association-of-removers\/\">Brytyjskie Stowarzyszenie Przeprowadzek<\/a> (BAR), stowarzyszenie bran\u017cowe. <\/p>\n<p>Podobnie jak jej organizacja macierzysta, ma ona na celu promowanie doskona\u0142o\u015bci zawodowej w bran\u017cy przeprowadzek i posiada szczeg\u00f3lne do\u015bwiadczenie w pracy z cz\u0119\u015bciami i akcesoriami. <a href=\"https:\/\/moverdb.com\/pl\/przeladunek-w-kontenerach\/\">przesy\u0142ki z \u0142adunkiem pe\u0142nokontenerowym<\/a> na ca\u0142ym \u015bwiecie oraz towary nap\u0142ywaj\u0105ce do <a href=\"https:\/\/moverdb.com\/pl\/moving-to-the-uk\/\" data-internallinksmanager029f6b8e52c=\"93\" title=\"Przeprowadzasz si\u0119 do Wielkiej Brytanii? 2026 Koszty \u017cycia i wskaz\u00f3wki dotycz\u0105ce przeprowadzki\">UK<\/a> z zagranicy.<\/p>\n<p><strong>Najwa\u017cniejsze fakty o BAR Overseas Group:<\/strong><\/p>\n<ol>\n<li>  BAR Overseas sk\u0142ada si\u0119 z grupy 50 ekspert\u00f3w z Wielkiej Brytanii. <a href=\"https:\/\/moverdb.com\/pl\/firmy-przeprowadzkowe\/\">firmy<\/a> kt\u00f3rzy specjalizuj\u0105 si\u0119 w ka\u017cdym aspekcie <a href=\"https:\/\/moverdb.com\/pl\/przeprowadzki-miedzynarodowe\/\">przeprowadzki zagraniczne i mi\u0119dzynarodowe<\/a> i przeniesienia.<\/li>\n<li>  Cz\u0142onkowie przyst\u0119puj\u0105 do programu Zaawansowanej Gwarancji P\u0142atno\u015bci, kt\u00f3rego celem jest ochrona wszystkich przedp\u0142at klient\u00f3w.<\/li>\n<li>  Cz\u0142onkowie s\u0105 profesjonalnymi firmami zobowi\u0105zanymi do zapewnienia najwy\u017cszych standard\u00f3w us\u0142ug i specjalizuj\u0105cymi si\u0119 w przeprowadzkach zagranicznych.<\/li>\n<li>  Grupa BAR Overseas wymaga od swoich cz\u0142onk\u00f3w wysokich standard\u00f3w w zakresie takich element\u00f3w, jak szkolenie personelu, pojazdy i sprz\u0119t, a wizyty na miejscu mog\u0105 odbywa\u0107 si\u0119 w przypadkowych terminach.<\/li>\n<li>  Norma jako\u015bci BS 8564 zosta\u0142a opracowana przez BAR Overseas Group we wsp\u00f3\u0142pracy z BSI (British Standards Institution). Wszyscy cz\u0142onkowie musz\u0105 j\u0105 posiada\u0107.<\/li>\n<li>  Gwarancja p\u0142atno\u015bci z g\u00f3ry BAR chroni klient\u00f3w - je\u015bli przewo\u017anik, u kt\u00f3rego klient dokona\u0142 rezerwacji, ma problemy finansowe, inny przewo\u017anik przejmuje zlecenie i zapewnia jego wykonanie bez dodatkowych koszt\u00f3w. <a href=\"https:\/\/moverdb.com\/pl\/koszty-przeprowadzki\/\">koszt<\/a> do klienta.<\/li>\n<\/ol>\n<p><strong>Profil organizacji:<\/strong><\/p>\n<p>BAR jest najstarszym stowarzyszeniem bran\u017cowym w sektorze us\u0142ug przeprowadzkowych. <strong>Grupa Zagraniczna<\/strong> ma na celu rozszerzenie jej zasi\u0119gu z Wielkiej Brytanii na miejsca na ca\u0142ym \u015bwiecie. <\/p>\n<p>Cz\u0142onkostwo jest otwarte tylko dla firm przeprowadzkowych, kt\u00f3re ju\u017c posiadaj\u0105 cz\u0142onkostwo BAR, ale nie gwarantuje to przyj\u0119cia do Overseas Group. Wizj\u0105 grupy jest uczynienie z jej cz\u0142onk\u00f3w zaufanego przewo\u017anika z wyboru w bran\u017cy przeprowadzek zagranicznych oraz promowanie i rozwijanie najlepszych praktyk zawodowych w zakresie przeprowadzek zagranicznych.<\/p>\n<p><strong>Kryteria cz\u0142onkostwa:<\/strong><\/p>\n<ul>\n<li> Cz\u0142onkowie musz\u0105 ju\u017c nale\u017ce\u0107 do BAR.<\/li>\n<li> Cz\u0142onkowie musz\u0105 nale\u017ce\u0107 do zatwierdzonego Systemu Zaawansowanych Gwarancji P\u0142atno\u015bci (APG).<\/li>\n<li> Cz\u0142onkowie musz\u0105 posiada\u0107 <a href=\"https:\/\/moverdb.com\/pl\/fidi-faim\/\">FIDI-FAIM<\/a>lub BS 8564 (The Overseas Moving Standard), lub r\u00f3wnowa\u017cn\u0105, lub wy\u017csz\u0105 zatwierdzon\u0105 norm\u0119 poddan\u0105 audytowi zewn\u0119trznemu.<\/li>\n<\/ul>\n<p><strong>Przyk\u0142adowe firmy cz\u0142onkowskie:<\/strong><\/p>\n<ul>\n<li> <a href=\"https:\/\/moverdb.com\/pl\/harrow-green\/\">Harrow Green<\/a><\/li>\n<li> <a href=\"https:\/\/moverdb.com\/pl\/anglo-pacyficzny\/\">Anglo Pacific<\/a><\/li>\n<li> <a href=\"https:\/\/moverdb.com\/pl\/matthew-james\/\">Matthew James<\/a><\/li>\n<li> <a href=\"https:\/\/moverdb.com\/pl\/stowarzyszenie-sympatykow-brzegu\/\">Stowarzyszenie Portier\u00f3w Brzegowych<\/a><\/li>\n<li> <a href=\"https:\/\/moverdb.com\/pl\/pss-removals\/\">PSS Przeprowadzki mi\u0119dzynarodowe<\/a><\/li>\n<\/ul>\n<p><strong>Opinie o grupie BAR Overseas<\/strong><\/p>\n<p>BAR Overseas jest postrzegane jako stowarzyszenie o surowych kryteriach cz\u0142onkostwa, kt\u00f3rego cz\u0142onkowie s\u0105 regularnie kontrolowani, aby upewni\u0107 si\u0119, \u017ce standardy nie uleg\u0142y obni\u017ceniu. Reputacja stowarzyszenia opiera si\u0119 na wszechstronnym przegl\u0105dzie cz\u0142onk\u00f3w, kt\u00f3ry obejmuje wszystkie aspekty, od dzia\u0142alno\u015bci operacyjnej po zaplecze. <\/p>\n<p>Program ochrony finansowej jest postrzegany jako du\u017cy atut dla cz\u0142onk\u00f3w, poniewa\u017c s\u0105 oni w stanie zaoferowa\u0107 klientom dodatkow\u0105 ochron\u0119 finansow\u0105. BAR Overseas korzysta z istniej\u0105cej reputacji Brytyjskiego Stowarzyszenia Przeprowadzek i jest uwa\u017cane za standard jako\u015bci dla przeprowadzek zagranicznych. <\/p>\n<p>Jedna z firm podkre\u015bla, \u017ce w Wielkiej Brytanii jest tylko 50-60 firm, kt\u00f3re spe\u0142ni\u0142y kryteria cz\u0142onkostwa w BAR Overseas Group, co jest jednym z powod\u00f3w, dla kt\u00f3rych uzyskanie cz\u0142onkostwa jest tak du\u017cym osi\u0105gni\u0119ciem.<\/p>\n<blockquote><p>Cz\u0142onkowie musz\u0105 spe\u0142nia\u0107 surowe normy i s\u0105 regularnie kontrolowani, aby upewni\u0107 si\u0119, \u017ce ich obiekty, sprz\u0119t, szkolenia personelu i procedury operacyjne s\u0105 na najwy\u017cszym poziomie.<\/p><\/blockquote>\n<p>- <a href=\"http:\/\/www.abels.co.uk\/european-removals-moving-to-europe\/bar-overseas-group-what-is-this\/\" target=\"_blank\" rel=\"noopener\">Abels<\/a><\/p>\n<blockquote><p>Grupa BAR Overseas stworzy\u0142a Program Zaliczek IMMI (International Movers Mutual Insurance) w celu ochrony klient\u00f3w.<\/p><\/blockquote>\n<p>- <a href=\"http:\/\/www.johnmason.com\/about-us\/accreditations\/bar-overseas-group\/\" target=\"_blank\" rel=\"noopener\">JohnMason<\/a> <\/p>\n<blockquote><p>BAR Overseas Group to specjalistyczna sekcja Brytyjskiego Stowarzyszenia Przeprowadzek, kt\u00f3rej cz\u0142onkowie s\u0105 ekspertami we wszystkich dziedzinach przeprowadzek zagranicznych. Mniej ni\u017c 60 firm w Wielkiej Brytanii spe\u0142nia surowe kryteria cz\u0142onkostwa i wysokie standardy wymagane od cz\u0142onk\u00f3w.<\/p><\/blockquote>\n<p>- <a href=\"http:\/\/www.simpsons-uk.com\/removals_accreditations\/overseas_group\" target=\"_blank\" rel=\"noopener\">Simpsonowie<\/a><\/p>\n<p><strong>Strona internetowa:<\/strong> <a href=\"http:\/\/www.baroverseas.co.uk\/\" target=\"_blank\" rel=\"noopener\">http:\/\/www.baroverseas.co.uk\/<\/a><\/p>","protected":false},"excerpt":{"rendered":"<p>BAR Overseas Group is part of the British Association of Removers (BAR), a Trade Association. Just like its parent organisation, it is dedicated to promoting professional excellence in the removals industry and has particular experience dealing with part and full container load shipments worldwide and goods coming into the UK from abroad. Key facts about [&hellip;]<\/p>\n","protected":false},"author":1,"featured_media":0,"parent":0,"menu_order":0,"comment_status":"closed","ping_status":"closed","template":"","meta":{"_genesis_hide_title":false,"_genesis_hide_breadcrumbs":false,"_genesis_hide_singular_image":false,"_genesis_hide_footer_widgets":false,"_genesis_custom_body_class":"","_genesis_custom_post_class":"","_genesis_layout":"","footnotes":""},"class_list":{"0":"post-430","1":"page","2":"type-page","3":"status-publish","5":"entry"},"_links":{"self":[{"href":"https:\/\/moverdb.com\/pl\/wp-json\/wp\/v2\/pages\/430","targetHints":{"allow":["GET"]}}],"collection":[{"href":"https:\/\/moverdb.com\/pl\/wp-json\/wp\/v2\/pages"}],"about":[{"href":"https:\/\/moverdb.com\/pl\/wp-json\/wp\/v2\/types\/page"}],"author":[{"embeddable":true,"href":"https:\/\/moverdb.com\/pl\/wp-json\/wp\/v2\/users\/1"}],"replies":[{"embeddable":true,"href":"https:\/\/moverdb.com\/pl\/wp-json\/wp\/v2\/comments?post=430"}],"version-history":[{"count":16,"href":"https:\/\/moverdb.com\/pl\/wp-json\/wp\/v2\/pages\/430\/revisions"}],"predecessor-version":[{"id":6187,"href":"https:\/\/moverdb.com\/pl\/wp-json\/wp\/v2\/pages\/430\/revisions\/6187"}],"wp:attachment":[{"href":"https:\/\/moverdb.com\/pl\/wp-json\/wp\/v2\/media?parent=430"}],"curies":[{"name":"wp","href":"https:\/\/api.w.org\/{rel}","templated":true}]}}