{"id":42,"date":"2016-03-19T18:09:36","date_gmt":"2016-03-19T18:09:36","guid":{"rendered":"http:\/\/moverdb.com\/?page_id=42"},"modified":"2026-01-08T15:20:50","modified_gmt":"2026-01-08T15:20:50","slug":"warunki-korzystania-z-serwisu","status":"publish","type":"page","link":"https:\/\/moverdb.com\/pl\/terms-of-use\/","title":{"rendered":"Warunki u\u017cytkowania"},"content":{"rendered":"<p><strong>PROSIMY O DOK\u0141ADNE ZAPOZNANIE SI\u0118 Z NIMI PRZED ROZPOCZ\u0118CIEM KORZYSTANIA Z NINIEJSZEJ WITRYNY.<\/strong><\/p>\n<p>Witamy w serwisie MoverDB.com. Kontynuuj\u0105c przegl\u0105danie i korzystanie z tej strony internetowej, zgadzasz si\u0119 przestrzega\u0107 i by\u0107 zwi\u0105zanym nast\u0119puj\u0105cymi warunkami u\u017cytkowania, kt\u00f3re wraz z naszymi <a href=\"https:\/\/MoverDB.com\/privacy-policy\/\" target=\"_blank\" rel=\"noopener\">polityka prywatno\u015bci<\/a> reguluj\u0105 stosunki MoverDB.com z Pa\u0144stwem w odniesieniu do niniejszej witryny internetowej. Je\u015bli nie zgadzasz si\u0119 z jak\u0105kolwiek cz\u0119\u015bci\u0105 niniejszych warunk\u00f3w, prosimy nie korzysta\u0107 z naszej witryny.<\/p>\n<p>Niniejsze Warunki u\u017cytkowania, wraz z innymi dokumentami, o kt\u00f3rych mowa poni\u017cej, okre\u015blaj\u0105 zasady i warunki korzystania z witryny https:\/\/MoverDB.com\/ (\"nasza witryna\"). <\/p>\n<p>Inne wa\u017cne dokumenty <\/p>\n<p>Warunki u\u017cytkowania odnosz\u0105 si\u0119 do naszych <a href=\"https:\/\/MoverDB.com\/privacy-policy\/\" target=\"_blank\" rel=\"noopener\">Polityka prywatno\u015bci<\/a>, kt\u00f3re okre\u015blaj\u0105 warunki, na jakich przetwarzamy wszelkie dane osobowe przekazane przez Pa\u0144stwa do <a href=\"https:\/\/moverdb.com\/pl\/moving-to-the-united-states\/\" data-internallinksmanager029f6b8e52c=\"94\" title=\"Przeprowadzasz si\u0119 do Stan\u00f3w Zjednoczonych? 2026 Koszty \u017cycia i wskaz\u00f3wki dotycz\u0105ce przeprowadzki\">nas<\/a>, lub kt\u00f3re zbieramy od Ciebie. Mo\u017cesz r\u00f3wnie\u017c przeczyta\u0107 nasz pe\u0142ny <a href=\"https:\/\/moverdb.com\/pl\/polityka-przetwarzania-danych\/\">Polityka przetwarzania danych<\/a>. Korzystaj\u0105c z naszej witryny, u\u017cytkownik wyra\u017ca zgod\u0119 na takie przetwarzanie danych.<\/p>\n<p>Korzystanie z niniejszej witryny internetowej podlega nast\u0119puj\u0105cym warunkom u\u017cytkowania:<\/p>\n<ul>\n<li>Zawarto\u015b\u0107 stron niniejszego serwisu internetowego s\u0142u\u017cy wy\u0142\u0105cznie do cel\u00f3w informacyjnych i u\u017cytkowych. Mo\u017ce ona ulec zmianie bez uprzedzenia.<\/li>\n<li> Wype\u0142niaj\u0105c formularz wyceny, wyra\u017casz zgod\u0119 na udost\u0119pnienie tych informacji osobom trzecim, aby pom\u00f3c Ci uzyska\u0107 najlepsz\u0105 ofert\u0119 por\u00f3wnawcz\u0105 cen dla Twojej przeprowadzki mi\u0119dzynarodowej.<\/li>\n<li>Ta witryna wykorzystuje pliki cookie do monitorowania preferencji przegl\u0105dania. Je\u015bli u\u017cytkownik zezwoli na korzystanie z plik\u00f3w cookie, dane osobowe mog\u0105 by\u0107 przechowywane przez nas w celu wykorzystania przez osoby trzecie.<\/li>\n<li> Ani my, ani osoby trzecie nie udzielamy \u017cadnych gwarancji ani zapewnie\u0144 co do dok\u0142adno\u015bci, aktualno\u015bci, wydajno\u015bci, kompletno\u015bci ani przydatno\u015bci informacji i materia\u0142\u00f3w znalezionych lub oferowanych na tej stronie do jakiegokolwiek konkretnego celu. U\u017cytkownik przyjmuje do wiadomo\u015bci, \u017ce takie informacje i materia\u0142y mog\u0105 zawiera\u0107 nie\u015bcis\u0142o\u015bci lub b\u0142\u0119dy, a my wyra\u017anie wy\u0142\u0105czamy odpowiedzialno\u015b\u0107 za wszelkie takie nie\u015bcis\u0142o\u015bci lub b\u0142\u0119dy w najszerszym zakresie dozwolonym przez prawo.<\/li>\n<li> U\u017cytkownik korzysta z informacji lub materia\u0142\u00f3w zamieszczonych w niniejszej witrynie wy\u0142\u0105cznie na w\u0142asne ryzyko, za kt\u00f3re nie ponosimy odpowiedzialno\u015bci. U\u017cytkownik ponosi w\u0142asn\u0105 odpowiedzialno\u015b\u0107 za zapewnienie, \u017ce wszelkie produkty, us\u0142ugi lub informacje dost\u0119pne za po\u015brednictwem tej witryny spe\u0142niaj\u0105 jego konkretne wymagania.<\/li>\n<li> Niniejsza witryna zawiera materia\u0142y, kt\u00f3re s\u0105 nasz\u0105 w\u0142asno\u015bci\u0105 lub na kt\u00f3re mamy licencj\u0119. Materia\u0142y te obejmuj\u0105, mi\u0119dzy innymi, projekt, uk\u0142ad, wygl\u0105d i grafik\u0119. Ich powielanie jest zabronione, chyba \u017ce zgodnie z informacjami o prawach autorskich, kt\u00f3re stanowi\u0105 cz\u0119\u015b\u0107 niniejszych warunk\u00f3w.<\/li>\n<li> Nieuprawnione korzystanie z niniejszej witryny mo\u017ce stanowi\u0107 podstaw\u0119 do roszcze\u0144 o odszkodowanie i\/lub by\u0107 przest\u0119pstwem.<\/li>\n<li> Od czasu do czasu niniejsza witryna mo\u017ce zawiera\u0107 \u0142\u0105cza do innych witryn. Linki te zosta\u0142y zamieszczone dla wygody u\u017cytkownika w celu uzyskania dalszych informacji. Nie oznaczaj\u0105 one, \u017ce popieramy dan\u0105 witryn\u0119 (witryny). Nie ponosimy odpowiedzialno\u015bci za tre\u015b\u0107 stron, do kt\u00f3rych prowadz\u0105 linki.<\/li>\n<\/ul>","protected":false},"excerpt":{"rendered":"<p>PLEASE READ THESE CAREFULLY BEFORE USING THIS WEBSITE. Welcome to MoverDB.com. If you continue to browse and use this website, you are agreeing to comply with and be bound by the following terms and conditions of use, which together with our privacy policy govern MoverDB.com&#8217;s relationship with you in relation to this website. If you [&hellip;]<\/p>\n","protected":false},"author":1,"featured_media":0,"parent":0,"menu_order":0,"comment_status":"closed","ping_status":"closed","template":"","meta":{"_genesis_hide_title":false,"_genesis_hide_breadcrumbs":false,"_genesis_hide_singular_image":false,"_genesis_hide_footer_widgets":false,"_genesis_custom_body_class":"","_genesis_custom_post_class":"","_genesis_layout":"","footnotes":""},"class_list":{"0":"post-42","1":"page","2":"type-page","3":"status-publish","5":"entry"},"_links":{"self":[{"href":"https:\/\/moverdb.com\/pl\/wp-json\/wp\/v2\/pages\/42","targetHints":{"allow":["GET"]}}],"collection":[{"href":"https:\/\/moverdb.com\/pl\/wp-json\/wp\/v2\/pages"}],"about":[{"href":"https:\/\/moverdb.com\/pl\/wp-json\/wp\/v2\/types\/page"}],"author":[{"embeddable":true,"href":"https:\/\/moverdb.com\/pl\/wp-json\/wp\/v2\/users\/1"}],"replies":[{"embeddable":true,"href":"https:\/\/moverdb.com\/pl\/wp-json\/wp\/v2\/comments?post=42"}],"version-history":[{"count":5,"href":"https:\/\/moverdb.com\/pl\/wp-json\/wp\/v2\/pages\/42\/revisions"}],"predecessor-version":[{"id":3243,"href":"https:\/\/moverdb.com\/pl\/wp-json\/wp\/v2\/pages\/42\/revisions\/3243"}],"wp:attachment":[{"href":"https:\/\/moverdb.com\/pl\/wp-json\/wp\/v2\/media?parent=42"}],"curies":[{"name":"wp","href":"https:\/\/api.w.org\/{rel}","templated":true}]}}