{"id":4183,"date":"2022-06-17T03:27:11","date_gmt":"2022-06-17T03:27:11","guid":{"rendered":"https:\/\/moverdb.com\/?page_id=4183"},"modified":"2026-01-08T13:19:46","modified_gmt":"2026-01-08T13:19:46","slug":"curacao","status":"publish","type":"page","link":"https:\/\/moverdb.com\/pl\/container-shipping\/curacao\/","title":{"rendered":"2026 Stawki za fracht morski w kontenerach do i z Cura\u00e7ao"},"content":{"rendered":"<div class=\"wp-block-image\">\n<figure class=\"aligncenter size-full\"><img loading=\"lazy\" decoding=\"async\" width=\"1000\" height=\"667\" src=\"https:\/\/moverdb.com\/wp-content\/uploads\/willemstad-curacao.jpg\" alt=\"S\u0142ynne nabrze\u017ce w mie\u015bcie Willemstad, Cura\u00e7ao\" class=\"wp-image-4140\" srcset=\"https:\/\/moverdb.com\/wp-content\/uploads\/willemstad-curacao.jpg 1000w, https:\/\/moverdb.com\/wp-content\/uploads\/willemstad-curacao-300x200.jpg 300w, https:\/\/moverdb.com\/wp-content\/uploads\/willemstad-curacao-18x12.jpg 18w, https:\/\/moverdb.com\/wp-content\/uploads\/willemstad-curacao-600x400.jpg 600w\" sizes=\"auto, (max-width: 1000px) 100vw, 1000px\" \/><\/figure>\n<\/div>\n\n\n<p><strong><a href=\"https:\/\/moverdb.com\/pl\/moving-to-curacao\/\" data-internallinksmanager029f6b8e52c=\"429\" title=\"Przeprowadzka na Cura\u00e7ao? Koszty \u017cycia i wskaz\u00f3wki dotycz\u0105ce przeprowadzki w 2023 r.\">Cura\u00e7ao<\/a><\/strong> jest krajem wyspiarskim na Karaibach i cz\u0119\u015bci\u0105 sk\u0142adow\u0105 Kr\u00f3lestwa Hiszpanii. <a href=\"https:\/\/moverdb.com\/pl\/moving-to-the-netherlands\/\" data-internallinksmanager029f6b8e52c=\"328\" title=\"Przeprowadzka do Holandii? Koszty \u017cycia i wskaz\u00f3wki dotycz\u0105ce relokacji w 2023 r.\">Holandia<\/a>. Maj\u0105c wiele do zaoferowania, od muze\u00f3w i dom\u00f3w zabytkowych po pla\u017ce i miejsca nurkowania z koralowcami, jako\u015b\u0107 \u017cycia na Cura\u00e7ao jest na wysokim poziomie.<\/p>\n\n\n\n<p>Zar\u00f3wno stali mieszka\u0144cy, jak i odwiedzaj\u0105cy mog\u0105 cieszy\u0107 si\u0119 na Cura\u00e7ao bezpiecze\u0144stwem, wysokim poziomem tolerancji, stabilno\u015bci\u0105 ekonomiczn\u0105, du\u017c\u0105 ilo\u015bci\u0105 s\u0142o\u0144ca i przyjemnymi temperaturami.<\/p>\n\n\n\n<p>Je\u017celi planujesz zosta\u0107 obywatelem Cura\u00e7ao na sta\u0142e, najprawdopodobniej poniesiesz znaczne koszty zwi\u0105zane z przeniesieniem swoich rzeczy domowych do tego wspania\u0142ego miejsca.<\/p>\n\n\n\n<p>Aby si\u0119 tego dowiedzie\u0107 (ale tak\u017ce pozna\u0107 koszty przeprowadzki z Cura\u00e7ao), sprawdzili\u015bmy najni\u017csze stawki Cura\u00e7ao <a href=\"https:\/\/moverdb.com\/pl\/container-shipping\/\" data-internallinksmanager029f6b8e52c=\"3\" title=\"Wykres stawek mi\u0119dzynarodowego transportu kontenerowego: Kwiecie\u0144 2026 r.\">stawki za przew\u00f3z kontener\u00f3w<\/a> dla kontener\u00f3w morskich 20' i 40' oraz wykorzysta\u0142 poni\u017csze wykresy i mapy.<\/p>\n\n\n\n<p>Cura\u00e7ao to male\u0144ki kraj wyspiarski, kt\u00f3ry nie jest cz\u0119sto odwiedzany przez statki towarowe, dlatego te\u017c mo\u017cliwo\u015bci wyceny kontener\u00f3w do lub z jego stolicy Willemstad s\u0105 ograniczone. Mo\u017cemy jednak udzieli\u0107 Ci dodatkowej pomocy, je\u015bli wprowadzisz swoje dane w powy\u017cszym narz\u0119dziu wyceny i poprosisz o indywidualn\u0105 wycen\u0119.<\/p>\n\n\n\n<h2 class=\"wp-block-heading\">Koszty transportu kontenera do Cura\u00e7ao (Willemstad)<\/h2>\n\n\n<div class=\"wp-block-image\">\n<figure class=\"aligncenter size-large\"><img loading=\"lazy\" decoding=\"async\" width=\"1024\" height=\"539\" src=\"https:\/\/moverdb.com\/wp-content\/uploads\/Shipping-Container-Costs-to-Curacao-1024x539.png\" alt=\"Koszty transportu kontenera do Cura\u00e7ao (Willemstad)\" class=\"wp-image-4142\" srcset=\"https:\/\/moverdb.com\/wp-content\/uploads\/Shipping-Container-Costs-to-Curacao-1024x539.png 1024w, https:\/\/moverdb.com\/wp-content\/uploads\/Shipping-Container-Costs-to-Curacao-300x158.png 300w, https:\/\/moverdb.com\/wp-content\/uploads\/Shipping-Container-Costs-to-Curacao-1536x809.png 1536w, https:\/\/moverdb.com\/wp-content\/uploads\/Shipping-Container-Costs-to-Curacao-18x9.png 18w, https:\/\/moverdb.com\/wp-content\/uploads\/Shipping-Container-Costs-to-Curacao-600x316.png 600w, https:\/\/moverdb.com\/wp-content\/uploads\/Shipping-Container-Costs-to-Curacao.png 2000w\" sizes=\"auto, (max-width: 1024px) 100vw, 1024px\" \/><\/figure>\n<\/div>\n\n\n<table id=\"tablepress-87\" class=\"tablepress tablepress-id-87\">\n<thead>\n<tr class=\"row-1\">\n\t<th class=\"column-1\">Kraj docelowy (<a href=\"https:\/\/moverdb.com\/pl\/top-49-container-ports\/\" data-internallinksmanager029f6b8e52c=\"80\" title=\"49 najwi\u0119kszych i najbardziej ruchliwych port\u00f3w kontenerowych w 2025 r.\">Port<\/a>\/miasto).<\/th><th class=\"column-2\">20FT<\/th><th class=\"column-3\">40FT<\/th>\n<\/tr>\n<\/thead>\n<tbody class=\"row-striping row-hover\">\n<tr class=\"row-2\">\n\t<td class=\"column-1\"><a href=\"https:\/\/moverdb.com\/pl\/container-shipping\/andorra\/\" data-internallinksmanager029f6b8e52c=\"88\" title=\"2026 Stawki za wysy\u0142k\u0119 kontener\u00f3w frachtem morskim do i z Andory\">Andora (Andorra la Vella)<\/a><\/td><td class=\"column-2\">1868<\/td><td class=\"column-3\">3171<\/td>\n<\/tr>\n<tr class=\"row-3\">\n\t<td class=\"column-1\"><a href=\"https:\/\/moverdb.com\/pl\/container-shipping\/australia\/\" data-internallinksmanager029f6b8e52c=\"89\" title=\"Stawki transportu kontenerowego do i z Australii w 2026 r.\">Australia (Sydney)<\/a><\/td><td class=\"column-2\">N\/A<\/td><td class=\"column-3\">12406<\/td>\n<\/tr>\n<tr class=\"row-4\">\n\t<td class=\"column-1\"><a href=\"https:\/\/moverdb.com\/pl\/container-shipping\/austria\/\" data-internallinksmanager029f6b8e52c=\"95\" title=\"2023 Ceny wysy\u0142ki kontener\u00f3w frachtem morskim do i z Austrii\">Austria (Wiede\u0144)<\/a><\/td><td class=\"column-2\">N\/A<\/td><td class=\"column-3\">3739<\/td>\n<\/tr>\n<tr class=\"row-5\">\n\t<td class=\"column-1\"><a href=\"https:\/\/moverdb.com\/pl\/container-shipping\/bahrain\/\" data-internallinksmanager029f6b8e52c=\"96\" title=\"2023 Ceny wysy\u0142ki kontener\u00f3w frachtem morskim do i z Bahrajnu\">Bahrajn (Manama)<\/a><\/td><td class=\"column-2\">N\/A<\/td><td class=\"column-3\">12306<\/td>\n<\/tr>\n<tr class=\"row-6\">\n\t<td class=\"column-1\"><a href=\"https:\/\/moverdb.com\/pl\/container-shipping\/belgium\/\" data-internallinksmanager029f6b8e52c=\"86\" title=\"2023 Ceny wysy\u0142ki kontener\u00f3w frachtem morskim do i z Belgii\">Belgia (Antwerpia)<\/a><\/td><td class=\"column-2\">1936<\/td><td class=\"column-3\">3276<\/td>\n<\/tr>\n<tr class=\"row-7\">\n\t<td class=\"column-1\"><a href=\"https:\/\/moverdb.com\/pl\/container-shipping\/belize\/\" data-internallinksmanager029f6b8e52c=\"137\" title=\"2026 Stawki za wysy\u0142k\u0119 kontener\u00f3w frachtem morskim do i z Belize\">Belize (Belize City)<\/a><\/td><td class=\"column-2\">2008<\/td><td class=\"column-3\">2839<\/td>\n<\/tr>\n<tr class=\"row-8\">\n\t<td class=\"column-1\"><a href=\"https:\/\/moverdb.com\/pl\/container-shipping\/china\/\" data-internallinksmanager029f6b8e52c=\"105\" title=\"2026 Stawki za fracht morski w kontenerach do i z Chin\">Chiny (Pekin)<\/a><\/td><td class=\"column-2\">13250<\/td><td class=\"column-3\">13750<\/td>\n<\/tr>\n<tr class=\"row-9\">\n\t<td class=\"column-1\">Chiny (Szanghaj)<\/td><td class=\"column-2\">13250<\/td><td class=\"column-3\">13750<\/td>\n<\/tr>\n<tr class=\"row-10\">\n\t<td class=\"column-1\"><a href=\"https:\/\/moverdb.com\/pl\/container-shipping\/colombia\/\" data-internallinksmanager029f6b8e52c=\"106\" title=\"2026 Stawki za fracht morski w transporcie kontenerowym do i z Kolumbii\">Kolumbia (Barranquilla)<\/a><\/td><td class=\"column-2\">1400<\/td><td class=\"column-3\">2336<\/td>\n<\/tr>\n<tr class=\"row-11\">\n\t<td class=\"column-1\"><a href=\"https:\/\/moverdb.com\/pl\/container-shipping\/dominican-republic\/\" data-internallinksmanager029f6b8e52c=\"112\" title=\"2026 Stawki za fracht morski do i z Republiki Dominika\u0144skiej\">Republika Dominika\u0144ska (Santo Domingo)<\/a><\/td><td class=\"column-2\">1969<\/td><td class=\"column-3\">3024<\/td>\n<\/tr>\n<tr class=\"row-12\">\n\t<td class=\"column-1\"><a href=\"https:\/\/moverdb.com\/pl\/container-shipping\/germany\/\" data-internallinksmanager029f6b8e52c=\"118\" title=\"2026 Stawki za fracht morski w kontenerach do i z Niemiec\">Niemcy (Hamburg)<\/a><\/td><td class=\"column-2\">4298<\/td><td class=\"column-3\">5834<\/td>\n<\/tr>\n<tr class=\"row-13\">\n\t<td class=\"column-1\"><a href=\"https:\/\/moverdb.com\/pl\/container-shipping\/greece\/\" data-internallinksmanager029f6b8e52c=\"120\" title=\"2026 Stawki za fracht morski w transporcie kontenerowym do i z Grecji\">Grecja (Pireus)<\/a><\/td><td class=\"column-2\">2622<\/td><td class=\"column-3\">3835<\/td>\n<\/tr>\n<tr class=\"row-14\">\n\t<td class=\"column-1\"><a href=\"https:\/\/moverdb.com\/pl\/container-shipping\/haiti\/\" data-internallinksmanager029f6b8e52c=\"122\" title=\"2026 Stawki za fracht morski w transporcie kontenerowym do i z Haiti\">Haiti (Port-au-Prince)<\/a><\/td><td class=\"column-2\">1969<\/td><td class=\"column-3\">3024<\/td>\n<\/tr>\n<tr class=\"row-15\">\n\t<td class=\"column-1\"><a href=\"https:\/\/moverdb.com\/pl\/container-shipping\/hong-kong\/\" data-internallinksmanager029f6b8e52c=\"123\" title=\"2022 Fracht morski w kontenerach do i z Hongkongu\">Hongkong (Hongkong)<\/a><\/td><td class=\"column-2\">13250<\/td><td class=\"column-3\">13750<\/td>\n<\/tr>\n<tr class=\"row-16\">\n\t<td class=\"column-1\"><a href=\"https:\/\/moverdb.com\/pl\/container-shipping\/india\/\" data-internallinksmanager029f6b8e52c=\"125\" title=\"2026 Stawki za fracht morski w kontenerze do i z Indii\">Indie (Mumbai)<\/a><\/td><td class=\"column-2\">11935<\/td><td class=\"column-3\">12758<\/td>\n<\/tr>\n<tr class=\"row-17\">\n\t<td class=\"column-1\"><a href=\"https:\/\/moverdb.com\/pl\/container-shipping\/indonesia\/\" data-internallinksmanager029f6b8e52c=\"126\" title=\"2022 Fracht morski w kontenerze - stawki do i z Indonezji\">Indonezja (D\u017cakarta)<\/a><\/td><td class=\"column-2\">5979<\/td><td class=\"column-3\">5822<\/td>\n<\/tr>\n<tr class=\"row-18\">\n\t<td class=\"column-1\"><a href=\"https:\/\/moverdb.com\/pl\/container-shipping\/lithuania\/\" data-internallinksmanager029f6b8e52c=\"145\" title=\"2026 Stawki za fracht morski w transporcie kontenerowym do i z Litwy\">Litwa (K\u0142ajpeda)<\/a><\/td><td class=\"column-2\">2202<\/td><td class=\"column-3\">3518<\/td>\n<\/tr>\n<tr class=\"row-19\">\n\t<td class=\"column-1\"><a href=\"https:\/\/moverdb.com\/pl\/container-shipping\/luxembourg\/\" data-internallinksmanager029f6b8e52c=\"146\" title=\"2026 Stawki za fracht morski w transporcie kontenerowym do i z Luksemburga\">Luksemburg (Luksemburg)<\/a><\/td><td class=\"column-2\">1936<\/td><td class=\"column-3\">3276<\/td>\n<\/tr>\n<tr class=\"row-20\">\n\t<td class=\"column-1\"><a href=\"https:\/\/moverdb.com\/pl\/container-shipping\/macau\/\" data-internallinksmanager029f6b8e52c=\"147\" title=\"2026 Stawki za fracht morski w kontenerze do i z Makau\">Makao (Macau)<\/a><\/td><td class=\"column-2\">5525<\/td><td class=\"column-3\">5331<\/td>\n<\/tr>\n<tr class=\"row-21\">\n\t<td class=\"column-1\"><a href=\"https:\/\/moverdb.com\/pl\/container-shipping\/malaysia\/\" data-internallinksmanager029f6b8e52c=\"148\" title=\"2022 Fracht morski w kontenerze - stawki do i z Malezji\">Malezja (Port Kelang)<\/a><\/td><td class=\"column-2\">6039<\/td><td class=\"column-3\">5822<\/td>\n<\/tr>\n<tr class=\"row-22\">\n\t<td class=\"column-1\"><a href=\"https:\/\/moverdb.com\/pl\/container-shipping\/mexico\/\" data-internallinksmanager029f6b8e52c=\"162\" title=\"2026 Stawki za fracht morski w transporcie kontenerowym do i z Meksyku\">Meksyk (Manzanillo)<\/a><\/td><td class=\"column-2\">2167<\/td><td class=\"column-3\">3161<\/td>\n<\/tr>\n<tr class=\"row-23\">\n\t<td class=\"column-1\"><a href=\"https:\/\/moverdb.com\/pl\/container-shipping\/netherlands\/\" data-internallinksmanager029f6b8e52c=\"151\" title=\"2026 Stawki za fracht morski w kontenerze do i z Holandii\">Holandia (Rotterdam)<\/a><\/td><td class=\"column-2\">1936<\/td><td class=\"column-3\">3276<\/td>\n<\/tr>\n<tr class=\"row-24\">\n\t<td class=\"column-1\"><a href=\"https:\/\/moverdb.com\/pl\/container-shipping\/philippines\/\" data-internallinksmanager029f6b8e52c=\"156\" title=\"2026 Stawki za fracht morski w kontenerze do i z Filipin\">Filipiny (Manila)<\/a><\/td><td class=\"column-2\">6123<\/td><td class=\"column-3\">5993<\/td>\n<\/tr>\n<tr class=\"row-25\">\n\t<td class=\"column-1\"><a href=\"https:\/\/moverdb.com\/pl\/container-shipping\/poland\/\" data-internallinksmanager029f6b8e52c=\"157\" title=\"2022 Fracht morski w kontenerach do i z Polski\">Polska (Gda\u0144sk)<\/a><\/td><td class=\"column-2\">2202<\/td><td class=\"column-3\">3518<\/td>\n<\/tr>\n<tr class=\"row-26\">\n\t<td class=\"column-1\"><a href=\"https:\/\/moverdb.com\/pl\/container-shipping\/russia\/\" data-internallinksmanager029f6b8e52c=\"160\" title=\"2026 Stawki za fracht morski w kontenerze do i z Rosji\">Rosja (Sankt Petersburg)<\/a><\/td><td class=\"column-2\">2497<\/td><td class=\"column-3\">3791<\/td>\n<\/tr>\n<tr class=\"row-27\">\n\t<td class=\"column-1\"><a href=\"https:\/\/moverdb.com\/pl\/container-shipping\/singapore\/\" data-internallinksmanager029f6b8e52c=\"179\" title=\"2026 Stawki za fracht morski w kontenerze do i z Singapuru\">Singapur (Singapur)<\/a><\/td><td class=\"column-2\">5979<\/td><td class=\"column-3\">5765<\/td>\n<\/tr>\n<tr class=\"row-28\">\n\t<td class=\"column-1\"><a href=\"https:\/\/moverdb.com\/pl\/container-shipping\/south-korea\/\" data-internallinksmanager029f6b8e52c=\"180\" title=\"2026 Stawki za fracht morski w kontenerze do i z Korei Po\u0142udniowej\">Korea Po\u0142udniowa (Pusan)<\/a><\/td><td class=\"column-2\">5979<\/td><td class=\"column-3\">5765<\/td>\n<\/tr>\n<tr class=\"row-29\">\n\t<td class=\"column-1\"><a href=\"https:\/\/moverdb.com\/pl\/container-shipping\/spain\/\" data-internallinksmanager029f6b8e52c=\"182\" title=\"2026 Stawki za fracht morski w transporcie kontenerowym do i z Hiszpanii\">Hiszpania (Walencja)<\/a><\/td><td class=\"column-2\">3982<\/td><td class=\"column-3\">5875<\/td>\n<\/tr>\n<tr class=\"row-30\">\n\t<td class=\"column-1\"><a href=\"https:\/\/moverdb.com\/pl\/container-shipping\/taiwan\/\" data-internallinksmanager029f6b8e52c=\"183\" title=\"2022 Fracht morski kontenerowy stawki wysy\u0142ki do i z Tajwanu\">Tajwan (Kaohsiung)<\/a><\/td><td class=\"column-2\">5382<\/td><td class=\"column-3\">5137<\/td>\n<\/tr>\n<tr class=\"row-31\">\n\t<td class=\"column-1\"><a href=\"https:\/\/moverdb.com\/pl\/container-shipping\/thailand\/\" data-internallinksmanager029f6b8e52c=\"189\" title=\"2026 Stawki za fracht morski w kontenerze do i z Tajlandii\">Tajlandia (Laem Chabang)<\/a><\/td><td class=\"column-2\">4895<\/td><td class=\"column-3\">4715<\/td>\n<\/tr>\n<tr class=\"row-32\">\n\t<td class=\"column-1\"><a href=\"https:\/\/moverdb.com\/pl\/container-shipping\/turkey\/\" data-internallinksmanager029f6b8e52c=\"190\" title=\"2026 Stawki za fracht morski w transporcie kontenerowym do i z Turcji\">Turcja (Stambu\u0142)<\/a><\/td><td class=\"column-2\">8294<\/td><td class=\"column-3\">11613<\/td>\n<\/tr>\n<tr class=\"row-33\">\n\t<td class=\"column-1\"><a href=\"https:\/\/moverdb.com\/pl\/container-shipping\/united-arab-emirates\/\" data-internallinksmanager029f6b8e52c=\"188\" title=\"Stawki transportu kontenerowego do i ze Zjednoczonych Emirat\u00f3w Arabskich w 2026 r.\">ZEA (Jebel Ali)<\/a><\/td><td class=\"column-2\">2090<\/td><td class=\"column-3\">3465<\/td>\n<\/tr>\n<tr class=\"row-34\">\n\t<td class=\"column-1\"><a href=\"https:\/\/moverdb.com\/pl\/moving-to-the-united-states\/\" data-internallinksmanager029f6b8e52c=\"94\" title=\"Przeprowadzasz si\u0119 do Stan\u00f3w Zjednoczonych? 2026 Koszty \u017cycia i wskaz\u00f3wki dotycz\u0105ce przeprowadzki\">USA<\/a> (<a href=\"https:\/\/moverdb.com\/pl\/moving-to-los-angeles\/\" data-internallinksmanager029f6b8e52c=\"51\" title=\"Przeprowadzka do Los Angeles? Koszty utrzymania i wskaz\u00f3wki dotycz\u0105ce relokacji w Los Angeles w 2026 roku\">Los Angeles<\/a>)<\/td><td class=\"column-2\">912<\/td><td class=\"column-3\">1309<\/td>\n<\/tr>\n<tr class=\"row-35\">\n\t<td class=\"column-1\"><a href=\"https:\/\/moverdb.com\/pl\/container-shipping\/united-states\/\" data-internallinksmanager029f6b8e52c=\"87\" title=\"2026 Stawki za wysy\u0142k\u0119 kontener\u00f3w frachtem morskim do i z USA\">USA (Nowy Jork)<\/a><\/td><td class=\"column-2\">2228<\/td><td class=\"column-3\">1937<\/td>\n<\/tr>\n<tr class=\"row-36\">\n\t<td class=\"column-1\">Wenezuela (Puerto Cabello)<\/td><td class=\"column-2\">688<\/td><td class=\"column-3\">1250<\/td>\n<\/tr>\n<tr class=\"row-37\">\n\t<td class=\"column-1\"><a href=\"https:\/\/moverdb.com\/pl\/container-shipping\/vietnam\/\" data-internallinksmanager029f6b8e52c=\"245\" title=\"2023 Fracht morski kontenerowy stawki wysy\u0142ki do i z Wietnamu\">Wietnam (Sajgon)<\/a><\/td><td class=\"column-2\">5979<\/td><td class=\"column-3\">5765<\/td>\n<\/tr>\n<\/tbody>\n<\/table>\n<!-- #tablepress-87 from cache -->\n\n\n\n<h2 class=\"wp-block-heading\">Koszty wysy\u0142ki kontenera z Cura\u00e7ao (Willemstad)<\/h2>\n\n\n<div class=\"wp-block-image\">\n<figure class=\"aligncenter size-large\"><img loading=\"lazy\" decoding=\"async\" width=\"1024\" height=\"539\" src=\"https:\/\/moverdb.com\/wp-content\/uploads\/Shipping-Container-Costs-from-Curacao-1024x539.png\" alt=\"Koszty wysy\u0142ki kontenera z Cura\u00e7ao (Willemstad)\" class=\"wp-image-4141\" srcset=\"https:\/\/moverdb.com\/wp-content\/uploads\/Shipping-Container-Costs-from-Curacao-1024x539.png 1024w, https:\/\/moverdb.com\/wp-content\/uploads\/Shipping-Container-Costs-from-Curacao-300x158.png 300w, https:\/\/moverdb.com\/wp-content\/uploads\/Shipping-Container-Costs-from-Curacao-1536x809.png 1536w, https:\/\/moverdb.com\/wp-content\/uploads\/Shipping-Container-Costs-from-Curacao-18x9.png 18w, https:\/\/moverdb.com\/wp-content\/uploads\/Shipping-Container-Costs-from-Curacao-600x316.png 600w, https:\/\/moverdb.com\/wp-content\/uploads\/Shipping-Container-Costs-from-Curacao.png 2000w\" sizes=\"auto, (max-width: 1024px) 100vw, 1024px\" \/><\/figure>\n<\/div>\n\n\n<table id=\"tablepress-83\" class=\"tablepress tablepress-id-83\">\n<thead>\n<tr class=\"row-1\">\n\t<th class=\"column-1\">Kraj docelowy (port\/miasto)<\/th><th class=\"column-2\">20FT<\/th><th class=\"column-3\">40FT<\/th>\n<\/tr>\n<\/thead>\n<tbody class=\"row-striping row-hover\">\n<tr class=\"row-2\">\n\t<td class=\"column-1\">Andora (Andorra la Vella)<\/td><td class=\"column-2\">346<\/td><td class=\"column-3\">355<\/td>\n<\/tr>\n<tr class=\"row-3\">\n\t<td class=\"column-1\"><a href=\"https:\/\/moverdb.com\/pl\/container-shipping\/antigua-and-barbuda\/\" data-internallinksmanager029f6b8e52c=\"92\" title=\"2026 Stawki za wysy\u0142k\u0119 kontener\u00f3w frachtem morskim do i z Antigui i Barbudy\">Antigua i Barbuda (St John's)<\/a><\/td><td class=\"column-2\">605<\/td><td class=\"column-3\">801<\/td>\n<\/tr>\n<tr class=\"row-4\">\n\t<td class=\"column-1\">Australia (Sydney)<\/td><td class=\"column-2\">2845<\/td><td class=\"column-3\">N\/A<\/td>\n<\/tr>\n<tr class=\"row-5\">\n\t<td class=\"column-1\">Belgia (Antwerpia)<\/td><td class=\"column-2\">979<\/td><td class=\"column-3\">1344<\/td>\n<\/tr>\n<tr class=\"row-6\">\n\t<td class=\"column-1\"><a href=\"https:\/\/moverdb.com\/pl\/container-shipping\/brazil\/\" data-internallinksmanager029f6b8e52c=\"98\" title=\"2023 Ceny frachtu morskiego kontener\u00f3w do i z Brazylii\">Brazylia (Santos)<\/a><\/td><td class=\"column-2\">1567<\/td><td class=\"column-3\">2434<\/td>\n<\/tr>\n<tr class=\"row-7\">\n\t<td class=\"column-1\">Chiny (Szanghaj)<\/td><td class=\"column-2\">1012<\/td><td class=\"column-3\">1171<\/td>\n<\/tr>\n<tr class=\"row-8\">\n\t<td class=\"column-1\">Kolumbia (Barranquilla)<\/td><td class=\"column-2\">968<\/td><td class=\"column-3\">2037<\/td>\n<\/tr>\n<tr class=\"row-9\">\n\t<td class=\"column-1\">Republika Dominika\u0144ska (Santo Domingo)<\/td><td class=\"column-2\">704<\/td><td class=\"column-3\">1061<\/td>\n<\/tr>\n<tr class=\"row-10\">\n\t<td class=\"column-1\">Haiti (Port-au-Prince)<\/td><td class=\"column-2\">704<\/td><td class=\"column-3\">1061<\/td>\n<\/tr>\n<tr class=\"row-11\">\n\t<td class=\"column-1\">Hongkong (Hongkong)<\/td><td class=\"column-2\">1291<\/td><td class=\"column-3\">1171<\/td>\n<\/tr>\n<tr class=\"row-12\">\n\t<td class=\"column-1\">Indonezja (D\u017cakarta)<\/td><td class=\"column-2\">1392<\/td><td class=\"column-3\">1413<\/td>\n<\/tr>\n<tr class=\"row-13\">\n\t<td class=\"column-1\"><a href=\"https:\/\/moverdb.com\/pl\/container-shipping\/japan\/\" data-internallinksmanager029f6b8e52c=\"131\" title=\"2022 Fracht morski w kontenerze - stawki do i z Japonii\">Japonia (Tokio)<\/a><\/td><td class=\"column-2\">1265<\/td><td class=\"column-3\">1413<\/td>\n<\/tr>\n<tr class=\"row-14\">\n\t<td class=\"column-1\">Luksemburg (Luksemburg)<\/td><td class=\"column-2\">979<\/td><td class=\"column-3\">1344<\/td>\n<\/tr>\n<tr class=\"row-15\">\n\t<td class=\"column-1\">Holandia (Rotterdam)<\/td><td class=\"column-2\">979<\/td><td class=\"column-3\">1344<\/td>\n<\/tr>\n<tr class=\"row-16\">\n\t<td class=\"column-1\">Rosja (Sankt Petersburg)<\/td><td class=\"column-2\">1593<\/td><td class=\"column-3\">2018<\/td>\n<\/tr>\n<tr class=\"row-17\">\n\t<td class=\"column-1\">Korea Po\u0142udniowa (Pusan)<\/td><td class=\"column-2\">1076<\/td><td class=\"column-3\">1171<\/td>\n<\/tr>\n<tr class=\"row-18\">\n\t<td class=\"column-1\">Tajwan (Kaohsiung)<\/td><td class=\"column-2\">1076<\/td><td class=\"column-3\">1171<\/td>\n<\/tr>\n<tr class=\"row-19\">\n\t<td class=\"column-1\">Tajlandia (Laem Chabang)<\/td><td class=\"column-2\">1391<\/td><td class=\"column-3\">1413<\/td>\n<\/tr>\n<tr class=\"row-20\">\n\t<td class=\"column-1\">USA (Los Angeles)<\/td><td class=\"column-2\">2068<\/td><td class=\"column-3\">2993<\/td>\n<\/tr>\n<tr class=\"row-21\">\n\t<td class=\"column-1\">USA (Nowy Jork)<\/td><td class=\"column-2\">1297<\/td><td class=\"column-3\">1383<\/td>\n<\/tr>\n<\/tbody>\n<\/table>\n<!-- #tablepress-83 from cache -->\n\n\n\n<h3 class=\"wp-block-heading\">Uwagi dotycz\u0105ce danych:<\/h3>\n\n\n\n<ul class=\"wp-block-list\"><li>Wszystkie warto\u015bci $ podano w dolarach ameryka\u0144skich (USD);<\/li><li>Stawki s\u0105 aktualne na po\u0142ow\u0119 2022 r;<\/li><li>Mapy przedstawione w tym artykule zosta\u0142y utworzone przy u\u017cyciu <a href=\"https:\/\/www.mapchart.net\" target=\"_blank\" rel=\"noreferrer noopener\">https:\/\/www.mapchart.net<\/a>. Mapy mo\u017cna dowolnie udost\u0119pnia\u0107, pod warunkiem zamieszczenia odno\u015bnika do strony <a href=\"https:\/\/moverdb.com\/pl\/\" target=\"_blank\" rel=\"noreferrer noopener\">MoverDB<\/a>;<\/li><li>Powy\u017csze stawki s\u0105 jedynie szacunkowe i mog\u0105 ulec zmianie od czasu opublikowania tego artyku\u0142u (kwiecie\u0144 2022). Opieraj\u0105 si\u0119 one na najni\u017cszej szacunkowej stawce z <a href=\"https:\/\/www.icontainers.com\" target=\"_blank\" rel=\"noreferrer noopener\">https:\/\/www.icontainers.com<\/a> lub . <a href=\"https:\/\/www.freightos.com\" target=\"_blank\" rel=\"noreferrer noopener\">https:\/\/www.freightos.com<\/a>;<\/li><li>Aby uzyska\u0107 dok\u0142adniejsze informacje na temat koszt\u00f3w, nale\u017cy skorzysta\u0107 z formularza wyceny znajduj\u0105cego si\u0119 na g\u00f3rze tej strony;<\/li><li>Zapoznaj si\u0119 r\u00f3wnie\u017c z naszym przewodnikiem po <a href=\"https:\/\/moverdb.com\/pl\/przeladunek-w-kontenerach\/\" target=\"_blank\" rel=\"noreferrer noopener\">mi\u0119dzynarodowa \u017cegluga kontenerowa<\/a>.<\/li><\/ul>","protected":false},"excerpt":{"rendered":"<p>Cura\u00e7ao is an island country in the Caribbean and a constituent of the Kingdom of the Netherlands. With much to offer, from museums and heritage houses to beaches and coral diving spots, Cura\u00e7ao\u2019s quality of life is of a high standard. Both permanent residents and visitors get to enjoy a life of security, high tolerance, [&hellip;]<\/p>\n","protected":false},"author":2,"featured_media":4140,"parent":44,"menu_order":0,"comment_status":"open","ping_status":"closed","template":"","meta":{"_genesis_hide_title":false,"_genesis_hide_breadcrumbs":false,"_genesis_hide_singular_image":false,"_genesis_hide_footer_widgets":false,"_genesis_custom_body_class":"","_genesis_custom_post_class":"","_genesis_layout":"","footnotes":""},"class_list":{"0":"post-4183","1":"page","2":"type-page","3":"status-publish","4":"has-post-thumbnail","6":"entry"},"_links":{"self":[{"href":"https:\/\/moverdb.com\/pl\/wp-json\/wp\/v2\/pages\/4183","targetHints":{"allow":["GET"]}}],"collection":[{"href":"https:\/\/moverdb.com\/pl\/wp-json\/wp\/v2\/pages"}],"about":[{"href":"https:\/\/moverdb.com\/pl\/wp-json\/wp\/v2\/types\/page"}],"author":[{"embeddable":true,"href":"https:\/\/moverdb.com\/pl\/wp-json\/wp\/v2\/users\/2"}],"replies":[{"embeddable":true,"href":"https:\/\/moverdb.com\/pl\/wp-json\/wp\/v2\/comments?post=4183"}],"version-history":[{"count":1,"href":"https:\/\/moverdb.com\/pl\/wp-json\/wp\/v2\/pages\/4183\/revisions"}],"predecessor-version":[{"id":4184,"href":"https:\/\/moverdb.com\/pl\/wp-json\/wp\/v2\/pages\/4183\/revisions\/4184"}],"up":[{"embeddable":true,"href":"https:\/\/moverdb.com\/pl\/wp-json\/wp\/v2\/pages\/44"}],"wp:featuredmedia":[{"embeddable":true,"href":"https:\/\/moverdb.com\/pl\/wp-json\/wp\/v2\/media\/4140"}],"wp:attachment":[{"href":"https:\/\/moverdb.com\/pl\/wp-json\/wp\/v2\/media?parent=4183"}],"curies":[{"name":"wp","href":"https:\/\/api.w.org\/{rel}","templated":true}]}}