{"id":3991,"date":"2022-05-18T23:49:05","date_gmt":"2022-05-18T23:49:05","guid":{"rendered":"https:\/\/moverdb.com\/?page_id=3991"},"modified":"2026-01-08T13:19:31","modified_gmt":"2026-01-08T13:19:31","slug":"bangladesz","status":"publish","type":"page","link":"https:\/\/moverdb.com\/pl\/container-shipping\/bangladesh\/","title":{"rendered":"2026 Stawki za wysy\u0142k\u0119 kontener\u00f3w frachtu morskiego do i z Bangladeszu"},"content":{"rendered":"<div class=\"wp-block-image\"><figure class=\"aligncenter size-full\"><img loading=\"lazy\" decoding=\"async\" width=\"1000\" height=\"667\" src=\"https:\/\/moverdb.com\/wp-content\/uploads\/dhaka-bangladesh.jpg\" alt=\"Widok z lotu ptaka na stolic\u0119 Bangladeszu - Dhak\u0119.\" class=\"wp-image-3960\" srcset=\"https:\/\/moverdb.com\/wp-content\/uploads\/dhaka-bangladesh.jpg 1000w, https:\/\/moverdb.com\/wp-content\/uploads\/dhaka-bangladesh-300x200.jpg 300w, https:\/\/moverdb.com\/wp-content\/uploads\/dhaka-bangladesh-18x12.jpg 18w, https:\/\/moverdb.com\/wp-content\/uploads\/dhaka-bangladesh-600x400.jpg 600w\" sizes=\"auto, (max-width: 1000px) 100vw, 1000px\" \/><\/figure><\/div>\n\n\n\n<p>Poza tym, \u017ce jest to kraj trzeciego \u015bwiata, <strong><a href=\"https:\/\/moverdb.com\/pl\/moving-to-bangladesh\/\" data-internallinksmanager029f6b8e52c=\"419\" title=\"Przeprowadzka do Bangladeszu? Koszty \u017cycia i wskaz\u00f3wki dotycz\u0105ce relokacji w 2023 r.\">Bangladesz<\/a><\/strong> jest jednym z g\u0142\u00f3wnych o\u015brodk\u00f3w zachodnich inwestycji w XXI wieku.<\/p>\n\n\n\n<p>Najwa\u017cniejsze ga\u0142\u0119zie przemys\u0142u, takie jak przemys\u0142 tekstylny, turystyczny, stoczniowy, technologiczny i komunikacyjny, przyci\u0105gaj\u0105 wielu emigrant\u00f3w do tego kraju, aby rozwija\u0107 i rozszerza\u0107 swoj\u0105 dzia\u0142alno\u015b\u0107 za granic\u0105.<\/p>\n\n\n\n<p>Opr\u00f3cz zach\u0119t zwi\u0105zanych z prac\u0105, w Bangladeszu panuje klimat subtropikalny, kt\u00f3ry jest bardzo przyjemny przez ca\u0142y rok, a jego atrakcje przyrodnicze i historyczne s\u0105 liczne i zapieraj\u0105 dech w piersiach.<\/p>\n\n\n\n<p>Tak wi\u0119c, je\u015bli my\u015blisz o przeprowadzce do lub z Dhaki, Chittagong, Khulny lub innego miejsca w Bangladeszu, mo\u017cemy pom\u00f3c Ci odkry\u0107 \u015bredni\u0105 cen\u0119 za ten wyczyn.<\/p>\n\n\n\n<p>Poni\u017csze tabele przedstawiaj\u0105 ceny w niekt\u00f3rych zak\u0105tkach \u015bwiata, z kt\u00f3rych mo\u017cesz pochodzi\u0107 lub do kt\u00f3rych chcesz si\u0119 przenie\u015b\u0107 z Bangladeszu. Nale\u017cy pami\u0119ta\u0107, \u017ce s\u0105 to najni\u017csze ceny w Bangladeszu <a href=\"https:\/\/moverdb.com\/pl\/container-shipping\/\" data-internallinksmanager029f6b8e52c=\"3\" title=\"Wykres stawek mi\u0119dzynarodowego transportu kontenerowego: Kwiecie\u0144 2026 r.\">stawki za przew\u00f3z kontener\u00f3w<\/a> mogli\u015bmy znale\u017a\u0107 zar\u00f3wno kontenery morskie 20', jak i 40' - aby uzyska\u0107 najdok\u0142adniejsz\u0105 cen\u0119 dla Twoich konkretnych wymaga\u0144, skorzystaj z narz\u0119dzia do wyceny znajduj\u0105cego si\u0119 na g\u00f3rze tej strony.<\/p>\n\n\n\n<h2 class=\"wp-block-heading\">Koszty wysy\u0142ki kontenera do Bangladeszu (Chittagong)<\/h2>\n\n\n\n<div class=\"wp-block-image\"><figure class=\"aligncenter size-large\"><img loading=\"lazy\" decoding=\"async\" width=\"1024\" height=\"539\" src=\"https:\/\/moverdb.com\/wp-content\/uploads\/Shipping-Container-Costs-to-Bangladesh-1024x539.png\" alt=\"Koszty wysy\u0142ki kontenera do Bangladeszu (Chittagong)\" class=\"wp-image-3972\" srcset=\"https:\/\/moverdb.com\/wp-content\/uploads\/Shipping-Container-Costs-to-Bangladesh-1024x539.png 1024w, https:\/\/moverdb.com\/wp-content\/uploads\/Shipping-Container-Costs-to-Bangladesh-300x158.png 300w, https:\/\/moverdb.com\/wp-content\/uploads\/Shipping-Container-Costs-to-Bangladesh-1536x809.png 1536w, https:\/\/moverdb.com\/wp-content\/uploads\/Shipping-Container-Costs-to-Bangladesh-2048x1079.png 2048w, https:\/\/moverdb.com\/wp-content\/uploads\/Shipping-Container-Costs-to-Bangladesh-18x9.png 18w, https:\/\/moverdb.com\/wp-content\/uploads\/Shipping-Container-Costs-to-Bangladesh-600x316.png 600w\" sizes=\"auto, (max-width: 1024px) 100vw, 1024px\" \/><\/figure><\/div>\n\n\n\n<table id=\"tablepress-48\" class=\"tablepress tablepress-id-48\">\n<thead>\n<tr class=\"row-1\">\n\t<th class=\"column-1\">Kraj docelowy (<a href=\"https:\/\/moverdb.com\/pl\/top-49-container-ports\/\" data-internallinksmanager029f6b8e52c=\"80\" title=\"49 najwi\u0119kszych i najbardziej ruchliwych port\u00f3w kontenerowych w 2025 r.\">Port<\/a>\/miasto).<\/th><th class=\"column-2\">20FT<\/th><th class=\"column-3\">40FT<\/th>\n<\/tr>\n<\/thead>\n<tbody class=\"row-striping row-hover\">\n<tr class=\"row-2\">\n\t<td class=\"column-1\"><a href=\"https:\/\/moverdb.com\/pl\/container-shipping\/andorra\/\" data-internallinksmanager029f6b8e52c=\"88\" title=\"2026 Stawki za wysy\u0142k\u0119 kontener\u00f3w frachtem morskim do i z Andory\">Andora (Andorra la Vella)<\/a><\/td><td class=\"column-2\">$1,864<\/td><td class=\"column-3\">$2,318<\/td>\n<\/tr>\n<tr class=\"row-3\">\n\t<td class=\"column-1\"><a href=\"https:\/\/moverdb.com\/pl\/container-shipping\/antigua-and-barbuda\/\" data-internallinksmanager029f6b8e52c=\"92\" title=\"2026 Stawki za wysy\u0142k\u0119 kontener\u00f3w frachtem morskim do i z Antigui i Barbudy\">Antigua i Barbuda (St John's)<\/a><\/td><td class=\"column-2\">$814<\/td><td class=\"column-3\">$1,298<\/td>\n<\/tr>\n<tr class=\"row-4\">\n\t<td class=\"column-1\"><a href=\"https:\/\/moverdb.com\/pl\/container-shipping\/argentina\/\" data-internallinksmanager029f6b8e52c=\"91\" title=\"2026 Stawki za wysy\u0142k\u0119 kontener\u00f3w frachtem morskim do i z Argentyny\">Argentyna (Buenos Aires)<\/a><\/td><td class=\"column-2\">$3.750<\/td><td class=\"column-3\">$5.690<\/td>\n<\/tr>\n<tr class=\"row-5\">\n\t<td class=\"column-1\"><a href=\"https:\/\/moverdb.com\/pl\/container-shipping\/australia\/\" data-internallinksmanager029f6b8e52c=\"89\" title=\"Stawki transportu kontenerowego do i z Australii w 2026 r.\">Australia (Sydney)<\/a><\/td><td class=\"column-2\">$8.053<\/td><td class=\"column-3\">N\/A<\/td>\n<\/tr>\n<tr class=\"row-6\">\n\t<td class=\"column-1\"><a href=\"https:\/\/moverdb.com\/pl\/container-shipping\/china\/\" data-internallinksmanager029f6b8e52c=\"105\" title=\"2026 Stawki za fracht morski w kontenerach do i z Chin\">Chiny (Pekin)<\/a><\/td><td class=\"column-2\">$4.895<\/td><td class=\"column-3\">$9,345<\/td>\n<\/tr>\n<tr class=\"row-7\">\n\t<td class=\"column-1\">Chiny (Szanghaj)<\/td><td class=\"column-2\">$4.015<\/td><td class=\"column-3\">$7.665<\/td>\n<\/tr>\n<tr class=\"row-8\">\n\t<td class=\"column-1\"><a href=\"https:\/\/moverdb.com\/pl\/container-shipping\/india\/\" data-internallinksmanager029f6b8e52c=\"125\" title=\"2026 Stawki za fracht morski w kontenerze do i z Indii\">Indie (Mumbai)<\/a><\/td><td class=\"column-2\">$1.753<\/td><td class=\"column-3\">$3.213<\/td>\n<\/tr>\n<tr class=\"row-9\">\n\t<td class=\"column-1\"><a href=\"https:\/\/moverdb.com\/pl\/container-shipping\/indonesia\/\" data-internallinksmanager029f6b8e52c=\"126\" title=\"2022 Fracht morski w kontenerze - stawki do i z Indonezji\">Indonezja (D\u017cakarta)<\/a><\/td><td class=\"column-2\">$2.679<\/td><td class=\"column-3\">$4,574<\/td>\n<\/tr>\n<tr class=\"row-10\">\n\t<td class=\"column-1\">Laos (Wientian)<\/td><td class=\"column-2\">$4.015<\/td><td class=\"column-3\">$7.665<\/td>\n<\/tr>\n<tr class=\"row-11\">\n\t<td class=\"column-1\"><a href=\"https:\/\/moverdb.com\/pl\/container-shipping\/malaysia\/\" data-internallinksmanager029f6b8e52c=\"148\" title=\"2022 Fracht morski w kontenerze - stawki do i z Malezji\">Malezja (Port Kelang)<\/a><\/td><td class=\"column-2\">$2,365<\/td><td class=\"column-3\">$4,250<\/td>\n<\/tr>\n<tr class=\"row-12\">\n\t<td class=\"column-1\"><a href=\"https:\/\/moverdb.com\/pl\/container-shipping\/pakistan\/\" data-internallinksmanager029f6b8e52c=\"155\" title=\"2022 Fracht morski w kontenerze Rates To &amp; From Pakistan\">Pakistan (Karaczi)<\/a><\/td><td class=\"column-2\">$2.750<\/td><td class=\"column-3\">$4.095<\/td>\n<\/tr>\n<tr class=\"row-13\">\n\t<td class=\"column-1\"><a href=\"https:\/\/moverdb.com\/pl\/container-shipping\/philippines\/\" data-internallinksmanager029f6b8e52c=\"156\" title=\"2026 Stawki za fracht morski w kontenerze do i z Filipin\">Filipiny (Manila)<\/a><\/td><td class=\"column-2\">$2.750<\/td><td class=\"column-3\">N\/A<\/td>\n<\/tr>\n<tr class=\"row-14\">\n\t<td class=\"column-1\"><a href=\"https:\/\/moverdb.com\/pl\/container-shipping\/singapore\/\" data-internallinksmanager029f6b8e52c=\"179\" title=\"2026 Stawki za fracht morski w kontenerze do i z Singapuru\">Singapur (Singapur)<\/a><\/td><td class=\"column-2\">$2.915<\/td><td class=\"column-3\">$5,565<\/td>\n<\/tr>\n<tr class=\"row-15\">\n\t<td class=\"column-1\"><a href=\"https:\/\/moverdb.com\/pl\/container-shipping\/south-africa\/\" data-internallinksmanager029f6b8e52c=\"185\" title=\"2026 Stawki za fracht morski w kontenerze do i z RPA\">Republika Po\u0142udniowej Afryki (Durban)<\/a><\/td><td class=\"column-2\">$5,100<\/td><td class=\"column-3\">N\/A<\/td>\n<\/tr>\n<tr class=\"row-16\">\n\t<td class=\"column-1\"><a href=\"https:\/\/moverdb.com\/pl\/container-shipping\/south-korea\/\" data-internallinksmanager029f6b8e52c=\"180\" title=\"2026 Stawki za fracht morski w kontenerze do i z Korei Po\u0142udniowej\">Korea Po\u0142udniowa (Pusan)<\/a><\/td><td class=\"column-2\">$4,315<\/td><td class=\"column-3\">$6.870<\/td>\n<\/tr>\n<tr class=\"row-17\">\n\t<td class=\"column-1\"><a href=\"https:\/\/moverdb.com\/pl\/container-shipping\/spain\/\" data-internallinksmanager029f6b8e52c=\"182\" title=\"2026 Stawki za fracht morski w transporcie kontenerowym do i z Hiszpanii\">Hiszpania (Walencja)<\/a><\/td><td class=\"column-2\">$2.378<\/td><td class=\"column-3\">$3.369<\/td>\n<\/tr>\n<tr class=\"row-18\">\n\t<td class=\"column-1\"><a href=\"https:\/\/moverdb.com\/pl\/container-shipping\/thailand\/\" data-internallinksmanager029f6b8e52c=\"189\" title=\"2026 Stawki za fracht morski w kontenerze do i z Tajlandii\">Tajlandia (Laem Chabang)<\/a><\/td><td class=\"column-2\">$3.400<\/td><td class=\"column-3\">$5.477<\/td>\n<\/tr>\n<tr class=\"row-19\">\n\t<td class=\"column-1\"><a href=\"https:\/\/moverdb.com\/pl\/container-shipping\/uruguay\/\" data-internallinksmanager029f6b8e52c=\"194\" title=\"2026 Stawki za fracht morski w transporcie kontenerowym do i z Urugwaju\">Urugwaj (Montevideo)<\/a><\/td><td class=\"column-2\">$3.750<\/td><td class=\"column-3\">$5.690<\/td>\n<\/tr>\n<tr class=\"row-20\">\n\t<td class=\"column-1\"><a href=\"https:\/\/moverdb.com\/pl\/moving-to-the-united-states\/\" data-internallinksmanager029f6b8e52c=\"94\" title=\"Przeprowadzasz si\u0119 do Stan\u00f3w Zjednoczonych? 2026 Koszty \u017cycia i wskaz\u00f3wki dotycz\u0105ce przeprowadzki\">USA<\/a> (<a href=\"https:\/\/moverdb.com\/pl\/moving-to-los-angeles\/\" data-internallinksmanager029f6b8e52c=\"51\" title=\"Przeprowadzka do Los Angeles? Koszty utrzymania i wskaz\u00f3wki dotycz\u0105ce relokacji w Los Angeles w 2026 roku\">Los Angeles<\/a>)<\/td><td class=\"column-2\">$835<\/td><td class=\"column-3\">$1.035<\/td>\n<\/tr>\n<tr class=\"row-21\">\n\t<td class=\"column-1\"><a href=\"https:\/\/moverdb.com\/pl\/container-shipping\/united-states\/\" data-internallinksmanager029f6b8e52c=\"87\" title=\"2026 Stawki za wysy\u0142k\u0119 kontener\u00f3w frachtem morskim do i z USA\">USA (Nowy Jork)<\/a><\/td><td class=\"column-2\">$2,253<\/td><td class=\"column-3\">$2,534<\/td>\n<\/tr>\n<\/tbody>\n<\/table>\n<!-- #tablepress-48 from cache -->\n\n\n\n<h2 class=\"wp-block-heading\">Koszty transportu kontenerowego z Bangladeszu (Chittagong)<\/h2>\n\n\n\n<div class=\"wp-block-image\"><figure class=\"aligncenter size-large\"><img loading=\"lazy\" decoding=\"async\" width=\"1024\" height=\"539\" src=\"https:\/\/moverdb.com\/wp-content\/uploads\/Shipping-Container-Costs-from-Bangladesh-1024x539.png\" alt=\"Koszty transportu kontenerowego z Bangladeszu (Chittagong)\" class=\"wp-image-3971\" srcset=\"https:\/\/moverdb.com\/wp-content\/uploads\/Shipping-Container-Costs-from-Bangladesh-1024x539.png 1024w, https:\/\/moverdb.com\/wp-content\/uploads\/Shipping-Container-Costs-from-Bangladesh-300x158.png 300w, https:\/\/moverdb.com\/wp-content\/uploads\/Shipping-Container-Costs-from-Bangladesh-1536x809.png 1536w, https:\/\/moverdb.com\/wp-content\/uploads\/Shipping-Container-Costs-from-Bangladesh-2048x1079.png 2048w, https:\/\/moverdb.com\/wp-content\/uploads\/Shipping-Container-Costs-from-Bangladesh-18x9.png 18w, https:\/\/moverdb.com\/wp-content\/uploads\/Shipping-Container-Costs-from-Bangladesh-600x316.png 600w\" sizes=\"auto, (max-width: 1024px) 100vw, 1024px\" \/><\/figure><\/div>\n\n\n\n<table id=\"tablepress-49\" class=\"tablepress tablepress-id-49\">\n<thead>\n<tr class=\"row-1\">\n\t<th class=\"column-1\">Kraj docelowy (port\/miasto)<\/th><th class=\"column-2\">20FT<\/th><th class=\"column-3\">40FT<\/th>\n<\/tr>\n<\/thead>\n<tbody class=\"row-striping row-hover\">\n<tr class=\"row-2\">\n\t<td class=\"column-1\">Andora (Andorra la Vella)<\/td><td class=\"column-2\">$911<\/td><td class=\"column-3\">$1,138<\/td>\n<\/tr>\n<tr class=\"row-3\">\n\t<td class=\"column-1\">Argentyna (Buenos Aires)<\/td><td class=\"column-2\">$9.373<\/td><td class=\"column-3\">$11.660<\/td>\n<\/tr>\n<tr class=\"row-4\">\n\t<td class=\"column-1\"><a href=\"https:\/\/moverdb.com\/pl\/container-shipping\/aruba\/\" data-internallinksmanager029f6b8e52c=\"90\" title=\"2026 Stawki za wysy\u0142k\u0119 kontener\u00f3w frachtem morskim na Arub\u0119 i z powrotem\">Aruba (Oranjestad)<\/a><\/td><td class=\"column-2\">$9.373<\/td><td class=\"column-3\">$11.660<\/td>\n<\/tr>\n<tr class=\"row-5\">\n\t<td class=\"column-1\">Australia (Sydney)<\/td><td class=\"column-2\">$2,511<\/td><td class=\"column-3\">N\/A<\/td>\n<\/tr>\n<tr class=\"row-6\">\n\t<td class=\"column-1\"><a href=\"https:\/\/moverdb.com\/pl\/container-shipping\/austria\/\" data-internallinksmanager029f6b8e52c=\"95\" title=\"2023 Ceny wysy\u0142ki kontener\u00f3w frachtem morskim do i z Austrii\">Austria (Wiede\u0144)<\/a><\/td><td class=\"column-2\">N\/A<\/td><td class=\"column-3\">$12.750<\/td>\n<\/tr>\n<tr class=\"row-7\">\n\t<td class=\"column-1\"><a href=\"https:\/\/moverdb.com\/pl\/container-shipping\/bahrain\/\" data-internallinksmanager029f6b8e52c=\"96\" title=\"2023 Ceny wysy\u0142ki kontener\u00f3w frachtem morskim do i z Bahrajnu\">Bahrajn (Manama)<\/a><\/td><td class=\"column-2\">$2.090<\/td><td class=\"column-3\">N\/A<\/td>\n<\/tr>\n<tr class=\"row-8\">\n\t<td class=\"column-1\">Indie (Mumbai)<\/td><td class=\"column-2\">$990<\/td><td class=\"column-3\">N\/A<\/td>\n<\/tr>\n<tr class=\"row-9\">\n\t<td class=\"column-1\"><a href=\"https:\/\/moverdb.com\/pl\/container-shipping\/kuwait\/\" data-internallinksmanager029f6b8e52c=\"135\" title=\"2026 Stawki za fracht morski w kontenerze do i z Kuwejtu\">Kuwejt (Shuwaikh)<\/a><\/td><td class=\"column-2\">$2.393<\/td><td class=\"column-3\">N\/A<\/td>\n<\/tr>\n<tr class=\"row-10\">\n\t<td class=\"column-1\"><a href=\"https:\/\/moverdb.com\/pl\/container-shipping\/maldives\/\" data-internallinksmanager029f6b8e52c=\"161\" title=\"2026 Stawki za fracht morski w transporcie kontenerowym do i z Malediw\u00f3w\">Malediwy (Male)<\/a><\/td><td class=\"column-2\">$110<\/td><td class=\"column-3\">N\/A<\/td>\n<\/tr>\n<tr class=\"row-11\">\n\t<td class=\"column-1\"><a href=\"https:\/\/moverdb.com\/pl\/container-shipping\/netherlands\/\" data-internallinksmanager029f6b8e52c=\"151\" title=\"2026 Stawki za fracht morski w kontenerze do i z Holandii\">Holandia (Rotterdam)<\/a><\/td><td class=\"column-2\">$6,492<\/td><td class=\"column-3\">$8.034<\/td>\n<\/tr>\n<tr class=\"row-12\">\n\t<td class=\"column-1\">Pakistan (Karaczi)<\/td><td class=\"column-2\">$3.808<\/td><td class=\"column-3\">N\/A<\/td>\n<\/tr>\n<tr class=\"row-13\">\n\t<td class=\"column-1\"><a href=\"https:\/\/moverdb.com\/pl\/container-shipping\/qatar\/\" data-internallinksmanager029f6b8e52c=\"159\" title=\"2022 Fracht morski w kontenerze - stawki do i z Kataru\">Katar (Doha)<\/a><\/td><td class=\"column-2\">$2.810<\/td><td class=\"column-3\">N\/A<\/td>\n<\/tr>\n<tr class=\"row-14\">\n\t<td class=\"column-1\"><a href=\"https:\/\/moverdb.com\/pl\/container-shipping\/saudi-arabia\/\" data-internallinksmanager029f6b8e52c=\"178\" title=\"2026 Stawki za fracht morski w kontenerze do i z Arabii Saudyjskiej\">Arabia Saudyjska (Jeddah)<\/a><\/td><td class=\"column-2\">$6.977<\/td><td class=\"column-3\">N\/A<\/td>\n<\/tr>\n<tr class=\"row-15\">\n\t<td class=\"column-1\">Singapur (Singapur)<\/td><td class=\"column-2\">$110<\/td><td class=\"column-3\">N\/A<\/td>\n<\/tr>\n<tr class=\"row-16\">\n\t<td class=\"column-1\">Hiszpania (Walencja)<\/td><td class=\"column-2\">$6.932<\/td><td class=\"column-3\">$10,214<\/td>\n<\/tr>\n<tr class=\"row-17\">\n\t<td class=\"column-1\"><a href=\"https:\/\/moverdb.com\/pl\/container-shipping\/united-arab-emirates\/\" data-internallinksmanager029f6b8e52c=\"188\" title=\"Stawki transportu kontenerowego do i ze Zjednoczonych Emirat\u00f3w Arabskich w 2026 r.\">ZEA (Jebel Ali)<\/a><\/td><td class=\"column-2\">$1.705<\/td><td class=\"column-3\">$3,273<\/td>\n<\/tr>\n<tr class=\"row-18\">\n\t<td class=\"column-1\">USA (Los Angeles)<\/td><td class=\"column-2\">$8,080<\/td><td class=\"column-3\">$8.400<\/td>\n<\/tr>\n<tr class=\"row-19\">\n\t<td class=\"column-1\">USA (Nowy Jork)<\/td><td class=\"column-2\">$3.753<\/td><td class=\"column-3\">$4,250<\/td>\n<\/tr>\n<\/tbody>\n<\/table>\n<!-- #tablepress-49 from cache -->\n\n\n\n<h3 class=\"wp-block-heading\">Uwagi dotycz\u0105ce danych:<\/h3>\n\n\n\n<ul class=\"wp-block-list\"><li>Wszystkie warto\u015bci $ podano w dolarach ameryka\u0144skich (USD);<\/li><li>Stawki s\u0105 aktualne na pocz\u0105tku 2022 r;<\/li><li>Mapy przedstawione w tym artykule zosta\u0142y utworzone przy u\u017cyciu <a href=\"https:\/\/www.mapchart.net\" target=\"_blank\" rel=\"noreferrer noopener\">https:\/\/www.mapchart.net<\/a>. Mapy mo\u017cna dowolnie udost\u0119pnia\u0107, pod warunkiem zamieszczenia odno\u015bnika do strony <a href=\"https:\/\/moverdb.com\/pl\/\" target=\"_blank\" rel=\"noreferrer noopener\">MoverDB<\/a>;<\/li><li>Powy\u017csze stawki s\u0105 jedynie szacunkowe i mog\u0105 ulec zmianie od czasu opublikowania tego artyku\u0142u (kwiecie\u0144 2022). Opieraj\u0105 si\u0119 one na najni\u017cszej szacunkowej stawce z <a href=\"https:\/\/www.icontainers.com\" target=\"_blank\" rel=\"noreferrer noopener\">https:\/\/www.icontainers.com<\/a> lub . <a href=\"https:\/\/www.freightos.com\" target=\"_blank\" rel=\"noreferrer noopener\">https:\/\/www.freightos.com<\/a>;<\/li><li>Aby uzyska\u0107 dok\u0142adniejsze informacje na temat koszt\u00f3w, nale\u017cy skorzysta\u0107 z formularza wyceny znajduj\u0105cego si\u0119 na g\u00f3rze tej strony;<\/li><li>Zapoznaj si\u0119 r\u00f3wnie\u017c z naszym przewodnikiem po <a href=\"https:\/\/moverdb.com\/pl\/przeladunek-w-kontenerach\/\" target=\"_blank\" rel=\"noreferrer noopener\">mi\u0119dzynarodowa \u017cegluga kontenerowa<\/a>.<\/li><\/ul>","protected":false},"excerpt":{"rendered":"<p>Besides being a third-world country, Bangladesh is one of the main hubs for western investments in the 21st century. Top industries such as the textile, tourism, shipbuilding, technology, and communication industry draw in a large number of expats in this country to develop and expand their offshore business. Other than the work-related incentives, Bangladesh has [&hellip;]<\/p>\n","protected":false},"author":2,"featured_media":3960,"parent":44,"menu_order":0,"comment_status":"open","ping_status":"closed","template":"","meta":{"_genesis_hide_title":false,"_genesis_hide_breadcrumbs":false,"_genesis_hide_singular_image":false,"_genesis_hide_footer_widgets":false,"_genesis_custom_body_class":"","_genesis_custom_post_class":"","_genesis_layout":"","footnotes":""},"class_list":{"0":"post-3991","1":"page","2":"type-page","3":"status-publish","4":"has-post-thumbnail","6":"entry"},"_links":{"self":[{"href":"https:\/\/moverdb.com\/pl\/wp-json\/wp\/v2\/pages\/3991","targetHints":{"allow":["GET"]}}],"collection":[{"href":"https:\/\/moverdb.com\/pl\/wp-json\/wp\/v2\/pages"}],"about":[{"href":"https:\/\/moverdb.com\/pl\/wp-json\/wp\/v2\/types\/page"}],"author":[{"embeddable":true,"href":"https:\/\/moverdb.com\/pl\/wp-json\/wp\/v2\/users\/2"}],"replies":[{"embeddable":true,"href":"https:\/\/moverdb.com\/pl\/wp-json\/wp\/v2\/comments?post=3991"}],"version-history":[{"count":2,"href":"https:\/\/moverdb.com\/pl\/wp-json\/wp\/v2\/pages\/3991\/revisions"}],"predecessor-version":[{"id":4022,"href":"https:\/\/moverdb.com\/pl\/wp-json\/wp\/v2\/pages\/3991\/revisions\/4022"}],"up":[{"embeddable":true,"href":"https:\/\/moverdb.com\/pl\/wp-json\/wp\/v2\/pages\/44"}],"wp:featuredmedia":[{"embeddable":true,"href":"https:\/\/moverdb.com\/pl\/wp-json\/wp\/v2\/media\/3960"}],"wp:attachment":[{"href":"https:\/\/moverdb.com\/pl\/wp-json\/wp\/v2\/media?parent=3991"}],"curies":[{"name":"wp","href":"https:\/\/api.w.org\/{rel}","templated":true}]}}