{"id":3842,"date":"2022-04-06T13:40:09","date_gmt":"2022-04-06T13:40:09","guid":{"rendered":"https:\/\/moverdb.com\/?page_id=3842"},"modified":"2026-01-08T14:47:23","modified_gmt":"2026-01-08T14:47:23","slug":"agenci-ds-przeprowadzek","status":"publish","type":"page","link":"https:\/\/moverdb.com\/pl\/relocation-agents\/","title":{"rendered":"7 powod\u00f3w, dla kt\u00f3rych warto skorzysta\u0107 z us\u0142ug agenta ds. przeprowadzek?"},"content":{"rendered":"<p>W\u0142a\u015bnie podpisa\u0142e\u015b umow\u0119 o prac\u0119 na nowym, fantastycznym stanowisku w czaruj\u0105cym, mi\u0119dzynarodowym miejscu. Przeprowadzka do nowego kraju wydaje si\u0119 pocz\u0105tkowo ekscytuj\u0105ca, ale gdy u\u015bwiadomisz sobie, ile dok\u0142adnie musisz zrobi\u0107, aby si\u0119 tam dosta\u0107, mo\u017ce si\u0119 to wydawa\u0107 do\u015b\u0107 zniech\u0119caj\u0105ce.<\/p>\n<p><img loading=\"lazy\" decoding=\"async\" src=\"https:\/\/moverdb.com\/wp-content\/uploads\/relocation-agent.jpg\" alt=\"\" width=\"1000\" height=\"563\" class=\"aligncenter size-full wp-image-3845\" data-wp-pid=\"3845\" srcset=\"https:\/\/moverdb.com\/wp-content\/uploads\/relocation-agent.jpg 1000w, https:\/\/moverdb.com\/wp-content\/uploads\/relocation-agent-300x169.jpg 300w, https:\/\/moverdb.com\/wp-content\/uploads\/relocation-agent-18x10.jpg 18w, https:\/\/moverdb.com\/wp-content\/uploads\/relocation-agent-600x338.jpg 600w\" sizes=\"auto, (max-width: 1000px) 100vw, 1000px\" \/><\/p>\n<p>Przyjrzyjmy si\u0119 kilku kwestiom, z kt\u00f3rymi trzeba b\u0119dzie si\u0119 zmierzy\u0107, je\u015bli przeprowadzasz si\u0119 samodzielnie lub korzystasz z us\u0142ug firmy przewozowej. <a href=\"https:\/\/www.cornerstonelondon.com\/\" target=\"_blank\" rel=\"noopener\">agent ds. przeprowadzek<\/a>.<\/p>\n<div id=\"ez-toc-container\" class=\"ez-toc-v2_0_82_2 ez-toc-wrap-left counter-hierarchy ez-toc-counter ez-toc-transparent ez-toc-container-direction\">\n<div class=\"ez-toc-title-container\">\n<p class=\"ez-toc-title\" style=\"cursor:inherit\">Sekcje<\/p>\n<span class=\"ez-toc-title-toggle\"><a href=\"#\" class=\"ez-toc-pull-right ez-toc-btn ez-toc-btn-xs ez-toc-btn-default ez-toc-toggle\" aria-label=\"Prze\u0142\u0105cznik Spisu Tre\u015bci\"><span class=\"ez-toc-js-icon-con\"><span class=\"\"><span class=\"eztoc-hide\" style=\"display:none;\">Toggle<\/span><span class=\"ez-toc-icon-toggle-span\"><svg style=\"fill: #999;color:#999\" xmlns=\"http:\/\/www.w3.org\/2000\/svg\" class=\"list-377408\" width=\"20px\" height=\"20px\" viewbox=\"0 0 24 24\" fill=\"none\"><path d=\"M6 6H4v2h2V6zm14 0H8v2h12V6zM4 11h2v2H4v-2zm16 0H8v2h12v-2zM4 16h2v2H4v-2zm16 0H8v2h12v-2z\" fill=\"currentColor\"><\/path><\/svg><svg style=\"fill: #999;color:#999\" class=\"arrow-unsorted-368013\" xmlns=\"http:\/\/www.w3.org\/2000\/svg\" width=\"10px\" height=\"10px\" viewbox=\"0 0 24 24\" version=\"1.2\" baseprofile=\"tiny\"><path d=\"M18.2 9.3l-6.2-6.3-6.2 6.3c-.2.2-.3.4-.3.7s.1.5.3.7c.2.2.4.3.7.3h11c.3 0 .5-.1.7-.3.2-.2.3-.5.3-.7s-.1-.5-.3-.7zM5.8 14.7l6.2 6.3 6.2-6.3c.2-.2.3-.5.3-.7s-.1-.5-.3-.7c-.2-.2-.4-.3-.7-.3h-11c-.3 0-.5.1-.7.3-.2.2-.3.5-.3.7s.1.5.3.7z\"\/><\/svg><\/span><\/span><\/span><\/a><\/span><\/div>\n<nav><ul class='ez-toc-list ez-toc-list-level-1 eztoc-toggle-hide-by-default' ><li class='ez-toc-page-1 ez-toc-heading-level-2'><a class=\"ez-toc-link ez-toc-heading-1\" href=\"https:\/\/moverdb.com\/pl\/relocation-agents\/#1_Do_What_Needs_To_Be_Done\" >1. R\u00f3b to, co musi by\u0107 zrobione<\/a><\/li><li class='ez-toc-page-1 ez-toc-heading-level-2'><a class=\"ez-toc-link ez-toc-heading-2\" href=\"https:\/\/moverdb.com\/pl\/relocation-agents\/#2_Shipping_Your_Household_Goods\" >2. Wysy\u0142ka artyku\u0142\u00f3w gospodarstwa domowego<\/a><\/li><li class='ez-toc-page-1 ez-toc-heading-level-2'><a class=\"ez-toc-link ez-toc-heading-3\" href=\"https:\/\/moverdb.com\/pl\/relocation-agents\/#3_Where_To_Stay\" >3. Gdzie si\u0119 zatrzyma\u0107<\/a><\/li><li class='ez-toc-page-1 ez-toc-heading-level-2'><a class=\"ez-toc-link ez-toc-heading-4\" href=\"https:\/\/moverdb.com\/pl\/relocation-agents\/#4_Finding_A_Home\" >4. Znalezienie domu<\/a><\/li><li class='ez-toc-page-1 ez-toc-heading-level-2'><a class=\"ez-toc-link ez-toc-heading-5\" href=\"https:\/\/moverdb.com\/pl\/relocation-agents\/#5_School_Search\" >5. Wyszukiwanie szk\u00f3\u0142<\/a><\/li><li class='ez-toc-page-1 ez-toc-heading-level-2'><a class=\"ez-toc-link ez-toc-heading-6\" href=\"https:\/\/moverdb.com\/pl\/relocation-agents\/#6_Pet_Travel\" >6. Podr\u00f3\u017cowanie zwierz\u0105t domowych<\/a><\/li><li class='ez-toc-page-1 ez-toc-heading-level-2'><a class=\"ez-toc-link ez-toc-heading-7\" href=\"https:\/\/moverdb.com\/pl\/relocation-agents\/#7_And_what_else\" >7. I co jeszcze?<\/a><\/li><li class='ez-toc-page-1 ez-toc-heading-level-2'><a class=\"ez-toc-link ez-toc-heading-8\" href=\"https:\/\/moverdb.com\/pl\/relocation-agents\/#In_conclusion\" >Podsumowuj\u0105c<\/a><\/li><\/ul><\/nav><\/div>\n<h2><span class=\"ez-toc-section\" id=\"1_Do_What_Needs_To_Be_Done\"><\/span>1. R\u00f3b to, co musi by\u0107 zrobione<span class=\"ez-toc-section-end\"><\/span><\/h2>\n<p>Je\u015bli zamierzasz dzia\u0142a\u0107 samodzielnie, b\u0119dziesz musia\u0142 znale\u017a\u0107 firmy, kt\u00f3re zajm\u0105 si\u0119 wszystkim. Co trzeba zrobi\u0107, kto to zrobi i sk\u0105d b\u0119dzie wiadomo, czy jest dobry - to g\u0142\u00f3wne pytania, na kt\u00f3re trzeba b\u0119dzie odpowiedzie\u0107. <\/p>\n<p>Mo\u017cna sp\u0119dzi\u0107 wiele godzin na przegl\u0105daniu opinii w Internecie, a i tak nie b\u0119dzie si\u0119 mia\u0142o pewno\u015bci, czy firma, z kt\u00f3r\u0105 si\u0119 wsp\u00f3\u0142pracuje, cieszy si\u0119 dobr\u0105 reputacj\u0105 (istniej\u0105 fa\u0142szywe opinie) i czy rzeczywi\u015bcie wykona swoj\u0105 prac\u0119. <\/p>\n<p>Co wi\u0119cej, mo\u017cna nawet nie zdawa\u0107 sobie sprawy z tego, co trzeba wiedzie\u0107 i zorganizowa\u0107, wi\u0119c pomini\u0119cie pozornie drobnych szczeg\u00f3\u0142\u00f3w mo\u017ce spowodowa\u0107 wielkie katastrofy w wielkim planie przeprowadzki.<\/p>\n<p>Po znalezieniu os\u00f3b, kt\u00f3re zajm\u0105 si\u0119 realizacj\u0105 zada\u0144, nale\u017cy zaj\u0105\u0107 si\u0119 koordynacj\u0105 wszystkiego w odpowiednim czasie. <\/p>\n<p>Jasne, mo\u017cesz odebra\u0107 ca\u0142y sw\u00f3j sprz\u0119t domowy dzie\u0144 przed wylotem, ale gdzie b\u0119dziesz spa\u0107, gdy Twoje \u0142\u00f3\u017cka le\u017c\u0105 w kontenerze magazynowym i czekaj\u0105 na transport? <\/p>\n<p>Jest to tylko jeden z przyk\u0142ad\u00f3w, gdzie korzystanie z us\u0142ug agenta ds. przeprowadzek mo\u017ce by\u0107 naprawd\u0119 pomocne. S\u0105 oni do\u015bwiadczonymi profesjonalistami, wi\u0119c b\u0119d\u0105 znali wszystkie pu\u0142apki, kt\u00f3re prawdopodobnie napotkasz i b\u0119d\u0105 w stanie zaplanowa\u0107 je na d\u0142ugo przed tym, jak stan\u0105 si\u0119 problemem. Wszystko idzie o wiele sprawniej, gdy zaanga\u017cowani s\u0105 eksperci!<\/p>\n<p>Agent przeprowadzkowy b\u0119dzie mia\u0142 ca\u0142\u0105 seri\u0119 zarz\u0105dzanych, sprawdzonych kontakt\u00f3w, na kt\u00f3rych wie, \u017ce mo\u017ce polega\u0107, aby zapewni\u0107, \u017ce wszystko zostanie wykonane prawid\u0142owo. Niezmiennie b\u0119d\u0105 z nich korzysta\u0107 przy niezliczonych przeprowadzkach i b\u0119d\u0105 wiedzie\u0107, \u017ce mog\u0105 na nich polega\u0107 w zakresie niezawodnej, bezproblemowej obs\u0142ugi.<\/p>\n<p>Je\u015bli korzystasz z us\u0142ug agencji relokacyjnej, nadal warto \u015bledzi\u0107, kt\u00f3re osoby s\u0105 odpowiedzialne za poszczeg\u00f3lne zadania, aby wiedzie\u0107, do kogo zwr\u00f3ci\u0107 si\u0119 z pytaniem. <\/p>\n<p>Sporz\u0105d\u017a list\u0119 lub arkusz kalkulacyjny wszystkich kontakt\u00f3w, podaj\u0105c ich imiona i nazwiska, adresy e-mail, numery telefon\u00f3w i, co najwa\u017cniejsze, informacje o tym, za jak\u0105 cz\u0119\u015b\u0107 przeprowadzki s\u0105 oni odpowiedzialni.<\/p>\n<p>Przyjrzyjmy si\u0119 teraz kilku us\u0142ugom, kt\u00f3re mog\u0105 by\u0107 potrzebne...<\/p>\n<h2><span class=\"ez-toc-section\" id=\"2_Shipping_Your_Household_Goods\"><\/span>2. Wysy\u0142ka artyku\u0142\u00f3w gospodarstwa domowego<span class=\"ez-toc-section-end\"><\/span><\/h2>\n<p>Ka\u017cdy z nas przyje\u017cd\u017ca z du\u017cym baga\u017cem, dos\u0142ownie. W jaki spos\u00f3b wszystkie Twoje rzeczy trafi\u0105 do nowego domu?<\/p>\n<p>Je\u015bli masz tylko kilka rzeczy do zabrania, ubrania i kilka przedmiot\u00f3w osobistych, mo\u017ce uda Ci si\u0119 unikn\u0105\u0107 zabrania wszystkiego jako nadbaga\u017cu podczas podr\u00f3\u017cy. <\/p>\n<p>W przypadku wi\u0119kszych przedmiot\u00f3w, takich jak meble czy ogromny telewizor, trzeba b\u0119dzie u\u017cy\u0107 jakiego\u015b rodzaju sprz\u0119tu gospodarstwa domowego. <a href=\"https:\/\/moverdb.com\/pl\/przeladunek-w-kontenerach\/\">s\u0142u\u017cba wysy\u0142kowa<\/a>. <\/p>\n<p>Jednak jakiego rodzaju us\u0142ugi s\u0105 potrzebne? Czy wystarczy przesy\u0142ka lotnicza, czy te\u017c konieczna b\u0119dzie przesy\u0142ka naziemna? Jaki rodzaj kontenera b\u0119dzie potrzebny - 20-stopowy? 40-stopowy? A mo\u017ce oba!<\/p>\n<p>Wszystko to wydaje si\u0119 bardzo zniech\u0119caj\u0105ce, ale w\u0142a\u015bnie w tym momencie z pomoc\u0105 przychodzi us\u0142uga spedycji artyku\u0142\u00f3w gospodarstwa domowego (HHG). Tw\u00f3j konsultant ds. przeprowadzek skontaktuje Ci\u0119 z firm\u0105 <a href=\"https:\/\/moverdb.com\/pl\/firmy-spedycyjne\/\">spedycja artyku\u0142\u00f3w gospodarstwa domowego<\/a>. <\/p>\n<p>Zazwyczaj pierwszym krokiem b\u0119dzie zorganizowanie przegl\u0105du artyku\u0142\u00f3w gospodarstwa domowego, aby ustali\u0107, co dok\u0142adnie <a href=\"https:\/\/moverdb.com\/pl\/shipping-container-sizes-and-dimensions\/\" data-internallinksmanager029f6b8e52c=\"247\" title=\"Ostateczny przewodnik po rozmiarach i wymiarach kontener\u00f3w transportowych\">wielko\u015b\u0107 pojemnika<\/a> lub rozmiar\u00f3w, kt\u00f3rych b\u0119dziesz potrzebowa\u0142. Zorganizuj\u0105 dzie\u0144, w kt\u00f3rym spakuj\u0105 wszystkie Twoje rzeczy z jednej strony, a nast\u0119pnie, po zabezpieczeniu Twojej d\u0142ugoterminowej w\u0142asno\u015bci, zorganizuj\u0105 dzie\u0144, w kt\u00f3rym dostarcz\u0105 Ci r\u00f3wnie\u017c Tw\u00f3j cenny dobytek.<\/p>\n<h2><span class=\"ez-toc-section\" id=\"3_Where_To_Stay\"><\/span>3. Gdzie si\u0119 zatrzyma\u0107<span class=\"ez-toc-section-end\"><\/span><\/h2>\n<p>Poniewa\u017c najlepsz\u0105 praktyk\u0105 jest osobiste obejrzenie nieruchomo\u015bci przed podj\u0119ciem decyzji o wynajmie na rok lub d\u0142u\u017cej, o ile nie by\u0142e\u015b na specjalnej wycieczce w poszukiwaniu domu przed przeprowadzk\u0105 i nie wybierasz si\u0119 do w pe\u0142ni umeblowanej nieruchomo\u015bci, b\u0119dziesz potrzebowa\u0142 miejsca na nocleg, gdy przyjedziesz po raz pierwszy.<\/p>\n<p>Mo\u017cesz zarezerwowa\u0107 hotel, ale je\u015bli przeprowadzasz si\u0119 z ca\u0142\u0105 rodzin\u0105, to o ile nie masz zarezerwowanego luksusowego apartamentu, w ci\u0105gu 4 lub 5 tygodni, jakie zajmie Ci przeprowadzka do d\u0142ugoterminowej nieruchomo\u015bci, zrobi si\u0119 do\u015b\u0107 klaustrofobicznie. Mo\u017ce si\u0119 te\u017c okaza\u0107, \u017ce nie jest to najbardziej ekonomiczna opcja.<\/p>\n<p><a href=\"https:\/\/www.airbnb.co.uk\/\" target=\"_blank\" rel=\"noopener\">Airbnb<\/a> Mo\u017ce to by\u0107 r\u00f3wnie\u017c opcja, podobnie jak apartament z obs\u0142ug\u0105. Zalet\u0105 obu jest to, \u017ce zapewniaj\u0105 przestrze\u0144 i udogodnienia por\u00f3wnywalne z tymi, kt\u00f3rych mo\u017cna oczekiwa\u0107 we w\u0142asnym domu. <\/p>\n<p>Dla tych, kt\u00f3rzy nie wiedz\u0105, czym s\u0105 apartamenty z obs\u0142ug\u0105, jest to co\u015b w rodzaju domu po\u015bredniego mi\u0119dzy hotelem a nieruchomo\u015bci\u0105 d\u0142ugoterminow\u0105. Zazwyczaj kto\u015b sprz\u0105ta mieszkanie, by\u0107 mo\u017ce raz w tygodniu. <\/p>\n<p>Zmieni\u0105 tak\u017ce Twoj\u0105 po\u015bciel i r\u0119czniki. Dodatkowo mo\u017cesz korzysta\u0107 z pobytu w pe\u0142ni umeblowanym i wyposa\u017conym domu z ca\u0142ym sprz\u0119tem kuchennym oraz udogodnieniami, takimi jak telewizja i Internet, kt\u00f3rych b\u0119dziesz potrzebowa\u0107.<\/p>\n<p>Jednak, podobnie jak w przypadku wielu innych rzeczy, sk\u0105d mo\u017cna wiedzie\u0107, czy apartament z obs\u0142ug\u0105, w kt\u00f3rym zamierzamy si\u0119 zatrzyma\u0107, b\u0119dzie dobry? Firmy relokacyjne korzysta\u0142y ze swoich dostawc\u00f3w przy wielu przeprowadzkach, wi\u0119c wiesz, \u017ce pracujesz z kim\u015b, komu mo\u017cesz zaufa\u0107, a w dziewi\u0119ciu przypadkach na dziesi\u0119\u0107, bior\u0105c pod uwag\u0119 ich relacje z dostawc\u0105 zakwaterowania, je\u015bli pojawi\u0105 si\u0119 jakiekolwiek problemy, dostawcy b\u0119d\u0105 bardziej zmotywowani do pomocy!<\/p>\n<h2><span class=\"ez-toc-section\" id=\"4_Finding_A_Home\"><\/span>4. Znalezienie domu<span class=\"ez-toc-section-end\"><\/span><\/h2>\n<p><img loading=\"lazy\" decoding=\"async\" width=\"1000\" height=\"665\" src=\"https:\/\/moverdb.com\/wp-content\/uploads\/findding-a-home.jpg\" alt=\"Znalezienie domu\" class=\"aligncenter size-full wp-image-3847\" data-wp-pid=\"3847\" srcset=\"https:\/\/moverdb.com\/wp-content\/uploads\/findding-a-home.jpg 1000w, https:\/\/moverdb.com\/wp-content\/uploads\/findding-a-home-300x200.jpg 300w, https:\/\/moverdb.com\/wp-content\/uploads\/findding-a-home-18x12.jpg 18w, https:\/\/moverdb.com\/wp-content\/uploads\/findding-a-home-600x399.jpg 600w\" sizes=\"auto, (max-width: 1000px) 100vw, 1000px\" \/><\/p>\n<p>Je\u015bli robisz to na w\u0142asn\u0105 r\u0119k\u0119, mo\u017cesz by\u0107 zmuszony do przegl\u0105dania nieko\u0144cz\u0105cych si\u0119 ofert na stronach internetowych, takich jak <a href=\"https:\/\/www.rightmove.co.uk\/\" target=\"_blank\" rel=\"noopener\">Rightmove<\/a> oraz <a href=\"https:\/\/www.zoopla.co.uk\/\" target=\"_blank\" rel=\"noopener\">Zoopla<\/a> tylko po to, by przekona\u0107 si\u0119, \u017ce wszystkie przedmioty znikn\u0119\u0142y! <\/p>\n<p>Nawet je\u015bli znajdziesz nieruchomo\u015b\u0107 do wynaj\u0119cia, nie b\u0119dziesz mie\u0107 \u017cadnych wskaz\u00f3wek, jak wszystko powinno dzia\u0142a\u0107, wi\u0119c \u0142atwiej jest da\u0107 si\u0119 oszuka\u0107 lub wpa\u015b\u0107 w pu\u0142apk\u0119 podpisania umowy najmu, kt\u00f3ra nie jest dla Ciebie korzystna. Nawet je\u015bli wcze\u015bniej wynajmowa\u0142e\u015b mieszkanie w swoim kraju, zasady i normy obowi\u0105zuj\u0105ce w innym kraju niekoniecznie b\u0119d\u0105 takie same. <\/p>\n<p>Przyk\u0142adowo, w. <a href=\"https:\/\/moverdb.com\/pl\/moving-to-the-uk\/\" data-internallinksmanager029f6b8e52c=\"93\" title=\"Przeprowadzasz si\u0119 do Wielkiej Brytanii? 2026 Koszty \u017cycia i wskaz\u00f3wki dotycz\u0105ce przeprowadzki\">UK<\/a>To zwykle dla w\u0142a\u015bciwo\u015bci, nawet nieumeblowane, aby mie\u0107 w pe\u0142ni wyposa\u017con\u0105 kuchni\u0119 z wszystkich wi\u0119kszych urz\u0105dze\u0144, takich jak piekarnik, p\u0142yta i lod\u00f3wka zamra\u017carka wszystko dostarczone. <\/p>\n<p>Jednak\u017ce w <a href=\"https:\/\/moverdb.com\/pl\/moving-to-germany\/\" data-internallinksmanager029f6b8e52c=\"321\" title=\"Przeprowadzka do Niemiec? Koszty \u017cycia i wskaz\u00f3wki dotycz\u0105ce przeprowadzki w 2023 r.\">Niemcy<\/a>mo\u017ce by\u0107 konieczne wyposa\u017cenie w\u0142asnej kuchni podczas przeprowadzki! W wi\u0119kszo\u015bci kraj\u00f3w to normalne, \u017ce agenci sprawdzaj\u0105, czy sta\u0107 Ci\u0119 na wynajem nieruchomo\u015bci, ale w <a href=\"https:\/\/moverdb.com\/pl\/moving-to-switzerland\/moving-to-geneva\/\" data-internallinksmanager029f6b8e52c=\"416\" title=\"Przeprowadzka do Genewy? Koszty utrzymania i porady dotycz\u0105ce przeprowadzki w 2023 roku\">Genewa<\/a>Istniej\u0105 \u015bcis\u0142e limity dotycz\u0105ce tego, ile mo\u017cna wyda\u0107 na czynsz w zale\u017cno\u015bci od pensji, system, kt\u00f3ry ma na celu zapewnienie, \u017ce najemcy nie wynajmuj\u0105 poni\u017cej swoich mo\u017cliwo\u015bci i trzymaj\u0105 ta\u0144sze nieruchomo\u015bci z dala od tych, kt\u00f3rzy mog\u0105 sobie na nie pozwoli\u0107.<\/p>\n<p>Po raz kolejny, w tym miejscu op\u0142aca si\u0119 mie\u0107 agenta relokacji, kt\u00f3ry ma lokalnych konsultant\u00f3w Home Search na miejscu. Znaj\u0105 oni lokalny rynek i wiedz\u0105 o wszystkich dziwactwach i niuansach, kt\u00f3re mo\u017cna napotka\u0107. <\/p>\n<p>Przeprowadz\u0105 za Ciebie badania, ustal\u0105 plan dnia poszukiwa\u0144 domu, a nast\u0119pnie b\u0119d\u0105 Ci towarzyszy\u0107 w ka\u017cdej nieruchomo\u015bci. Nie b\u0119d\u0105 polega\u0107 tylko na stronach internetowych nieruchomo\u015bci, aby znale\u017a\u0107 sw\u00f3j nowy dom! <\/p>\n<p>Zazwyczaj maj\u0105 kontakty, z kt\u00f3rymi pracowali wcze\u015bniej w r\u00f3\u017cnych lokalnych agencjach, i b\u0119d\u0105 z nimi wsp\u00f3\u0142pracowa\u0107, aby dowiedzie\u0107 si\u0119, co agenci rzeczywi\u015bcie maj\u0105 dost\u0119pne, kt\u00f3re dzia\u0142a dla Twoich kryteri\u00f3w, lub przynajmniej jest tak blisko, jak to mo\u017cliwe, do tego, czego szukasz. <\/p>\n<p>W tej ostatniej kwestii b\u0119d\u0105 wiedzie\u0107, czy Tw\u00f3j bud\u017cet i pragnienia s\u0105 realistyczne, i odpowiednio Ci doradz\u0105, lub pokieruj\u0105 Ci\u0119 w stron\u0119 obszar\u00f3w, w kt\u00f3rych masz wi\u0119ksze szanse na znalezienie nieruchomo\u015bci swoich marze\u0144.<\/p>\n<p>Mo\u017cesz oczywi\u015bcie sam uda\u0107 si\u0119 bezpo\u015brednio do agent\u00f3w, ale powiniene\u015b pami\u0119ta\u0107, \u017ce agenci pracuj\u0105 dla wynajmuj\u0105cych i ich priorytetem numer jeden b\u0119dzie dbanie o ich interesy. To przecie\u017c w\u0142a\u015bciciele p\u0142ac\u0105 agentom. <\/p>\n<p>Z drugiej strony, konsultanci ds. poszukiwania domu pracuj\u0105 dla Ciebie i tylko dla Ciebie. Nie b\u0119d\u0105 zainteresowani popychaniem Ci\u0119 w kierunku jakiej\u015b nieruchomo\u015bci, chyba \u017ce uwa\u017caj\u0105, \u017ce b\u0119dzie to w Twoim najlepszym interesie, g\u0142\u00f3wnie dlatego, \u017ce nigdy nie dostaj\u0105 prowizji. Zasadniczo s\u0105 po twojej stronie i mo\u017cesz liczy\u0107 na to, \u017ce poprowadz\u0105 ci\u0119 we w\u0142a\u015bciwym kierunku.<\/p>\n<p>Dzi\u0119ki konsultantowi ds. poszukiwania domu uzyskasz pomoc i porady dotycz\u0105ce z\u0142o\u017cenia oferty, a nast\u0119pnie otrzymasz pomoc we wszystkim, co nast\u0105pi p\u00f3\u017aniej, w tym w przegl\u0105dzie umowy najmu, aby upewni\u0107 si\u0119, \u017ce nie podpisujesz czego\u015b, co jest dla Ciebie nieuczciwe. Zasadniczo b\u0119dziesz mie\u0107 kogo\u015b pod r\u0119k\u0105, kto b\u0119dzie Ci pomaga\u0142 a\u017c do zako\u0144czenia ca\u0142ego procesu i zadomowienia si\u0119!<\/p>\n<h2><span class=\"ez-toc-section\" id=\"5_School_Search\"><\/span>5. Wyszukiwanie szk\u00f3\u0142<span class=\"ez-toc-section-end\"><\/span><\/h2>\n<p>Je\u015bli masz dzieci w wieku szkolnym, jednym z g\u0142\u00f3wnych czynnik\u00f3w decyduj\u0105cych o przeprowadzce b\u0119dzie ich edukacja. Gdzie s\u0105 dobre szko\u0142y, jak si\u0119 do nich zapisa\u0107 i czy wybrana plac\u00f3wka b\u0119dzie w stanie zaspokoi\u0107 specyficzne potrzeby Twojego dziecka lub dzieci?<\/p>\n<p>Jest to kolejna z tych rzeczy, kt\u00f3re mo\u017cna do pewnego stopnia zbada\u0107 w Internecie, ale bez pomocy eksperta, kt\u00f3ry zinterpretuje dane i przeka\u017ce rzeczywiste informacje zwrotne, mo\u017cna doj\u015b\u0107 do ca\u0142kowicie b\u0142\u0119dnych wniosk\u00f3w na temat danej instytucji. <\/p>\n<p>Bior\u0105c pod uwag\u0119 potencjalne szcz\u0119\u015bcie i dobre samopoczucie dziecka, nieocenione jest posiadanie kogo\u015b, kto fachowo przeprowadzi Ci\u0119 przez proces wyboru szko\u0142y, a nast\u0119pnie sk\u0142adania wniosk\u00f3w o przyj\u0119cie do niej. <\/p>\n<p>Eksperci ds. edukacji szkolnej mog\u0105 nie tylko zapewni\u0107 istotn\u0105 wiedz\u0119, ale tak\u017ce pom\u00f3c w zrozumieniu r\u00f3\u017cnic w programach nauczania w poszczeg\u00f3lnych krajach, etosu niekt\u00f3rych rodzaj\u00f3w edukacji i instytucji oraz w razie potrzeby udzieli\u0107 wsparcia dzieciom wymagaj\u0105cym specjalistycznej edukacji.<\/p>\n<h2><span class=\"ez-toc-section\" id=\"6_Pet_Travel\"><\/span>6. Podr\u00f3\u017cowanie zwierz\u0105t domowych<span class=\"ez-toc-section-end\"><\/span><\/h2>\n<p><img loading=\"lazy\" decoding=\"async\" width=\"1000\" height=\"667\" src=\"https:\/\/moverdb.com\/wp-content\/uploads\/pet-travel.jpg\" alt=\"Podr\u00f3\u017cowanie zwierz\u0105t domowych\" class=\"aligncenter size-full wp-image-3848\" data-wp-pid=\"3848\" srcset=\"https:\/\/moverdb.com\/wp-content\/uploads\/pet-travel.jpg 1000w, https:\/\/moverdb.com\/wp-content\/uploads\/pet-travel-300x200.jpg 300w, https:\/\/moverdb.com\/wp-content\/uploads\/pet-travel-18x12.jpg 18w, https:\/\/moverdb.com\/wp-content\/uploads\/pet-travel-600x400.jpg 600w\" sizes=\"auto, (max-width: 1000px) 100vw, 1000px\" \/><\/p>\n<p>Nale\u017cy r\u00f3wnie\u017c pami\u0119ta\u0107 o przewiezieniu futrzanych cz\u0142onk\u00f3w rodziny do nowego kraju. Obecnie coraz mniej linii lotniczych zezwala na przew\u00f3z zwierz\u0105t w kabinie pasa\u017cerskiej, wi\u0119c coraz cz\u0119\u015bciej trzeba je przewozi\u0107 w luku baga\u017cowym. <\/p>\n<p>Przed przeniesieniem do nowego domu mo\u017ce by\u0107 konieczne wykonanie r\u00f3\u017cnych szczepie\u0144, za\u0142atwienie wymaganych formalno\u015bci oraz innych formalno\u015bci zale\u017cnych od miejsca pobytu. <\/p>\n<p>R\u00f3wnie\u017c w tym przypadku mo\u017cna samodzielnie przeprowadzi\u0107 badania i zorganizowa\u0107 podr\u00f3\u017c, ale zlecenie tego zadania wyspecjalizowanej agencji daje pewno\u015b\u0107, \u017ce zwierz\u0119 dotrze do celu bezpiecznie. <\/p>\n<p>W firmach zajmuj\u0105cych si\u0119 przewozem zwierz\u0105t pracuj\u0105 mi\u0142o\u015bnicy zwierz\u0105t, kt\u00f3rzy zadbaj\u0105 o to, aby Twoje zwierz\u0119 by\u0142o traktowane jak w\u0142asne. Firmy te informuj\u0105 na bie\u017c\u0105co o post\u0119pach w opiece nad zwierz\u0119ciem, a cz\u0119sto nawet wysy\u0142aj\u0105 zdj\u0119cia zwierz\u0119cia podczas jego nieobecno\u015bci, aby\u015b wiedzia\u0142, \u017ce jest ono dobrze traktowane.<\/p>\n<h2><span class=\"ez-toc-section\" id=\"7_And_what_else\"><\/span>7. I co jeszcze?<span class=\"ez-toc-section-end\"><\/span><\/h2>\n<p>Powy\u017csze punkty to tylko kilka z g\u0142\u00f3wnych aspekt\u00f3w przeprowadzki, kt\u00f3re trzeba b\u0119dzie zorganizowa\u0107. Mo\u017cesz tak\u017ce potrzebowa\u0107 pomocy w rozwi\u0105zaniu problem\u00f3w podatkowych lub wypo\u017cyczy\u0107 meble, aby wype\u0142ni\u0107 luk\u0119 mi\u0119dzy rozpocz\u0119ciem najmu a dostarczeniem w\u0142asnych mebli. <\/p>\n<p>Z pewno\u015bci\u0105 b\u0119dziesz potrzebowa\u0107 wsparcia imigracyjnego, aby za\u0142atwi\u0107 sprawy zwi\u0105zane z wiz\u0105, pozwoleniem na prac\u0119 i lokalnymi rejestracjami. Niezb\u0119dne b\u0119dzie r\u00f3wnie\u017c doradztwo lub skierowanie do otwarcia konta bankowego, aby mie\u0107 na co wp\u0142aca\u0107 pensj\u0119 i z czego pobiera\u0107 czynsz i rachunki za media. <\/p>\n<p>Skoro mowa o us\u0142ugach komunalnych, jak je za\u0142o\u017cy\u0107 w nowym kraju, z jakich dostawc\u00f3w korzysta\u0107 i jak uzyska\u0107 najlepsze oferty? <\/p>\n<p>Wszystkie te rzeczy mog\u0105 prowadzi\u0107 do jednego ogromnego k\u0142opotu za drugim, ale kiedy korzystasz z us\u0142ug agenta przeprowadzkowego, wszystko jest proste. Niekt\u00f3re z nich mog\u0105 nawet zupe\u0142nie umkn\u0105\u0107 Twojej uwadze, dlatego do\u015bwiadczony profesjonalista, kt\u00f3ry zajmie si\u0119 wszystkimi podstawami, jest nieoceniony!<\/p>\n<h2><span class=\"ez-toc-section\" id=\"In_conclusion\"><\/span>Podsumowuj\u0105c<span class=\"ez-toc-section-end\"><\/span><\/h2>\n<p>Chocia\u017c mo\u017cliwe jest samodzielne zorganizowanie wszystkiego bez pomocy agenta przeprowadzkowego, jest to o wiele bardziej stresuj\u0105ce, czasoch\u0142onne i mniej prawdopodobne, \u017ce wszystko p\u00f3jdzie g\u0142adko ni\u017c w przypadku skorzystania z jego us\u0142ug. Chocia\u017c cz\u0119sto wydaje si\u0119, \u017ce inwestycja w us\u0142ugi firmy przeprowadzkowej jest du\u017cym wydatkiem z g\u00f3ry, po zako\u0144czeniu przeprowadzki przekonasz si\u0119, \u017ce pozwoli Ci to zaoszcz\u0119dzi\u0107 czas, pieni\u0105dze i stres!<\/p>\n<p>Przeprowadzka do nowego domu, do nowego miasta, do nowego kraju w naturalny spos\u00f3b wywo\u0142uje wiele niepokoju nawet u do\u015bwiadczonych przeprowadzaj\u0105cych, wi\u0119c wszystko, co mo\u017cna zrobi\u0107, aby zmniejszy\u0107, nie wspominaj\u0105c o ci\u0119\u017ckiej pracy i czasie, kt\u00f3ry trzeba b\u0119dzie po\u015bwi\u0119ci\u0107, jest warte pieni\u0119dzy. <\/p>\n<p>M\u00f3wi\u0105c wprost, je\u015bli chcesz, aby Twoja przeprowadzka by\u0142a tak \u0142atwa, jak to tylko mo\u017cliwe, skorzystaj z us\u0142ug agencji relokacyjnej!<\/p>\n<p><em>Ten artyku\u0142 zosta\u0142 dostarczony przez Cornerstone z siedzib\u0105 w Londynie <a href=\"https:\/\/www.cornerstonelondon.com\/\" target=\"_blank\" rel=\"noopener\">agencja relokacyjna<\/a> pomoc osobom przeprowadzaj\u0105cym si\u0119 na ca\u0142ym \u015bwiecie.<\/em><\/p>","protected":false},"excerpt":{"rendered":"<p>You&#8217;ve just signed up for a fantastic new position in a glamourous international location. You&#8217;re looking forward to upping sticks, and moving to a new country seems exciting at first, but once you realise exactly how much you have to do in order to get there, it can all seem quite daunting. Let&#8217;s have a [&hellip;]<\/p>\n","protected":false},"author":1,"featured_media":3845,"parent":0,"menu_order":0,"comment_status":"closed","ping_status":"closed","template":"","meta":{"_genesis_hide_title":false,"_genesis_hide_breadcrumbs":false,"_genesis_hide_singular_image":false,"_genesis_hide_footer_widgets":false,"_genesis_custom_body_class":"","_genesis_custom_post_class":"","_genesis_layout":"","footnotes":""},"class_list":{"0":"post-3842","1":"page","2":"type-page","3":"status-publish","4":"has-post-thumbnail","6":"entry"},"_links":{"self":[{"href":"https:\/\/moverdb.com\/pl\/wp-json\/wp\/v2\/pages\/3842","targetHints":{"allow":["GET"]}}],"collection":[{"href":"https:\/\/moverdb.com\/pl\/wp-json\/wp\/v2\/pages"}],"about":[{"href":"https:\/\/moverdb.com\/pl\/wp-json\/wp\/v2\/types\/page"}],"author":[{"embeddable":true,"href":"https:\/\/moverdb.com\/pl\/wp-json\/wp\/v2\/users\/1"}],"replies":[{"embeddable":true,"href":"https:\/\/moverdb.com\/pl\/wp-json\/wp\/v2\/comments?post=3842"}],"version-history":[{"count":4,"href":"https:\/\/moverdb.com\/pl\/wp-json\/wp\/v2\/pages\/3842\/revisions"}],"predecessor-version":[{"id":3849,"href":"https:\/\/moverdb.com\/pl\/wp-json\/wp\/v2\/pages\/3842\/revisions\/3849"}],"wp:featuredmedia":[{"embeddable":true,"href":"https:\/\/moverdb.com\/pl\/wp-json\/wp\/v2\/media\/3845"}],"wp:attachment":[{"href":"https:\/\/moverdb.com\/pl\/wp-json\/wp\/v2\/media?parent=3842"}],"curies":[{"name":"wp","href":"https:\/\/api.w.org\/{rel}","templated":true}]}}