{"id":384,"date":"2016-05-26T14:06:53","date_gmt":"2016-05-26T14:06:53","guid":{"rendered":"http:\/\/moverdb.com\/?page_id=384"},"modified":"2026-01-08T14:40:17","modified_gmt":"2026-01-08T14:40:17","slug":"recenzje","status":"publish","type":"page","link":"https:\/\/moverdb.com\/pl\/reviews\/","title":{"rendered":"Wyja\u015bnienie opinii i wynik\u00f3w firm przeprowadzkowych MoverDB International Moving Company Reviews &amp; Scores"},"content":{"rendered":"<p>W serwisie MoverDB.com naszym celem jest dostarczanie bezstronnych informacji i recenzji na temat najwi\u0119kszych i najwi\u0119kszych na \u015bwiecie firm. <a href=\"https:\/\/moverdb.com\/pl\/firmy-przeprowadzkowe\/\">najlepsze firmy zajmuj\u0105ce si\u0119 przeprowadzkami mi\u0119dzynarodowymi<\/a>. W tym celu stworzyli\u015bmy profile dla ka\u017cdego przewo\u017anika.<\/p>\n<p>Ka\u017cdy profil zawiera nast\u0119puj\u0105ce informacje:<\/p>\n<ol>\n<li> Us\u0142ugi przeprowadzkowe oferowane przez firm\u0119.<\/li>\n<li> Profil firmy: w tym historia, reputacja i <a href=\"https:\/\/moverdb.com\/pl\/organizacje-stowarzyszenia\/\">organizacje i przynale\u017cno\u015bci<\/a> wraz z innymi interesuj\u0105cymi faktami.<\/li>\n<li> Recenzje z ca\u0142ego Internetu, kt\u00f3re pomog\u0105 Ci wybra\u0107 lepszego przewo\u017anika.<\/li>\n<\/ol>\n<p><strong>4. Obja\u015bnienie przegl\u0105du witryny internetowej<\/strong><\/p>\n<p>Wreszcie, MoverDB.com zawiera r\u00f3wnie\u017c ocen\u0119 strony internetowej dla ka\u017cdego przewo\u017anika. Jest to ocena przydatno\u015bci strony internetowej i <strong>nie odzwierciedla<\/strong> jako\u015b\u0107 samego przewo\u017anika. Zamiast tego bierze si\u0119 pod uwag\u0119 nast\u0119puj\u0105ce kwestie:<\/p>\n<ol>\n<li> Przejrzyste informacje kontaktowe<\/li>\n<li> Mo\u017cliwo\u015b\u0107 \u0142atwego uzyskania wyceny<\/li>\n<li> Jasne i przydatne informacje na stronie internetowej<\/li>\n<li> Cz\u0142onkostwo w mi\u0119dzynarodowych organizacjach przeprowadzkowych<\/li>\n<li> Recenzje i referencje<\/li>\n<\/ol>\n<p><em>Prosimy korzysta\u0107 z nich na w\u0142asne ryzyko. MoverDB.com nie ponosi odpowiedzialno\u015bci za dok\u0142adno\u015b\u0107 przedstawionych informacji. Ponadto nie ponosimy \u017cadnej odpowiedzialno\u015bci za wykorzystanie informacji i opinii zawartych na tej stronie przy wyborze firmy przeprowadzkowej. Oferujemy po prostu spos\u00f3b na <a href=\"https:\/\/moverdb.com\/pl\/cytaty\/\">por\u00f3wnaj firmy przewozowe z bezp\u0142atnymi ofertami<\/a>.<\/em><\/p>","protected":false},"excerpt":{"rendered":"<p>At MoverDB.com our goal is to bring you unbiased information and reviews of the world&#8217;s biggest and best international moving companies. To do this we&#8217;ve created profiles for each and every mover. Each profile includes the following information: Moving services offered by the company. Company profile: including history, reputation and organizations &#038; affiliations along with [&hellip;]<\/p>\n","protected":false},"author":1,"featured_media":0,"parent":0,"menu_order":0,"comment_status":"closed","ping_status":"closed","template":"","meta":{"_genesis_hide_title":false,"_genesis_hide_breadcrumbs":false,"_genesis_hide_singular_image":false,"_genesis_hide_footer_widgets":false,"_genesis_custom_body_class":"","_genesis_custom_post_class":"","_genesis_layout":"","footnotes":""},"class_list":{"0":"post-384","1":"page","2":"type-page","3":"status-publish","5":"entry"},"_links":{"self":[{"href":"https:\/\/moverdb.com\/pl\/wp-json\/wp\/v2\/pages\/384","targetHints":{"allow":["GET"]}}],"collection":[{"href":"https:\/\/moverdb.com\/pl\/wp-json\/wp\/v2\/pages"}],"about":[{"href":"https:\/\/moverdb.com\/pl\/wp-json\/wp\/v2\/types\/page"}],"author":[{"embeddable":true,"href":"https:\/\/moverdb.com\/pl\/wp-json\/wp\/v2\/users\/1"}],"replies":[{"embeddable":true,"href":"https:\/\/moverdb.com\/pl\/wp-json\/wp\/v2\/comments?post=384"}],"version-history":[{"count":3,"href":"https:\/\/moverdb.com\/pl\/wp-json\/wp\/v2\/pages\/384\/revisions"}],"predecessor-version":[{"id":387,"href":"https:\/\/moverdb.com\/pl\/wp-json\/wp\/v2\/pages\/384\/revisions\/387"}],"wp:attachment":[{"href":"https:\/\/moverdb.com\/pl\/wp-json\/wp\/v2\/media?parent=384"}],"curies":[{"name":"wp","href":"https:\/\/api.w.org\/{rel}","templated":true}]}}