{"id":351,"date":"2016-05-22T21:04:36","date_gmt":"2016-05-22T21:04:36","guid":{"rendered":"http:\/\/moverdb.com\/?page_id=351"},"modified":"2026-01-08T14:40:12","modified_gmt":"2026-01-08T14:40:12","slug":"mcgimpsey-brothers-removals","status":"publish","type":"page","link":"https:\/\/moverdb.com\/pl\/mcgimpsey-brothers-removals\/","title":{"rendered":"Bracia McGimpsey Przeprowadzki: Przeprowadzki mi\u0119dzynarodowe"},"content":{"rendered":"<p>Firma McGimpsey Brothers Removals oferuje klientom nast\u0119puj\u0105ce us\u0142ugi przy przeprowadzkach zagranicznych i lokalnych, zar\u00f3wno dla os\u00f3b prywatnych, jak i firm. Profil firmy i recenzje znajduj\u0105 si\u0119 w dziale us\u0142ugi.<\/p>\n<p><strong>Przeprowadzka za granic\u0119<\/strong><\/p>\n<ul>\n<li> Codzienny fracht lotniczy i morski<\/li>\n<li> Specjalistyczne pakowanie eksportowe, etykietowanie i za\u0142adunek<\/li>\n<li> Wysy\u0142ka i odprawa celna<\/li>\n<li> Dostawa, rozpakowywanie i ustawianie, usuwanie \u015bmieci<\/li>\n<li> Ochrona ubezpieczeniowa<\/li>\n<li> Osobisty, dedykowany konsultant<\/li>\n<\/ul>\n<p><strong>Przemieszczanie si\u0119 w obr\u0119bie Europy<\/strong><\/p>\n<ul>\n<li> Od drzwi do drzwi<\/li>\n<li> Najwy\u017cszej klasy, specjalnie skonstruowane pojazdy do przeprowadzek<\/li>\n<li> Urz\u0105dzenia \u015bledz\u0105ce o wysokim poziomie bezpiecze\u0144stwa i systemy nawigacji satelitarnej<\/li>\n<li> Pakowanie i rozpakowywanie<\/li>\n<li> Ochrona ubezpieczeniowa<\/li>\n<li> Osobisty, dedykowany konsultant<\/li>\n<\/ul>\n<p><strong>Przeprowadzki firm i przedsi\u0119biorstw<\/strong><\/p>\n<ul>\n<li> Przeniesienie dzia\u0142alno\u015bci gospodarczej na ca\u0142y \u015bwiat<\/li>\n<li> Przenoszenie pracownik\u00f3w na ca\u0142y \u015bwiat<\/li>\n<li> Osobisty, dedykowany konsultant<\/li>\n<\/ul>\n<p><strong>Moving Within <a href=\"https:\/\/moverdb.com\/pl\/moving-to-ireland\/\" data-internallinksmanager029f6b8e52c=\"320\" title=\"Przeprowadzka do Irlandii? Koszty \u017cycia i wskaz\u00f3wki dotycz\u0105ce relokacji w 2023 r.\">Irlandia<\/a><\/strong><\/p>\n<ul>\n<li> Od drzwi do drzwi<\/li>\n<li> Pakowanie i rozpakowywanie<\/li>\n<li> Ubezpieczenia<\/li>\n<li> Osobisty, dedykowany konsultant<\/li>\n<\/ul>\n<p><strong>Moving <a href=\"https:\/\/moverdb.com\/pl\/moving-to-isle-of-man\/\" data-internallinksmanager029f6b8e52c=\"339\" title=\"Przeprowadzka na Wysp\u0119 Man? 2026 Koszty \u017cycia i wskaz\u00f3wki dotycz\u0105ce przeprowadzki\">Wyspa Man<\/a> i Wyspy Normandzkie<\/strong><\/p>\n<ul>\n<li> Od drzwi do drzwi<\/li>\n<li> Pakowanie i rozpakowywanie<\/li>\n<li> Odprawa celna<\/li>\n<li> Ubezpieczenia<\/li>\n<li> Osobisty, dedykowany konsultant<\/li>\n<\/ul>\n<p><strong>Przechowywanie<\/strong><\/p>\n<ul>\n<li> Przechowywanie dokument\u00f3w i archiw\u00f3w<\/li>\n<li> Magazynowanie samodzielne<\/li>\n<li> Magazyn biznesowy<\/li>\n<li> Magazynowanie w magazynie<\/li>\n<\/ul>\n<h2>Profil firmy McGimpsey Przeprowadzki<\/h2>\n<p>Firma McGimpsey Removals okre\u015bla siebie jako pi\u0119ciogwiazdkowy butik <a href=\"https:\/\/moverdb.com\/pl\/moving-companies\/\" data-internallinksmanager029f6b8e52c=\"79\" title=\"25 najlepszych firm przeprowadzek mi\u0119dzynarodowych online\">przedsi\u0119biorstwo przeprowadzkowe<\/a> kt\u00f3ra zapewnia swoim klientom us\u0142ugi najwy\u017cszej jako\u015bci. Firma dzia\u0142a od 30 lat i stawia na najwy\u017cszej jako\u015bci transport, opakowania oraz dobrze wyszkolony, troskliwy personel.<\/p>\n<p>Firma McGimpsey Removals twierdzi, \u017ce nie tylko stara si\u0119 \u015bwiadczy\u0107 jak najlepsze us\u0142ugi dla os\u00f3b i firm przeprowadzaj\u0105cych si\u0119 za granic\u0119 i lokalnie, ale tak\u017ce uwa\u017cnie obserwuje sw\u00f3j \u015blad w\u0119glowy.<\/p>\n<p>Przynale\u017cno\u015b\u0107 i akredytacje McGimpsey Removals:<\/p>\n<ul>\n<li> <a href=\"https:\/\/moverdb.com\/pl\/british-association-of-removers\/\">Brytyjskie Stowarzyszenie Przedsi\u0119biorc\u00f3w Przeprowadzkowych<\/a> (<a href=\"https:\/\/moverdb.com\/pl\/british-association-of-removers\/\" data-internallinksmanager029f6b8e52c=\"9\" title=\"Brytyjskie Stowarzyszenie Przeprowadzek (BAR) - obja\u015bnienia\">BAR<\/a>)<\/li>\n<li> <a href=\"https:\/\/moverdb.com\/pl\/fidi-faim\/\">FIDI<\/a><\/li>\n<li> <a href=\"https:\/\/moverdb.com\/pl\/jestem\/\">Mi\u0119dzynarodowe Stowarzyszenie Przewo\u017anik\u00f3w (IAM)<\/a><\/li>\n<li> <a href=\"https:\/\/moverdb.com\/pl\/mtc\/\">Movers Trading Club<\/a> (<a href=\"https:\/\/moverdb.com\/pl\/mtc\/\" data-internallinksmanager029f6b8e52c=\"30\" title=\"Movers Trading Club (MTC) - obja\u015bnienia\">MTC<\/a>)<\/li>\n<li> Stowarzyszenie Mobilno\u015bci Pracownik\u00f3w <\/li>\n<\/ul>\n<h2>McGimpsey Brothers Removals Reviews<\/h2>\n<p><strong>Pozytywne<\/strong><\/p>\n<p><em>\"Ta firma by\u0142a wspania\u0142a od pocz\u0105tku do ko\u0144ca. Konsultant ds. przeprowadzki by\u0142 pomocny, kompetentny i zawsze szybko odpowiada\u0142 i informowa\u0142 mnie na bie\u017c\u0105co, nawet po dostarczeniu wszystkiego wys\u0142a\u0142 e-mail, aby sprawdzi\u0107, czy jestem zadowolony.\"<\/em> - Elizabeth Heib via <a href=\"https:\/\/plus.google.com\/111359327014801398449\/reviews\" target=\"_blank\" rel=\"noopener\">Google Reviews<\/a><\/p>\n<p><strong>Negatywny<\/strong><\/p>\n<p><em>\"Mia\u0142em straszne do\u015bwiadczenie z t\u0105 firm\u0105! S\u0105 bardzo pomocni, gdy chc\u0105 twojej rezerwacji i obiecuj\u0105 wysoko, ale niestety dostarczaj\u0105 nisko. U\u017cy\u0142em ich do transportu niekt\u00f3rych ci\u0119\u017ckich komercyjnych urz\u0105dze\u0144 do \u0107wicze\u0144 z Irlandii do <a href=\"https:\/\/moverdb.com\/pl\/moving-to-the-uk\/\" data-internallinksmanager029f6b8e52c=\"93\" title=\"Przeprowadzasz si\u0119 do Wielkiej Brytanii? 2026 Koszty \u017cycia i wskaz\u00f3wki dotycz\u0105ce przeprowadzki\">UK<\/a> i ...\"<\/em> - Chantelle Smith via <a href=\"https:\/\/plus.google.com\/100947701157660629611\/reviews\" target=\"_blank\" rel=\"noopener\">Google Reviews<\/a><\/p>\n<div itemprop=\"review\" itemscope itemtype=\"http:\/\/schema.org\/Review\">\n<span itemprop=\"author\" itemscope=\"\" itemtype=\"http:\/\/schema.org\/Organization\"><span itemprop=\"name\">MoverDB.com<\/span><\/span> Przegl\u0105d stron internetowych dla <span itemprop=\"itemreviewed\" itemscope=\"\" itemtype=\"http:\/\/schema.org\/Brand\"><span itemprop=\"name\">Bracia McGimpsey Przeprowadzki<\/span><\/span>:<\/p>\n<ol>\n<li> Przejrzyste dane kontaktowe na stronie internetowej (w tym numer telefonu): <strong>Tak<\/strong><\/li>\n<li> \u0141atwe do uzyskania <a href=\"https:\/\/moverdb.com\/pl\/cytaty\/\">oferty na przeprowadzki mi\u0119dzynarodowe<\/a>? (formularz wniosku o wycen\u0119 online): <strong>Tak<\/strong><\/li>\n<li> Przejrzyste informacje na stronie internetowej: <strong>Cz\u0119\u015bciowa<\/strong>. Informacje s\u0105 pobie\u017cne, ale na \u017cyczenie udzielimy wi\u0119cej informacji.<\/li>\n<li> Cz\u0142onkostwo w uznanych mi\u0119dzynarodowych organizacjach zajmuj\u0105cych si\u0119 przemieszczaniem: <strong>Tak<\/strong>patrz wy\u017cej.<\/li>\n<li> Lista klient\u00f3w i\/lub referencje poprzednich klient\u00f3w: <strong>Tak<\/strong> Nie ma listy klient\u00f3w, ale s\u0105 referencje poprzednich klient\u00f3w.<\/li>\n<\/ol>\n<div itemprop=\"reviewRating\" itemscope itemtype=\"http:\/\/schema.org\/Rating\"><meta itemprop=\"worstRating\" content = \"0\" \/><meta itemprop=\"bestRating\" content=\"5\" \/><meta itemprop=\"ratingValue\" content=\"4\"><\/div>\n<p><strong>Ocena og\u00f3lna: 4\/5<\/strong><br \/>\n<strong>Data przegl\u0105du:<\/strong> <span itemprop=\"datePublished\" content=\"2016-05-22\">22\/05\/2016<\/span><\/p>\n<\/div>\n<p>Wi\u0119cej na temat <a href=\"https:\/\/moverdb.com\/pl\/przeprowadzki-miedzynarodowe\/\">Firmy przeprowadzkowe w Wielkiej Brytanii<\/a> i nasze <a href=\"https:\/\/moverdb.com\/pl\/recenzje\/\">obja\u015bnienie procesu przegl\u0105du<\/a>.<\/p>\n<p><strong>Strona internetowa:<\/strong> <a href=\"https:\/\/www.mcgimpseys.com\/\" target=\"_blank\" rel=\"noopener\">https:\/\/www.mcgimpseys.com\/<\/a><\/p>","protected":false},"excerpt":{"rendered":"<p>McGimpsey Brothers Removals offers clients the following services when relocating abroad and locally, for both individuals and businesses. A company profile and reviews follow the services section. Moving Overseas Daily air and sea freight Specialist export packing, labelling and loading Shipping and customs clearance Delivery, unpacking and setting up, removal of rubbish Insurance cover Personal [&hellip;]<\/p>\n","protected":false},"author":1,"featured_media":0,"parent":0,"menu_order":0,"comment_status":"closed","ping_status":"closed","template":"","meta":{"_genesis_hide_title":false,"_genesis_hide_breadcrumbs":false,"_genesis_hide_singular_image":false,"_genesis_hide_footer_widgets":false,"_genesis_custom_body_class":"","_genesis_custom_post_class":"","_genesis_layout":"","footnotes":""},"class_list":{"0":"post-351","1":"page","2":"type-page","3":"status-publish","5":"entry"},"_links":{"self":[{"href":"https:\/\/moverdb.com\/pl\/wp-json\/wp\/v2\/pages\/351","targetHints":{"allow":["GET"]}}],"collection":[{"href":"https:\/\/moverdb.com\/pl\/wp-json\/wp\/v2\/pages"}],"about":[{"href":"https:\/\/moverdb.com\/pl\/wp-json\/wp\/v2\/types\/page"}],"author":[{"embeddable":true,"href":"https:\/\/moverdb.com\/pl\/wp-json\/wp\/v2\/users\/1"}],"replies":[{"embeddable":true,"href":"https:\/\/moverdb.com\/pl\/wp-json\/wp\/v2\/comments?post=351"}],"version-history":[{"count":10,"href":"https:\/\/moverdb.com\/pl\/wp-json\/wp\/v2\/pages\/351\/revisions"}],"predecessor-version":[{"id":13176,"href":"https:\/\/moverdb.com\/pl\/wp-json\/wp\/v2\/pages\/351\/revisions\/13176"}],"wp:attachment":[{"href":"https:\/\/moverdb.com\/pl\/wp-json\/wp\/v2\/media?parent=351"}],"curies":[{"name":"wp","href":"https:\/\/api.w.org\/{rel}","templated":true}]}}