{"id":350,"date":"2016-05-22T20:57:46","date_gmt":"2016-05-22T20:57:46","guid":{"rendered":"http:\/\/moverdb.com\/?page_id=350"},"modified":"2026-01-08T15:20:55","modified_gmt":"2026-01-08T15:20:55","slug":"stowarzyszenie-sympatykow-brzegu","status":"publish","type":"page","link":"https:\/\/moverdb.com\/pl\/shore-porters-society\/","title":{"rendered":"Stowarzyszenie Portier\u00f3w Brzegowych (The Shore Porters Society) Przeprowadzki mi\u0119dzynarodowe i przeprowadzki Opinie"},"content":{"rendered":"<p>Stowarzyszenie Portier\u00f3w Brzegowych oferuje nast\u0119puj\u0105ce us\u0142ugi dla os\u00f3b przeprowadzaj\u0105cych si\u0119 za granic\u0119, w regionie i lokalnie. Mo\u017cna r\u00f3wnie\u017c zapozna\u0107 si\u0119 z profilem firmy i recenzjami us\u0142ug.<\/p>\n<p><strong>Przeprowadzki firmowe i osobiste za granic\u0119<\/strong><\/p>\n<ul>\n<li> Badanie przed przeprowadzk\u0105<\/li>\n<li> Us\u0142uga \"od drzwi do drzwi\".<\/li>\n<li> Fracht morski lub lotniczy<\/li>\n<li> R\u00f3\u017cne opcje pakowania<\/li>\n<li> Opcje przechowywania<\/li>\n<li> Pomoc w przygotowaniu dokumentacji dla kraju docelowego<\/li>\n<li> Dog\u0142\u0119bna znajomo\u015b\u0107 zasad i przepis\u00f3w obowi\u0105zuj\u0105cych w kraju docelowym<\/li>\n<li> Sprz\u0119t informatyczny od\u0142\u0105czany i ponownie pod\u0142\u0105czany w miejscu przeznaczenia<\/li>\n<li> Ubezpieczenia<\/li>\n<\/ul>\n<p><strong>Sztuka Pi\u0119kna i Antyki<\/strong><\/p>\n<ul>\n<li> Specjalistyczna wiedza z zakresu pakowania i wysy\u0142ki<\/li>\n<li> Towarzyszenie klientom podczas zakup\u00f3w w celu zapewnienia prawid\u0142owego pakowania.<\/li>\n<li> Wskaz\u00f3wki dotycz\u0105ce dokumentacji<\/li>\n<li> Odprawa celna w kraju przeznaczenia<\/li>\n<\/ul>\n<p><strong>Przechowywanie<\/strong><\/p>\n<ul>\n<li> Magazynowanie w kontenerach<\/li>\n<li> Konwencjonalne przechowywanie<\/li>\n<li> Magazyn komercyjny<\/li>\n<li> Przechowywanie archiw\u00f3w<\/li>\n<li> Lock 'n' Leave - bezp\u0142atny dost\u0119p w godzinach pracy biura<\/li>\n<li> Wynajem skrzy\u0144<\/li>\n<li> Sk\u0142adowanie palet<\/li>\n<\/ul>\n<p><strong>Przeprowadzki lokalne<\/strong><\/p>\n<ul>\n<li> Us\u0142uga \"od drzwi do drzwi\".<\/li>\n<li> R\u00f3\u017cne opcje pakowania<\/li>\n<li> Ustalone ubezpieczenie<\/li>\n<\/ul>\n<h2>Stowarzyszenie Portier\u00f3w Brzegowych Profil firmy<\/h2>\n<p>Stowarzyszenie Tragarzy Brzegowych zosta\u0142o za\u0142o\u017cone w 1498 roku, ponad 500 lat temu. Szczyci si\u0119 tym, \u017ce jest najstarsz\u0105 firm\u0105 transportow\u0105 na \u015bwiecie, a jej pocz\u0105tki si\u0119gaj\u0105 sp\u00f3\u0142dzielni tragarzy, kt\u00f3rzy wykonywali sw\u00f3j zaw\u00f3d w porcie w Aberdeen. <\/p>\n<p>Do po\u0142owy XIX wieku firma dzia\u0142a\u0142a pod auspicjami Rady Miasta Aberdeen. Obecnie jest to sp\u00f3\u0142ka prywatna, \u015bwiadcz\u0105ca us\u0142ugi w zakresie transportu, przeprowadzek, nieruchomo\u015bci i magazynowania.<\/p>\n<p>Firma posiada flot\u0119 30 ci\u0119\u017car\u00f3wek i samochod\u00f3w dostawczych, kt\u00f3re dzia\u0142aj\u0105 z Aberdeen i Richmond on Thames oraz 11 magazyn\u00f3w na ca\u0142ym \u015bwiecie. <a href=\"https:\/\/moverdb.com\/pl\/moving-to-the-uk\/\" data-internallinksmanager029f6b8e52c=\"93\" title=\"Przeprowadzasz si\u0119 do Wielkiej Brytanii? 2026 Koszty \u017cycia i wskaz\u00f3wki dotycz\u0105ce przeprowadzki\">UK<\/a>. <\/p>\n<p>Firma ma dobre relacje z najwi\u0119kszymi domami aukcyjnymi na ca\u0142ym \u015bwiecie i szczyci si\u0119 swoj\u0105 wiedz\u0105 w zakresie wysy\u0142ki dzie\u0142 sztuki i antyk\u00f3w.<\/p>\n<p>Poni\u017cej znajduje si\u0119 lista akredytacji i przynale\u017cno\u015bci do Stowarzyszenia Portier\u00f3w Brzegowych:<\/p>\n<ul>\n<li> <a href=\"https:\/\/moverdb.com\/pl\/british-association-of-removers\/\">Brytyjskie Stowarzyszenie Przedsi\u0119biorc\u00f3w Przeprowadzkowych (BAR)<\/a><\/li>\n<li> Zwi\u0105zany finansowo z <a href=\"https:\/\/moverdb.com\/pl\/bar-overseas\/\">BAR Overseas Group<\/a><\/li>\n<li> <a href=\"https:\/\/moverdb.com\/pl\/fidi-faim\/\">FIDI<\/a><\/li>\n<li> <a href=\"https:\/\/moverdb.com\/pl\/jestem\/\">Mi\u0119dzynarodowe Stowarzyszenie Przewo\u017anik\u00f3w (IAM)<\/a><\/li>\n<li> Certyfikacja systemu jako\u015bci ISO9001<\/li>\n<li> <a href=\"https:\/\/moverdb.com\/pl\/stowarzyszenie-transportu-towarowego\/\">Cz\u0142onek FTA<\/a><\/li>\n<\/ul>\n<h2>Stowarzyszenie Portier\u00f3w Brzegowych Recenzje<\/h2>\n<p>W ci\u0105gu ostatnich 12 miesi\u0119cy nie pojawi\u0142y si\u0119 \u017cadne nowe recenzje dla Stowarzyszenia Portier\u00f3w Brzegowych.<\/p>\n<div itemprop=\"review\" itemscope itemtype=\"http:\/\/schema.org\/Review\">\n<span itemprop=\"author\" itemscope=\"\" itemtype=\"http:\/\/schema.org\/Organization\"><span itemprop=\"name\">MoverDB.com<\/span><\/span> Przegl\u0105d stron internetowych dla <span itemprop=\"itemreviewed\" itemscope=\"\" itemtype=\"http:\/\/schema.org\/Brand\"><span itemprop=\"name\">Stowarzyszenie Portier\u00f3w Brzegowych<\/span><\/span>:<\/p>\n<ol>\n<li> Przejrzyste dane kontaktowe na stronie internetowej (w tym numer telefonu): <strong>Tak<\/strong><\/li>\n<li> \u0141atwe do uzyskania <a href=\"https:\/\/moverdb.com\/pl\/cytaty\/\">oferty na przeprowadzki mi\u0119dzynarodowe<\/a>? (formularz wniosku o wycen\u0119 online): <strong>Tak<\/strong><\/li>\n<li> Przejrzyste informacje na stronie internetowej: <strong>Cz\u0119\u015bciowa<\/strong>. Strona internetowa zawiera niejasne informacje i pro\u015bb\u0119 o kontakt z firm\u0105 w celu uzyskania dalszych szczeg\u00f3\u0142\u00f3w.<\/li>\n<li> Cz\u0142onkostwo w uznanych mi\u0119dzynarodowych organizacjach zajmuj\u0105cych si\u0119 przemieszczaniem: <strong>Tak<\/strong>patrz wy\u017cej.<\/li>\n<li> Lista klient\u00f3w i\/lub referencje poprzednich klient\u00f3w: <strong>Nie.<\/strong><\/li>\n<\/ol>\n<div itemprop=\"reviewRating\" itemscope itemtype=\"http:\/\/schema.org\/Rating\"><meta itemprop=\"worstRating\" content = \"0\" \/><meta itemprop=\"bestRating\" content=\"5\" \/><meta itemprop=\"ratingValue\" content=\"4\"><\/div>\n<p><strong>Ocena og\u00f3lna: 4\/5<\/strong><br \/>\n<strong>Data przegl\u0105du:<\/strong> <span itemprop=\"datePublished\" content=\"2016-05-22\">22\/05\/2016<\/span><\/p>\n<\/div>\n<p>Wi\u0119cej na temat <a href=\"https:\/\/moverdb.com\/pl\/przeprowadzki-miedzynarodowe\/\">Firmy przeprowadzkowe w Wielkiej Brytanii<\/a> i nasze <a href=\"https:\/\/moverdb.com\/pl\/recenzje\/\">obja\u015bnienie procesu przegl\u0105du<\/a>.<\/p>\n<p><strong>Strona internetowa:<\/strong> <a href=\"https:\/\/www.shoreporters.com\/\" target=\"_blank\" rel=\"noopener\">https:\/\/www.shoreporters.com<\/a><\/p>","protected":false},"excerpt":{"rendered":"<p>The Shore Porters Society offers the following services for people moving abroad, regionally and locally. There is also a company profile and service reviews to peruse. Corporate and Personal Moves Abroad Pre-Move survey Door to door service Ocean or Air Freight Various packing options Storage options Assistance with documentation for destination country In depth knowledge [&hellip;]<\/p>\n","protected":false},"author":1,"featured_media":0,"parent":0,"menu_order":0,"comment_status":"closed","ping_status":"closed","template":"","meta":{"_genesis_hide_title":false,"_genesis_hide_breadcrumbs":false,"_genesis_hide_singular_image":false,"_genesis_hide_footer_widgets":false,"_genesis_custom_body_class":"","_genesis_custom_post_class":"","_genesis_layout":"","footnotes":""},"class_list":{"0":"post-350","1":"page","2":"type-page","3":"status-publish","5":"entry"},"_links":{"self":[{"href":"https:\/\/moverdb.com\/pl\/wp-json\/wp\/v2\/pages\/350","targetHints":{"allow":["GET"]}}],"collection":[{"href":"https:\/\/moverdb.com\/pl\/wp-json\/wp\/v2\/pages"}],"about":[{"href":"https:\/\/moverdb.com\/pl\/wp-json\/wp\/v2\/types\/page"}],"author":[{"embeddable":true,"href":"https:\/\/moverdb.com\/pl\/wp-json\/wp\/v2\/users\/1"}],"replies":[{"embeddable":true,"href":"https:\/\/moverdb.com\/pl\/wp-json\/wp\/v2\/comments?post=350"}],"version-history":[{"count":12,"href":"https:\/\/moverdb.com\/pl\/wp-json\/wp\/v2\/pages\/350\/revisions"}],"predecessor-version":[{"id":6246,"href":"https:\/\/moverdb.com\/pl\/wp-json\/wp\/v2\/pages\/350\/revisions\/6246"}],"wp:attachment":[{"href":"https:\/\/moverdb.com\/pl\/wp-json\/wp\/v2\/media?parent=350"}],"curies":[{"name":"wp","href":"https:\/\/api.w.org\/{rel}","templated":true}]}}