{"id":349,"date":"2016-05-22T20:51:02","date_gmt":"2016-05-22T20:51:02","guid":{"rendered":"http:\/\/moverdb.com\/?page_id=349"},"modified":"2026-01-08T15:20:48","modified_gmt":"2026-01-08T15:20:48","slug":"team-relocations","status":"publish","type":"page","link":"https:\/\/moverdb.com\/pl\/team-relocations\/","title":{"rendered":"Team Relocations International Moving &amp; Removals Reviews"},"content":{"rendered":"<p>Team Relocations oferuje nast\u0119puj\u0105ce us\u0142ugi przeprowadzkowe dla os\u00f3b prywatnych i korporacji przenosz\u0105cych personel lub ca\u0142e biura za granic\u0119. Przeczytaj profil firmy Team Relocations i opinie poni\u017cej.<\/p>\n<p><strong>Przeprowadzki osobiste i firmowe<\/strong><\/p>\n<ul>\n<li> Us\u0142ugi doradcze oferuj\u0105ce indywidualne rozwi\u0105zania w zakresie przeprowadzek<\/li>\n<li> Strategiczne zarz\u0105dzanie relokacj\u0105<\/li>\n<li> Zaawansowana technologia webZone<\/li>\n<li> Pakowanie i wysy\u0142ka<\/li>\n<li> Ustalone ubezpieczenie<\/li>\n<\/ul>\n<p><strong>Us\u0142ugi w zakresie nieruchomo\u015bci<\/strong><\/p>\n<ul>\n<li> Strona g\u0142\u00f3wna Wyszukiwanie<\/li>\n<li> Negocjacje i odnawianie um\u00f3w najmu<\/li>\n<li> Przyjmowanie\/wydawanie towar\u00f3w<\/li>\n<li> Wypo\u017cyczalnia mebli i sprz\u0119tu AGD<\/li>\n<li> Zakwaterowanie tymczasowe<\/li>\n<li> Programy odlot\u00f3w<\/li>\n<li> Zarz\u0105dzanie sprzeda\u017c\u0105 dom\u00f3w<\/li>\n<li> Zarz\u0105dzanie nieruchomo\u015bciami <\/li>\n<li> Program Gwarantowanej Sprzeda\u017cy Dom\u00f3w<\/li>\n<\/ul>\n<p><strong>Osiedlanie si\u0119<\/strong><\/p>\n<ul>\n<li> Orientacja<\/li>\n<li> Informacje o miejscu docelowym<\/li>\n<li> Spotkania z kultur\u0105<\/li>\n<li> Szkolenie j\u0119zykowe<\/li>\n<li> Zarz\u0105dzanie ruchem<\/li>\n<li> Us\u0142ugi r\u0119kodzielnicze\/pomocnicze<\/li>\n<\/ul>\n<p><strong>Programy rodzinne<\/strong><\/p>\n<ul>\n<li> Badania edukacyjne i rejestracja<\/li>\n<li> Przenoszenie zwierz\u0105t domowych<\/li>\n<li> Wsparcie partner\u00f3w<\/li>\n<\/ul>\n<p><strong>Us\u0142ugi magazynowania<\/strong><\/p>\n<ul>\n<li> Magazynowanie specjalistyczne<\/li>\n<li> Archiwizacja i przechowywanie dokument\u00f3w<\/li>\n<li> Tradycyjne przechowywanie<\/li>\n<\/ul>\n<p><strong>Us\u0142ugi specjalistyczne<\/strong><\/p>\n<ul>\n<li> Przeprowadzki globalne dla spedytor\u00f3w prywatnych<\/li>\n<li> Przeprowadzki handlowe i biurowe oraz relokacje<\/li>\n<li> Przeprowadzka szpitala<\/li>\n<li> Magazyn domowy<\/li>\n<li> Przechowywanie dokument\u00f3w i archiw\u00f3w<\/li>\n<\/ul>\n<p><strong>Us\u0142ugi dodatkowe<\/strong><\/p>\n<ul>\n<li> Podno\u015bniki drabinowe dla trudno dost\u0119pnych miejsc<\/li>\n<li> Pakowanie dzie\u0142 sztuki i antyk\u00f3w<\/li>\n<li> Us\u0142ugi elektryczne, w tym<\/li>\n<li> Wymiana wtyczek, aby dostosowa\u0107 je do lokalnych gniazdek<\/li>\n<li> Zmiana okablowania lamp i urz\u0105dze\u0144<\/li>\n<li> Dostarczenie transformator\u00f3w<\/li>\n<li> Handyman<\/li>\n<li> Serwis pokoj\u00f3wek<\/li>\n<li> Strojenie fortepianu<\/li>\n<li> Monta\u017c i demonta\u017c anteny satelitarnej<\/li>\n<li> Zespo\u0142y sprz\u0105taj\u0105ce<\/li>\n<li> Odbi\u00f3r z biura<\/li>\n<li> Skrzynki charytatywne<\/li>\n<li> <a href=\"https:\/\/moverdb.com\/pl\/samochod-transport-wysylka\/\">Spedycja pojazd\u00f3w<\/a> i przechowywanie<\/li>\n<\/ul>\n<h2>Zesp\u00f3\u0142 Relokacji Profil firmy<\/h2>\n<p>Firma Team Relocation zosta\u0142a za\u0142o\u017cona w 1977 roku i obecnie jest jedn\u0105 z najwi\u0119kszych firm zajmuj\u0105cych si\u0119 relokacj\u0105 i <a href=\"https:\/\/moverdb.com\/pl\/international-removals\/\" data-internallinksmanager029f6b8e52c=\"27\" title=\"36 najlepszych firm zajmuj\u0105cych si\u0119 przeprowadzkami mi\u0119dzynarodowymi w Wielkiej Brytanii\">przedsi\u0119biorstwa przeprowadzkowe<\/a> na \u015bwiecie. Team Location posiada biura w 13 krajach, a wiele wybitnych os\u00f3b, mi\u0119dzynarodowych firm i agencji rz\u0105dowych korzysta z us\u0142ug firmy przy relokacji pracownik\u00f3w i firm za granic\u0119 i do innych region\u00f3w. <\/p>\n<p>Team Relocation wsp\u00f3\u0142pracuje wy\u0142\u0105cznie z partnerami, kt\u00f3rzy wyznaj\u0105 te same podstawowe warto\u015bci, takie jak: doskona\u0142o\u015b\u0107, uczciwo\u015b\u0107, odpowiedzialno\u015b\u0107 i bezpiecze\u0144stwo. Firma koncentruje si\u0119 na relokacji, przeprowadzkach i us\u0142ugach specjalistycznych. <\/p>\n<p>Firma mocno wierzy r\u00f3wnie\u017c w mi\u0119dzynarodowe prawa cz\u0142owieka i wspiera wiele organizacji charytatywnych na ca\u0142ym \u015bwiecie.<\/p>\n<p>Akredytacje i przynale\u017cno\u015bci Team Locations s\u0105 wymienione poni\u017cej:<\/p>\n<ul>\n<li> <a href=\"https:\/\/moverdb.com\/pl\/british-association-of-removers\/\">Brytyjskie Stowarzyszenie Przedsi\u0119biorc\u00f3w Przeprowadzkowych (BAR)<\/a><\/li>\n<li> DBA<\/li>\n<li> Strona <a href=\"https:\/\/moverdb.com\/pl\/mtc\/\">Movers Trading Club<\/a> (<a href=\"https:\/\/moverdb.com\/pl\/mtc\/\" data-internallinksmanager029f6b8e52c=\"30\" title=\"Movers Trading Club (MTC) - obja\u015bnienia\">MTC<\/a>)<\/li>\n<li> <a href=\"https:\/\/moverdb.com\/pl\/fidi-faim\/\">FAIM<\/a><\/li>\n<li> <a href=\"https:\/\/moverdb.com\/pl\/fidi-faim\/\">FIDI<\/a><\/li>\n<li> \u015awiatowe Stowarzyszenie Mobilno\u015bci <\/li>\n<li> <a href=\"https:\/\/moverdb.com\/pl\/jestem\/\">Mi\u0119dzynarodowe Stowarzyszenie Przewo\u017anik\u00f3w (IAM)<\/a><\/li>\n<li> OMNI<\/li>\n<\/ul>\n<h2>Opinie o firmie Team Relocations<\/h2>\n<p><em>W chwili obecnej nie uda\u0142o nam si\u0119 znale\u017a\u0107 \u017cadnych opinii na temat firmy Team Relocations w Internecie.<\/em><\/p>\n<div itemprop=\"review\" itemscope itemtype=\"http:\/\/schema.org\/Review\">\n<span itemprop=\"author\" itemscope=\"\" itemtype=\"http:\/\/schema.org\/Organization\"><span itemprop=\"name\">MoverDB.com<\/span><\/span> Przegl\u0105d stron internetowych dla <span itemprop=\"itemreviewed\" itemscope=\"\" itemtype=\"http:\/\/schema.org\/Brand\"><span itemprop=\"name\">Relokacje zespo\u0142\u00f3w<\/span><\/span>:<\/p>\n<ol>\n<li> Przejrzyste dane kontaktowe na stronie internetowej (w tym numer telefonu): <strong>Tak<\/strong><\/li>\n<li> \u0141atwe do uzyskania <a href=\"https:\/\/moverdb.com\/pl\/cytaty\/\">oferty na przeprowadzki mi\u0119dzynarodowe<\/a>? (formularz wniosku o wycen\u0119 online): <strong>Tak<\/strong><\/li>\n<li> Przejrzyste informacje na stronie internetowej: <strong>Tak<\/strong>. Informacyjna strona internetowa, ale szczeg\u00f3\u0142owych informacji nale\u017cy szuka\u0107 bezpo\u015brednio w firmie.<\/li>\n<li> Cz\u0142onkostwo w uznanych mi\u0119dzynarodowych organizacjach zajmuj\u0105cych si\u0119 przemieszczaniem: <strong>Tak<\/strong>patrz wy\u017cej.<\/li>\n<li> Lista klient\u00f3w i\/lub referencje poprzednich klient\u00f3w: <strong>Nie.<\/strong><\/li>\n<\/ol>\n<div itemprop=\"reviewRating\" itemscope itemtype=\"http:\/\/schema.org\/Rating\"><meta itemprop=\"worstRating\" content = \"0\" \/><meta itemprop=\"bestRating\" content=\"5\" \/><meta itemprop=\"ratingValue\" content=\"4\"><\/div>\n<p><strong>Ocena og\u00f3lna: 4\/5<\/strong><br \/>\n<strong>Data przegl\u0105du:<\/strong> <span itemprop=\"datePublished\" content=\"2016-05-22\">22\/05\/2016<\/span><\/p>\n<\/div>\n<p>Wi\u0119cej na temat <a href=\"https:\/\/moverdb.com\/pl\/firmy-przeprowadzkowe\/\">firmy zajmuj\u0105ce si\u0119 przeprowadzkami mi\u0119dzynarodowymi<\/a> i nasze <a href=\"https:\/\/moverdb.com\/pl\/recenzje\/\">obja\u015bnienie procesu przegl\u0105du<\/a>.<\/p>\n<p><strong>Strona internetowa:<\/strong> <a href=\"http:\/\/www.teamrelocations.com\/\" target=\"_blank\" rel=\"noopener\">http:\/\/www.teamrelocations.com<\/a><\/p>","protected":false},"excerpt":{"rendered":"<p>Team Relocations offers the following moving services for individuals and corporates moving personnel or whole offices abroad. Read Team Locations&#8217; company profile and reviews below. Personal and Corporate Moves Consultancy service offering individual solutions to moving Strategic relocation management Advanced webZone technology Packing and shipping Insurance arranged Property Services Home Search Tenancy Negotiations &#038; Renewals [&hellip;]<\/p>\n","protected":false},"author":1,"featured_media":0,"parent":0,"menu_order":0,"comment_status":"closed","ping_status":"closed","template":"","meta":{"_genesis_hide_title":false,"_genesis_hide_breadcrumbs":false,"_genesis_hide_singular_image":false,"_genesis_hide_footer_widgets":false,"_genesis_custom_body_class":"","_genesis_custom_post_class":"","_genesis_layout":"","footnotes":""},"class_list":{"0":"post-349","1":"page","2":"type-page","3":"status-publish","5":"entry"},"_links":{"self":[{"href":"https:\/\/moverdb.com\/pl\/wp-json\/wp\/v2\/pages\/349","targetHints":{"allow":["GET"]}}],"collection":[{"href":"https:\/\/moverdb.com\/pl\/wp-json\/wp\/v2\/pages"}],"about":[{"href":"https:\/\/moverdb.com\/pl\/wp-json\/wp\/v2\/types\/page"}],"author":[{"embeddable":true,"href":"https:\/\/moverdb.com\/pl\/wp-json\/wp\/v2\/users\/1"}],"replies":[{"embeddable":true,"href":"https:\/\/moverdb.com\/pl\/wp-json\/wp\/v2\/comments?post=349"}],"version-history":[{"count":12,"href":"https:\/\/moverdb.com\/pl\/wp-json\/wp\/v2\/pages\/349\/revisions"}],"predecessor-version":[{"id":6243,"href":"https:\/\/moverdb.com\/pl\/wp-json\/wp\/v2\/pages\/349\/revisions\/6243"}],"wp:attachment":[{"href":"https:\/\/moverdb.com\/pl\/wp-json\/wp\/v2\/media?parent=349"}],"curies":[{"name":"wp","href":"https:\/\/api.w.org\/{rel}","templated":true}]}}