{"id":348,"date":"2016-05-22T19:54:24","date_gmt":"2016-05-22T19:54:24","guid":{"rendered":"http:\/\/moverdb.com\/?page_id=348"},"modified":"2026-01-08T15:20:45","modified_gmt":"2026-01-08T15:20:45","slug":"sterling-relocation","status":"publish","type":"page","link":"https:\/\/moverdb.com\/pl\/sterling-relocation\/","title":{"rendered":"Sterling Relocation International Moving &amp; Removals Reviews"},"content":{"rendered":"<p>Firma Sterling oferuje pracodawcom mi\u0119dzynarodowym \u0142atwy spos\u00f3b relokacji pracownik\u00f3w na ca\u0142ym \u015bwiecie. Poni\u017cej wymieniono ich us\u0142ugi wraz z opiniami klient\u00f3w i profilem firmy.<\/p>\n<p><strong>Us\u0142ugi relokacyjne<\/strong><\/p>\n<ul>\n<li> Zarz\u0105dzanie zleceniami<\/li>\n<li> Szkolenie mi\u0119dzykulturowe<\/li>\n<li> Us\u0142ugi zwi\u0105zane z odjazdem<\/li>\n<li> Pomoc edukacyjna<\/li>\n<li> Zarz\u0105dzanie wydatkami<\/li>\n<li> Wypo\u017cyczalnia mebli<\/li>\n<li> Gwarantowana sprzeda\u017c domu<\/li>\n<li> Us\u0142uga Home Finding<\/li>\n<li> Imigracja, wizy i pozwolenia na prac\u0119<\/li>\n<li> Szkolenie j\u0119zykowe<\/li>\n<li> Zarz\u0105dzanie ruchem<\/li>\n<li> Us\u0142ugi przeprowadzkowe<\/li>\n<li> Orientacja<\/li>\n<li> Pomoc partnerska<\/li>\n<li> Konsultacje polityczne<\/li>\n<li> Zarz\u0105dzanie nieruchomo\u015bciami<\/li>\n<li> Us\u0142ugi w zakresie osiedlania si\u0119<\/li>\n<li> Zakwaterowanie kr\u00f3tkoterminowe<\/li>\n<li> Przechowywanie<\/li>\n<li> Zarz\u0105dzanie najmem<\/li>\n<li> Pokrywa tranzytowa<\/li>\n<\/ul>\n<h2>Profil firmy Sterling Relocation<\/h2>\n<p>Firma Sterling Relocation zosta\u0142a za\u0142o\u017cona w 1991 r. z my\u015bl\u0105 o zdobyciu pozycji czo\u0142owego dostawcy globalnych us\u0142ug relokacyjnych dla \u015bwiata korporacji. Jest w\u0142asno\u015bci\u0105 UniGroup, firmy o warto\u015bci $1,7 miliarda euro, kt\u00f3ra zajmuje si\u0119 relokacj\u0105 ludzi od ponad 80 lat. <\/p>\n<p>Sie\u0107 Relokacyjna UniGroup dzia\u0142a w ponad 180 krajach, poprzez 1200 centr\u00f3w us\u0142ug.<\/p>\n<p>Wielu pracownik\u00f3w Sterling Relocation mieszka\u0142o za granic\u0105, dlatego rozumiej\u0105 wyzwania, jakie stoj\u0105 przed pracownikami i ich rodzinami podczas przeprowadzki za granic\u0119. Ka\u017cdy klient ma do czynienia bezpo\u015brednio z jednym pracownikiem, kt\u00f3ry zapewnia, \u017ce wszystkie aspekty przeprowadzki przebiegaj\u0105 bezproblemowo. <\/p>\n<p>W 2015 roku 99,63% klient\u00f3w Sterling Relocation by\u0142o zadowolonych ze swojej przeprowadzki.<\/p>\n<p>Sterling Relocation twierdzi, \u017ce ich warto\u015bci, misja i wizja obejmuj\u0105 pasj\u0119 do swojej bran\u017cy, uczciwo\u015b\u0107 na wszystkich frontach, dba\u0142o\u015b\u0107 o klient\u00f3w i pracownik\u00f3w oraz dostarczanie najlepszych mo\u017cliwych us\u0142ug.<\/p>\n<p>Lista akredytacji i stowarzysze\u0144 Sterling Relocation:<\/p>\n<ul>\n<li> <a href=\"https:\/\/moverdb.com\/pl\/fidi-faim\/\">Federacja Mi\u0119dzynarodowych Przewo\u017anik\u00f3w Drogowych<\/a> (<a href=\"https:\/\/moverdb.com\/pl\/fidi-faim\/\" data-internallinksmanager029f6b8e52c=\"16\" title=\"FIDI i FAIM (FIDI Accredited International Mover) - obja\u015bnienia\">FIDI<\/a>)<\/li>\n<li> <a href=\"https:\/\/moverdb.com\/pl\/stowarzyszenie-relocation-professionals\/\">Stowarzyszenie Profesjonalist\u00f3w ds. Relokacji<\/a> (<a href=\"https:\/\/moverdb.com\/pl\/association-relocation-professionals\/\" data-internallinksmanager029f6b8e52c=\"6\" title=\"Stowarzyszenie Profesjonalist\u00f3w w Dziedzinie Relokacji (ARP) - obja\u015bnienia\">ARP<\/a>)<\/li>\n<li> <a href=\"https:\/\/moverdb.com\/pl\/rada-ds-relokacji-pracownikow\/\">Rada ds. Relokacji Pracownik\u00f3w - ERC na ca\u0142ym \u015bwiecie<\/a><\/li>\n<li> <a href=\"https:\/\/moverdb.com\/pl\/eura\/\">Europejskie Stowarzyszenie ds. Relokacji<\/a> (<a href=\"https:\/\/moverdb.com\/pl\/eura\/\" data-internallinksmanager029f6b8e52c=\"13\" title=\"Europejskie Stowarzyszenie Relokacji (EuRA) - obja\u015bnienia\">EuRA<\/a>)<\/li>\n<li> Mi\u0119dzynarodowa Sie\u0107 Przemieszcze\u0144 Zamorskich (OMNI)<\/li>\n<li> <a href=\"https:\/\/moverdb.com\/pl\/jestem\/\">Mi\u0119dzynarodowe Stowarzyszenie Przewo\u017anik\u00f3w (IAM)<\/a><\/li>\n<li> <a href=\"https:\/\/moverdb.com\/pl\/lacma\/\">Stowarzyszenie Przewo\u017anik\u00f3w Latynoameryka\u0144skich i Karaibskich<\/a> (<a href=\"https:\/\/moverdb.com\/pl\/lacma\/\" data-internallinksmanager029f6b8e52c=\"28\" title=\"Stowarzyszenie Przewo\u017anik\u00f3w Mi\u0119dzynarodowych Ameryki \u0141aci\u0144skiej i Karaib\u00f3w (LACMA)\">LACMA<\/a>)<\/li>\n<li> <a href=\"https:\/\/moverdb.com\/pl\/british-association-of-removers\/\">Brytyjskie Stowarzyszenie Przeprowadzek (BAR)<\/a><\/li>\n<\/ul>\n<h2>Sterling Relocation Reviews<\/h2>\n<p><strong>Pozytywne<\/strong><\/p>\n<p><em>\"Sterlin poruszy\u0142 mnie od <a href=\"https:\/\/moverdb.com\/pl\/moving-to-london\/\">Londyn<\/a> do <a href=\"https:\/\/moverdb.com\/pl\/moving-to-switzerland\/\" data-internallinksmanager029f6b8e52c=\"327\" title=\"Przeprowadzka do Szwajcarii? Koszty \u017cycia i wskaz\u00f3wki dotycz\u0105ce relokacji w 2023 r.\">Szwajcaria<\/a> podczas przeprowadzki firmy kilka lat temu. Poniewa\u017c po tym prze\u017cy\u0142em kilka przeprowadzek, teraz czuj\u0119 si\u0119 na si\u0142ach, aby ich oceni\u0107. I musz\u0119 powiedzie\u0107, \u017ce zorganizowali po prostu najlepsz\u0105 przeprowadzk\u0119, jak\u0105 mia\u0142em\".<\/em> - przegl\u0105d <a href=\"http:\/\/www.yelp.co.uk\/biz\/sterling-corporate-relocation-london\" target=\"_blank\" rel=\"noopener\">przez Yelp<\/a><\/p>\n<p><strong>Negatywny<\/strong><\/p>\n<p><em>Nie znale\u017ali\u015bmy \u017cadnych negatywnych opinii o Sterling Relocation online.<\/em><\/p>\n<div itemprop=\"review\" itemscope itemtype=\"http:\/\/schema.org\/Review\">\n<span itemprop=\"author\" itemscope=\"\" itemtype=\"http:\/\/schema.org\/Organization\"><span itemprop=\"name\">MoverDB.com<\/span><\/span> Przegl\u0105d stron internetowych dla <span itemprop=\"itemreviewed\" itemscope=\"\" itemtype=\"http:\/\/schema.org\/Brand\"><span itemprop=\"name\">Sterling Relocation<\/span><\/span>:<\/p>\n<ol>\n<li> Przejrzyste dane kontaktowe na stronie internetowej (w tym numer telefonu): <strong>Tak<\/strong><\/li>\n<li> \u0141atwe do uzyskania <a href=\"https:\/\/moverdb.com\/pl\/cytaty\/\">oferty na przeprowadzki mi\u0119dzynarodowe<\/a>? (formularz wniosku o wycen\u0119 online): <strong>Tak<\/strong><\/li>\n<li> Przejrzyste informacje na stronie internetowej: <strong>Tak<\/strong> Strona internetowa Sterling Relocation zawiera wyczerpuj\u0105ce informacje na temat wszystkich aspekt\u00f3w dzia\u0142alno\u015bci firmy. Znajduje si\u0119 tam r\u00f3wnie\u017c przydatna sekcja \"Aktualno\u015bci\", w kt\u00f3rej znajduj\u0105 si\u0119 aktualne informacje na temat potrzeb wizowych i \u017cycia w r\u00f3\u017cnych krajach \u015bwiata.<\/li>\n<li> Cz\u0142onkostwo w uznanych mi\u0119dzynarodowych organizacjach zajmuj\u0105cych si\u0119 przemieszczaniem: <strong>Tak<\/strong>patrz wy\u017cej.<\/li>\n<li> Lista klient\u00f3w i\/lub referencje poprzednich klient\u00f3w: <strong>Cz\u0119\u015bciowa<\/strong> Wprawdzie nie ma listy klient\u00f3w, ale w witrynie mo\u017cna znale\u017a\u0107 r\u00f3\u017cne referencje klient\u00f3w.<\/li>\n<\/ol>\n<div itemprop=\"reviewRating\" itemscope itemtype=\"http:\/\/schema.org\/Rating\"><meta itemprop=\"worstRating\" content = \"0\" \/><meta itemprop=\"bestRating\" content=\"5\" \/><meta itemprop=\"ratingValue\" content=\"4.5\"><\/div>\n<p><strong>Ocena og\u00f3lna: 4,5\/5<\/strong><br \/>\n<strong>Data przegl\u0105du:<\/strong> <span itemprop=\"datePublished\" content=\"2016-05-22\">22\/05\/2016<\/span>\n<\/div>\n<p>Wi\u0119cej na temat <a href=\"https:\/\/moverdb.com\/pl\/przeprowadzki-miedzynarodowe\/\">Firmy przeprowadzkowe w Wielkiej Brytanii<\/a> i nasze <a href=\"https:\/\/moverdb.com\/pl\/recenzje\/\">obja\u015bnienie procesu przegl\u0105du<\/a>.<\/p>\n<p><strong>Strona internetowa:<\/strong> <a href=\"http:\/\/www.sterling.com\/\" target=\"_blank\" rel=\"noopener\">http:\/\/www.sterling.com\/<\/a><\/p>","protected":false},"excerpt":{"rendered":"<p>Sterling offers international employers an easy way to relocate their staff worldwide. Their services are listed below, together with customer reviews and a company profile. Relocation Services Assignment Management Cross Culture Training Departure Services Education Assistance Expense Management Furniture Rental Guaranteed Home Sale Home Finding Service Immigration, Visa and Work Permits Language Training Move Management [&hellip;]<\/p>\n","protected":false},"author":1,"featured_media":0,"parent":0,"menu_order":0,"comment_status":"closed","ping_status":"closed","template":"","meta":{"_genesis_hide_title":false,"_genesis_hide_breadcrumbs":false,"_genesis_hide_singular_image":false,"_genesis_hide_footer_widgets":false,"_genesis_custom_body_class":"","_genesis_custom_post_class":"","_genesis_layout":"","footnotes":""},"class_list":{"0":"post-348","1":"page","2":"type-page","3":"status-publish","5":"entry"},"_links":{"self":[{"href":"https:\/\/moverdb.com\/pl\/wp-json\/wp\/v2\/pages\/348","targetHints":{"allow":["GET"]}}],"collection":[{"href":"https:\/\/moverdb.com\/pl\/wp-json\/wp\/v2\/pages"}],"about":[{"href":"https:\/\/moverdb.com\/pl\/wp-json\/wp\/v2\/types\/page"}],"author":[{"embeddable":true,"href":"https:\/\/moverdb.com\/pl\/wp-json\/wp\/v2\/users\/1"}],"replies":[{"embeddable":true,"href":"https:\/\/moverdb.com\/pl\/wp-json\/wp\/v2\/comments?post=348"}],"version-history":[{"count":15,"href":"https:\/\/moverdb.com\/pl\/wp-json\/wp\/v2\/pages\/348\/revisions"}],"predecessor-version":[{"id":6240,"href":"https:\/\/moverdb.com\/pl\/wp-json\/wp\/v2\/pages\/348\/revisions\/6240"}],"wp:attachment":[{"href":"https:\/\/moverdb.com\/pl\/wp-json\/wp\/v2\/media?parent=348"}],"curies":[{"name":"wp","href":"https:\/\/api.w.org\/{rel}","templated":true}]}}