{"id":347,"date":"2016-05-22T19:43:53","date_gmt":"2016-05-22T19:43:53","guid":{"rendered":"http:\/\/moverdb.com\/?page_id=347"},"modified":"2026-01-08T15:20:38","modified_gmt":"2026-01-08T15:20:38","slug":"santa-fe-relocation","status":"publish","type":"page","link":"https:\/\/moverdb.com\/pl\/santa-fe-relocation\/","title":{"rendered":"Santa Fe Relocation Services International Moving &amp; Removals Reviews"},"content":{"rendered":"<p>Santa Fe Relocation Services jest wysokiej klasy firm\u0105 zajmuj\u0105c\u0105 si\u0119 przeprowadzkami. Poni\u017cej wymieniono wiele jej us\u0142ug przeprowadzkowych, wraz z profilem firmy i opiniami klient\u00f3w.<\/p>\n<p><strong>Globalne us\u0142ugi mobilno\u015bci<\/strong><\/p>\n<ul>\n<li> Globalna relokacja i zarz\u0105dzanie DSP na ca\u0142ym \u015bwiecie<\/li>\n<li> Zarz\u0105dzanie wizami i imigracj\u0105<\/li>\n<li> Zarz\u0105dzanie przeprowadzkami dla os\u00f3b indywidualnych i pracownik\u00f3w firm<\/li>\n<\/ul>\n<p><strong>Us\u0142ugi w zakresie przeprowadzek i magazynowania<\/strong><\/p>\n<ul>\n<li> Przeprowadzki mi\u0119dzynarodowe<\/li>\n<li> Przeprowadzki krajowe i lokalne<\/li>\n<li> Przechowywanie<\/li>\n<li> Przenoszenie zwierz\u0105t domowych<\/li>\n<li> <a href=\"https:\/\/moverdb.com\/pl\/samochod-transport-wysylka\/\">Wysy\u0142ka pojazd\u00f3w<\/a><\/li>\n<li> Linki do stron po\u015bwi\u0119conych ochronie<\/li>\n<li> Us\u0142ugi r\u0119kodzielnicze i porz\u0105dkowe<\/li>\n<li> Wypo\u017cyczalnia mebli<\/li>\n<li> Doskona\u0142o\u015b\u0107 w us\u0142ugach przeprowadzkowych i magazynowych<\/li>\n<\/ul>\n<p><strong>Us\u0142ugi relokacyjne<\/strong><\/p>\n<ul>\n<li> Przydzia\u0142 rycza\u0142towy<\/li>\n<li> Zadania kr\u00f3tkoterminowe<\/li>\n<li> Wyszukiwanie w domu<\/li>\n<li> Poszukiwanie szko\u0142y<\/li>\n<li> Us\u0142ugi zwi\u0105zane z osiedlaniem si\u0119<\/li>\n<li> Lista kontrolna i relokacja w skr\u00f3cie<\/li>\n<li> Wizy i imigracja<\/li>\n<li> Przewodniki po miejscach docelowych<\/li>\n<\/ul>\n<p><strong>Us\u0142ugi komercyjne<\/strong><\/p>\n<ul>\n<li> Przeprowadzka biura<\/li>\n<li> Instalacje hotelowe<\/li>\n<li> Wystawy na ca\u0142ym \u015bwiecie<\/li>\n<li> Przeprowadzki dzie\u0142 sztuki i antyk\u00f3w<\/li>\n<li> Projekty specjalne, takie jak przeprowadzki szpitali, obiekt\u00f3w wojskowych, obiekt\u00f3w edukacyjnych<\/li>\n<\/ul>\n<h2>Profil firmy Santa Fe Relocation Services<\/h2>\n<p>Santa Fe \u015bwiadczy us\u0142ugi globalnej mobilno\u015bci dla pracownik\u00f3w firm emigracyjnych. Firma szczyci si\u0119 tym, \u017ce eliminuje stres zwi\u0105zany z relokacj\u0105 pracownik\u00f3w i mo\u017ce pochwali\u0107 si\u0119 klientami z listy Fortune 500. Firma obs\u0142uguje rocznie oko\u0142o 60 000 przeprowadzek mi\u0119dzynarodowych i 15 000 przeprowadzek krajowych. <\/p>\n<p>Santa Fe rozpocz\u0119\u0142o swoj\u0105 dzia\u0142alno\u015b\u0107 w <a href=\"https:\/\/moverdb.com\/pl\/moving-to-hong-kong\/\" data-internallinksmanager029f6b8e52c=\"350\" title=\"Przeprowadzka do Hongkongu? Koszty \u017cycia i wskaz\u00f3wki dotycz\u0105ce przeprowadzki w 2023 r.\">Hongkong<\/a> w 1980 roku. Grupa Santa Fe przej\u0119\u0142a firmy na ca\u0142ym \u015bwiecie, z kt\u00f3rych najstarsz\u0105 jest Wridgways of <a href=\"https:\/\/moverdb.com\/pl\/moving-to-australia\/living-in-australia\/\" data-internallinksmanager029f6b8e52c=\"240\" title=\"21 sekret\u00f3w o \u017cyciu w Australii, kt\u00f3re warto pozna\u0107 przed przeprowadzk\u0105\">Australia<\/a> kt\u00f3ra zosta\u0142a za\u0142o\u017cona w 1892 roku. Santa Fe posiada biura na sze\u015bciu kontynentach, a jej g\u0142\u00f3wna siedziba znajduje si\u0119 w <a href=\"https:\/\/moverdb.com\/pl\/moving-to-london\/\">Londyn<\/a> i oferuje swoim klientom relokacje globalne, regionalne i lokalne. <\/p>\n<p>Santa Fe Relocation Services Stowarzyszenia i akredytacje:<\/p>\n<ul>\n<li> <a href=\"https:\/\/moverdb.com\/pl\/rada-ds-relokacji-pracownikow\/\">\u015awiatowa ERB<\/a><\/li>\n<li> <a href=\"https:\/\/moverdb.com\/pl\/eura\/\">Europejskie Stowarzyszenie Relokacji<\/a> (<a href=\"https:\/\/moverdb.com\/pl\/eura\/\" data-internallinksmanager029f6b8e52c=\"13\" title=\"Europejskie Stowarzyszenie Relokacji (EuRA) - obja\u015bnienia\">EuRA<\/a>)<\/li>\n<li> <a href=\"https:\/\/moverdb.com\/pl\/fidi-faim\/\">\u015awiatowa Federacja Mi\u0119dzynarodowych Firm Przeprowadzkowych<\/a> (<a href=\"https:\/\/moverdb.com\/pl\/fidi-faim\/\" data-internallinksmanager029f6b8e52c=\"16\" title=\"FIDI i FAIM (FIDI Accredited International Mover) - obja\u015bnienia\">FIDI<\/a>)<\/li>\n<li> <a href=\"https:\/\/moverdb.com\/pl\/fidi-faim\/\">Akredytacja FIDI-FAIM i FAIM Plus<\/a><\/li>\n<li> <a href=\"https:\/\/moverdb.com\/pl\/jestem\/\">Mi\u0119dzynarodowe Stowarzyszenie Przewo\u017anik\u00f3w (IAM)<\/a><\/li>\n<li> <a href=\"https:\/\/moverdb.com\/pl\/lacma\/\">LACMA<\/a><\/li>\n<li> ISO9001 Zarz\u0105dzanie jako\u015bci\u0105<\/li>\n<li> ISO14001 Zarz\u0105dzanie \u015brodowiskowe<\/li>\n<li> OHSAS18001 Zarz\u0105dzanie bezpiecze\u0144stwem i higien\u0105 pracy<\/li>\n<li> ISO27001 Bezpiecze\u0144stwo danych<\/li>\n<\/ul>\n<h2>Opinie o us\u0142ugach relokacyjnych Santa Fe<\/h2>\n<p><strong>Pozytywne<\/strong><\/p>\n<p><em>\"Santa Fe ma zesp\u00f3\u0142 z Berlina ( m.in.<a href=\"https:\/\/moverdb.com\/pl\/moving-to-germany\/\" data-internallinksmanager029f6b8e52c=\"321\" title=\"Przeprowadzka do Niemiec? Koszty \u017cycia i wskaz\u00f3wki dotycz\u0105ce przeprowadzki w 2023 r.\">Niemcy<\/a>) i naprawd\u0119 zawr\u00f3cili mi w g\u0142owie us\u0142ugami, kt\u00f3re \u015bwiadczyli. Pan H Schulz i Pani A. Hoenow zrealizowali moj\u0105 przeprowadzk\u0119 g\u0142adko, sprawnie i zawsze z przyjaznym nastawieniem.\"<\/em> Dot Stein via <a href=\"http:\/\/www.mymovingreviews.com\/movingreviews\/simply-the-best-51520\" target=\"_blank\" rel=\"noopener\">MyMovingReviews<\/a><\/p>\n<p><em>\"Od pocz\u0105tku do ko\u0144ca procesu, \u015bwiadczone us\u0142ugi by\u0142y profesjonalne, pomocne, a zesp\u00f3\u0142 zrobi\u0142 wszystko, co w ich mocy, aby zapewni\u0107, \u017ce przeprowadzka zosta\u0142a wykonana w spos\u00f3b wysokiej jako\u015bci\".<\/em> Linda, Melbourne via <a href=\"http:\/\/www.productreview.com.au\/p\/santa-fe-wridgways.html\" target=\"_blank\" rel=\"noopener\">Przegl\u0105d produkt\u00f3w<\/a><\/p>\n<p><strong>Negatywny<\/strong><\/p>\n<p><em>\"NIE U\u017bYWAJ. Firma, z kt\u00f3r\u0105 zawarli umow\u0119 (Roy Trevor Removals), ca\u0142kowicie zniszczy\u0142a moje nowe drewniane pod\u0142ogi i pr\u00f3bowa\u0142a zrzuci\u0107 win\u0119 na <a href=\"https:\/\/moverdb.com\/pl\/moving-to-the-united-states\/\" data-internallinksmanager029f6b8e52c=\"94\" title=\"Przeprowadzasz si\u0119 do Stan\u00f3w Zjednoczonych? 2026 Koszty \u017cycia i wskaz\u00f3wki dotycz\u0105ce przeprowadzki\">nas<\/a> za szkody\".<\/em> Pamela Rollins via <a href=\"http:\/\/www.mymovingreviews.com\/movingreviews\/horrible-damage-to-floors-51782\" target=\"_blank\" rel=\"noopener\">MyMovingReviews<\/a><\/p>\n<p><em>\"To by\u0142a mi\u0119dzynarodowa przeprowadzka z PNG do Perth. Byli\u015bmy spakowani do pa\u017adziernika 2015 r., ponad 5 miesi\u0119cy p\u00f3\u017aniej i nadal nie mamy wszystkich naszych rzeczy.\" <\/em>Liz via <a href=\"http:\/\/www.productreview.com.au\/p\/santa-fe-wridgways.html\" target=\"_blank\" rel=\"noopener\">Przegl\u0105d produkt\u00f3w<\/a><\/p>\n<div itemprop=\"review\" itemscope itemtype=\"http:\/\/schema.org\/Review\">\n<span itemprop=\"author\" itemscope=\"\" itemtype=\"http:\/\/schema.org\/Organization\"><span itemprop=\"name\">MoverDB.com<\/span><\/span> Przegl\u0105d stron internetowych dla <span itemprop=\"itemreviewed\" itemscope=\"\" itemtype=\"http:\/\/schema.org\/Brand\"><span itemprop=\"name\">Us\u0142ugi relokacyjne w Santa Fe<\/span><\/span>:<\/p>\n<ol>\n<li> Przejrzyste dane kontaktowe na stronie internetowej (w tym numer telefonu): <strong>Tak<\/strong><\/li>\n<li> \u0141atwe do uzyskania <a href=\"https:\/\/moverdb.com\/pl\/cytaty\/\">oferty na przeprowadzki mi\u0119dzynarodowe<\/a>? (formularz wniosku o wycen\u0119 online): <strong>Tak<\/strong><\/li>\n<li> Przejrzyste informacje na stronie internetowej: <strong>Tak<\/strong>. Niezwykle pouczaj\u0105ca strona internetowa.<\/li>\n<li> Cz\u0142onkostwo w uznanych mi\u0119dzynarodowych organizacjach zajmuj\u0105cych si\u0119 przemieszczaniem: <strong>Tak<\/strong>patrz wy\u017cej.<\/li>\n<li> Lista klient\u00f3w i\/lub referencje poprzednich klient\u00f3w: <strong>Tak<\/strong>Chocia\u017c nie ma listy klient\u00f3w, mo\u017cna znale\u017a\u0107 wiele pozytywnych opinii o firmie.<\/li>\n<\/ol>\n<div itemprop=\"reviewRating\" itemscope itemtype=\"http:\/\/schema.org\/Rating\"><meta itemprop=\"worstRating\" content = \"0\" \/><meta itemprop=\"bestRating\" content=\"5\" \/><meta itemprop=\"ratingValue\" content=\"5\"><\/div>\n<p><strong>Og\u00f3lna ocena: 5\/5<\/strong><br \/>\n<strong>Data przegl\u0105du:<\/strong> <span itemprop=\"datePublished\" content=\"2016-05-22\">22\/05\/2016<\/span>\n<\/div>\n<p>Wi\u0119cej na temat <a href=\"https:\/\/moverdb.com\/pl\/przeprowadzki-miedzynarodowe\/\">Firmy przeprowadzkowe w Wielkiej Brytanii<\/a> i nasze <a href=\"https:\/\/moverdb.com\/pl\/recenzje\/\">obja\u015bnienie procesu przegl\u0105du<\/a>.<\/p>\n<p><strong>Strona internetowa:<\/strong> <a href=\"http:\/\/www.santaferelo.com\/\" target=\"_blank\" rel=\"noopener\">http:\/\/www.santaferelo.com\/<\/a><\/p>","protected":false},"excerpt":{"rendered":"<p>Santa Fe Relocation Services is a high-end relocation company. It&#8217;s many removal services are listed below, together with a company profile and customer reviews. Global Mobility Services Global relocation and DSP management worldwide Visa and immigration management Move management for individuals and corporate employees Moving and Storage Services International Moving Domestic and Local Moving Storage [&hellip;]<\/p>\n","protected":false},"author":1,"featured_media":0,"parent":0,"menu_order":0,"comment_status":"closed","ping_status":"closed","template":"","meta":{"_genesis_hide_title":false,"_genesis_hide_breadcrumbs":false,"_genesis_hide_singular_image":false,"_genesis_hide_footer_widgets":false,"_genesis_custom_body_class":"","_genesis_custom_post_class":"","_genesis_layout":"","footnotes":""},"class_list":{"0":"post-347","1":"page","2":"type-page","3":"status-publish","5":"entry"},"_links":{"self":[{"href":"https:\/\/moverdb.com\/pl\/wp-json\/wp\/v2\/pages\/347","targetHints":{"allow":["GET"]}}],"collection":[{"href":"https:\/\/moverdb.com\/pl\/wp-json\/wp\/v2\/pages"}],"about":[{"href":"https:\/\/moverdb.com\/pl\/wp-json\/wp\/v2\/types\/page"}],"author":[{"embeddable":true,"href":"https:\/\/moverdb.com\/pl\/wp-json\/wp\/v2\/users\/1"}],"replies":[{"embeddable":true,"href":"https:\/\/moverdb.com\/pl\/wp-json\/wp\/v2\/comments?post=347"}],"version-history":[{"count":14,"href":"https:\/\/moverdb.com\/pl\/wp-json\/wp\/v2\/pages\/347\/revisions"}],"predecessor-version":[{"id":6235,"href":"https:\/\/moverdb.com\/pl\/wp-json\/wp\/v2\/pages\/347\/revisions\/6235"}],"wp:attachment":[{"href":"https:\/\/moverdb.com\/pl\/wp-json\/wp\/v2\/media?parent=347"}],"curies":[{"name":"wp","href":"https:\/\/api.w.org\/{rel}","templated":true}]}}