{"id":3392,"date":"2019-09-20T11:37:54","date_gmt":"2019-09-20T11:37:54","guid":{"rendered":"https:\/\/moverdb.com\/?page_id=3392"},"modified":"2026-01-08T14:39:59","modified_gmt":"2026-01-08T14:39:59","slug":"international-van-lines","status":"publish","type":"page","link":"https:\/\/moverdb.com\/pl\/international-van-lines\/","title":{"rendered":"International Van Lines (IVL): Przeprowadzki i relokacje"},"content":{"rendered":"<p><img loading=\"lazy\" decoding=\"async\" width=\"700\" height=\"158\" src=\"https:\/\/moverdb.com\/wp-content\/uploads\/International-Van-Lines-Logo.png\" alt=\"Logo International Van Lines\" class=\"aligncenter size-full wp-image-3389\" data-wp-pid=\"3389\" srcset=\"https:\/\/moverdb.com\/wp-content\/uploads\/International-Van-Lines-Logo.png 700w, https:\/\/moverdb.com\/wp-content\/uploads\/International-Van-Lines-Logo-300x68.png 300w, https:\/\/moverdb.com\/wp-content\/uploads\/International-Van-Lines-Logo-600x135.png 600w\" sizes=\"auto, (max-width: 700px) 100vw, 700px\" \/><\/p>\n<p>International Van Lines jest ameryka\u0144sk\u0105 firm\u0105 transportow\u0105 za\u0142o\u017con\u0105 w 2000 roku i obecnie jedn\u0105 z najwi\u0119kszych na \u015bwiecie. <a href=\"https:\/\/moverdb.com\/pl\/moving-companies\/\" data-internallinksmanager029f6b8e52c=\"79\" title=\"25 najlepszych firm przeprowadzek mi\u0119dzynarodowych online\">firmy zajmuj\u0105ce si\u0119 przeprowadzkami mi\u0119dzynarodowymi<\/a> na \u015bwiecie. Firma zosta\u0142a uznana za najlepsz\u0105 firm\u0119 przeprowadzkow\u0105 przez Consumer Advocate w 2017, 2018 i 2019 roku.<\/p>\n<p>Oto niekt\u00f3re z oferowanych przez nich us\u0142ug:<\/p>\n<p><a href=\"https:\/\/moverdb.com\/pl\/przeladunek-w-kontenerach\/\"><strong>Wysy\u0142ka pe\u0142nokontenerowa (FCL)<\/strong><\/a><\/p>\n<ul>\n<li> Pojemniki suche<\/li>\n<li> Dost\u0119pne opcje 20\u2032 i 40\u2032<\/li>\n<li> Us\u0142uga \"od drzwi do drzwi\" lub \u0142adunek bie\u017c\u0105cy (DIY)<\/li>\n<li> Licencjonowany przez Federaln\u0105 Komisj\u0119 Morsk\u0105 jako <a href=\"https:\/\/moverdb.com\/pl\/freight-forwarder\/\" data-internallinksmanager029f6b8e52c=\"17\" title=\"Spedytor i NVOCC Mi\u0119dzynarodowy Przewodnik po Kosztach i Firmach\">spedytor<\/a>.<\/li>\n<\/ul>\n<p><strong>Fracht morski<\/strong><\/p>\n<ul>\n<li> Od drzwi do drzwi<\/li>\n<li> Drzwi do <a href=\"https:\/\/moverdb.com\/pl\/top-49-container-ports\/\" data-internallinksmanager029f6b8e52c=\"80\" title=\"49 najwi\u0119kszych i najbardziej ruchliwych port\u00f3w kontenerowych w 2025 r.\">Port<\/a><\/li>\n<li> Od portu do drzwi<\/li>\n<li> Od portu do portu<\/li>\n<\/ul>\n<p><strong>Us\u0142ugi frachtu lotniczego<\/strong><\/p>\n<ul>\n<li> Obs\u0142uga zar\u00f3wno frachtu lotniczego, jak i przesy\u0142ek ekspresowych<\/li>\n<li> Czy kilka pude\u0142ek transportowych lub ca\u0142e gospodarstwo domowe<\/li>\n<li> Oferowanie us\u0142ug typu \"od drzwi do drzwi\", \"od drzwi do terminala\", \"od terminala do drzwi\" lub \"od terminala do terminala\".<\/li>\n<li> Wszystkie artyku\u0142y gospodarstwa domowego zostan\u0105 zapakowane w foli\u0119 termokurczliw\u0105 i umieszczone na paletach przed za\u0142adunkiem.<\/li>\n<li> Za\u0142atwienie wszystkich formalno\u015bci wymaganych do odprawy celnej<\/li>\n<\/ul>\n<p><a href=\"https:\/\/moverdb.com\/pl\/samochod-transport-wysylka\/\"><strong>Transport samochodowy<\/strong><\/a><\/p>\n<ul>\n<li> <a href=\"https:\/\/moverdb.com\/pl\/container-shipping\/\" data-internallinksmanager029f6b8e52c=\"3\" title=\"Wykres stawek mi\u0119dzynarodowego transportu kontenerowego: Kwiecie\u0144 2026 r.\">Transport kontenerowy<\/a><\/li>\n<li> Us\u0142ugi konsolidacyjne<\/li>\n<li> Transport na miejscu (RO\/RO)<\/li>\n<li> Dokumentacja odprawy celnej<\/li>\n<li> Opcje ubezpieczeniowe<\/li>\n<\/ul>\n<p><strong>Us\u0142ugi przeprowadzek na du\u017ce odleg\u0142o\u015bci<\/strong><\/p>\n<ul>\n<li> Dla ruch\u00f3w w obr\u0119bie <a href=\"https:\/\/moverdb.com\/pl\/moving-to-the-united-states\/\" data-internallinksmanager029f6b8e52c=\"94\" title=\"Przeprowadzasz si\u0119 do Stan\u00f3w Zjednoczonych? 2026 Koszty \u017cycia i wskaz\u00f3wki dotycz\u0105ce przeprowadzki\">Stany Zjednoczone<\/a><\/li>\n<li> Pakowanie<\/li>\n<li> Przechowywanie<\/li>\n<li> Crating<\/li>\n<li> Us\u0142ugi specjalistyczne<\/li>\n<\/ul>\n<p><strong>Inne us\u0142ugi<\/strong><\/p>\n<ul>\n<li> Relokacja przedsi\u0119biorstw<\/li>\n<li> Przeprowadzki biur<\/li>\n<li> Przeprowadzki rz\u0105dowe i wojskowe<\/li>\n<li> Us\u0142ugi przewo\u017anik\u00f3w i broker\u00f3w<\/li>\n<\/ul>\n<h2>Profil firmy Mi\u0119dzynarodowe Linie Lotnicze<\/h2>\n<p>International Van Lines twierdzi, \u017ce obs\u0142uguje ponad 10 000 przeprowadzek rocznie, a wska\u017anik skarg wynosi mniej ni\u017c 1%. Swoim zasi\u0119giem obejmuje ca\u0142e Stany Zjednoczone i ponad 180 kraj\u00f3w. W bran\u017cy przeprowadzek mi\u0119dzynarodowych firma dzia\u0142a od 2000 r., a w 2004 r. rozszerzy\u0142a swoj\u0105 dzia\u0142alno\u015b\u0107 o przeprowadzki krajowe na du\u017ce odleg\u0142o\u015bci. Obecnie zatrudnia ponad 200 os\u00f3b i znalaz\u0142a si\u0119 na li\u015bcie INC 5000 najszybciej rozwijaj\u0105cych si\u0119 firm w USA w 2012 roku. <\/p>\n<p>International Van Lines ma r\u00f3wnie\u017c \u015bwietne opinie od <a href=\"https:\/\/uk.trustpilot.com\/review\/www.internationalvanlines.com\" rel=\"noopener noreferrer\" target=\"_blank\">Trustpilot<\/a> (4,3 z 5), <a href=\"https:\/\/www.move.org\/international-van-lines-review\/\" rel=\"noopener noreferrer\" target=\"_blank\">Move.org<\/a> (4,7 na 5) i <a href=\"https:\/\/www.consumeraffairs.com\/homeowners\/international-van-lines.html\" rel=\"noopener noreferrer\" target=\"_blank\">Sprawy konsument\u00f3w<\/a> (4 na 5). Dlatego te\u017c, je\u015bli przeprowadzasz si\u0119 do lub z USA, warto skorzysta\u0107 z ich oferty.<\/p>\n<p>Posiadaj\u0105 one akredytacje takie jak:<\/p>\n<ul>\n<li> Licencjonowany <a href=\"https:\/\/safer.fmcsa.dot.gov\/query.asp?searchtype=ANY&#038;query_type=queryCarrierSnapshot&#038;query_param=USDOT&#038;query_string=2293832\" rel=\"noopener noreferrer\" target=\"_blank\">Przewo\u017anik DOT<\/a><\/li>\n<li> <a href=\"https:\/\/moverdb.com\/pl\/spedytor\/\">NVOCC<\/a> (licencja na prowadzenie dzia\u0142alno\u015bci przez wsp\u00f3lnego przewo\u017anika nieb\u0119d\u0105cego statkiem)<\/li>\n<li> FMC (Federalna Komisja Morska) <\/li>\n<li> <a href=\"https:\/\/moverdb.com\/pl\/obrecz-promocja\/\">ProMover<\/a><\/li>\n<\/ul>\n<h2>International Van Lines Reviews<\/h2>\n<p><strong>Pozytywne:<\/strong><\/p>\n<ul>\n<li> <em>\"Firma IVL wykona\u0142a \u015bwietn\u0105 robot\u0119 przy mojej przeprowadzce na du\u017c\u0105 odleg\u0142o\u015b\u0107. Ekipa by\u0142a punktualna, dobrze si\u0119 zapakowa\u0142a i zrobi\u0142a to, co obieca\u0142a. W razie potrzeby skorzysta\u0142bym z ich us\u0142ug ponownie\".<\/em> - Marta B. za po\u015brednictwem strony internetowej firmy<\/li>\n<li> <em>\"Firma International Van Lines dostarczy\u0142a ostatnio moje rzeczy. Po inspekcji nie stwierdzono \u017cadnych uszkodze\u0144 ani strat, co jest doskona\u0142ym wynikiem\".<\/em> - IVY Powers via Move.org <\/li>\n<li> <em>\"Jestem zadowolona z do\u015bwiadcze\u0144 z firm\u0105 IVL i wzi\u0119\u0142abym ich pod uwag\u0119, gdybym musia\u0142a wys\u0142a\u0107 lub przenie\u015b\u0107 si\u0119 za granic\u0119\".<\/em> - Jeff przez Consumer Affairs<\/li>\n<li> <em>\"Og\u00f3lnie rzecz bior\u0105c, moje do\u015bwiadczenie by\u0142o wspania\u0142e! W razie potrzeby wsp\u00f3\u0142pracowa\u0142bym z nimi ponownie\".<\/em> - Sade przez Trustpliot<\/li>\n<\/ul>\n<p><strong>Negatywny:<\/strong><\/p>\n<ul>\n<li> <em>\"Jestem bardzo rozczarowany i nigdy nie poleci\u0142bym nikomu firmy International Van Lines.<\/em> - Ezeibe via Trustpilot<\/li>\n<li> <em>\"Stracili dywan i inne rzeczy\".<\/em> - Maritini Dog via Move.org<\/li>\n<li> <em>\"Z\u0142y brak komunikacji na pocz\u0105tku, kiedy faktycznie b\u0119d\u0105 przenosi\u0107 nasze rzeczy do nowego domu\".<\/em> - Erin przez Consumer Affairs<\/li>\n<\/ul>\n<div itemprop=\"review\" itemscope itemtype=\"http:\/\/schema.org\/Review\">\n<span itemprop=\"author\" itemscope=\"\" itemtype=\"http:\/\/schema.org\/Organization\"><span itemprop=\"name\">MoverDB.com<\/span><\/span> Przegl\u0105d stron internetowych dla <span itemprop=\"itemreviewed\" itemscope=\"\" itemtype=\"http:\/\/schema.org\/Brand\"><span itemprop=\"name\">Mi\u0119dzynarodowe Linie Van Lines<\/span><\/span>:<\/p>\n<ol>\n<li> Przejrzyste dane kontaktowe na stronie internetowej (w tym numer telefonu): <strong>Tak<\/strong><\/li>\n<li> \u0141atwe do uzyskania <a href=\"https:\/\/moverdb.com\/pl\/cytaty\/\">oferty na przeprowadzki mi\u0119dzynarodowe<\/a>? (formularz wniosku o wycen\u0119 online): <strong>Tak<\/strong><\/li>\n<li> Przejrzyste informacje na stronie internetowej: <strong>Tak.<\/strong> Na stronie internetowej w przejrzysty spos\u00f3b przedstawiono wszystkie us\u0142ugi oferowane przez firm\u0119.<\/li>\n<li> Cz\u0142onkostwo w uznanych mi\u0119dzynarodowych organizacjach zajmuj\u0105cych si\u0119 przemieszczaniem: <strong>Tak<\/strong>, (patrz wy\u017cej)<\/li>\n<li> Lista klient\u00f3w i\/lub referencje poprzednich klient\u00f3w. <strong>Tak,<\/strong> Na swojej stronie internetowej maj\u0105 recenzje online, a tak\u017ce wiele pozytywnych opinii w sieci.<\/li>\n<\/ol>\n<div itemprop=\"reviewRating\" itemscope itemtype=\"http:\/\/schema.org\/Rating\"><meta itemprop=\"worstRating\" content = \"0\" \/><meta itemprop=\"bestRating\" content=\"5\" \/><meta itemprop=\"ratingValue\" content=\"5\"><\/div>\n<p><strong>Og\u00f3lna ocena: 5\/5<\/strong><br \/>\n<strong>Data przegl\u0105du:<\/strong> <span itemprop=\"datePublished\" content=\"2019-09-20\">20\/09\/2019<\/span>\n<\/div>\n<p>Czytaj wi\u0119cej o <a href=\"https:\/\/moverdb.com\/pl\/firmy-przeprowadzkowe\/\">firmy zajmuj\u0105ce si\u0119 przeprowadzkami mi\u0119dzynarodowymi<\/a>, <a href=\"https:\/\/moverdb.com\/pl\/usa-kanada-movers\/\">firmy zajmuj\u0105ce si\u0119 przeprowadzkami krajowymi<\/a> i nasze <a href=\"https:\/\/moverdb.com\/pl\/recenzje\/\">obja\u015bnienie procesu przegl\u0105du<\/a>.<\/p>\n<p><strong>Strona internetowa:<\/strong> <a href=\"https:\/\/internationalvanlines.com\/\" target=\"_blank\" rel=\"noopener noreferrer\">https:\/\/internationalvanlines.com\/<\/a><\/p>","protected":false},"excerpt":{"rendered":"<p>International Van Lines is an American based mover founded in 2000 and is now one the largest international moving companies in the world. They have been rated as The Best Moving Company by Consumer Advocate in 2017, 2018 and 2019. Here are some of the services they provide: Full Container Load (FCL) Shipping Dry Containers [&hellip;]<\/p>\n","protected":false},"author":1,"featured_media":0,"parent":0,"menu_order":0,"comment_status":"closed","ping_status":"closed","template":"","meta":{"_genesis_hide_title":false,"_genesis_hide_breadcrumbs":false,"_genesis_hide_singular_image":false,"_genesis_hide_footer_widgets":false,"_genesis_custom_body_class":"","_genesis_custom_post_class":"","_genesis_layout":"","footnotes":""},"class_list":{"0":"post-3392","1":"page","2":"type-page","3":"status-publish","5":"entry","6":"has-post-thumbnail"},"_links":{"self":[{"href":"https:\/\/moverdb.com\/pl\/wp-json\/wp\/v2\/pages\/3392","targetHints":{"allow":["GET"]}}],"collection":[{"href":"https:\/\/moverdb.com\/pl\/wp-json\/wp\/v2\/pages"}],"about":[{"href":"https:\/\/moverdb.com\/pl\/wp-json\/wp\/v2\/types\/page"}],"author":[{"embeddable":true,"href":"https:\/\/moverdb.com\/pl\/wp-json\/wp\/v2\/users\/1"}],"replies":[{"embeddable":true,"href":"https:\/\/moverdb.com\/pl\/wp-json\/wp\/v2\/comments?post=3392"}],"version-history":[{"count":3,"href":"https:\/\/moverdb.com\/pl\/wp-json\/wp\/v2\/pages\/3392\/revisions"}],"predecessor-version":[{"id":3396,"href":"https:\/\/moverdb.com\/pl\/wp-json\/wp\/v2\/pages\/3392\/revisions\/3396"}],"wp:attachment":[{"href":"https:\/\/moverdb.com\/pl\/wp-json\/wp\/v2\/media?parent=3392"}],"curies":[{"name":"wp","href":"https:\/\/api.w.org\/{rel}","templated":true}]}}