{"id":320,"date":"2016-05-17T21:20:57","date_gmt":"2016-05-17T21:20:57","guid":{"rendered":"http:\/\/moverdb.com\/?page_id=320"},"modified":"2026-01-08T14:40:08","modified_gmt":"2026-01-08T14:40:08","slug":"matthew-james","status":"publish","type":"page","link":"https:\/\/moverdb.com\/pl\/matthew-james\/","title":{"rendered":"Matthew James Globalne Relokacje"},"content":{"rendered":"<p>Matthew James Global Relocations jest firm\u0105 prywatn\u0105, kt\u00f3ra oferuje wiele us\u0142ug dla os\u00f3b i firm przeprowadzaj\u0105cych si\u0119 za granic\u0119 i lokalnie. Poni\u017cej wymieniono jej us\u0142ugi wraz z profilem firmy i opiniami.<\/p>\n<p><strong>Przeprowadzki mi\u0119dzynarodowe<\/strong><\/p>\n<ul>\n<li> Pe\u0142na obs\u0142uga od drzwi do drzwi<\/li>\n<li> Us\u0142ugi pakowania i oklejania w eksporcie<\/li>\n<li> Us\u0142ugi rozpakowywania i ponownego monta\u017cu<\/li>\n<li> <a href=\"https:\/\/moverdb.com\/pl\/container-shipping\/\" data-internallinksmanager029f6b8e52c=\"3\" title=\"Wykres stawek mi\u0119dzynarodowego transportu kontenerowego: Kwiecie\u0144 2026 r.\">Wysy\u0142ka mi\u0119dzynarodowa<\/a> spis<\/li>\n<li> Przesy\u0142ki dedykowane i drobnicowe<\/li>\n<li> Pomoc w odprawie celnej<\/li>\n<li> Skrzyniowanie na miar\u0119 dla przedmiot\u00f3w kruchych i delikatnych<\/li>\n<li> Mi\u0119dzynarodowa ochrona ubezpieczeniowa na morzu g\u0142\u0119bokim<\/li>\n<li> Og\u00f3lna ochrona ubezpieczeniowa<\/li>\n<\/ul>\n<p><strong>Przeprowadzki europejskie<\/strong><\/p>\n<ul>\n<li> Pe\u0142na obs\u0142uga od drzwi do drzwi<\/li>\n<li> Pakowanie, oklejanie i rozpakowywanie<\/li>\n<li> <a href=\"https:\/\/moverdb.com\/pl\/samochod-transport-wysylka\/\">Pojazd<\/a>, transport \u0142odzi\u0105 i rowerem<\/li>\n<li> Ustalone ubezpieczenie<\/li>\n<\/ul>\n<p><strong>Przeprowadzki krajowe<\/strong><\/p>\n<ul>\n<li> Pe\u0142na obs\u0142uga od drzwi do drzwi<\/li>\n<li> Pakowanie, oklejanie i rozpakowywanie<\/li>\n<li> Automatyczne ubezpieczenie do kwoty 50 000 GBP<\/li>\n<\/ul>\n<p><strong>Przechowywanie w Londynie i <a href=\"https:\/\/moverdb.com\/pl\/moving-to-spain\/\" data-internallinksmanager029f6b8e52c=\"266\" title=\"Przeprowadzasz si\u0119 do Hiszpanii? 2026 Koszty \u017cycia i wskaz\u00f3wki dotycz\u0105ce przeprowadzki\">Hiszpania<\/a><\/strong><\/p>\n<ul>\n<li> Magazynowanie w kontenerach<\/li>\n<li> Magazynowanie samodzielne<\/li>\n<li> Przechowywanie archiw\u00f3w<\/li>\n<\/ul>\n<h2>Matthew James Profil firmy<\/h2>\n<p>Firma Matthew James Global Relocations od trzech pokole\u0144 zajmuje si\u0119 przeprowadzkami ludzi na ca\u0142ym \u015bwiecie. Dzi\u0119ki niezawodnej wsp\u00f3\u0142pracy z globalnymi partnerami firma obs\u0142uguje ponad 25 000 miejsc docelowych w ponad 300 krajach. Firma specjalizuje si\u0119 w przeprowadzkach do Hiszpanii i posiada trzy biura w tym kraju.<\/p>\n<p>Obecny dyrektor naczelny, Matthew De-Machen, od dziecka pasjonowa\u0142 si\u0119 samochodami ci\u0119\u017carowymi, co zosta\u0142o uwzgl\u0119dnione w dzia\u0142alno\u015bci firmy. <\/p>\n<p>Firma zas\u0142yn\u0119\u0142a z wysokiej jako\u015bci pojazd\u00f3w dostosowanych do indywidualnych potrzeb klient\u00f3w, a w ofercie znajduj\u0105 si\u0119 nawet modele pojazd\u00f3w, kt\u00f3re mo\u017cna kupi\u0107. Zami\u0142owanie Matthew De-Machena do perfekcji w ci\u0119\u017car\u00f3wkach przenios\u0142o si\u0119 na firm\u0119 Matthew James, kt\u00f3ra twierdzi, \u017ce tylko perfekcja jest w stanie to osi\u0105gn\u0105\u0107.<\/p>\n<p>Przynale\u017cno\u015b\u0107 i akredytacje Matthew James Relocation Services:<\/p>\n<ul>\n<li> <a href=\"https:\/\/moverdb.com\/pl\/british-association-of-removers\/\">Brytyjskie Stowarzyszenie Przeprowadzek (BAR)<\/a><\/li>\n<li> <a href=\"https:\/\/moverdb.com\/pl\/jestem\/\">Mi\u0119dzynarodowe Stowarzyszenie Przewo\u017anik\u00f3w (IAM)<\/a><\/li>\n<li> <a href=\"https:\/\/moverdb.com\/pl\/bar-overseas\/\">British Association of Removers - International Associate<\/a><\/li>\n<li> QAS International<\/li>\n<li> <a href=\"https:\/\/moverdb.com\/pl\/fedemac\/\">Fedemac European Movers<\/a><\/li>\n<li> Program Uznawania Operator\u00f3w Flot Samochodowych (FORS) - z\u0142oto<\/li>\n<li> Standard us\u0142ug gwarantuj\u0105cych jako\u015b\u0107 - Przeprowadzki mebli i przeprowadzki zagraniczne<\/li>\n<li> Instytut Standard\u00f3w Handlu (TSI)<\/li>\n<\/ul>\n<h2>Matthew James Relocation Reviews<\/h2>\n<p><strong>Pozytywne<\/strong><\/p>\n<ul>\n<li> <em>\"Bardzo uprzejmi na obu etapach przeprowadzki. Wygl\u0105da na to, \u017ce wszystkie nasze rzeczy przetrwa\u0142y podr\u00f3\u017c\".<\/em> - przez <a href=\"http:\/\/www.referenceline.com\/removers_removals-in-dartford-matthewjamesremovalsstorageltd-14758\" target=\"_blank\" rel=\"noopener\">Linia referencyjna<\/a>.<\/li>\n<li> <em>\"profesjonalny, uprzejmy, skuteczny, weso\u0142y\".<\/em> - przez <a href=\"https:\/\/www.trustedmover.org\/questionnaire\/7167\" target=\"_blank\" rel=\"noopener\">Zaufany przewo\u017anik<\/a><\/li>\n<li> <em>\"Nie mam nic poza pochwa\u0142ami za wspania\u0142y spos\u00f3b, w jaki pracownicy firmy Mathew James zaj\u0119li si\u0119 moj\u0105 przeprowadzk\u0105, od wst\u0119pnej konsultacji, wyceny i pakowania po dostaw\u0119.\"<\/em> - przez <a href=\"http:\/\/www.reviews.co.uk\/company-reviews\/store\/matthew-james-removals\" target=\"_blank\" rel=\"noopener\">Reviews.co.uk<\/a><\/li>\n<\/ul>\n<p><strong>Negatywny<\/strong><\/p>\n<ul>\n<li> <em>\"Kompletne lekcewa\u017cenie klient\u00f3w i absolutny brak opieki\".<\/em> - przez <a href=\"https:\/\/www.yell.com\/biz\/matthew-james-removals-and-storage-dartford-8459632\/\" target=\"_blank\" rel=\"noopener\">Yell<\/a><\/li>\n<\/ul>\n<div itemprop=\"review\" itemscope itemtype=\"http:\/\/schema.org\/Review\">\n<span itemprop=\"author\" itemscope=\"\" itemtype=\"http:\/\/schema.org\/Organization\"><span itemprop=\"name\">MoverDB.com<\/span><\/span> Przegl\u0105d stron internetowych dla <span itemprop=\"itemreviewed\" itemscope=\"\" itemtype=\"http:\/\/schema.org\/Brand\"><span itemprop=\"name\">Matthew James Przeprowadzki<\/span><\/span>:<\/p>\n<ol>\n<li> Przejrzyste dane kontaktowe na stronie internetowej (w tym numer telefonu): <strong>Tak<\/strong><\/li>\n<li> \u0141atwe do uzyskania <a href=\"https:\/\/moverdb.com\/pl\/cytaty\/\">oferty na przeprowadzki mi\u0119dzynarodowe<\/a>? (formularz wniosku o wycen\u0119 online): <strong>Tak<\/strong><\/li>\n<li> Przejrzyste informacje na stronie internetowej: <strong>Cz\u0119\u015bciowe.<\/strong> Strona internetowa nie zawiera wielu przydatnych informacji i sugeruje kontakt z firm\u0105 w celu uzyskania szczeg\u00f3\u0142owych danych.<\/li>\n<li> Cz\u0142onkostwo w uznanych mi\u0119dzynarodowych organizacjach zajmuj\u0105cych si\u0119 przemieszczaniem: <strong>Tak<\/strong>patrz wy\u017cej.<\/li>\n<li> Lista klient\u00f3w i\/lub referencje poprzednich klient\u00f3w: <strong>Cz\u0119\u015bciowe.<\/strong> Na stronie nie ma listy klient\u00f3w, ale mo\u017cna przej\u015b\u0107 na stron\u0119 ReferenceLine, aby zapozna\u0107 si\u0119 z referencjami.<\/li>\n<\/ol>\n<div itemprop=\"reviewRating\" itemscope itemtype=\"http:\/\/schema.org\/Rating\"><meta itemprop=\"worstRating\" content = \"0\" \/><meta itemprop=\"bestRating\" content=\"5\" \/><meta itemprop=\"ratingValue\" content=\"4.5\"><\/div>\n<p><strong>Ocena og\u00f3lna: 4,5\/5<\/strong><br \/>\n<strong>Data przegl\u0105du:<\/strong> <span itemprop=\"datePublished\" content=\"2016-05-017\">17\/05\/2016<\/span><\/p>\n<\/div>\n<p>Wi\u0119cej na temat <a href=\"https:\/\/moverdb.com\/pl\/przeprowadzki-miedzynarodowe\/\">Firmy przeprowadzkowe w Wielkiej Brytanii<\/a> i nasze <a href=\"https:\/\/moverdb.com\/pl\/recenzje\/\">obja\u015bnienie procesu przegl\u0105du<\/a>.<\/p>\n<p><strong>Strona internetowa:<\/strong> <a href=\"http:\/\/www.matthewjamesremovals.com\/\" target=\"_blank\" rel=\"noopener\">http:\/\/www.matthewjamesremovals.com\/<\/a><\/p>","protected":false},"excerpt":{"rendered":"<p>Matthew James Global Relocations is a privately owned company which offers many services for individuals and companies moving abroad and locally. Its services are listed below, together with a company profile and reviews. International Relocations Complete door to door service Export packing and wrapping services Unpacking and reassembly services International shipping inventory Dedicated and Groupage [&hellip;]<\/p>\n","protected":false},"author":1,"featured_media":0,"parent":0,"menu_order":0,"comment_status":"closed","ping_status":"closed","template":"","meta":{"_genesis_hide_title":false,"_genesis_hide_breadcrumbs":false,"_genesis_hide_singular_image":false,"_genesis_hide_footer_widgets":false,"_genesis_custom_body_class":"","_genesis_custom_post_class":"","_genesis_layout":"","footnotes":""},"class_list":{"0":"post-320","1":"page","2":"type-page","3":"status-publish","5":"entry"},"_links":{"self":[{"href":"https:\/\/moverdb.com\/pl\/wp-json\/wp\/v2\/pages\/320","targetHints":{"allow":["GET"]}}],"collection":[{"href":"https:\/\/moverdb.com\/pl\/wp-json\/wp\/v2\/pages"}],"about":[{"href":"https:\/\/moverdb.com\/pl\/wp-json\/wp\/v2\/types\/page"}],"author":[{"embeddable":true,"href":"https:\/\/moverdb.com\/pl\/wp-json\/wp\/v2\/users\/1"}],"replies":[{"embeddable":true,"href":"https:\/\/moverdb.com\/pl\/wp-json\/wp\/v2\/comments?post=320"}],"version-history":[{"count":12,"href":"https:\/\/moverdb.com\/pl\/wp-json\/wp\/v2\/pages\/320\/revisions"}],"predecessor-version":[{"id":13173,"href":"https:\/\/moverdb.com\/pl\/wp-json\/wp\/v2\/pages\/320\/revisions\/13173"}],"wp:attachment":[{"href":"https:\/\/moverdb.com\/pl\/wp-json\/wp\/v2\/media?parent=320"}],"curies":[{"name":"wp","href":"https:\/\/api.w.org\/{rel}","templated":true}]}}