{"id":303,"date":"2016-05-03T20:16:23","date_gmt":"2016-05-03T20:16:23","guid":{"rendered":"http:\/\/moverdb.com\/?page_id=303"},"modified":"2026-01-08T13:18:30","modified_gmt":"2026-01-08T13:18:30","slug":"harrow-green","status":"publish","type":"page","link":"https:\/\/moverdb.com\/pl\/harrow-green\/","title":{"rendered":"Przeprowadzki mi\u0119dzynarodowe i przeprowadzki Harrow Green Opinie"},"content":{"rendered":"<p>Firma Harrow Green specjalizuje si\u0119 g\u0142\u00f3wnie w przeprowadzkach biznesowych, zar\u00f3wno krajowych, jak i mi\u0119dzynarodowych. Poni\u017cej przedstawiamy ich podstawowe us\u0142ugi wraz z opiniami o firmie.<\/p>\n<h2>Us\u0142ugi przeprowadzek Harrow Green<\/h2>\n<p><strong>Przeprowadzki mi\u0119dzynarodowe<\/strong><\/p>\n<ul>\n<li> Us\u0142ugi pakowania<\/li>\n<li> Transport<\/li>\n<li> Us\u0142ugi magazynowania<\/li>\n<li> Pakiet docelowy<\/li>\n<li> Ubezpieczenia<\/li>\n<li> Us\u0142ugi docelowe, takie jak pomoc podr\u0119czna, poszukiwanie domu i przenoszenie zwierz\u0105t domowych<\/li>\n<\/ul>\n<p><strong>Przeprowadzki firm<\/strong><\/p>\n<ul>\n<li> Planowanie przestrzeni<\/li>\n<li> Dostawa nowych mebli<\/li>\n<li> Demonta\u017c i ponowny monta\u017c istniej\u0105cych mebli<\/li>\n<li> Przyjazna dla \u015brodowiska utylizacja niepotrzebnego sprz\u0119tu<\/li>\n<li> Programy recyklingu i ponownego u\u017cycia<\/li>\n<li> Rozwi\u0105zania w zakresie przechowywania poza siedzib\u0105 firmy<\/li>\n<li> Wynajem skrzy\u0144<\/li>\n<\/ul>\n<p><strong>Przeniesienie technologii<\/strong><\/p>\n<ul>\n<li> Us\u0142ugi podstawowe obejmuj\u0105 komputery, stacje robocze i wszystkie urz\u0105dzenia peryferyjne (takie jak drukarki i skanery), a tak\u017ce stacjonarny sprz\u0119t do transmisji g\u0142osu i danych.<\/li>\n<li> Szczeg\u00f3\u0142owy audyt przed przeprowadzk\u0105<\/li>\n<li> Aktualizacje systemu<\/li>\n<\/ul>\n<p><strong>Recykling i ponowne wykorzystanie<\/strong><\/p>\n<ul>\n<li> Darowizna na cele charytatywne<\/li>\n<li> Odsprzeda\u017c<\/li>\n<li> Renowacja<\/li>\n<li> Recykling<\/li>\n<li> Oczyszczanie biura<\/li>\n<\/ul>\n<p><strong>Us\u0142ugi magazynowania<\/strong><\/p>\n<ul>\n<li> Przechowywanie mebli<\/li>\n<li> Kontrola i zarz\u0105dzanie zapasami<\/li>\n<li> Dziedzictwo kulturowe i sk\u0142adowanie specjalistyczne<\/li>\n<\/ul>\n<p><strong>Zarz\u0105dzanie dokumentacj\u0105<\/strong><\/p>\n<ul>\n<li> Przechowywanie dokument\u00f3w<\/li>\n<li> \u015aledzenie dokument\u00f3w online<\/li>\n<li> Skanowanie na \u017c\u0105danie<\/li>\n<li> Bezpiecze\u0144stwo przechowywania dokument\u00f3w<\/li>\n<li> Bezpiecze\u0144stwo dziedzictwa<\/li>\n<li> Przechowywanie w chmurze<\/li>\n<li> Magazynowanie na ta\u015bmach<\/li>\n<li> Biuro domowe i sprawy osobiste<\/li>\n<\/ul>\n<h2>Profil firmy Harrow Green<\/h2>\n<p>Firma Harrow Green ma trzy dekady do\u015bwiadczenia w relokacji firm i z biegiem lat rozszerzy\u0142a swoje us\u0142ugi, aby sprosta\u0107 potrzebom klient\u00f3w i ich rozwijaj\u0105cych si\u0119 organizacji. <\/p>\n<p>Okre\u015blaj\u0105 si\u0119 jako numer jeden w\u015br\u00f3d firm zajmuj\u0105cych si\u0119 przeprowadzkami komercyjnymi. Od 20 lat firma Harrow Green jest w pe\u0142ni zintegrowanym partnerem UBS w zakresie \u015bwiadczenia us\u0142ug.<\/p>\n<p>Firma rozpocz\u0119\u0142a swoj\u0105 dzia\u0142alno\u015b\u0107 w latach 80. od przeprowadzek IT, a w latach 90. do\u0142\u0105czy\u0142a dzia\u0142 zarz\u0105dzania dokumentacj\u0105 i przeprowadzek mi\u0119dzynarodowych. Harrow Green skupia si\u0119 przede wszystkim na przeprowadzkach firm, g\u0142\u00f3wnie korporacji, organizacji publicznych oraz ma\u0142ych i \u015brednich przedsi\u0119biorstw. <\/p>\n<p>Oferuje jednak ograniczone us\u0142ugi osobiste. <\/p>\n<p>Harrow Green jest cz\u0119\u015bci\u0105 Restore plc od lutego 2012 roku, firmy, kt\u00f3rej celem jest bycie wiod\u0105cym na rynku <a href=\"https:\/\/moverdb.com\/pl\/moving-to-the-uk\/\" data-internallinksmanager029f6b8e52c=\"93\" title=\"Przeprowadzasz si\u0119 do Wielkiej Brytanii? 2026 Koszty \u017cycia i wskaz\u00f3wki dotycz\u0105ce przeprowadzki\">UK<\/a> grupa us\u0142ug biurowych. Restore plc to notowana na AIM firma \u015bwiadcz\u0105ca us\u0142ugi wsparcia, kt\u00f3ra wesz\u0142a na gie\u0142d\u0119 w 2004 roku.<\/p>\n<p><strong>Nagrody<\/strong><\/p>\n<ul>\n<li> Finalista Nagrody PFM dla Partnerstwa<\/li>\n<li> Handlowy przewo\u017anik roku 2014<\/li>\n<li> Nagroda za najlepsz\u0105 innowacj\u0119 w us\u0142ugach FM<\/li>\n<li> Nagroda BIFM dla Najlepszego Wspieraj\u0105cego Firm\u0119<\/li>\n<li> Wyr\u00f3\u017cniony jako \"jeden z najlepszych do obserwowania\" przez Best Companies<\/li>\n<li> Nominacja do nagrody EMMA w konkursie <a href=\"https:\/\/moverdb.com\/pl\/moving-companies\/\" data-internallinksmanager029f6b8e52c=\"79\" title=\"25 najlepszych firm przeprowadzek mi\u0119dzynarodowych online\">Firma zajmuj\u0105ca si\u0119 przeprowadzkami mi\u0119dzynarodowymi<\/a> Roku<\/li>\n<li> Finalista w kategorii Uczenie si\u0119 i rozw\u00f3j kariery w konkursie BIFM Awards 2015<\/li>\n<li> Finalista Nagrody East London Chamber of Commerce\/Docklands Business Awards<\/li>\n<li> Sprzedawca roku UBS<\/li>\n<li> Finali\u015bci w kategorii Doskona\u0142a Obs\u0142uga Klienta na <a href=\"\" data-internallinksmanager029f6b8e52c=\"34\" title=\"Birmingham\">Birmingham<\/a> Nagrody Izby Handlowej dla przedsi\u0119biorc\u00f3w.<\/li>\n<\/ul>\n<p><strong>Cz\u0142onkostwo i certyfikaty<\/strong> <\/p>\n<ul>\n<li> Standard Doskona\u0142o\u015bci Obs\u0142ugi Klienta SGS<\/li>\n<li> Certyfikat BS 8522<\/li>\n<li> ISO 9001 Systemy zarz\u0105dzania jako\u015bci\u0105 - Cert FS 34113<\/li>\n<li> <a href=\"https:\/\/moverdb.com\/pl\/fidi-faim\/\">Certyfikat FIDI FAIMPlus<\/a><\/li>\n<li> Zatwierdzony przez JAUPT do prowadzenia szkole\u0144<\/li>\n<li> Certyfikat Achilles\/UVDB (kategoria B2)<\/li>\n<li> Certyfikat zgodno\u015bci z programem zgodno\u015bci dla sektora bezpiecznych wykonawc\u00f3w<\/li>\n<li> Certyfikat zgodno\u015bci z programem zgodno\u015bci sektorowej CHAS<\/li>\n<li> Certyfikat zgodno\u015bci z programem zgodno\u015bci dla sektora budowlanego<\/li>\n<li> Cz\u0142onek korporacyjny Brytyjskiego Instytutu Zarz\u0105dzania Obiektami<\/li>\n<li> Partner strategiczny O'Neil w zakresie system\u00f3w zarz\u0105dzania dokumentacj\u0105<\/li>\n<li> Cz\u0142onek <a href=\"https:\/\/moverdb.com\/pl\/british-association-of-removers\/\">BAR, Brytyjskie Stowarzyszenie Przedsi\u0119biorc\u00f3w Przeprowadzkowych<\/a><\/li>\n<li> <a href=\"https:\/\/moverdb.com\/pl\/bar-overseas\/\">BAR Overseas Group<\/a><\/li>\n<li> <a href=\"https:\/\/moverdb.com\/pl\/fidi-faim\/\">Cz\u0142onek FIDI<\/a>organizacja reprezentuj\u0105ca osoby przemieszczaj\u0105ce si\u0119 na ca\u0142ym \u015bwiecie<\/li>\n<li> Cz\u0142onek RoSPA - Kr\u00f3lewskiego Towarzystwa Zapobiegania Wypadkom<\/li>\n<li> <a href=\"https:\/\/moverdb.com\/pl\/jestem\/\">Cz\u0142onek IAM - Mi\u0119dzynarodowego Stowarzyszenia Przewo\u017anik\u00f3w<\/a><\/li>\n<li> Upowa\u017cniony cz\u0142onek i przedstawiciel <a href=\"https:\/\/moverdb.com\/pl\/british-association-of-removers\/\" data-internallinksmanager029f6b8e52c=\"9\" title=\"Brytyjskie Stowarzyszenie Przeprowadzek (BAR) - obja\u015bnienia\">Brytyjskie Stowarzyszenie Przeprowadzek<\/a> DBA the <a href=\"https:\/\/moverdb.com\/pl\/mtc\/\">Movers Trading Club<\/a> (<a href=\"https:\/\/moverdb.com\/pl\/mtc\/\" data-internallinksmanager029f6b8e52c=\"30\" title=\"Movers Trading Club (MTC) - obja\u015bnienia\">MTC<\/a>)<\/li>\n<\/ul>\n<h2>Opinie o firmie Harrow Green Removals<\/h2>\n<div itemprop=\"review\" itemscope itemtype=\"http:\/\/schema.org\/Review\">\n<span itemprop=\"author\" itemscope=\"\" itemtype=\"http:\/\/schema.org\/Organization\"><span itemprop=\"name\">MoverDB.com<\/span><\/span> Przegl\u0105d stron internetowych dla <span itemprop=\"itemreviewed\" itemscope=\"\" itemtype=\"http:\/\/schema.org\/Brand\"><span itemprop=\"name\">Harrow Green<\/span><\/span>:<\/p>\n<ol>\n<li> Przejrzyste dane kontaktowe na stronie internetowej (w tym numer telefonu)? <strong>Tak<\/strong><\/li>\n<li> \u0141atwe do uzyskania <a href=\"https:\/\/moverdb.com\/pl\/cytaty\/\">oferty na przeprowadzki mi\u0119dzynarodowe<\/a>? (formularz wniosku o wycen\u0119 online): <strong>Cz\u0119\u015bciowa<\/strong>Istnieje formularz e-mailowy, ale nie ma odpowiedniego formularza wyceny.<\/li>\n<li> Przejrzyste informacje na stronie internetowej: <strong>Tak<\/strong>Strona internetowa jest dobrze zorganizowana, \u0142atwa do zrozumienia i u\u017cytkowania. Brakuje tylko wyceny\/formularza wyceny.<\/li>\n<li> Cz\u0142onkostwo w uznanych mi\u0119dzynarodowych organizacjach zajmuj\u0105cych si\u0119 przemieszczaniem: <strong>Tak<\/strong><\/li>\n<li> Lista klient\u00f3w i\/lub referencje poprzednich klient\u00f3w: <strong>Tak<\/strong><\/li>\n<\/ol>\n<div itemprop=\"reviewRating\" itemscope itemtype=\"http:\/\/schema.org\/Rating\"><meta itemprop=\"worstRating\" content = \"0\" \/><meta itemprop=\"bestRating\" content=\"5\" \/><meta itemprop=\"ratingValue\" content=\"4.5\"><\/div>\n<p><strong>Ocena og\u00f3lna: 4,5\/5<\/strong><br \/>\n<strong>Data przegl\u0105du:<\/strong> <span itemprop=\"datePublished\" content=\"2018-01-15\">15\/01\/2018<\/span>\n<\/div>\n<p>Wi\u0119cej na temat <a href=\"https:\/\/moverdb.com\/pl\/przeprowadzki-miedzynarodowe\/\">Firmy przeprowadzkowe w Wielkiej Brytanii<\/a> i nasze <a href=\"https:\/\/moverdb.com\/pl\/recenzje\/\">obja\u015bnienie procesu przegl\u0105du<\/a>.<\/p>\n<p><strong>Strona internetowa:<\/strong> <a href=\"https:\/\/www.harrowgreeninternational.com\/\" target=\"_blank\" rel=\"noopener noreferrer\">https:\/\/www.harrowgreeninternational.com\/<\/a><\/p>","protected":false},"excerpt":{"rendered":"<p>Harrow Green specialise primarily in business removals, both domestic and international. Below are their core services along with reviews about the company. Harrow Green Removals Services International moving Packing services Transportation Storage services Destination package Insurance Destination services, such as handyman, home search and pet relocation Business removals Space planning New furniture supply Dismantling and [&hellip;]<\/p>\n","protected":false},"author":1,"featured_media":0,"parent":0,"menu_order":0,"comment_status":"closed","ping_status":"closed","template":"","meta":{"_genesis_hide_title":false,"_genesis_hide_breadcrumbs":false,"_genesis_hide_singular_image":false,"_genesis_hide_footer_widgets":false,"_genesis_custom_body_class":"","_genesis_custom_post_class":"","_genesis_layout":"","footnotes":""},"class_list":{"0":"post-303","1":"page","2":"type-page","3":"status-publish","5":"entry"},"_links":{"self":[{"href":"https:\/\/moverdb.com\/pl\/wp-json\/wp\/v2\/pages\/303","targetHints":{"allow":["GET"]}}],"collection":[{"href":"https:\/\/moverdb.com\/pl\/wp-json\/wp\/v2\/pages"}],"about":[{"href":"https:\/\/moverdb.com\/pl\/wp-json\/wp\/v2\/types\/page"}],"author":[{"embeddable":true,"href":"https:\/\/moverdb.com\/pl\/wp-json\/wp\/v2\/users\/1"}],"replies":[{"embeddable":true,"href":"https:\/\/moverdb.com\/pl\/wp-json\/wp\/v2\/comments?post=303"}],"version-history":[{"count":13,"href":"https:\/\/moverdb.com\/pl\/wp-json\/wp\/v2\/pages\/303\/revisions"}],"predecessor-version":[{"id":3300,"href":"https:\/\/moverdb.com\/pl\/wp-json\/wp\/v2\/pages\/303\/revisions\/3300"}],"wp:attachment":[{"href":"https:\/\/moverdb.com\/pl\/wp-json\/wp\/v2\/media?parent=303"}],"curies":[{"name":"wp","href":"https:\/\/api.w.org\/{rel}","templated":true}]}}