{"id":2804,"date":"2018-05-18T20:05:25","date_gmt":"2018-05-18T20:05:25","guid":{"rendered":"https:\/\/moverdb.com\/?page_id=2804"},"modified":"2026-01-08T14:48:10","modified_gmt":"2026-01-08T14:48:10","slug":"polityka-przetwarzania-danych","status":"publish","type":"page","link":"https:\/\/moverdb.com\/pl\/data-processing-policy\/","title":{"rendered":"Polityka przetwarzania danych"},"content":{"rendered":"<p>Niniejsze Zasady przetwarzania danych wyja\u015bniaj\u0105 w prostym j\u0119zyku, w jaki spos\u00f3b MoverDB.com przetwarza dane, aby\u015b m\u00f3g\u0142 dokona\u0107 \u015bwiadomego wyboru, czy chcesz korzysta\u0107 z naszych us\u0142ug, czy nie. Stworzyli\u015bmy je w odpowiedzi na GDPR. Jest to szczeg\u00f3\u0142owy, napisany prostym j\u0119zykiem dodatek do naszej <a href=\"https:\/\/moverdb.com\/pl\/polityka-prywatnosci\/\">Polityka prywatno\u015bci<\/a> oraz <a href=\"https:\/\/moverdb.com\/pl\/warunki-korzystania-z-serwisu\/\">Zasady i warunki<\/a>.<\/p>\n<p>MoverDB.com jest witryn\u0105 bezp\u0142atn\u0105 i nie ma obowi\u0105zku rejestracji i\/lub wprowadzania jakichkolwiek danych osobowych w celu korzystania z niej. Wszystkie informacje s\u0105 dost\u0119pne bezp\u0142atnie dla ka\u017cdego.<\/p>\n<p>Jednak\u017ce aktywnie i pasywnie gromadzimy i przetwarzamy dane, o kt\u00f3rych naszym zdaniem powiniene\u015b wiedzie\u0107. Wszystkie strony internetowe i dane s\u0105 przesy\u0142ane przy u\u017cyciu bezpiecznej technologii SSL.<\/p>\n<p>Wszystkie nasze dzia\u0142ania zwi\u0105zane z aktywnym przetwarzaniem danych (zob. poni\u017cej) s\u0105 wykonywane na zasadzie <strong>podstawa zgody<\/strong> a nasze dzia\u0142ania zwi\u0105zane z biernym przetwarzaniem danych (zob. poni\u017cej) s\u0105 wykonywane na <strong>podstawa uzasadnionego interesu<\/strong>. <\/p>\n<p>MoverDB.com przetwarza kilka rodzaj\u00f3w danych w kilku r\u00f3\u017cnych celach, korzystaj\u0105c z us\u0142ug kilku partner\u00f3w i platform zewn\u0119trznych.<\/p>\n<p><strong>Czynno\u015bci zwi\u0105zane z aktywnym przetwarzaniem danych <\/strong><\/p>\n<p>Nasz\u0105 podstawow\u0105 dzia\u0142alno\u015bci\u0105 w zakresie przetwarzania danych jest pomaganie ludziom w uzyskaniu ofert na przeprowadzki mi\u0119dzynarodowe za po\u015brednictwem bezp\u0142atnej, niezobowi\u0105zuj\u0105cej us\u0142ugi wyceny. Us\u0142uga ta jest przeznaczona dla os\u00f3b fizycznych zar\u00f3wno z UE, jak i spoza niej.<\/p>\n<p>Nale\u017cy r\u00f3wnie\u017c pami\u0119ta\u0107, \u017ce MoverDB.com nie dostarcza wycen samodzielnie, ale wsp\u00f3\u0142pracuje z <a href=\"https:\/\/moverdb.com\/pl\/international-removals\/\" data-internallinksmanager029f6b8e52c=\"27\" title=\"36 najlepszych firm zajmuj\u0105cych si\u0119 przeprowadzkami mi\u0119dzynarodowymi w Wielkiej Brytanii\">Przeprowadzki mi\u0119dzynarodowe<\/a> Direct, TriGlobal B.V. i MyMovingLoads, aby dostarczy\u0107 oferty. Ka\u017cdy z nich wsp\u00f3\u0142pracuje bezpo\u015brednio z w\u0142asnym zestawem <a href=\"https:\/\/moverdb.com\/pl\/moving-companies\/\" data-internallinksmanager029f6b8e52c=\"79\" title=\"25 najlepszych firm przeprowadzek mi\u0119dzynarodowych online\">firmy przeprowadzkowe<\/a>. <\/p>\n<p>Dlatego dzia\u0142amy zar\u00f3wno jako administrator danych (poniewa\u017c wysy\u0142amy im dane), jak i podmiot przetwarzaj\u0105cy dane (poniewa\u017c to oni informuj\u0105, jakich danych potrzebuj\u0105 i decyduj\u0105 o sposobie ich przetwarzania). Wszystkie dane, kt\u00f3re gromadzimy w ich imieniu(ach) s\u0105 niezb\u0119dne, aby pom\u00f3c w filtrowaniu dostawc\u00f3w, kt\u00f3rzy mog\u0105 by\u0107 odpowiedni dla Ciebie. Je\u015bli wolisz nie udost\u0119pnia\u0107 pewnych informacji, mo\u017cesz to zrobi\u0107 bez obaw i nadal mo\u017cesz znale\u017a\u0107 og\u00f3lne informacje na ten temat. <a href=\"https:\/\/moverdb.com\/pl\/przeladunek-w-kontenerach\/\">informacje o cenach tutaj<\/a>.<\/p>\n<p>To, z jak\u0105 firm\u0105 b\u0119dziesz mie\u0107 do czynienia w kwestii przetwarzania danych, zale\u017cy zar\u00f3wno od formy, z jakiej korzystasz, jak i od miejsca, z kt\u00f3rego si\u0119 przeprowadzasz.  <\/p>\n<p><strong>Formularz g\u0142\u00f3wny (na g\u00f3rze strony)<\/strong><\/p>\n<p>Nasz g\u0142\u00f3wny formularz wygl\u0105da tak:<\/p>\n<p><img loading=\"lazy\" decoding=\"async\" width=\"833\" height=\"365\" src=\"https:\/\/moverdb.com\/wp-content\/uploads\/Top-page-form.png\" alt=\"\" class=\"aligncenter size-full wp-image-3236\" srcset=\"https:\/\/moverdb.com\/wp-content\/uploads\/Top-page-form.png 833w, https:\/\/moverdb.com\/wp-content\/uploads\/Top-page-form-300x131.png 300w\" sizes=\"auto, (max-width: 833px) 100vw, 833px\" \/><\/p>\n<p>Dane z tego formularza zbieramy sami, a nast\u0119pnie decydujemy, gdzie zostan\u0105 przes\u0142ane.  <\/p>\n<p>Oto dane, kt\u00f3re s\u0105 gromadzone, oraz pow\u00f3d ich gromadzenia:<\/p>\n<ul>\n<li> Dok\u0105d si\u0119 przeprowadzasz: Pomaga to w uzyskaniu dok\u0142adnych wycen i filtrowaniu potencjalnych firm przeprowadzkowych.<\/li>\n<li> Aktualny adres\/kod pocztowy\/kod pocztowy\/miejscowo\u015b\u0107\/kraj: Pomaga to w uzyskaniu dok\u0142adnych wycen i filtrowaniu potencjalnych firm przeprowadzkowych.<\/li>\n<li> Do jakiego miasta si\u0119 przeprowadzasz: Pomaga to w uzyskaniu dok\u0142adnych wycen i filtrowaniu potencjalnych firm przeprowadzkowych.<\/li>\n<li> Szacunkowa wielko\u015b\u0107 przeprowadzki: To pomaga w uzyskaniu dok\u0142adnych wycen i filtrowaniu potencjalnych firm przeprowadzkowych.<\/li>\n<li> Przedmioty, kt\u00f3re maj\u0105 by\u0107 przewo\u017cone: Pomo\u017ce to uzyska\u0107 dok\u0142adn\u0105 wycen\u0119, przefiltrowa\u0107 potencjalne firmy przeprowadzkowe i upewni\u0107 si\u0119, \u017ce nie pr\u00f3bujesz przewozi\u0107 niczego nielegalnego.<\/li>\n<li> Przewidywana data przeprowadzki: Pomo\u017ce to w uzyskaniu dok\u0142adnej wyceny. Nale\u017cy r\u00f3wnie\u017c pami\u0119ta\u0107, \u017ce wi\u0119kszo\u015b\u0107 firm nie mo\u017ce podawa\u0107 wycen na przeprowadzki z wyprzedzeniem wi\u0119kszym ni\u017c 3 miesi\u0105ce.<\/li>\n<li> Twoje imi\u0119 i nazwisko: Aby firmy wiedzia\u0142y, z kim maj\u0105 do czynienia.<\/li>\n<li> Tw\u00f3j adres e-mail: Adres, na kt\u00f3ry mo\u017cna przesy\u0142a\u0107 oferty oraz spos\u00f3b skontaktowania si\u0119 z Tob\u0105 w sprawie Twojego zapytania.<\/li>\n<li> Tw\u00f3j numer telefonu: Wymagany, aby firmy mog\u0142y skontaktowa\u0107 si\u0119 z u\u017cytkownikiem w sprawie wyceny.<\/li>\n<\/ul>\n<p>Po wprowadzeniu wszystkich danych i przes\u0142aniu formularza zostan\u0105 wykonane nast\u0119puj\u0105ce czynno\u015bci:<\/p>\n<ul>\n<li> Zobaczysz nasz\u0105 wiadomo\u015b\u0107 z podzi\u0119kowaniem, kt\u00f3ra zawiera r\u00f3wnie\u017c narz\u0119dzie od <a href=\"https:\/\/moverdb.com\/pl\/international-money-transfer-services\/currencies-direct-review\/\" data-internallinksmanager029f6b8e52c=\"237\" title=\"Przegl\u0105d mi\u0119dzynarodowych przekaz\u00f3w pieni\u0119\u017cnych Currencies Direct 2023\">Currencies Direct<\/a> kt\u00f3re mog\u0105 pom\u00f3c w zorientowaniu si\u0119, jak wymieni\u0107 obc\u0105 walut\u0119.<\/li>\n<li> Dane z formularza s\u0105 nast\u0119pnie wysy\u0142ane za po\u015brednictwem bezpiecznego webhooka SSL do Zapier.com, kt\u00f3ry pomaga <a href=\"https:\/\/moverdb.com\/pl\/moving-to-the-united-states\/\" data-internallinksmanager029f6b8e52c=\"94\" title=\"Przeprowadzasz si\u0119 do Stan\u00f3w Zjednoczonych? 2026 Koszty \u017cycia i wskaz\u00f3wki dotycz\u0105ce przeprowadzki\">nas<\/a> do przetwarzania danych poprzez co\u015b, co nazywaj\u0105 Zap.<\/li>\n<li> Po otrzymaniu danych przez Zapier.com, Zapier filtruje wszystkie zebrane dane albo do International Removals Direct (przeprowadzka z <a href=\"https:\/\/moverdb.com\/pl\/moving-to-the-uk\/\" data-internallinksmanager029f6b8e52c=\"93\" title=\"Przeprowadzasz si\u0119 do Wielkiej Brytanii? 2026 Koszty \u017cycia i wskaz\u00f3wki dotycz\u0105ce przeprowadzki\">UK<\/a>) lub TriGlobal B.V. (przeprowadzka z dowolnego miejsca na \u015bwiecie) poprzez bezpieczny webhook SSL. Firmy te zweryfikuj\u0105 Twoje dane i prze\u015bl\u0105 zapytanie do 6 odpowiednich firm przeprowadzkowych, kt\u00f3re z kolei mog\u0105 si\u0119 z Tob\u0105 skontaktowa\u0107 telefonicznie i\/lub mailowo. Nie jeste\u015b zobowi\u0105zany do zakupu czegokolwiek i mo\u017cesz poinformowa\u0107 ich, \u017ce nie chcesz kontynuowa\u0107. Ponadto, mo\u017cesz r\u00f3wnie\u017c poprosi\u0107 nas o anulowanie zapytania korzystaj\u0105c z naszego <a href=\"https:\/\/moverdb.com\/pl\/kontakt-us\/\">formularz kontaktowy<\/a>.<\/li>\n<li> Po przes\u0142aniu danych Zapier wy\u015ble adres e-mail wprowadzony w formularzu do Mailchimp za pomoc\u0105 integracji Zapier. To spowoduje wys\u0142anie automatycznej wiadomo\u015bci e-mail, kt\u00f3ra potwierdzi Twoj\u0105 pro\u015bb\u0119 i ponownie wyja\u015bni, czego mo\u017cesz si\u0119 spodziewa\u0107. Nast\u0119pnie, oko\u0142o 5 dni po z\u0142o\u017ceniu wniosku, zostanie wys\u0142ana 1 wiadomo\u015b\u0107 e-mail zawieraj\u0105ca wi\u0119cej informacji na temat przenoszenia pieni\u0119dzy za granic\u0119 wraz z towarami. Wiadomo\u015b\u0107 ta jest wysy\u0142ana, poniewa\u017c zauwa\u017cyli\u015bmy, \u017ce wiele os\u00f3b jest zdezorientowanych co do r\u00f3\u017cnych opcji wysy\u0142ania pieni\u0119dzy za granic\u0119. Mo\u017cesz \u0142atwo zrezygnowa\u0107 z subskrypcji wszystkich e-maili, klikaj\u0105c na link rezygnacji z subskrypcji znajduj\u0105cy si\u0119 na g\u00f3rze lub na dole ka\u017cdego e-maila, co spowoduje anulowanie wszystkich przysz\u0142ych e-maili. Ponadto co najmniej raz w roku rutynowo usuwamy wiadomo\u015bci e-mail.<\/li>\n<li> Na tym etapie Zapier jest kompletny i automatycznie usuwa wszystkie dane w ci\u0105gu 90 dni. Daje nam to czas na pomoc w rozwi\u0105zaniu ewentualnych problem\u00f3w, ale oznacza, \u017ce dane nie s\u0105 przechowywane d\u0142u\u017cej ni\u017c jest to konieczne.<\/li>\n<li> Przechowujemy Tw\u00f3j adres e-mail (i nic wi\u0119cej) przez okres do 1 roku za po\u015brednictwem programu Mailchimp.<\/li>\n<li> International Removals Direct i TriGlobal B.V. b\u0119d\u0105 przechowywa\u0107 informacje tak d\u0142ugo, jak b\u0119dzie to uzasadnione ich wewn\u0119trzn\u0105 polityk\u0105. Je\u015bli masz jakiekolwiek obawy dotycz\u0105ce danych, kt\u00f3re mog\u0105 by\u0107 przechowywane, skontaktuj si\u0119 z nami, a my zrobimy wszystko, co w naszej mocy, aby pom\u00f3c.<\/li>\n<\/ul>\n<p><strong>Formularz dodatkowy #1 (\u015brodek strony)<\/strong><\/p>\n<p>Nasza forma drugorz\u0119dna #1 wygl\u0105da nast\u0119puj\u0105co.<\/p>\n<p><img loading=\"lazy\" decoding=\"async\" width=\"907\" height=\"512\" src=\"https:\/\/moverdb.com\/wp-content\/uploads\/bottom-page-form.png\" alt=\"\" class=\"aligncenter size-full wp-image-3235\" srcset=\"https:\/\/moverdb.com\/wp-content\/uploads\/bottom-page-form.png 907w, https:\/\/moverdb.com\/wp-content\/uploads\/bottom-page-form-300x169.png 300w\" sizes=\"auto, (max-width: 907px) 100vw, 907px\" \/><\/p>\n<p>Ten formularz jest dostarczany przez MyMovingLoads i nie mamy wp\u0142ywu na spos\u00f3b jego wysy\u0142ania lub przetwarzania. <\/p>\n<p>Oto dane, kt\u00f3re zbieraj\u0105:<\/p>\n<ul>\n<li> Kraj\/miasto pochodzenia oraz Kraj dostawy i Miasto dostawy: Pomaga to w uzyskaniu dok\u0142adnych wycen i filtrowaniu potencjalnych firm przeprowadzkowych.<\/li>\n<li> Data przeprowadzki: Pomo\u017ce to w uzyskaniu dok\u0142adnej wyceny. Nale\u017cy r\u00f3wnie\u017c pami\u0119ta\u0107, \u017ce wi\u0119kszo\u015b\u0107 firm nie mo\u017ce poda\u0107 wyceny na przeprowadzk\u0119 z wyprzedzeniem wi\u0119kszym ni\u017c 3 miesi\u0105ce.<\/li>\n<li> Wybierz rozmiar domu: Pomaga to w uzyskaniu dok\u0142adnych wycen i filtrowaniu potencjalnych firm przeprowadzkowych.<<\/li>\n<li> Imi\u0119 i nazwisko: Aby firmy wiedzia\u0142y, z kim maj\u0105 do czynienia.<\/li>\n<li> Tw\u00f3j telefon: Wymagany, aby firmy mog\u0142y skontaktowa\u0107 si\u0119 z Tob\u0105 w sprawie wyceny.<\/li>\n<li> Tw\u00f3j adres e-mail: Adres, na kt\u00f3ry mo\u017cna przesy\u0142a\u0107 oferty oraz spos\u00f3b skontaktowania si\u0119 z Tob\u0105 w sprawie Twojego zapytania.<\/li>\n<\/ul>\n<p>Po wprowadzeniu wszystkich danych i przes\u0142aniu formularza zostan\u0105 wykonane nast\u0119puj\u0105ce czynno\u015bci:<\/p>\n<ul>\n<li> Zostanie wy\u015bwietlony komunikat z podzi\u0119kowaniem.<\/li>\n<li> Dane te zostan\u0105 przes\u0142ane do MyMovingLoads, kt\u00f3ra b\u0119dzie je przetwarza\u0107 zgodnie z regulaminem, na kt\u00f3ry musisz wyrazi\u0107 zgod\u0119 podczas wype\u0142niania formularza.<\/li>\n<\/ul>\n<p><strong>Formularz dodatkowy #2 (na dole strony)<\/strong><\/p>\n<p>Nasza forma drugorz\u0119dna #2 wygl\u0105da nast\u0119puj\u0105co:<\/p>\n<p><img loading=\"lazy\" decoding=\"async\" src=\"https:\/\/moverdb.com\/wp-content\/uploads\/Triglobal-form.png\" alt=\"\" width=\"597\" height=\"795\" class=\"aligncenter size-full wp-image-3269\" srcset=\"https:\/\/moverdb.com\/wp-content\/uploads\/Triglobal-form.png 597w, https:\/\/moverdb.com\/wp-content\/uploads\/Triglobal-form-225x300.png 225w\" sizes=\"auto, (max-width: 597px) 100vw, 597px\" \/><\/p>\n<p>Ten formularz jest dostarczany przez TriGlobal B.V. i nie mamy wp\u0142ywu na spos\u00f3b jego wysy\u0142ania lub przetwarzania.<\/p>\n<p>Oto dane, kt\u00f3re zbieraj\u0105:<\/p>\n<ul>\n<li> Szczeg\u00f3\u0142y dotycz\u0105ce aktualnego adresu i adresu dostawy (ulica, kod pocztowy, miasto i kraj): Pomaga to w uzyskaniu dok\u0142adnych wycen i filtrowaniu potencjalnych firm przeprowadzkowych.<\/li>\n<li> Wielko\u015b\u0107 przeprowadzki: Pomaga w generowaniu dok\u0142adnych wycen<\/li>\n<li> Data przeprowadzki: Pomo\u017ce to w uzyskaniu dok\u0142adnej wyceny. Nale\u017cy r\u00f3wnie\u017c pami\u0119ta\u0107, \u017ce wi\u0119kszo\u015b\u0107 firm nie mo\u017ce poda\u0107 wyceny na przeprowadzk\u0119 z wyprzedzeniem wi\u0119kszym ni\u017c 3 miesi\u0105ce.<\/li>\n<li> Szacowana obj\u0119to\u015b\u0107 w ft3 (opcjonalnie): Pomaga wygenerowa\u0107 dok\u0142adniejsz\u0105 wycen\u0119<\/li>\n<li> Pakowanie\/monta\u017c (opcjonalnie): Pomaga uzyska\u0107 dok\u0142adniejsz\u0105 wycen\u0119<\/li>\n<li> Uwagi (opcjonalnie): W tym miejscu mo\u017cna doda\u0107 specjalne \u017cyczenia, pytania itp.<\/li>\n<li> Rodzaj przeprowadzki: Dzi\u0119ki temu Twoja oferta trafi do odpowiedniego dzia\u0142u w firmach przeprowadzkowych.<\/li>\n<li> Imi\u0119 i nazwisko: Aby firmy wiedzia\u0142y, z kim maj\u0105 do czynienia.<\/li>\n<li> Telefon #1: Wymagany, aby firmy mog\u0142y skontaktowa\u0107 si\u0119 z Tob\u0105 w sprawie wyceny.<\/li>\n<li> E-mail: Miejsce, w kt\u00f3rym mo\u017cna przesy\u0142a\u0107 oferty oraz spos\u00f3b kontaktowania si\u0119 z u\u017cytkownikiem w sprawie zapytania.<\/li>\n<\/ul>\n<p>Po wprowadzeniu wszystkich danych i przes\u0142aniu formularza zostan\u0105 wykonane nast\u0119puj\u0105ce czynno\u015bci:<\/p>\n<ul>\n<li> Zostanie wy\u015bwietlony komunikat z podzi\u0119kowaniem.<\/li>\n<li> Dane te zostan\u0105 przes\u0142ane do TriGlobal B.V., kt\u00f3ra b\u0119dzie je przetwarza\u0107 zgodnie z warunkami \u015bwiadczenia us\u0142ug.<\/li>\n<\/ul>\n<p><strong>Bierna dzia\u0142alno\u015b\u0107 zwi\u0105zana z przetwarzaniem danych <\/strong><\/p>\n<p>Korzystamy z nast\u0119puj\u0105cych narz\u0119dzi innych firm, kt\u00f3re pomagaj\u0105 nam w prowadzeniu witryny internetowej. Nie udost\u0119pniaj\u0105 one nam \u017cadnych danych osobowych u\u017cytkownika, ale mog\u0105 zbiera\u0107 informacje o u\u017cytkowniku i\/lub jego komputerze, kt\u00f3re mog\u0105 by\u0107 uznane za dane osobowe.<\/p>\n<p>Poni\u017cej przedstawiamy, do czego wykorzystujemy ka\u017cd\u0105 z nich i gdzie mo\u017cna uzyska\u0107 wi\u0119cej informacji na temat sposobu gromadzenia i wykorzystywania danych osobowych przez te podmioty:<\/p>\n<p><strong>Google Analytics:<\/strong> U\u017cywamy tego narz\u0119dzia do \u015bledzenia sposobu korzystania z naszej witryny w spos\u00f3b zbiorczy. Nie u\u017cywamy ich do \u015bledzenia poszczeg\u00f3lnych u\u017cytkownik\u00f3w. Poni\u017cej przedstawiamy najwa\u017cniejsze ustawienia, z kt\u00f3rych obecnie korzystamy:<\/p>\n<ul>\n<li>Remarketing: OFF<\/li>\n<li>Funkcje raportowania reklam: OFF<\/li>\n<li>Przechowywanie danych o u\u017cytkownikach i zdarzeniach: Ustawienie wygasania po 14 miesi\u0105cach (najkr\u00f3tsza oferowana opcja)<\/li>\n<li>Zresetuj przy nowej aktywno\u015bci: ON<\/li>\n<li>Identyfikator u\u017cytkownika: WY\u0141.<\/li>\n<li>Przyj\u0119ta zmiana w zakresie przetwarzania danych GDPR<\/li>\n<\/ul>\n<p>Google oferuje obecnie mo\u017cliwo\u015b\u0107 rezygnacji z us\u0142ugi Analytics <a href=\"https:\/\/support.google.com\/analytics\/answer\/181881?hl=en\" rel=\"noopener\" target=\"_blank\">tutaj<\/a> lub mo\u017cna u\u017cy\u0107 narz\u0119dzia innej firmy, np. <a href=\"https:\/\/www.ghostery.com\/\" rel=\"noopener\" target=\"_blank\">Ghostery<\/a>.<\/p>\n<p><strong>Graf spo\u0142eczno\u015bciowy Facebooka:<\/strong> Jest on wykorzystywany do u\u0142atwienia udost\u0119pniania tre\u015bci z naszej strony internetowej i bloga na Facebooku oraz do sprawdzania, jak cz\u0119sto tre\u015bci s\u0105 rozdrabniane. Nie u\u017cywamy ich do remarketingu ani retargetingu. Wi\u0119cej informacji na ten temat mo\u017cna znale\u017a\u0107 w sekcji <a href=\"https:\/\/www.facebook.com\/help\/1701730696756992\/?helpref=hc_fnav\" rel=\"noopener\" target=\"_blank\">Dane Strona<\/a> aby dowiedzie\u0107 si\u0119 wi\u0119cej o tym, jak wykorzystuj\u0105 dane u\u017cytkownik\u00f3w.<\/p>\n<p><strong>Udost\u0119pnianie w mediach spo\u0142eczno\u015bciowych:<\/strong> Opr\u00f3cz grafu spo\u0142eczno\u015bciowego Facebooka na naszej stronie znajduj\u0105 si\u0119 r\u00f3wnie\u017c przyciski udost\u0119pniania w serwisach G+, Twitter i LinkedIn, kt\u00f3re u\u0142atwiaj\u0105 udost\u0119pnianie naszych tre\u015bci na tych platformach. Mo\u017cesz zobaczy\u0107 <a href=\"https:\/\/policies.google.com\/privacy\" rel=\"noopener\" target=\"_blank\">Polityka prywatno\u015bci G+ tutaj<\/a>, Twitter's <a href=\"https:\/\/twitter.com\/en\/privacy\" rel=\"noopener\" target=\"_blank\">Polityka prywatno\u015bci<\/a> tutaj i <a href=\"https:\/\/www.linkedin.com\/legal\/privacy-policy\" rel=\"noopener\" target=\"_blank\">Polityka prywatno\u015bci LinkedIn tutaj<\/a>.<\/p>\n<p><strong>Linki zewn\u0119trzne \/ afiliacyjne:<\/strong> Czasami \u015bledzimy linki zewn\u0119trzne za pomoc\u0105 Google Analytics i\/lub zewn\u0119trznych platform do \u015bledzenia partner\u00f3w. Jakikolwiek rodzaj \u015bledzenia ma miejsce tylko wtedy, gdy u\u017cytkownik kliknie na link zewn\u0119trzny. Na dole ka\u017cdej strony, na kt\u00f3rej ma to miejsce, informujemy, kt\u00f3re linki s\u0105 linkami afiliacyjnymi, ale je\u015bli masz obawy co do tego, najprostsz\u0105 opcj\u0105 jest nieklikanie link\u00f3w zewn\u0119trznych z naszej witryny.<\/p>\n<p><strong>Webhosting:<\/strong> U\u017cywamy StudioPress Sites do hostowania naszej strony internetowej. Podobnie jak wi\u0119kszo\u015b\u0107 firm hostingowych, prowadz\u0105 one dzienniki stron internetowych, chocia\u017c nie mamy do nich bezpo\u015bredniego dost\u0119pu. Mo\u017cesz dowiedzie\u0107 si\u0119 wi\u0119cej o danych, kt\u00f3re mog\u0105 by\u0107 przechowywane na ich <a href=\"https:\/\/www.studiopress.com\/privacy-policy\/\" rel=\"noopener\" target=\"_blank\">polityka prywatno\u015bci<\/a>.<\/p>","protected":false},"excerpt":{"rendered":"<p>This Data Processing Policy explains in plain English how MoverDB.com processes data so you can make an informed choice about whether or not you&#8217;d like to use our services. We&#8217;ve created it as a response to GDPR. It is a plain English, detailed, addition to our Privacy Policy and Terms and Conditions. MoverDB.com is a [&hellip;]<\/p>\n","protected":false},"author":1,"featured_media":0,"parent":0,"menu_order":0,"comment_status":"closed","ping_status":"closed","template":"","meta":{"_genesis_hide_title":false,"_genesis_hide_breadcrumbs":false,"_genesis_hide_singular_image":false,"_genesis_hide_footer_widgets":false,"_genesis_custom_body_class":"","_genesis_custom_post_class":"","_genesis_layout":"","footnotes":""},"class_list":{"0":"post-2804","1":"page","2":"type-page","3":"status-publish","5":"entry","6":"has-post-thumbnail"},"_links":{"self":[{"href":"https:\/\/moverdb.com\/pl\/wp-json\/wp\/v2\/pages\/2804","targetHints":{"allow":["GET"]}}],"collection":[{"href":"https:\/\/moverdb.com\/pl\/wp-json\/wp\/v2\/pages"}],"about":[{"href":"https:\/\/moverdb.com\/pl\/wp-json\/wp\/v2\/types\/page"}],"author":[{"embeddable":true,"href":"https:\/\/moverdb.com\/pl\/wp-json\/wp\/v2\/users\/1"}],"replies":[{"embeddable":true,"href":"https:\/\/moverdb.com\/pl\/wp-json\/wp\/v2\/comments?post=2804"}],"version-history":[{"count":16,"href":"https:\/\/moverdb.com\/pl\/wp-json\/wp\/v2\/pages\/2804\/revisions"}],"predecessor-version":[{"id":3270,"href":"https:\/\/moverdb.com\/pl\/wp-json\/wp\/v2\/pages\/2804\/revisions\/3270"}],"wp:attachment":[{"href":"https:\/\/moverdb.com\/pl\/wp-json\/wp\/v2\/media?parent=2804"}],"curies":[{"name":"wp","href":"https:\/\/api.w.org\/{rel}","templated":true}]}}