{"id":2752,"date":"2017-05-09T16:25:21","date_gmt":"2017-05-09T16:25:21","guid":{"rendered":"https:\/\/moverdb.com\/?page_id=2752"},"modified":"2026-01-08T14:47:12","modified_gmt":"2026-01-08T14:47:12","slug":"samochod-transport-wysylka","status":"publish","type":"page","link":"https:\/\/moverdb.com\/pl\/car-transport-shipping\/","title":{"rendered":"2026 Mi\u0119dzynarodowy transport samochodowy i wyceny wysy\u0142ki pojazd\u00f3w"},"content":{"rendered":"<p>Szukasz mi\u0119dzynarodowego transportu samochodowego lub spedycji pojazd\u00f3w, ale nie wiesz, od czego zacz\u0105\u0107? Pomo\u017cemy Ci we wszystkim - od firm, przez koszty, po wyceny. <\/p>\n<p>Mo\u017cesz zacz\u0105\u0107 od razu, korzystaj\u0105c z naszego formularza wyceny powy\u017cej lub przeczyta\u0107 nasz przewodnik poni\u017cej, aby uzyska\u0107 wi\u0119cej informacji.<\/p>\n<p><img loading=\"lazy\" decoding=\"async\" width=\"720\" height=\"480\" src=\"https:\/\/moverdb.com\/wp-content\/uploads\/car-transport-shipping.jpg\" alt=\"2019 Mi\u0119dzynarodowy transport samochodowy i wysy\u0142ka pojazd\u00f3w - oferty cenowe\" class=\"aligncenter size-full wp-image-2753\" srcset=\"https:\/\/moverdb.com\/wp-content\/uploads\/car-transport-shipping.jpg 720w, https:\/\/moverdb.com\/wp-content\/uploads\/car-transport-shipping-300x200.jpg 300w, https:\/\/moverdb.com\/wp-content\/uploads\/car-transport-shipping-600x400.jpg 600w\" sizes=\"auto, (max-width: 720px) 100vw, 720px\" \/><\/p>\n<div id=\"ez-toc-container\" class=\"ez-toc-v2_0_82_2 ez-toc-wrap-left counter-hierarchy ez-toc-counter ez-toc-transparent ez-toc-container-direction\">\n<div class=\"ez-toc-title-container\">\n<p class=\"ez-toc-title\" style=\"cursor:inherit\">Sekcje<\/p>\n<span class=\"ez-toc-title-toggle\"><a href=\"#\" class=\"ez-toc-pull-right ez-toc-btn ez-toc-btn-xs ez-toc-btn-default ez-toc-toggle\" aria-label=\"Prze\u0142\u0105cznik Spisu Tre\u015bci\"><span class=\"ez-toc-js-icon-con\"><span class=\"\"><span class=\"eztoc-hide\" style=\"display:none;\">Toggle<\/span><span class=\"ez-toc-icon-toggle-span\"><svg style=\"fill: #999;color:#999\" xmlns=\"http:\/\/www.w3.org\/2000\/svg\" class=\"list-377408\" width=\"20px\" height=\"20px\" viewbox=\"0 0 24 24\" fill=\"none\"><path d=\"M6 6H4v2h2V6zm14 0H8v2h12V6zM4 11h2v2H4v-2zm16 0H8v2h12v-2zM4 16h2v2H4v-2zm16 0H8v2h12v-2z\" fill=\"currentColor\"><\/path><\/svg><svg style=\"fill: #999;color:#999\" class=\"arrow-unsorted-368013\" xmlns=\"http:\/\/www.w3.org\/2000\/svg\" width=\"10px\" height=\"10px\" viewbox=\"0 0 24 24\" version=\"1.2\" baseprofile=\"tiny\"><path d=\"M18.2 9.3l-6.2-6.3-6.2 6.3c-.2.2-.3.4-.3.7s.1.5.3.7c.2.2.4.3.7.3h11c.3 0 .5-.1.7-.3.2-.2.3-.5.3-.7s-.1-.5-.3-.7zM5.8 14.7l6.2 6.3 6.2-6.3c.2-.2.3-.5.3-.7s-.1-.5-.3-.7c-.2-.2-.4-.3-.7-.3h-11c-.3 0-.5.1-.7.3-.2.2-.3.5-.3.7s.1.5.3.7z\"\/><\/svg><\/span><\/span><\/span><\/a><\/span><\/div>\n<nav><ul class='ez-toc-list ez-toc-list-level-1 eztoc-toggle-hide-by-default' ><li class='ez-toc-page-1 ez-toc-heading-level-2'><a class=\"ez-toc-link ez-toc-heading-1\" href=\"https:\/\/moverdb.com\/pl\/car-transport-shipping\/#Auto_Transport_Companies\" >Firmy zajmuj\u0105ce si\u0119 transportem samochodowym<\/a><ul class='ez-toc-list-level-3' ><li class='ez-toc-heading-level-3'><a class=\"ez-toc-link ez-toc-heading-2\" href=\"https:\/\/moverdb.com\/pl\/car-transport-shipping\/#US_Canadian_Auto_Transport_Companies\" >Firmy transportuj\u0105ce samochody z USA i Kanady<\/a><\/li><li class='ez-toc-page-1 ez-toc-heading-level-3'><a class=\"ez-toc-link ez-toc-heading-3\" href=\"https:\/\/moverdb.com\/pl\/car-transport-shipping\/#UK_Car_Transport_Companies\" >Firmy zajmuj\u0105ce si\u0119 transportem samochod\u00f3w w Wielkiej Brytanii<\/a><\/li><li class='ez-toc-page-1 ez-toc-heading-level-3'><a class=\"ez-toc-link ez-toc-heading-4\" href=\"https:\/\/moverdb.com\/pl\/car-transport-shipping\/#Australian_Car_Transport_Companies\" >Australijskie firmy transportu samochodowego<\/a><\/li><\/ul><\/li><li class='ez-toc-page-1 ez-toc-heading-level-2'><a class=\"ez-toc-link ez-toc-heading-5\" href=\"https:\/\/moverdb.com\/pl\/car-transport-shipping\/#International_Car_Transport_Costs\" >Koszty mi\u0119dzynarodowego transportu samochodowego<\/a><ul class='ez-toc-list-level-3' ><li class='ez-toc-heading-level-3'><a class=\"ez-toc-link ez-toc-heading-6\" href=\"https:\/\/moverdb.com\/pl\/car-transport-shipping\/#Car_Transport_Taxes\" >Podatki od transportu samochodowego<\/a><\/li><\/ul><\/li><li class='ez-toc-page-1 ez-toc-heading-level-2'><a class=\"ez-toc-link ez-toc-heading-7\" href=\"https:\/\/moverdb.com\/pl\/car-transport-shipping\/#International_Vehicle_Shipping_Documentation\" >Dokumentacja dotycz\u0105ca mi\u0119dzynarodowej wysy\u0142ki pojazd\u00f3w<\/a><\/li><li class='ez-toc-page-1 ez-toc-heading-level-2'><a class=\"ez-toc-link ez-toc-heading-8\" href=\"https:\/\/moverdb.com\/pl\/car-transport-shipping\/#Other_Car_Transport_Tips\" >Inne wskaz\u00f3wki dotycz\u0105ce transportu samochodowego<\/a><\/li><li class='ez-toc-page-1 ez-toc-heading-level-2'><a class=\"ez-toc-link ez-toc-heading-9\" href=\"https:\/\/moverdb.com\/pl\/car-transport-shipping\/#Car_Transport_Quotes\" >Notowania transportu samochodowego<\/a><\/li><\/ul><\/nav><\/div>\n<h2><span class=\"ez-toc-section\" id=\"Auto_Transport_Companies\"><\/span>Firmy zajmuj\u0105ce si\u0119 transportem samochodowym<span class=\"ez-toc-section-end\"><\/span><\/h2>\n<p>Rynek mi\u0119dzynarodowego transportu samochodowego jest niezwykle rozdrobniony - na ca\u0142ym \u015bwiecie dzia\u0142aj\u0105 setki, a mo\u017ce nawet tysi\u0105ce ma\u0142ych firm. Poni\u017cej przedstawiamy list\u0119 kilku najpopularniejszych firm specjalizuj\u0105cych si\u0119 w transporcie samochodowym. <\/p>\n<p>Nale\u017cy jednak pami\u0119ta\u0107, aby zapozna\u0107 si\u0119 z ofertami od <a href=\"https:\/\/moverdb.com\/pl\/firmy-przeprowadzkowe\/\">najlepsze firmy zajmuj\u0105ce si\u0119 przeprowadzkami mi\u0119dzynarodowymi<\/a> oraz <a href=\"https:\/\/moverdb.com\/pl\/spedytor\/\">spedytorzy<\/a> aby upewni\u0107 si\u0119, \u017ce otrzymujesz uczciw\u0105 ofert\u0119.<\/p>\n<p>Mo\u017cesz r\u00f3wnie\u017c przej\u015b\u0107 na g\u00f3r\u0119 strony i wype\u0142ni\u0107 formularz wyceny, aby szybko znale\u017a\u0107 firmy. <\/p>\n<h3><span class=\"ez-toc-section\" id=\"US_Canadian_Auto_Transport_Companies\"><\/span>Firmy transportuj\u0105ce samochody z USA i Kanady<span class=\"ez-toc-section-end\"><\/span><\/h3>\n<ul>\n<li> A-1 Auto Transport<\/li>\n<li> Ameryka\u0144ska auto wysy\u0142ka<\/li>\n<li> AmeriFreight<\/li>\n<li> C.A.R. Transport<\/li>\n<li> Dependable Auto Shippers (DAS)<\/li>\n<li> eShip<\/li>\n<li> Executive Auto Shippers<\/li>\n<li> Fisher Wysy\u0142ka<\/li>\n<li> Kr\u00f3l transportu drogowego<\/li>\n<li> Transport samochodowy Montway<\/li>\n<li> Prostar Automotive Transport<\/li>\n<li> Bezpo\u015brednia wysy\u0142ka samochodu<\/li>\n<li> Wy\u015blij sw\u00f3j samoch\u00f3d teraz<\/li>\n<li> Stateway Auto Transport<\/li>\n<li> Thrifty Auto Shipping<\/li>\n<li> Przetransportujemy go<\/li>\n<\/ul>\n<h3><span class=\"ez-toc-section\" id=\"UK_Car_Transport_Companies\"><\/span>Firmy zajmuj\u0105ce si\u0119 transportem samochod\u00f3w w Wielkiej Brytanii<span class=\"ez-toc-section-end\"><\/span><\/h3>\n<ul>\n<li> Acumen Automotive Logistics<\/li>\n<li> AutoShippers<\/li>\n<li> Kwantor transportu samochodowego<\/li>\n<li> Us\u0142ugi relokacji klasycznych samochod\u00f3w<\/li>\n<li> Transport samochodowy Quinns<\/li>\n<li> Zmiana samochodu<\/li>\n<li> Transport samochodowy White's<\/li>\n<li> Woodside Motorfreight<\/li>\n<\/ul>\n<p>Sprawd\u017a r\u00f3wnie\u017c nasze <a href=\"https:\/\/moverdb.com\/pl\/przeprowadzki-miedzynarodowe\/\">przeprowadzki mi\u0119dzynarodowe<\/a> strona.<\/p>\n<h3><span class=\"ez-toc-section\" id=\"Australian_Car_Transport_Companies\"><\/span>Australijskie firmy transportu samochodowego<span class=\"ez-toc-section-end\"><\/span><\/h3>\n<ul>\n<li> ACR <a href=\"https:\/\/moverdb.com\/pl\/moving-to-australia\/living-in-australia\/\" data-internallinksmanager029f6b8e52c=\"240\" title=\"21 sekret\u00f3w o \u017cyciu w Australii, kt\u00f3re warto pozna\u0107 przed przeprowadzk\u0105\">Australia<\/a><\/li>\n<li> Australijski transport samochodowy<\/li>\n<li> Auto-Logistyka<\/li>\n<li> Transport samochodowy Express<\/li>\n<li> Przew\u00f3z \u0142adunk\u00f3w od drzwi do drzwi<\/li>\n<li> CEVA Car Carrying<\/li>\n<li> Przemieszczanie samochod\u00f3w<\/li>\n<li> PrixCar Transport<\/li>\n<li> SMB Australia Transport samochodowy<\/li>\n<li> Op\u0142ata za przejazd<\/li>\n<\/ul>\n<h2><span class=\"ez-toc-section\" id=\"International_Car_Transport_Costs\"><\/span>Koszty mi\u0119dzynarodowego transportu samochodowego<span class=\"ez-toc-section-end\"><\/span><\/h2>\n<p>Koszty transportu i wysy\u0142ki samochod\u00f3w r\u00f3\u017cni\u0105 si\u0119 znacznie w zale\u017cno\u015bci od tego, jak szybko potrzebny jest pojazd i jaka jest metoda wysy\u0142ki. W przypadku wysy\u0142ki drog\u0105 morsk\u0105 w kontenerze koszty mog\u0105 wynie\u015b\u0107 zaledwie kilkaset dolar\u00f3w, ale mo\u017ce to potrwa\u0107 znacznie d\u0142u\u017cej ni\u017c miesi\u0105c. <\/p>\n<p>Mo\u017cesz zaoszcz\u0119dzi\u0107 jeszcze wi\u0119cej pieni\u0119dzy, je\u015bli nie potrzebujesz us\u0142ugi \"od drzwi do drzwi\", a zamiast tego zdecydujesz si\u0119 odebra\u0107 samoch\u00f3d z najbli\u017cszej <a href=\"https:\/\/moverdb.com\/pl\/top-49-container-ports\/\" data-internallinksmanager029f6b8e52c=\"80\" title=\"49 najwi\u0119kszych i najbardziej ruchliwych port\u00f3w kontenerowych w 2025 r.\">port<\/a> w przypadku wysy\u0142ki drog\u0105 morsk\u0105 za pomoc\u0105 przesy\u0142ki RoRo (Roll on Roll off).<\/p>\n<p>Wi\u0119cej informacji mo\u017cna uzyska\u0107, czytaj\u0105c nasz przewodnik: <a href=\"https:\/\/moverdb.com\/pl\/przeladunek-w-kontenerach\/\">Stawki i koszty mi\u0119dzynarodowej \u017ceglugi kontenerowej<\/a><\/p>\n<p>W przypadku przeprowadzek w obr\u0119bie jednego kontynentu (np. <a href=\"https:\/\/moverdb.com\/pl\/moving-to-the-united-states\/\" data-internallinksmanager029f6b8e52c=\"94\" title=\"Przeprowadzasz si\u0119 do Stan\u00f3w Zjednoczonych? 2026 Koszty \u017cycia i wskaz\u00f3wki dotycz\u0105ce przeprowadzki\">USA<\/a> do <a href=\"https:\/\/moverdb.com\/pl\/moving-to-canada\/\" data-internallinksmanager029f6b8e52c=\"265\" title=\"Przeprowadzka do Kanady? 2026 Koszty utrzymania i wskaz\u00f3wki dotycz\u0105ce przeprowadzki\">Kanada<\/a>, <a href=\"https:\/\/moverdb.com\/pl\/moving-to-the-uk\/\" data-internallinksmanager029f6b8e52c=\"93\" title=\"Przeprowadzasz si\u0119 do Wielkiej Brytanii? 2026 Koszty \u017cycia i wskaz\u00f3wki dotycz\u0105ce przeprowadzki\">UK<\/a> do <a href=\"https:\/\/moverdb.com\/pl\/moving-to-spain\/\" data-internallinksmanager029f6b8e52c=\"266\" title=\"Przeprowadzasz si\u0119 do Hiszpanii? 2026 Koszty \u017cycia i wskaz\u00f3wki dotycz\u0105ce przeprowadzki\">Hiszpania<\/a>itp.) mo\u017cna wynaj\u0105\u0107 przewo\u017anika samochodowego, kt\u00f3ry b\u0119dzie prowadzi\u0142 samoch\u00f3d dla Ciebie, zak\u0142adaj\u0105c, \u017ce Tw\u00f3j samoch\u00f3d jest w dobrym stanie. To cz\u0119sto b\u0119dzie kosztowa\u0107 znacznie wi\u0119cej (do kilku tysi\u0119cy dolar\u00f3w, funt\u00f3w lub euro), ale oznacza, \u017ce mo\u017cesz dosta\u0107 sw\u00f3j samoch\u00f3d w ci\u0105gu kilku dni, a nie tygodni. <\/p>\n<p>Je\u015bli samoch\u00f3d nie jest sprawny, nale\u017cy przewie\u017a\u0107 go na lawecie lub innej specjalistycznej ci\u0119\u017car\u00f3wce. <\/p>\n<p>Najdro\u017csz\u0105 opcj\u0105 jest przesy\u0142ka lotnicza, ale na og\u00f3\u0142 nie jest ona zalecana, poniewa\u017c koszty s\u0105 zbyt wysokie.<\/p>\n<p><strong>Inne czynniki wp\u0142ywaj\u0105ce na koszty:<\/strong><\/p>\n<ul>\n<li> <strong>Odleg\u0142o\u015b\u0107:<\/strong> Im dalej wysy\u0142asz, tym wi\u0119ksza b\u0119dzie \u0142\u0105czna cena, cho\u0107 za ka\u017cd\u0105 mil\u0119 powiniene\u015b zap\u0142aci\u0107 znacznie mniej.<\/li>\n<li> <strong>Pora roku:<\/strong> Niekt\u00f3re pory roku s\u0105 dro\u017csze ni\u017c inne na danych trasach.<\/li>\n<li> <strong>Czas realizacji zam\u00f3wienia:<\/strong> Im wcze\u015bniej mo\u017cna zacz\u0105\u0107 zbiera\u0107 oferty, tym lepiej, poniewa\u017c ceny znacznie rosn\u0105 w przypadku szybszych termin\u00f3w realizacji.<\/li>\n<li> <strong>Samoch\u00f3d ci\u0119\u017carowy otwarty i zamkni\u0119ty:<\/strong> Ci\u0119\u017car\u00f3wki otwarte s\u0105 ta\u0144sze, ale zazwyczaj s\u0105 bardziej nara\u017cone na uszkodzenia ni\u017c ci\u0119\u017car\u00f3wki zamkni\u0119te. <\/li>\n<\/ul>\n<h3><span class=\"ez-toc-section\" id=\"Car_Transport_Taxes\"><\/span>Podatki od transportu samochodowego<span class=\"ez-toc-section-end\"><\/span><\/h3>\n<p>W zale\u017cno\u015bci od miejsca, do kt\u00f3rego wysy\u0142asz samoch\u00f3d, mo\u017cesz by\u0107 zmuszony do zap\u0142acenia wysokich podatk\u00f3w. Na przyk\u0142ad, samochody <a href=\"https:\/\/moverdb.com\/pl\/shipping-to-singapore\/\">wys\u0142ane do Singapuru<\/a> zostanie na\u0142o\u017cony podatek importowy w wysoko\u015bci 20% od warto\u015bci celnej samochodu. <\/p>\n<p>Wiele kraj\u00f3w europejskich pobiera c\u0142o importowe w wysoko\u015bci oko\u0142o 10%, ale mo\u017ce r\u00f3wnie\u017c naliczy\u0107 podatek VAT, kt\u00f3ry mo\u017ce wynie\u015b\u0107 dodatkowe 20%, w zale\u017cno\u015bci od sposobu u\u017cytkowania samochodu. <\/p>\n<p>Nale\u017cy wi\u0119c uwzgl\u0119dni\u0107 t\u0119 okoliczno\u015b\u0107 w kosztorysie i przed wysy\u0142k\u0105 samochodu. W niekt\u00f3rych przypadkach ta\u0144szym i \u0142atwiejszym rozwi\u0105zaniem mo\u017ce by\u0107 po prostu zakup nowego samochodu zamiast wysy\u0142ania starego.  <\/p>\n<h2><span class=\"ez-toc-section\" id=\"International_Vehicle_Shipping_Documentation\"><\/span>Dokumentacja dotycz\u0105ca mi\u0119dzynarodowej wysy\u0142ki pojazd\u00f3w<span class=\"ez-toc-section-end\"><\/span><\/h2>\n<p>Aby wys\u0142a\u0107 samoch\u00f3d lub inny pojazd na skal\u0119 mi\u0119dzynarodow\u0105, nale\u017cy posiada\u0107 odpowiedni\u0105 ilo\u015b\u0107 dokument\u00f3w. Wymagania r\u00f3\u017cni\u0105 si\u0119 w zale\u017cno\u015bci od kraju, dlatego zawsze nale\u017cy je sprawdzi\u0107 przed wysy\u0142k\u0105. Do najcz\u0119\u015bciej wymaganych dokument\u00f3w nale\u017c\u0105:<\/p>\n<ul>\n<li> Oryginalny tytu\u0142 w\u0142asno\u015bci pojazdu<\/li>\n<li> \u015awiadectwo pochodzenia<\/li>\n<li> Konosament<\/li>\n<li> Dokumenty ubezpieczeniowe<\/li>\n<\/ul>\n<h2><span class=\"ez-toc-section\" id=\"Other_Car_Transport_Tips\"><\/span>Inne wskaz\u00f3wki dotycz\u0105ce transportu samochodowego<span class=\"ez-toc-section-end\"><\/span><\/h2>\n<ul>\n<li> <strong>Zr\u00f3b zdj\u0119cia:<\/strong> Upewnij si\u0119, \u017ce przed wys\u0142aniem pojazdu wykona\u0142e\u015b zdj\u0119cia z oznaczeniem czasu, aby unikn\u0105\u0107 ewentualnych uszkodze\u0144. W przypadku stwierdzenia uszkodze\u0144 nale\u017cy od razu zrobi\u0107 zdj\u0119cia, aby zminimalizowa\u0107 ryzyko spor\u00f3w.<\/li>\n<li> <strong>Ubezpieczenie:<\/strong> Upewnij si\u0119, \u017ce ubezpieczenie obejmuje ca\u0142\u0105 podr\u00f3\u017c samochodu i wszystkich, kt\u00f3rzy nim jad\u0105.<\/li>\n<li> <strong>Usu\u0144 rzeczy osobiste:<\/strong> Upewnij si\u0119, \u017ce wszystkie rzeczy osobiste zosta\u0142y usuni\u0119te z samochodu przed wysy\u0142k\u0105, aby nie zosta\u0142y zgubione (lub skradzione!).<\/li>\n<li> <strong>Poszukaj specjalist\u00f3w:<\/strong> Je\u015bli masz klasyczny lub nieco nietypowy samoch\u00f3d, kt\u00f3ry chcesz przewie\u017a\u0107, upewnij si\u0119, \u017ce wybrana firma ma do\u015bwiadczenie w ich przewozie i\/lub transporcie.<\/li>\n<li> <strong>Terminy:<\/strong> Upewnij si\u0119, \u017ce wiesz, ile czasu zajmie Ci przewiezienie samochodu z punktu A do B.<\/li>\n<li> <strong>Stan bie\u017c\u0105cy:<\/strong> Przed rozpocz\u0119ciem transportu nale\u017cy sprawdzi\u0107 w firmie transportowej poziom gazu (benzyny), p\u0142yn\u00f3w, ci\u015bnienie w oponach, stan akumulatora itp. Na przyk\u0142ad w przypadku wysy\u0142ki mi\u0119dzynarodowej w kontenerze mo\u017ce by\u0107 konieczne ca\u0142kowite opr\u00f3\u017cnienie zbiornika paliwa. Z drugiej strony, je\u015bli samoch\u00f3d ma by\u0107 prowadzony przez kogo\u015b innego, nale\u017cy upewni\u0107 si\u0119, \u017ce ma pe\u0142ny zbiornik paliwa.<\/li>\n<\/ul>\n<h2><span class=\"ez-toc-section\" id=\"Car_Transport_Quotes\"><\/span>Notowania transportu samochodowego<span class=\"ez-toc-section-end\"><\/span><\/h2>\n<p>Aby uzyska\u0107 ofert\u0119 na mi\u0119dzynarodowy transport samochodowy, mo\u017cesz skorzysta\u0107 z naszego formularza wyceny znajduj\u0105cego si\u0119 na g\u00f3rze strony. Zanim jednak zaakceptujesz jak\u0105kolwiek ofert\u0119, upewnij si\u0119, \u017ce w pe\u0142ni rozumiesz, kto b\u0119dzie prowadzi\u0142 lub wysy\u0142a\u0142 Tw\u00f3j samoch\u00f3d (na ka\u017cdym etapie podr\u00f3\u017cy), w jaki spos\u00f3b Tw\u00f3j pojazd b\u0119dzie ubezpieczony i przeczytaj opinie o firmie. <\/p>","protected":false},"excerpt":{"rendered":"<p>Looking for international car transport or vehicle shipping, but don&#8217;t know where to start? We can help you with everything from companies to costs to quotes. You can get started right away using our quote form above, or keep reading our guide below for more information. Auto Transport Companies The international car and auto transport [&hellip;]<\/p>\n","protected":false},"author":1,"featured_media":2753,"parent":0,"menu_order":0,"comment_status":"closed","ping_status":"closed","template":"","meta":{"_genesis_hide_title":false,"_genesis_hide_breadcrumbs":false,"_genesis_hide_singular_image":false,"_genesis_hide_footer_widgets":false,"_genesis_custom_body_class":"","_genesis_custom_post_class":"","_genesis_layout":"","footnotes":""},"class_list":{"0":"post-2752","1":"page","2":"type-page","3":"status-publish","4":"has-post-thumbnail","6":"entry"},"_links":{"self":[{"href":"https:\/\/moverdb.com\/pl\/wp-json\/wp\/v2\/pages\/2752","targetHints":{"allow":["GET"]}}],"collection":[{"href":"https:\/\/moverdb.com\/pl\/wp-json\/wp\/v2\/pages"}],"about":[{"href":"https:\/\/moverdb.com\/pl\/wp-json\/wp\/v2\/types\/page"}],"author":[{"embeddable":true,"href":"https:\/\/moverdb.com\/pl\/wp-json\/wp\/v2\/users\/1"}],"replies":[{"embeddable":true,"href":"https:\/\/moverdb.com\/pl\/wp-json\/wp\/v2\/comments?post=2752"}],"version-history":[{"count":18,"href":"https:\/\/moverdb.com\/pl\/wp-json\/wp\/v2\/pages\/2752\/revisions"}],"predecessor-version":[{"id":18593,"href":"https:\/\/moverdb.com\/pl\/wp-json\/wp\/v2\/pages\/2752\/revisions\/18593"}],"wp:featuredmedia":[{"embeddable":true,"href":"https:\/\/moverdb.com\/pl\/wp-json\/wp\/v2\/media\/2753"}],"wp:attachment":[{"href":"https:\/\/moverdb.com\/pl\/wp-json\/wp\/v2\/media?parent=2752"}],"curies":[{"name":"wp","href":"https:\/\/api.w.org\/{rel}","templated":true}]}}