{"id":270,"date":"2016-05-01T17:06:39","date_gmt":"2016-05-01T17:06:39","guid":{"rendered":"http:\/\/moverdb.com\/?page_id=270"},"modified":"2026-01-08T14:47:32","modified_gmt":"2026-01-08T14:47:32","slug":"anglo-pacyficzny","status":"publish","type":"page","link":"https:\/\/moverdb.com\/pl\/anglo-pacific\/","title":{"rendered":"Anglo Pacific: Mi\u0119dzynarodowe przeprowadzki i przeprowadzki - opinie"},"content":{"rendered":"<p>Anglo Pacific oferuje r\u00f3\u017cnorodne us\u0142ugi przeprowadzkowe, aby pom\u00f3c ludziom w przeprowadzce za granic\u0119. Poni\u017cej przedstawiamy ich podstawow\u0105 ofert\u0119 us\u0142ug wraz z profilem firmy i opiniami.<\/p>\n<p><strong>Us\u0142ugi<\/strong> <\/p>\n<p><strong>Us\u0142ugi w zakresie przeprowadzek<\/strong> <\/p>\n<ul>\n<li> Import<\/li>\n<li> Przeprowadzki mi\u0119dzynarodowe<\/li>\n<li> Zapewnienie <a href=\"https:\/\/moverdb.com\/pl\/przeladunek-w-kontenerach\/\">kontenery morskie<\/a><\/li>\n<li> Przeprowadzki teatralne<\/li>\n<li> <a href=\"https:\/\/moverdb.com\/pl\/uk-removals\/man-and-van-cost\/\" data-internallinksmanager029f6b8e52c=\"380\" title=\"Ile kosztuje samoch\u00f3d dostawczy w Wielkiej Brytanii? Przewodnik 2026\">Man and Van<\/a> wynajem w <a href=\"https:\/\/moverdb.com\/pl\/moving-to-london\/\">Londyn<\/a><\/li>\n<\/ul>\n<p><strong>Us\u0142ugi spedycyjne<\/strong><\/p>\n<ul>\n<li> Baga\u017c<\/li>\n<li> <a href=\"https:\/\/moverdb.com\/pl\/samochod-transport-wysylka\/\">Samochody<\/a><\/li>\n<li> Sztuka pi\u0119kna<\/li>\n<li> Fracht<\/li>\n<li> Import<\/li>\n<li> Motocykl<\/li>\n<li> Baga\u017c<\/li>\n<li> Handel<\/li>\n<li> Student<\/li>\n<\/ul>\n<h2>Profil firmy Anglo Pacific<\/h2>\n<p>Anglo Pacific, za\u0142o\u017cona ponad 30 lat temu, jest najwi\u0119ksz\u0105 firm\u0105 spedycyjn\u0105 i przeprowadzkow\u0105 na \u015bwiecie. <a href=\"https:\/\/moverdb.com\/pl\/moving-to-the-uk\/\" data-internallinksmanager029f6b8e52c=\"93\" title=\"Przeprowadzasz si\u0119 do Wielkiej Brytanii? 2026 Koszty \u017cycia i wskaz\u00f3wki dotycz\u0105ce przeprowadzki\">UK<\/a>przetwarzaj\u0105c ponad 20 000 pojedynczych przesy\u0142ek baga\u017cowych i niezliczone ilo\u015bci. <a href=\"https:\/\/moverdb.com\/pl\/international-removals\/\" data-internallinksmanager029f6b8e52c=\"27\" title=\"36 najlepszych firm zajmuj\u0105cych si\u0119 przeprowadzkami mi\u0119dzynarodowymi w Wielkiej Brytanii\">przeprowadzki mi\u0119dzynarodowe<\/a> ka\u017cdego roku. <\/p>\n<p>Firma szczyci si\u0119 \u015bwiadczeniem najwy\u017cszej klasy, przyjaznych i profesjonalnych us\u0142ug przeprowadzkowych, niezale\u017cnie od tego, czy chodzi o zawarto\u015b\u0107 ca\u0142ej nieruchomo\u015bci, czy te\u017c o delikatne przedmioty, takie jak dzie\u0142a sztuki. <\/p>\n<p>Anglo Pacific z wielk\u0105 staranno\u015bci\u0105 dobiera do swojego zespo\u0142u najwy\u017cszej klasy profesjonalist\u00f3w, zatrudniaj\u0105c wy\u0142\u0105cznie pracownik\u00f3w, kt\u00f3rzy zrobi\u0105 wszystko, co w ich mocy dla klient\u00f3w oraz pracownik\u00f3w, kt\u00f3rzy potrafi\u0105 fachowo zarz\u0105dza\u0107 bezpiecznym i sprawnym przewozem rzeczy osobistych. <\/p>\n<p>Ponadto us\u0142uga \u015bledzenia wszystkich przesy\u0142ek umo\u017cliwia pracownikom dok\u0142adne okre\u015blenie dok\u0142adnej lokalizacji i statusu przeprowadzki, dzi\u0119ki czemu klienci mog\u0105 by\u0107 pewni, \u017ce ich przedmioty s\u0105 w drodze do miejsca przeznaczenia.<\/p>\n<p>Anglo Pacific ustanawia i utrzymuje wyj\u0105tkowo wysokie standardy, a jako cz\u0142onkowie <a href=\"https:\/\/moverdb.com\/pl\/bar-overseas\/\">Grupa Zagraniczna<\/a> z <a href=\"https:\/\/moverdb.com\/pl\/british-association-of-removers\/\">Brytyjskie Stowarzyszenie Przeprowadzek<\/a> (<a href=\"https:\/\/moverdb.com\/pl\/british-association-of-removers\/\" data-internallinksmanager029f6b8e52c=\"9\" title=\"Brytyjskie Stowarzyszenie Przeprowadzek (BAR) - obja\u015bnienia\">BAR<\/a>) d\u0105\u017c\u0105 do tego, by dostarcza\u0107 tylko to, co najlepsze. <\/p>\n<p>Ponadto stosuj\u0105 si\u0119 oni do zaawansowanej gwarancji p\u0142atno\u015bci International Movers Mutual Insurance Company Ltd, co daje klientom wi\u0119kszy stopie\u0144 zaufania. <\/p>\n<h2>Anglo Pacific Reviews<\/h2>\n<p><strong>Pozytywne<\/strong><\/p>\n<ul>\n<li> <em>\"Ogromne podzi\u0119kowania dla wszystkich z Anglo Pacific i Keys Brothers. Sprawili\u015bcie, \u017ce nasza przeprowadzka z Londynu do Perth przebieg\u0142a tak g\u0142adko, naprawd\u0119 doceniamy Wasz\u0105 pomoc. Bardzo profesjonalnie i sprawnie, a wszystko to w \u015bwietnej cenie!!!\"<\/em> - Via <a href=\"http:\/\/www.reviewcentre.com\/reviews252735.html?ratingfilter=5#refineYourSearch\" target=\"_blank\" rel=\"noopener\">Przegl\u0105d Centrum<\/a><\/li>\n<li> <em>\"Musia\u0142em wys\u0142a\u0107 troch\u0119 nadbaga\u017cu do <a href=\"https:\/\/moverdb.com\/pl\/moving-to-australia\/living-in-australia\/\" data-internallinksmanager029f6b8e52c=\"240\" title=\"21 sekret\u00f3w o \u017cyciu w Australii, kt\u00f3re warto pozna\u0107 przed przeprowadzk\u0105\">Australia<\/a>. Kontaktowa\u0142em si\u0119 z wieloma osobami w internecie i w ko\u0144cu trafi\u0142em na Anglo Pacific. M\u00f3j baga\u017c odebrano na czas i udzielono mi informacji po drodze.\"<\/em> - Via <a href=\"http:\/\/www.reviewcentre.com\/Removal-Companies\/Anglo-Pacific-Removals-Company-www-anglopacific-co-uk-review_1596555\" target=\"_blank\" rel=\"noopener\">Przegl\u0105d Centrum<\/a><\/li>\n<li> <em>\"Poleci\u0142bym Anglo Pacific ka\u017cdemu, kto chce bezpiecznie i skutecznie przewie\u017a\u0107 sw\u00f3j dobytek\".<\/em> - przez <a href=\"https:\/\/uk.trustpilot.com\/review\/anglopacific.co.uk\" target=\"_blank\" rel=\"noopener\">TrustPilot<\/a><\/li>\n<\/ul>\n<p><strong>Negatywny<\/strong><\/p>\n<ul>\n<li> <em>\"B\u0142agam, nie bierzcie wi\u0119cej pod uwag\u0119 firmy Anglo Pacific!!! Moja przesy\u0142ka dotar\u0142a do mnie z ca\u0142kowicie rozbit\u0105 zastaw\u0105 sto\u0142ow\u0105 i pude\u0142kiem z artyku\u0142ami elektrycznymi dostarczonym do g\u00f3ry nogami!\"<\/em> - przez <a href=\"http:\/\/www.reviewcentre.com\/Removal-Companies\/Anglo-Pacific-Removals-Company-www-anglopacific-co-uk-review_3741459\" target=\"_blank\" rel=\"noopener\">Przegl\u0105d Centrum<\/a><\/li>\n<li> <em>\"Trudno mi wyrazi\u0107 moje przera\u017cenie, kiedy otworzy\u0142em ostatnie z moich pude\u0142 w <a href=\"https:\/\/moverdb.com\/pl\/moving-to-nyc\/\" data-internallinksmanager029f6b8e52c=\"57\" title=\"Przeprowadzka do Nowego Jorku? 2026 Koszty \u017cycia w Nowym Jorku i wskaz\u00f3wki dotycz\u0105ce przeprowadzki\">NYC<\/a> tylko po to, by zorientowa\u0107 si\u0119, \u017ce zagin\u0119\u0142y moje najcenniejsze przedmioty i wi\u0119kszo\u015b\u0107 drogich naczy\u0144 kuchennych\".<\/em> - przez <a href=\"http:\/\/www.mymovingreviews.com\/movers\/anglo-pacific-international-1790\" target=\"_blank\" rel=\"noopener\">Moje przegl\u0105dy przeprowadzek<\/a><\/li>\n<li> <em>\"Unikaj - straszne do\u015bwiadczenie z ca\u0142kowitym brakiem opieki i najgorsz\u0105 obs\u0142ug\u0105 After\"<\/em> - przez <a href=\"https:\/\/uk.trustpilot.com\/reviews\/56d595280000ff000940e229\" target=\"_blank\" rel=\"noopener\">Trustpilot<\/a><\/li>\n<\/ul>\n<div itemprop=\"review\" itemscope itemtype=\"http:\/\/schema.org\/Review\">\n<span itemprop=\"author\" itemscope=\"\" itemtype=\"http:\/\/schema.org\/Organization\"><span itemprop=\"name\">MoverDB.com<\/span><\/span> Przegl\u0105d stron internetowych dla <span itemprop=\"itemreviewed\" itemscope=\"\" itemtype=\"http:\/\/schema.org\/Brand\"><span itemprop=\"name\">Anglo Pacific<\/span><\/span>:<\/p>\n<ol>\n<li> Przejrzyste dane kontaktowe na stronie internetowej (w tym numer telefonu)? <strong>Tak<\/strong><\/li>\n<li> \u0141atwe do uzyskania <a href=\"https:\/\/moverdb.com\/pl\/cytaty\/\">oferty na przeprowadzki mi\u0119dzynarodowe<\/a>? (formularz wniosku o wycen\u0119 online): <strong>Tak<\/strong><\/li>\n<li> Przejrzyste informacje na stronie internetowej: <strong>Tak<\/strong>strony s\u0105 \u0142atwe w nawigacji i \u0142atwo mo\u017cna si\u0119 zorientowa\u0107, jakie us\u0142ugi oferuj\u0105.<\/li>\n<li> Cz\u0142onkostwo w uznanych mi\u0119dzynarodowych organizacjach zajmuj\u0105cych si\u0119 przemieszczaniem: <strong>Tak<\/strong><\/li>\n<li> Lista klient\u00f3w i\/lub referencje poprzednich klient\u00f3w: <strong>Tak <\/strong><\/li>\n<\/ol>\n<div itemprop=\"reviewRating\" itemscope itemtype=\"http:\/\/schema.org\/Rating\"><meta itemprop=\"worstRating\" content = \"0\" \/><meta itemprop=\"bestRating\" content=\"5\" \/><meta itemprop=\"ratingValue\" content=\"5\"><\/div>\n<p><strong>Og\u00f3lna ocena: 5\/5<\/strong><br \/>\n<strong>Data przegl\u0105du:<\/strong> <span itemprop=\"datePublished\" content=\"2016-05-01\">01\/05\/2016<\/span>\n<\/div>\n<p>Wi\u0119cej na temat <a href=\"https:\/\/moverdb.com\/pl\/przeprowadzki-miedzynarodowe\/\">Firmy przeprowadzkowe w Wielkiej Brytanii<\/a> i nasze <a href=\"https:\/\/moverdb.com\/pl\/recenzje\/\">obja\u015bnienie procesu przegl\u0105du<\/a>.<\/p>\n<p><strong>Strona internetowa:<\/strong> <a href=\"http:\/\/www.anglopacific.co.uk\" target=\"_blank\" rel=\"noopener\">http:\/\/www.anglopacific.co.uk<\/a><\/p>","protected":false},"excerpt":{"rendered":"<p>Anglo Pacific offers a variety of removal services to help people move overseas. Here are their core service offerings along with company profile and reviews. Services Removal Services Imports International Relocation Provision of shipping containers Theatrical removals Man and Van hire in London Shipping Services Baggage Cars Fine Art Freight Imports Motorbike Luggage Trade Student [&hellip;]<\/p>\n","protected":false},"author":1,"featured_media":0,"parent":0,"menu_order":0,"comment_status":"closed","ping_status":"closed","template":"","meta":{"_genesis_hide_title":false,"_genesis_hide_breadcrumbs":false,"_genesis_hide_singular_image":false,"_genesis_hide_footer_widgets":false,"_genesis_custom_body_class":"","_genesis_custom_post_class":"","_genesis_layout":"","footnotes":""},"class_list":{"0":"post-270","1":"page","2":"type-page","3":"status-publish","5":"entry"},"_links":{"self":[{"href":"https:\/\/moverdb.com\/pl\/wp-json\/wp\/v2\/pages\/270","targetHints":{"allow":["GET"]}}],"collection":[{"href":"https:\/\/moverdb.com\/pl\/wp-json\/wp\/v2\/pages"}],"about":[{"href":"https:\/\/moverdb.com\/pl\/wp-json\/wp\/v2\/types\/page"}],"author":[{"embeddable":true,"href":"https:\/\/moverdb.com\/pl\/wp-json\/wp\/v2\/users\/1"}],"replies":[{"embeddable":true,"href":"https:\/\/moverdb.com\/pl\/wp-json\/wp\/v2\/comments?post=270"}],"version-history":[{"count":12,"href":"https:\/\/moverdb.com\/pl\/wp-json\/wp\/v2\/pages\/270\/revisions"}],"predecessor-version":[{"id":6173,"href":"https:\/\/moverdb.com\/pl\/wp-json\/wp\/v2\/pages\/270\/revisions\/6173"}],"wp:attachment":[{"href":"https:\/\/moverdb.com\/pl\/wp-json\/wp\/v2\/media?parent=270"}],"curies":[{"name":"wp","href":"https:\/\/api.w.org\/{rel}","templated":true}]}}