{"id":2675,"date":"2017-05-03T15:16:49","date_gmt":"2017-05-03T15:16:49","guid":{"rendered":"https:\/\/moverdb.com\/?page_id=2675"},"modified":"2026-01-08T15:20:41","modified_gmt":"2026-01-08T15:20:41","slug":"shipping-to-singapore","status":"publish","type":"page","link":"https:\/\/moverdb.com\/pl\/shipping-to-singapore\/","title":{"rendered":"Wysy\u0142ka do Singapuru: Co musisz wiedzie\u0107"},"content":{"rendered":"<p><img loading=\"lazy\" decoding=\"async\" width=\"720\" height=\"313\" src=\"https:\/\/moverdb.com\/wp-content\/uploads\/shipping-to-singapore.png\" alt=\"Wysy\u0142ka do Singapuru\" class=\"aligncenter size-full wp-image-2676\" srcset=\"https:\/\/moverdb.com\/wp-content\/uploads\/shipping-to-singapore.png 720w, https:\/\/moverdb.com\/wp-content\/uploads\/shipping-to-singapore-300x130.png 300w, https:\/\/moverdb.com\/wp-content\/uploads\/shipping-to-singapore-600x261.png 600w\" sizes=\"auto, (max-width: 720px) 100vw, 720px\" \/><\/p>\n<p>Czy jeste\u015b <a href=\"https:\/\/moverdb.com\/pl\/przeprowadzka-do-singapuru\/\">przeprowadzka do Singapuru<\/a> lub po prostu chcesz wys\u0142a\u0107 kilka paczek, mo\u017cemy pom\u00f3c Ci znale\u017a\u0107 najlepsze oferty wysy\u0142kowe z <a href=\"https:\/\/moverdb.com\/pl\/moving-to-the-united-states\/\" data-internallinksmanager029f6b8e52c=\"94\" title=\"Przeprowadzasz si\u0119 do Stan\u00f3w Zjednoczonych? 2026 Koszty \u017cycia i wskaz\u00f3wki dotycz\u0105ce przeprowadzki\">USA<\/a>, <a href=\"https:\/\/moverdb.com\/pl\/moving-to-the-uk\/\" data-internallinksmanager029f6b8e52c=\"93\" title=\"Przeprowadzasz si\u0119 do Wielkiej Brytanii? 2026 Koszty \u017cycia i wskaz\u00f3wki dotycz\u0105ce przeprowadzki\">UK<\/a>, <a href=\"https:\/\/moverdb.com\/pl\/moving-to-australia\/living-in-australia\/\" data-internallinksmanager029f6b8e52c=\"240\" title=\"21 sekret\u00f3w o \u017cyciu w Australii, kt\u00f3re warto pozna\u0107 przed przeprowadzk\u0105\">Australia<\/a>, <a href=\"https:\/\/moverdb.com\/pl\/moving-to-canada\/\" data-internallinksmanager029f6b8e52c=\"265\" title=\"Przeprowadzka do Kanady? 2026 Koszty utrzymania i wskaz\u00f3wki dotycz\u0105ce przeprowadzki\">Kanada<\/a>, <a href=\"https:\/\/moverdb.com\/pl\/moving-to-france\/\" data-internallinksmanager029f6b8e52c=\"315\" title=\"Przeprowadzka do Francji? Koszty \u017cycia i wskaz\u00f3wki dotycz\u0105ce przeprowadzki w 2023 r.\">Francja<\/a>, <a href=\"https:\/\/moverdb.com\/pl\/moving-to-hong-kong\/\" data-internallinksmanager029f6b8e52c=\"350\" title=\"Przeprowadzka do Hongkongu? Koszty \u017cycia i wskaz\u00f3wki dotycz\u0105ce przeprowadzki w 2023 r.\">Hongkong<\/a>, <a href=\"https:\/\/moverdb.com\/pl\/moving-to-new-zealand\/\" data-internallinksmanager029f6b8e52c=\"324\" title=\"Przeprowadzka do Nowej Zelandii? 2026 Koszty \u017cycia i wskaz\u00f3wki dotycz\u0105ce relokacji\">Nowa Zelandia<\/a>, <a href=\"https:\/\/moverdb.com\/pl\/moving-to-the-philippines\/\" data-internallinksmanager029f6b8e52c=\"376\" title=\"Przeprowadzka na Filipiny? Koszty \u017cycia i wskaz\u00f3wki dotycz\u0105ce relokacji w 2023 r.\">Filipiny<\/a> i wi\u0119kszo\u015b\u0107 innych kraj\u00f3w na \u015bwiecie. <\/p>\n<p>Mo\u017cesz zacz\u0105\u0107 od skorzystania z formularza bezp\u0142atnej wyceny powy\u017cej. <\/p>\n<div id=\"ez-toc-container\" class=\"ez-toc-v2_0_82_2 ez-toc-wrap-left counter-hierarchy ez-toc-counter ez-toc-transparent ez-toc-container-direction\">\n<div class=\"ez-toc-title-container\">\n<p class=\"ez-toc-title\" style=\"cursor:inherit\">Sekcje<\/p>\n<span class=\"ez-toc-title-toggle\"><a href=\"#\" class=\"ez-toc-pull-right ez-toc-btn ez-toc-btn-xs ez-toc-btn-default ez-toc-toggle\" aria-label=\"Prze\u0142\u0105cznik Spisu Tre\u015bci\"><span class=\"ez-toc-js-icon-con\"><span class=\"\"><span class=\"eztoc-hide\" style=\"display:none;\">Toggle<\/span><span class=\"ez-toc-icon-toggle-span\"><svg style=\"fill: #999;color:#999\" xmlns=\"http:\/\/www.w3.org\/2000\/svg\" class=\"list-377408\" width=\"20px\" height=\"20px\" viewbox=\"0 0 24 24\" fill=\"none\"><path d=\"M6 6H4v2h2V6zm14 0H8v2h12V6zM4 11h2v2H4v-2zm16 0H8v2h12v-2zM4 16h2v2H4v-2zm16 0H8v2h12v-2z\" fill=\"currentColor\"><\/path><\/svg><svg style=\"fill: #999;color:#999\" class=\"arrow-unsorted-368013\" xmlns=\"http:\/\/www.w3.org\/2000\/svg\" width=\"10px\" height=\"10px\" viewbox=\"0 0 24 24\" version=\"1.2\" baseprofile=\"tiny\"><path d=\"M18.2 9.3l-6.2-6.3-6.2 6.3c-.2.2-.3.4-.3.7s.1.5.3.7c.2.2.4.3.7.3h11c.3 0 .5-.1.7-.3.2-.2.3-.5.3-.7s-.1-.5-.3-.7zM5.8 14.7l6.2 6.3 6.2-6.3c.2-.2.3-.5.3-.7s-.1-.5-.3-.7c-.2-.2-.4-.3-.7-.3h-11c-.3 0-.5.1-.7.3-.2.2-.3.5-.3.7s.1.5.3.7z\"\/><\/svg><\/span><\/span><\/span><\/a><\/span><\/div>\n<nav><ul class='ez-toc-list ez-toc-list-level-1 eztoc-toggle-hide-by-default' ><li class='ez-toc-page-1 ez-toc-heading-level-2'><a class=\"ez-toc-link ez-toc-heading-1\" href=\"https:\/\/moverdb.com\/pl\/shipping-to-singapore\/#Shipping_to_Singapore_From_The_US\" >Wysy\u0142ka do Singapuru z USA<\/a><\/li><li class='ez-toc-page-1 ez-toc-heading-level-2'><a class=\"ez-toc-link ez-toc-heading-2\" href=\"https:\/\/moverdb.com\/pl\/shipping-to-singapore\/#Shipping_to_Singapore_From_The_UK\" >Wysy\u0142ka do Singapuru z Wielkiej Brytanii<\/a><\/li><li class='ez-toc-page-1 ez-toc-heading-level-2'><a class=\"ez-toc-link ez-toc-heading-3\" href=\"https:\/\/moverdb.com\/pl\/shipping-to-singapore\/#Shipping_to_Singapore_From_Australia\" >Wysy\u0142ka do Singapuru z Australii<\/a><\/li><li class='ez-toc-page-1 ez-toc-heading-level-2'><a class=\"ez-toc-link ez-toc-heading-4\" href=\"https:\/\/moverdb.com\/pl\/shipping-to-singapore\/#Shipping_to_Singapore_From_Canada\" >Wysy\u0142ka do Singapuru z Kanady<\/a><\/li><li class='ez-toc-page-1 ez-toc-heading-level-2'><a class=\"ez-toc-link ez-toc-heading-5\" href=\"https:\/\/moverdb.com\/pl\/shipping-to-singapore\/#Shipping_to_Singapore_From_France\" >Wysy\u0142ka do Singapuru z Francji<\/a><\/li><li class='ez-toc-page-1 ez-toc-heading-level-2'><a class=\"ez-toc-link ez-toc-heading-6\" href=\"https:\/\/moverdb.com\/pl\/shipping-to-singapore\/#Shipping_to_Singapore_From_Hong_Kong\" >Wysy\u0142ka do Singapuru z Hongkongu<\/a><\/li><li class='ez-toc-page-1 ez-toc-heading-level-2'><a class=\"ez-toc-link ez-toc-heading-7\" href=\"https:\/\/moverdb.com\/pl\/shipping-to-singapore\/#Shipping_to_Singapore_From_New_Zealand\" >Wysy\u0142ka do Singapuru z Nowej Zelandii<\/a><\/li><li class='ez-toc-page-1 ez-toc-heading-level-2'><a class=\"ez-toc-link ez-toc-heading-8\" href=\"https:\/\/moverdb.com\/pl\/shipping-to-singapore\/#Shipping_to_Singapore_From_the_Philippines\" >Wysy\u0142ka z Filipin do Singapuru<\/a><\/li><li class='ez-toc-page-1 ez-toc-heading-level-2'><a class=\"ez-toc-link ez-toc-heading-9\" href=\"https:\/\/moverdb.com\/pl\/shipping-to-singapore\/#Singapore_Import_Duties_Taxes\" >C\u0142a i podatki importowe w Singapurze<\/a><\/li><li class='ez-toc-page-1 ez-toc-heading-level-2'><a class=\"ez-toc-link ez-toc-heading-10\" href=\"https:\/\/moverdb.com\/pl\/shipping-to-singapore\/#Restricted_Items_in_Singapore\" >Przedmioty obj\u0119te ograniczeniami w Singapurze<\/a><\/li><li class='ez-toc-page-1 ez-toc-heading-level-2'><a class=\"ez-toc-link ez-toc-heading-11\" href=\"https:\/\/moverdb.com\/pl\/shipping-to-singapore\/#Other_Useful_Guides_to_Singapore\" >Inne przydatne przewodniki po Singapurze<\/a><\/li><\/ul><\/nav><\/div>\n<h2><span class=\"ez-toc-section\" id=\"Shipping_to_Singapore_From_The_US\"><\/span>Wysy\u0142ka do Singapuru z USA<span class=\"ez-toc-section-end\"><\/span><\/h2>\n<p><strong><a href=\"https:\/\/moverdb.com\/pl\/container-shipping\/\" data-internallinksmanager029f6b8e52c=\"3\" title=\"Wykres stawek mi\u0119dzynarodowego transportu kontenerowego: Kwiecie\u0144 2026 r.\">Koszty transportu kontenerowego<\/a> Ze strony <a href=\"https:\/\/moverdb.com\/pl\/przeprowadzka-do-los-angeles\/\">Los Angeles<\/a><\/strong><\/p>\n<ul>\n<li> Kontener 20 st\u00f3p: $750 - $830<\/li>\n<li> Kontener 40 st\u00f3p: $1,120 - $1,235<\/li>\n<\/ul>\n<p><strong>Koszty transportu kontenerowego od <a href=\"https:\/\/moverdb.com\/pl\/przeprowadzka-do-nyc\/\">Nowy Jork<\/a><\/strong><\/p>\n<ul>\n<li> Kontener 20 st\u00f3p: $975 - $1.080<\/li>\n<li> Kontener 40 st\u00f3p: $1,460 - $1,610<\/li>\n<\/ul>\n<p><strong>Koszty wysy\u0142ki paczki<\/strong><\/p>\n<ul>\n<li> Pierwsze 0,5 kg: $11,80+<\/li>\n<li> Ka\u017cde dodatkowe 0,5 kg: $3,25+<\/li>\n<\/ul>\n<p><em>\u0179r\u00f3d\u0142o:<\/em> <a href=\"http:\/\/comgateway.com\/ship-to-Singapore\/\" target=\"_blank\" rel=\"noopener noreferrer\">comGateway<\/a><\/p>\n<p><strong>Czas wysy\u0142ki<\/strong><\/p>\n<ul>\n<li> <strong>Powietrze:<\/strong> 1-3 dni<\/li>\n<li> <strong>Morze:<\/strong> Oko\u0142o 1 miesi\u0105ca<\/li>\n<\/ul>\n<h2><span class=\"ez-toc-section\" id=\"Shipping_to_Singapore_From_The_UK\"><\/span>Wysy\u0142ka do Singapuru z Wielkiej Brytanii<span class=\"ez-toc-section-end\"><\/span><\/h2>\n<p><strong>Koszty transportu kontenerowego od <a href=\"https:\/\/moverdb.com\/pl\/moving-to-london\/\">Londyn<\/a><\/strong><\/p>\n<ul>\n<li> Kontener 20 st\u00f3p: \u00a3895 - \u00a31,000<\/li>\n<li> Kontener 40 st\u00f3p: \u00a31,340 - \u00a31,480<\/li>\n<\/ul>\n<p><strong>Koszty wysy\u0142ki paczki<\/strong><\/p>\n<ul>\n<li> Do 1 kg: 20,12 z\u0142+.<\/li>\n<li> Do 20 kg: \u00a387.31+<\/li>\n<\/ul>\n<p><em>\u0179r\u00f3d\u0142o:<\/em> <a href=\"https:\/\/www.transglobalexpress.co.uk\/parcel-to\/singapore\/\" target=\"_blank\" rel=\"noopener noreferrer\">Ekspres transglobalny<\/a><\/p>\n<p><strong>Czas wysy\u0142ki<\/strong><\/p>\n<ul>\n<li> <strong>Powietrze:<\/strong> 1-3 dni<\/li>\n<li> <strong>Morze:<\/strong> Oko\u0142o 1 miesi\u0105ca<\/li>\n<\/ul>\n<h2><span class=\"ez-toc-section\" id=\"Shipping_to_Singapore_From_Australia\"><\/span>Wysy\u0142ka do Singapuru z Australii<span class=\"ez-toc-section-end\"><\/span><\/h2>\n<p><strong>Koszty transportu kontenerowego od <a href=\"https:\/\/moverdb.com\/pl\/przeprowadzka-do-sydney\/\">Sydney<\/a><\/strong><\/p>\n<ul>\n<li> Kontener 20 st\u00f3p: $980 - $1,080 AUD<\/li>\n<li> Kontener 40 st\u00f3p: $1,470 - $1,620 AUD<\/li>\n<\/ul>\n<p><strong>Koszty wysy\u0142ki paczki<\/strong><\/p>\n<ul>\n<li> Ma\u0142a saszetka (do 500 g): $22.26+<\/li>\n<li> Pude\u0142ko (do 5 kg): $81.73+<\/li>\n<\/ul>\n<p><em>\u0179r\u00f3d\u0142o:<\/em> <a href=\"https:\/\/auspost.com.au\/parcels-mail\/calculate-postage-delivery-times\/#\/\" target=\"_blank\" rel=\"noopener noreferrer\">Australia Post<\/a><\/p>\n<p><strong>Czas wysy\u0142ki<\/strong><\/p>\n<ul>\n<li> <strong>Powietrze:<\/strong> 1-3 dni<\/li>\n<li> <strong>Morze:<\/strong> Oko\u0142o 20 dni<\/li>\n<\/ul>\n<h2><span class=\"ez-toc-section\" id=\"Shipping_to_Singapore_From_Canada\"><\/span>Wysy\u0142ka do Singapuru z Kanady<span class=\"ez-toc-section-end\"><\/span><\/h2>\n<p><strong>Koszty transportu kontenerowego od <a href=\"https:\/\/moverdb.com\/pl\/moving-to-canada\/moving-to-montreal\/\" data-internallinksmanager029f6b8e52c=\"410\" title=\"Przeprowadzka do Montrealu? Koszty \u017cycia i wskaz\u00f3wki dotycz\u0105ce przeprowadzki w 2023 roku\">Montreal<\/a><\/strong><\/p>\n<ul>\n<li> Kontener 20 st\u00f3p: $1,640 - $1,800 CAD<\/li>\n<li> Kontener 40 st\u00f3p: $2,440 - $2,700 CAD<\/li>\n<\/ul>\n<p><strong>Koszty transportu kontenerowego od <a href=\"https:\/\/moverdb.com\/pl\/moving-to-canada\/moving-to-vancouver\/\" data-internallinksmanager029f6b8e52c=\"438\" title=\"Przeprowadzka do Vancouver? Koszty \u017cycia i wskaz\u00f3wki dotycz\u0105ce przeprowadzki w 2023 roku\">Vancouver<\/a><\/strong><\/p>\n<ul>\n<li> Kontener 20 st\u00f3p: $990 - $1,100 CAD<\/li>\n<li> Kontener 40 st\u00f3p: $1,480 - $1,630 CAD<\/li>\n<\/ul>\n<p><strong>Koszty wysy\u0142ki paczki<\/strong><\/p>\n<ul>\n<li> 1kg: $20.29 - $105.44+<\/li>\n<li> 10 kg: $139,85 - $412,93+<\/li>\n<\/ul>\n<p><em>\u0179r\u00f3d\u0142o:<\/em> <a href=\"https:\/\/www.canadapost.ca\/cpotools\/apps\/far\/personal\/farInt\" target=\"_blank\" rel=\"noopener noreferrer\">Canada Post<\/a><\/p>\n<p><strong>Czas wysy\u0142ki<\/strong><\/p>\n<ul>\n<li> <strong>Powietrze:<\/strong> 1-3 dni<\/li>\n<li> <strong>Morze:<\/strong> Oko\u0142o 1 miesi\u0105ca<\/li>\n<\/ul>\n<h2><span class=\"ez-toc-section\" id=\"Shipping_to_Singapore_From_France\"><\/span>Wysy\u0142ka do Singapuru z Francji<span class=\"ez-toc-section-end\"><\/span><\/h2>\n<p><strong>Koszty wysy\u0142ki kontenera z Marsylii<\/strong><\/p>\n<ul>\n<li> Kontener 20 st\u00f3p: \u20ac740 - \u20ac820<\/li>\n<li> Kontener 40 st\u00f3p: 1 100 \u20ac - 1 220 \u20ac<\/li>\n<\/ul>\n<p><strong>Czas wysy\u0142ki<\/strong><\/p>\n<ul>\n<li> <strong>Powietrze:<\/strong> 1-3 dni<\/li>\n<li> <strong>Morze:<\/strong> Oko\u0142o 1 miesi\u0105ca<\/li>\n<\/ul>\n<h2><span class=\"ez-toc-section\" id=\"Shipping_to_Singapore_From_Hong_Kong\"><\/span>Wysy\u0142ka do Singapuru z Hongkongu<span class=\"ez-toc-section-end\"><\/span><\/h2>\n<p><strong>Koszty transportu kontenerowego<\/strong><\/p>\n<ul>\n<li> Kontener 20 st\u00f3p: $1,820 - $2,010 HKD<\/li>\n<li> Kontener 40 st\u00f3p: $1,860 - $2,060 HKD<\/li>\n<\/ul>\n<p><strong>Czas wysy\u0142ki<\/strong><\/p>\n<ul>\n<li> <strong>Powietrze:<\/strong> 1-2 dni<\/li>\n<li> <strong>Morze:<\/strong> Oko\u0142o 12 dni<\/li>\n<\/ul>\n<h2><span class=\"ez-toc-section\" id=\"Shipping_to_Singapore_From_New_Zealand\"><\/span>Wysy\u0142ka do Singapuru z Nowej Zelandii<span class=\"ez-toc-section-end\"><\/span><\/h2>\n<p><strong>Koszty wysy\u0142ki kontener\u00f3w z Auckland<\/strong><\/p>\n<ul>\n<li> Kontener 20 st\u00f3p: $1,860 - $2,050 NZD<\/li>\n<li> Kontener 40 st\u00f3p: $2,775 - $3,070 NZD<\/li>\n<\/ul>\n<p><strong>Czas wysy\u0142ki<\/strong><\/p>\n<ul>\n<li> <strong>Powietrze:<\/strong> 1-3 dni<\/li>\n<li> <strong>Morze:<\/strong> Oko\u0142o 23 dni<\/li>\n<\/ul>\n<h2><span class=\"ez-toc-section\" id=\"Shipping_to_Singapore_From_the_Philippines\"><\/span>Wysy\u0142ka z Filipin do Singapuru<span class=\"ez-toc-section-end\"><\/span><\/h2>\n<p><strong>Koszty wysy\u0142ki kontenera z Manili<\/strong><\/p>\n<ul>\n<li> Kontener 20 st\u00f3p: \u20b118 300 - \u20b120 255<\/li>\n<li> Kontener 40ft: \u20b127 350 - \u20b130 230<\/li>\n<\/ul>\n<p><strong>Czas wysy\u0142ki<\/strong><\/p>\n<ul>\n<li> <strong>Powietrze:<\/strong> 1-3 dni<\/li>\n<li> <strong>Morze:<\/strong> Oko\u0142o 12 dni<\/li>\n<\/ul>\n<p>Dane dotycz\u0105ce koszt\u00f3w transportu kontenerowego opieraj\u0105 si\u0119 na wysy\u0142ce towar\u00f3w drog\u0105 morsk\u0105 i pochodz\u0105 z naszej bazy danych. <a href=\"https:\/\/moverdb.com\/pl\/przeladunek-w-kontenerach\/\">stawki za mi\u0119dzynarodow\u0105 \u017ceglug\u0119 kontenerow\u0105<\/a> strona i <a href=\"http:\/\/worldfreightrates.com\" target=\"_blank\" rel=\"noopener noreferrer\">WorldFreightRates.com<\/a>Czas wysy\u0142ki drog\u0105 lotnicz\u0105 pochodzi z <a href=\"https:\/\/wwwapps.ups.com\/fctc\/timeandcost\" target=\"_blank\" rel=\"noopener noreferrer\">Kalkulator czasu i koszt\u00f3w UPS<\/a>, a czasy wysy\u0142ki drog\u0105 morsk\u0105 pochodz\u0105 z <a href=\"https:\/\/www.searates.com\" target=\"_blank\" rel=\"noopener noreferrer\">SeaRates.com<\/a>.<\/p>\n<h2><span class=\"ez-toc-section\" id=\"Singapore_Import_Duties_Taxes\"><\/span>C\u0142a i podatki importowe w Singapurze<span class=\"ez-toc-section-end\"><\/span><\/h2>\n<p>W przypadku wysy\u0142ki artyku\u0142\u00f3w gospodarstwa domowego i rzeczy osobistych do <a href=\"https:\/\/moverdb.com\/pl\/moving-to-singapore\/\" data-internallinksmanager029f6b8e52c=\"68\" title=\"Przeprowadzasz si\u0119 do Singapuru? 2026 Koszty utrzymania i wskaz\u00f3wki dotycz\u0105ce przeprowadzki\">Singapur<\/a> zostaniesz obci\u0105\u017cony podatkiem od towar\u00f3w i us\u0142ug (GST) w wysoko\u015bci 7% od przedmiot\u00f3w o warto\u015bci przekraczaj\u0105cej 400 SGD. Mo\u017cna jednak ubiega\u0107 si\u0119 o ulg\u0119, o ile spe\u0142nione s\u0105 nast\u0119puj\u0105ce warunki:<\/p>\n<blockquote><p>Zwolnienie z podatku GST mo\u017ce by\u0107 przyznane w przypadku importu u\u017cywanych artyku\u0142\u00f3w gospodarstwa domowego i przedmiot\u00f3w osobistego u\u017cytku do:<\/p>\n<p>Singapurczycy i stali rezydenci Singapuru (PR) przebywaj\u0105cy za granic\u0105 i powracaj\u0105cy do Singapuru w celu ponownego zamieszkania<br \/>\nCudzoziemcy przenosz\u0105cy miejsce zamieszkania lub migruj\u0105cy do Singapuru<\/p>\n<p>Ulga w podatku GST podlega nast\u0119puj\u0105cym warunkom:<\/p>\n<p>Osoba ta wyka\u017ce s\u0142u\u017cbom celnym, \u017ce:<\/p>\n<ul>\n<li> Zmienia miejsce zamieszkania na Singapur;<\/li>\n<li> Jest on w\u0142a\u015bcicielem sprowadzonych przedmiot\u00f3w, rzeczy osobistych i zwierz\u0105t domowych;<\/li>\n<li> Przedmioty i rzeczy osobiste by\u0142y w jego posiadaniu i by\u0142y u\u017cywane przez co najmniej 3 miesi\u0105ce; oraz<\/li>\n<li> Artyku\u0142y i rzeczy osobiste s\u0105 przywo\u017cone drog\u0105 lotnicz\u0105 lub morsk\u0105.<\/li>\n<li> Przedmioty, rzeczy osobiste i zwierz\u0119ta domowe s\u0105 importowane w ci\u0105gu 6 miesi\u0119cy od pierwszego przyjazdu do Singapuru.<\/li>\n<li> Podejmuje si\u0119 zobowi\u0105zanie do nieusuwania artyku\u0142\u00f3w i rzeczy osobistych w ci\u0105gu 3 miesi\u0119cy od daty importu.<\/li>\n<\/ul>\n<p>W przypadku powracaj\u0105cych Singapurczyk\u00f3w i os\u00f3b z prawem jazdy, aby kwalifikowa\u0107 si\u0119 do ulgi GST, musz\u0105 oni mieszka\u0107 w obcym kraju przez ponad 6 miesi\u0119cy.<\/p><\/blockquote>\n<p><strong>\u0179r\u00f3d\u0142o:<\/strong> <a href=\"https:\/\/www.customs.gov.sg\/businesses\/importing-goods\/import-procedures\/importing-used-household-articles-and-personal-effects\" target=\"_blank\" rel=\"noopener noreferrer\">Urz\u0105d Celny w Singapurze<\/a><\/p>\n<p>Nale\u017cy pami\u0119ta\u0107, \u017ce istniej\u0105 <a href=\"https:\/\/www.customs.gov.sg\/businesses\/valuation-duties-taxes--fees\/duties-and-dutiable-goods\" target=\"_blank\" rel=\"noopener noreferrer\">Istniej\u0105 4 kategorie towar\u00f3w podlegaj\u0105cych ocleniu<\/a> (kt\u00f3re nie kwalifikuj\u0105 si\u0119 do ulgi GST):<\/p>\n<ul>\n<li> Trunki odurzaj\u0105ce: W oparciu o jeden z dw\u00f3ch wzor\u00f3w: <em>Nale\u017cne c\u0142o = Ca\u0142kowita ilo\u015b\u0107 w litrach x Stawka c\u0142a i\/lub podatku akcyzowego x Procentowa zawarto\u015b\u0107 alkoholu<\/em> <strong>lub .<\/strong><em> Nale\u017cne c\u0142o = ca\u0142kowita ilo\u015b\u0107 podlegaj\u0105ca ocleniu w kilogramach x stawka c\u0142a<\/em>.<\/li>\n<li> Wyroby tytoniowe - <em>Papierosy:<\/em> Nale\u017cne c\u0142o = ca\u0142kowita liczba pa\u0142eczek x waga poszczeg\u00f3lnych pa\u0142eczek (ka\u017cdy gram lub jego cz\u0119\u015b\u0107) x stawka akcyzy - <em>wszystkie inne wyroby tytoniowe:<\/em> Nale\u017cne c\u0142o = masa ca\u0142kowita (w kilogramach) x stawka podatku akcyzowego<\/li>\n<li> Samochody i pojazdy silnikowe <em>Nale\u017cne c\u0142o = warto\u015b\u0107 celna x stawka podatku akcyzowego<\/em>dla samochod\u00f3w osobowych i klasycznych stawka podatku akcyzowego wynosi <strong>20%<\/strong> a dla motocykli i skuter\u00f3w stawka podatku akcyzowego wynosi <strong>12%<\/strong>.<\/li>\n<li> Produkty ropopochodne i mieszanki biodiesla - Produkty ropopochodne: <em>Nale\u017cne c\u0142o = ca\u0142kowita wielko\u015b\u0107 x stawka podatku akcyzowego<\/em>Spr\u0119\u017cony gaz ziemny (Cng): <em>Nale\u017cne c\u0142o = masa ca\u0142kowita x stawka podatku akcyzowego<\/em>, mieszanka biodiesla C\u0142a nale\u017cne =. <em>Ilo\u015b\u0107 oleju nap\u0119dowego x stawka podatku akcyzowego<\/em>.<\/li>\n<\/ul>\n<p>Szczeg\u00f3\u0142owe informacje mo\u017cna znale\u017a\u0107 na stronie internetowej Urz\u0119du Celnego w Singapurze <a href=\"https:\/\/www.customs.gov.sg\/businesses\/importing-goods\/import-procedures\" target=\"_blank\" rel=\"noopener noreferrer\">Procedury importowe tutaj<\/a>.<\/p>\n<h2><span class=\"ez-toc-section\" id=\"Restricted_Items_in_Singapore\"><\/span>Przedmioty obj\u0119te ograniczeniami w Singapurze<span class=\"ez-toc-section-end\"><\/span><\/h2>\n<p>Nast\u0119puj\u0105ce przedmioty s\u0105 wymienione jako zabronione i\/lub kontrolowane przez s\u0142u\u017cby celne Singapuru (<a href=\"https:\/\/www.customs.gov.sg\/individuals\/going-through-customs\/arrival\/prohibited-and-controlled-goods\" target=\"_blank\" rel=\"noopener noreferrer\">zob. strona internetowa<\/a> w celu uzyskania pe\u0142nych informacji):<\/p>\n<ul>\n<li> Guma do \u017cucia (z wyj\u0105tkiem gumy dentystycznej i leczniczej zatwierdzonej przez Health Sciences Authority).<\/li>\n<li> Tyto\u0144 do \u017cucia i imitacje wyrob\u00f3w tytoniowych (np. papierosy elektroniczne)<\/li>\n<li> Shisha<\/li>\n<li> Cygara bezdymne, cygaretki bezdymne lub papierosy bezdymne<\/li>\n<li> Rozpuszczalny tyto\u0144 lub nikotyna<\/li>\n<li> Ka\u017cdy produkt zawieraj\u0105cy nikotyn\u0119 lub tyto\u0144, kt\u00f3ry mo\u017ce by\u0107 stosowany miejscowo, w formie implantu lub wstrzykni\u0119ty w dowoln\u0105 cz\u0119\u015b\u0107 cia\u0142a.<\/li>\n<li> Wszelkie roztwory lub substancje, kt\u00f3rych sk\u0142adnikiem jest tyto\u0144 lub nikotyna, przeznaczone do stosowania z elektronicznym systemem dostarczania nikotyny lub z waporyzatorami.<\/li>\n<li> Tabaka do nosa (z moc\u0105 od 1 sierpnia 2016 r.)<\/li>\n<li> Tabaka doustna (z moc\u0105 od 1 sierpnia 2016 r.)<\/li>\n<li> Gutkha, khaini i zarda (z moc\u0105 od 1 sierpnia 2016 r.)<\/li>\n<li> Zapalniczki do papieros\u00f3w w kszta\u0142cie pistoletu lub rewolweru<\/li>\n<p>Contr<\/p>\n<li> odurzonych i substancji psychotropowych<\/li>\n<li> Zagro\u017cone gatunki dzikich zwierz\u0105t i ich produkty uboczne<\/li>\n<li> Petardy<\/li>\n<li> Obsceniczne artyku\u0142y, publikacje i kasety wideo\/ p\u0142yty<\/li>\n<li> Powielanie publikacji, oprogramowania, ta\u015bm wideo, wideo dysk\u00f3w kompaktowych, dysk\u00f3w laserowych, p\u0142yt lub kaset chronionych prawem autorskim<\/li>\n<li> Materia\u0142y podburzaj\u0105ce i zdradzieckie<\/li>\n<\/ul>\n<p>Je\u015bli nie masz pewno\u015bci co do innych element\u00f3w, przed wys\u0142aniem towaru skontaktuj si\u0119 z nimi.<\/p>\n<h2><span class=\"ez-toc-section\" id=\"Other_Useful_Guides_to_Singapore\"><\/span>Inne przydatne przewodniki po Singapurze<span class=\"ez-toc-section-end\"><\/span><\/h2>\n<ul>\n<li> <a href=\"https:\/\/moverdb.com\/pl\/przeladunek-w-kontenerach\/singapur\/\">2024 Stawki wysy\u0142ki kontener\u00f3w morskich do iz Singapuru<\/a><\/li>\n<li> <a href=\"https:\/\/moverdb.com\/pl\/firmy-przeprowadzkowe\/moving-companies-singapore\/\">22 najlepsze firmy przeprowadzkowe w Singapurze<\/a><\/li>\n<li> <a href=\"https:\/\/moverdb.com\/pl\/shipping-to-singapore\/\">Wysy\u0142ka do Singapuru: Co musisz wiedzie\u0107<\/a><\/li>\n<li> <a href=\"https:\/\/moverdb.com\/pl\/przeprowadzka-do-singapuru\/\">Przeprowadzka do Singapuru? 2024 Koszty \u017cycia i wskaz\u00f3wki dotycz\u0105ce przeprowadzki<\/a><\/li>\n<li> <a href=\"https:\/\/moverdb.com\/pl\/przeprowadzka-do-singapuru\/best-places-to-live-singapore\/\">12 najlepszych miejsc do \u017cycia w Singapurze<\/a><\/li>\n<li> <a href=\"https:\/\/moverdb.com\/pl\/przeprowadzka-do-singapuru\/living-in-singapore\/\">21 sekret\u00f3w dotycz\u0105cych \u017cycia w Singapurze, kt\u00f3re warto pozna\u0107 przed przeprowadzk\u0105<\/a><\/li>\n<li> <a href=\"https:\/\/moverdb.com\/pl\/przeprowadzka-do-singapuru\/moving-to-singapore-from-the-united-states\/\">Przeprowadzka do Singapuru ze Stan\u00f3w Zjednoczonych<\/a><\/li>\n<\/ul>","protected":false},"excerpt":{"rendered":"<p>Whether you&#8217;re moving to Singapore or just looking to ship a few parcels, we can help you find the best shipping deals from the US, UK, Australia, Canada, France, Hong Kong, New Zealand, Philippines and most other countries around the world. You can get started by using the free quote form above. Shipping to Singapore [&hellip;]<\/p>\n","protected":false},"author":1,"featured_media":2676,"parent":0,"menu_order":0,"comment_status":"closed","ping_status":"closed","template":"","meta":{"_genesis_hide_title":false,"_genesis_hide_breadcrumbs":false,"_genesis_hide_singular_image":false,"_genesis_hide_footer_widgets":false,"_genesis_custom_body_class":"","_genesis_custom_post_class":"","_genesis_layout":"","footnotes":""},"class_list":{"0":"post-2675","1":"page","2":"type-page","3":"status-publish","4":"has-post-thumbnail","6":"entry"},"_links":{"self":[{"href":"https:\/\/moverdb.com\/pl\/wp-json\/wp\/v2\/pages\/2675","targetHints":{"allow":["GET"]}}],"collection":[{"href":"https:\/\/moverdb.com\/pl\/wp-json\/wp\/v2\/pages"}],"about":[{"href":"https:\/\/moverdb.com\/pl\/wp-json\/wp\/v2\/types\/page"}],"author":[{"embeddable":true,"href":"https:\/\/moverdb.com\/pl\/wp-json\/wp\/v2\/users\/1"}],"replies":[{"embeddable":true,"href":"https:\/\/moverdb.com\/pl\/wp-json\/wp\/v2\/comments?post=2675"}],"version-history":[{"count":17,"href":"https:\/\/moverdb.com\/pl\/wp-json\/wp\/v2\/pages\/2675\/revisions"}],"predecessor-version":[{"id":16941,"href":"https:\/\/moverdb.com\/pl\/wp-json\/wp\/v2\/pages\/2675\/revisions\/16941"}],"wp:featuredmedia":[{"embeddable":true,"href":"https:\/\/moverdb.com\/pl\/wp-json\/wp\/v2\/media\/2676"}],"wp:attachment":[{"href":"https:\/\/moverdb.com\/pl\/wp-json\/wp\/v2\/media?parent=2675"}],"curies":[{"name":"wp","href":"https:\/\/api.w.org\/{rel}","templated":true}]}}