{"id":265,"date":"2016-05-01T06:12:45","date_gmt":"2016-05-01T06:12:45","guid":{"rendered":"http:\/\/moverdb.com\/?page_id=265"},"modified":"2026-01-08T14:47:55","modified_gmt":"2026-01-08T14:47:55","slug":"cadogan-tate","status":"publish","type":"page","link":"https:\/\/moverdb.com\/pl\/cadogan-tate\/","title":{"rendered":"Cadogan Tate: Mi\u0119dzynarodowe przeprowadzki i przeprowadzki - opinie"},"content":{"rendered":"<p>Firma Cadogan Tate oferuje swoim klientom nast\u0119puj\u0105ce us\u0142ugi zwi\u0105zane z przeprowadzk\u0105 za granic\u0119. Po tych informacjach nast\u0119puje profil firmy i opinie r\u00f3\u017cnych klient\u00f3w.<\/p>\n<p><strong>Przeprowadzki osobiste i firmowe<\/strong><\/p>\n<p>Us\u0142ugi zarz\u0105dzania przeprowadzkami<\/p>\n<ul>\n<li> Plan zarz\u0105dzania przemieszczeniem<\/li>\n<li> Pakowanie i rozpakowywanie<\/li>\n<li> Transport i spedycja<\/li>\n<li> Odprawa celna <\/li>\n<li> Magazynowanie - zasi\u0119g globalny<\/li>\n<\/ul>\n<p><strong>Us\u0142ugi artystyczne i us\u0142ugi targowe<\/strong><\/p>\n<ul>\n<li> Przechowywanie, transport i przenoszenie dzie\u0142 sztuki<\/li>\n<li> Przemieszczanie element\u00f3w wystaw i targ\u00f3w na ca\u0142ym \u015bwiecie<\/li>\n<\/ul>\n<p><strong>Zadania specjalistyczne<\/strong><\/p>\n<ul>\n<li> Przemieszczanie win szlachetnych <\/li>\n<li> <a href=\"https:\/\/moverdb.com\/pl\/samochod-transport-wysylka\/\">Wysy\u0142ka samochod\u00f3w<\/a>\u0142odzie i samoloty<\/li>\n<li> Przenoszenie zwierz\u0105t domowych<\/li>\n<\/ul>\n<p><strong>Us\u0142ugi projektant\u00f3w wn\u0119trz<\/strong><\/p>\n<ul>\n<li> Odbi\u00f3r i transport na ca\u0142ym \u015bwiecie dowolnych przedmiot\u00f3w designerskich<\/li>\n<li> Fachowo zapakowane\/opakowane i przeniesione przez do\u015bwiadczonych pracownik\u00f3w<\/li>\n<li> Wysy\u0142ka i c\u0142o <\/li>\n<li> Przechowywanie <\/li>\n<\/ul>\n<h2>Profil firmy Cadogan Tate<\/h2>\n<p>Firma Cadogan Tate zosta\u0142a za\u0142o\u017cona w 1977 roku i obecnie posiada biura w <a href=\"https:\/\/moverdb.com\/pl\/moving-to-london\/\">Londyn<\/a>, <a href=\"https:\/\/moverdb.com\/pl\/moving-to-france\/moving-to-paris\/\" data-internallinksmanager029f6b8e52c=\"407\" title=\"Przeprowadzka do Pary\u017ca? Koszty \u017cycia i wskaz\u00f3wki dotycz\u0105ce przeprowadzki w 2023 roku\">Pary\u017c<\/a>Lazurowe Wybrze\u017ce, <a href=\"https:\/\/moverdb.com\/pl\/przeprowadzka-do-nyc\/\">Nowy Jork<\/a> oraz <a href=\"https:\/\/moverdb.com\/pl\/przeprowadzka-do-los-angeles\/\">Los Angeles<\/a> Zajmuj\u0105 si\u0119 nie tylko przeprowadzkami firm i os\u00f3b prywatnych na ca\u0142ym \u015bwiecie, ale s\u0105 r\u00f3wnie\u017c ekspertami w dziedzinie transportu dzie\u0142 sztuki, mebli i przedmiot\u00f3w dekoracyjnych zaprojektowanych przez czo\u0142owych \u015bwiatowych projektant\u00f3w. <\/p>\n<p>Cadogan Tate szczyci si\u0119 swoim do\u015bwiadczeniem w organizowaniu Targ\u00f3w Sztuki, uwzgl\u0119dniaj\u0105c potrzeby organizator\u00f3w targ\u00f3w, kupc\u00f3w i wystawc\u00f3w. Pisemne logo Cadogan Tate brzmi: \"wszystko, traktowane z trosk\u0105\".<br \/>\nFirma posiada d\u0142ug\u0105 list\u0119 stowarzysze\u0144 i akredytacji:<\/p>\n<ul>\n<li> <a href=\"https:\/\/moverdb.com\/pl\/british-association-of-removers\/\">Brytyjskie Stowarzyszenie Przeprowadzek (BAR)<\/a><\/li>\n<li> <a href=\"https:\/\/moverdb.com\/pl\/mtc\/\">Movers Trading Club<\/a> (<a href=\"https:\/\/moverdb.com\/pl\/mtc\/\" data-internallinksmanager029f6b8e52c=\"30\" title=\"Movers Trading Club (MTC) - obja\u015bnienia\">MTC<\/a>)<\/li>\n<li> Stowarzyszenie Muze\u00f3w<\/li>\n<li> Biuro g\u0142\u00f3wne -. <a href=\"https:\/\/moverdb.com\/pl\/moving-to-the-uk\/\" data-internallinksmanager029f6b8e52c=\"93\" title=\"Przeprowadzasz si\u0119 do Wielkiej Brytanii? 2026 Koszty \u017cycia i wskaz\u00f3wki dotycz\u0105ce przeprowadzki\">UK<\/a> Agencja Ochrony Granic<\/li>\n<li> <a href=\"https:\/\/moverdb.com\/pl\/harmony-relocation-network\/\">Sie\u0107 Harmony Relocation<\/a><\/li>\n<li> <a href=\"https:\/\/moverdb.com\/pl\/jestem\/\">Mi\u0119dzynarodowe Stowarzyszenie Przewo\u017anik\u00f3w (IAM)<\/a><\/li>\n<li> <a href=\"https:\/\/moverdb.com\/pl\/fidi-faim\/\">FAIM<\/a><\/li>\n<li> Grupa Rejestrator\u00f3w Brytyjskich<\/li>\n<li> <a href=\"https:\/\/moverdb.com\/pl\/fidi-faim\/\">Globalny Sojusz FIDI<\/a><\/li>\n<li> Stowarzyszenie Sprzedawc\u00f3w Dzie\u0142 Sztuki i Antyk\u00f3w (LAPADA)<\/li>\n<li> Standard us\u0142ug gwarantowanej jako\u015bci - przeprowadzki komercyjne<\/li>\n<li> Standard us\u0142ug gwarantuj\u0105cych jako\u015b\u0107 - Systemy zarz\u0105dzania \u015brodowiskowego<\/li>\n<li> Standard us\u0142ug gwarantowanej jako\u015bci - przeprowadzki komercyjne<\/li>\n<li> Standard us\u0142ug gwarantowanej jako\u015bci - przeprowadzki mebli domowych<\/li>\n<li> Standard us\u0142ug zapewniania jako\u015bci - zdrowie w miejscu pracy i systemy zarz\u0105dzania<\/li>\n<li> Standard us\u0142ug gwarantuj\u0105cych jako\u015b\u0107 - systemy zarz\u0105dzania jako\u015bci\u0105<\/li>\n<\/ul>\n<h2>Cadogan Tate Reviews<\/h2>\n<p><strong>Pozytywne<\/strong><\/p>\n<ul>\n<li> \"<em>Byli\u015bmy zachwyceni firm\u0105 Cadogan Tate. Nie by\u0142 to tani wyb\u00f3r, ale po wsp\u00f3\u0142pracy z nimi stwierdzili\u015bmy, \u017ce byli warci ka\u017cdej z\u0142ot\u00f3wki.\" <\/em> E. Perry przez <a href=\"http:\/\/www.reviewcentre.com\/Removal-Companies\/Cadogan-Tate-www-cadogantate-com-review_3591881\" target=\"_blank\" rel=\"noopener\">Przegl\u0105d Centrum<\/a>\n<\/li>\n<li> \"<em>Ostatnio zam\u00f3wi\u0142em przesy\u0142k\u0119 przez Cadogan Tate dla mojej przeprowadzki z South of <a href=\"https:\/\/moverdb.com\/pl\/moving-to-france\/\" data-internallinksmanager029f6b8e52c=\"315\" title=\"Przeprowadzka do Francji? Koszty \u017cycia i wskaz\u00f3wki dotycz\u0105ce przeprowadzki w 2023 r.\">Francja<\/a> do Londynu. Wszystko odby\u0142o si\u0119 perfekcyjnie\". <\/em>Rivsalov przez <a href=\"http:\/\/www.removalreviews.co.uk\/movingreviews\/smooth-and-efficient-with-a-professional-approach-5733\" target=\"_blank\" rel=\"noopener\">Recenzje przeprowadzek<\/a>\n<\/li>\n<\/ul>\n<p><strong>Negatywny<\/strong><\/p>\n<ul>\n<li> \"<em>Jestem zdegustowany ilo\u015bci\u0105 odpad\u00f3w \u015brodowiskowych, jakie produkuje ta firma. Pud\u0142a z nietrwa\u0142ymi przedmiotami, takimi jak poduszki i po\u015bciel, wypchane po brzegi nowiutkim papierowym opakowaniem.\" <\/em>Carl Lyon przez <a href=\"http:\/\/www.reviewcentre.com\/Removal-Companies\/Cadogan-Tate-www-cadogantate-com-review_3349791\" target=\"_blank\" rel=\"noopener\">Przegl\u0105d Centrum<\/a>\n<\/li>\n<li> \"<em>Korzystali\u015bmy z Cadogan Tate przy przeprowadzce z Londynu z powrotem do <a href=\"https:\/\/moverdb.com\/pl\/moving-to-the-united-states\/\" data-internallinksmanager029f6b8e52c=\"94\" title=\"Przeprowadzasz si\u0119 do Stan\u00f3w Zjednoczonych? 2026 Koszty \u017cycia i wskaz\u00f3wki dotycz\u0105ce przeprowadzki\">USA<\/a>. Przeprowadzki by\u0142y bardzo profesjonalne i przyjazne. Jednak zaplecze ma powa\u017cne problemy.\" <\/em> D J Skillman przez <a href=\"http:\/\/www.removalreviews.co.uk\/movers\/cadogan-tate-311\" target=\"_blank\" rel=\"noopener\">Recenzje przeprowadzek<\/a>\n<\/li>\n<\/ul>\n<div itemprop=\"review\" itemscope itemtype=\"http:\/\/schema.org\/Review\">\n<span itemprop=\"author\" itemscope=\"\" itemtype=\"http:\/\/schema.org\/Organization\"><span itemprop=\"name\">MoverDB.com<\/span><\/span> Przegl\u0105d stron internetowych dla <span itemprop=\"itemreviewed\" itemscope=\"\" itemtype=\"http:\/\/schema.org\/Brand\"><span itemprop=\"name\">Cadogan Tate<\/span><\/span>:<\/p>\n<ol>\n<li> Przejrzyste dane kontaktowe na stronie internetowej (w tym numer telefonu): <strong>Tak<\/strong><\/li>\n<li> \u0141atwe do uzyskania <a href=\"https:\/\/moverdb.com\/pl\/cytaty\/\">oferty na przeprowadzki mi\u0119dzynarodowe<\/a>? (formularz wniosku o wycen\u0119 online): <strong>Tak<\/strong><\/li>\n<li> Przejrzyste informacje na stronie internetowej: <strong>Cz\u0119\u015bciowe.<\/strong> Strona internetowa nie zawiera zbyt wielu szczeg\u00f3\u0142owych informacji. Jest ona dostarczana na etapie planowania.<\/li>\n<li> Cz\u0142onkostwo w uznanych mi\u0119dzynarodowych organizacjach zajmuj\u0105cych si\u0119 przemieszczaniem: <strong>Tak<\/strong>patrz wy\u017cej.<\/li>\n<li> Lista klient\u00f3w i\/lub referencje poprzednich klient\u00f3w: <strong>Cz\u0119\u015bciowe.<\/strong> Na stronie znajduj\u0105 si\u0119 studia przypadk\u00f3w opisuj\u0105ce r\u00f3\u017cne posuni\u0119cia, ale nie ma tam nazwisk klient\u00f3w ani ich referencji.<\/li>\n<\/ol>\n<div itemprop=\"reviewRating\" itemscope itemtype=\"http:\/\/schema.org\/Rating\"><meta itemprop=\"worstRating\" content = \"0\" \/><meta itemprop=\"bestRating\" content=\"5\" \/><meta itemprop=\"ratingValue\" content=\"4\"><\/div>\n<p><strong>Ocena og\u00f3lna: 4\/5<\/strong><br \/>\n<strong>Data przegl\u0105du:<\/strong> <span itemprop=\"datePublished\" content=\"2016-05-01\">01\/05\/2016<\/span>\n<\/div>\n<p>Wi\u0119cej na temat <a href=\"https:\/\/moverdb.com\/pl\/przeprowadzki-miedzynarodowe\/\">Firmy przeprowadzkowe w Wielkiej Brytanii<\/a> i nasze <a href=\"https:\/\/moverdb.com\/pl\/recenzje\/\">obja\u015bnienie procesu przegl\u0105du<\/a>.<\/p>\n<p><strong>Strona internetowa:<\/strong> <a href=\"https:\/\/www.cadogantate.com\/en\" target=\"_blank\" rel=\"noopener\">https:\/\/www.cadogantate.com\/en<\/a><\/p>","protected":false},"excerpt":{"rendered":"<p>Cadogan Tate offer their clients the following for their move abroad. This information is followed by a company profile and reviews from various clients. Personal and Corporate Moves Move Management Services Move management plan Packing and unpacking Transportation and shipping Customs clearance Storage &#8211; Global coverage Art Services and Fair Services Fine art storage, shipping [&hellip;]<\/p>\n","protected":false},"author":1,"featured_media":0,"parent":0,"menu_order":0,"comment_status":"closed","ping_status":"closed","template":"","meta":{"_genesis_hide_title":false,"_genesis_hide_breadcrumbs":false,"_genesis_hide_singular_image":false,"_genesis_hide_footer_widgets":false,"_genesis_custom_body_class":"","_genesis_custom_post_class":"","_genesis_layout":"","footnotes":""},"class_list":{"0":"post-265","1":"page","2":"type-page","3":"status-publish","5":"entry"},"_links":{"self":[{"href":"https:\/\/moverdb.com\/pl\/wp-json\/wp\/v2\/pages\/265","targetHints":{"allow":["GET"]}}],"collection":[{"href":"https:\/\/moverdb.com\/pl\/wp-json\/wp\/v2\/pages"}],"about":[{"href":"https:\/\/moverdb.com\/pl\/wp-json\/wp\/v2\/types\/page"}],"author":[{"embeddable":true,"href":"https:\/\/moverdb.com\/pl\/wp-json\/wp\/v2\/users\/1"}],"replies":[{"embeddable":true,"href":"https:\/\/moverdb.com\/pl\/wp-json\/wp\/v2\/comments?post=265"}],"version-history":[{"count":17,"href":"https:\/\/moverdb.com\/pl\/wp-json\/wp\/v2\/pages\/265\/revisions"}],"predecessor-version":[{"id":6190,"href":"https:\/\/moverdb.com\/pl\/wp-json\/wp\/v2\/pages\/265\/revisions\/6190"}],"wp:attachment":[{"href":"https:\/\/moverdb.com\/pl\/wp-json\/wp\/v2\/media?parent=265"}],"curies":[{"name":"wp","href":"https:\/\/api.w.org\/{rel}","templated":true}]}}