{"id":246,"date":"2016-04-21T14:54:42","date_gmt":"2016-04-21T14:54:42","guid":{"rendered":"http:\/\/moverdb.com\/?page_id=246"},"modified":"2026-01-08T14:47:37","modified_gmt":"2026-01-08T14:47:37","slug":"atlas-van-lines-international","status":"publish","type":"page","link":"https:\/\/moverdb.com\/pl\/atlas-van-lines-international\/","title":{"rendered":"Atlas Van Lines International: Us\u0142ugi przeprowadzkowe i opinie"},"content":{"rendered":"<p>Atlas Van Lines International oferuje nast\u0119puj\u0105ce us\u0142ugi dla os\u00f3b przeprowadzaj\u0105cych si\u0119 za granic\u0119. Poni\u017cej mo\u017cna r\u00f3wnie\u017c zobaczy\u0107 profil firmy i przeczyta\u0107 opinie:<\/p>\n<p><strong>Przeprowadzki osobiste i firmowe:<\/strong><\/p>\n<p>Us\u0142ugi transportowe<\/p>\n<ul>\n<li> Globalny transport artyku\u0142\u00f3w gospodarstwa domowego w systemie \"od drzwi do drzwi<\/li>\n<li> <a href=\"https:\/\/moverdb.com\/pl\/spedytor\/\">Fracht morski i lotniczy<\/a><\/li>\n<li> Samochody i \u0142odzie<\/li>\n<li> \u0141adunek projektowy (eksponaty i wystawy)<\/li>\n<\/ul>\n<p>Us\u0142ugi relokacyjne<\/p>\n<ul>\n<li> Administracja i wsparcie programu<\/li>\n<li> Rozw\u00f3j polityki<\/li>\n<li> Konsultacje<\/li>\n<li> Mieszkania przejmuj\u0105cego<\/li>\n<li> Us\u0142ugi dotycz\u0105ce miejsc przeznaczenia<\/li>\n<li> Us\u0142uga ochrony warto\u015bci<\/li>\n<\/ul>\n<p>Us\u0142ugi turystyczne<\/p>\n<ul>\n<li> Biuro podr\u00f3\u017cy korporacyjnych z pe\u0142nym zakresem us\u0142ug<\/li>\n<li> Zarz\u0105dzanie programem i sprawozdawczo\u015b\u0107<\/li>\n<\/ul>\n<p>Zarz\u0105dzanie d\u0142ugoterminowym przechowywaniem<\/p>\n<p><strong>Przeprowadzki rz\u0105dowe i wojskowe:<\/strong><\/p>\n<ul>\n<li> Wspieranie Programu Obronnego Mienia Osobistego (DP3)<\/li>\n<li> Zarz\u0105dzanie mi\u0119dzynarodowymi przewozami artyku\u0142\u00f3w gospodarstwa domowego (kody 4, 5 i T)<\/li>\n<li> Zarz\u0105dzanie przep\u0142ywem domowych artyku\u0142\u00f3w gospodarstwa domowego (kody 1 i 2)<\/li>\n<li> Przesy\u0142ki baga\u017cowe mi\u0119dzynarodowe (kod J)<\/li>\n<li> Przesy\u0142ki OTO<\/li>\n<li> Dedykowany zesp\u00f3\u0142 obs\u0142ugi klienta zapewniaj\u0105cy cz\u0142onkom s\u0142u\u017cby opiek\u0119 osobist\u0105 na poziomie VIP<\/li>\n<li> Zesp\u00f3\u0142 ds. kont GSA zajmuj\u0105cy si\u0119 wy\u0142\u0105cznie zarz\u0105dzaniem przeprowadzkami mi\u0119dzynarodowymi dla <a href=\"https:\/\/moverdb.com\/pl\/moving-to-the-united-states\/\" data-internallinksmanager029f6b8e52c=\"94\" title=\"Przeprowadzasz si\u0119 do Stan\u00f3w Zjednoczonych? 2026 Koszty \u017cycia i wskaz\u00f3wki dotycz\u0105ce przeprowadzki\">USA<\/a> agencje rz\u0105dowe<\/li>\n<li> Uczestnik programu I-CHAMP<\/li>\n<\/ul>\n<p><strong>Wystawy i \u0142adunki:<\/strong><\/p>\n<ul>\n<li> Eksponaty<\/li>\n<li> Wy\u015bwietlacze na targi<\/li>\n<li> Wyposa\u017cenie sklep\u00f3w<\/li>\n<li> Projekty specjalne za granic\u0105<\/li>\n<\/ul>\n<h2>Profil firmy Atlas Van Lines International<\/h2>\n<p>Atlas International jest oddzia\u0142em prywatnej firmy Atlas Van Lines i nale\u017cy do Atlas World Group. Od ponad 50 lat zajmuje si\u0119 przeprowadzkami zagranicznymi. Koncentruj\u0105 si\u0119 g\u0142\u00f3wnie na przeprowadzkach firm, kt\u00f3re stanowi\u0105 85% z 7000 przeprowadzek wykonywanych ka\u017cdego roku. <\/p>\n<p>Jednak\u017ce przenosz\u0105 oni r\u00f3wnie\u017c indywidualnych specjalist\u00f3w, pracownik\u00f3w rz\u0105dowych i cz\u0142onk\u00f3w armii ameryka\u0144skiej (oraz ich rodziny).<\/p>\n<p>Firma twierdzi, \u017ce jest zaanga\u017cowana w uczciwo\u015b\u0107, jako\u015b\u0107 i rozwi\u0105zania. Jest cz\u0142onkiem nast\u0119puj\u0105cych organizacji:<\/p>\n<ul>\n<li> Certyfikacja C-TPAT przez ameryka\u0144sk\u0105 S\u0142u\u017cb\u0119 Celn\u0105 i Stra\u017c Graniczn\u0105<\/li>\n<li> Rejestracja ISO 9001<\/li>\n<li> <a href=\"https:\/\/moverdb.com\/pl\/obrecz-promocja\/\">RIM\u00ae - Registered International Mover<\/a><\/li>\n<li> <a href=\"https:\/\/moverdb.com\/pl\/amsa\/\">Ameryka\u0144skie Stowarzyszenie Przeprowadzek i Magazynowania<\/a> (<a href=\"https:\/\/moverdb.com\/pl\/amsa\/\" data-internallinksmanager029f6b8e52c=\"5\" title=\"Ameryka\u0144skie Stowarzyszenie Przeprowadzek i Magazynowania (AMSA) - obja\u015bnienia\">AMSA<\/a>)<\/li>\n<li> <a href=\"https:\/\/moverdb.com\/pl\/hgfaa\/\">Ameryka\u0144skie Stowarzyszenie Spedytor\u00f3w HHG<\/a> (HHGFAA)<\/li>\n<li> <a href=\"https:\/\/moverdb.com\/pl\/lacma\/\">Stowarzyszenie Ruch\u00f3w Latynoameryka\u0144skich i Karaibskich<\/a> (<a href=\"https:\/\/moverdb.com\/pl\/lacma\/\" data-internallinksmanager029f6b8e52c=\"28\" title=\"Stowarzyszenie Przewo\u017anik\u00f3w Mi\u0119dzynarodowych Ameryki \u0141aci\u0144skiej i Karaib\u00f3w (LACMA)\">LACMA<\/a>)<\/li>\n<li> <a href=\"https:\/\/moverdb.com\/pl\/iata\/\">Stowarzyszenie Mi\u0119dzynarodowego Transportu Lotniczego<\/a> (<a href=\"https:\/\/moverdb.com\/pl\/iata\/\" data-internallinksmanager029f6b8e52c=\"22\" title=\"Zrzeszenie Mi\u0119dzynarodowego Transportu Lotniczego (IATA) - obja\u015bnienia\">IATA<\/a>)<\/li>\n<li> <a href=\"https:\/\/moverdb.com\/pl\/euromovers\/\">Europejskie partnerstwo przewo\u017anik\u00f3w<\/a><\/li>\n<li> <a href=\"https:\/\/moverdb.com\/pl\/rada-ds-relokacji-pracownikow\/\">Rada ds. Relokacji Pracownik\u00f3w<\/a> (\u015awiatowa <a href=\"https:\/\/moverdb.com\/pl\/employee-relocation-council\/\" data-internallinksmanager029f6b8e52c=\"83\" title=\"Og\u00f3lno\u015bwiatowa Rada ds. Relokacji Pracownik\u00f3w (ERC) - obja\u015bnienia\">ERC<\/a>)<\/li>\n<li> Licencjonowany przez Federaln\u0105 Komisj\u0119 Morsk\u0105 jako <a href=\"https:\/\/moverdb.com\/pl\/freight-forwarder\/\" data-internallinksmanager029f6b8e52c=\"17\" title=\"Spedytor i NVOCC Mi\u0119dzynarodowy Przewodnik po Kosztach i Firmach\">NVOCC<\/a>, Licencja # 79NF<\/li>\n<li> Uczestnicz\u0105cy przewo\u017anik ITGBL w programie CHAMP dla agencji rz\u0105dowych USA<\/li>\n<li> Uczestnicz\u0105cy przewo\u017anik ITGBL dla Departamentu Obrony USA <\/li>\n<\/ul>\n<p>Posiadaj\u0105 one nast\u0119puj\u0105ce agencje globalne:<\/p>\n<ul>\n<li> Wysoko wykwalifikowane agencje Atlas we wszystkich 50 stanach USA.<\/li>\n<li> Ponad 130 agent\u00f3w w ca\u0142ym <a href=\"https:\/\/moverdb.com\/pl\/moving-to-canada\/\" data-internallinksmanager029f6b8e52c=\"265\" title=\"Przeprowadzka do Kanady? 2026 Koszty utrzymania i wskaz\u00f3wki dotycz\u0105ce przeprowadzki\">Kanada<\/a>.<\/li>\n<li> Ponad 300 preferowanych przez Atlas agent\u00f3w pracuj\u0105cych we wszystkich krajach \u015bwiata.<\/li>\n<\/ul>\n<p>Twierdz\u0105 oni r\u00f3wnie\u017c, \u017ce specjali\u015bci ds. przeprowadzek, z kt\u00f3rymi si\u0119 spotykasz i z kt\u00f3rymi wsp\u00f3\u0142pracujesz - na obu etapach przeprowadzki - zostali wst\u0119pnie zakwalifikowani.<\/p>\n<h2>Atlas Van Lines International Reviews<\/h2>\n<p><em><strong>Uwaga:<\/strong> zawiera opinie o firmach Atlas Van Lines i Atlas International<\/em><\/p>\n<p><strong>Pozytywne<\/strong><\/p>\n<ul>\n<li> <em>\"By\u0142am pod ogromnym wra\u017ceniem nie tylko tego, jak ci\u0119\u017cko pracowali, ale tak\u017ce tego, jak dbali o moje rzeczy\".<\/em> - Laurie via <a href=\"http:\/\/www.atlasvanlines.com\/moving-company-reviews\/\" target=\"_blank\" rel=\"noopener\">Strona z opiniami na temat Atlas Van Lines<\/a><\/li>\n<li> <em>\"Atlas to by\u0142 \u015bwietny wyb\u00f3r. Gor\u0105co polecam ich wszystkim, kt\u00f3rzy przeprowadzaj\u0105 si\u0119 na du\u017ce odleg\u0142o\u015bci i nie chc\u0105, aby obcy ludzie zabierali ich rzeczy.\"<\/em> - Kate via <a href=\"http:\/\/www.mymovingreviews.com\/movingreviews\/great-movers-9968\" target=\"_blank\" rel=\"noopener\">MyMovingReviews<\/a><\/li>\n<li> <em>\"BBB ustali\u0142o, \u017ce firma Atlas Van Lines International spe\u0142nia standardy akredytacji BBB, kt\u00f3re obejmuj\u0105 zobowi\u0105zanie do podejmowania w dobrej wierze wysi\u0142k\u00f3w w celu rozwi\u0105zania wszelkich skarg konsument\u00f3w\".<\/em> <a href=\"http:\/\/www.bbb.org\/western-washington\/business-reviews\/movers\/atlas-van-lines-international-in-seattle-wa-27030248\" target=\"_blank\" rel=\"noopener\">Better Business Bureau<\/a><\/li>\n<li> <em>\"Chcia\u0142am tylko podzieli\u0107 si\u0119 swoimi uwagami po wspania\u0142ych do\u015bwiadczeniach z firm\u0105 Atlas Van Lines.<\/em> - Shahram via <a href=\"https:\/\/www.consumeraffairs.com\/movers\/atlas.html\" target=\"_blank\" rel=\"noopener\">Sprawy konsument\u00f3w<\/a><\/li>\n<li> <em>\"Nie m\u00f3g\u0142bym by\u0107 bardziej zadowolony z us\u0142ug \u015bwiadczonych przez firm\u0119 Atlas Van Lines podczas mojej przeprowadzki do Warszawy. <a href=\"https:\/\/moverdb.com\/pl\/przeprowadzka-do-houston\/\">Houston<\/a>. Nawet przy fatalnej pogodzie moje meble dotar\u0142y na czas\".<\/em> Katelyn via <a href=\"http:\/\/www.yelp.co.uk\/biz\/atlas-van-lines-evansville-2?hrid=zrPxDQ8O1DE0pKFgOYoQzA&#038;utm_campaign=www_review_share_popup&#038;utm_medium=copy_link&#038;utm_source=(direct)\" target=\"_blank\" rel=\"noopener\">Yelp<\/a><\/li>\n<\/ul>\n<p><strong>Negatywny<\/strong><\/p>\n<ul>\n<li> <em>\"Przepad\u0142 niezast\u0105piony album naszych c\u00f3reczek.<\/em> - Ruth przez <a href=\"http:\/\/www.atlasvanlines.com\/moving-company-reviews\/\" target=\"_blank\" rel=\"noopener\">Strona z opiniami na temat Atlas Van Lines<\/a><\/li>\n<li> <em>\"Atlas jest najgorszy. Obecnie jeste\u015bmy w trakcie przeprowadzki wojskowej, wi\u0119c nie mieli\u015bmy mo\u017cliwo\u015bci wyboru. Po przeczytaniu przera\u017caj\u0105cych opinii o firmie by\u0142em zaniepokojony, ale pomy\u015bla\u0142em, \u017ce jako rodzina wojskowa zrobi\u0105 wszystko, co w ich mocy, aby zadba\u0107 o tych, kt\u00f3rzy po\u015bwi\u0119cili si\u0119 i s\u0142u\u017cyli swojemu krajowi. Tak si\u0119 nie sta\u0142o\".<\/em> - Chrstine via <a href=\"http:\/\/moving-companies.credio.com\/l\/6\/Atlas-Van-Lines-Inc#review\/532419\" target=\"_blank\" rel=\"noopener\">Credio<\/a><\/li>\n<li> <em>\"Bardzo chcia\u0142em polubi\u0107 firm\u0119 Atlas i jej kanadyjskiego agenta, AMJ Campbella.  Ich oferty by\u0142y po\u015brodku, nie za wysokie i nie za niskie. Poleci\u0142 mi ich przyjaciel, kt\u00f3ry rok temu przeprowadza\u0142 podobn\u0105 mi\u0119dzynarodow\u0105 przeprowadzk\u0119. Jednak w wielu przypadkach zawiedli.\"<\/em>- Irene A. via <a href=\"http:\/\/www.yelp.co.uk\/biz\/atlas-van-lines-evansville-2?hrid=bDSbnk9dU-dvtTPUKtGOyA&#038;utm_campaign=www_review_share_popup&#038;utm_medium=copy_link&#038;utm_source=(direct)\" target=\"_blank\" rel=\"noopener\">Yelp<\/a><\/li>\n<li> <em>\"Przewo\u017anicy sp\u00f3\u017anili si\u0119 z dostarczeniem moich rzeczy o 21 dni\".<\/em> - Jakub przez <a href=\"http:\/\/www.mymovingreviews.com\/movingreviews\/another-victim-49405\" target=\"_blank\" rel=\"noopener\">MyMovingReviews<\/a><\/li>\n<li> <em>\"Niedawno korzystali\u015bmy z us\u0142ug firmy ATLAS van lines i nie polecamy nikomu tej firmy. Zaproponowano nam mniej ni\u017c $7,000 za nasz\u0105 ma\u0142\u0105 przeprowadzk\u0119 i us\u0142ug\u0119 dostawy. Ostatecznie zap\u0142acili\u015bmy ponad $12 000, a nast\u0119pnie otrzymali\u015bmy us\u0142ug\u0119 DROP-OFF.\"<\/em> Noreen via <a href=\"https:\/\/www.consumeraffairs.com\/movers\/atlas.html\" target=\"_blank\" rel=\"noopener\">Sprawy konsument\u00f3w<\/a><\/li>\n<\/ul>\n<div itemprop=\"review\" itemscope itemtype=\"http:\/\/schema.org\/Review\">\n<span itemprop=\"author\" itemscope=\"\" itemtype=\"http:\/\/schema.org\/Organization\"><span itemprop=\"name\">MoverDB.com<\/span><\/span> Przegl\u0105d stron internetowych dla <span itemprop=\"itemreviewed\" itemscope=\"\" itemtype=\"http:\/\/schema.org\/Brand\"><span itemprop=\"name\">Atlas International<\/span><\/span>:<\/p>\n<ol>\n<li> Przejrzyste dane kontaktowe na stronie internetowej (w tym numer telefonu): <strong>Tak<\/strong><\/li>\n<li> \u0141atwe do uzyskania <a href=\"https:\/\/moverdb.com\/pl\/cytaty\/\">oferty na przeprowadzki mi\u0119dzynarodowe<\/a>? (formularz wniosku o wycen\u0119 online): <strong>Tak<\/strong><\/li>\n<li> Przejrzyste informacje na stronie internetowej: <strong>Cz\u0119\u015bciowe.<\/strong> Chocia\u017c strona zawiera wiele przydatnych informacji, nie jest szczeg\u00f3lnie dobrze rozplanowana. Co wi\u0119cej, nie jest w pe\u0142ni responsywna na urz\u0105dzeniach mobilnych.<\/li>\n<li> Cz\u0142onkostwo w uznanych mi\u0119dzynarodowych organizacjach zajmuj\u0105cych si\u0119 przemieszczaniem: <strong>Tak<\/strong>, 12 (patrz wy\u017cej)<\/li>\n<li> Lista klient\u00f3w i\/lub referencje poprzednich klient\u00f3w: <strong>Cz\u0119\u015bciowe.<\/strong> Na stronie internetowej znajduj\u0105 si\u0119 wprawdzie referencje, ale nie ma jednego miejsca, w kt\u00f3rym mo\u017cna by je wszystkie obejrze\u0107. Ponadto, mimo \u017ce w sekcji po\u015bwi\u0119conej relokacjom firm znajduje si\u0119 dzia\u0142 po\u015bwi\u0119cony klientom, \u017caden z nich nie jest wymieniony z imienia i nazwiska.<\/li>\n<\/ol>\n<div itemprop=\"reviewRating\" itemscope itemtype=\"http:\/\/schema.org\/Rating\"><meta itemprop=\"worstRating\" content = \"0\" \/><meta itemprop=\"bestRating\" content=\"5\" \/><meta itemprop=\"ratingValue\" content=\"4\"><\/div>\n<p><strong>Ocena og\u00f3lna: 4\/5<\/strong><br \/>\n<strong>Data przegl\u0105du:<\/strong> <span itemprop=\"datePublished\" content=\"2016-04-21\">21\/04\/2016<\/span>\n<\/div>\n<p>Czytaj wi\u0119cej o <a href=\"https:\/\/moverdb.com\/pl\/firmy-przeprowadzkowe\/\">firmy zajmuj\u0105ce si\u0119 przeprowadzkami mi\u0119dzynarodowymi<\/a>, <a href=\"https:\/\/moverdb.com\/pl\/usa-kanada-movers\/\">Firmy przeprowadzkowe z siedzib\u0105 w USA<\/a> i nasze <a href=\"https:\/\/moverdb.com\/pl\/recenzje\/\">obja\u015bnienie procesu przegl\u0105du<\/a>.<\/p>\n<p><strong>Strona internetowa:<\/strong> <a href=\"https:\/\/www.atlasvanlines.com\/international-movers\" target=\"_blank\" rel=\"noopener\">https:\/\/www.atlasvanlines.com\/international-movers<\/a><\/p>","protected":false},"excerpt":{"rendered":"<p>Atlas Van Lines International offers the following services for people moving abroad. You can also view a company profile and read reviews below: Personal and Corporate moves: Transportation Services Global door-to-door household goods transportation Ocean &#038; air freight Automobiles and boats Project freight (exhibits and displays) Relocation Services Program administration &#038; support Policy development Consulting [&hellip;]<\/p>\n","protected":false},"author":1,"featured_media":0,"parent":0,"menu_order":0,"comment_status":"closed","ping_status":"closed","template":"","meta":{"_genesis_hide_title":false,"_genesis_hide_breadcrumbs":false,"_genesis_hide_singular_image":false,"_genesis_hide_footer_widgets":false,"_genesis_custom_body_class":"","_genesis_custom_post_class":"","_genesis_layout":"","footnotes":""},"class_list":{"0":"post-246","1":"page","2":"type-page","3":"status-publish","5":"entry"},"_links":{"self":[{"href":"https:\/\/moverdb.com\/pl\/wp-json\/wp\/v2\/pages\/246","targetHints":{"allow":["GET"]}}],"collection":[{"href":"https:\/\/moverdb.com\/pl\/wp-json\/wp\/v2\/pages"}],"about":[{"href":"https:\/\/moverdb.com\/pl\/wp-json\/wp\/v2\/types\/page"}],"author":[{"embeddable":true,"href":"https:\/\/moverdb.com\/pl\/wp-json\/wp\/v2\/users\/1"}],"replies":[{"embeddable":true,"href":"https:\/\/moverdb.com\/pl\/wp-json\/wp\/v2\/comments?post=246"}],"version-history":[{"count":29,"href":"https:\/\/moverdb.com\/pl\/wp-json\/wp\/v2\/pages\/246\/revisions"}],"predecessor-version":[{"id":6178,"href":"https:\/\/moverdb.com\/pl\/wp-json\/wp\/v2\/pages\/246\/revisions\/6178"}],"wp:attachment":[{"href":"https:\/\/moverdb.com\/pl\/wp-json\/wp\/v2\/media?parent=246"}],"curies":[{"name":"wp","href":"https:\/\/api.w.org\/{rel}","templated":true}]}}