{"id":17398,"date":"2024-07-03T09:10:49","date_gmt":"2024-07-03T09:10:49","guid":{"rendered":"https:\/\/moverdb.com\/?page_id=17398"},"modified":"2026-01-08T13:18:45","modified_gmt":"2026-01-08T13:18:45","slug":"u-haul-cost","status":"publish","type":"page","link":"https:\/\/moverdb.com\/pl\/u-haul-cost\/","title":{"rendered":"Ile kosztuj\u0105 us\u0142ugi U-Haul? Przewodnik po oszcz\u0119dno\u015bciach 2024"},"content":{"rendered":"<figure class=\"wp-block-image size-full\"><img loading=\"lazy\" decoding=\"async\" width=\"1000\" height=\"667\" src=\"https:\/\/moverdb.com\/wp-content\/uploads\/u-haul-moving-1.jpg\" alt=\"\" class=\"wp-image-11040\" srcset=\"https:\/\/moverdb.com\/wp-content\/uploads\/u-haul-moving-1.jpg 1000w, https:\/\/moverdb.com\/wp-content\/uploads\/u-haul-moving-1-300x200.jpg 300w, https:\/\/moverdb.com\/wp-content\/uploads\/u-haul-moving-1-18x12.jpg 18w, https:\/\/moverdb.com\/wp-content\/uploads\/u-haul-moving-1-600x400.jpg 600w\" sizes=\"auto, (max-width: 1000px) 100vw, 1000px\" \/><\/figure>\r\n\r\n\r\n\r\n<p>U-Haul pozostaje popularnym wyborem w\u015br\u00f3d os\u00f3b przeprowadzaj\u0105cych si\u0119 samodzielnie, ale ile to tak naprawd\u0119 kosztuje? W tym artykule przeanalizujemy modele cenowe U-Haul, przygl\u0105daj\u0105c si\u0119 r\u00f3\u017cnym czynnikom, kt\u00f3re przyczyniaj\u0105 si\u0119 do og\u00f3lnego kosztu - i zostawimy ci\u0119 z najwa\u017cniejszymi, op\u0142acalnymi wskaz\u00f3wkami dotycz\u0105cymi przeprowadzek.<\/p>\r\n\r\n\r\n\r\n<p>Nasz przewodnik obejmuje nast\u0119puj\u0105ce kwestie:<\/p>\r\n\r\n\r\n\r\n<ul class=\"wp-block-list\">\r\n<li>Ile kosztuje U-Haul<\/li>\r\n\r\n\r\n\r\n<li>Co wp\u0142ywa na koszt U-Haul<\/li>\r\n\r\n\r\n\r\n<li>Jak zaoszcz\u0119dzi\u0107 pieni\u0105dze na U-Haul<\/li>\r\n\r\n\r\n\r\n<li>Co wi\u0105\u017ce si\u0119 z korzystaniem z us\u0142ug U-Haul?<\/li>\r\n\r\n\r\n\r\n<li>Jak sprawdzi\u0107, czy U-Haul to najlepszy wyb\u00f3r dla Ciebie?<\/li>\r\n\r\n\r\n\r\n<li>Jak znale\u017a\u0107 i wynaj\u0105\u0107 U-Haul<\/li>\r\n<\/ul>\r\n\r\n\r\n\r\n<p>Je\u015bli chcesz obni\u017cy\u0107 koszty i p\u00f3j\u015b\u0107 drog\u0105 DIY podczas przeprowadzki do domu, skorzystanie z U-Haul mo\u017ce by\u0107 \u015bwietnym rozwi\u0105zaniem. Zaczynajmy.<\/p>\r\n\r\n\r\n\r\n<div id=\"ez-toc-container\" class=\"ez-toc-v2_0_82_2 ez-toc-wrap-left counter-hierarchy ez-toc-counter ez-toc-transparent ez-toc-container-direction\">\n<div class=\"ez-toc-title-container\">\n<p class=\"ez-toc-title\" style=\"cursor:inherit\">Sekcje<\/p>\n<span class=\"ez-toc-title-toggle\"><a href=\"#\" class=\"ez-toc-pull-right ez-toc-btn ez-toc-btn-xs ez-toc-btn-default ez-toc-toggle\" aria-label=\"Prze\u0142\u0105cznik Spisu Tre\u015bci\"><span class=\"ez-toc-js-icon-con\"><span class=\"\"><span class=\"eztoc-hide\" style=\"display:none;\">Toggle<\/span><span class=\"ez-toc-icon-toggle-span\"><svg style=\"fill: #999;color:#999\" xmlns=\"http:\/\/www.w3.org\/2000\/svg\" class=\"list-377408\" width=\"20px\" height=\"20px\" viewbox=\"0 0 24 24\" fill=\"none\"><path d=\"M6 6H4v2h2V6zm14 0H8v2h12V6zM4 11h2v2H4v-2zm16 0H8v2h12v-2zM4 16h2v2H4v-2zm16 0H8v2h12v-2z\" fill=\"currentColor\"><\/path><\/svg><svg style=\"fill: #999;color:#999\" class=\"arrow-unsorted-368013\" xmlns=\"http:\/\/www.w3.org\/2000\/svg\" width=\"10px\" height=\"10px\" viewbox=\"0 0 24 24\" version=\"1.2\" baseprofile=\"tiny\"><path d=\"M18.2 9.3l-6.2-6.3-6.2 6.3c-.2.2-.3.4-.3.7s.1.5.3.7c.2.2.4.3.7.3h11c.3 0 .5-.1.7-.3.2-.2.3-.5.3-.7s-.1-.5-.3-.7zM5.8 14.7l6.2 6.3 6.2-6.3c.2-.2.3-.5.3-.7s-.1-.5-.3-.7c-.2-.2-.4-.3-.7-.3h-11c-.3 0-.5.1-.7.3-.2.2-.3.5-.3.7s.1.5.3.7z\"\/><\/svg><\/span><\/span><\/span><\/a><\/span><\/div>\n<nav><ul class='ez-toc-list ez-toc-list-level-1 eztoc-toggle-hide-by-default' ><li class='ez-toc-page-1 ez-toc-heading-level-2'><a class=\"ez-toc-link ez-toc-heading-1\" href=\"https:\/\/moverdb.com\/pl\/u-haul-cost\/#How_Much_Does_U-Haul_Cost\" >Ile kosztuje U-Haul?<\/a><\/li><li class='ez-toc-page-1 ez-toc-heading-level-2'><a class=\"ez-toc-link ez-toc-heading-2\" href=\"https:\/\/moverdb.com\/pl\/u-haul-cost\/#What_Affects_the_Cost_of_U-Haul\" >Co wp\u0142ywa na koszt us\u0142ugi U-Haul?<\/a><\/li><li class='ez-toc-page-1 ez-toc-heading-level-2'><a class=\"ez-toc-link ez-toc-heading-3\" href=\"https:\/\/moverdb.com\/pl\/u-haul-cost\/#How_Can_I_Save_Money_on_U-Haul\" >Jak mog\u0119 zaoszcz\u0119dzi\u0107 pieni\u0105dze na U-Haul?<\/a><\/li><li class='ez-toc-page-1 ez-toc-heading-level-2'><a class=\"ez-toc-link ez-toc-heading-4\" href=\"https:\/\/moverdb.com\/pl\/u-haul-cost\/#Whats_Involved_in_Hiring_a_U-Haul\" >Co wi\u0105\u017ce si\u0119 z wynaj\u0119ciem U-Haul?<\/a><\/li><li class='ez-toc-page-1 ez-toc-heading-level-2'><a class=\"ez-toc-link ez-toc-heading-5\" href=\"https:\/\/moverdb.com\/pl\/u-haul-cost\/#Is_a_U-Haul_the_Best_Choice_for_Me\" >Czy U-Haul to najlepszy wyb\u00f3r dla mnie?<\/a><\/li><li class='ez-toc-page-1 ez-toc-heading-level-2'><a class=\"ez-toc-link ez-toc-heading-6\" href=\"https:\/\/moverdb.com\/pl\/u-haul-cost\/#Final_Checklist\" >Ko\u0144cowa lista kontrolna<\/a><\/li><li class='ez-toc-page-1 ez-toc-heading-level-2'><a class=\"ez-toc-link ez-toc-heading-7\" href=\"https:\/\/moverdb.com\/pl\/u-haul-cost\/#Frequently_Asked_Questions\" >Cz\u0119sto zadawane pytania<\/a><ul class='ez-toc-list-level-3' ><li class='ez-toc-heading-level-3'><a class=\"ez-toc-link ez-toc-heading-8\" href=\"https:\/\/moverdb.com\/pl\/u-haul-cost\/#How_Do_I_Reserve_a_U-Haul_Truck\" >Jak zarezerwowa\u0107 ci\u0119\u017car\u00f3wk\u0119 U-Haul?<\/a><\/li><li class='ez-toc-page-1 ez-toc-heading-level-3'><a class=\"ez-toc-link ez-toc-heading-9\" href=\"https:\/\/moverdb.com\/pl\/u-haul-cost\/#What_Do_I_Need_to_Bring_for_Pickup\" >Co nale\u017cy przynie\u015b\u0107 do odbioru?<\/a><\/li><li class='ez-toc-page-1 ez-toc-heading-level-3'><a class=\"ez-toc-link ez-toc-heading-10\" href=\"https:\/\/moverdb.com\/pl\/u-haul-cost\/#Can_I_Extend_My_Rental_Period\" >Czy mog\u0119 przed\u0142u\u017cy\u0107 okres wynajmu?<\/a><\/li><li class='ez-toc-page-1 ez-toc-heading-level-3'><a class=\"ez-toc-link ez-toc-heading-11\" href=\"https:\/\/moverdb.com\/pl\/u-haul-cost\/#What_Should_I_Do_if_I_Encounter_Issues_During_the_Rental\" >Co powinienem zrobi\u0107, je\u015bli napotkam problemy podczas wynajmu?<\/a><\/li><\/ul><\/li><\/ul><\/nav><\/div>\n<h2 class=\"wp-block-heading\"><span class=\"ez-toc-section\" id=\"How_Much_Does_U-Haul_Cost\"><\/span><strong>Ile kosztuje U-Haul?<\/strong><span class=\"ez-toc-section-end\"><\/span><\/h2>\r\n\r\n\r\n\r\n<p>U-Haul, znana marka w bran\u017cy przeprowadzkowej, oferuje us\u0142ugi przeprowadzek kontenerowych, a tak\u017ce wynajem pojazd\u00f3w. Chocia\u017c mog\u0105 by\u0107 kojarzeni z tradycyjnym wynajmem ci\u0119\u017car\u00f3wek, ich us\u0142uga kontenerowa stanowi alternatywne rozwi\u0105zanie do przeprowadzki.<\/p>\r\n\r\n\r\n\r\n<p>Rozpoznawalno\u015b\u0107 marki U-Haul i og\u00f3lnokrajowa dost\u0119pno\u015b\u0107 przyczyniaj\u0105 si\u0119 do wy\u017cszej ceny w por\u00f3wnaniu do konkurencji. Na pocz\u0105tek przyjrzyjmy si\u0119 \u015brednim kosztom wynajmu U-Haul.<\/p>\r\n\r\n\r\n\n<table id=\"tablepress-360\" class=\"tablepress tablepress-id-360\">\n<thead>\n<tr class=\"row-1\">\n\t<th class=\"column-1\">Odleg\u0142o\u015b\u0107<\/th><th class=\"column-2\">Szacunkowy koszt<\/th>\n<\/tr>\n<\/thead>\n<tbody class=\"row-striping row-hover\">\n<tr class=\"row-2\">\n\t<td class=\"column-1\">50 mil<\/td><td class=\"column-2\">$25 + $0,99 za mil\u0119<\/td>\n<\/tr>\n<tr class=\"row-3\">\n\t<td class=\"column-1\">450 mil<\/td><td class=\"column-2\">$600+<\/td>\n<\/tr>\n<tr class=\"row-4\">\n\t<td class=\"column-1\">1,000+ mil<\/td><td class=\"column-2\">$1,600 do $2,300+<\/td>\n<\/tr>\n<\/tbody>\n<\/table>\n<!-- #tablepress-360 from cache -->\n\r\n\r\n\r\n<p>W przypadku kr\u00f3tkiej podr\u00f3\u017cy na dystansie 50 mil koszt wynosi oko\u0142o $25 za wynajem i $0,99 za mil\u0119. Wi\u0119ksze podr\u00f3\u017ce o d\u0142ugo\u015bci ponad 1000 mil mog\u0105 wi\u0105za\u0107 si\u0119 z kosztami od $1,600 do $2,300 w zale\u017cno\u015bci od ca\u0142kowitej przebytej odleg\u0142o\u015bci.<\/p>\r\n\r\n\r\n\r\n<p>W naszym por\u00f3wnaniu koszt\u00f3w przyjrzymy si\u0119 r\u00f3\u017cnym dostawcom us\u0142ug wynajmu pojazd\u00f3w i magazyn\u00f3w, aby por\u00f3wna\u0107 i zestawi\u0107 ich ceny, aby da\u0107 ci pe\u0142ny obraz koszt\u00f3w, jakie napotkasz, szukaj\u0105c us\u0142ug przeprowadzkowych.<\/p>\r\n\r\n\r\n\n<table id=\"tablepress-359\" class=\"tablepress tablepress-id-359\">\n<thead>\n<tr class=\"row-1\">\n\t<th class=\"column-1\">Dostawca us\u0142ug<\/th><th class=\"column-2\">\u015arednia cena wynajmu kontenera\/pojazdu<\/th>\n<\/tr>\n<\/thead>\n<tbody class=\"row-striping row-hover\">\n<tr class=\"row-2\">\n\t<td class=\"column-1\">PODS<\/td><td class=\"column-2\">$6,100+<\/td>\n<\/tr>\n<tr class=\"row-3\">\n\t<td class=\"column-1\">U-Pack<\/td><td class=\"column-2\">$3,000+<\/td>\n<\/tr>\n<tr class=\"row-4\">\n\t<td class=\"column-1\">1-800-PACK-RAT<\/td><td class=\"column-2\">$3,000+<\/td>\n<\/tr>\n<tr class=\"row-5\">\n\t<td class=\"column-1\">zippyshell<\/td><td class=\"column-2\">$2,900+<\/td>\n<\/tr>\n<tr class=\"row-6\">\n\t<td class=\"column-1\">U-Haul<\/td><td class=\"column-2\">$3,500+<\/td>\n<\/tr>\n<tr class=\"row-7\">\n\t<td class=\"column-1\">SMARTBOX<\/td><td class=\"column-2\">$3,100+<\/td>\n<\/tr>\n<tr class=\"row-8\">\n\t<td class=\"column-1\">U-Box<\/td><td class=\"column-2\">$3,700+ (w tym wynajem pojazdu i skrzyni)<\/td>\n<\/tr>\n<\/tbody>\n<\/table>\n<!-- #tablepress-359 from cache -->\n\r\n\r\n\r\n<p>Zakres cen od innych dostawc\u00f3w wynosi od $2,900 na najni\u017cszym poziomie, do $6,100+ na wy\u017cszym ko\u0144cu spektrum.<\/p>\r\n\r\n\r\n\r\n<h2 class=\"wp-block-heading\"><span class=\"ez-toc-section\" id=\"What_Affects_the_Cost_of_U-Haul\"><\/span><strong>Co wp\u0142ywa na koszt us\u0142ugi U-Haul?<\/strong><span class=\"ez-toc-section-end\"><\/span><\/h2>\r\n\r\n\r\n\r\n<p>Teraz, gdy znamy ju\u017c niekt\u00f3re ceny zwi\u0105zane z wynajmem U-Haul, przyjrzyjmy si\u0119 sposobom, w jakie mo\u017cesz wp\u0142yn\u0105\u0107 na koszty, aby\u015b by\u0142 \u015bwiadomy fakt\u00f3w, zanim utkniesz.<\/p>\r\n\r\n\r\n\r\n<p><strong>Odleg\u0142o\u015b\u0107 przeprowadzki<\/strong><\/p>\r\n\r\n\r\n\r\n<p>Jak mo\u017cna si\u0119 spodziewa\u0107, odleg\u0142o\u015b\u0107, jak\u0105 planujesz pokona\u0107 wynaj\u0119t\u0105 ci\u0119\u017car\u00f3wk\u0105 U-Haul, znacz\u0105co wp\u0142ywa na koszt. D\u0142u\u017csze dystanse zazwyczaj prowadz\u0105 do wy\u017cszych stawek wynajmu ze wzgl\u0119du na zwi\u0119kszone zu\u017cycie paliwa i zu\u017cycie pojazdu.<\/p>\r\n\r\n\r\n\r\n<p><strong>Rozmiar i typ ci\u0119\u017car\u00f3wki<\/strong><\/p>\r\n\r\n\r\n\r\n<p>Rozmiar i typ wybranej ci\u0119\u017car\u00f3wki U-Haul wp\u0142ynie na koszt wynajmu. Wi\u0119ksze ci\u0119\u017car\u00f3wki z wi\u0119ksz\u0105 przestrzeni\u0105 \u0142adunkow\u0105 zazwyczaj maj\u0105 wy\u017csz\u0105 cen\u0119 wynajmu w por\u00f3wnaniu z mniejszymi opcjami.<\/p>\r\n\r\n\r\n\r\n<p><strong>Czas trwania wynajmu<\/strong><\/p>\r\n\r\n\r\n\r\n<p>Czas, na jaki potrzebujesz ci\u0119\u017car\u00f3wki U-Haul, odgrywa rol\u0119 w powi\u0105zanych kosztach, poniewa\u017c d\u0142u\u017csze okresy wynajmu skutkuj\u0105 wy\u017cszymi og\u00f3lnymi op\u0142atami. U-Haul oferuje opcje wynajmu na r\u00f3\u017cne okresy, od kilku godzin do wielu dni, pomagaj\u0105c znale\u017a\u0107 us\u0142ug\u0119, kt\u00f3ra pasuje do indywidualnej sytuacji.<\/p>\r\n\r\n\r\n\r\n<p><strong>Akcesoria i dodatki do przenoszenia<\/strong><\/p>\r\n\r\n\r\n\r\n<p>Wyb\u00f3r dodatkowych us\u0142ug i akcesori\u00f3w do przeprowadzki, takich jak materia\u0142y do pakowania, w\u00f3zki i podk\u0142adki pod meble, mo\u017ce zwi\u0119kszy\u0107 koszt wynajmu. Te dodatki mog\u0105 pom\u00f3c usprawni\u0107 przeprowadzk\u0119, ale mog\u0105 przyczyni\u0107 si\u0119 do wy\u017cszych wydatk\u00f3w.<\/p>\r\n\r\n\r\n\r\n<p><strong>Lokalizacje odbioru i zwrotu<\/strong><\/p>\r\n\r\n\r\n\r\n<p>Lokalizacje odbioru i zwrotu dla wynajmu U-Haul wp\u0142ywaj\u0105 na koszt, poniewa\u017c stawki wynajmu mog\u0105 si\u0119 r\u00f3\u017cni\u0107 w zale\u017cno\u015bci od popytu i dost\u0119pno\u015bci ci\u0119\u017car\u00f3wek w okre\u015blonych lokalizacjach. Stawki mog\u0105 r\u00f3wnie\u017c r\u00f3\u017cni\u0107 si\u0119 mi\u0119dzy wynajmem w jedn\u0105 stron\u0119 i lokalnym, co nale\u017cy wzi\u0105\u0107 pod uwag\u0119.<\/p>\r\n\r\n\r\n\r\n<h2 class=\"wp-block-heading\"><span class=\"ez-toc-section\" id=\"How_Can_I_Save_Money_on_U-Haul\"><\/span><strong>Jak mog\u0119 zaoszcz\u0119dzi\u0107 pieni\u0105dze na U-Haul?<\/strong><span class=\"ez-toc-section-end\"><\/span><\/h2>\r\n\r\n\r\n\r\n<figure class=\"wp-block-image size-full\"><img loading=\"lazy\" decoding=\"async\" width=\"1000\" height=\"667\" src=\"https:\/\/moverdb.com\/wp-content\/uploads\/u-haul-moving-2.jpg\" alt=\"\" class=\"wp-image-11041\" srcset=\"https:\/\/moverdb.com\/wp-content\/uploads\/u-haul-moving-2.jpg 1000w, https:\/\/moverdb.com\/wp-content\/uploads\/u-haul-moving-2-300x200.jpg 300w, https:\/\/moverdb.com\/wp-content\/uploads\/u-haul-moving-2-18x12.jpg 18w, https:\/\/moverdb.com\/wp-content\/uploads\/u-haul-moving-2-600x400.jpg 600w\" sizes=\"auto, (max-width: 1000px) 100vw, 1000px\" \/><\/figure>\r\n\r\n\r\n\r\n<p>Wiemy ju\u017c, w jaki spos\u00f3b U-Hauls mo\u017ce podnie\u015b\u0107 cen\u0119 - wi\u0119c przeciwdzia\u0142ajmy temu za pomoc\u0105 kilku sprytnych sztuczek, aby utrzyma\u0107 wydatki w ryzach.<\/p>\r\n\r\n\r\n\r\n<p>Je\u015bli to mo\u017cliwe, wybierz mniejsz\u0105 ci\u0119\u017car\u00f3wk\u0119, poniewa\u017c wyb\u00f3r rozmiaru ci\u0119\u017car\u00f3wki, kt\u00f3ry pasuje do twoich rzeczy bez nadmiernej przestrzeni, mo\u017ce prowadzi\u0107 do ni\u017cszych koszt\u00f3w wynajmu. Mniejsze ci\u0119\u017car\u00f3wki maj\u0105 zazwyczaj bardziej przyst\u0119pne stawki wynajmu.<\/p>\r\n\r\n\r\n\r\n<p>Je\u015bli wynajmujesz samoch\u00f3d na podstawie przebiegu, zaplanuj najbardziej efektywn\u0105 tras\u0119 do miejsca docelowego, aby zminimalizowa\u0107 przebyt\u0105 odleg\u0142o\u015b\u0107. Unikaj objazd\u00f3w i niepotrzebnych kilometr\u00f3w, aby utrzyma\u0107 koszty pod kontrol\u0105.<\/p>\r\n\r\n\r\n\r\n<p>Podobnie, nale\u017cy wybra\u0107 odpowiedni okres wynajmu dla swoich potrzeb. Je\u015bli mo\u017cesz zako\u0144czy\u0107 przeprowadzk\u0119 w kr\u00f3tszym czasie, zap\u0142acisz mniej za wynajem - ale pami\u0119taj o swoim harmonogramie i nadmiernym optymizmie, poniewa\u017c op\u0142aty za op\u00f3\u017anienia mog\u0105 by\u0107 r\u00f3wnie szkodliwe, jak wyd\u0142u\u017cony okres wynajmu.<\/p>\r\n\r\n\r\n\r\n<p>Przeprowadzka poza szczytem sezonu lub w dni powszednie mo\u017ce skutkowa\u0107 ni\u017cszymi stawkami wynajmu. Je\u015bli to mo\u017cliwe, unikaj weekend\u00f3w i szczytowych miesi\u0119cy przeprowadzkowych, takich jak lato, aby skorzysta\u0107 z potencjalnie obni\u017conych stawek.<\/p>\r\n\r\n\r\n\r\n<p>Wreszcie, chocia\u017c U-Haul oferuje r\u00f3\u017cne akcesoria i dodatki do przeprowadzek, wybieraj tylko to, czego potrzebujesz. <em>naprawd\u0119<\/em> potrzeby. Pomini\u0119cie niepotrzebnych dodatk\u00f3w, takich jak specjalistyczny sprz\u0119t, mo\u017ce pom\u00f3c obni\u017cy\u0107 ca\u0142kowity koszt.<\/p>\r\n\r\n\r\n\r\n<h2 class=\"wp-block-heading\"><span class=\"ez-toc-section\" id=\"Whats_Involved_in_Hiring_a_U-Haul\"><\/span><strong>W co jest zaanga\u017cowany<\/strong> Wynajem U-Haul?<span class=\"ez-toc-section-end\"><\/span><\/h2>\r\n\r\n\r\n\r\n<figure class=\"wp-block-image size-full\"><img loading=\"lazy\" decoding=\"async\" width=\"1000\" height=\"654\" src=\"https:\/\/moverdb.com\/wp-content\/uploads\/u-haul-moving-3.jpg\" alt=\"\" class=\"wp-image-11042\" srcset=\"https:\/\/moverdb.com\/wp-content\/uploads\/u-haul-moving-3.jpg 1000w, https:\/\/moverdb.com\/wp-content\/uploads\/u-haul-moving-3-300x196.jpg 300w, https:\/\/moverdb.com\/wp-content\/uploads\/u-haul-moving-3-18x12.jpg 18w, https:\/\/moverdb.com\/wp-content\/uploads\/u-haul-moving-3-600x392.jpg 600w\" sizes=\"auto, (max-width: 1000px) 100vw, 1000px\" \/><\/figure>\r\n\r\n\r\n\r\n<p>Pierwszy krok w wynajmie U-Haul jest prawdopodobnie najtrudniejszy - musisz okre\u015bli\u0107 odpowiedni rozmiar ci\u0119\u017car\u00f3wki dla swoich rzeczy i obliczy\u0107 odleg\u0142o\u015b\u0107, kt\u00f3r\u0105 b\u0119dziesz podr\u00f3\u017cowa\u0107.<\/p>\r\n\r\n\r\n\r\n<p>Po dokonaniu wyboru ci\u0119\u017car\u00f3wki mo\u017cna zarezerwowa\u0107 ci\u0119\u017car\u00f3wk\u0119 U-Haul online lub telefonicznie, okre\u015blaj\u0105c miejsce odbioru, czas trwania wynajmu i miejsce zwrotu.<\/p>\r\n\r\n\r\n\r\n<p>W zaplanowanym dniu odbioru udaj si\u0119 do wybranej lokalizacji U-Haul, aby odebra\u0107 wynaj\u0119t\u0105 ci\u0119\u017car\u00f3wk\u0119, pami\u0119taj\u0105c o zabraniu ze sob\u0105 wa\u017cnego prawa jazdy i metody p\u0142atno\u015bci u\u017cytej do rezerwacji. Po wype\u0142nieniu formalno\u015bci otrzymasz kluczyki do swojej ci\u0119\u017car\u00f3wki U-Haul.<\/p>\r\n\r\n\r\n\r\n<p>Stamt\u0105d mo\u017cesz za\u0142adowa\u0107 swoje rzeczy, pojecha\u0107 do miejsca docelowego, a nast\u0119pnie roz\u0142adowa\u0107 w dogodnym dla siebie czasie. Po zako\u0144czeniu korzystania z ci\u0119\u017car\u00f3wki wystarczy zwr\u00f3ci\u0107 j\u0105 do wyznaczonego miejsca zwrotu w uzgodnionym okresie wynajmu.<\/p>\r\n\r\n\r\n\r\n<h2 class=\"wp-block-heading\"><span class=\"ez-toc-section\" id=\"Is_a_U-Haul_the_Best_Choice_for_Me\"><\/span><strong>Czy U-Haul to najlepszy wyb\u00f3r dla mnie?<\/strong><span class=\"ez-toc-section-end\"><\/span><\/h2>\r\n\r\n\r\n\r\n<p>Kusz\u0105ce mo\u017ce by\u0107 p\u00f3j\u015bcie na ca\u0142o\u015b\u0107 i zam\u00f3wienie w pe\u0142ni obs\u0142ugiwanej przeprowadzki, aby unikn\u0105\u0107 ci\u0119\u017ckiego podnoszenia i jazdy do i ze starego domu - ale je\u015bli chcesz by\u0107 bardziej praktyczny, wynaj\u0119cie U-Haul mo\u017ce by\u0107 dla Ciebie \u015bwietn\u0105 opcj\u0105.<\/p>\r\n\r\n\r\n\n<table id=\"tablepress-344\" class=\"tablepress tablepress-id-344\">\n<thead>\n<tr class=\"row-1\">\n\t<th class=\"column-1\">Zalety U-Haul<\/th><th class=\"column-2\">Wady U-Haul<\/th>\n<\/tr>\n<\/thead>\n<tbody class=\"row-striping row-hover\">\n<tr class=\"row-2\">\n\t<td class=\"column-1\">Elastyczno\u015b\u0107 w zakresie czasu i harmonogramu przeprowadzki<\/td><td class=\"column-2\">Pracoch\u0142onne - trzeba samemu je\u017adzi\u0107, \u0142adowa\u0107 i roz\u0142adowywa\u0107.<\/td>\n<\/tr>\n<tr class=\"row-3\">\n\t<td class=\"column-1\">Ta\u0144sze ni\u017c tradycyjne opcje przeprowadzki z pe\u0142n\u0105 obs\u0142ug\u0105<\/td><td class=\"column-2\">Jeste\u015b odpowiedzialny za ubezpieczenie podczas podr\u00f3\u017cy<\/td>\n<\/tr>\n<tr class=\"row-4\">\n\t<td class=\"column-1\">Mo\u017cesz mie\u0107 oko na swoje rzeczy podczas procesu przeprowadzki<\/td><td class=\"column-2\">Podczas przeprowadzki mo\u017ce doj\u015b\u0107 do uszkodzenia pojazdu, kt\u00f3re trzeba b\u0119dzie naprawi\u0107.<\/td>\n<\/tr>\n<\/tbody>\n<\/table>\n<!-- #tablepress-344 from cache -->\n\r\n\r\n\r\n<p>Najwa\u017cniejsz\u0105 zalet\u0105 wynajmu U-Haul jest po prostu wi\u0119ksza kontrola nad wydatkami. Mo\u017cesz wybra\u0107 rozmiar ci\u0119\u017car\u00f3wki, kt\u00f3ry pasuje do twoich rzeczy, wybra\u0107 czas wynajmu i zdecydowa\u0107, czy chcesz doda\u0107 dodatkowe us\u0142ugi lub akcesoria.<\/p>\r\n\r\n\r\n\r\n<p>Jednak za\u0142adunek i roz\u0142adunek ci\u0119\u017ckich mebli i przedmiot\u00f3w mo\u017ce by\u0107 wymagaj\u0105cy fizycznie. Je\u015bli nie czujesz si\u0119 komfortowo z podnoszeniem i przenoszeniem lub je\u015bli potrzebujesz profesjonalnej pomocy, by\u0107 mo\u017ce b\u0119dziesz musia\u0142 zatrudni\u0107 dodatkow\u0105 pomoc.<\/p>\r\n\r\n\r\n\r\n<h2 class=\"wp-block-heading\"><span class=\"ez-toc-section\" id=\"Final_Checklist\"><\/span><strong>Ko\u0144cowa lista kontrolna<\/strong><span class=\"ez-toc-section-end\"><\/span><\/h2>\r\n\r\n\r\n\r\n<p>Je\u015bli uwa\u017casz, \u017ce samodzielna przeprowadzka z U-Haul jest najlepszym rozwi\u0105zaniem, pami\u0119taj o zapoznaniu si\u0119 z nasz\u0105 ostateczn\u0105 list\u0105 kontroln\u0105, aby upewni\u0107 si\u0119, \u017ce wszystko jest w porz\u0105dku podczas wielkiej przeprowadzki.<\/p>\r\n\r\n\r\n\r\n<ul class=\"wp-block-list\">\r\n<li>Zastan\u00f3w si\u0119, czy chcia\u0142by\u015b skorzysta\u0107 z pomocy w pe\u0142ni wykwalifikowanego zespo\u0142u przeprowadzkowego, czy te\u017c wolisz zrobi\u0107 to samodzielnie<\/li>\r\n\r\n\r\n\r\n<li>Przyjrzyj si\u0119 swoim rzeczom - czy mo\u017cesz zmniejszy\u0107 ich ilo\u015b\u0107 przed zarezerwowaniem U-Haul, aby zaoszcz\u0119dzi\u0107 pieni\u0105dze?<\/li>\r\n\r\n\r\n\r\n<li>Zapoznaj si\u0119 z gam\u0105 pojazd\u00f3w i wybierz ten, kt\u00f3ry jest odpowiedni dla Twojej \u0142adowno\u015bci i potrzeb<\/li>\r\n\r\n\r\n\r\n<li>Czy potrzebujesz dodatkowych us\u0142ug? Pami\u0119taj, aby doda\u0107 je przed dokonaniem rezerwacji<\/li>\r\n\r\n\r\n\r\n<li>Sprawd\u017a dok\u0142adnie daty i zarezerwuj termin przeprowadzki!<\/li>\r\n<\/ul>\r\n\r\n\r\n\r\n<h2 class=\"wp-block-heading\"><span class=\"ez-toc-section\" id=\"Frequently_Asked_Questions\"><\/span><strong>Cz\u0119sto zadawane pytania<\/strong><span class=\"ez-toc-section-end\"><\/span><\/h2>\r\n\r\n\r\n<div id=\"rank-math-faq\" class=\"rank-math-block\">\n<div class=\"rank-math-list\">\n<div id=\"faq-question-1692200957678\" class=\"rank-math-list-item\">\n<h3 class=\"rank-math-question\"><span class=\"ez-toc-section\" id=\"How_Do_I_Reserve_a_U-Haul_Truck\"><\/span><strong>Jak zarezerwowa\u0107 ci\u0119\u017car\u00f3wk\u0119 U-Haul?<\/strong><span class=\"ez-toc-section-end\"><\/span><\/h3>\n<div class=\"rank-math-answer\">\n\n<p>Mo\u017cesz \u0142atwo zarezerwowa\u0107 ci\u0119\u017car\u00f3wk\u0119 U-Haul online, odwiedzaj\u0105c stron\u0119 internetow\u0105 U-Haul lub korzystaj\u0105c z ich aplikacji. Wystarczy wprowadzi\u0107 lokalizacj\u0119, dat\u0119 wynajmu i preferencje dotycz\u0105ce rozmiaru ci\u0119\u017car\u00f3wki, aby rozpocz\u0105\u0107. <\/p>\n<p>Alternatywnie, mo\u017cesz zadzwoni\u0107 do dzia\u0142u obs\u0142ugi klienta U-Haul, aby dokona\u0107 rezerwacji przez telefon i om\u00f3wi\u0107 wszelkie szczeg\u00f3\u0142y rezerwacji.<\/p>\n\n<\/div>\n<\/div>\n<div id=\"faq-question-1692201036551\" class=\"rank-math-list-item\">\n<h3 class=\"rank-math-question\"><span class=\"ez-toc-section\" id=\"What_Do_I_Need_to_Bring_for_Pickup\"><\/span><strong>Co nale\u017cy przynie\u015b\u0107 do odbioru?<\/strong><span class=\"ez-toc-section-end\"><\/span><\/h3>\n<div class=\"rank-math-answer\">\n\n<p>Odbieraj\u0105c ci\u0119\u017car\u00f3wk\u0119 U-Haul, nale\u017cy mie\u0107 przy sobie wa\u017cne prawo jazdy i metod\u0119 p\u0142atno\u015bci u\u017cyt\u0105 do rezerwacji. Wynajmowana jednostka mo\u017ce wymaga\u0107 dodatkowej identyfikacji, wi\u0119c najlepiej sprawdzi\u0107 to indywidualnie u dostawcy.<\/p>\n\n<\/div>\n<\/div>\n<div id=\"faq-question-1692201050762\" class=\"rank-math-list-item\">\n<h3 class=\"rank-math-question\"><span class=\"ez-toc-section\" id=\"Can_I_Extend_My_Rental_Period\"><\/span><strong>Czy mog\u0119 przed\u0142u\u017cy\u0107 okres wynajmu?<\/strong><span class=\"ez-toc-section-end\"><\/span><\/h3>\n<div class=\"rank-math-answer\">\n\n<p>Tak, w razie potrzeby mo\u017cna przed\u0142u\u017cy\u0107 okres wynajmu. Skontaktuj si\u0119 z dzia\u0142em obs\u0142ugi klienta U-Haul lub odwied\u017a lokaln\u0105 wypo\u017cyczalni\u0119, aby om\u00f3wi\u0107 przed\u0142u\u017cenie i dokona\u0107 niezb\u0119dnych ustale\u0144. <\/p>\n<p>Nale\u017cy pami\u0119ta\u0107, \u017ce za przed\u0142u\u017cony okres mog\u0105 obowi\u0105zywa\u0107 dodatkowe op\u0142aty za wynajem.<\/p>\n\n<\/div>\n<\/div>\n<div id=\"faq-question-1692201063702\" class=\"rank-math-list-item\">\n<h3 class=\"rank-math-question\"><span class=\"ez-toc-section\" id=\"What_Should_I_Do_if_I_Encounter_Issues_During_the_Rental\"><\/span><strong>Co powinienem zrobi\u0107, je\u015bli napotkam problemy podczas wynajmu?<\/strong><span class=\"ez-toc-section-end\"><\/span><\/h3>\n<div class=\"rank-math-answer\">\n\n<p>W przypadku jakichkolwiek problem\u00f3w z ci\u0119\u017car\u00f3wk\u0105 U-Haul podczas wynajmu, takich jak problemy mechaniczne lub pytania dotycz\u0105ce sprz\u0119tu, nale\u017cy skontaktowa\u0107 si\u0119 z pomoc\u0105 drogow\u0105 lub obs\u0142ug\u0105 klienta U-Haul w celu uzyskania wskaz\u00f3wek i wsparcia.<\/p>\n<p>Zapewni\u0105 oni pomoc w rozwi\u0105zywaniu wszelkich w\u0105tpliwo\u015bci podczas korzystania z wynaj\u0119tej ci\u0119\u017car\u00f3wki.<\/p>\n\n<\/div>\n<\/div>\n<\/div>\n<\/div>","protected":false},"excerpt":{"rendered":"<p>U-Haul remains a popular choice among DIY movers, but how much does it actually cost? In this article, we\u2019ll dissect the pricing models of U-Haul, looking at the various factors that contribute to the overall cost &#8211; and leave you with all-important, cost-effective moving tips. Our guide will cover the following: If you fancy keeping [&hellip;]<\/p>\n","protected":false},"author":1,"featured_media":0,"parent":0,"menu_order":0,"comment_status":"closed","ping_status":"closed","template":"","meta":{"_genesis_hide_title":false,"_genesis_hide_breadcrumbs":false,"_genesis_hide_singular_image":false,"_genesis_hide_footer_widgets":false,"_genesis_custom_body_class":"","_genesis_custom_post_class":"","_genesis_layout":"","footnotes":""},"class_list":{"0":"post-17398","1":"page","2":"type-page","3":"status-publish","5":"entry"},"_links":{"self":[{"href":"https:\/\/moverdb.com\/pl\/wp-json\/wp\/v2\/pages\/17398","targetHints":{"allow":["GET"]}}],"collection":[{"href":"https:\/\/moverdb.com\/pl\/wp-json\/wp\/v2\/pages"}],"about":[{"href":"https:\/\/moverdb.com\/pl\/wp-json\/wp\/v2\/types\/page"}],"author":[{"embeddable":true,"href":"https:\/\/moverdb.com\/pl\/wp-json\/wp\/v2\/users\/1"}],"replies":[{"embeddable":true,"href":"https:\/\/moverdb.com\/pl\/wp-json\/wp\/v2\/comments?post=17398"}],"version-history":[{"count":1,"href":"https:\/\/moverdb.com\/pl\/wp-json\/wp\/v2\/pages\/17398\/revisions"}],"predecessor-version":[{"id":17399,"href":"https:\/\/moverdb.com\/pl\/wp-json\/wp\/v2\/pages\/17398\/revisions\/17399"}],"wp:attachment":[{"href":"https:\/\/moverdb.com\/pl\/wp-json\/wp\/v2\/media?parent=17398"}],"curies":[{"name":"wp","href":"https:\/\/api.w.org\/{rel}","templated":true}]}}