{"id":1684,"date":"2017-02-23T19:16:05","date_gmt":"2017-02-23T19:16:05","guid":{"rendered":"http:\/\/moverdb.com\/?page_id=1684"},"modified":"2026-01-08T14:45:54","modified_gmt":"2026-01-08T14:45:54","slug":"1-800-pack-rat","status":"publish","type":"page","link":"https:\/\/moverdb.com\/pl\/1-800-pack-rat\/","title":{"rendered":"1-800-Pack-Rat - Przeprowadzki mi\u0119dzynarodowe Opinie"},"content":{"rendered":"<p>Firma 1-800-Pack-Rat oferuje swoim klientom \u0142atw\u0105 opcj\u0119, je\u015bli chodzi o przeprowadzki. Szczeg\u00f3\u0142y wraz z profilem firmy i opiniami znajduj\u0105 si\u0119 poni\u017cej.<\/p>\n<p><strong>Przeprowadzki na du\u017ce odleg\u0142o\u015bci i lokalne<\/strong><\/p>\n<ul>\n<li> Dostarcz pojemnik co najmniej 30 dni przed przeprowadzk\u0105<\/li>\n<li> Samodzielnie zapakuj kontener lub zatrudnij profesjonaln\u0105 firm\u0119 pakuj\u0105c\u0105<\/li>\n<li> Bezp\u0142atna blokada pojemnika bez odci\u0119cia<\/li>\n<li> Bezp\u0142atna ochrona zawarto\u015bci $10 000.<\/li>\n<li> Mo\u017cliwo\u015b\u0107 d\u0142ugiego i kr\u00f3tkiego przechowywania<\/li>\n<li> Odbi\u00f3r i dostawa kontener\u00f3w do miejsca przeznaczenia<\/li>\n<\/ul>\n<p><strong>Przeprowadzki wojskowe<\/strong><\/p>\n<ul>\n<li> Personel wojskowy mo\u017ce wybra\u0107 us\u0142ug\u0119 przewozu na podstawie zam\u00f3wienia osobistego (PPM)<\/li>\n<li> Rz\u0105d zwr\u00f3ci 95% koszt\u00f3w zawodowych <a href=\"https:\/\/moverdb.com\/pl\/koszty-przeprowadzki\/\">koszty przeprowadzki<\/a><\/li>\n<li> Pojemnik dostarczony do drzwi<\/li>\n<li> 30 dni lub wi\u0119cej na pakowanie<\/li>\n<li> <a href=\"https:\/\/moverdb.com\/pl\/przeladunek-w-kontenerach\/\">Spedycja kontenerowa<\/a> do nowej lokalizacji<\/li>\n<\/ul>\n<p><strong>Przechowywanie<\/strong><\/p>\n<ul>\n<li> Ca\u0142odobowy monitoring wizyjny<\/li>\n<li> Zautomatyzowane zraszacze<\/li>\n<li> Kontrola klimatu<\/li>\n<li> \u0141atwy dost\u0119p na miejscu<\/li>\n<li> Bezproblemowa dostawa<\/li>\n<\/ul>\n<p><strong>Wykorzystanie pojemnik\u00f3w<\/strong><\/p>\n<ul>\n<li> Renowacja i rekultywacja<\/li>\n<li> Us\u0142ugi dla wykonawc\u00f3w<\/li>\n<li> Magazynowanie sezonowe<\/li>\n<li> Us\u0142ugi zwi\u0105zane z nieruchomo\u015bciami<\/li>\n<li> Pomoc w przypadku kl\u0119sk \u017cywio\u0142owych<\/li>\n<li> Przechowywanie zdarze\u0144<\/li>\n<li> Magazynowanie detaliczne i handlowe<\/li>\n<li> Towarzystwa ubezpieczeniowe<\/li>\n<li> Przeniesienie siedziby firmy lub wojska<\/li>\n<li> Rozwi\u0105zania w zakresie frachtu i logistyki<\/li>\n<\/ul>\n<h2>Profil firmy 1-800-Pack-Rat<\/h2>\n<p>1-800-Pack-Rat posiada liczne plac\u00f3wki w <a href=\"https:\/\/moverdb.com\/pl\/moving-to-the-united-states\/\" data-internallinksmanager029f6b8e52c=\"94\" title=\"Przeprowadzasz si\u0119 do Stan\u00f3w Zjednoczonych? 2026 Koszty \u017cycia i wskaz\u00f3wki dotycz\u0105ce przeprowadzki\">Stany Zjednoczone<\/a> oraz <a href=\"https:\/\/moverdb.com\/pl\/moving-to-canada\/\" data-internallinksmanager029f6b8e52c=\"265\" title=\"Przeprowadzka do Kanady? 2026 Koszty utrzymania i wskaz\u00f3wki dotycz\u0105ce przeprowadzki\">Kanada<\/a>. Firma posiada ponad 10-letnie do\u015bwiadczenie w magazynowaniu i przeprowadzkach os\u00f3b i firm lokalnie i na du\u017ce odleg\u0142o\u015bci.<\/p>\n<p>Firma 1-800-Pack-Rat posiada nast\u0119puj\u0105ce akredytacje i przynale\u017cno\u015bci:<\/p>\n<ul>\n<li> Brak informacji na stronie internetowej, cho\u0107 <a href=\"https:\/\/moverdb.com\/pl\/jestem\/\" target=\"_blank\" rel=\"noopener\">Mi\u0119dzynarodowe Stowarzyszenie Przewo\u017anik\u00f3w<\/a> umieszcza je w swoim katalogu cz\u0142onk\u00f3w.<\/li>\n<\/ul>\n<h2>1-800-Pack-Rat Recenzje<\/h2>\n<p><strong>Pozytywne:<\/strong><\/p>\n<ul>\n<li> <em>\"To by\u0142o wspania\u0142e, \u017ce nie musieli\u015bmy si\u0119 martwi\u0107 o ten aspekt naszej przeprowadzki. Ca\u0142e do\u015bwiadczenie, od mojego pierwszego telefonu, do uzyskania konkurencyjnych ofert, do planowania online, do autop\u0142at i radzenia sobie z kompetentnym i przyjaznym personelem, gdy mia\u0142em pytania, by\u0142o bezstresowe. Jeszcze nie sko\u0144czy\u0142em si\u0119 rozpakowywa\u0107, ale jak na razie wszystko jest w porz\u0105dku, je\u015bli chodzi o moje rzeczy, kt\u00f3re dotar\u0142y do nas ca\u0142e i zdrowe\".<\/em> - Heather via <a href=\"https:\/\/www.1800packrat.com\/reviews\" target=\"_blank\" rel=\"noopener\">referencje klient\u00f3w<\/a><\/li>\n<li> <em>\"Przeprowadzili\u015bmy wszystkie nasze rzeczy z 1-800-PACK-RAT i do\u015bwiadczenie by\u0142o wspania\u0142e. Byli dost\u0119pni w razie pyta\u0144, nawet w nocy, byli uprzejmi i przyja\u017ani. Dotrzymali ka\u017cdego terminu, pozwolili nam spakowa\u0107 nasze rzeczy w ci\u0105gu kilku dni, a nast\u0119pnie, w ci\u0105gu 10 dni, przewie\u017ali je do naszego nowego miejsca.\"<\/em> - przez <a href=\"https:\/\/uk.trustpilot.com\/reviews\/58acb46d883cc60a283ce37e\" target=\"_blank\" rel=\"noopener\">TrustPilot<\/a><\/li>\n<li> <em>\"Niedawno przeprowadzi\u0142em si\u0119 z daleka od <a href=\"https:\/\/moverdb.com\/pl\/moving-to-the-united-states\/moving-to-california\/\" data-internallinksmanager029f6b8e52c=\"330\" title=\"Przeprowadzka do Kalifornii? 2026 Koszty utrzymania i wskaz\u00f3wki dotycz\u0105ce relokacji\">Kalifornia<\/a> do <a href=\"https:\/\/moverdb.com\/pl\/moving-to-the-united-states\/moving-to-florida\/\" data-internallinksmanager029f6b8e52c=\"331\" title=\"Przeprowadzka na Floryd\u0119? 2026 Koszty utrzymania i porady dotycz\u0105ce przeprowadzki\">Floryda<\/a> korzystaj\u0105c z magazynu Pack Rat. I skorzystam z nich ponownie, byli na czas od odbioru do dostawy, a Pack Rat by\u0142 ta\u0144szy ni\u017c PODS.\"<\/em> - Pawe\u0142 przez <a href=\"https:\/\/www.yelp.co.uk\/biz\/1-800-pack-rat-tampa?hrid=sQKUV3MPkChipe8OJiZIcQ&#038;utm_campaign=www_review_share_popup&#038;utm_medium=copy_link&#038;utm_source=(direct)\" target=\"_blank\" rel=\"noopener\">Yelp<\/a><\/li>\n<\/ul>\n<p><strong>Negatywny:<\/strong><\/p>\n<ul>\n<li> <em>\"S\u0105 koszmarem. Nikt tam nie wie, co robi drugi\".<\/em> - Mia przez <a href=\"https:\/\/www.yelp.com\/biz\/1-800-pack-rat-fremont?hrid=YhOaE8BWuhGeu6UpKuLVVQ&#038;utm_campaign=www_review_share_popup&#038;utm_medium=copy_link&#038;utm_source=(direct)\" target=\"_blank\" rel=\"noopener\">Yelp<\/a><\/li>\n<li> <em>\"Nie byli w stanie, a raczej nie chcieli nawet dostarczy\u0107 str\u0105k\u00f3w do mojego domu. Kierowca nie dokona\u0142 \u017cadnych pomiar\u00f3w. By\u0142 tam przez 2 minuty i odjecha\u0142. Kiedy zadzwoni\u0142em do dzia\u0142u obs\u0142ugi klienta, byli niewiarygodnie nieuprzejmi!\".<\/em> - Leila via <a href=\"https:\/\/www.bbb.org\/boston\/business-reviews\/storage-units-household-and-commercial\/1-800-pack-rat-in-foxboro-ma-116673\/reviews-and-complaints\" target=\"_blank\" rel=\"noopener\">BBB.org<\/a><\/li>\n<li> <em>\"Tak z\u0142y z 1-800-PackRat\"<\/em> - przez <a href=\"https:\/\/www.pissedconsumer.com\/company\/1800-pack-rat\/so-angry-with-1-800-packrat-20161024942159.html\" target=\"_blank\" rel=\"noopener\">Wkurzony konsument<\/a><\/li>\n<\/ul>\n<div itemprop=\"review\" itemscope itemtype=\"http:\/\/schema.org\/Review\">\n<span itemprop=\"author\" itemscope=\"\" itemtype=\"http:\/\/schema.org\/Organization\"><span itemprop=\"name\">MoverDB.com<\/span><\/span> Przegl\u0105d stron internetowych dla <span itemprop=\"itemreviewed\" itemscope=\"\" itemtype=\"http:\/\/schema.org\/Brand\"><span itemprop=\"name\">1-800-Pack-Rat<\/span><\/span>:<\/p>\n<ol>\n<li> Przejrzyste dane kontaktowe na stronie internetowej (w tym numer telefonu): <strong>Tak<\/strong><\/li>\n<li> \u0141atwe do uzyskania <a href=\"https:\/\/moverdb.com\/pl\/cytaty\/\">oferty przeprowadzek<\/a>? (formularz wniosku o wycen\u0119 online): <strong>Tak<\/strong><\/li>\n<li> Przejrzyste informacje na stronie internetowej: <strong>Tak,<\/strong> Na stronie internetowej w przejrzysty spos\u00f3b przedstawiono wszystkie us\u0142ugi oferowane przez firm\u0119.<\/li>\n<li> Cz\u0142onkostwo w uznanych mi\u0119dzynarodowych organizacjach zajmuj\u0105cych si\u0119 przemieszczaniem: <strong>Tak<\/strong>ale nie s\u0105 wymienione na stronie internetowej.<\/li>\n<li> Lista klient\u00f3w i\/lub referencje poprzednich klient\u00f3w: <strong>Tak,<\/strong> ale opinie w Internecie s\u0105 bardzo zr\u00f3\u017cnicowane.<\/li>\n<\/ol>\n<div itemprop=\"reviewRating\" itemscope itemtype=\"http:\/\/schema.org\/Rating\"><meta itemprop=\"worstRating\" content = \"0\" \/><meta itemprop=\"bestRating\" content=\"5\" \/><meta itemprop=\"ratingValue\" content=\"4\"><\/div>\n<p><strong>Ocena og\u00f3lna: 4\/5<\/strong><br \/>\n<strong>Data przegl\u0105du:<\/strong> <span itemprop=\"datePublished\" content=\"2017-02-23\">23\/02\/2017<\/span>\n<\/div>\n<p>Czytaj wi\u0119cej o <a href=\"https:\/\/moverdb.com\/pl\/firmy-przeprowadzkowe\/\">przeprowadzki mi\u0119dzynarodowe<\/a> i nasze <a href=\"https:\/\/moverdb.com\/pl\/recenzje\/\">proces przegl\u0105du<\/a>.<\/p>\n<p><strong>Strona internetowa:<\/strong> <a href=\"https:\/\/www.1800packrat.com\/\" target=\"_blank\" rel=\"noopener\">https:\/\/www.1800packrat.com\/<\/a><\/p>","protected":false},"excerpt":{"rendered":"<p>1-800-Pack-Rat offers its customers an easy option when it comes to moving. The details are listed below, together with a company profile and reviews. Long Distance and Local Moves Deliver container at least 30 days prior to moving Self-pack container or employ professional packers Complimentary no-cut container lock Complimentary $10,000 contents protection Long and short [&hellip;]<\/p>\n","protected":false},"author":1,"featured_media":0,"parent":0,"menu_order":0,"comment_status":"closed","ping_status":"closed","template":"","meta":{"_genesis_hide_title":false,"_genesis_hide_breadcrumbs":false,"_genesis_hide_singular_image":false,"_genesis_hide_footer_widgets":false,"_genesis_custom_body_class":"","_genesis_custom_post_class":"","_genesis_layout":"","footnotes":""},"class_list":{"0":"post-1684","1":"page","2":"type-page","3":"status-publish","5":"entry"},"_links":{"self":[{"href":"https:\/\/moverdb.com\/pl\/wp-json\/wp\/v2\/pages\/1684","targetHints":{"allow":["GET"]}}],"collection":[{"href":"https:\/\/moverdb.com\/pl\/wp-json\/wp\/v2\/pages"}],"about":[{"href":"https:\/\/moverdb.com\/pl\/wp-json\/wp\/v2\/types\/page"}],"author":[{"embeddable":true,"href":"https:\/\/moverdb.com\/pl\/wp-json\/wp\/v2\/users\/1"}],"replies":[{"embeddable":true,"href":"https:\/\/moverdb.com\/pl\/wp-json\/wp\/v2\/comments?post=1684"}],"version-history":[{"count":3,"href":"https:\/\/moverdb.com\/pl\/wp-json\/wp\/v2\/pages\/1684\/revisions"}],"predecessor-version":[{"id":6165,"href":"https:\/\/moverdb.com\/pl\/wp-json\/wp\/v2\/pages\/1684\/revisions\/6165"}],"wp:attachment":[{"href":"https:\/\/moverdb.com\/pl\/wp-json\/wp\/v2\/media?parent=1684"}],"curies":[{"name":"wp","href":"https:\/\/api.w.org\/{rel}","templated":true}]}}