{"id":1680,"date":"2017-01-25T11:25:11","date_gmt":"2017-01-25T11:25:11","guid":{"rendered":"http:\/\/moverdb.com\/?page_id=1680"},"modified":"2026-01-08T14:47:26","modified_gmt":"2026-01-08T14:47:26","slug":"zwinnosc","status":"publish","type":"page","link":"https:\/\/moverdb.com\/pl\/agility\/","title":{"rendered":"Agility - International Moving &amp; Shipping Reviews"},"content":{"rendered":"<p>Agility jest najwi\u0119ksz\u0105 firm\u0105 logistyczn\u0105 i <a href=\"https:\/\/moverdb.com\/pl\/moving-companies\/\" data-internallinksmanager029f6b8e52c=\"79\" title=\"25 najlepszych firm przeprowadzek mi\u0119dzynarodowych online\">przedsi\u0119biorstwo przeprowadzkowe<\/a> na Bliskim Wschodzie. Oferuje swoim klientom szeroki zakres us\u0142ug, kt\u00f3re zosta\u0142y wymienione poni\u017cej, wraz z profilem firmy i opiniami. <strong>Nale\u017cy pami\u0119ta\u0107, \u017ce Agility nie przewozi artyku\u0142\u00f3w gospodarstwa domowego ani rzeczy osobistych dla os\u00f3b prywatnych.<\/strong>.<\/p>\n<p><strong>Przeprowadzki mi\u0119dzynarodowe<\/strong><\/p>\n<ul>\n<li> Us\u0142uga \"od drzwi do drzwi\".<\/li>\n<li> Fracht morski lub lotniczy<\/li>\n<li> Fachowa us\u0142uga pakowania<\/li>\n<li> Fachowa us\u0142uga rozpakowywania<\/li>\n<li> Usuwanie gruzu<\/li>\n<li> Prowadzenie spraw zwi\u0105zanych z odpraw\u0105 celn\u0105<\/li>\n<li> Nadzorowanie na miejscu za\u0142adunku kontener\u00f3w specjalnych<\/li>\n<li> Przechowywanie d\u0142ugo- i kr\u00f3tkoterminowe<\/li>\n<li> Ubezpieczenia<\/li>\n<li> Skrzyniowanie specjalistyczne<\/li>\n<li> Serwisowanie urz\u0105dze\u0144<\/li>\n<li> Us\u0142ugi r\u0119kodzielnicze<\/li>\n<li> Elektryk<\/li>\n<li> Demonta\u017c i ponowny monta\u017c mebli i towar\u00f3w<\/li>\n<li> Specjalne post\u0119powanie z du\u017cymi i\/lub delikatnymi przedmiotami<\/li>\n<\/ul>\n<p><strong>Magazynowanie i dystrybucja<\/strong><\/p>\n<ul>\n<li> Pe\u0142en zakres us\u0142ug zarz\u0105dzania<\/li>\n<li> Fracht drogowy, lotniczy i morski<\/li>\n<li> Elastyczno\u015b\u0107 w zakresie wielko\u015bci i typu obiektu<\/li>\n<li> Zarz\u0105dzanie kompleksowym planowaniem i uzupe\u0142nianiem zapas\u00f3w.<\/li>\n<\/ul>\n<p><strong>Rozwi\u0105zania bran\u017cowe<\/strong><\/p>\n<ul>\n<li> Ruch samochodowy<\/li>\n<li> Bezpieczne i niezawodne przemieszczanie substancji chemicznych<\/li>\n<li> Dobra konsumpcyjne<\/li>\n<li> Przemieszczanie si\u0119 organizacji mi\u0119dzynarodowych, rz\u0105d\u00f3w, grup pomocy humanitarnej i wojska<\/li>\n<li> Ruchy przemys\u0142owe<\/li>\n<li> Rozwi\u0105zania logistyczne dla sektora naftowego i gazowego<\/li>\n<li> \u0141a\u0144cuch dostaw produkt\u00f3w farmaceutycznych i nauk przyrodniczych<\/li>\n<li> Technologia<\/li>\n<li> Targi i imprezy przenosz\u0105 si\u0119<\/li>\n<\/ul>\n<h2>Profil firmy Agility<\/h2>\n<p>Agility to globalna firma logistyczna z siedzib\u0105 w Sulaibiya, <a href=\"https:\/\/moverdb.com\/pl\/moving-to-kuwait\/\" data-internallinksmanager029f6b8e52c=\"354\" title=\"Przeprowadzka do Kuwejtu? Koszty \u017cycia i wskaz\u00f3wki dotycz\u0105ce przeprowadzki w 2023 r.\">Kuwejt<\/a>. Agility obs\u0142uguje firmy, rz\u0105dy, agencje pomocowe, wojsko i organizacje mi\u0119dzynarodowe, zapewniaj\u0105c transport, magazynowanie, <a href=\"https:\/\/moverdb.com\/pl\/spedytor\/\">spedycja<\/a> i rozwi\u0105za\u0144 logistycznych. Firma zatrudnia ponad 22 000 os\u00f3b i posiada ponad 500 biur w 100 krajach.<\/p>\n<p>Agility rozpocz\u0119\u0142a dzia\u0142alno\u015b\u0107 w 1979 r. jako kuwejcka sp\u00f3\u0142ka pa\u0144stwowa Public Warehousing Co. W 1997 r. firma zosta\u0142a sprywatyzowana, a Tarek Sultan Al Essa zosta\u0142 jej prezesem. Agility postanowi\u0142a wej\u015b\u0107 na niewykorzystane rynki, takie jak Afryka, Azja, Bliski Wsch\u00f3d i Ameryka \u0141aci\u0144ska. Firma szybko si\u0119 rozwija\u0142a, kupuj\u0105c ponad 40 firm logistycznych i aktyw\u00f3w na ca\u0142ym \u015bwiecie. <\/p>\n<p>Do 2004 r. Agility by\u0142a najwi\u0119kszym dostawc\u0105 us\u0142ug logistycznych na Bliskim Wschodzie. Dopiero w 2006 r. firma PWC przyj\u0119\u0142a nazw\u0119 Agility, a jej nowe has\u0142o brzmia\u0142o \"Nowy lider logistyki\".<\/p>\n<p>Agility posiada dwie ga\u0142\u0119zie dzia\u0142alno\u015bci - Agility Global Integrated Logistics i Agility Infrastructure. Pierwszy z nich dostarcza swoim klientom rozwi\u0105zania w zakresie \u0142a\u0144cucha dostaw. Agility zrealizowa\u0142a 2,14 mln przesy\u0142ek, obs\u0142uguj\u0105c 60 500 klient\u00f3w. Firma przetransportowa\u0142a 372 700 ton frachtu lotniczego i 513 100 TEU frachtu lotniczego. Agility Infrastructure pomaga rynkom rozwijaj\u0105cym si\u0119 w rozwi\u0105zywaniu problem\u00f3w zwi\u0105zanych z logistyk\u0105.<\/p>\n<p>Agility anga\u017cuje si\u0119 w pomoc, zapewniaj\u0105c pro bono wsparcie logistyczne w przypadku katastrof humanitarnych. Jej pracownicy wspieraj\u0105 r\u00f3wnie\u017c lokalne spo\u0142eczno\u015bci.<br \/>\n.<br \/>\nAgility posiada nast\u0119puj\u0105ce afiliacje i akredytacje:<\/p>\n<ul>\n<li> Nie wymieniono na stronie internetowej<\/li>\n<\/ul>\n<h2>Opinie o firmie Agility Moving<\/h2>\n<p><em>W momencie pisania tego tekstu nie znale\u017ali\u015bmy w Internecie \u017cadnych opinii na temat us\u0142ug przeprowadzkowych \u015bwiadczonych przez firm\u0119 Agility.<\/em> <\/p>\n<div itemprop=\"review\" itemscope itemtype=\"http:\/\/schema.org\/Review\">\n<span itemprop=\"author\" itemscope=\"\" itemtype=\"http:\/\/schema.org\/Organization\"><span itemprop=\"name\">MoverDB.com<\/span><\/span> Przegl\u0105d stron internetowych dla <span itemprop=\"itemreviewed\" itemscope=\"\" itemtype=\"http:\/\/schema.org\/Brand\"><span itemprop=\"name\">Agility Moving<\/span><\/span>:<\/p>\n<ol>\n<li> Przejrzyste dane kontaktowe na stronie internetowej (w tym numer telefonu): <strong>Tak<\/strong><\/li>\n<li> \u0141atwe do uzyskania <a href=\"https:\/\/moverdb.com\/pl\/cytaty\/\">oferty na przeprowadzki mi\u0119dzynarodowe<\/a>? (formularz wniosku o wycen\u0119 online): <strong>Tak<\/strong><\/li>\n<li> Przejrzyste informacje na stronie internetowej: <strong>Tak,<\/strong> Wyszczeg\u00f3lnia oferowane przez siebie us\u0142ugi.<\/li>\n<li> Cz\u0142onkostwo w uznanych mi\u0119dzynarodowych organizacjach zajmuj\u0105cych si\u0119 przemieszczaniem: <strong>Nie wymieniono na stronie internetowej<\/strong><\/li>\n<li> Lista klient\u00f3w i\/lub referencje poprzednich klient\u00f3w. <strong>Tak,<\/strong> Na stronie internetowej znajduj\u0105 si\u0119 szczeg\u00f3\u0142owe opisy r\u00f3\u017cnych ruch\u00f3w specjalistycznych.<\/li>\n<\/ol>\n<div itemprop=\"reviewRating\" itemscope itemtype=\"http:\/\/schema.org\/Rating\"><meta itemprop=\"worstRating\" content = \"0\" \/><meta itemprop=\"bestRating\" content=\"5\" \/><meta itemprop=\"ratingValue\" content=\"4\"><\/div>\n<p><strong>Ocena og\u00f3lna: 4\/5<\/strong><br \/>\n<strong>Data przegl\u0105du:<\/strong> <span itemprop=\"datePublished\" content=\"2017-01-25\">25\/01\/2017<\/span>\n<\/div>\n<p>Czytaj wi\u0119cej o <a href=\"https:\/\/moverdb.com\/pl\/firmy-przeprowadzkowe\/\">najlepsze firmy przeprowadzaj\u0105ce si\u0119 za granic\u0119<\/a> i nasze <a href=\"https:\/\/moverdb.com\/pl\/recenzje\/\">proces przegl\u0105du<\/a>.<\/p>\n<p><strong>Strony internetowe:<\/strong> <a href=\"http:\/\/www.agility.com\/EN\/products-and-services\/Pages\/Household-Goods-Movement.aspx\" target=\"_blank\" rel=\"noopener\">Sprawno\u015b\u0107 Ruch towarowy w gospodarstwie domowym<\/a><\/p>","protected":false},"excerpt":{"rendered":"<p>Agility is the largest logistics and moving company in the Middle East. It offers its customers a wide range of services which are listed below, together with a company profile and reviews. Note that Agility does not move household goods or personal effects for individuals. International Moves Door to door service Sea freight or airfreight [&hellip;]<\/p>\n","protected":false},"author":1,"featured_media":0,"parent":0,"menu_order":0,"comment_status":"closed","ping_status":"closed","template":"","meta":{"_genesis_hide_title":false,"_genesis_hide_breadcrumbs":false,"_genesis_hide_singular_image":false,"_genesis_hide_footer_widgets":false,"_genesis_custom_body_class":"","_genesis_custom_post_class":"","_genesis_layout":"","footnotes":""},"class_list":{"0":"post-1680","1":"page","2":"type-page","3":"status-publish","5":"entry"},"_links":{"self":[{"href":"https:\/\/moverdb.com\/pl\/wp-json\/wp\/v2\/pages\/1680","targetHints":{"allow":["GET"]}}],"collection":[{"href":"https:\/\/moverdb.com\/pl\/wp-json\/wp\/v2\/pages"}],"about":[{"href":"https:\/\/moverdb.com\/pl\/wp-json\/wp\/v2\/types\/page"}],"author":[{"embeddable":true,"href":"https:\/\/moverdb.com\/pl\/wp-json\/wp\/v2\/users\/1"}],"replies":[{"embeddable":true,"href":"https:\/\/moverdb.com\/pl\/wp-json\/wp\/v2\/comments?post=1680"}],"version-history":[{"count":3,"href":"https:\/\/moverdb.com\/pl\/wp-json\/wp\/v2\/pages\/1680\/revisions"}],"predecessor-version":[{"id":6167,"href":"https:\/\/moverdb.com\/pl\/wp-json\/wp\/v2\/pages\/1680\/revisions\/6167"}],"wp:attachment":[{"href":"https:\/\/moverdb.com\/pl\/wp-json\/wp\/v2\/media?parent=1680"}],"curies":[{"name":"wp","href":"https:\/\/api.w.org\/{rel}","templated":true}]}}