{"id":1678,"date":"2017-01-25T12:00:23","date_gmt":"2017-01-25T12:00:23","guid":{"rendered":"http:\/\/moverdb.com\/?page_id=1678"},"modified":"2026-01-08T14:47:27","modified_gmt":"2026-01-08T14:47:27","slug":"aires","status":"publish","type":"page","link":"https:\/\/moverdb.com\/pl\/aires\/","title":{"rendered":"Aires - International Relocation &amp; Moving Reviews"},"content":{"rendered":"<p>Firma Aires oferuje swoim klientom, zar\u00f3wno indywidualnym, jak i korporacyjnym, szereg us\u0142ug zwi\u0105zanych z przeprowadzkami. Poni\u017cej przedstawiamy ich list\u0119 wraz z profilem firmy i opiniami.<\/p>\n<p><strong>Przeprowadzki mi\u0119dzynarodowe<\/strong><\/p>\n<ul>\n<li> Kompletne pakowanie i oklejanie wszystkich artyku\u0142\u00f3w gospodarstwa domowego i rzeczy osobistych<\/li>\n<li> Od drzwi do drzwi<\/li>\n<li> Bezpo\u015bredni za\u0142adunek artyku\u0142\u00f3w gospodarstwa domowego do odpowiedniego kontenera lub furgonetki<\/li>\n<li> Przygotowanie ca\u0142ej dokumentacji<\/li>\n<li> Zwyk\u0142a, bezpo\u015brednia dostawa do miejsca zamieszkania i usuwanie gruzu<\/li>\n<li> Zwrot pustych kontener\u00f3w w mi\u0119dzynarodowym miejscu przeznaczenia<\/li>\n<li> Pe\u0142ne monitorowanie i informowanie o statusie przesy\u0142ki<\/li>\n<li> Automobiles<\/li>\n<li> Przechowywanie d\u0142ugo- i kr\u00f3tkoterminowe<\/li>\n<li> Przenoszenie zwierz\u0105t domowych<\/li>\n<\/ul>\n<p><strong>Us\u0142ugi zwi\u0105zane z miejscem docelowym i osiedleniem si\u0119<\/strong><\/p>\n<ul>\n<li> Spotkanie i powitanie<\/li>\n<li> Orientacja w terenie<\/li>\n<li> Wyszukiwanie i rejestracja szk\u00f3\u0142<\/li>\n<li> Pomoc w znalezieniu mieszkania do wynaj\u0119cia<\/li>\n<li> Pomoc w negocjacjach najmu<\/li>\n<li> Us\u0142ugi w zakresie osiedlania si\u0119<\/li>\n<li> Pomoc dla wsp\u00f3\u0142ma\u0142\u017conka\/partnera<\/li>\n<li> Us\u0142ugi w zakresie tymczasowego zakwaterowania<\/li>\n<li> Pomoc wizowa, paszportowa i imigracyjna<\/li>\n<li> Us\u0142ugi w zakresie szkolenia kulturowego i j\u0119zykowego<\/li>\n<li> Pomoc w repatriacji<\/li>\n<\/ul>\n<p><strong>Us\u0142ugi korporacyjne<\/strong><\/p>\n<ul>\n<li> Us\u0142ugi zarz\u0105dzania przeprowadzkami<\/li>\n<li> Zarz\u0105dzanie programem relokacji<\/li>\n<li> ReloNet Web Services Site - Narz\u0119dzia korporacyjne<\/li>\n<li> Przegl\u0105d i rozw\u00f3j polityki<\/li>\n<li> Us\u0142ugi zwi\u0105zane z nieruchomo\u015bciami<\/li>\n<li> Zarz\u0105dzanie nieruchomo\u015bciami i najmem<\/li>\n<li> Us\u0142ugi inspekcyjne<\/li>\n<li> Prognozy koszt\u00f3w utrzymania<\/li>\n<li> Zarz\u0105dzanie wydatkami<\/li>\n<li> Ubezpieczenia i zarz\u0105dzanie ryzykiem<\/li>\n<li> Us\u0142ugi w zakresie przeprowadzek grupowych<\/li>\n<li> Mi\u0119dzynarodowe us\u0142ugi w zakresie odszkodowa\u0144 i gromadzenia danych<\/li>\n<li> Zarz\u0105dzanie \u0142a\u0144cuchem dostaw<\/li>\n<\/ul>\n<h2>Profil firmy Aires<\/h2>\n<p>Firma Aires, czyli American International Relocation Solutions LLC, zosta\u0142a za\u0142o\u017cona w 1981 r. przez Jima Putta. Firma koncentrowa\u0142a si\u0119 na przeprowadzkach mi\u0119dzynarodowych i magazynowaniu dla firm i ich pracownik\u00f3w. Obecnie firma rozszerzy\u0142a swoj\u0105 dzia\u0142alno\u015b\u0107 o kompleksowe us\u0142ugi relokacyjne, pomagaj\u0105c pracownikom szybko zaaklimatyzowa\u0107 si\u0119 w nowym miejscu. Aires jest nadal firm\u0105 prywatn\u0105, prowadzon\u0105 przez rodzin\u0119.<\/p>\n<p>Firma Aires bardzo powa\u017cnie traktuje swoj\u0105 odpowiedzialno\u015b\u0107 za \u015brodowisko naturalne i \"podchodzi do kwestii ekologii z ka\u017cdej strony\". Ich w pe\u0142ni zautomatyzowane systemy znacznie ograniczaj\u0105 konieczno\u015b\u0107 prowadzenia papierowej dokumentacji, a wszystkie biura i lokalizacje s\u0105 energooszcz\u0119dne i przyjazne dla \u015brodowiska.<\/p>\n<p>Aires posiada nast\u0119puj\u0105ce akredytacje i przynale\u017cno\u015bci:<\/p>\n<ul>\n<li> <a href=\"https:\/\/moverdb.com\/pl\/rada-ds-relokacji-pracownikow\/\">\u015awiatowa ERBN<\/a><\/li>\n<li> CERC (Canadian Employee Relocation Council - Kanadyjska Rada ds. Relokacji Pracownik\u00f3w)<\/li>\n<li> SHRM (Society for Human Resource Management - Stowarzyszenie Zarz\u0105dzania Zasobami Ludzkimi)<\/li>\n<li> <a href=\"https:\/\/moverdb.com\/pl\/jestem\/\">IAM<\/a> (<a href=\"https:\/\/moverdb.com\/pl\/iam\/\" data-internallinksmanager029f6b8e52c=\"23\" title=\"Mi\u0119dzynarodowe Stowarzyszenie Przewo\u017anik\u00f3w (IAM) - obja\u015bnienia\">Mi\u0119dzynarodowe Stowarzyszenie Przewo\u017anik\u00f3w<\/a>)<\/li>\n<li> OSA (Stowarzyszenie Za\u0142adowc\u00f3w Zamorskich)<\/li>\n<li> <a href=\"https:\/\/moverdb.com\/pl\/fidi-faim\/\">FIDI<\/a> (Federacja Mi\u0119dzynarodowych Przewo\u017anik\u00f3w Meblowych)<\/li>\n<li> <a href=\"https:\/\/moverdb.com\/pl\/eura\/\">EuRA<\/a> (<a href=\"https:\/\/moverdb.com\/pl\/eura\/\" data-internallinksmanager029f6b8e52c=\"13\" title=\"Europejskie Stowarzyszenie Relokacji (EuRA) - obja\u015bnienia\">EuRA<\/a> Relokacja)<\/li>\n<li> PAIMA (Panameryka\u0144skie Stowarzyszenie Przewo\u017anik\u00f3w Mi\u0119dzynarodowych)<\/li>\n<li> <a href=\"https:\/\/moverdb.com\/pl\/lacma\/\">LACMA<\/a> (Stowarzyszenie Przewo\u017anik\u00f3w z Ameryki \u0141aci\u0144skiej i Karaib\u00f3w)<\/li>\n<li> OMNI (Overseas Moving Network International)<\/li>\n<\/ul>\n<h2>Recenzje Aires<\/h2>\n<p><em>W momencie pisania tego tekstu nie znale\u017ali\u015bmy w Internecie \u017cadnych opinii na temat Aires.<\/em><\/p>\n<div itemprop=\"review\" itemscope itemtype=\"http:\/\/schema.org\/Review\">\n<span itemprop=\"author\" itemscope=\"\" itemtype=\"http:\/\/schema.org\/Organization\"><span itemprop=\"name\">MoverDB.com<\/span><\/span> Przegl\u0105d stron internetowych dla <span itemprop=\"itemreviewed\" itemscope=\"\" itemtype=\"http:\/\/schema.org\/Brand\"><span itemprop=\"name\">Aires<\/span><\/span>:<\/p>\n<ol>\n<li> Przejrzyste dane kontaktowe na stronie internetowej (w tym numer telefonu): <strong>Tak<\/strong><\/li>\n<li> \u0141atwe do uzyskania <a href=\"https:\/\/moverdb.com\/pl\/cytaty\/\">oferty na przeprowadzki mi\u0119dzynarodowe<\/a>? (formularz wniosku o wycen\u0119 online): <strong>Tak<\/strong><\/li>\n<li> Przejrzyste informacje na stronie internetowej: <strong>Tak,<\/strong> zawiera wiele bardzo szczeg\u00f3\u0142owych informacji na temat us\u0142ug oferowanych przez firm\u0119.<\/li>\n<li> Cz\u0142onkostwo w uznanych mi\u0119dzynarodowych organizacjach zajmuj\u0105cych si\u0119 przemieszczaniem: <strong>Tak<\/strong>, (patrz wy\u017cej)<\/li>\n<li> Lista klient\u00f3w i\/lub referencje poprzednich klient\u00f3w. <strong>Nie,<\/strong> chocia\u017c maj\u0105 dzia\u0142 z nagrodami.<\/li>\n<\/ol>\n<div itemprop=\"reviewRating\" itemscope itemtype=\"http:\/\/schema.org\/Rating\"><meta itemprop=\"worstRating\" content = \"0\" \/><meta itemprop=\"bestRating\" content=\"5\" \/><meta itemprop=\"ratingValue\" content=\"4\"><\/div>\n<p><strong>Ocena og\u00f3lna: 4\/5<\/strong><br \/>\n<strong>Data przegl\u0105du:<\/strong> <span itemprop=\"datePublished\" content=\"2017-01-25\">25\/01\/2017<\/span>\n<\/div>\n<p>Czytaj wi\u0119cej o <a href=\"https:\/\/moverdb.com\/pl\/firmy-przeprowadzkowe\/\">firmy zajmuj\u0105ce si\u0119 przeprowadzkami mi\u0119dzynarodowymi<\/a> i nasze <a href=\"https:\/\/moverdb.com\/pl\/recenzje\/\">proces przegl\u0105du<\/a>.<\/p>\n<p><strong>Strony internetowe:<\/strong> <a href=\"https:\/\/www.aires.com\/\" target=\"_blank\" rel=\"noopener\">https:\/\/www.aires.com\/<\/a><\/p>","protected":false},"excerpt":{"rendered":"<p>Aires offers its clients, both individual and corporate, a variety of moving services. These are listed below together with a company profile and reviews. International Moves Complete packing and wrapping of all household goods and personal effects Door to door Direct loading of household goods into appropriate container or van Preparation of all documentation Normal, [&hellip;]<\/p>\n","protected":false},"author":1,"featured_media":0,"parent":0,"menu_order":0,"comment_status":"closed","ping_status":"closed","template":"","meta":{"_genesis_hide_title":false,"_genesis_hide_breadcrumbs":false,"_genesis_hide_singular_image":false,"_genesis_hide_footer_widgets":false,"_genesis_custom_body_class":"","_genesis_custom_post_class":"","_genesis_layout":"","footnotes":""},"class_list":{"0":"post-1678","1":"page","2":"type-page","3":"status-publish","5":"entry"},"_links":{"self":[{"href":"https:\/\/moverdb.com\/pl\/wp-json\/wp\/v2\/pages\/1678","targetHints":{"allow":["GET"]}}],"collection":[{"href":"https:\/\/moverdb.com\/pl\/wp-json\/wp\/v2\/pages"}],"about":[{"href":"https:\/\/moverdb.com\/pl\/wp-json\/wp\/v2\/types\/page"}],"author":[{"embeddable":true,"href":"https:\/\/moverdb.com\/pl\/wp-json\/wp\/v2\/users\/1"}],"replies":[{"embeddable":true,"href":"https:\/\/moverdb.com\/pl\/wp-json\/wp\/v2\/comments?post=1678"}],"version-history":[{"count":3,"href":"https:\/\/moverdb.com\/pl\/wp-json\/wp\/v2\/pages\/1678\/revisions"}],"predecessor-version":[{"id":6168,"href":"https:\/\/moverdb.com\/pl\/wp-json\/wp\/v2\/pages\/1678\/revisions\/6168"}],"wp:attachment":[{"href":"https:\/\/moverdb.com\/pl\/wp-json\/wp\/v2\/media?parent=1678"}],"curies":[{"name":"wp","href":"https:\/\/api.w.org\/{rel}","templated":true}]}}