{"id":1650,"date":"2017-04-24T10:40:56","date_gmt":"2017-04-24T10:40:56","guid":{"rendered":"http:\/\/moverdb.com\/?page_id=1650"},"modified":"2026-01-08T14:48:05","modified_gmt":"2026-01-08T14:48:05","slug":"cosco-shipping","status":"publish","type":"page","link":"https:\/\/moverdb.com\/pl\/cosco-shipping\/","title":{"rendered":"COSCO Shipping Lines - Us\u0142ugi mi\u0119dzynarodowe i przegl\u0105dy"},"content":{"rendered":"<p>COSCO Shipping Lines (<a href=\"https:\/\/moverdb.com\/pl\/moving-to-china\/\" data-internallinksmanager029f6b8e52c=\"357\" title=\"Przeprowadzka do Chin? Koszty \u017cycia i wskaz\u00f3wki dotycz\u0105ce relokacji w 2023 r.\">Chiny<\/a> Ocean Shipping (Group) Company) oferuje swoim klientom szeroki wachlarz us\u0142ug. S\u0105 one wymienione poni\u017cej wraz z profilem firmy i opiniami.<\/p>\n<p><strong><a href=\"https:\/\/moverdb.com\/pl\/container-shipping\/\" data-internallinksmanager029f6b8e52c=\"3\" title=\"Wykres stawek mi\u0119dzynarodowego transportu kontenerowego: Kwiecie\u0144 2026 r.\">Transport kontenerowy<\/a><\/strong><\/p>\n<ul>\n<li> Flota statk\u00f3w - 170 nowoczesnych kontenerowc\u00f3w<\/li>\n<li> Trasy us\u0142ug - 84 mi\u0119dzynarodowe trasy \u017ceglugowe i 23 krajowe<\/li>\n<li> Sie\u0107 globalna<\/li>\n<li> 22 000 pojemnik\u00f3w ch\u0142odniczych<\/li>\n<\/ul>\n<p><strong>Transport suchych \u0142adunk\u00f3w masowych<\/strong><\/p>\n<ul>\n<li> Flota statk\u00f3w - 380 statk\u00f3w, no\u015bno\u015b\u0107 34 mln DWT<\/li>\n<li> Ruda \u017celaza<\/li>\n<li> W\u0119giel<\/li>\n<li> Ziarno<\/li>\n<li> Stal<\/li>\n<li> Inne \u0142adunki masowe<\/li>\n<li> 1,000 <a href=\"https:\/\/moverdb.com\/pl\/top-49-container-ports\/\" data-internallinksmanager029f6b8e52c=\"80\" title=\"49 najwi\u0119kszych i najbardziej ruchliwych port\u00f3w kontenerowych w 2025 r.\">porty<\/a> w ponad 100 krajach<\/li>\n<li> System synchronizacji statek - brzeg<\/li>\n<\/ul>\n<p><strong>Ropa naftowa i gaz ziemny \u017begluga<\/strong><\/p>\n<ul>\n<li> Wysy\u0142ka do ponad 300 port\u00f3w na ca\u0142ym \u015bwiecie<\/li>\n<li> Ropa naftowa<\/li>\n<li> Olej produktowy<\/li>\n<li> LPG i LNG<\/li>\n<\/ul>\n<p><strong>Transport \u0142adunk\u00f3w specjalistycznych i drobnicowych<\/strong><\/p>\n<ul>\n<li> Wielozadaniowe ci\u0119\u017ckie statki d\u017awigowe<\/li>\n<li> Statki p\u00f3\u0142zanurzalne<\/li>\n<li> Asfaltowce<\/li>\n<li> No\u015bniki drewna<\/li>\n<li> No\u015bniki samochodowe<\/li>\n<\/ul>\n<p><strong>Sektor finansowy \u017ceglugi<\/strong><\/p>\n<ul>\n<li> Czarterowanie statk\u00f3w<\/li>\n<li> Leasing kontener\u00f3w<\/li>\n<li> Magazyny terminali<\/li>\n<li> Ubezpieczenie przesy\u0142ki<\/li>\n<\/ul>\n<p><strong>Pasa\u017cerskie us\u0142ugi liniowe<\/strong><\/p>\n<ul>\n<li> Krajowa linia brzegowa Chin<\/li>\n<li> Chiny -. <a href=\"https:\/\/moverdb.com\/pl\/moving-to-japan\/\" data-internallinksmanager029f6b8e52c=\"342\" title=\"Przeprowadzka do Japonii? Koszty \u017cycia i wskaz\u00f3wki dotycz\u0105ce relokacji w 2023 r.\">Japonia<\/a><\/li>\n<li> Chiny - Korea<\/li>\n<li> Tajwan kontynentalny<\/li>\n<\/ul>\n<h2>Profil firmy COSCO Linie \u017beglugowe<\/h2>\n<p>China Ocean Shipping (Group) Company jest w\u0142asno\u015bci\u0105 rz\u0105du chi\u0144skiego, a jej siedziba mie\u015bci si\u0119 w Szanghaju. COSCO jest najwi\u0119kszym masowcem suchym w Chinach i jednym z najwi\u0119kszych na \u015bwiecie. Posiada \u0142\u0105cznie 1114 statk\u00f3w o no\u015bno\u015bci 85,32 mln DWT. Posiada r\u00f3wnie\u017c 46 terminali kontenerowych na ca\u0142ym \u015bwiecie ze 190 miejscami do cumowania.<\/p>\n<p>W lutym 2016 r. Grupa COSCO po\u0142\u0105czy\u0142a si\u0119 z China Shipping Group, tworz\u0105c w ten spos\u00f3b China COSCO Shipping Corporation. Jest to zr\u00f3\u017cnicowana firma \u015bwiadcz\u0105ca us\u0142ugi w zakresie \u017ceglugi, budowy i remontu statk\u00f3w, obs\u0142ugi terminali i produkcji kontener\u00f3w, by wymieni\u0107 tylko kilka przyk\u0142ad\u00f3w.<\/p>\n<p>China COSCO Shipping Corporation Ltd posiada nast\u0119puj\u0105ce akredytacje i powi\u0105zania:<\/p>\n<ul>\n<li> Mi\u0119dzynarodowy certyfikat ochrony statku<\/li>\n<li> Certyfikat zarz\u0105dzania bezpiecze\u0144stwem<\/li>\n<li> Certyfikat Akredytacji Systemu Zarz\u0105dzania<\/li>\n<li> Akredytacja systemu zarz\u0105dzania \u015brodowiskowego<\/li>\n<li> Akredytacja systemu zarz\u0105dzania bezpiecze\u0144stwem i higien\u0105 pracy<\/li>\n<li> Certyfikat Zarz\u0105dzania Efektywno\u015bci\u0105 Energetyczn\u0105 Przedsi\u0119biorstwa<\/li>\n<\/ul>\n<h2>COSCO Shipping Lines Reviews<\/h2>\n<p>W chwili publikacji nie uda\u0142o nam si\u0119 znale\u017a\u0107 \u017cadnych pozytywnych ani negatywnych opinii na temat us\u0142ug \u015bwiadczonych przez COSCO Shipping Lines.<\/p>\n<div itemprop=\"review\" itemscope itemtype=\"http:\/\/schema.org\/Review\">\n<strong><span itemprop=\"author\" itemscope=\"\" itemtype=\"http:\/\/schema.org\/Organization\"><span itemprop=\"name\">MoverDB.com<\/span><\/span> Przegl\u0105d stron internetowych dla <span itemprop=\"itemreviewed\" itemscope=\"\" itemtype=\"http:\/\/schema.org\/Brand\"><span itemprop=\"name\">Linie \u017beglugowe COSCO<\/span><\/span>:<\/strong><\/p>\n<ol>\n<li> Przejrzyste dane kontaktowe na stronie internetowej (w tym numer telefonu): <strong>Tak<\/strong><\/li>\n<li> Jak \u0142atwo uzyska\u0107 wycen\u0119 wysy\u0142ki mi\u0119dzynarodowej? (Formularz zapytania o wycen\u0119 online): <strong>Tak<\/strong>Oferuj\u0105 one us\u0142ug\u0119 wyceny online oraz us\u0142ug\u0119 e-business umo\u017cliwiaj\u0105c\u0105 \u015bledzenie przesy\u0142ek.<\/li>\n<li> Przejrzyste informacje na stronie internetowej: <strong>Cz\u0119\u015bciowe,<\/strong> strona internetowa zawiera wiele informacji, ale nie jest najbardziej przyjazna dla u\u017cytkownika.<\/li>\n<li> Cz\u0142onkostwo w uznanych mi\u0119dzynarodowych organizacjach \u017ceglugowych: <strong>Tak<\/strong><\/li>\n<li> Lista klient\u00f3w i\/lub referencje poprzednich klient\u00f3w. <strong>Nie,<\/strong> w momencie publikacji nie uda\u0142o nam si\u0119 znale\u017a\u0107 \u017cadnego.<\/li>\n<\/ol>\n<div itemprop=\"reviewRating\" itemscope itemtype=\"http:\/\/schema.org\/Rating\"><meta itemprop=\"worstRating\" content = \"0\" \/><meta itemprop=\"bestRating\" content=\"5\" \/><meta itemprop=\"ratingValue\" content=\"3.5\"><\/div>\n<p><strong>Ocena og\u00f3lna: 3,5\/5<\/strong><br \/>\n<strong>Data przegl\u0105du:<\/strong> <span itemprop=\"datePublished\" content=\"2017-04-24\">24\/04\/2017<\/span>\n<\/div>\n<p>Wi\u0119cej na temat innych <a href=\"https:\/\/moverdb.com\/pl\/firmy-spedycyjne\/\">firmy zajmuj\u0105ce si\u0119 spedycj\u0105 mi\u0119dzynarodow\u0105<\/a>, <a href=\"https:\/\/moverdb.com\/pl\/przeladunek-w-kontenerach\/\">stawki za przew\u00f3z kontener\u00f3w<\/a> i nasze <a href=\"https:\/\/moverdb.com\/pl\/recenzje\/\">proces przegl\u0105du<\/a>.<\/p>\n<p><strong>Strona internetowa:<\/strong> <a href=\"http:\/\/lines.coscoshipping.com\/home.do\" target=\"_blank\" rel=\"noopener\">http:\/\/lines.coscoshipping.com\/home.do<\/a><\/p>","protected":false},"excerpt":{"rendered":"<p>COSCO Shipping Lines (China Ocean Shipping (Group) Company) offers its clients a wide array of services. These are listed below together with a company profile and reviews. Container Shipping Vessel fleet &#8211; 170 modern container vessels Service routes &#8211; 84 international shipping routes and 23 domestic Global network 22,000 refrigerated containers Dry Bulk Cargo Shipping [&hellip;]<\/p>\n","protected":false},"author":1,"featured_media":0,"parent":0,"menu_order":0,"comment_status":"closed","ping_status":"closed","template":"","meta":{"_genesis_hide_title":false,"_genesis_hide_breadcrumbs":false,"_genesis_hide_singular_image":false,"_genesis_hide_footer_widgets":false,"_genesis_custom_body_class":"","_genesis_custom_post_class":"","_genesis_layout":"","footnotes":""},"class_list":{"0":"post-1650","1":"page","2":"type-page","3":"status-publish","5":"entry"},"_links":{"self":[{"href":"https:\/\/moverdb.com\/pl\/wp-json\/wp\/v2\/pages\/1650","targetHints":{"allow":["GET"]}}],"collection":[{"href":"https:\/\/moverdb.com\/pl\/wp-json\/wp\/v2\/pages"}],"about":[{"href":"https:\/\/moverdb.com\/pl\/wp-json\/wp\/v2\/types\/page"}],"author":[{"embeddable":true,"href":"https:\/\/moverdb.com\/pl\/wp-json\/wp\/v2\/users\/1"}],"replies":[{"embeddable":true,"href":"https:\/\/moverdb.com\/pl\/wp-json\/wp\/v2\/comments?post=1650"}],"version-history":[{"count":3,"href":"https:\/\/moverdb.com\/pl\/wp-json\/wp\/v2\/pages\/1650\/revisions"}],"predecessor-version":[{"id":6196,"href":"https:\/\/moverdb.com\/pl\/wp-json\/wp\/v2\/pages\/1650\/revisions\/6196"}],"wp:attachment":[{"href":"https:\/\/moverdb.com\/pl\/wp-json\/wp\/v2\/media?parent=1650"}],"curies":[{"name":"wp","href":"https:\/\/api.w.org\/{rel}","templated":true}]}}