{"id":1648,"date":"2017-04-21T14:26:25","date_gmt":"2017-04-21T14:26:25","guid":{"rendered":"http:\/\/moverdb.com\/?page_id=1648"},"modified":"2026-01-08T14:47:58","modified_gmt":"2026-01-08T14:47:58","slug":"cma-cgm","status":"publish","type":"page","link":"https:\/\/moverdb.com\/pl\/cma-cgm\/","title":{"rendered":"Grupa CMA CGM - Us\u0142ugi i recenzje dotycz\u0105ce \u017ceglugi mi\u0119dzynarodowej"},"content":{"rendered":"<p>Grupa CMA CGM oferuje swoim klientom szeroki wachlarz rozwi\u0105za\u0144 \u017ceglugowych i logistycznych. Poni\u017cej przedstawiamy ich list\u0119 wraz z profilem firmy i opiniami.<\/p>\n<h3>Wysy\u0142ka mi\u0119dzynarodowa<\/h3>\n<p><strong>Pojemniki suche<\/strong><\/p>\n<ul>\n<li> Kontenery og\u00f3lnego zastosowania (20'\/40'\/40\u2032 HC\/45\u2032 HC);<\/li>\n<li> Kontenery o szeroko\u015bci palety (40\u2032 HC PW\/45\u2032 HC PW);<\/li>\n<li> Kontenery specjalistyczne (flat-rack, open-top, open-side, platforma, zbiornik itp.)<\/li>\n<li> Zindywidualizowana obs\u0142uga<\/li>\n<\/ul>\n<p><strong>Kontenery ch\u0142odnie<\/strong><\/p>\n<ul>\n<li> 20\u2032 RE\/40\u2032 RH Kontenery typu reefer,<\/li>\n<li> Najwi\u0119ksza na rynku flota kontener\u00f3w o szeroko\u015bci 45' RH Pallet, przeznaczona do obs\u0142ugi handlu wewn\u0105trzeuropejskiego.<\/li>\n<li> Dedykowany dzia\u0142<\/li>\n<\/ul>\n<p><strong>XXL Cargo<\/strong><\/p>\n<ul>\n<li> Wysy\u0142anie \u0142adunk\u00f3w o niestandardowych wymiarach i masie.<\/li>\n<li> Samochody luksusowe<\/li>\n<li> Helikoptery<\/li>\n<li> Maszyny wielkogabarytowe<\/li>\n<li> Wagony kolejowe<\/li>\n<li> Ponadwymiarowe turbiny i generatory<\/li>\n<li> Do\u015bwiadczenie w transporcie \u0142adunk\u00f3w drobnicowych<\/li>\n<\/ul>\n<p><strong>Transport \u015br\u00f3dl\u0105dowy - us\u0142ugi intermodalne - ka\u017cdy kontynent<\/strong><\/p>\n<ul>\n<li> Kompleksowa us\u0142uga \"od drzwi do drzwi<\/li>\n<li> Dostosowane do potrzeb rozwi\u0105zania w zakresie transportu \u015br\u00f3dl\u0105dowego (kolejowego, drogowego i rzecznego)<\/li>\n<li> Optymalizacja \u0142a\u0144cucha dostaw dzi\u0119ki mo\u017cliwo\u015bciom oszcz\u0119dzania koszt\u00f3w w systemie \"od drzwi do drzwi<\/li>\n<li> Atrakcyjny szczeg\u00f3lny koszt zatrzymania i przestoju<\/li>\n<li> Dok\u0142adny monitoring w celu zapewnienia terminowych dostaw<\/li>\n<li> \u0141atwa rezerwacja i monitorowanie za po\u015brednictwem<a>platforma e-biznesu<\/a><\/li>\n<\/ul>\n<p><strong>AQUAVIVA - Wysy\u0142ka \u017cywych homar\u00f3w<\/strong><\/p>\n<ul>\n<li> Us\u0142uga \"od drzwi do drzwi\".<\/li>\n<li> Nowa alternatywa dla mro\u017cenia i kosztownego transportu lotniczego<\/li>\n<li> Utrzymanie naturalnego siedliska homar\u00f3w<\/li>\n<li> Gwarantuje \u015bwie\u017co\u015b\u0107 i jako\u015b\u0107 pierwszego dnia nawet przy d\u0142ugim okresie przechowywania.<\/li>\n<li> Szacunek dla \u015brodowiska<\/li>\n<\/ul>\n<p><strong>RORO (Roll on Roll off)<\/strong><\/p>\n<ul>\n<li> <strong><a href=\"https:\/\/moverdb.com\/pl\/moving-companies\/algeria\/\" data-internallinksmanager029f6b8e52c=\"166\" title=\"3 Najlepsze firmy zajmuj\u0105ce si\u0119 przeprowadzkami mi\u0119dzynarodowymi w Algierii\">Algieria<\/a><\/strong>: po\u0142\u0105czenie z Mostaganem i Oranem oraz po\u0142\u0105czenie z B\u00e9ja<\/li>\n<li> <strong><a href=\"https:\/\/moverdb.com\/pl\/moving-companies\/moving-companies-morocco\/\" data-internallinksmanager029f6b8e52c=\"287\" title=\"4 Najlepsze firmy zajmuj\u0105ce si\u0119 przeprowadzkami mi\u0119dzynarodowymi w Maroku\">Maroko<\/a><\/strong>: serwis do Casablanki<\/li>\n<li> <strong>Tunezja<\/strong>: serwis do Rades i La Goulette<\/li>\n<\/ul>\n<p><strong>Rejsy towarowe<\/strong><\/p>\n<ul>\n<li> Dzielenie si\u0119 codziennym \u017cyciem z za\u0142og\u0105<\/li>\n<li> 170 linie morskie, 450 <a href=\"https:\/\/moverdb.com\/pl\/top-49-container-ports\/\" data-internallinksmanager029f6b8e52c=\"80\" title=\"49 najwi\u0119kszych i najbardziej ruchliwych port\u00f3w kontenerowych w 2025 r.\">porty<\/a> i 150 kraj\u00f3w<\/li>\n<li> Rezerwacja na kilka dni lub kilka miesi\u0119cy<\/li>\n<li> Zejd\u017a na l\u0105d na dzie\u0144 lub tydzie\u0144 i z\u0142ap nast\u0119pny statek<\/li>\n<\/ul>\n<h2>Grupa CMA CGM Profil firmy<\/h2>\n<p>Grupa CMA CGM zosta\u0142a za\u0142o\u017cona w 1978 r. w Marsylii przez Jacques'a R. Saad\u00e9, kt\u00f3ry za\u0142o\u017cy\u0142 Compagnie Maritime d'Affr\u00e8tement (CMA). CMA mia\u0142a jeden statek i czterech pracownik\u00f3w, kt\u00f3rzy obs\u0142ugiwali jedn\u0105 lini\u0119 \u017ceglugow\u0105 mi\u0119dzy Bejrutem, Lattaki\u0105, Marsyli\u0105 i Livorno. <\/p>\n<p>W 1980 roku CMA ma ju\u017c dwa statki, 65 pracownik\u00f3w i biura w Europie. W 1983 roku CMA rozpocz\u0119\u0142o \u015bwiadczenie us\u0142ug multimodalnych, umo\u017cliwiaj\u0105cych wysy\u0142k\u0119 towar\u00f3w od drzwi do drzwi.<\/p>\n<p>W 1999 roku CGM i CMA po\u0142\u0105czy\u0142y si\u0119, tworz\u0105c firm\u0119 numer 12 na \u015bwiecie. Do 2003 roku firma awansowa\u0142a na 5<sup>th<\/sup> pozycja. W 2006 r. CMA CGM sta\u0142a si\u0119 trzeci\u0105 na \u015bwiecie firm\u0105 pod wzgl\u0119dem wielko\u015bci obrot\u00f3w.<sup>rd<\/sup> najwi\u0119kszy <a href=\"https:\/\/moverdb.com\/pl\/firmy-spedycyjne\/\" target=\"_blank\" rel=\"noopener\">przedsi\u0119biorstwo transportu i spedycji kontener\u00f3w<\/a>i tak jest do dzi\u015b.<\/p>\n<p>Obecnie grupa CMA CGM zatrudnia prawie 25 000 os\u00f3b na ca\u0142ym \u015bwiecie i posiada 64 biura i agencje na ca\u0142ym \u015bwiecie. Posiada dwie g\u0142\u00f3wne siedziby, jedn\u0105 w Marsylii i jedn\u0105 w Norfolk, <a href=\"https:\/\/moverdb.com\/pl\/moving-to-the-united-states\/moving-to-virginia\/\" data-internallinksmanager029f6b8e52c=\"442\" title=\"Przeprowadzka do Wirginii? 2026 Koszty utrzymania i porady dotycz\u0105ce przeprowadzki\">Wirginia<\/a>. Firma obs\u0142uguje 170 linii morskich i zawija do 450 port\u00f3w w 150 krajach. Jest obecnie trzeci\u0105 co do wielko\u015bci <a href=\"https:\/\/moverdb.com\/pl\/shipping-companies\/\" data-internallinksmanager029f6b8e52c=\"4\" title=\"10 najlepszych firm zajmuj\u0105cych si\u0119 mi\u0119dzynarodow\u0105 \u017ceglug\u0105 kontenerow\u0105\">przedsi\u0119biorstwo spedycyjne<\/a> na \u015bwiecie i posiada flot\u0119 licz\u0105c\u0105 428 statk\u00f3w.<\/p>\n<p>CMA CGM posiada nast\u0119puj\u0105ce akredytacje i przynale\u017cno\u015bci:<\/p>\n<ul>\n<li> Mi\u0119dzynarodowy certyfikat ochrony statku (ISSC)<\/li>\n<li> Certyfikat zarz\u0105dzania bezpiecze\u0144stwem (SMC)<\/li>\n<li> Konwencja o pracy na morzu (MLC)<\/li>\n<li> <a href=\"https:\/\/moverdb.com\/pl\/swiatowa-rada-ds-przeladunku\/\">\u015awiatowa Rada \u017beglugi<\/a> (<a href=\"https:\/\/moverdb.com\/pl\/world-shipping-council\/\" data-internallinksmanager029f6b8e52c=\"82\" title=\"\u015awiatowa Rada \u017beglugi (WSC) - obja\u015bnienia\">M\u015a<\/a>)<\/li>\n<\/ul>\n<h2>Grupa CMA CGM Recenzje<\/h2>\n<p><em>W chwili pisania tego tekstu nie znale\u017ali\u015bmy w Internecie \u017cadnych opinii na temat us\u0142ug \u017ceglugowych Grupy CMA CGM.<\/em><\/p>\n<div itemprop=\"review\" itemscope itemtype=\"http:\/\/schema.org\/Review\">\n<strong><span itemprop=\"author\" itemscope=\"\" itemtype=\"http:\/\/schema.org\/Organization\"><span itemprop=\"name\">MoverDB.com<\/span><\/span> Przegl\u0105d stron internetowych dla <span itemprop=\"itemreviewed\" itemscope=\"\" itemtype=\"http:\/\/schema.org\/Brand\"><span itemprop=\"name\">Grupa CMA CGM<\/span><\/span>:<\/strong><\/p>\n<ol>\n<li> Przejrzyste dane kontaktowe na stronie internetowej (w tym numer telefonu): <strong>Tak<\/strong><\/li>\n<li> \u0141atwe do uzyskania <a href=\"https:\/\/moverdb.com\/pl\/container-shipping\/\" data-internallinksmanager029f6b8e52c=\"3\" title=\"Wykres stawek mi\u0119dzynarodowego transportu kontenerowego: Kwiecie\u0144 2026 r.\">wysy\u0142ka mi\u0119dzynarodowa<\/a> oferty? (Formularz wniosku o wycen\u0119 online): <strong>Nr<\/strong>Wygl\u0105da na to, \u017ce aby otrzyma\u0107 wycen\u0119, trzeba si\u0119 zarejestrowa\u0107.<\/li>\n<li> Przejrzyste informacje na stronie internetowej: <strong>Tak,<\/strong> na stronie internetowej znajduj\u0105 si\u0119 szczeg\u00f3\u0142owe informacje o wszystkich us\u0142ugach.<\/li>\n<li> Cz\u0142onkostwo w uznanych mi\u0119dzynarodowych organizacjach \u017ceglugowych: <strong>Tak<\/strong><\/li>\n<li> Lista klient\u00f3w i\/lub referencje poprzednich klient\u00f3w. <strong>Nie,<\/strong> na ich stronie internetowej nie ma \u017cadnych informacji na ten temat.<\/li>\n<\/ol>\n<div itemprop=\"reviewRating\" itemscope itemtype=\"http:\/\/schema.org\/Rating\"><meta itemprop=\"worstRating\" content = \"0\" \/><meta itemprop=\"bestRating\" content=\"5\" \/><meta itemprop=\"ratingValue\" content=\"3.5\"><\/div>\n<p><strong>Ocena og\u00f3lna: 3,5\/5<\/strong><br \/>\n<strong>Data przegl\u0105du:<\/strong> <span itemprop=\"datePublished\" content=\"2017-04-21\">21\/04\/2017<\/span>\n<\/div>\n<p>Wi\u0119cej na temat innych <a href=\"https:\/\/moverdb.com\/pl\/firmy-spedycyjne\/\">firmy zajmuj\u0105ce si\u0119 spedycj\u0105 mi\u0119dzynarodow\u0105<\/a>, <a href=\"https:\/\/moverdb.com\/pl\/przeladunek-w-kontenerach\/\">stawki za przew\u00f3z kontener\u00f3w<\/a> i nasze <a href=\"https:\/\/moverdb.com\/pl\/recenzje\/\">proces przegl\u0105du<\/a>.<\/p>\n<p><strong>Strona internetowa:<\/strong> <a href=\"http:\/\/www.cma-cgm.com\/\" target=\"_blank\" rel=\"noopener\">http:\/\/www.cma-cgm.com\/<\/a><\/p>","protected":false},"excerpt":{"rendered":"<p>CMA CGM Group offers its clients a wide range of shipping and logistics solutions. These are listed below together with a company profile and reviews. International Shipping Dry Containers General-use containers (20&#8217;\/40&#8217;\/40&#8242; HC\/45&#8242; HC); Pallet wide containers (40&#8242; HC PW\/45&#8242; HC PW); Specialised containers (flat-rack, open-top, open-side, platform, tank, etc.) Personalised service Reefer Containers 20&#8242; [&hellip;]<\/p>\n","protected":false},"author":1,"featured_media":0,"parent":0,"menu_order":0,"comment_status":"closed","ping_status":"closed","template":"","meta":{"_genesis_hide_title":false,"_genesis_hide_breadcrumbs":false,"_genesis_hide_singular_image":false,"_genesis_hide_footer_widgets":false,"_genesis_custom_body_class":"","_genesis_custom_post_class":"","_genesis_layout":"","footnotes":""},"class_list":{"0":"post-1648","1":"page","2":"type-page","3":"status-publish","5":"entry"},"_links":{"self":[{"href":"https:\/\/moverdb.com\/pl\/wp-json\/wp\/v2\/pages\/1648","targetHints":{"allow":["GET"]}}],"collection":[{"href":"https:\/\/moverdb.com\/pl\/wp-json\/wp\/v2\/pages"}],"about":[{"href":"https:\/\/moverdb.com\/pl\/wp-json\/wp\/v2\/types\/page"}],"author":[{"embeddable":true,"href":"https:\/\/moverdb.com\/pl\/wp-json\/wp\/v2\/users\/1"}],"replies":[{"embeddable":true,"href":"https:\/\/moverdb.com\/pl\/wp-json\/wp\/v2\/comments?post=1648"}],"version-history":[{"count":5,"href":"https:\/\/moverdb.com\/pl\/wp-json\/wp\/v2\/pages\/1648\/revisions"}],"predecessor-version":[{"id":6192,"href":"https:\/\/moverdb.com\/pl\/wp-json\/wp\/v2\/pages\/1648\/revisions\/6192"}],"wp:attachment":[{"href":"https:\/\/moverdb.com\/pl\/wp-json\/wp\/v2\/media?parent=1648"}],"curies":[{"name":"wp","href":"https:\/\/api.w.org\/{rel}","templated":true}]}}