{"id":1642,"date":"2017-07-04T10:17:22","date_gmt":"2017-07-04T10:17:22","guid":{"rendered":"http:\/\/moverdb.com\/?page_id=1642"},"modified":"2026-01-08T14:48:07","modified_gmt":"2026-01-08T14:48:07","slug":"usuwanie-korony","status":"publish","type":"page","link":"https:\/\/moverdb.com\/pl\/crown-moving\/","title":{"rendered":"Crown Moving Co Inc - International Moving Reviews"},"content":{"rendered":"<p>Firma Crown Moving Co Inc mia\u0142a siedzib\u0119 w <a href=\"https:\/\/moverdb.com\/pl\/przeprowadzka-do-seattle\/\">Seattle<\/a> i oferowa\u0142a swoim klientom r\u00f3\u017cnorodne us\u0142ugi. Poni\u017cej przedstawiamy ich list\u0119 wraz z profilem firmy i opiniami.<\/p>\n<p><strong>Przeprowadzki mi\u0119dzynarodowe<\/strong><\/p>\n<p>Us\u0142ugi przed przydzieleniem<\/p>\n<ul>\n<li> Us\u0142ugi wizowe i imigracyjne<\/li>\n<li> Wycieczka wst\u0119pna i orientacja w terenie<\/li>\n<li> Informacje o kraju i kulturze<\/li>\n<\/ul>\n<p>Us\u0142ugi przeprowadzkowe<\/p>\n<ul>\n<li> Planowanie przed przeprowadzk\u0105<\/li>\n<li> Transport rzeczy<\/li>\n<li> Zarz\u0105dzanie przeprowadzk\u0105<\/li>\n<li> \u015aledzenie przesy\u0142ek<\/li>\n<\/ul>\n<p>Us\u0142ugi dla miejsc przeznaczenia w skali mi\u0119dzynarodowej<\/p>\n<ul>\n<li> Szkolenia kulturowe i j\u0119zykowe<\/li>\n<li> Pomoc szkolna<\/li>\n<li> Wsparcie partnera\/ma\u0142\u017conka<\/li>\n<li> Przyj\u0119cie do s\u0142u\u017cby<\/li>\n<li> Pomoc przy wyje\u017adzie<\/li>\n<\/ul>\n<p>Us\u0142ugi ochrony<\/p>\n<ul>\n<li> Mno\u017cnik wagowy<\/li>\n<li> Zapasy o du\u017cej warto\u015bci<\/li>\n<li> Inwentaryzacja wyceniona wed\u0142ug pozycji<\/li>\n<\/ul>\n<p>Pomoc mieszkaniowa<\/p>\n<ul>\n<li> Us\u0142ugi poszukiwania domu<\/li>\n<li> Zakwaterowanie tymczasowe<\/li>\n<li> Zarz\u0105dzanie nieruchomo\u015bciami i najmem<\/li>\n<\/ul>\n<p><strong>Przeprowadzki lokalne i na du\u017ce odleg\u0142o\u015bci<\/strong><\/p>\n<ul>\n<li> Osobisty mened\u017cer ds. przeprowadzek<\/li>\n<li> Us\u0142uga \"od drzwi do drzwi\".<\/li>\n<li> Pakowanie z pe\u0142nym zakresem us\u0142ug, pakowanie delikatne lub samodzielne<\/li>\n<li> Demonta\u017c i ponowny monta\u017c mebli<\/li>\n<li> Us\u0142uga rozpakowywania<\/li>\n<li> Ustalone ubezpieczenie<\/li>\n<li> Przechowywanie kr\u00f3tko- i d\u0142ugoterminowe<\/li>\n<\/ul>\n<p><strong>Targi i wystawy biurowe, przemys\u0142owe i bran\u017cowe<\/strong><\/p>\n<ul>\n<li> Osobisty doradca ds. przeprowadzek<\/li>\n<li> Planowanie precyzyjne<\/li>\n<li> Od drzwi do drzwi<\/li>\n<li> Pakowanie<\/li>\n<li> Przeprowadzki po godzinach pracy i w weekendy<\/li>\n<li> Demonta\u017c i ponowny monta\u017c mebli<\/li>\n<li> Rozpakowywanie<\/li>\n<li> Usuwanie i instalacja sprz\u0119tu informatycznego<\/li>\n<li> Przechowywanie d\u0142ugo- i kr\u00f3tkoterminowe<\/li>\n<\/ul>\n<p><strong>Przechowywanie<\/strong><\/p>\n<ul>\n<li> D\u0142ugo- i kr\u00f3tkoterminowe<\/li>\n<li> Przechowywanie dokumentacji w kontrolowanej temperaturze<\/li>\n<li> CA\u0141ODOBOWA TELEWIZJA PRZEMYS\u0141OWA<\/li>\n<li> Ochrona przeciwpo\u017carowa<\/li>\n<\/ul>\n<h2>Profil firmy Crown Moving Co Inc<\/h2>\n<p><em><strong>Uwaga<\/strong>: Firma Crown Moving Co Inc zosta\u0142a zamkni\u0119ta. Zalecaj\u0105 oni swoim klientom korzystanie z us\u0142ug: <a href=\"https:\/\/moverdb.com\/pl\/bekins-van-lines\/\">Bekins Northwest<\/a> zamiast.<\/em><\/p>\n<p>Firma Crown Moving Co Inc rozpocz\u0119\u0142a dzia\u0142alno\u015b\u0107 w 1967 r. i mia\u0142a siedzib\u0119 w <a href=\"https:\/\/moverdb.com\/pl\/moving-to-seattle\/\" data-internallinksmanager029f6b8e52c=\"65\" title=\"Przeprowadzasz si\u0119 do Seattle? 2026 Koszty utrzymania i wskaz\u00f3wki dotycz\u0105ce przeprowadzki\">Seattle<\/a>Waszyngton. W 1978 r. firma zosta\u0142a wykupiona i otwarto nowe biura w Moses Lake i Spokane. <\/p>\n<p>Firma Crown Moving zosta\u0142a agentem <a href=\"https:\/\/moverdb.com\/pl\/mayflower-transit\/\">Mayflower<\/a> w 1982 r., a wi\u0119c maj\u0105 do dyspozycji ca\u0142\u0105 wiedz\u0119 Mayflower, jak r\u00f3wnie\u017c w\u0142asn\u0105. Firma ta by\u0142a najwi\u0119kszym agentem Mayflower w Waszyngtonie.<\/p>\n<p>Firma Crown Moving Co Inc posiada\u0142a nast\u0119puj\u0105ce akredytacje i powi\u0105zania:<\/p>\n<ul>\n<li> <a href=\"https:\/\/moverdb.com\/pl\/amsa\/\">Ameryka\u0144skie Stowarzyszenie Przedsi\u0119biorc\u00f3w Przeprowadzkowych<\/a> (<a href=\"https:\/\/moverdb.com\/pl\/amsa\/\" data-internallinksmanager029f6b8e52c=\"5\" title=\"Ameryka\u0144skie Stowarzyszenie Przeprowadzek i Magazynowania (AMSA) - obja\u015bnienia\">AMSA<\/a>)<\/li>\n<li> Better Business Bureau (BBB)<\/li>\n<\/ul>\n<p><strong>Crown Moving Co Inc Reviews<\/strong><\/p>\n<p><strong>Pozytywne:<\/strong><\/p>\n<ul>\n<li> <em>\"Od razu zacz\u0119li\u015bmy rozmawia\u0107 o najwa\u017cniejszych przedmiotach, kt\u00f3re musia\u0142y by\u0107 przewiezione ze szczeg\u00f3ln\u0105 uwag\u0105\".<\/em> Jackie R przez <a href=\"https:\/\/www.yelp.com\/biz\/crown-moving-co-seattle-2?hrid=jSdhPA7gxsSt8Syf1zSn4w&#038;utm_campaign=www_review_share_popup&#038;utm_medium=copy_link&#038;utm_source=(direct)\" target=\"_blank\" rel=\"noopener\">Yelp<\/a><\/li>\n<li> <em>\"Korona zako\u0144czy\u0142a moj\u0105 zmian\u0119 miejsca pobytu na polecenie wojska\". <\/em> Timothy M przez <a href=\"https:\/\/www.bbb.org\/\" target=\"_blank\" rel=\"noopener\">BBB<\/a><\/li>\n<\/ul>\n<p><strong>Negatywny:<\/strong><\/p>\n<ul>\n<li> <em>\"Moje do\u015bwiadczenie z firm\u0105 Crown Moving by\u0142o jednym z tych, o kt\u00f3rych mam nadziej\u0119, \u017ce szybko zapomn\u0119\".<\/em> - Rob D. via <a href=\"https:\/\/www.yelp.com\/biz\/crown-moving-co-seattle-2?hrid=i13sBXhBe0pzOXO2FJYCQQ&#038;utm_campaign=www_review_share_popup&#038;utm_medium=copy_link&#038;utm_source=(direct)\" target=\"_blank\" rel=\"noopener\">Yelp<\/a><\/li>\n<\/ul>\n<div itemprop=\"review\" itemscope itemtype=\"http:\/\/schema.org\/Review\">\n<span itemprop=\"author\" itemscope=\"\" itemtype=\"http:\/\/schema.org\/Organization\"><span itemprop=\"name\">MoverDB.com<\/span><\/span> Przegl\u0105d stron internetowych dla <span itemprop=\"itemreviewed\" itemscope=\"\" itemtype=\"http:\/\/schema.org\/Brand\"><span itemprop=\"name\">Crown Moving Co Inc<\/span><\/span>:<\/p>\n<ol>\n<li> Przejrzyste dane kontaktowe na stronie internetowej (w tym numer telefonu): <strong>Tak<\/strong><\/li>\n<li> \u0141atwe do uzyskania <a href=\"https:\/\/moverdb.com\/pl\/cytaty\/\">oferty na przeprowadzki mi\u0119dzynarodowe<\/a>? (formularz wniosku o wycen\u0119 online): <strong>Tak<\/strong><\/li>\n<li> Przejrzyste informacje na stronie internetowej: <strong>Nr<\/strong><\/li>\n<li> Cz\u0142onkostwo w uznanych mi\u0119dzynarodowych organizacjach zajmuj\u0105cych si\u0119 przemieszczaniem: <strong>Tak<\/strong>, (patrz wy\u017cej)<\/li>\n<li> Lista klient\u00f3w i\/lub referencje poprzednich klient\u00f3w. <strong>Nie dotyczy,<\/strong> poniewa\u017c firma nie prowadzi ju\u017c dzia\u0142alno\u015bci.<\/li>\n<\/ol>\n<div itemprop=\"reviewRating\" itemscope itemtype=\"http:\/\/schema.org\/Rating\"><meta itemprop=\"worstRating\" content = \"0\" \/><meta itemprop=\"bestRating\" content=\"5\" \/><meta itemprop=\"ratingValue\" content=\"4\"><\/div>\n<p><strong>Ocena og\u00f3lna: 4\/5<\/strong><br \/>\n<strong>Data przegl\u0105du:<\/strong> <span itemprop=\"datePublished\" content=\"2017-07-04\">04\/07\/2017<\/span>\n<\/div>\n<p>Czytaj wi\u0119cej o <a href=\"https:\/\/moverdb.com\/pl\/firmy-przeprowadzkowe\/\">firmy zajmuj\u0105ce si\u0119 przeprowadzkami mi\u0119dzynarodowymi<\/a>, <a href=\"https:\/\/moverdb.com\/pl\/usa-kanada-movers\/\">firmy zajmuj\u0105ce si\u0119 przeprowadzkami krajowymi<\/a> i nasze <a href=\"https:\/\/moverdb.com\/pl\/recenzje\/\">obja\u015bnienie procesu przegl\u0105du<\/a>.<\/p>\n<p><strong>Strona internetowa:<\/strong> <a href=\"http:\/\/www.crownmoving.com\/\" target=\"_blank\" rel=\"noopener\">http:\/\/www.crownmoving.com\/<\/a><\/p>","protected":false},"excerpt":{"rendered":"<p>Crown Moving Co Inc was based in Seattle and offered its customers a variety of services. These are listed below together with a company profile and reviews. International Moves Pre-assignment Services Visa and immigration services Preview trip and area orientation Country and culture information Moving Services Pre-move planning Transportation of belongings Managing the move Shipment [&hellip;]<\/p>\n","protected":false},"author":1,"featured_media":0,"parent":0,"menu_order":0,"comment_status":"closed","ping_status":"closed","template":"","meta":{"_genesis_hide_title":false,"_genesis_hide_breadcrumbs":false,"_genesis_hide_singular_image":false,"_genesis_hide_footer_widgets":false,"_genesis_custom_body_class":"","_genesis_custom_post_class":"","_genesis_layout":"","footnotes":""},"class_list":{"0":"post-1642","1":"page","2":"type-page","3":"status-publish","5":"entry"},"_links":{"self":[{"href":"https:\/\/moverdb.com\/pl\/wp-json\/wp\/v2\/pages\/1642","targetHints":{"allow":["GET"]}}],"collection":[{"href":"https:\/\/moverdb.com\/pl\/wp-json\/wp\/v2\/pages"}],"about":[{"href":"https:\/\/moverdb.com\/pl\/wp-json\/wp\/v2\/types\/page"}],"author":[{"embeddable":true,"href":"https:\/\/moverdb.com\/pl\/wp-json\/wp\/v2\/users\/1"}],"replies":[{"embeddable":true,"href":"https:\/\/moverdb.com\/pl\/wp-json\/wp\/v2\/comments?post=1642"}],"version-history":[{"count":5,"href":"https:\/\/moverdb.com\/pl\/wp-json\/wp\/v2\/pages\/1642\/revisions"}],"predecessor-version":[{"id":6198,"href":"https:\/\/moverdb.com\/pl\/wp-json\/wp\/v2\/pages\/1642\/revisions\/6198"}],"wp:attachment":[{"href":"https:\/\/moverdb.com\/pl\/wp-json\/wp\/v2\/media?parent=1642"}],"curies":[{"name":"wp","href":"https:\/\/api.w.org\/{rel}","templated":true}]}}