{"id":1640,"date":"2017-02-01T15:26:12","date_gmt":"2017-02-01T15:26:12","guid":{"rendered":"http:\/\/moverdb.com\/?page_id=1640"},"modified":"2026-01-08T14:48:08","modified_gmt":"2026-01-08T14:48:08","slug":"relokacje-korony","status":"publish","type":"page","link":"https:\/\/moverdb.com\/pl\/crown-relocations\/","title":{"rendered":"Firma Crown Relocations - International Moving Reviews"},"content":{"rendered":"<p>Crown Relocations ma swoj\u0105 siedzib\u0119 w <a href=\"https:\/\/moverdb.com\/pl\/moving-to-hong-kong\/\" data-internallinksmanager029f6b8e52c=\"350\" title=\"Przeprowadzka do Hongkongu? Koszty \u017cycia i wskaz\u00f3wki dotycz\u0105ce przeprowadzki w 2023 r.\">Hongkong<\/a>. Oferuje swoim klientom szereg us\u0142ug relokacyjnych i przeprowadzkowych, kt\u00f3re s\u0105 wymienione poni\u017cej, wraz z profilem firmy i recenzjami.<\/p>\n<p><strong>Przeprowadzki mi\u0119dzynarodowe<\/strong><\/p>\n<ul>\n<li> Zindywidualizowana obs\u0142uga<\/li>\n<li> Us\u0142uga \"od drzwi do drzwi\".<\/li>\n<li> Pakowanie - zr\u00f3b to sam, wybrane przedmioty lub pe\u0142na us\u0142uga<\/li>\n<li> Przechowywanie - kr\u00f3tko- i d\u0142ugoterminowe<\/li>\n<li> Narz\u0119dzia do \u015bledzenia online<\/li>\n<li> Przenoszenie zwierz\u0105t domowych<\/li>\n<li> Us\u0142ugi imigracyjne<\/li>\n<li> Szkolenie mi\u0119dzykulturowe<\/li>\n<li> Szkolenia j\u0119zykowe<\/li>\n<li> Us\u0142ugi zwi\u0105zane ze sprzeda\u017c\u0105 dom\u00f3w<\/li>\n<li> Zarz\u0105dzanie nieruchomo\u015bciami<\/li>\n<li> Podgl\u0105d us\u0142ug zwi\u0105zanych z wycieczkami<\/li>\n<li> Pomoc w znalezieniu domu<\/li>\n<li> Poszukiwanie szko\u0142y<\/li>\n<li> Orientacja po przyje\u017adzie<\/li>\n<li> Wsparcie kariery zawodowej partner\u00f3w<\/li>\n<li> Us\u0142ugi r\u0119kodzielnicze i pomoc domowa<\/li>\n<li> Wynajem mebli<\/li>\n<li> Wsparcie w trakcie realizacji zadania<\/li>\n<\/ul>\n<p><strong>Przeprowadzki lokalne i na du\u017ce odleg\u0142o\u015bci<\/strong><\/p>\n<ul>\n<li> Zindywidualizowana obs\u0142uga<\/li>\n<li> Us\u0142uga \"od drzwi do drzwi\".<\/li>\n<li> Pe\u0142na obs\u0142uga pakowania, pakowanie delikatnych przedmiot\u00f3w lub majsterkowanie<\/li>\n<li> Us\u0142uga rozpakowywania<\/li>\n<li> Usuwanie gruzu<\/li>\n<li> Przenoszenie zwierz\u0105t domowych<\/li>\n<li> Mo\u017cliwo\u015b\u0107 magazynowania d\u0142ugo- i kr\u00f3tkoterminowego<\/li>\n<li> Ubezpieczenia<\/li>\n<\/ul>\n<h2>Profil firmy Crown Relocations<\/h2>\n<p>Crown Relocations jest cz\u0119\u015bci\u0105 Crown Worldwide Group, kt\u00f3ra ma swoj\u0105 siedzib\u0119 w Hongkongu. James E Thompson za\u0142o\u017cy\u0142 grup\u0119 w 1965 roku mieszkaj\u0105c w Jokohamie, <a href=\"https:\/\/moverdb.com\/pl\/moving-to-japan\/\" data-internallinksmanager029f6b8e52c=\"342\" title=\"Przeprowadzka do Japonii? Koszty \u017cycia i wskaz\u00f3wki dotycz\u0105ce relokacji w 2023 r.\">Japonia<\/a>. Zacz\u0105\u0142 od $1,000 i dosta\u0142 kontrakt z <a href=\"https:\/\/moverdb.com\/pl\/moving-to-the-united-states\/\" data-internallinksmanager029f6b8e52c=\"94\" title=\"Przeprowadzasz si\u0119 do Stan\u00f3w Zjednoczonych? 2026 Koszty \u017cycia i wskaz\u00f3wki dotycz\u0105ce przeprowadzki\">USA<\/a> do przemieszczania personelu do i z Japonii. <\/p>\n<p>Thompson jest nadal dyrektorem generalnym grupy, a w 1978 r. przeni\u00f3s\u0142 siebie i siedzib\u0119 firmy do Hongkongu. Obecnie firma ma ponad 265 biur w 58 krajach na ca\u0142ym \u015bwiecie i zatrudnia ponad 3100 pracownik\u00f3w 70 r\u00f3\u017cnych narodowo\u015bci. Crown Relocations przeprowadza \u015brednio 120 000 przeprowadzek rocznie i dysponuje powierzchni\u0105 magazynow\u0105 o wielko\u015bci oko\u0142o 3,4 mln st\u00f3p kwadratowych.<\/p>\n<p>Firma Crown Relocations korzysta z bogatego do\u015bwiadczenia grupy Crown i przeprowadza ludzi na ca\u0142ym \u015bwiecie, pomagaj\u0105c im na ka\u017cdym kroku. Chodzi o to, aby zminimalizowa\u0107 zamieszanie i umo\u017cliwi\u0107 pracownikom firm i osobom prywatnym szybkie przystosowanie si\u0119 do nowego \u017cycia.<\/p>\n<p>Firma Crown Relocation Services posiada nast\u0119puj\u0105ce akredytacje i przynale\u017cno\u015bci: -<\/p>\n<ul>\n<li> ISO 9001:2008<\/li>\n<li> <a href=\"https:\/\/moverdb.com\/pl\/jestem\/\">Mi\u0119dzynarodowe Stowarzyszenie Przewo\u017anik\u00f3w<\/a> (<a href=\"https:\/\/moverdb.com\/pl\/iam\/\" data-internallinksmanager029f6b8e52c=\"23\" title=\"Mi\u0119dzynarodowe Stowarzyszenie Przewo\u017anik\u00f3w (IAM) - obja\u015bnienia\">IAM<\/a>)<\/li>\n<\/ul>\n<h2>Firma Crown Relocations Reviews<\/h2>\n<p><strong>Pozytywne:<\/strong><\/p>\n<ul>\n<li> <em>\"Byli\u015bmy ca\u0142kowicie przyt\u0142oczeni profesjonalnym, przyjaznym i kompetentnym sposobem, w jaki ca\u0142y proces zosta\u0142 dla nas przeprowadzony, absolutnie wspania\u0142y od pocz\u0105tku do ko\u0144ca!\"<\/em> - Pan G. i Pani J. Webb przez <a href=\"https:\/\/www.crownrelo.com\/intl\/en-gb\/page\/testimonials\" target=\"_blank\" rel=\"noopener\">strona z referencjami firmy<\/a><\/li>\n<li> <em>\"Jeste\u015bmy bardzo zadowoleni z us\u0142ug firmy Crown i poleciliby\u015bmy j\u0105 ka\u017cdemu\".<\/em> - Phuc Do via <a href=\"http:\/\/www.productreview.com.au\/p\/crown-relocations-australia.html?rating=5#reviews\" target=\"_blank\" rel=\"noopener\">ProductReview.com.au<\/a><\/li>\n<li> <em>\"Przyjaciel poleci\u0142 nam firm\u0119 Crown do naszej przeprowadzki z Doha, us\u0142ugi by\u0142y doskona\u0142e\".<\/em> - Hilary via <a href=\"https:\/\/www.facebook.com\/pg\/CrownRelocations\/reviews\/\" target=\"_blank\" rel=\"noopener\">Strona na Facebooku<\/a><\/li>\n<li> <em>\"Ci ludzie byli wspaniali. Przyjechali na czas i by\u0142em zaskoczony, jak szybko si\u0119 uwin\u0119li\".<\/em> - Yana via <a href=\"https:\/\/www.yelp.com\/biz\/crown-relocations-mililani?hrid=gPhaBuTV20YimRwN7q4Wyw&#038;utm_campaign=www_review_share_popup&#038;utm_medium=copy_link&#038;utm_source=(direct)\" target=\"_blank\" rel=\"noopener\">Yelp<\/a><\/li>\n<\/ul>\n<p><strong>Negatywny:<\/strong><\/p>\n<ul>\n<li> <em>\"Najgorsza firma, z jak\u0105 kiedykolwiek mia\u0142em do czynienia. Nie maj\u0105 uczciwo\u015bci i nie bior\u0105 na siebie odpowiedzialno\u015bci za szkody, kt\u00f3re wyrz\u0105dzili w moim domu\".<\/em> - Benjamin przez <a href=\"https:\/\/www.yelp.com\/biz\/crown-relocations-mililani?hrid=R9s-xC375R-HSBYSZZI_ag&#038;utm_campaign=www_review_share_popup&#038;utm_medium=copy_link&#038;utm_source=(direct)\" target=\"_blank\" rel=\"noopener\">Yelp<\/a><\/li>\n<li> <em>\"Mieli\u015bmy ogromne uszkodzenia spowodowane wy\u0142\u0105cznie nieostro\u017cnym pakowaniem. Odpowied\u017a na nasze liczne e-maile zaj\u0119\u0142a kilka tygodni, a oni przyznali, \u017ce przyczyn\u0105 by\u0142o niedba\u0142e pakowanie\".<\/em> - El\u017cbieta przez <a href=\"https:\/\/www.facebook.com\/pg\/CrownRelocations\/reviews\/\" target=\"_blank\" rel=\"noopener\">Strona na Facebooku<\/a><\/li>\n<li> \"Okropne. Drogie i niedba\u0142e. Personel nie odpowiada szybko na pytania\" - LillithQ via <a href=\"http:\/\/www.productreview.com.au\/p\/crown-relocations-australia.html?rating=1#reviews\" target=\"_blank\" rel=\"noopener\">ProductReview.com.au<\/a><\/li>\n<\/ul>\n<div itemprop=\"review\" itemscope itemtype=\"http:\/\/schema.org\/Review\">\n<span itemprop=\"author\" itemscope=\"\" itemtype=\"http:\/\/schema.org\/Organization\"><span itemprop=\"name\">MoverDB.com<\/span><\/span> Przegl\u0105d stron internetowych dla <span itemprop=\"itemreviewed\" itemscope=\"\" itemtype=\"http:\/\/schema.org\/Brand\"><span itemprop=\"name\">Przeprowadzki Crown<\/span><\/span>:<\/p>\n<ol>\n<li> Przejrzyste dane kontaktowe na stronie internetowej (w tym numer telefonu): <strong>Tak<\/strong><\/li>\n<li> \u0141atwe do uzyskania <a href=\"https:\/\/moverdb.com\/pl\/cytaty\/\">oferty na przeprowadzki mi\u0119dzynarodowe<\/a>? (formularz wniosku o wycen\u0119 online): <strong>Tak<\/strong><\/li>\n<li> Przejrzyste informacje na stronie internetowej: <strong>Tak.<\/strong> Na stronie internetowej w przejrzysty spos\u00f3b przedstawiono wszystkie oferowane us\u0142ugi oraz zamieszczono przewodniki po miejscach docelowych.<\/li>\n<li> Cz\u0142onkostwo w uznanych mi\u0119dzynarodowych organizacjach zajmuj\u0105cych si\u0119 przemieszczaniem: <strong>Tak<\/strong>, (patrz wy\u017cej)<\/li>\n<li> Lista klient\u00f3w i\/lub referencje poprzednich klient\u00f3w. <strong>Tak,<\/strong> Maj\u0105 stron\u0119 z referencjami, a recenzje z ca\u0142ego internetu wydaj\u0105 si\u0119 by\u0107 pozytywne.<\/li>\n<\/ol>\n<div itemprop=\"reviewRating\" itemscope itemtype=\"http:\/\/schema.org\/Rating\"><meta itemprop=\"worstRating\" content = \"0\" \/><meta itemprop=\"bestRating\" content=\"5\" \/><meta itemprop=\"ratingValue\" content=\"5\"><\/div>\n<p><strong>Og\u00f3lna ocena: 5\/5<\/strong><br \/>\n<strong>Data przegl\u0105du:<\/strong> <span itemprop=\"datePublished\" content=\"2017-02-01\">01\/02\/2017<\/span>\n<\/div>\n<p>Czytaj wi\u0119cej o <a href=\"https:\/\/moverdb.com\/pl\/firmy-przeprowadzkowe\/\">firmy zajmuj\u0105ce si\u0119 przeprowadzkami mi\u0119dzynarodowymi<\/a> i nasze <a href=\"https:\/\/moverdb.com\/pl\/recenzje\/\">proces przegl\u0105du<\/a>.<\/p>\n<p><strong>Strony internetowe:<\/strong> <a href=\"https:\/\/www.crownrelo.com\/\" target=\"_blank\" rel=\"noopener\">https:\/\/www.crownrelo.com\/<\/a>; USA: <a href=\"https:\/\/www.crownworldwide.com\/en-us\" rel=\"noopener\" target=\"_blank\">https:\/\/www.crownworldwide.com\/en-us<\/a><\/p>","protected":false},"excerpt":{"rendered":"<p>Crown Relocations has its headquarters in Hong Kong. It offers its customers a range of relocation and moving services and these are listed below, together with a company profile and reviews. International Relocation Personalised service Door to door service Packing &#8211; do it yourself, selected items or full service Storage &#8211; short and long term [&hellip;]<\/p>\n","protected":false},"author":1,"featured_media":0,"parent":0,"menu_order":0,"comment_status":"closed","ping_status":"closed","template":"","meta":{"_genesis_hide_title":false,"_genesis_hide_breadcrumbs":false,"_genesis_hide_singular_image":false,"_genesis_hide_footer_widgets":false,"_genesis_custom_body_class":"","_genesis_custom_post_class":"","_genesis_layout":"","footnotes":""},"class_list":{"0":"post-1640","1":"page","2":"type-page","3":"status-publish","5":"entry"},"_links":{"self":[{"href":"https:\/\/moverdb.com\/pl\/wp-json\/wp\/v2\/pages\/1640","targetHints":{"allow":["GET"]}}],"collection":[{"href":"https:\/\/moverdb.com\/pl\/wp-json\/wp\/v2\/pages"}],"about":[{"href":"https:\/\/moverdb.com\/pl\/wp-json\/wp\/v2\/types\/page"}],"author":[{"embeddable":true,"href":"https:\/\/moverdb.com\/pl\/wp-json\/wp\/v2\/users\/1"}],"replies":[{"embeddable":true,"href":"https:\/\/moverdb.com\/pl\/wp-json\/wp\/v2\/comments?post=1640"}],"version-history":[{"count":6,"href":"https:\/\/moverdb.com\/pl\/wp-json\/wp\/v2\/pages\/1640\/revisions"}],"predecessor-version":[{"id":6199,"href":"https:\/\/moverdb.com\/pl\/wp-json\/wp\/v2\/pages\/1640\/revisions\/6199"}],"wp:attachment":[{"href":"https:\/\/moverdb.com\/pl\/wp-json\/wp\/v2\/media?parent=1640"}],"curies":[{"name":"wp","href":"https:\/\/api.w.org\/{rel}","templated":true}]}}