{"id":1628,"date":"2017-04-24T11:01:52","date_gmt":"2017-04-24T11:01:52","guid":{"rendered":"http:\/\/moverdb.com\/?page_id=1628"},"modified":"2026-01-08T14:48:18","modified_gmt":"2026-01-08T14:48:18","slug":"evergreen-marine","status":"publish","type":"page","link":"https:\/\/moverdb.com\/pl\/evergreen-marine\/","title":{"rendered":"Evergreen Marine (Line) - Us\u0142ugi i recenzje dotycz\u0105ce \u017ceglugi mi\u0119dzynarodowej"},"content":{"rendered":"<p>Evergreen Marine, znana r\u00f3wnie\u017c jako Evergreen Line, to tajwa\u0144ska firma zajmuj\u0105ca si\u0119 transportem kontenerowym i <a href=\"https:\/\/moverdb.com\/pl\/shipping-companies\/\" data-internallinksmanager029f6b8e52c=\"4\" title=\"10 najlepszych firm zajmuj\u0105cych si\u0119 mi\u0119dzynarodow\u0105 \u017ceglug\u0105 kontenerow\u0105\">przedsi\u0119biorstwo spedycyjne<\/a>. Oferuje swoim klientom szeroki wachlarz us\u0142ug. S\u0105 one wymienione poni\u017cej wraz z profilem firmy i opiniami.<\/p>\n<h3>Wysy\u0142ka mi\u0119dzynarodowa<\/h3>\n<p><strong>Us\u0142uga kompleksowa<\/strong><\/p>\n<ul>\n<li> Przegl\u0105d przesy\u0142ek<\/li>\n<li> Rezerwacja<\/li>\n<li> B\/L instrukcja<\/li>\n<li> Korekta B\/L<\/li>\n<li> <a href=\"https:\/\/moverdb.com\/pl\/moving-to-the-united-states\/\" data-internallinksmanager029f6b8e52c=\"94\" title=\"Przeprowadzasz si\u0119 do Stan\u00f3w Zjednoczonych? 2026 Koszty \u017cycia i wskaz\u00f3wki dotycz\u0105ce przeprowadzki\">USA<\/a> sk\u0142adanie zabezpiecze\u0144 przez importera (ISF)<\/li>\n<\/ul>\n<p><strong>Us\u0142ugi intermodalne<\/strong><\/p>\n<ul>\n<li> Dostawa od drzwi do drzwi<\/li>\n<li> Morze, rzeka, droga i kolej<\/li>\n<\/ul>\n<p><strong>Kontenery do przewozu \u0142adunk\u00f3w suchych<\/strong><\/p>\n<ul>\n<li> Specjalnie wyznaczona osoba odpowiedzialna za sprzeda\u017c<\/li>\n<li> Stalowy kontener 20' do przewozu \u0142adunk\u00f3w suchych<\/li>\n<li> Stalowy kontener 40' do przewozu \u0142adunk\u00f3w suchych<\/li>\n<li> Kontener 40' Hi-Cube do przewozu \u0142adunk\u00f3w suchych<\/li>\n<li> 45\u2032 kontener Hi-Cube do przewozu \u0142adunk\u00f3w suchych<\/li>\n<\/ul>\n<p><strong>Kontener ch\u0142odniczy<\/strong><\/p>\n<ul>\n<li> Pojemnik ch\u0142odniczy 20' MGSS<\/li>\n<li> Pojemnik ch\u0142odniczy aluminiowy 20'<\/li>\n<li> Pojemnik ch\u0142odniczy Hi-Cube 40\u2032<\/li>\n<li> Aluminiowy kontener ch\u0142odniczy 40' Hi-Cube<\/li>\n<\/ul>\n<p><strong>Pojemnik specjalny<\/strong><\/p>\n<ul>\n<li> 20\u2032 pojemnik o pe\u0142nej wysoko\u015bci z otwart\u0105 pokryw\u0105<\/li>\n<li> Pojemnik na p\u0142askie stojaki 20' z czterema wolnostoj\u0105cymi s\u0142upkami<\/li>\n<li> 20\u2032 p\u0142aski pojemnik stela\u017cowy ze sk\u0142adan\u0105 ko\u0144c\u00f3wk\u0105<\/li>\n<li> 40\u2032 p\u0142aski kontener rega\u0142owy z czterema wolnostoj\u0105cymi s\u0142upkami<\/li>\n<li> 40\u2032 p\u0142aski pojemnik rega\u0142owy ze sk\u0142adan\u0105 ko\u0144c\u00f3wk\u0105<\/li>\n<li> Pojemnik o pe\u0142nej wysoko\u015bci 40' z otwart\u0105 pokryw\u0105<\/li>\n<li> Kontener hangarowy 40' Hi-cube<\/li>\n<\/ul>\n<h2>Profil firmy Evergreen Marine<\/h2>\n<p>Pierwsza sp\u00f3\u0142ka Grupy Evergreen, Evergreen Marine Corporation, zosta\u0142a za\u0142o\u017cona na Tajwanie w dniu 1 wrze\u015bnia 2010 roku.<sup>st<\/sup> Wrzesie\u0144 1968 r. przez dr Yung-Fa Changa z jednym u\u017cywanym statkiem towarowym. Evergreen rozpocz\u0105\u0142 dzia\u0142alno\u015b\u0107 <a href=\"https:\/\/moverdb.com\/pl\/container-shipping\/\" data-internallinksmanager029f6b8e52c=\"3\" title=\"Wykres stawek mi\u0119dzynarodowego transportu kontenerowego: Kwiecie\u0144 2026 r.\">spedycja kontenerowa<\/a> W 1975 r. firma sta\u0142a si\u0119 najwi\u0119ksz\u0105 na \u015bwiecie firm\u0105 zajmuj\u0105c\u0105 si\u0119 przewozami kontenerowymi.<\/p>\n<p>Obecnie dzia\u0142a pod mark\u0105 \"Evergreen Line\", wraz z Evergreen Marine Corp. (Taiwan) Ltd., Evergreen Marine (<a href=\"https:\/\/moverdb.com\/pl\/moving-to-the-uk\/\" data-internallinksmanager029f6b8e52c=\"93\" title=\"Przeprowadzasz si\u0119 do Wielkiej Brytanii? 2026 Koszty \u017cycia i wskaz\u00f3wki dotycz\u0105ce przeprowadzki\">UK<\/a>) Ltd., Evergreen Marine (<a href=\"https:\/\/moverdb.com\/pl\/moving-to-hong-kong\/\" data-internallinksmanager029f6b8e52c=\"350\" title=\"Przeprowadzka do Hongkongu? Koszty \u017cycia i wskaz\u00f3wki dotycz\u0105ce przeprowadzki w 2023 r.\">Hongkong<\/a>) Ltd., Italia Marittima S.p.A. i Evergreen Marine (<a href=\"https:\/\/moverdb.com\/pl\/moving-to-singapore\/\" data-internallinksmanager029f6b8e52c=\"68\" title=\"Przeprowadzasz si\u0119 do Singapuru? 2026 Koszty utrzymania i wskaz\u00f3wki dotycz\u0105ce przeprowadzki\">Singapur<\/a>) Pte Ltd.<\/p>\n<p>Evergreen dotrzymuje kroku swojej nazwie, a jego najwi\u0119ksze statki to jednostki serii S o pojemno\u015bci 7024 TEU, kt\u00f3re zosta\u0142y zaprojektowane tak, aby wywiera\u0107 jak najmniejszy wp\u0142yw na \u015brodowisko.<\/p>\n<p>Evergreen Marine posiada nast\u0119puj\u0105ce akredytacje i przynale\u017cno\u015bci:<\/p>\n<ul>\n<li> ISO 9001 2000<\/li>\n<li> ISO 9002<\/li>\n<li> Mi\u0119dzynarodowe Zarz\u0105dzanie Bezpiecze\u0144stwem (ISM)<\/li>\n<li> SOLAS<\/li>\n<li> OPA90<\/li>\n<li> IMDG<\/li>\n<li> <a href=\"https:\/\/moverdb.com\/pl\/swiatowa-rada-ds-przeladunku\/\">\u015awiatowa Rada \u017beglugi<\/a> (<a href=\"https:\/\/moverdb.com\/pl\/world-shipping-council\/\" data-internallinksmanager029f6b8e52c=\"82\" title=\"\u015awiatowa Rada \u017beglugi (WSC) - obja\u015bnienia\">M\u015a<\/a>)<\/li>\n<li> Pomiar gaz\u00f3w cieplarnianych w regionie Pacyfiku (PGGM)<\/li>\n<\/ul>\n<h2>Evergreen Marine Reviews<\/h2>\n<p>W momencie publikacji nie uda\u0142o nam si\u0119 znale\u017a\u0107 \u017cadnych pozytywnych ani negatywnych opinii na temat Evergreen Marine lub linii Evergreen w Internecie.<\/p>\n<div itemprop=\"review\" itemscope itemtype=\"http:\/\/schema.org\/Review\">\n<strong><span itemprop=\"author\" itemscope=\"\" itemtype=\"http:\/\/schema.org\/Organization\"><span itemprop=\"name\">MoverDB.com<\/span><\/span> Przegl\u0105d stron internetowych dla <span itemprop=\"itemreviewed\" itemscope=\"\" itemtype=\"http:\/\/schema.org\/Brand\"><span itemprop=\"name\">Evergreen Marine<\/span><\/span>:<\/strong><\/p>\n<ol>\n<li> Przejrzyste dane kontaktowe na stronie internetowej (w tym numer telefonu): <strong>Tak<\/strong><\/li>\n<li> Jak \u0142atwo uzyska\u0107 wycen\u0119 wysy\u0142ki mi\u0119dzynarodowej? (Formularz zapytania o wycen\u0119 online): <strong>Tak<\/strong>mo\u017cna zam\u00f3wi\u0107 za po\u015brednictwem formularza kontaktowego.<\/li>\n<li> Przejrzyste informacje na stronie internetowej: <strong>Tak,<\/strong> na stronie internetowej znajduj\u0105 si\u0119 szczeg\u00f3\u0142owe informacje o wszystkich us\u0142ugach.<\/li>\n<li> Cz\u0142onkostwo w uznanych mi\u0119dzynarodowych organizacjach \u017ceglugowych: <strong>Tak<\/strong><\/li>\n<li> Lista klient\u00f3w i\/lub referencje poprzednich klient\u00f3w. <strong>Nie,<\/strong> na ich stronie internetowej nie ma \u017cadnych informacji na ten temat.<\/li>\n<\/ol>\n<div itemprop=\"reviewRating\" itemscope itemtype=\"http:\/\/schema.org\/Rating\"><meta itemprop=\"worstRating\" content = \"0\" \/><meta itemprop=\"bestRating\" content=\"5\" \/><meta itemprop=\"ratingValue\" content=\"4\"><\/div>\n<p><strong>Ocena og\u00f3lna: 4\/5<\/strong><br \/>\n<strong>Data przegl\u0105du:<\/strong> <span itemprop=\"datePublished\" content=\"2017-04-24\">24\/04\/2017<\/span>\n<\/div>\n<p>Wi\u0119cej na temat innych <a href=\"https:\/\/moverdb.com\/pl\/firmy-spedycyjne\/\">przedsi\u0119biorstwa \u017ceglugi kontenerowej<\/a>, <a href=\"https:\/\/moverdb.com\/pl\/przeladunek-w-kontenerach\/\">koszty mi\u0119dzynarodowej wysy\u0142ki kontenerowej<\/a> i nasze <a href=\"https:\/\/moverdb.com\/pl\/recenzje\/\">proces przegl\u0105du<\/a>.<\/p>\n<p><strong>Strony internetowe:<\/strong> <\/p>\n<ul>\n<li> <a href=\"http:\/\/www.evergreen-line.com\/\" target=\"_blank\" rel=\"noopener\">http:\/\/www.evergreen-line.com\/<\/a><\/li>\n<li> <a href=\"http:\/\/www.evergreen-marine.co.uk\/\" target=\"_blank\" rel=\"noopener\">http:\/\/www.evergreen-marine.co.uk\/<\/a><\/li>\n<li> <a href=\"http:\/\/www.evergreen-marine.com\/\" target=\"_blank\" rel=\"noopener\">http:\/\/www.evergreen-marine.com\/<\/a><\/li>\n<li> <a href=\"http:\/\/www.evergreen-marine.com.hk\/\" target=\"_blank\" rel=\"noopener\">http:\/\/www.evergreen-marine.com.hk\/<\/a><\/li>\n<li> <a href=\"http:\/\/www.evergreen-marine.com.sg\/\" target=\"_blank\" rel=\"noopener\">http:\/\/www.evergreen-marine.com.sg\/<\/a><\/li>\n<li> <a href=\"http:\/\/www.italiamarittima.it\/\" target=\"_blank\" rel=\"noopener\">http:\/\/www.italiamarittima.it\/<\/a><\/li>\n<\/ul>","protected":false},"excerpt":{"rendered":"<p>Evergreen Marine, also known as Evergreen Line, is a Taiwanese container transportation and shipping company. It offers its clients a wide array of services. These are listed below together with a company profile and reviews. International Shipping All-in-one Service Shipment overview Booking B\/L instruction B\/L proofreading US importer security filing (ISF) Intermodal Services Door to [&hellip;]<\/p>\n","protected":false},"author":1,"featured_media":0,"parent":0,"menu_order":0,"comment_status":"closed","ping_status":"closed","template":"","meta":{"_genesis_hide_title":false,"_genesis_hide_breadcrumbs":false,"_genesis_hide_singular_image":false,"_genesis_hide_footer_widgets":false,"_genesis_custom_body_class":"","_genesis_custom_post_class":"","_genesis_layout":"","footnotes":""},"class_list":{"0":"post-1628","1":"page","2":"type-page","3":"status-publish","5":"entry"},"_links":{"self":[{"href":"https:\/\/moverdb.com\/pl\/wp-json\/wp\/v2\/pages\/1628","targetHints":{"allow":["GET"]}}],"collection":[{"href":"https:\/\/moverdb.com\/pl\/wp-json\/wp\/v2\/pages"}],"about":[{"href":"https:\/\/moverdb.com\/pl\/wp-json\/wp\/v2\/types\/page"}],"author":[{"embeddable":true,"href":"https:\/\/moverdb.com\/pl\/wp-json\/wp\/v2\/users\/1"}],"replies":[{"embeddable":true,"href":"https:\/\/moverdb.com\/pl\/wp-json\/wp\/v2\/comments?post=1628"}],"version-history":[{"count":3,"href":"https:\/\/moverdb.com\/pl\/wp-json\/wp\/v2\/pages\/1628\/revisions"}],"predecessor-version":[{"id":6206,"href":"https:\/\/moverdb.com\/pl\/wp-json\/wp\/v2\/pages\/1628\/revisions\/6206"}],"wp:attachment":[{"href":"https:\/\/moverdb.com\/pl\/wp-json\/wp\/v2\/media?parent=1628"}],"curies":[{"name":"wp","href":"https:\/\/api.w.org\/{rel}","templated":true}]}}