{"id":1624,"date":"2017-02-24T09:47:42","date_gmt":"2017-02-24T09:47:42","guid":{"rendered":"http:\/\/moverdb.com\/?page_id=1624"},"modified":"2026-01-08T13:18:22","modified_gmt":"2026-01-08T13:18:22","slug":"gil-stauffer","status":"publish","type":"page","link":"https:\/\/moverdb.com\/pl\/gil-stauffer\/","title":{"rendered":"Gil Stauffer - Przeprowadzki mi\u0119dzynarodowe - opinie"},"content":{"rendered":"<p>Gil Stauffer jest Hiszpanem <a href=\"https:\/\/moverdb.com\/pl\/international-removals\/\" data-internallinksmanager029f6b8e52c=\"27\" title=\"36 najlepszych firm zajmuj\u0105cych si\u0119 przeprowadzkami mi\u0119dzynarodowymi w Wielkiej Brytanii\">przedsi\u0119biorstwo przeprowadzkowe<\/a> z siedzib\u0105 w <a href=\"https:\/\/moverdb.com\/pl\/moving-to-spain\/moving-to-madrid\/\" data-internallinksmanager029f6b8e52c=\"413\" title=\"Przeprowadzka do Madrytu? Koszty \u017cycia i wskaz\u00f3wki dotycz\u0105ce przeprowadzki w 2023 roku\">Madryt<\/a>. Firma ma wiele us\u0142ug do zaoferowania swoim klientom i s\u0105 one wymienione poni\u017cej wraz z profilem firmy i recenzjami.<\/p>\n<p><strong>Przeprowadzki mi\u0119dzynarodowe<\/strong><\/p>\n<ul>\n<li> Indywidualny plan przeprowadzki<\/li>\n<li> Od drzwi do drzwi<\/li>\n<li> Fracht morski lub lotniczy<\/li>\n<li> Pe\u0142na us\u0142uga pakowania, pakowanie cz\u0119\u015bciowe lub samodzielne pakowanie<\/li>\n<li> Demonta\u017c i ponowny monta\u017c mebli<\/li>\n<li> Dost\u0119pna us\u0142uga rozpakowywania<\/li>\n<li> Odprawa celna i pomoc w przygotowaniu dokumentacji<\/li>\n<li> Ustalone ubezpieczenie<\/li>\n<li> Mo\u017cliwo\u015b\u0107 magazynowania kr\u00f3tko- i d\u0142ugoterminowego<\/li>\n<\/ul>\n<p><strong>Przeprowadzki krajowe i lokalne<\/strong><\/p>\n<ul>\n<li> Indywidualny plan przeprowadzki<\/li>\n<li> Od drzwi do drzwi<\/li>\n<li> Pe\u0142na us\u0142uga pakowania, pakowanie cz\u0119\u015bciowe lub samodzielne pakowanie<\/li>\n<li> Dost\u0119pna us\u0142uga rozpakowywania<\/li>\n<li> Demonta\u017c i ponowny monta\u017c mebli<\/li>\n<li> Usuwanie gruzu<\/li>\n<li> Ustalone ubezpieczenie<\/li>\n<li> Mo\u017cliwo\u015b\u0107 magazynowania kr\u00f3tko- i d\u0142ugoterminowego<\/li>\n<\/ul>\n<p><strong>Przeprowadzki komercyjne<\/strong><\/p>\n<ul>\n<li> Plan logistyczny<\/li>\n<li> Przeprowadzki po godzinach pracy<\/li>\n<li> Od drzwi do drzwi<\/li>\n<li> Demonta\u017c i ponowny monta\u017c wszystkich mebli<\/li>\n<li> Usuwanie i ponowna instalacja komputera<\/li>\n<li> Usuwanie gruzu<\/li>\n<li> Przeniesienie personelu<\/li>\n<\/ul>\n<p><strong>Relokacja pracownik\u00f3w<\/strong><\/p>\n<ul>\n<li> Pozwolenia na prac\u0119<\/li>\n<li> Polowanie na dom<\/li>\n<li> Lekcje j\u0119zykowe<\/li>\n<li> Zakwaterowanie tymczasowe<\/li>\n<li> Wynajem mebli<\/li>\n<li> Poszukiwanie szko\u0142y<\/li>\n<li> Rezerwacje hotelowe<\/li>\n<li> Rachunki bankowe<\/li>\n<li> Umowy leasingu i najmu<\/li>\n<li> Umowy o \u015bwiadczenie podstawowych us\u0142ug<\/li>\n<li> Kursy z zakresu kultury i obyczaj\u00f3w<\/li>\n<\/ul>\n<p><strong>Kontenery i przechowywanie<\/strong><\/p>\n<ul>\n<li> Towary przechowywane w hermetycznie zamkni\u0119tych pojemnikach drewnianych<\/li>\n<li> Ochrona 24\/7<\/li>\n<li> Kontrola klimatu<\/li>\n<li> Pojemniki zabezpieczone przed szkodnikami<\/li>\n<li> Podj\u0119te \u015brodki ostro\u017cno\u015bci w zakresie ochrony przeciwpo\u017carowej<\/li>\n<\/ul>\n<p><strong>Wydzia\u0142 Dokument\u00f3w<\/strong><\/p>\n<ul>\n<li> Archiwa dokument\u00f3w<\/li>\n<li> Przechowywanie poufnej dokumentacji<\/li>\n<li> Mo\u017cliwo\u015b\u0107 elektronicznego przechowywania materia\u0142\u00f3w archiwalnych<\/li>\n<li> Wysoki poziom bezpiecze\u0144stwa<\/li>\n<li> Kontrola klimatu<\/li>\n<\/ul>\n<p><strong>Transport dzie\u0142 sztuki<\/strong><\/p>\n<ul>\n<li> Ruchome wystawy<\/li>\n<li> Wysoki poziom wiedzy technicznej<\/li>\n<li> Specjalne techniki obs\u0142ugi<\/li>\n<li> Pojazdy do przeprowadzek s\u0105 klimatyzowane<\/li>\n<\/ul>\n<p><strong>Us\u0142ugi kurierskie<\/strong><\/p>\n<ul>\n<li> Lokalne i mi\u0119dzynarodowe<\/li>\n<li> Przesy\u0142ki lub dokumenty<\/li>\n<li> \u015aled\u017a online<\/li>\n<li> Brak limitu wagi<\/li>\n<li> Fracht lotniczy, morski lub l\u0105dowy<\/li>\n<\/ul>\n<h2>Gil Stauffer Profil firmy<\/h2>\n<p>Gil Stauffer to hiszpa\u0144ska firma przeprowadzkowa, kt\u00f3ra zosta\u0142a za\u0142o\u017cona w 1905 roku. Jej g\u0142\u00f3wna siedziba znajduje si\u0119 w Madrycie, a 33 biura rozsiane s\u0105 po ca\u0142ym kraju. <a href=\"https:\/\/moverdb.com\/pl\/moving-to-spain\/\" data-internallinksmanager029f6b8e52c=\"266\" title=\"Przeprowadzasz si\u0119 do Hiszpanii? 2026 Koszty \u017cycia i wskaz\u00f3wki dotycz\u0105ce przeprowadzki\">Hiszpania<\/a> i Baleary. Chwali si\u0119, \u017ce przeprowadzi klient\u00f3w w ka\u017cde miejsce, w ka\u017cdy dzie\u0144 roku. Posiada biura w Europie, m.in. <a href=\"https:\/\/moverdb.com\/pl\/moving-to-the-united-states\/\" data-internallinksmanager029f6b8e52c=\"94\" title=\"Przeprowadzasz si\u0119 do Stan\u00f3w Zjednoczonych? 2026 Koszty \u017cycia i wskaz\u00f3wki dotycz\u0105ce przeprowadzki\">Stany Zjednoczone<\/a>, Oceanii, Azji i Afryki.<\/p>\n<p>Gil Stauffer jest dumny ze swojego pionierskiego ducha. W latach 50. firma skonstruowa\u0142a jedyny w Hiszpanii samoch\u00f3d ci\u0119\u017carowy, kt\u00f3ry m\u00f3g\u0142 przewozi\u0107 pojedyncze \u0142adunki o masie do 200 ton. Ponad 70 lat temu firma by\u0142a r\u00f3wnie\u017c jedn\u0105 z pierwszych, kt\u00f3ra zastosowa\u0142a system ekspresowych poci\u0105g\u00f3w kontenerowych (TECO).<\/p>\n<p>Firma prowadzi specjalistyczne programy szkoleniowe i k\u0142adzie nacisk na to, aby personel oddzia\u0142u mi\u0119dzynarodowego zna\u0142 doskonale j\u0119zyk angielski, a tak\u017ce inne j\u0119zyki. Dysponuje imponuj\u0105c\u0105 flot\u0105 pojazd\u00f3w, kt\u00f3ra zaspokaja wszelkie potrzeby klient\u00f3w.<\/p>\n<p>Firma zapewnia swoim klientom przeprowadzki mi\u0119dzynarodowe i krajowe, a tak\u017ce przeprowadzki firm i biur oraz relokacje pracownik\u00f3w.<br \/>\nGil Stauffer posiada nast\u0119puj\u0105ce akredytacje i przynale\u017cno\u015bci:<\/p>\n<ul>\n<li> <a href=\"https:\/\/moverdb.com\/pl\/fidi-faim\/\">FIDI<\/a><\/li>\n<li> <a href=\"https:\/\/moverdb.com\/pl\/jestem\/\">IAM<\/a><\/li>\n<li> <a href=\"https:\/\/moverdb.com\/pl\/amsa\/\">AMSA<\/a><\/li>\n<li> <a href=\"https:\/\/moverdb.com\/pl\/fedemac\/\">FEDEMAC<\/a><\/li>\n<li> <a href=\"https:\/\/moverdb.com\/pl\/lacma\/\">LACMA<\/a><\/li>\n<li> PAIMA<\/li>\n<\/ul>\n<h2>Gil Stauffer Company Reviews<\/h2>\n<p><strong>Pozytywne:<\/strong><\/p>\n<ul>\n<li> Brak dost\u0119pnych danych i nie znaleziono referencji na miejscu.<\/li>\n<\/ul>\n<p><strong>Negatywny:<\/strong><\/p>\n<ul>\n<li> <em>\"Nie korzystaj z us\u0142ug Gil Stauffer przy przeprowadzce swoich rzeczy. B\u0119dziecie tego \u017ca\u0142owa\u0107\".<\/em> - Craig Bugden via <a href=\"https:\/\/uk.trustpilot.com\/reviews\/56ec28640000ff00094734c0\" target=\"_blank\" rel=\"noopener\">Trustpilot<\/a><\/li>\n<\/ul>\n<div itemprop=\"review\" itemscope itemtype=\"http:\/\/schema.org\/Review\">\n<span itemprop=\"author\" itemscope=\"\" itemtype=\"http:\/\/schema.org\/Organization\"><span itemprop=\"name\">MoverDB.com<\/span><\/span> Przegl\u0105d stron internetowych dla <span itemprop=\"itemreviewed\" itemscope=\"\" itemtype=\"http:\/\/schema.org\/Brand\"><span itemprop=\"name\">Gil Stauffer<\/span><\/span>:<\/p>\n<ol>\n<li> Przejrzyste dane kontaktowe na stronie internetowej (w tym numer telefonu): <strong>Tak<\/strong><\/li>\n<li> \u0141atwe do uzyskania <a href=\"https:\/\/moverdb.com\/pl\/cytaty\/\">oferty na przeprowadzki mi\u0119dzynarodowe<\/a>? (formularz wniosku o wycen\u0119 online): <strong>Tak<\/strong>ale tylko za po\u015brednictwem poczty elektronicznej (bez formularza)<\/li>\n<li> Przejrzyste informacje na stronie internetowej: <strong>Niekt\u00f3rzy,<\/strong> Na stronie internetowej mo\u017cna znale\u017a\u0107 przyzwoit\u0105 ilo\u015b\u0107 informacji o us\u0142ugach, ale nie s\u0105 one zbyt szczeg\u00f3\u0142owe.<\/li>\n<li> Cz\u0142onkostwo w uznanych mi\u0119dzynarodowych organizacjach zajmuj\u0105cych si\u0119 przemieszczaniem: <strong>Tak<\/strong>ale nie s\u0105 one wymienione na ich stronie internetowej<\/li>\n<li> Lista klient\u00f3w i\/lub referencje poprzednich klient\u00f3w: <strong>Nie,<\/strong> a jedyna opinia o nich, jak\u0105 uda\u0142o nam si\u0119 znale\u017a\u0107 w j\u0119zyku angielskim, by\u0142a negatywna.<\/li>\n<\/ol>\n<div itemprop=\"reviewRating\" itemscope itemtype=\"http:\/\/schema.org\/Rating\"><meta itemprop=\"worstRating\" content = \"0\" \/><meta itemprop=\"bestRating\" content=\"5\" \/><meta itemprop=\"ratingValue\" content=\"3.5\"><\/div>\n<p><strong>Ocena og\u00f3lna: 3,5\/5<\/strong><br \/>\n<strong>Data przegl\u0105du:<\/strong> <span itemprop=\"datePublished\" content=\"2017-02-24\">24\/02\/2017<\/span>\n<\/div>\n<p>Czytaj wi\u0119cej o <a href=\"https:\/\/moverdb.com\/pl\/firmy-przeprowadzkowe\/\">firmy zajmuj\u0105ce si\u0119 przeprowadzkami mi\u0119dzynarodowymi<\/a> i nasze <a href=\"https:\/\/moverdb.com\/pl\/recenzje\/\">proces przegl\u0105du<\/a>.<\/p>\n<p><strong>Strona internetowa:<\/strong> <a href=\"http:\/\/www.gil-stauffer.com\/?lang=en\" target=\"_blank\" rel=\"noopener\">http:\/\/www.gil-stauffer.com\/<\/a><\/p>","protected":false},"excerpt":{"rendered":"<p>Gil Stauffer is a Spanish removal company with its headquarters in Madrid. The company has many services to offer its customers and these are listed below together with a company profile and reviews. International Moves Personalised moving plan Door to door Sea freight or air freight Full packing service, partial packing or self-packing Disassembly and [&hellip;]<\/p>\n","protected":false},"author":1,"featured_media":0,"parent":0,"menu_order":0,"comment_status":"closed","ping_status":"closed","template":"","meta":{"_genesis_hide_title":false,"_genesis_hide_breadcrumbs":false,"_genesis_hide_singular_image":false,"_genesis_hide_footer_widgets":false,"_genesis_custom_body_class":"","_genesis_custom_post_class":"","_genesis_layout":"","footnotes":""},"class_list":{"0":"post-1624","1":"page","2":"type-page","3":"status-publish","5":"entry"},"_links":{"self":[{"href":"https:\/\/moverdb.com\/pl\/wp-json\/wp\/v2\/pages\/1624","targetHints":{"allow":["GET"]}}],"collection":[{"href":"https:\/\/moverdb.com\/pl\/wp-json\/wp\/v2\/pages"}],"about":[{"href":"https:\/\/moverdb.com\/pl\/wp-json\/wp\/v2\/types\/page"}],"author":[{"embeddable":true,"href":"https:\/\/moverdb.com\/pl\/wp-json\/wp\/v2\/users\/1"}],"replies":[{"embeddable":true,"href":"https:\/\/moverdb.com\/pl\/wp-json\/wp\/v2\/comments?post=1624"}],"version-history":[{"count":3,"href":"https:\/\/moverdb.com\/pl\/wp-json\/wp\/v2\/pages\/1624\/revisions"}],"predecessor-version":[{"id":6215,"href":"https:\/\/moverdb.com\/pl\/wp-json\/wp\/v2\/pages\/1624\/revisions\/6215"}],"wp:attachment":[{"href":"https:\/\/moverdb.com\/pl\/wp-json\/wp\/v2\/media?parent=1624"}],"curies":[{"name":"wp","href":"https:\/\/api.w.org\/{rel}","templated":true}]}}