{"id":1614,"date":"2017-04-27T14:28:26","date_gmt":"2017-04-27T14:28:26","guid":{"rendered":"http:\/\/moverdb.com\/?page_id=1614"},"modified":"2026-01-08T13:18:27","modified_gmt":"2026-01-08T13:18:27","slug":"hamburg-sud","status":"publish","type":"page","link":"https:\/\/moverdb.com\/pl\/hamburg-sud\/","title":{"rendered":"Hamburg S\u00fcd Group - us\u0142ugi i recenzje dotycz\u0105ce \u017ceglugi mi\u0119dzynarodowej"},"content":{"rendered":"<p>Hamburg S\u00fcd to niemiecki <a href=\"https:\/\/moverdb.com\/pl\/shipping-companies\/\" data-internallinksmanager029f6b8e52c=\"4\" title=\"10 najlepszych firm zajmuj\u0105cych si\u0119 mi\u0119dzynarodow\u0105 \u017ceglug\u0105 kontenerow\u0105\">przedsi\u0119biorstwo spedycyjne<\/a> kt\u00f3ra oferuje swoim klientom szereg us\u0142ug. S\u0105 one wymienione poni\u017cej wraz z profilem firmy i opiniami. (<em><strong>Uwaga:<\/strong> <a href=\"https:\/\/moverdb.com\/pl\/maersk\/\" target=\"_blank\" rel=\"noopener\">Maersk Line<\/a> jest w trakcie procesu zakupu firmy<\/em>).<\/p>\n<h3>Mi\u0119dzynarodowa \u017begluga Kontenerowa<\/h3>\n<ul>\n<li> Planowanie przez ekspert\u00f3w<\/li>\n<li> Od drzwi do drzwi<\/li>\n<li> Dost\u0119pne s\u0105 us\u0142ugi intermodalne<\/li>\n<\/ul>\n<p><strong>\u0141adunki suche<\/strong><\/p>\n<p><strong>\u0141adunek niebezpieczny<\/strong><\/p>\n<ul>\n<li> Ka\u017cdy wniosek jest rozpatrywany przez ekspert\u00f3w<\/li>\n<li> Musi przestrzega\u0107 przepis\u00f3w ustawowych<\/li>\n<li> Certyfikowany doradca ds. bezpiecze\u0144stwa towar\u00f3w niebezpiecznych (DGSA) doradza w zakresie wszystkich przesy\u0142ek.<\/li>\n<li> Nowoczesne statki do przewozu \u0142adunk\u00f3w niebezpiecznych<\/li>\n<li> \u015acis\u0142e przestrzeganie przepis\u00f3w dotycz\u0105cych sztauowania<\/li>\n<\/ul>\n<p><strong>\u0141adunki drobnicowe<\/strong><\/p>\n<ul>\n<li> Owoce, warzywa, kwiaty, ro\u015bliny<\/li>\n<li> Mi\u0119so, ryby i owoce morza<\/li>\n<li> Farmaceutyki, materia\u0142y fotograficzne i chemikalia<\/li>\n<li> Nabia\u0142 i soki<\/li>\n<li> <a href=\"https:\/\/moverdb.com\/pl\/przeladunek-w-kontenerach\/\">Pojemniki 20\u2032 i 40\u2032<\/a><\/li>\n<li> Nieprzerwany \u0142a\u0144cuch dostaw ch\u0142odu<\/li>\n<li> Zarz\u0105dzanie atmosfer\u0105 dla zbieranych owoc\u00f3w i warzyw<\/li>\n<li> Tryb wielu temperatur<\/li>\n<li> Tryb \u017car\u00f3wki<\/li>\n<\/ul>\n<p><strong>\u0141adunki specjalne<\/strong><\/p>\n<ul>\n<li> Z\u0142ama\u0107 mas\u0119<\/li>\n<li> Poza zasi\u0119giem<\/li>\n<li> Wysoka g\u0119sto\u015b\u0107<\/li>\n<\/ul>\n<p><strong>Inne us\u0142ugi spedycyjne<\/strong><\/p>\n<ul>\n<li> Prowadzenie wszelkiej stosownej dokumentacji importowej i eksportowej<\/li>\n<li> Magazynowanie tymczasowe<\/li>\n<li> Dzielenie wi\u0119kszych przesy\u0142ek na pojedyncze przesy\u0142ki<\/li>\n<li> Etykietowanie<\/li>\n<li> Odprawa celna w imporcie i eksporcie<\/li>\n<\/ul>\n<p><strong>Statki<\/strong><\/p>\n<ul>\n<li> Nowoczesna flota<\/li>\n<li> <a href=\"https:\/\/moverdb.com\/pl\/firmy-spedycyjne\/\">Kontenerowce<\/a><\/li>\n<li> Masowce<\/li>\n<li> Zbiornikowce do przewozu produkt\u00f3w<\/li>\n<\/ul>\n<p><strong>Sprzeda\u017c u\u017cywanych kontener\u00f3w<\/strong><\/p>\n<ul>\n<li> Szeroki wyb\u00f3r r\u00f3\u017cnych typ\u00f3w pojemnik\u00f3w<\/li>\n<li> Dost\u0119p do u\u017cywanych kontener\u00f3w na ca\u0142ym \u015bwiecie<\/li>\n<li> Pojemniki wysokiej jako\u015bci<\/li>\n<li> Do\u015bwiadczony personel<\/li>\n<li> Obs\u0142uga j\u0119zyk\u00f3w lokalnych<\/li>\n<\/ul>\n<p><strong>eCommerce<\/strong><\/p>\n<ul>\n<li> Harmonogramy z dok\u0142adno\u015bci\u0105 co do minuty<\/li>\n<li> Track &amp; Trace (\u015bledzenie kontener\u00f3w)<\/li>\n<li> Przegl\u0105dy rezerwacji<\/li>\n<li> Odtwarzanie rezerwacji<\/li>\n<li> Przegl\u0105d instrukcji wysy\u0142kowych<\/li>\n<li> Sk\u0142adanie nowych instrukcji wysy\u0142kowych<\/li>\n<li> Sprawdzanie projekt\u00f3w B\/L<\/li>\n<li> Tworzenie standardowych raport\u00f3w dla przesy\u0142ki<\/li>\n<li> \u015aledzenie i monitorowanie \u0142adunk\u00f3w<\/li>\n<\/ul>\n<h2>Profil firmy Hamburg S\u00fcd<\/h2>\n<p>Sp\u00f3\u0142ka Hamburg S\u00fcd zosta\u0142a za\u0142o\u017cona w 1871 roku przez przedstawicieli jedenastu hamburskich dom\u00f3w handlowych i nosi\u0142a nazw\u0119 Hamburg S\u00fcdamerikanische Dampfschifffahrts-Gesellschaft. Do 1914 r. firma posiada\u0142a 50 statk\u00f3w parowych, z kt\u00f3rych wszystkie zosta\u0142y zniszczone podczas I wojny \u015bwiatowej. <\/p>\n<p>W 1920 r. firma rozpoczyna odbudow\u0119 i zak\u0142ada sp\u00f3\u0142k\u0119 wycieczkow\u0105. Do 1939 r. Hamburg S\u00fcd dysponuje najwi\u0119ksz\u0105 flot\u0105 na \u015bwiecie, licz\u0105c\u0105 52 statki.<\/p>\n<p>Druga wojna \u015bwiatowa ponownie przynios\u0142a ca\u0142kowit\u0105 utrat\u0119 floty przedsi\u0119biorstwa. Hamburg S\u00fcd powoli wznowi\u0142 dzia\u0142alno\u015b\u0107 na rynku statk\u00f3w wycieczkowych i zdywersyfikowa\u0142 j\u0105 na rynek statk\u00f3w trampowych. W 1971 r. firma wesz\u0142a na rynek przewoz\u00f3w kontenerowych i ch\u0142odniczych. <a href=\"https:\/\/moverdb.com\/pl\/container-shipping\/\" data-internallinksmanager029f6b8e52c=\"3\" title=\"Wykres stawek mi\u0119dzynarodowego transportu kontenerowego: Kwiecie\u0144 2026 r.\">spedycja kontenerowa<\/a>.<\/p>\n<p>Firma znajduje si\u0119 obecnie w pierwszej dziesi\u0105tce firm zajmuj\u0105cych si\u0119 przewozem kontener\u00f3w na \u015bwiecie. Posiada 127 <a href=\"https:\/\/moverdb.com\/pl\/top-10-largest-container-ships-in-2022\/\" data-internallinksmanager029f6b8e52c=\"84\" title=\"10 najwi\u0119kszych kontenerowc\u00f3w w 2026 r.\">kontenerowce<\/a> o zdolno\u015bci prze\u0142adunkowej ponad 600 000 TEU i 50 us\u0142ugach liniowych. Hamburg S\u00fcd zatrudnia ponad 6 000 os\u00f3b w 250 biurach na ca\u0142ym \u015bwiecie.<\/p>\n<p>Hamburg S\u00fcd posiada nast\u0119puj\u0105ce akredytacje i przynale\u017cno\u015bci:<\/p>\n<ul>\n<li> <a href=\"https:\/\/moverdb.com\/pl\/swiatowa-rada-ds-przeladunku\/\">\u015awiatowa Rada \u017beglugi<\/a> (<a href=\"https:\/\/moverdb.com\/pl\/world-shipping-council\/\" data-internallinksmanager029f6b8e52c=\"82\" title=\"\u015awiatowa Rada \u017beglugi (WSC) - obja\u015bnienia\">M\u015a<\/a>)<\/li>\n<li> Grupa robocza ds. czystego \u0142adunku (CCWG)<\/li>\n<li> <a href=\"https:\/\/moverdb.com\/pl\/moving-to-the-united-states\/\" data-internallinksmanager029f6b8e52c=\"94\" title=\"Przeprowadzasz si\u0119 do Stan\u00f3w Zjednoczonych? 2026 Koszty \u017cycia i wskaz\u00f3wki dotycz\u0105ce przeprowadzki\">USA<\/a> Agencja Ochrony \u015arodowiska (EPA)<\/li>\n<li> Verband Deutsche Reeder (VDR)<\/li>\n<li> Certyfikat Bezpiecze\u0144stwa \u017beglugi Mi\u0119dzynarodowej (ISSC)<\/li>\n<li> Rada Doradcza ds. Norm EIPP<\/li>\n<\/ul>\n<p><strong>Hamburg S\u00fcd Group Reviews<\/strong><\/p>\n<p><em>W chwili pisania tego tekstu nie uda\u0142o nam si\u0119 znale\u017a\u0107 w Internecie \u017cadnych pozytywnych ani negatywnych opinii na temat us\u0142ug przewozowych \u015bwiadczonych przez Hamburg S\u00fcd.<\/em><\/p>\n<p><strong><\/p>\n<div itemprop=\"review\" itemscope itemtype=\"http:\/\/schema.org\/Review\">\n<span itemprop=\"author\" itemscope=\"\" itemtype=\"http:\/\/schema.org\/Organization\"><span itemprop=\"name\">MoverDB.com<\/span><\/span> Przegl\u0105d stron internetowych dla <span itemprop=\"itemreviewed\" itemscope=\"\" itemtype=\"http:\/\/schema.org\/Brand\"><span itemprop=\"name\">Hamburg S\u00fcd<\/span><\/span>:<\/strong><\/p>\n<ol>\n<li> Przejrzyste dane kontaktowe na stronie internetowej (w tym numer telefonu): <strong>Tak<\/strong><\/li>\n<li> Jak \u0142atwo uzyska\u0107 wycen\u0119 wysy\u0142ki mi\u0119dzynarodowej? (Formularz zapytania o wycen\u0119 online): <strong>W pewnym sensie<\/strong>Aby dokona\u0107 nowej rezerwacji, nale\u017cy si\u0119 zarejestrowa\u0107.<\/li>\n<li> Przejrzyste informacje na stronie internetowej: <strong>Tak,<\/strong> Na stronie internetowej w przejrzysty spos\u00f3b przedstawiono wszystkie us\u0142ugi oferowane przez firm\u0119.<\/li>\n<li> Cz\u0142onkostwo w uznanych mi\u0119dzynarodowych organizacjach \u017ceglugowych: <strong>Tak<\/strong>patrz wy\u017cej.<\/li>\n<li> Lista klient\u00f3w i\/lub referencje poprzednich klient\u00f3w. <strong>Nie,<\/strong> ale wymieniaj\u0105 wiele nagr\u00f3d, kt\u00f3re zdobyli.<\/li>\n<\/ol>\n<div itemprop=\"reviewRating\" itemscope itemtype=\"http:\/\/schema.org\/Rating\"><meta itemprop=\"worstRating\" content = \"0\" \/><meta itemprop=\"bestRating\" content=\"5\" \/><meta itemprop=\"ratingValue\" content=\"4\"><\/div>\n<p><strong>Ocena og\u00f3lna: 4\/5<\/strong><br \/>\n<strong>Data przegl\u0105du:<\/strong> <span itemprop=\"datePublished\" content=\"2017-04-27\">27\/04\/2017<\/span>\n<\/div>\n<p>Wi\u0119cej na temat innych <a href=\"https:\/\/moverdb.com\/pl\/firmy-spedycyjne\/\">firmy zajmuj\u0105ce si\u0119 spedycj\u0105 mi\u0119dzynarodow\u0105<\/a>, <a href=\"https:\/\/moverdb.com\/pl\/przeladunek-w-kontenerach\/\">stawki za przew\u00f3z kontener\u00f3w<\/a> i nasze <a href=\"https:\/\/moverdb.com\/pl\/recenzje\/\">proces przegl\u0105du<\/a>.<\/p>\n<p><strong>Strona internetowa:<\/strong> <a href=\"http:\/\/www.hamburgsud.com\" target=\"_blank\" rel=\"noopener\">http:\/\/www.hamburgsud.com<\/a><\/p>","protected":false},"excerpt":{"rendered":"<p>Hamburg S\u00fcd is a German shipping company which offers its customers a range of services. These are listed below together with a company profile and reviews. (Note: Maersk Line is in the process of buying the company). International Container Shipping Planning by experts Door to door Intermodal services available Dry Cargo Hazardous Cargo Each request [&hellip;]<\/p>\n","protected":false},"author":1,"featured_media":0,"parent":0,"menu_order":0,"comment_status":"closed","ping_status":"closed","template":"","meta":{"_genesis_hide_title":false,"_genesis_hide_breadcrumbs":false,"_genesis_hide_singular_image":false,"_genesis_hide_footer_widgets":false,"_genesis_custom_body_class":"","_genesis_custom_post_class":"","_genesis_layout":"","footnotes":""},"class_list":{"0":"post-1614","1":"page","2":"type-page","3":"status-publish","5":"entry"},"_links":{"self":[{"href":"https:\/\/moverdb.com\/pl\/wp-json\/wp\/v2\/pages\/1614","targetHints":{"allow":["GET"]}}],"collection":[{"href":"https:\/\/moverdb.com\/pl\/wp-json\/wp\/v2\/pages"}],"about":[{"href":"https:\/\/moverdb.com\/pl\/wp-json\/wp\/v2\/types\/page"}],"author":[{"embeddable":true,"href":"https:\/\/moverdb.com\/pl\/wp-json\/wp\/v2\/users\/1"}],"replies":[{"embeddable":true,"href":"https:\/\/moverdb.com\/pl\/wp-json\/wp\/v2\/comments?post=1614"}],"version-history":[{"count":4,"href":"https:\/\/moverdb.com\/pl\/wp-json\/wp\/v2\/pages\/1614\/revisions"}],"predecessor-version":[{"id":6217,"href":"https:\/\/moverdb.com\/pl\/wp-json\/wp\/v2\/pages\/1614\/revisions\/6217"}],"wp:attachment":[{"href":"https:\/\/moverdb.com\/pl\/wp-json\/wp\/v2\/media?parent=1614"}],"curies":[{"name":"wp","href":"https:\/\/api.w.org\/{rel}","templated":true}]}}