{"id":1610,"date":"2017-04-24T11:17:52","date_gmt":"2017-04-24T11:17:52","guid":{"rendered":"http:\/\/moverdb.com\/?page_id=1610"},"modified":"2026-01-08T13:18:28","modified_gmt":"2026-01-08T13:18:28","slug":"hapag-lloyd","status":"publish","type":"page","link":"https:\/\/moverdb.com\/pl\/hapag-lloyd\/","title":{"rendered":"Hapag-Lloyd - Us\u0142ugi i recenzje dotycz\u0105ce \u017ceglugi mi\u0119dzynarodowej"},"content":{"rendered":"<p>Hapag-Lloyd jest firm\u0105 o zasi\u0119gu globalnym <a href=\"https:\/\/moverdb.com\/pl\/shipping-companies\/\" data-internallinksmanager029f6b8e52c=\"4\" title=\"10 najlepszych firm zajmuj\u0105cych si\u0119 mi\u0119dzynarodow\u0105 \u017ceglug\u0105 kontenerow\u0105\">przedsi\u0119biorstwo spedycyjne<\/a> z siedzib\u0105 w Hamburgu, <a href=\"https:\/\/moverdb.com\/pl\/moving-to-germany\/\" data-internallinksmanager029f6b8e52c=\"321\" title=\"Przeprowadzka do Niemiec? Koszty \u017cycia i wskaz\u00f3wki dotycz\u0105ce przeprowadzki w 2023 r.\">Niemcy<\/a>. Oferuje swoim klientom szeroki zakres rozwi\u0105za\u0144 spedycyjnych i logistycznych. S\u0105 one wymienione poni\u017cej wraz z profilem firmy i recenzjami.<\/p>\n<h3>Wysy\u0142ka mi\u0119dzynarodowa<\/h3>\n<p><strong>\u0141adunki suche<\/strong><\/p>\n<ul>\n<li> Szeroka gama rozwi\u0105za\u0144 w zakresie zbiornik\u00f3w<\/li>\n<li> Szybki czas przewozu<\/li>\n<li> Niezawodno\u015b\u0107 harmonogramu w punkcie<\/li>\n<li> Oferowana us\u0142uga \"od drzwi do drzwi<\/li>\n<li> Transport chemikali\u00f3w, przestrzeganie przepis\u00f3w<\/li>\n<\/ul>\n<p><strong>\u0141adunki drobnicowe<\/strong><\/p>\n<ul>\n<li> Owoce, warzywa, mi\u0119so, ryby, kwiaty<\/li>\n<li> Farmaceutyczne produkty o wysokiej warto\u015bci<\/li>\n<li> Kontrolowana atmosfera<\/li>\n<li> Technologia ExtraFresh i EverFresh zastosowana w celu ograniczenia kondensacji pary wodnej<\/li>\n<li> Profesjonalni przewodnicy<\/li>\n<\/ul>\n<p><strong>Towary niebezpieczne<\/strong><\/p>\n<ul>\n<li> Spersonalizowane rozwi\u0105zania dla ka\u017cdego z\u0142o\u017conego transportu towar\u00f3w niebezpiecznych<\/li>\n<li> Ca\u0142odobowe wsparcie ekspert\u00f3w ds. towar\u00f3w niebezpiecznych we wszystkich regionalnych biurach g\u0142\u00f3wnych (Hamburg, Valparaiso, Piscataway i Warszawa). <a href=\"https:\/\/moverdb.com\/pl\/moving-to-singapore\/\" data-internallinksmanager029f6b8e52c=\"68\" title=\"Przeprowadzasz si\u0119 do Singapuru? 2026 Koszty utrzymania i wskaz\u00f3wki dotycz\u0105ce przeprowadzki\">Singapur<\/a>)<\/li>\n<li> Kilku ekspert\u00f3w ds. towar\u00f3w niebezpiecznych dost\u0119pnych na wezwanie w weekendy<\/li>\n<li> Szybka i niezawodna kontrola rezerwacji zapewniaj\u0105ca spe\u0142nienie mi\u0119dzynarodowych wymog\u00f3w prawnych i bezproblemowy transport towar\u00f3w<\/li>\n<li> W\u0142a\u015bciwe sztauowanie i segregacja na statku w celu zapewnienia bezpiecznej podr\u00f3\u017cy morskiej dla ca\u0142ego \u0142adunku<\/li>\n<li> W stosownych przypadkach nale\u017cy stosowa\u0107 \u015brodki bezpiecznego transportu wykraczaj\u0105ce poza wymagania Kodeksu IMDG.<\/li>\n<\/ul>\n<p><strong>\u0141adunki specjalne<\/strong><\/p>\n<ul>\n<li> Wyspecjalizowany zesp\u00f3\u0142<\/li>\n<li> Breakbulk - eksperci planuj\u0105 projekty ponadgabarytowe<\/li>\n<\/ul>\n<p><strong>Kontenery<\/strong><\/p>\n<ul>\n<li> Spe\u0142nienie wymaga\u0144 ISO<\/li>\n<li> Dry Cargo - Standard, Standard High Cube, Standard Hardtop, Standard High Cube Hardtop<\/li>\n<li> \u0141adunek Reefer - Utrzymywanie temperatury w zakresie od -35\u00b0C do +30\u00b0C<\/li>\n<li> Niska masa w\u0142asna = du\u017ca \u0142adowno\u015b\u0107<\/li>\n<li> \u0141adunek specjalny - Flatrack\/Platform, Flatrack High Cube, Open Top\/Hard Top, Open Top High Cube, Hardtop High Cube.<\/li>\n<\/ul>\n<p><strong>Rejsy<\/strong><\/p>\n<ul>\n<li> 125 lat do\u015bwiadczenia<\/li>\n<li> Rejsy po \u015bwiecie<\/li>\n<\/ul>\n<h2>Profil firmy Hapag-Lloyd<\/h2>\n<p>Hapag-Lloyd powsta\u0142 w 1970 roku, kiedy to po\u0142\u0105czy\u0142y si\u0119 Hamburg-Amerikanische Packetfahrt-Actien-Gesellschaft (Hapag) i Norddeutscher Lloyd. Oba te przedsi\u0119biorstwa rozpocz\u0119\u0142y dzia\u0142alno\u015b\u0107 w po\u0142owie XIX wieku, kiedy to emigracja z Europy do <a href=\"https:\/\/moverdb.com\/pl\/moving-to-the-united-states\/\" data-internallinksmanager029f6b8e52c=\"94\" title=\"Przeprowadzasz si\u0119 do Stan\u00f3w Zjednoczonych? 2026 Koszty \u017cycia i wskaz\u00f3wki dotycz\u0105ce przeprowadzki\">Stany Zjednoczone<\/a> zacz\u0119\u0142a si\u0119 na powa\u017cnie.<\/p>\n<p>Obecnie Hapag-Lloyd obs\u0142uguje rynki i klient\u00f3w na ca\u0142ym \u015bwiecie oraz dysponuje rozleg\u0142\u0105 sieci\u0105 po\u0142\u0105cze\u0144 liniowych. Dysponuje ponad 190 statkami, kt\u00f3re rocznie przewo\u017c\u0105 \u015brednio 7,4 TEU. Firma zatrudnia oko\u0142o 9 300 os\u00f3b i posiada ponad 600 biur w 120 krajach na ca\u0142ym \u015bwiecie. <\/p>\n<p>Flota Hapag-Lloyd ma \u0142\u0105czn\u0105 pojemno\u015b\u0107 955 000 TEU, a jej zapasy kontenerowe wynosz\u0105 1,5 mln TEU. Posiada jedn\u0105 z najwi\u0119kszych i najnowocze\u015bniejszych na \u015bwiecie flot kontener\u00f3w typu reefer.<\/p>\n<p>Hapag-Lloyd posiada nast\u0119puj\u0105ce akredytacje i przynale\u017cno\u015bci:<\/p>\n<ul>\n<li> Mi\u0119dzynarodowy certyfikat ochrony statku (ISSC)<\/li>\n<li> Certyfikat zarz\u0105dzania bezpiecze\u0144stwem (SMC)<\/li>\n<li> Konwencja o pracy na morzu (MLC)<\/li>\n<li> <a href=\"https:\/\/moverdb.com\/pl\/swiatowa-rada-ds-przeladunku\/\">\u015awiatowa Rada \u017beglugi<\/a> (<a href=\"https:\/\/moverdb.com\/pl\/world-shipping-council\/\" data-internallinksmanager029f6b8e52c=\"82\" title=\"\u015awiatowa Rada \u017beglugi (WSC) - obja\u015bnienia\">M\u015a<\/a>)<\/li>\n<\/ul>\n<h2>Hapag-Lloyd Shipping Reviews<\/h2>\n<p><em>W chwili pisania tego tekstu nie znale\u017ali\u015bmy w Internecie \u017cadnych opinii na temat us\u0142ug \u017ceglugowych firmy Hapag-Lloyd.<\/em>  <\/p>\n<p><strong><\/p>\n<div itemprop=\"review\" itemscope itemtype=\"http:\/\/schema.org\/Review\">\n<span itemprop=\"author\" itemscope=\"\" itemtype=\"http:\/\/schema.org\/Organization\"><span itemprop=\"name\">MoverDB.com<\/span><\/span> Przegl\u0105d stron internetowych dla <span itemprop=\"itemreviewed\" itemscope=\"\" itemtype=\"http:\/\/schema.org\/Brand\"><span itemprop=\"name\">Hapag-Lloyd<\/span><\/span>:<\/strong><\/p>\n<ol>\n<li> Przejrzyste dane kontaktowe na stronie internetowej (w tym numer telefonu): <strong>Tak<\/strong><\/li>\n<li> \u0141atwe do uzyskania <a href=\"https:\/\/moverdb.com\/pl\/container-shipping\/\" data-internallinksmanager029f6b8e52c=\"3\" title=\"Wykres stawek mi\u0119dzynarodowego transportu kontenerowego: Kwiecie\u0144 2026 r.\">wysy\u0142ka mi\u0119dzynarodowa<\/a> oferty? (Formularz wniosku o wycen\u0119 online): <strong>Tak<\/strong><\/li>\n<li> Przejrzyste informacje na stronie internetowej: <strong>Tak,<\/strong> Strona internetowa jest niezwykle szczeg\u00f3\u0142owa i dobrze zaprojektowana.<\/li>\n<li> Cz\u0142onkostwo w uznanych mi\u0119dzynarodowych organizacjach \u017ceglugowych: <strong>Tak<\/strong>(patrz wy\u017cej).<\/li>\n<li> Lista klient\u00f3w i\/lub referencje poprzednich klient\u00f3w. <strong>Nie,<\/strong> ale podaj\u0105 list\u0119 nagr\u00f3d i certyfikat\u00f3w.<\/li>\n<\/ol>\n<div itemprop=\"reviewRating\" itemscope itemtype=\"http:\/\/schema.org\/Rating\"><meta itemprop=\"worstRating\" content = \"0\" \/><meta itemprop=\"bestRating\" content=\"5\" \/><meta itemprop=\"ratingValue\" content=\"4.5\"><\/div>\n<p><strong>Ocena og\u00f3lna: 4,5\/5<\/strong><br \/>\n<strong>Data przegl\u0105du:<\/strong> <span itemprop=\"datePublished\" content=\"2017-04-24\">24\/04\/2017<\/span>\n<\/div>\n<p>Wi\u0119cej na temat innych <a href=\"https:\/\/moverdb.com\/pl\/firmy-spedycyjne\/\">firmy zajmuj\u0105ce si\u0119 spedycj\u0105 mi\u0119dzynarodow\u0105<\/a>, <a href=\"https:\/\/moverdb.com\/pl\/przeladunek-w-kontenerach\/\">koszty transportu kontenerowego<\/a> i nasze <a href=\"https:\/\/moverdb.com\/pl\/recenzje\/\">proces przegl\u0105du<\/a>.<\/p>\n<p><strong>Strona internetowa:<\/strong> <a href=\"https:\/\/www.hapag-lloyd.com\/en\/home.html\" target=\"_blank\" rel=\"noopener\">https:\/\/www.hapag-lloyd.com\/en\/home.html<\/a><\/p>","protected":false},"excerpt":{"rendered":"<p>Hapag-Lloyd is a global shipping company with its head office in Hamburg, Germany. It offers its clients a wide range of shipping and logistics solutions. These are listed below together with a company profile and reviews. International Shipping Dry Cargo Broad range of container solutions Fast transit times On point schedule reliability Door to door [&hellip;]<\/p>\n","protected":false},"author":1,"featured_media":0,"parent":0,"menu_order":0,"comment_status":"closed","ping_status":"closed","template":"","meta":{"_genesis_hide_title":false,"_genesis_hide_breadcrumbs":false,"_genesis_hide_singular_image":false,"_genesis_hide_footer_widgets":false,"_genesis_custom_body_class":"","_genesis_custom_post_class":"","_genesis_layout":"","footnotes":""},"class_list":{"0":"post-1610","1":"page","2":"type-page","3":"status-publish","5":"entry"},"_links":{"self":[{"href":"https:\/\/moverdb.com\/pl\/wp-json\/wp\/v2\/pages\/1610","targetHints":{"allow":["GET"]}}],"collection":[{"href":"https:\/\/moverdb.com\/pl\/wp-json\/wp\/v2\/pages"}],"about":[{"href":"https:\/\/moverdb.com\/pl\/wp-json\/wp\/v2\/types\/page"}],"author":[{"embeddable":true,"href":"https:\/\/moverdb.com\/pl\/wp-json\/wp\/v2\/users\/1"}],"replies":[{"embeddable":true,"href":"https:\/\/moverdb.com\/pl\/wp-json\/wp\/v2\/comments?post=1610"}],"version-history":[{"count":3,"href":"https:\/\/moverdb.com\/pl\/wp-json\/wp\/v2\/pages\/1610\/revisions"}],"predecessor-version":[{"id":6218,"href":"https:\/\/moverdb.com\/pl\/wp-json\/wp\/v2\/pages\/1610\/revisions\/6218"}],"wp:attachment":[{"href":"https:\/\/moverdb.com\/pl\/wp-json\/wp\/v2\/media?parent=1610"}],"curies":[{"name":"wp","href":"https:\/\/api.w.org\/{rel}","templated":true}]}}