{"id":1592,"date":"2017-04-21T13:39:38","date_gmt":"2017-04-21T13:39:38","guid":{"rendered":"http:\/\/moverdb.com\/?page_id=1592"},"modified":"2026-01-08T14:40:07","modified_gmt":"2026-01-08T14:40:07","slug":"maersk","status":"publish","type":"page","link":"https:\/\/moverdb.com\/pl\/maersk\/","title":{"rendered":"Maersk Line - Us\u0142ugi i recenzje dotycz\u0105ce \u017ceglugi mi\u0119dzynarodowej"},"content":{"rendered":"<p>Maersk Line, jest cz\u0119\u015bci\u0105 A.P. Moller-Maersk Group, \u015bwiatowego koncernu <a href=\"https:\/\/moverdb.com\/pl\/shipping-companies\/\" data-internallinksmanager029f6b8e52c=\"4\" title=\"10 najlepszych firm zajmuj\u0105cych si\u0119 mi\u0119dzynarodow\u0105 \u017ceglug\u0105 kontenerow\u0105\">przedsi\u0119biorstwo spedycyjne<\/a> z siedzib\u0105 w Kopenhadze, <a href=\"https:\/\/moverdb.com\/pl\/moving-to-denmark\/\" data-internallinksmanager029f6b8e52c=\"335\" title=\"Przeprowadzka do Danii? Koszty \u017cycia i wskaz\u00f3wki dotycz\u0105ce przeprowadzki w 2023 r.\">Dania<\/a>. Oferuje swoim klientom szeroki zakres us\u0142ug, kt\u00f3re zosta\u0142y wymienione poni\u017cej wraz z profilem firmy i opiniami.<\/p>\n<p><strong>Fracht mi\u0119dzynarodowy i us\u0142ugi spedycyjne<\/strong><\/p>\n<ul>\n<li> \u0141adunki suche<\/li>\n<li> Od drzwi do drzwi<\/li>\n<li> Kontenery 20' o \u0142adowno\u015bci do 28,2 ton metrycznych<\/li>\n<li> Kontenery 40\u2032 8\u2032 6\u2033 o \u0142adowno\u015bci do 28,8 ton metrycznych<\/li>\n<li> o wysoko\u015bci 45\u2032 9\u2032 6\u2033 i ca\u0142kowitej pojemno\u015bci 85 metr\u00f3w sze\u015bciennych<\/li>\n<li> Belki wieszakowe, kt\u00f3re umo\u017cliwiaj\u0105 transport odzie\u017cy na wieszakach bez konieczno\u015bci dodatkowego pakowania<\/li>\n<li> Pa\u0142\u0105ki i pier\u015bcienie mocuj\u0105ce zapewniaj\u0105ce dodatkowe bezpiecze\u0144stwo \u0142adunku<\/li>\n<li> Mo\u017cliwo\u015b\u0107 przechowywania<\/li>\n<li> Odprawa celna<\/li>\n<\/ul>\n<p><strong>\u0141adunki drobnicowe<\/strong><\/p>\n<ul>\n<li> Ch\u0142odnicze kontenery transportowe<\/li>\n<li> Od drzwi do drzwi<\/li>\n<li> Skrupulatna obs\u0142uga \u0142adunku zapewniaj\u0105ca \u015bwie\u017co\u015b\u0107 produkt\u00f3w<\/li>\n<li> Unikalna konstrukcja pojemnika zapewnia maksymaln\u0105 \u0142adowno\u015b\u0107<\/li>\n<li> Zmniejszona emisja CO2<\/li>\n<li> Optymalna temperatura produktu<\/li>\n<li> Zmniejszone zu\u017cycie energii<\/li>\n<li> 3 typy kontener\u00f3w ch\u0142odniczych, od 27 do 67 CBM przestrzeni \u0142adunkowej<\/li>\n<li> Odprawa celna<\/li>\n<\/ul>\n<p><strong>\u0141adunki specjalne<\/strong><\/p>\n<ul>\n<li> terminowe dostawy \u0142adunk\u00f3w poza skrajni\u0105, w skrajni i luzem<\/li>\n<li> Terminowe dostawy \u0142adunk\u00f3w specjalnych na ca\u0142ym \u015bwiecie.<\/li>\n<li> Eksperci ds. \u0142adunk\u00f3w specjalnych we wszystkich strefach czasowych zapewniaj\u0105 natychmiastow\u0105 reakcj\u0119 i wsparcie.<\/li>\n<li> Najnowocze\u015bniejsza flota rega\u0142\u00f3w p\u0142askich i otwartych, dost\u0119pnych w miejscu i czasie, w kt\u00f3rym s\u0105 potrzebne<\/li>\n<li> Od drzwi do drzwi<\/li>\n<li> Mo\u017cliwo\u015b\u0107 przechowywania<\/li>\n<li> Odprawa celna<\/li>\n<\/ul>\n<p><strong>Us\u0142ugi transportu \u015br\u00f3dl\u0105dowego<\/strong><\/p>\n<ul>\n<li> Kompleksowe rozwi\u0105zanie transportowe<\/li>\n<li> Od drzwi do drzwi<\/li>\n<li> Terminowy odbi\u00f3r i dostawa<\/li>\n<li> Du\u017ca sie\u0107 wysokiej jako\u015bci dostawc\u00f3w us\u0142ug transportowych<\/li>\n<li> Kompleksowa obs\u0142uga \u0142\u0105cz\u0105ca potrzeby w zakresie transportu l\u0105dowego i morskiego<\/li>\n<li> Sta\u0142e monitorowanie i zapewnianie jako\u015bci<\/li>\n<li> Ustalone ubezpieczenie<\/li>\n<\/ul>\n<p><strong>Kontenery u\u017cywane na sprzeda\u017c<\/strong><\/p>\n<ul>\n<li> Do przechowywania, do biura, do domu, a nawet do basenu<\/li>\n<li> Dost\u0119p do zasob\u00f3w spe\u0142niaj\u0105cych Twoje potrzeby<\/li>\n<li> Rozbudowana sie\u0107 u\u017cywanych kontener\u00f3w<\/li>\n<li> Proste systemy umo\u017cliwiaj\u0105ce realizacj\u0119 harmonogramu odbioru<\/li>\n<li> Gwarantowana jako\u015b\u0107 pojemnika<\/li>\n<\/ul>\n<h2>Maersk Line<\/h2>\n<p>Firma Maersk Line zosta\u0142a za\u0142o\u017cona w 1928 roku. Maersk Line nale\u017cy do grupy A.P. Moller-Maersk i jest jednym z najwi\u0119kszych na \u015bwiecie przewo\u017anik\u00f3w. <a href=\"https:\/\/moverdb.com\/pl\/firmy-spedycyjne\/\">najwi\u0119ksze przedsi\u0119biorstwo \u017ceglugi kontenerowej<\/a>, znanej z elastyczno\u015bci, niezawodno\u015bci i ekologicznie wydajnych us\u0142ug. <\/p>\n<p>Siedziba g\u0142\u00f3wna firmy znajduje si\u0119 w Kopenhadze, w Danii. Firma posiada ponad 630 statk\u00f3w o pojemno\u015bci 3,3 mln TEU, kt\u00f3re obs\u0142uguj\u0105 59 000 klient\u00f3w na ca\u0142ym \u015bwiecie.<\/p>\n<p>W ubieg\u0142ym roku Maersk wys\u0142a\u0142 oko\u0142o 12 milion\u00f3w kontener\u00f3w na ca\u0142ym \u015bwiecie, zawijaj\u0105c do 46 000 port\u00f3w w 343 krajach. <a href=\"https:\/\/moverdb.com\/pl\/top-49-container-ports\/\" data-internallinksmanager029f6b8e52c=\"80\" title=\"49 najwi\u0119kszych i najbardziej ruchliwych port\u00f3w kontenerowych w 2025 r.\">porty<\/a> w 121 krajach. Maersk oferuje wiele rejs\u00f3w dziennie na wszystkich g\u0142\u00f3wnych trasach \u017ceglugowych. Aby wszystko przebiega\u0142o bez zak\u0142\u00f3ce\u0144, firma zatrudnia 7000 marynarzy i 25000 pracownik\u00f3w l\u0105dowych w 374 biurach na ca\u0142ym \u015bwiecie.<\/p>\n<p>Firma Maersk anga\u017cuje si\u0119 w dzia\u0142alno\u015b\u0107 spo\u0142eczn\u0105 i wspiera projekty na ca\u0142ym \u015bwiecie w ramach trzech globalnych program\u00f3w - pomocy i przygotowania na wypadek katastrof, ochrony \u015brodowiska i promowania przedsi\u0119biorczo\u015bci w spo\u0142eczno\u015bciach znajduj\u0105cych si\u0119 w niekorzystnej sytuacji.<\/p>\n<p>Maersk Line posiada nast\u0119puj\u0105ce akredytacje i przynale\u017cno\u015bci:<\/p>\n<ul>\n<li> Mi\u0119dzynarodowe Stowarzyszenie Lotnictwa i \u017beglugi (IASA)<\/li>\n<li> <a href=\"https:\/\/moverdb.com\/pl\/miedzynarodowa-izba-przeladunkowa\/\">Mi\u0119dzynarodowa Izba \u017beglugi<\/a> (<a href=\"https:\/\/moverdb.com\/pl\/international-chamber-shipping\/\" data-internallinksmanager029f6b8e52c=\"78\" title=\"Wyja\u015bnienie dzia\u0142ania Mi\u0119dzynarodowej Izby \u017beglugi (ICS)\">ICS<\/a>)<\/li>\n<li> \u015awiatowy sojusz WTO na rzecz u\u0142atwie\u0144 w handlu<\/li>\n<li> Bezpiecze\u0144stwo \u017cycia na morzu (SOLAS)<\/li>\n<li> Federacja Krajowych Stowarzysze\u0144 Makler\u00f3w i Agent\u00f3w Okr\u0119towych (FONASBA)<\/li>\n<\/ul>\n<h2>Maersk Line Company Reviews<\/h2>\n<p><em>W momencie pisania tego tekstu nie uda\u0142o nam si\u0119 znale\u017a\u0107 \u017cadnych opinii online na temat us\u0142ug \u017ceglugowych Maersk Line.<\/em><\/p>\n<p><strong><\/p>\n<div itemprop=\"review\" itemscope itemtype=\"http:\/\/schema.org\/Review\">\n<span itemprop=\"author\" itemscope=\"\" itemtype=\"http:\/\/schema.org\/Organization\"><span itemprop=\"name\">MoverDB.com<\/span><\/span> Przegl\u0105d stron internetowych dla <span itemprop=\"itemreviewed\" itemscope=\"\" itemtype=\"http:\/\/schema.org\/Brand\"><span itemprop=\"name\">Maersk Line<\/span><\/span>:<\/strong><\/p>\n<ol>\n<li> Przejrzyste dane kontaktowe na stronie internetowej (w tym numer telefonu): <strong>Tak<\/strong><\/li>\n<li> \u0141atwe do uzyskania <a href=\"https:\/\/moverdb.com\/pl\/container-shipping\/\" data-internallinksmanager029f6b8e52c=\"3\" title=\"Wykres stawek mi\u0119dzynarodowego transportu kontenerowego: Kwiecie\u0144 2026 r.\">wysy\u0142ka mi\u0119dzynarodowa<\/a> oferty? (Formularz wniosku o wycen\u0119 online): <strong>Tak<\/strong><\/li>\n<li> Przejrzyste informacje na stronie internetowej: <strong>Tak,<\/strong> Strona internetowa w przejrzysty spos\u00f3b przedstawia wszystkie us\u0142ugi oferowane przez firm\u0119<\/li>\n<li> Cz\u0142onkostwo w uznanych mi\u0119dzynarodowych organizacjach \u017ceglugowych: <strong>Tak<\/strong>ale niewiele z nich znajduje si\u0119 na ich stronie internetowej.<\/li>\n<li> Lista klient\u00f3w i\/lub referencje poprzednich klient\u00f3w. <strong>Nie,<\/strong> na ich stronie internetowej nie ma \u017cadnych informacji na ten temat.<\/li>\n<\/ol>\n<div itemprop=\"reviewRating\" itemscope itemtype=\"http:\/\/schema.org\/Rating\"><meta itemprop=\"worstRating\" content = \"0\" \/><meta itemprop=\"bestRating\" content=\"5\" \/><meta itemprop=\"ratingValue\" content=\"4\"><\/div>\n<p><strong>Ocena og\u00f3lna: 4\/5<\/strong><br \/>\n<strong>Data przegl\u0105du:<\/strong> <span itemprop=\"datePublished\" content=\"2017-04-21\">21\/04\/2017<\/span>\n<\/div>\n<p>Wi\u0119cej na temat innych <a href=\"https:\/\/moverdb.com\/pl\/firmy-spedycyjne\/\">firmy zajmuj\u0105ce si\u0119 spedycj\u0105 mi\u0119dzynarodow\u0105<\/a>, <a href=\"https:\/\/moverdb.com\/pl\/przeladunek-w-kontenerach\/\">stawki za przew\u00f3z kontener\u00f3w<\/a> i nasze <a href=\"https:\/\/moverdb.com\/pl\/recenzje\/\">proces przegl\u0105du<\/a>.<\/p>\n<p><strong>Strona internetowa:<\/strong> <a href=\"https:\/\/www2.maerskline.com\/\" target=\"_blank\" rel=\"noopener\">https:\/\/www2.maerskline.com\/<\/a><\/p>","protected":false},"excerpt":{"rendered":"<p>Maersk Line, is part of A.P. Moller\u2013Maersk Group, a worldwide shipping company based in Copenhagen, Denmark. It offers its customers a wide range of services which are listed below, together with a company profile and reviews. International Freight and Shipping Services Dry Cargo Door to door 20&#8242; containers with payload up to 28.2 metric tons [&hellip;]<\/p>\n","protected":false},"author":1,"featured_media":0,"parent":0,"menu_order":0,"comment_status":"closed","ping_status":"closed","template":"","meta":{"_genesis_hide_title":false,"_genesis_hide_breadcrumbs":false,"_genesis_hide_singular_image":false,"_genesis_hide_footer_widgets":false,"_genesis_custom_body_class":"","_genesis_custom_post_class":"","_genesis_layout":"","footnotes":""},"class_list":{"0":"post-1592","1":"page","2":"type-page","3":"status-publish","5":"entry"},"_links":{"self":[{"href":"https:\/\/moverdb.com\/pl\/wp-json\/wp\/v2\/pages\/1592","targetHints":{"allow":["GET"]}}],"collection":[{"href":"https:\/\/moverdb.com\/pl\/wp-json\/wp\/v2\/pages"}],"about":[{"href":"https:\/\/moverdb.com\/pl\/wp-json\/wp\/v2\/types\/page"}],"author":[{"embeddable":true,"href":"https:\/\/moverdb.com\/pl\/wp-json\/wp\/v2\/users\/1"}],"replies":[{"embeddable":true,"href":"https:\/\/moverdb.com\/pl\/wp-json\/wp\/v2\/comments?post=1592"}],"version-history":[{"count":7,"href":"https:\/\/moverdb.com\/pl\/wp-json\/wp\/v2\/pages\/1592\/revisions"}],"predecessor-version":[{"id":13172,"href":"https:\/\/moverdb.com\/pl\/wp-json\/wp\/v2\/pages\/1592\/revisions\/13172"}],"wp:attachment":[{"href":"https:\/\/moverdb.com\/pl\/wp-json\/wp\/v2\/media?parent=1592"}],"curies":[{"name":"wp","href":"https:\/\/api.w.org\/{rel}","templated":true}]}}