{"id":1590,"date":"2017-01-25T12:24:31","date_gmt":"2017-01-25T12:24:31","guid":{"rendered":"http:\/\/moverdb.com\/?page_id=1590"},"modified":"2026-01-08T15:20:28","modified_gmt":"2026-01-08T15:20:28","slug":"nippon-express","status":"publish","type":"page","link":"https:\/\/moverdb.com\/pl\/nippon-express\/","title":{"rendered":"Nippon Express - International Relocation &amp; Moving Reviews"},"content":{"rendered":"<p>Nippon Express ma swoj\u0105 siedzib\u0119 w Tokio, <a href=\"https:\/\/moverdb.com\/pl\/moving-to-japan\/\" data-internallinksmanager029f6b8e52c=\"342\" title=\"Przeprowadzka do Japonii? Koszty \u017cycia i wskaz\u00f3wki dotycz\u0105ce relokacji w 2023 r.\">Japonia<\/a>. Oferuje ona swoim klientom r\u00f3\u017cnorodne us\u0142ugi przeprowadzkowe. S\u0105 one wymienione poni\u017cej wraz z profilem firmy i opiniami.<\/p>\n<p><strong>Przeprowadzki mi\u0119dzynarodowe<\/strong><\/p>\n<ul>\n<li> Osobisty mened\u017cer ds. przeprowadzek<\/li>\n<li> Us\u0142uga \"od drzwi do drzwi\".<\/li>\n<li> Pomoc w za\u0142atwianiu formalno\u015bci celnych i dokumentacji<\/li>\n<li> Pe\u0142na us\u0142uga pakowania, tylko delikatne przedmioty lub pakowanie dla majsterkowicz\u00f3w<\/li>\n<li> Demonta\u017c i ponowny monta\u017c mebli<\/li>\n<li> Us\u0142uga rozpakowywania<\/li>\n<li> Usuwanie gruzu<\/li>\n<li> Przechowywanie d\u0142ugo- i kr\u00f3tkoterminowe<\/li>\n<li> Przemieszczanie samochod\u00f3w<\/li>\n<li> Motocykle<\/li>\n<li> Pianina<\/li>\n<\/ul>\n<p><strong>Us\u0142ugi relokacyjne - do Japonii<\/strong><\/p>\n<ul>\n<li> Konsultacje w sprawie przeprowadzki<\/li>\n<li> Orientacja\".<\/li>\n<li> Wyszukiwanie w domu<\/li>\n<li> Przeprowadzki mi\u0119dzynarodowe krajowe<\/li>\n<li> Poszukiwanie szko\u0142y<\/li>\n<li> Us\u0142ugi zwi\u0105zane z opuszczeniem lokalu, np. wypowiedzenie umowy najmu, od\u0142\u0105czenie telefonu i medi\u00f3w, przekazywanie poczty<\/li>\n<\/ul>\n<p><strong>Przeprowadzki krajowe - na terenie Japonii<\/strong><\/p>\n<ul>\n<li> Us\u0142uga \"od drzwi do drzwi\".<\/li>\n<li> Pakowanie pe\u0142ne, pakowanie cz\u0119\u015bciowe lub pakowanie \"zr\u00f3b to sam\".<\/li>\n<li> Demonta\u017c i ponowny monta\u017c mebli<\/li>\n<li> Us\u0142uga rozpakowywania<\/li>\n<li> Usuwanie gruzu<\/li>\n<li> Mo\u017cliwo\u015b\u0107 magazynowania d\u0142ugo- i kr\u00f3tkoterminowego<\/li>\n<li> Ustalone ubezpieczenie<\/li>\n<\/ul>\n<p><strong>Spedycja<\/strong><\/p>\n<ul>\n<li> Artyku\u0142y og\u00f3lne i komponenty<\/li>\n<li> Sztuka pi\u0119kna i antyki<\/li>\n<li> Targi i wystawy<\/li>\n<\/ul>\n<h2>Profil firmy Nippon Express<\/h2>\n<p>Nippon Express jest jednym z wiod\u0105cych <a href=\"https:\/\/moverdb.com\/pl\/moving-companies\/\" data-internallinksmanager029f6b8e52c=\"79\" title=\"25 najlepszych firm przeprowadzek mi\u0119dzynarodowych online\">firmy przeprowadzkowe<\/a> w zakresie przeprowadzek os\u00f3b i firm do i z Japonii. Specjalizuje si\u0119 w przeprowadzkach firm i instytucji rz\u0105dowych dla pracownik\u00f3w i ich rodzin przyje\u017cd\u017caj\u0105cych i wyje\u017cd\u017caj\u0105cych z Japonii. Nippon Express jest r\u00f3wnie\u017c znany z globalnego <a href=\"https:\/\/moverdb.com\/pl\/spedytor\/\">spedycja<\/a> Do\u015bwiadczenie, transport towar\u00f3w na ca\u0142ym \u015bwiecie.<\/p>\n<p>Firma Nippon Express rozpocz\u0119\u0142a dzia\u0142alno\u015b\u0107 w 1937 r. jako 53% przedsi\u0119biorstwo pa\u0144stwowe. Po drugiej wojnie \u015bwiatowej firma zosta\u0142a sprywatyzowana. W 1949 roku firma rozpocz\u0119\u0142a spedycj\u0119 mi\u0119dzynarodow\u0105, dzia\u0142aj\u0105c jako agent dla r\u00f3\u017cnych mi\u0119dzynarodowych linii lotniczych. W 1958 roku firma Nippon Express otworzy\u0142a swoje pierwsze zagraniczne biuro w <a href=\"https:\/\/moverdb.com\/pl\/przeprowadzka-do-nyc\/\">Nowy Jork<\/a>, do 1991 roku by\u0142o 97 biur w <a href=\"https:\/\/moverdb.com\/pl\/moving-to-the-united-states\/\" data-internallinksmanager029f6b8e52c=\"94\" title=\"Przeprowadzasz si\u0119 do Stan\u00f3w Zjednoczonych? 2026 Koszty \u017cycia i wskaz\u00f3wki dotycz\u0105ce przeprowadzki\">Stany Zjednoczone<\/a>. <\/p>\n<p>W 1973 r. firma kupi\u0142a sw\u00f3j pierwszy <a href=\"https:\/\/moverdb.com\/pl\/firmy-spedycyjne\/\">kontenerowiec<\/a> i uruchomi\u0142 serwis towarowy mi\u0119dzy Tokio a Tomakomai.<\/p>\n<p>Obecnie firma Nippon Express ma biura i zak\u0142ady w 260 miastach w 42 krajach i zatrudnia 36 700 os\u00f3b w Japonii oraz kolejne 16 000 za granic\u0105.<\/p>\n<p>Firma Nippon Express posiada nast\u0119puj\u0105ce akredytacje i powi\u0105zania:<\/p>\n<ul>\n<li> <a href=\"https:\/\/moverdb.com\/pl\/fidi-faim\/\">FIDI<\/a><\/li>\n<li> <a href=\"https:\/\/moverdb.com\/pl\/jestem\/\">Mi\u0119dzynarodowe Stowarzyszenie Przewo\u017anik\u00f3w<\/a> (<a href=\"https:\/\/moverdb.com\/pl\/iam\/\" data-internallinksmanager029f6b8e52c=\"23\" title=\"Mi\u0119dzynarodowe Stowarzyszenie Przewo\u017anik\u00f3w (IAM) - obja\u015bnienia\">IAM<\/a>)<\/li>\n<li> ISO 9001<\/li>\n<li> <a href=\"https:\/\/moverdb.com\/pl\/iata\/\">IATA<\/a><\/li>\n<\/ul>\n<h2>Recenzje Nippon Express<\/h2>\n<p><strong>Pozytywne:<\/strong><\/p>\n<ul>\n<li> <em>\"W prawdziwie japo\u0144skim stylu s\u0105 uprzejmi i pe\u0142ni szacunku - nawet zdejmuj\u0105 buty, aby wnie\u015b\u0107 Twoje rzeczy do domu! Nie ma tu \u017cadnego nonsensu - pracuj\u0105 jak w\u00f3\u0142, zatrzymuj\u0105 si\u0119 na czasow\u0105 przerw\u0119, po czym od razu wracaj\u0105 do pracy i nie przestaj\u0105 a\u017c do jej zako\u0144czenia\".<\/em> - KK W via <a href=\"https:\/\/www.yelp.co.uk\/biz\/nippon-express-usa-el-segundo?hrid=ilixQzfFmyj3IAX32d0E-A&#038;utm_campaign=www_review_share_popup&#038;utm_medium=copy_link&#038;utm_source=(direct)\" target=\"_blank\" rel=\"noopener\">Yelp<\/a><\/li>\n<\/ul>\n<p><strong>Negatywny:<\/strong><\/p>\n<p><em>Nie znale\u017ali\u015bmy w Internecie \u017cadnych negatywnych opinii o Nippon Express.<\/em><\/p>\n<div itemprop=\"review\" itemscope itemtype=\"http:\/\/schema.org\/Review\">\n<span itemprop=\"author\" itemscope=\"\" itemtype=\"http:\/\/schema.org\/Organization\"><span itemprop=\"name\">MoverDB.com<\/span><\/span> Przegl\u0105d stron internetowych dla <span itemprop=\"itemreviewed\" itemscope=\"\" itemtype=\"http:\/\/schema.org\/Brand\"><span itemprop=\"name\">Nippon Express<\/span><\/span>:<\/p>\n<ol>\n<li> Przejrzyste dane kontaktowe na stronie internetowej (w tym numer telefonu): <strong>Tak<\/strong><\/li>\n<li> \u0141atwe do uzyskania <a href=\"https:\/\/moverdb.com\/pl\/cytaty\/\">oferty na przeprowadzki mi\u0119dzynarodowe<\/a>? (formularz wniosku o wycen\u0119 online): <strong>Tak<\/strong><\/li>\n<li> Przejrzyste informacje na stronie internetowej: <strong>Tak,<\/strong> Chocia\u017c ich strony internetowe s\u0105 nieco przestarza\u0142e, zawieraj\u0105 opisy wszystkich us\u0142ug.<\/li>\n<li> Cz\u0142onkostwo w uznanych mi\u0119dzynarodowych organizacjach zajmuj\u0105cych si\u0119 przemieszczaniem: <strong>Tak<\/strong>, (patrz wy\u017cej)<\/li>\n<li> Lista klient\u00f3w i\/lub referencje poprzednich klient\u00f3w. <strong>Nie,<\/strong> ale ciesz\u0105 si\u0119 bardzo dobr\u0105 opini\u0105 na podstawie recenzji w Internecie.<\/li>\n<\/ol>\n<div itemprop=\"reviewRating\" itemscope itemtype=\"http:\/\/schema.org\/Rating\"><meta itemprop=\"worstRating\" content = \"0\" \/><meta itemprop=\"bestRating\" content=\"5\" \/><meta itemprop=\"ratingValue\" content=\"4.5\"><\/div>\n<p><strong>Ocena og\u00f3lna: 4,5\/5<\/strong><br \/>\n<strong>Data przegl\u0105du:<\/strong> <span itemprop=\"datePublished\" content=\"2017-01-25\">25\/01\/2017<\/span>\n<\/div>\n<p>Czytaj wi\u0119cej o <a href=\"https:\/\/moverdb.com\/pl\/firmy-przeprowadzkowe\/\">firmy zajmuj\u0105ce si\u0119 przeprowadzkami mi\u0119dzynarodowymi<\/a>i nasze <a href=\"https:\/\/moverdb.com\/pl\/recenzje\/\">proces przegl\u0105du<\/a>.<\/p>\n<p><strong>Strony internetowe:<\/strong> Globalne: <a href=\"http:\/\/www.nipponexpress.com\/\" target=\"_blank\" rel=\"noopener\">http:\/\/www.nipponexpress.com\/<\/a>, USA: <a href=\"https:\/\/nipponexpressusa.com\/\" target=\"_blank\" rel=\"noopener\">https:\/\/nipponexpressusa.com\/<\/a> oraz <a href=\"https:\/\/moverdb.com\/pl\/moving-to-the-uk\/\" data-internallinksmanager029f6b8e52c=\"93\" title=\"Przeprowadzasz si\u0119 do Wielkiej Brytanii? 2026 Koszty \u017cycia i wskaz\u00f3wki dotycz\u0105ce przeprowadzki\">UK<\/a>: <a href=\"http:\/\/www.nipponexpress.co.uk\/\" target=\"_blank\" rel=\"noopener\">http:\/\/www.nipponexpress.co.uk\/<\/a><\/p>","protected":false},"excerpt":{"rendered":"<p>Nippon Express is based in Tokyo, Japan. It offers its clients a variety of moving services. These are listed below together with a company profile and reviews. International Moves Personal move manager Door to door service Assistance with customs and documentation Full packing service, fragile items only or do-it-yourself packing Disassembly and reassembly of furniture [&hellip;]<\/p>\n","protected":false},"author":1,"featured_media":0,"parent":0,"menu_order":0,"comment_status":"closed","ping_status":"closed","template":"","meta":{"_genesis_hide_title":false,"_genesis_hide_breadcrumbs":false,"_genesis_hide_singular_image":false,"_genesis_hide_footer_widgets":false,"_genesis_custom_body_class":"","_genesis_custom_post_class":"","_genesis_layout":"","footnotes":""},"class_list":{"0":"post-1590","1":"page","2":"type-page","3":"status-publish","5":"entry"},"_links":{"self":[{"href":"https:\/\/moverdb.com\/pl\/wp-json\/wp\/v2\/pages\/1590","targetHints":{"allow":["GET"]}}],"collection":[{"href":"https:\/\/moverdb.com\/pl\/wp-json\/wp\/v2\/pages"}],"about":[{"href":"https:\/\/moverdb.com\/pl\/wp-json\/wp\/v2\/types\/page"}],"author":[{"embeddable":true,"href":"https:\/\/moverdb.com\/pl\/wp-json\/wp\/v2\/users\/1"}],"replies":[{"embeddable":true,"href":"https:\/\/moverdb.com\/pl\/wp-json\/wp\/v2\/comments?post=1590"}],"version-history":[{"count":4,"href":"https:\/\/moverdb.com\/pl\/wp-json\/wp\/v2\/pages\/1590\/revisions"}],"predecessor-version":[{"id":6226,"href":"https:\/\/moverdb.com\/pl\/wp-json\/wp\/v2\/pages\/1590\/revisions\/6226"}],"wp:attachment":[{"href":"https:\/\/moverdb.com\/pl\/wp-json\/wp\/v2\/media?parent=1590"}],"curies":[{"name":"wp","href":"https:\/\/api.w.org\/{rel}","templated":true}]}}