{"id":1578,"date":"2017-04-21T14:09:10","date_gmt":"2017-04-21T14:09:10","guid":{"rendered":"http:\/\/moverdb.com\/?page_id=1578"},"modified":"2026-01-08T14:40:13","modified_gmt":"2026-01-08T14:40:13","slug":"mediterranean-shipping-company","status":"publish","type":"page","link":"https:\/\/moverdb.com\/pl\/mediterranean-shipping-company\/","title":{"rendered":"Mediterranean Shipping Company - Us\u0142ugi mi\u0119dzynarodowe i recenzje"},"content":{"rendered":"<p>\u015ar\u00f3dziemnomorski <a href=\"https:\/\/moverdb.com\/pl\/shipping-companies\/\" data-internallinksmanager029f6b8e52c=\"4\" title=\"10 najlepszych firm zajmuj\u0105cych si\u0119 mi\u0119dzynarodow\u0105 \u017ceglug\u0105 kontenerow\u0105\">Firma spedycyjna<\/a> (MSC) oferuje swoim klientom szeroki zakres us\u0142ug \u017ceglugowych i innych. Poni\u017cej przedstawiamy ich list\u0119 wraz z profilem firmy i opiniami.<\/p>\n<h3>Wysy\u0142ka mi\u0119dzynarodowa<\/h3>\n<p><strong>\u0141adunki suche<\/strong><\/p>\n<ul>\n<li> Standardowe kontenery sze\u015bcienne o wysoko\u015bci 20 st\u00f3p, 40 st\u00f3p lub 40 st\u00f3p<\/li>\n<li> \u0141adunki ponadgabarytowe i drobnicowe<\/li>\n<li> Cotygodniowe i regularne us\u0142ugi przewozowe do miejsc przeznaczenia na ca\u0142ym \u015bwiecie<\/li>\n<li> Odprawa celna i dokumentacja<\/li>\n<\/ul>\n<p><strong>\u0141adunki drobnicowe<\/strong><\/p>\n<ul>\n<li> Dostosowane do potrzeb kompleksowe rozwi\u0105zania transportowe<\/li>\n<li> Cotygodniowe i regularne us\u0142ugi przewozowe do miejsc przeznaczenia na ca\u0142ym \u015bwiecie<\/li>\n<li> Do\u015bwiadczenie w transporcie towar\u00f3w ch\u0142odzonych i mro\u017conych<\/li>\n<li> Kontrola przed jazd\u0105: <\/li>\n<li> Upewnij si\u0119, \u017ce pojemnik jest oczyszczony w celu usuni\u0119cia zanieczyszcze\u0144 i zapach\u00f3w.<\/li>\n<li> Sprawdza, czy wn\u0119trze pojemnika spe\u0142nia wymogi specyfikacji dla \u017cywno\u015bci.<\/li>\n<li> Sprawdza, czy maszyny dzia\u0142aj\u0105 zgodnie z normami przemys\u0142owymi.<\/li>\n<li> Upewnij si\u0119, \u017ce temperatura zbiornika zosta\u0142a obni\u017cona do odpowiedniego punktu.<\/li>\n<li> Odprawa celna i dokumentacja<\/li>\n<\/ul>\n<p><strong>Us\u0142ugi pozagabarytowe i prze\u0142adunkowe<\/strong><\/p>\n<ul>\n<li> Zesp\u00f3\u0142 ekspert\u00f3w ds. logistyki \u0142adunk\u00f3w projektowych<\/li>\n<li> Za\u0142adunek, mocowanie i zabezpieczenie \u0142adunku w miejscu pochodzenia. <a href=\"https:\/\/moverdb.com\/pl\/top-49-container-ports\/\" data-internallinksmanager029f6b8e52c=\"80\" title=\"49 najwi\u0119kszych i najbardziej ruchliwych port\u00f3w kontenerowych w 2025 r.\">port<\/a> lub pobliskiej zajezdni<\/li>\n<li> Zbieranie i dostarczanie przesy\u0142ek w g\u0142\u0105b l\u0105du przy u\u017cyciu r\u00f3\u017cnego rodzaju sprz\u0119tu<\/li>\n<li> Zorganizowanie powiadomie\u0144 policji\/transportu l\u0105dowego, je\u015bli jest to wymagane<\/li>\n<li> Urz\u0105dzenia sztauerskie, portowe urz\u0105dzenia mocuj\u0105ce i portowe urz\u0105dzenia magazynowe<\/li>\n<li> Sprz\u0119t specjalistyczny<\/li>\n<li> Konkurencyjne stawki<\/li>\n<li> Odprawa celna i dokumentacja<\/li>\n<\/ul>\n<p><strong>Transport intermodalny<\/strong><\/p>\n<ul>\n<li> Od drzwi do drzwi<\/li>\n<li> Od fabryki do konsumenta<\/li>\n<li> Kombinacja \u015brodk\u00f3w transportu dost\u0119pnych w celu wype\u0142nienia zobowi\u0105za\u0144 dostawy<\/li>\n<\/ul>\n<p><strong>Sk\u0142adowanie kontener\u00f3w i \u0142adunk\u00f3w<\/strong><\/p>\n<ul>\n<li> Globalna sie\u0107 oraz magazynowanie i przechowywanie<\/li>\n<li> Pomoc w tworzeniu sieci dystrybucji<\/li>\n<li> Kompleksowe us\u0142ugi i udogodnienia w zakresie kompletowania\/pakowania, rozformowywania\/paletyzowania oraz sk\u0142adowania w stosach zbiorczych<\/li>\n<\/ul>\n<p><strong>Cross Trading<\/strong><\/p>\n<ul>\n<li> Wysy\u0142ka z dowolnego miejsca pochodzenia do dowolnego miejsca przeznaczenia<\/li>\n<li> \u0141adunki suche<\/li>\n<li> \u0141adunki rewersyjne<\/li>\n<li> Poza zasi\u0119giem<\/li>\n<li> \u0141adunek szlachetny i niebezpieczny<\/li>\n<li> Post\u0119powanie z dokumentacj\u0105<\/li>\n<li> \u015aledzenie strony<\/li>\n<li> Odprawa celna<\/li>\n<\/ul>\n<p><strong>Przyczepy towarowe<\/strong><\/p>\n<ul>\n<li> Sztywny<\/li>\n<li> Flatbed<\/li>\n<li> Wywrotka<\/li>\n<li> Niska \u0142adowacz<\/li>\n<li> Przyczepa do podnoszenia kontener\u00f3w<\/li>\n<li> Przyczepa agregatu pr\u0105dotw\u00f3rczego<\/li>\n<\/ul>\n<p><strong>Wyposa\u017cenie kontenerowe<\/strong><\/p>\n<ul>\n<li> Kontenery 20ft \/ 40ft standardowe i high cube<\/li>\n<li> Kontenery otwarte 20ft \/ 40ft<\/li>\n<li> Kontenery reeferowe 20ft \/ 40ft i high cube<\/li>\n<li> P\u0142askie tory 20ft \/ 40ft<\/li>\n<li> Platformy 20ft \/ 40ft<\/li>\n<li> Kontenery otwarte 20ft \/ 40ft<\/li>\n<\/ul>\n<h2>\u017begluga \u015br\u00f3dziemnomorska (MSC)<\/h2>\n<p>Mediterranean Shipping Company jest prywatn\u0105 firm\u0105 o zasi\u0119gu globalnym. <a href=\"https:\/\/moverdb.com\/pl\/firmy-spedycyjne\/\">przedsi\u0119biorstwo spedycji mi\u0119dzynarodowej<\/a> kt\u00f3ra dzia\u0142a od ponad 40 lat. Zosta\u0142a za\u0142o\u017cona w Neapolu przez Gianluigiego Aponte i nadal jest prowadzona przez rodzin\u0119 Aponte. Jej globalna siedziba znajduje si\u0119 w <a href=\"https:\/\/moverdb.com\/pl\/moving-to-switzerland\/moving-to-geneva\/\" data-internallinksmanager029f6b8e52c=\"416\" title=\"Przeprowadzka do Genewy? Koszty utrzymania i porady dotycz\u0105ce przeprowadzki w 2023 roku\">Genewa<\/a> Posiada 480 biur w 150 krajach i zatrudnia ponad 60 000 os\u00f3b na ca\u0142ym \u015bwiecie.<\/p>\n<p>Flota MSC sk\u0142ada si\u0119 z 500 kontenerowc\u00f3w o pojemno\u015bci oko\u0142o 3,0 mln TEU. Ka\u017cdego roku firma zatrzymuje si\u0119 w 315 portach na ca\u0142ym \u015bwiecie, dostarczaj\u0105c \u0142adunki wszelkiego rodzaju.<\/p>\n<p>Mediterranean Shipping Company posiada nast\u0119puj\u0105ce akredytacje i przynale\u017cno\u015bci:<\/p>\n<ul>\n<li> Bezpiecze\u0144stwo \u017cycia na morzu (SOLAS)<\/li>\n<li> Mi\u0119dzynarodowe Stowarzyszenie Lotnictwa i \u017beglugi (IASA)<\/li>\n<li> <a href=\"https:\/\/moverdb.com\/pl\/miedzynarodowa-izba-przeladunkowa\/\">Mi\u0119dzynarodowa Izba \u017beglugi<\/a> (<a href=\"https:\/\/moverdb.com\/pl\/international-chamber-shipping\/\" data-internallinksmanager029f6b8e52c=\"78\" title=\"Wyja\u015bnienie dzia\u0142ania Mi\u0119dzynarodowej Izby \u017beglugi (ICS)\">ICS<\/a>)<\/li>\n<li> Federacja Krajowych Stowarzysze\u0144 Makler\u00f3w i Agent\u00f3w Okr\u0119towych (FONASBA)<\/li>\n<\/ul>\n<p><strong>Mediterranean Shipping Company Reviews<\/strong><\/p>\n<p><em>W chwili pisania tego tekstu nie znale\u017ali\u015bmy w Internecie \u017cadnych opinii na temat us\u0142ug przewozowych firmy Mediterranean Shipping Company.<\/em> <\/p>\n<div itemprop=\"review\" itemscope itemtype=\"http:\/\/schema.org\/Review\">\n<strong><span itemprop=\"author\" itemscope=\"\" itemtype=\"http:\/\/schema.org\/Organization\"><span itemprop=\"name\">MoverDB.com<\/span><\/span> Przegl\u0105d stron internetowych dla <span itemprop=\"itemreviewed\" itemscope=\"\" itemtype=\"http:\/\/schema.org\/Brand\"><span itemprop=\"name\">\u017begluga \u015br\u00f3dziemnomorska<\/span><\/span>:<\/strong><\/p>\n<ol>\n<li> Przejrzyste dane kontaktowe na stronie internetowej (w tym numer telefonu): <strong>Tak<\/strong><\/li>\n<li> \u0141atwe do uzyskania <a href=\"https:\/\/moverdb.com\/pl\/container-shipping\/\" data-internallinksmanager029f6b8e52c=\"3\" title=\"Wykres stawek mi\u0119dzynarodowego transportu kontenerowego: Maj 2026\">wysy\u0142ka mi\u0119dzynarodowa<\/a> oferty? (Formularz wniosku o wycen\u0119 online): <strong>Tak<\/strong><\/li>\n<li> Przejrzyste informacje na stronie internetowej: <strong>Tak,<\/strong> Na stronie internetowej mo\u017cna znale\u017a\u0107 wiele informacji o przesy\u0142kach mi\u0119dzynarodowych.<\/li>\n<li> Cz\u0142onkostwo w uznanych mi\u0119dzynarodowych organizacjach \u017ceglugowych: <strong>Tak<\/strong>.<\/li>\n<li> Lista klient\u00f3w i\/lub referencje poprzednich klient\u00f3w. <strong>Tak,<\/strong> Na swojej stronie internetowej maj\u0105 ograniczon\u0105 liczb\u0119 studi\u00f3w przypadku.<\/li>\n<\/ol>\n<div itemprop=\"reviewRating\" itemscope itemtype=\"http:\/\/schema.org\/Rating\"><meta itemprop=\"worstRating\" content = \"0\" \/><meta itemprop=\"bestRating\" content=\"5\" \/><meta itemprop=\"ratingValue\" content=\"5\"><\/div>\n<p><strong>Og\u00f3lna ocena: 5\/5<\/strong><br \/>\n<strong>Data przegl\u0105du:<\/strong> <span itemprop=\"datePublished\" content=\"2017-04-21\">21\/04\/2017<\/span>\n<\/div>\n<p>Wi\u0119cej na temat innych <a href=\"https:\/\/moverdb.com\/pl\/firmy-spedycyjne\/\">firmy zajmuj\u0105ce si\u0119 spedycj\u0105 mi\u0119dzynarodow\u0105<\/a>, <a href=\"https:\/\/moverdb.com\/pl\/przeladunek-w-kontenerach\/\">stawki za przew\u00f3z kontener\u00f3w<\/a> i nasze <a href=\"https:\/\/moverdb.com\/pl\/recenzje\/\">proces przegl\u0105du<\/a>.<\/p>\n<p><strong>Strona internetowa:<\/strong> <a href=\"https:\/\/www.msc.com\/\" target=\"_blank\" rel=\"noopener\">https:\/\/www.msc.com\/<\/a><\/p>","protected":false},"excerpt":{"rendered":"<p>Mediterranean Shipping Company (MSC) offers its customers a wide range of shipping and other services. These are listed below, together with a company profile and reviews. International Shipping Dry Cargo Standard 20ft, 40ft or 40ft high cube containers Oversized and breakbulk cargo Weekly and regular shipping services to global destinations Customs clearance and documentation Reefer [&hellip;]<\/p>\n","protected":false},"author":1,"featured_media":0,"parent":0,"menu_order":0,"comment_status":"closed","ping_status":"closed","template":"","meta":{"_genesis_hide_title":false,"_genesis_hide_breadcrumbs":false,"_genesis_hide_singular_image":false,"_genesis_hide_footer_widgets":false,"_genesis_custom_body_class":"","_genesis_custom_post_class":"","_genesis_layout":"","footnotes":""},"class_list":{"0":"post-1578","1":"page","2":"type-page","3":"status-publish","5":"entry"},"_links":{"self":[{"href":"https:\/\/moverdb.com\/pl\/wp-json\/wp\/v2\/pages\/1578","targetHints":{"allow":["GET"]}}],"collection":[{"href":"https:\/\/moverdb.com\/pl\/wp-json\/wp\/v2\/pages"}],"about":[{"href":"https:\/\/moverdb.com\/pl\/wp-json\/wp\/v2\/types\/page"}],"author":[{"embeddable":true,"href":"https:\/\/moverdb.com\/pl\/wp-json\/wp\/v2\/users\/1"}],"replies":[{"embeddable":true,"href":"https:\/\/moverdb.com\/pl\/wp-json\/wp\/v2\/comments?post=1578"}],"version-history":[{"count":6,"href":"https:\/\/moverdb.com\/pl\/wp-json\/wp\/v2\/pages\/1578\/revisions"}],"predecessor-version":[{"id":13177,"href":"https:\/\/moverdb.com\/pl\/wp-json\/wp\/v2\/pages\/1578\/revisions\/13177"}],"wp:attachment":[{"href":"https:\/\/moverdb.com\/pl\/wp-json\/wp\/v2\/media?parent=1578"}],"curies":[{"name":"wp","href":"https:\/\/api.w.org\/{rel}","templated":true}]}}